{"id":24845,"date":"2020-07-31T16:30:41","date_gmt":"2020-07-31T14:30:41","guid":{"rendered":"https:\/\/startercultures.eu\/datenschutzbestimmungen\/"},"modified":"2024-04-03T15:25:57","modified_gmt":"2024-04-03T13:25:57","slug":"datenschutzbestimmungen","status":"publish","type":"page","link":"https:\/\/startercultures.eu\/de\/datenschutzbestimmungen\/","title":{"rendered":"Datenschutzbestimmungen"},"content":{"rendered":"<p>Starterkulturen und Grundlagen der Fermentation finden Sie unter:<\/p>\n<p>Tussendek 70 Amsterdam<br \/>\n1034 TT , Die Niederlande<\/p>\n<p>Es ist die Politik von Startercultures and Fermentation Fundamentals, Ihre Privatsph\u00e4re in Bezug auf jegliche Informationen, die wir w\u00e4hrend des Betriebs unserer Website sammeln, zu respektieren. Diese Datenschutzrichtlinie gilt f\u00fcr <a href=\"http:\/\/www.startercultures.eu\/\">www.startercultures.eu<\/a> (im Folgenden &#8220;wir&#8221;, &#8220;wir&#8221; oder &#8220;www.startercultures.eu&#8221;). Wir verpflichten uns, die Privatsph\u00e4re unserer Nutzer und Besucher zu sch\u00fctzen und sicherzustellen, dass alle uns zur Verf\u00fcgung gestellten personenbezogenen Daten vertraulich behandelt werden.<\/p>\n<p>&nbsp;<\/p>\n<p>In dieser Datenschutzerkl\u00e4rung wird erl\u00e4utert, wie wir die Informationen, die wir von den Nutzern und Besuchern unserer Website und Online-Kurse sammeln, verwenden und weitergeben.<\/p>\n<p>&nbsp;<\/p>\n<p>Diese Datenschutzrichtlinie legt zusammen mit den auf unserer Website ver\u00f6ffentlichten Gesch\u00e4ftsbedingungen die allgemeinen Regeln und Richtlinien f\u00fcr Ihre Nutzung unserer Website fest. Je nach den Aktivit\u00e4ten, die Sie beim Besuch unserer Website ausf\u00fchren, kann es erforderlich sein, dass Sie zus\u00e4tzlichen Bedingungen zustimmen.<\/p>\n<h3>Gesammelte Informationen<\/h3>\n<p>Wie die meisten Website-Betreiber sammeln wir nicht-personenbezogene Daten, wie sie von Webbrowsern und Servern \u00fcblicherweise zur Verf\u00fcgung gestellt werden, z. B. den Browsertyp, die bevorzugte Sprache, die verweisende Website sowie das Datum und die Uhrzeit der jeweiligen Besucheranfrage. Wir sammeln nicht-personenbezogene Daten, um besser zu verstehen, wie unsere Besucher die Website nutzen. Von Zeit zu Zeit kann Startercultures.eu nicht-personenbezogene Informationen in zusammengefasster Form ver\u00f6ffentlichen, z.B. durch die Ver\u00f6ffentlichung eines Berichts \u00fcber Trends in der Nutzung seiner Website. Wir k\u00f6nnen auch pers\u00f6nliche Daten wie Ihren Namen, Ihre E-Mail-Adresse und Rechnungsdaten erfassen, wenn Sie unsere Online-Kurse oder andere Produkte kaufen.<\/p>\n<p>Wir sammeln auch potenziell pers\u00f6nlich identifizierende Informationen wie Internetprotokoll (IP)-Adressen f\u00fcr angemeldete Benutzer und f\u00fcr Benutzer, die Kommentare zu unseren Blogbeitr\u00e4gen hinterlassen. Wir geben die IP-Adressen der angemeldeten Benutzer und Kommentatoren nur unter denselben Umst\u00e4nden bekannt, unter denen wir die unten beschriebenen personenbezogenen Daten verwenden und offenlegen.<\/p>\n<h3>Erhebung personenbezogener Daten<\/h3>\n<p>Bestimmte Besucher unserer Websites interagieren mit uns auf eine Weise, die es erforderlich macht, dass wir pers\u00f6nlich identifizierende Informationen sammeln. Die Menge und Art der Informationen, die wir sammeln, h\u00e4ngt von der Art der Interaktion ab. So bitten wir beispielsweise Besucher, die sich bei http:\/\/www.startercultures.eu f\u00fcr einen Blog anmelden, einen Benutzernamen und eine E-Mail-Adresse anzugeben. Wir verwenden die von uns gesammelten Informationen, um unsere Website und Online-Kurse bereitzustellen und zu verbessern. Wir k\u00f6nnen Ihre E-Mail-Adresse verwenden, um Ihnen Informationen \u00fcber unsere Produkte und Dienstleistungen zukommen zu lassen oder um Ihre Anfragen zu beantworten. Wir k\u00f6nnen Ihre Rechnungsdaten verwenden, um Zahlungen f\u00fcr unsere Online-Kurse und Produkte abzuwickeln.<\/p>\n<h3>Offenlegung von Informationen<\/h3>\n<p>Wir werden Ihre personenbezogenen Daten nicht an Dritte weitergeben, es sei denn, dies ist gesetzlich vorgeschrieben oder um Zahlungen f\u00fcr unsere Online-Kurse und -Produkte abzuwickeln. Wir k\u00f6nnen nicht pers\u00f6nlich identifizierbare Informationen an Dritte weitergeben, um unsere Website und Online-Kurse zu verbessern oder das Nutzerverhalten zu analysieren.<\/p>\n<h3>Sicherheit<\/h3>\n<p>Die Sicherheit Ihrer pers\u00f6nlichen Daten ist uns wichtig, aber denken Sie daran, dass keine Methode der \u00dcbertragung \u00fcber das Internet oder der elektronischen Speicherung 100% sicher ist. Obwohl wir uns bem\u00fchen, kommerziell akzeptable Mittel zum Schutz Ihrer pers\u00f6nlichen Daten einzusetzen, k\u00f6nnen wir deren absolute Sicherheit nicht garantieren.<\/p>\n<h3>Cookies<\/h3>\n<p>Um Ihr Online-Erlebnis zu bereichern und zu perfektionieren, verwenden wir &#8220;Cookies&#8221;, \u00e4hnliche Technologien und Dienste, die von anderen bereitgestellt werden, um personalisierte Inhalte und geeignete Werbung anzuzeigen und Ihre Pr\u00e4ferenzen auf Ihrem Computer zu speichern.<\/p>\n<p>Ein Cookie ist eine Zeichenkette von Informationen, die eine Website auf dem Computer eines Besuchers speichert und die der Browser des Besuchers jedes Mal an die Website weitergibt, wenn der Besucher zur\u00fcckkehrt. Wir verwenden Cookies, um unsere Website zu identifizieren und Besucher, ihre Nutzung von http:\/\/www.startercultures.eu und ihre Zugriffspr\u00e4ferenzen auf die Website zu verfolgen. Startercultures.eu-Besucher, die nicht w\u00fcnschen, dass Cookies auf ihren Computern platziert werden, sollten ihren Browser so einstellen, dass er Cookies ablehnt, bevor sie unsere Websites nutzen, mit dem Nachteil, dass bestimmte Funktionen unserer Websites ohne die Hilfe von Cookies m\u00f6glicherweise nicht richtig funktionieren.<\/p>\n<p>Indem Sie auf unserer Website weiternavigieren, ohne Ihre Cookie-Einstellungen zu \u00e4ndern, erkl\u00e4ren Sie sich mit der Verwendung von Cookies durch uns einverstanden.<br \/>\n<a href=\"javascript:void(0)\" class=\"wt-cli-manage-consent-link\">Einwilligungspr\u00e4ferenzen<\/a><\/p>\n<h3>Inserate<\/h3>\n<p>Auf dieser Website werden auch Cookies von Dritten platziert. Dabei kann es sich um Werbetreibende und\/oder Unternehmen der sozialen Medien handeln.<\/p>\n<p>Wir verfolgen Ihr Verhalten auf unserer Website mit Google Analytics und einem Meta Pixel und sind an die Aufbewahrungsfristen von Google und Meta gebunden. Wir verwenden auch die Facebook Conversions API. Ihr Name, Ihre E-Mail-Adresse, Ihre Telefonnummer und Ihr Standort werden nicht \u00fcber Ihren Browser an Meta gesendet, sondern direkt von unserem Server. Wir tun dies, um die Wirkung unserer Anzeigen und Konversionen zu messen und um Anzeigen mit benutzerdefinierten Zielgruppen zu verbessern.<\/p>\n<h3>Links zu externen Seiten<\/h3>\n<p>Unser Service kann Links zu externen Websites enthalten, die nicht von uns betrieben werden. Wenn Sie auf einen Link eines Dritten klicken, werden Sie auf die Website dieses Dritten weitergeleitet. Wir raten Ihnen dringend, die Datenschutzrichtlinien und Gesch\u00e4ftsbedingungen jeder Website, die Sie besuchen, zu lesen.<\/p>\n<p>Wir haben keine Kontrolle \u00fcber und \u00fcbernehmen keine Verantwortung f\u00fcr die Inhalte, Datenschutzrichtlinien oder Praktiken von Websites, Produkten oder Dienstleistungen Dritter.<\/p>\n<h3>Recht auf L\u00f6schung von Daten<\/h3>\n<p>Gem\u00e4\u00df der Allgemeinen Datenschutzverordnung (GDPR) und anderen einschl\u00e4gigen Datenschutzgesetzen haben Sie das Recht, die L\u00f6schung Ihrer personenbezogenen Daten aus unseren Systemen zu verlangen. Dieses Recht ist auch als &#8220;Recht auf Vergessenwerden&#8221; bekannt.<\/p>\n<p>Antrag auf L\u00f6schung von Daten einreichen<\/p>\n<p>Wenn Sie Ihr Recht auf Datenl\u00f6schung aus\u00fcben m\u00f6chten, gehen Sie bitte wie folgt vor:<br \/>\n&#8211; Senden Sie eine E-Mail an unseren Datenschutzbeauftragten (DSB) unter info[at]startercultures.eu mit dem Betreff &#8220;Antrag auf L\u00f6schung von Daten&#8221;.<br \/>\n&#8211; Geben Sie in Ihrer E-Mail Ihren vollst\u00e4ndigen Namen, Ihre Kontaktinformationen und alle relevanten Details an, die uns helfen, Ihre Daten in unseren Systemen zu finden.<br \/>\n&#8211; Geben Sie Ihren Antrag auf L\u00f6schung von Daten und die Gr\u00fcnde f\u00fcr Ihren Antrag klar und deutlich an.<\/p>\n<p>\u00dcberpr\u00fcfung der Identit\u00e4t<\/p>\n<p>Um die Sicherheit Ihrer personenbezogenen Daten zu gew\u00e4hrleisten und unbefugte Zugriffe oder L\u00f6schungsantr\u00e4ge zu verhindern, k\u00f6nnen wir Sie auffordern, Ihre Identit\u00e4t zu \u00fcberpr\u00fcfen, bevor wir Ihre Anfrage bearbeiten. Dazu kann es erforderlich sein, zus\u00e4tzliche Informationen oder Unterlagen zur Best\u00e4tigung Ihrer Identit\u00e4t vorzulegen.<\/p>\n<p>Bearbeitung von Antr\u00e4gen auf L\u00f6schung von Daten<\/p>\n<p>Nach Erhalt eines g\u00fcltigen Antrags auf Datenl\u00f6schung und der Best\u00e4tigung Ihrer Identit\u00e4t werden wir die folgenden Schritte unternehmen:<br \/>\n&#8211; Pr\u00fcfen Sie den Antrag, um festzustellen, ob er den rechtlichen Anforderungen f\u00fcr die Datenl\u00f6schung entspricht.<br \/>\n&#8211; Auffinden und Identifizieren der mit Ihrer Anfrage verbundenen personenbezogenen Daten.<br \/>\n&#8211; Ihre personenbezogenen Daten dauerhaft und sicher aus unseren Systemen zu entfernen, es sei denn, es gibt rechtliche Gr\u00fcnde, die uns zur Aufbewahrung bestimmter Daten berechtigen.<\/p>\n<p>Mitteilung der Datenl\u00f6schung<\/p>\n<p>Wir werden Sie informieren, sobald Ihr Antrag auf L\u00f6schung der Daten bearbeitet wurde. Bitte beachten Sie, dass bestimmte Restdaten f\u00fcr einen begrenzten Zeitraum in Sicherungskopien oder Archiven verbleiben k\u00f6nnen, wie es unsere Datenaufbewahrungsrichtlinien oder gesetzliche Verpflichtungen erfordern.<\/p>\n<p>Dritte Datenverarbeiter<\/p>\n<p>Wenn Ihre personenbezogenen Daten zur Verarbeitung an dritte Dienstleister (z. B. Zahlungsdienstleister) weitergegeben wurden, werden wir diese \u00fcber Ihren Antrag auf L\u00f6schung der Daten informieren, es sei denn, dies ist unm\u00f6glich oder mit unverh\u00e4ltnism\u00e4\u00dfigem Aufwand verbunden.<\/p>\n<p>Ablehnung der L\u00f6schung von Daten<\/p>\n<p>In bestimmten F\u00e4llen k\u00f6nnen wir uns weigern, Ihrem Antrag auf L\u00f6schung der Daten stattzugeben, wenn die Aufbewahrung Ihrer Daten f\u00fcr die Erf\u00fcllung einer rechtlichen Verpflichtung, die Begr\u00fcndung, Aus\u00fcbung oder Verteidigung von Rechtsanspr\u00fcchen oder f\u00fcr andere rechtm\u00e4\u00dfige Zwecke erforderlich ist.<\/p>\n<h3>Anwendbarkeit in allen EU-Mitgliedstaaten<\/h3>\n<p>Erfassungsbereich und Konsistenz<\/p>\n<p>Unsere Datenschutzrichtlinien sind so gestaltet, dass sie die Grunds\u00e4tze und Anforderungen der Allgemeinen Datenschutzverordnung (GDPR) und anderer relevanter Datenschutzgesetze in der EU einhalten. Unabh\u00e4ngig davon, wo Sie sich in der EU befinden, k\u00f6nnen Sie darauf vertrauen, dass unsere Richtlinien und Verfahren zum Schutz Ihrer personenbezogenen Daten konsequent angewendet werden.<\/p>\n<p>Harmonisierung des Datenschutzes<\/p>\n<p>Die EU hat einen harmonisierten Rahmen f\u00fcr den Datenschutz in allen Mitgliedsstaaten geschaffen. Das bedeutet, dass unsere Datenschutzpolitik nach diesen einheitlichen Standards entwickelt wurde, um ein hohes Datenschutzniveau zu gew\u00e4hrleisten, unabh\u00e4ngig von dem Land, in dem Sie sich befinden.<\/p>\n<p>Grenz\u00fcberschreitende Daten\u00fcbertragungen<\/p>\n<p>In \u00dcbereinstimmung mit der Datenschutz-Grundverordnung (GDPR) und anderen geltenden Vorschriften halten wir die Grunds\u00e4tze der grenz\u00fcberschreitenden Daten\u00fcbermittlung innerhalb der EU ein. Wenn Ihre personenbezogenen Daten f\u00fcr Zwecke der Auftragsabwicklung oder des Kundensupports in andere EU-Mitgliedstaaten \u00fcbermittelt werden, k\u00f6nnen Sie sicher sein, dass das gleiche Datenschutzniveau gew\u00e4hrleistet ist.<\/p>\n<p>Gleiche Rechte f\u00fcr alle EU-B\u00fcrger<\/p>\n<p>Jede Person mit Wohnsitz in der EU hat die gleichen Rechte und den gleichen Schutz im Rahmen unserer Datenschutzrichtlinie, unabh\u00e4ngig von dem Land, in dem sie ans\u00e4ssig ist. Zu diesen Rechten geh\u00f6ren u. a. das Recht auf Zugang, Berichtigung und L\u00f6schung personenbezogener Daten, das Recht, der Verarbeitung zu widersprechen, und das Recht auf Daten\u00fcbertragbarkeit.<\/p>\n<p>Konsequente Transparenz und Rechenschaftspflicht<\/p>\n<p>Unser Engagement f\u00fcr Transparenz und Rechenschaftspflicht erstreckt sich auf alle EU-L\u00e4nder. Wir stellen sicher, dass unsere Datenschutzpraktiken, wie z. B. die Erhebung, Verarbeitung und Weitergabe von Daten, allen Nutzern in der EU klar mitgeteilt werden.<\/p>\n<p>Aktualisierungen und Einhaltung der Vorschriften<\/p>\n<p>Da sich die Datenschutzgesetze und -vorschriften st\u00e4ndig weiterentwickeln, sind wir bestrebt, unsere Datenschutzrichtlinien stets auf dem neuesten Stand zu halten und mit den neuesten gesetzlichen Anforderungen in Einklang zu bringen. Dadurch wird sichergestellt, dass Ihre Datenschutzrechte und -ma\u00dfnahmen unabh\u00e4ngig davon, wo Sie sich innerhalb der EU befinden, aktuell und wirksam bleiben.<\/p>\n<p>&nbsp;<\/p>\n<h3>\u00c4nderungen der Datenschutzrichtlinie<\/h3>\n<p>Wir k\u00f6nnen diese Datenschutzrichtlinie von Zeit zu Zeit aktualisieren. Alle \u00c4nderungen werden auf dieser Seite bekannt gegeben, und wir empfehlen Ihnen, diese Seite regelm\u00e4\u00dfig zu besuchen. Wenn Sie unsere Website und Online-Kurse nach einer \u00c4nderung dieser Datenschutzrichtlinie weiterhin nutzen, erkl\u00e4ren Sie sich mit der aktualisierten Richtlinie einverstanden.<\/p>\n<h3>Kontakt<\/h3>\n<p>Wenn Sie Fragen oder Bedenken bez\u00fcglich unserer Datenschutzrichtlinie haben, kontaktieren Sie uns bitte unter info@startercultures.eu.<\/p>\n<p>&nbsp;<\/p>\n","protected":false},"excerpt":{"rendered":"<p>Starterkulturen und Grundlagen der Fermentation finden Sie unter: Tussendek 70  [&#8230;]<\/p>\n","protected":false},"author":1,"featured_media":0,"parent":0,"menu_order":0,"comment_status":"closed","ping_status":"closed","template":"","meta":{"_acf_changed":false,"footnotes":""},"class_list":["post-24845","page","type-page","status-publish","hentry"],"acf":[],"yoast_head":"<!-- This site is optimized with the Yoast SEO plugin v26.6 - https:\/\/yoast.com\/wordpress\/plugins\/seo\/ -->\n<title>Datenschutzbestimmungen - Startercultures.eu<\/title>\n<meta name=\"robots\" content=\"index, follow, max-snippet:-1, max-image-preview:large, max-video-preview:-1\" \/>\n<link rel=\"canonical\" href=\"https:\/\/startercultures.eu\/de\/datenschutzbestimmungen\/\" \/>\n<meta property=\"og:locale\" content=\"de_DE\" \/>\n<meta property=\"og:type\" content=\"article\" \/>\n<meta property=\"og:title\" content=\"Datenschutzbestimmungen - Startercultures.eu\" \/>\n<meta property=\"og:description\" content=\"Starterkulturen und Grundlagen der Fermentation finden Sie unter: Tussendek 70 [...]\" \/>\n<meta property=\"og:url\" content=\"https:\/\/startercultures.eu\/de\/datenschutzbestimmungen\/\" \/>\n<meta property=\"og:site_name\" content=\"Startercultures.eu\" \/>\n<meta property=\"article:publisher\" content=\"https:\/\/www.facebook.com\/startercultureseu\" \/>\n<meta property=\"article:modified_time\" content=\"2024-04-03T13:25:57+00:00\" \/>\n<meta name=\"twitter:card\" content=\"summary_large_image\" \/>\n<meta name=\"twitter:label1\" content=\"Est. reading time\" \/>\n\t<meta name=\"twitter:data1\" content=\"8 minutes\" \/>\n<script type=\"application\/ld+json\" class=\"yoast-schema-graph\">{\"@context\":\"https:\/\/schema.org\",\"@graph\":[{\"@type\":\"WebPage\",\"@id\":\"https:\/\/startercultures.eu\/de\/datenschutzbestimmungen\/\",\"url\":\"https:\/\/startercultures.eu\/de\/datenschutzbestimmungen\/\",\"name\":\"Datenschutzbestimmungen - Startercultures.eu\",\"isPartOf\":{\"@id\":\"https:\/\/startercultures.eu\/de\/#website\"},\"datePublished\":\"2020-07-31T14:30:41+00:00\",\"dateModified\":\"2024-04-03T13:25:57+00:00\",\"breadcrumb\":{\"@id\":\"https:\/\/startercultures.eu\/de\/datenschutzbestimmungen\/#breadcrumb\"},\"inLanguage\":\"de-DE\",\"potentialAction\":[{\"@type\":\"ReadAction\",\"target\":[\"https:\/\/startercultures.eu\/de\/datenschutzbestimmungen\/\"]}]},{\"@type\":\"BreadcrumbList\",\"@id\":\"https:\/\/startercultures.eu\/de\/datenschutzbestimmungen\/#breadcrumb\",\"itemListElement\":[{\"@type\":\"ListItem\",\"position\":1,\"name\":\"Home\",\"item\":\"https:\/\/startercultures.eu\/de\/\"},{\"@type\":\"ListItem\",\"position\":2,\"name\":\"Datenschutzbestimmungen\"}]},{\"@type\":\"WebSite\",\"@id\":\"https:\/\/startercultures.eu\/de\/#website\",\"url\":\"https:\/\/startercultures.eu\/de\/\",\"name\":\"Startercultures.eu\",\"description\":\"Startercultures.eu\",\"publisher\":{\"@id\":\"https:\/\/startercultures.eu\/de\/#organization\"},\"potentialAction\":[{\"@type\":\"SearchAction\",\"target\":{\"@type\":\"EntryPoint\",\"urlTemplate\":\"https:\/\/startercultures.eu\/de\/?s={search_term_string}\"},\"query-input\":{\"@type\":\"PropertyValueSpecification\",\"valueRequired\":true,\"valueName\":\"search_term_string\"}}],\"inLanguage\":\"de-DE\"},{\"@type\":\"Organization\",\"@id\":\"https:\/\/startercultures.eu\/de\/#organization\",\"name\":\"Startercultures.eu\",\"url\":\"https:\/\/startercultures.eu\/de\/\",\"logo\":{\"@type\":\"ImageObject\",\"inLanguage\":\"de-DE\",\"@id\":\"https:\/\/startercultures.eu\/de\/#\/schema\/logo\/image\/\",\"url\":\"https:\/\/startercultures.eu\/wp-content\/uploads\/2020\/08\/startercultures-eu-nl-logo-rond-rgb.png\",\"contentUrl\":\"https:\/\/startercultures.eu\/wp-content\/uploads\/2020\/08\/startercultures-eu-nl-logo-rond-rgb.png\",\"width\":320,\"height\":320,\"caption\":\"Startercultures.eu\"},\"image\":{\"@id\":\"https:\/\/startercultures.eu\/de\/#\/schema\/logo\/image\/\"},\"sameAs\":[\"https:\/\/www.facebook.com\/startercultureseu\",\"https:\/\/www.instagram.com\/startercultures.eu\/\"],\"hasMerchantReturnPolicy\":{\"@type\":\"MerchantReturnPolicy\",\"merchantReturnLink\":\"https:\/\/startercultures.eu\/return-policy\/\"}}]}<\/script>\n<!-- \/ Yoast SEO plugin. -->","yoast_head_json":{"title":"Datenschutzbestimmungen - Startercultures.eu","robots":{"index":"index","follow":"follow","max-snippet":"max-snippet:-1","max-image-preview":"max-image-preview:large","max-video-preview":"max-video-preview:-1"},"canonical":"https:\/\/startercultures.eu\/de\/datenschutzbestimmungen\/","og_locale":"de_DE","og_type":"article","og_title":"Datenschutzbestimmungen - Startercultures.eu","og_description":"Starterkulturen und Grundlagen der Fermentation finden Sie unter: Tussendek 70 [...]","og_url":"https:\/\/startercultures.eu\/de\/datenschutzbestimmungen\/","og_site_name":"Startercultures.eu","article_publisher":"https:\/\/www.facebook.com\/startercultureseu","article_modified_time":"2024-04-03T13:25:57+00:00","twitter_card":"summary_large_image","twitter_misc":{"Est. reading time":"8 minutes"},"schema":{"@context":"https:\/\/schema.org","@graph":[{"@type":"WebPage","@id":"https:\/\/startercultures.eu\/de\/datenschutzbestimmungen\/","url":"https:\/\/startercultures.eu\/de\/datenschutzbestimmungen\/","name":"Datenschutzbestimmungen - Startercultures.eu","isPartOf":{"@id":"https:\/\/startercultures.eu\/de\/#website"},"datePublished":"2020-07-31T14:30:41+00:00","dateModified":"2024-04-03T13:25:57+00:00","breadcrumb":{"@id":"https:\/\/startercultures.eu\/de\/datenschutzbestimmungen\/#breadcrumb"},"inLanguage":"de-DE","potentialAction":[{"@type":"ReadAction","target":["https:\/\/startercultures.eu\/de\/datenschutzbestimmungen\/"]}]},{"@type":"BreadcrumbList","@id":"https:\/\/startercultures.eu\/de\/datenschutzbestimmungen\/#breadcrumb","itemListElement":[{"@type":"ListItem","position":1,"name":"Home","item":"https:\/\/startercultures.eu\/de\/"},{"@type":"ListItem","position":2,"name":"Datenschutzbestimmungen"}]},{"@type":"WebSite","@id":"https:\/\/startercultures.eu\/de\/#website","url":"https:\/\/startercultures.eu\/de\/","name":"Startercultures.eu","description":"Startercultures.eu","publisher":{"@id":"https:\/\/startercultures.eu\/de\/#organization"},"potentialAction":[{"@type":"SearchAction","target":{"@type":"EntryPoint","urlTemplate":"https:\/\/startercultures.eu\/de\/?s={search_term_string}"},"query-input":{"@type":"PropertyValueSpecification","valueRequired":true,"valueName":"search_term_string"}}],"inLanguage":"de-DE"},{"@type":"Organization","@id":"https:\/\/startercultures.eu\/de\/#organization","name":"Startercultures.eu","url":"https:\/\/startercultures.eu\/de\/","logo":{"@type":"ImageObject","inLanguage":"de-DE","@id":"https:\/\/startercultures.eu\/de\/#\/schema\/logo\/image\/","url":"https:\/\/startercultures.eu\/wp-content\/uploads\/2020\/08\/startercultures-eu-nl-logo-rond-rgb.png","contentUrl":"https:\/\/startercultures.eu\/wp-content\/uploads\/2020\/08\/startercultures-eu-nl-logo-rond-rgb.png","width":320,"height":320,"caption":"Startercultures.eu"},"image":{"@id":"https:\/\/startercultures.eu\/de\/#\/schema\/logo\/image\/"},"sameAs":["https:\/\/www.facebook.com\/startercultureseu","https:\/\/www.instagram.com\/startercultures.eu\/"],"hasMerchantReturnPolicy":{"@type":"MerchantReturnPolicy","merchantReturnLink":"https:\/\/startercultures.eu\/return-policy\/"}}]}},"_links":{"self":[{"href":"https:\/\/startercultures.eu\/de\/wp-json\/wp\/v2\/pages\/24845","targetHints":{"allow":["GET"]}}],"collection":[{"href":"https:\/\/startercultures.eu\/de\/wp-json\/wp\/v2\/pages"}],"about":[{"href":"https:\/\/startercultures.eu\/de\/wp-json\/wp\/v2\/types\/page"}],"author":[{"embeddable":true,"href":"https:\/\/startercultures.eu\/de\/wp-json\/wp\/v2\/users\/1"}],"replies":[{"embeddable":true,"href":"https:\/\/startercultures.eu\/de\/wp-json\/wp\/v2\/comments?post=24845"}],"version-history":[{"count":2,"href":"https:\/\/startercultures.eu\/de\/wp-json\/wp\/v2\/pages\/24845\/revisions"}],"predecessor-version":[{"id":58599,"href":"https:\/\/startercultures.eu\/de\/wp-json\/wp\/v2\/pages\/24845\/revisions\/58599"}],"wp:attachment":[{"href":"https:\/\/startercultures.eu\/de\/wp-json\/wp\/v2\/media?parent=24845"}],"curies":[{"name":"wp","href":"https:\/\/api.w.org\/{rel}","templated":true}]}}