{"id":24852,"date":"2022-05-08T07:28:23","date_gmt":"2022-05-08T05:28:23","guid":{"rendered":"https:\/\/startercultures.eu\/ueber-startercultures-eu\/"},"modified":"2022-09-18T11:34:32","modified_gmt":"2022-09-18T09:34:32","slug":"ueber-startercultures-eu","status":"publish","type":"page","link":"https:\/\/startercultures.eu\/de\/ueber-startercultures-eu\/","title":{"rendered":"\u00dcber startercultures.eu"},"content":{"rendered":"&#13;\n<p>Startercultures.eu wurde Anfang 2018 von dem niederl\u00e4ndischen Food-Autor<a href=\"https:\/\/www.wateetons.com\/\" target=\"_blank\" rel=\"noreferrer noopener\">&#8216;Meneer Wateetons<\/a>&#8216; (Pseudonym) gegr\u00fcndet. Er hat diesen Webshop als Service f\u00fcr die Leser <a href=\"https:\/\/www.bol.com\/nl\/s\/algemeen\/zoekresultaten\/Ntt\/wateetons\/N\/0\/Nty\/1\/search\/true\/searchType\/qck\/defaultSearchContext\/media_all\/sc\/media_all\/index.html\">seiner B\u00fccher <\/a>zu Themen wie Fermentation, Wurst- und Charcuterieherstellung eingerichtet. Was als reiner niederl\u00e4ndischer Webshop mit etwa 15 Produkten begann, ist heute ein internationaler Shop, der fast 200 verschiedene Produkte f\u00fcr Liebhaber der Heimg\u00e4rung in alle L\u00e4nder Europas versendet.<\/p>&#13;\n&#13;\n<h3 class=\"wp-block-heading\"><strong>Wo befindet sich startercultures.eu?<\/strong><\/h3>&#13;\n&#13;\n<p>Startercultures.eu hat seinen Sitz in Amsterdam, Niederlande. Lagerung, Kommissionierung und Versand erfolgen in Westzaan, Niederlande.<\/p>&#13;\n&#13;\n<h3 class=\"wp-block-heading\">Kundenbetreuung<\/h3>&#13;\n&#13;\n<p>Fermentation ist nicht immer einfach. In der Tat kann die Arbeit mit unsichtbaren Mikroben ziemlich schwierig sein. Gl\u00fccklicherweise verkaufen wir nicht nur Starterkulturen und andere Inhaltsstoffe, sondern verwenden sie auch selbst und wissen &#8211; nachdem wir ausf\u00fchrlich \u00fcber sie publiziert haben &#8211; eine ganze Menge \u00fcber ihre Verwendung und ihre T\u00fccken.<\/p>&#13;\n&#13;\n<p>Wir verstehen also, dass Sie Fragen haben, und die Kundenbetreuung ist uns wichtig. Nutzen Sie unsere Chat-Funktion, um alle Ihre Fragen zu stellen. Wenn wir nicht sofort antworten (wir sind ein kleines Team), werden wir uns per E-Mail bei Ihnen melden. Wir sprechen Englisch und Niederl\u00e4ndisch.<\/p>&#13;\n&#13;\n<h3 class=\"wp-block-heading\">Treffen Sie das Team<\/h3>&#13;\n&#13;\n<p>Startercultures.eu besteht aus einem kleinen engagierten Team:<\/p>&#13;\n&#13;\n<p>Meneer Wateetons &#8211; Gr\u00fcnder und Leiter der G\u00e4rungsabteilung<\/p>&#13;\n&#13;\n<p>Joost Roelin &#8211; Kundenbetreuung<\/p>&#13;\n&#13;\n<p>Arianne Streefkerk &#8211; Werbung und Verkauf<\/p>&#13;\n&#13;\n<h3 class=\"wp-block-heading\">Kontakt<\/h3>&#13;\n&#13;\n<p>Benutzen Sie das <a href=\"https:\/\/startercultures.eu\/de\/kontakt\/\">Formular hier <\/a>oder die Chatfunktion in der linken unteren Ecke Ihres Bildschirms.<\/p>&#13;\n","protected":false},"excerpt":{"rendered":"<p>&#13; Startercultures.eu wurde Anfang 2018 von dem niederl\u00e4ndischen Food-Autor&#8216;Meneer Wateetons&#8216;  [&#8230;]<\/p>\n","protected":false},"author":1,"featured_media":0,"parent":0,"menu_order":0,"comment_status":"closed","ping_status":"closed","template":"","meta":{"_acf_changed":false,"footnotes":""},"class_list":["post-24852","page","type-page","status-publish","hentry"],"acf":[],"yoast_head":"<!-- This site is optimized with the Yoast SEO plugin v26.6 - https:\/\/yoast.com\/wordpress\/plugins\/seo\/ -->\n<title>\u00dcber startercultures.eu - Startercultures.eu<\/title>\n<meta name=\"robots\" content=\"index, follow, max-snippet:-1, max-image-preview:large, max-video-preview:-1\" \/>\n<link rel=\"canonical\" href=\"https:\/\/startercultures.eu\/de\/ueber-startercultures-eu\/\" \/>\n<meta property=\"og:locale\" content=\"de_DE\" \/>\n<meta property=\"og:type\" content=\"article\" \/>\n<meta property=\"og:title\" content=\"\u00dcber startercultures.eu - Startercultures.eu\" \/>\n<meta property=\"og:description\" content=\"&#013; Startercultures.eu wurde Anfang 2018 von dem niederl\u00e4ndischen Food-Autor&#8216;Meneer Wateetons&#8216; [...]\" \/>\n<meta property=\"og:url\" content=\"https:\/\/startercultures.eu\/de\/ueber-startercultures-eu\/\" \/>\n<meta property=\"og:site_name\" content=\"Startercultures.eu\" \/>\n<meta property=\"article:publisher\" content=\"https:\/\/www.facebook.com\/startercultureseu\" \/>\n<meta property=\"article:modified_time\" content=\"2022-09-18T09:34:32+00:00\" \/>\n<meta name=\"twitter:card\" content=\"summary_large_image\" \/>\n<meta name=\"twitter:label1\" content=\"Est. reading time\" \/>\n\t<meta name=\"twitter:data1\" content=\"1 minute\" \/>\n<script type=\"application\/ld+json\" class=\"yoast-schema-graph\">{\"@context\":\"https:\/\/schema.org\",\"@graph\":[{\"@type\":\"WebPage\",\"@id\":\"https:\/\/startercultures.eu\/de\/ueber-startercultures-eu\/\",\"url\":\"https:\/\/startercultures.eu\/de\/ueber-startercultures-eu\/\",\"name\":\"\u00dcber startercultures.eu - Startercultures.eu\",\"isPartOf\":{\"@id\":\"https:\/\/startercultures.eu\/de\/#website\"},\"datePublished\":\"2022-05-08T05:28:23+00:00\",\"dateModified\":\"2022-09-18T09:34:32+00:00\",\"breadcrumb\":{\"@id\":\"https:\/\/startercultures.eu\/de\/ueber-startercultures-eu\/#breadcrumb\"},\"inLanguage\":\"de-DE\",\"potentialAction\":[{\"@type\":\"ReadAction\",\"target\":[\"https:\/\/startercultures.eu\/de\/ueber-startercultures-eu\/\"]}]},{\"@type\":\"BreadcrumbList\",\"@id\":\"https:\/\/startercultures.eu\/de\/ueber-startercultures-eu\/#breadcrumb\",\"itemListElement\":[{\"@type\":\"ListItem\",\"position\":1,\"name\":\"Home\",\"item\":\"https:\/\/startercultures.eu\/de\/\"},{\"@type\":\"ListItem\",\"position\":2,\"name\":\"\u00dcber startercultures.eu\"}]},{\"@type\":\"WebSite\",\"@id\":\"https:\/\/startercultures.eu\/de\/#website\",\"url\":\"https:\/\/startercultures.eu\/de\/\",\"name\":\"Startercultures.eu\",\"description\":\"Startercultures.eu\",\"publisher\":{\"@id\":\"https:\/\/startercultures.eu\/de\/#organization\"},\"potentialAction\":[{\"@type\":\"SearchAction\",\"target\":{\"@type\":\"EntryPoint\",\"urlTemplate\":\"https:\/\/startercultures.eu\/de\/?s={search_term_string}\"},\"query-input\":{\"@type\":\"PropertyValueSpecification\",\"valueRequired\":true,\"valueName\":\"search_term_string\"}}],\"inLanguage\":\"de-DE\"},{\"@type\":\"Organization\",\"@id\":\"https:\/\/startercultures.eu\/de\/#organization\",\"name\":\"Startercultures.eu\",\"url\":\"https:\/\/startercultures.eu\/de\/\",\"logo\":{\"@type\":\"ImageObject\",\"inLanguage\":\"de-DE\",\"@id\":\"https:\/\/startercultures.eu\/de\/#\/schema\/logo\/image\/\",\"url\":\"https:\/\/startercultures.eu\/wp-content\/uploads\/2020\/08\/startercultures-eu-nl-logo-rond-rgb.png\",\"contentUrl\":\"https:\/\/startercultures.eu\/wp-content\/uploads\/2020\/08\/startercultures-eu-nl-logo-rond-rgb.png\",\"width\":320,\"height\":320,\"caption\":\"Startercultures.eu\"},\"image\":{\"@id\":\"https:\/\/startercultures.eu\/de\/#\/schema\/logo\/image\/\"},\"sameAs\":[\"https:\/\/www.facebook.com\/startercultureseu\",\"https:\/\/www.instagram.com\/startercultures.eu\/\"]}]}<\/script>\n<!-- \/ Yoast SEO plugin. -->","yoast_head_json":{"title":"\u00dcber startercultures.eu - Startercultures.eu","robots":{"index":"index","follow":"follow","max-snippet":"max-snippet:-1","max-image-preview":"max-image-preview:large","max-video-preview":"max-video-preview:-1"},"canonical":"https:\/\/startercultures.eu\/de\/ueber-startercultures-eu\/","og_locale":"de_DE","og_type":"article","og_title":"\u00dcber startercultures.eu - Startercultures.eu","og_description":"&#13; Startercultures.eu wurde Anfang 2018 von dem niederl\u00e4ndischen Food-Autor&#8216;Meneer Wateetons&#8216; [...]","og_url":"https:\/\/startercultures.eu\/de\/ueber-startercultures-eu\/","og_site_name":"Startercultures.eu","article_publisher":"https:\/\/www.facebook.com\/startercultureseu","article_modified_time":"2022-09-18T09:34:32+00:00","twitter_card":"summary_large_image","twitter_misc":{"Est. reading time":"1 minute"},"schema":{"@context":"https:\/\/schema.org","@graph":[{"@type":"WebPage","@id":"https:\/\/startercultures.eu\/de\/ueber-startercultures-eu\/","url":"https:\/\/startercultures.eu\/de\/ueber-startercultures-eu\/","name":"\u00dcber startercultures.eu - Startercultures.eu","isPartOf":{"@id":"https:\/\/startercultures.eu\/de\/#website"},"datePublished":"2022-05-08T05:28:23+00:00","dateModified":"2022-09-18T09:34:32+00:00","breadcrumb":{"@id":"https:\/\/startercultures.eu\/de\/ueber-startercultures-eu\/#breadcrumb"},"inLanguage":"de-DE","potentialAction":[{"@type":"ReadAction","target":["https:\/\/startercultures.eu\/de\/ueber-startercultures-eu\/"]}]},{"@type":"BreadcrumbList","@id":"https:\/\/startercultures.eu\/de\/ueber-startercultures-eu\/#breadcrumb","itemListElement":[{"@type":"ListItem","position":1,"name":"Home","item":"https:\/\/startercultures.eu\/de\/"},{"@type":"ListItem","position":2,"name":"\u00dcber startercultures.eu"}]},{"@type":"WebSite","@id":"https:\/\/startercultures.eu\/de\/#website","url":"https:\/\/startercultures.eu\/de\/","name":"Startercultures.eu","description":"Startercultures.eu","publisher":{"@id":"https:\/\/startercultures.eu\/de\/#organization"},"potentialAction":[{"@type":"SearchAction","target":{"@type":"EntryPoint","urlTemplate":"https:\/\/startercultures.eu\/de\/?s={search_term_string}"},"query-input":{"@type":"PropertyValueSpecification","valueRequired":true,"valueName":"search_term_string"}}],"inLanguage":"de-DE"},{"@type":"Organization","@id":"https:\/\/startercultures.eu\/de\/#organization","name":"Startercultures.eu","url":"https:\/\/startercultures.eu\/de\/","logo":{"@type":"ImageObject","inLanguage":"de-DE","@id":"https:\/\/startercultures.eu\/de\/#\/schema\/logo\/image\/","url":"https:\/\/startercultures.eu\/wp-content\/uploads\/2020\/08\/startercultures-eu-nl-logo-rond-rgb.png","contentUrl":"https:\/\/startercultures.eu\/wp-content\/uploads\/2020\/08\/startercultures-eu-nl-logo-rond-rgb.png","width":320,"height":320,"caption":"Startercultures.eu"},"image":{"@id":"https:\/\/startercultures.eu\/de\/#\/schema\/logo\/image\/"},"sameAs":["https:\/\/www.facebook.com\/startercultureseu","https:\/\/www.instagram.com\/startercultures.eu\/"]}]}},"_links":{"self":[{"href":"https:\/\/startercultures.eu\/de\/wp-json\/wp\/v2\/pages\/24852","targetHints":{"allow":["GET"]}}],"collection":[{"href":"https:\/\/startercultures.eu\/de\/wp-json\/wp\/v2\/pages"}],"about":[{"href":"https:\/\/startercultures.eu\/de\/wp-json\/wp\/v2\/types\/page"}],"author":[{"embeddable":true,"href":"https:\/\/startercultures.eu\/de\/wp-json\/wp\/v2\/users\/1"}],"replies":[{"embeddable":true,"href":"https:\/\/startercultures.eu\/de\/wp-json\/wp\/v2\/comments?post=24852"}],"version-history":[{"count":0,"href":"https:\/\/startercultures.eu\/de\/wp-json\/wp\/v2\/pages\/24852\/revisions"}],"wp:attachment":[{"href":"https:\/\/startercultures.eu\/de\/wp-json\/wp\/v2\/media?parent=24852"}],"curies":[{"name":"wp","href":"https:\/\/api.w.org\/{rel}","templated":true}]}}