{"id":42206,"date":"2023-08-22T11:43:26","date_gmt":"2023-08-22T09:43:26","guid":{"rendered":"https:\/\/startercultures.eu\/rueckgabepolitik\/"},"modified":"2024-02-09T01:53:54","modified_gmt":"2024-02-09T00:53:54","slug":"rueckgabepolitik","status":"publish","type":"page","link":"https:\/\/startercultures.eu\/de\/rueckgabepolitik\/","title":{"rendered":"R\u00fcckgabepolitik"},"content":{"rendered":"<div class=\"fusion-fullwidth fullwidth-box fusion-builder-row-1 fusion-flex-container has-pattern-background has-mask-background nonhundred-percent-fullwidth non-hundred-percent-height-scrolling\" style=\"--awb-border-radius-top-left:0px;--awb-border-radius-top-right:0px;--awb-border-radius-bottom-right:0px;--awb-border-radius-bottom-left:0px;--awb-flex-wrap:wrap;\" ><div class=\"fusion-builder-row fusion-row fusion-flex-align-items-flex-start fusion-flex-content-wrap\" style=\"max-width:1248px;margin-left: calc(-4% \/ 2 );margin-right: calc(-4% \/ 2 );\"><div class=\"fusion-layout-column fusion_builder_column fusion-builder-column-0 fusion_builder_column_1_1 1_1 fusion-flex-column\" style=\"--awb-bg-size:cover;--awb-width-large:100%;--awb-margin-top-large:0px;--awb-spacing-right-large:1.92%;--awb-margin-bottom-large:20px;--awb-spacing-left-large:1.92%;--awb-width-medium:100%;--awb-order-medium:0;--awb-spacing-right-medium:1.92%;--awb-spacing-left-medium:1.92%;--awb-width-small:100%;--awb-order-small:0;--awb-spacing-right-small:1.92%;--awb-spacing-left-small:1.92%;\"><div class=\"fusion-column-wrapper fusion-column-has-shadow fusion-flex-justify-content-flex-start fusion-content-layout-column\"><div class=\"fusion-title title fusion-title-1 fusion-sep-none fusion-title-text fusion-title-size-one\"><h1 class=\"fusion-title-heading title-heading-left\" style=\"margin:0;\">R\u00fcckgaberichtlinien<\/h1><\/div><div class=\"fusion-text fusion-text-1\"><p>Wir m\u00f6chten sicherstellen, dass Sie mit Ihrem Kauf vollkommen zufrieden sind. Wenn Sie einen Artikel zur\u00fcckgeben m\u00fcssen, lesen Sie bitte unsere R\u00fcckgabebedingungen unten.<\/p>\n<p>1. R\u00fccksendung Zul\u00e4ssigkeit<\/p>\n<p>Wir akzeptieren R\u00fccksendungen sowohl f\u00fcr Lebensmittel als auch f\u00fcr Non-Food-Produkte innerhalb von 14 Tagen nach dem Lieferdatum. Um f\u00fcr eine R\u00fcckgabe in Frage zu kommen, muss der Artikel unbenutzt, originalverpackt und in demselben Zustand sein, wie Sie ihn erhalten haben.<\/p>\n<p>2. Nicht r\u00fcckgabef\u00e4hige Artikel:<\/p>\n<p>Bestimmte Artikel k\u00f6nnen aus Gesundheits- und Sicherheitsgr\u00fcnden oder wegen hygienischer Bedenken nicht zur\u00fcckgegeben werden. Zu diesen Gegenst\u00e4nden geh\u00f6ren unter anderem verderbliche Lebensmittel, die ge\u00f6ffnet, verwendet oder ver\u00e4ndert wurden.<\/p>\n<p>3. R\u00fcckgabeprozess:<\/p>\n<p>Um eine R\u00fccksendung einzuleiten, gehen Sie bitte wie folgt vor:<br \/>\n&#8211; Wenden Sie sich innerhalb von 14 Tagen nach Erhalt Ihrer Bestellung per E-Mail oder Live-Chat \u00fcber die Website an unser Kundendienstteam. Geben Sie Ihre Bestellnummer, den\/die Artikel, die Sie zur\u00fcckgeben m\u00f6chten, und den Grund f\u00fcr die R\u00fcckgabe an.<br \/>\n&#8211; Unser Kundendienstteam wird Ihnen Anweisungen f\u00fcr die R\u00fccksendung und gegebenenfalls eine RMA-Nummer (Return Authorization Number) zukommen lassen.<br \/>\n&#8211; Verpacken Sie den Artikel sicher in der Originalverpackung, zusammen mit jeglichem Zubeh\u00f6r, Handb\u00fcchern oder Dokumentationen.<br \/>\n&#8211; Kennzeichnen Sie die R\u00fccksendenummer (RMA), falls zutreffend, deutlich auf der Au\u00dfenseite des Pakets.<br \/>\n&#8211; Senden Sie den Artikel mit einer verfolgbaren Versandmethode an uns zur\u00fcck. Sie sind f\u00fcr die Kosten der R\u00fccksendung verantwortlich.<\/p>\n<p>4. R\u00fcckerstattung oder Umtausch:<\/p>\n<p>Sobald wir den zur\u00fcckgesandten Artikel erhalten und gepr\u00fcft haben, werden wir Sie \u00fcber die Genehmigung oder Ablehnung Ihrer R\u00fccksendung informieren. Wenn Sie einverstanden sind, werden wir eine R\u00fcckerstattung auf Ihre urspr\u00fcngliche Zahlungsmethode vornehmen oder einen Umtausch gegen ein anderes Produkt anbieten, je nach Ihren W\u00fcnschen.<\/p>\n<p>5. Zeitplan f\u00fcr die Erstattung:<\/p>\n<p>R\u00fcckerstattungen werden innerhalb von 10 Werktagen nach Erhalt des zur\u00fcckgesandten Artikels bearbeitet. Der Zeitpunkt der R\u00fcckerstattung kann je nach Zahlungsmethode und Finanzinstitut variieren.<\/p>\n<p>6. Besch\u00e4digte oder mangelhafte Artikel:<\/p>\n<p>Wenn Sie einen besch\u00e4digten oder defekten Artikel erhalten, kontaktieren Sie uns bitte sofort per E-Mail oder Live-Chat auf der Website. Wir werden Ihnen helfen und einen Ersatz oder eine R\u00fcckerstattung veranlassen.<\/p>\n<p>7. R\u00fccksendekosten:<\/p>\n<p>Die Kosten f\u00fcr die R\u00fccksendung gehen zu Lasten des Kunden, es sei denn, die R\u00fccksendung ist auf einen Fehler unsererseits zur\u00fcckzuf\u00fchren, z. B. auf den Versand eines falschen Artikels oder eines defekten Produkts.<\/p>\n<p>8. Kontaktinformationen:<\/p>\n<p>Wenn Sie Fragen oder Bedenken zu unseren R\u00fcckgabebedingungen haben, wenden Sie sich bitte per E-Mail oder \u00fcber den Live-Chat auf der Website an unser Kundendienstteam.<\/p>\n<p>Bitte beachten Sie, dass diese R\u00fcckgabepolitik \u00c4nderungen unterliegt und ohne vorherige Ank\u00fcndigung aktualisiert werden kann. Es wird empfohlen, unsere R\u00fcckgabebestimmungen bei jedem Kauf zu \u00fcberpr\u00fcfen.<\/p>\n<\/div><\/div><\/div><\/div><\/div>\n","protected":false},"excerpt":{"rendered":"","protected":false},"author":1,"featured_media":0,"parent":0,"menu_order":0,"comment_status":"closed","ping_status":"closed","template":"100-width.php","meta":{"_acf_changed":false,"footnotes":""},"class_list":["post-42206","page","type-page","status-publish","hentry"],"acf":[],"yoast_head":"<!-- This site is optimized with the Yoast SEO plugin v26.6 - https:\/\/yoast.com\/wordpress\/plugins\/seo\/ -->\n<title>R\u00fcckgabepolitik - Startercultures.eu<\/title>\n<meta name=\"robots\" content=\"index, follow, max-snippet:-1, max-image-preview:large, max-video-preview:-1\" \/>\n<link rel=\"canonical\" href=\"https:\/\/startercultures.eu\/de\/rueckgabepolitik\/\" \/>\n<meta property=\"og:locale\" content=\"de_DE\" \/>\n<meta property=\"og:type\" content=\"article\" \/>\n<meta property=\"og:title\" content=\"R\u00fcckgabepolitik - Startercultures.eu\" \/>\n<meta property=\"og:url\" content=\"https:\/\/startercultures.eu\/de\/rueckgabepolitik\/\" \/>\n<meta property=\"og:site_name\" content=\"Startercultures.eu\" \/>\n<meta property=\"article:publisher\" content=\"https:\/\/www.facebook.com\/startercultureseu\" \/>\n<meta property=\"article:modified_time\" content=\"2024-02-09T00:53:54+00:00\" \/>\n<meta name=\"twitter:card\" content=\"summary_large_image\" \/>\n<meta name=\"twitter:label1\" content=\"Est. reading time\" \/>\n\t<meta name=\"twitter:data1\" content=\"5 minutes\" \/>\n<script type=\"application\/ld+json\" class=\"yoast-schema-graph\">{\"@context\":\"https:\/\/schema.org\",\"@graph\":[{\"@type\":\"WebPage\",\"@id\":\"https:\/\/startercultures.eu\/de\/rueckgabepolitik\/\",\"url\":\"https:\/\/startercultures.eu\/de\/rueckgabepolitik\/\",\"name\":\"R\u00fcckgabepolitik - Startercultures.eu\",\"isPartOf\":{\"@id\":\"https:\/\/startercultures.eu\/de\/#website\"},\"datePublished\":\"2023-08-22T09:43:26+00:00\",\"dateModified\":\"2024-02-09T00:53:54+00:00\",\"breadcrumb\":{\"@id\":\"https:\/\/startercultures.eu\/de\/rueckgabepolitik\/#breadcrumb\"},\"inLanguage\":\"de-DE\",\"potentialAction\":[{\"@type\":\"ReadAction\",\"target\":[\"https:\/\/startercultures.eu\/de\/rueckgabepolitik\/\"]}]},{\"@type\":\"BreadcrumbList\",\"@id\":\"https:\/\/startercultures.eu\/de\/rueckgabepolitik\/#breadcrumb\",\"itemListElement\":[{\"@type\":\"ListItem\",\"position\":1,\"name\":\"Home\",\"item\":\"https:\/\/startercultures.eu\/de\/\"},{\"@type\":\"ListItem\",\"position\":2,\"name\":\"R\u00fcckgabepolitik\"}]},{\"@type\":\"WebSite\",\"@id\":\"https:\/\/startercultures.eu\/de\/#website\",\"url\":\"https:\/\/startercultures.eu\/de\/\",\"name\":\"Startercultures.eu\",\"description\":\"Startercultures.eu\",\"publisher\":{\"@id\":\"https:\/\/startercultures.eu\/de\/#organization\"},\"potentialAction\":[{\"@type\":\"SearchAction\",\"target\":{\"@type\":\"EntryPoint\",\"urlTemplate\":\"https:\/\/startercultures.eu\/de\/?s={search_term_string}\"},\"query-input\":{\"@type\":\"PropertyValueSpecification\",\"valueRequired\":true,\"valueName\":\"search_term_string\"}}],\"inLanguage\":\"de-DE\"},{\"@type\":\"Organization\",\"@id\":\"https:\/\/startercultures.eu\/de\/#organization\",\"name\":\"Startercultures.eu\",\"url\":\"https:\/\/startercultures.eu\/de\/\",\"logo\":{\"@type\":\"ImageObject\",\"inLanguage\":\"de-DE\",\"@id\":\"https:\/\/startercultures.eu\/de\/#\/schema\/logo\/image\/\",\"url\":\"https:\/\/startercultures.eu\/wp-content\/uploads\/2020\/08\/startercultures-eu-nl-logo-rond-rgb.png\",\"contentUrl\":\"https:\/\/startercultures.eu\/wp-content\/uploads\/2020\/08\/startercultures-eu-nl-logo-rond-rgb.png\",\"width\":320,\"height\":320,\"caption\":\"Startercultures.eu\"},\"image\":{\"@id\":\"https:\/\/startercultures.eu\/de\/#\/schema\/logo\/image\/\"},\"sameAs\":[\"https:\/\/www.facebook.com\/startercultureseu\",\"https:\/\/www.instagram.com\/startercultures.eu\/\"],\"hasMerchantReturnPolicy\":{\"@type\":\"MerchantReturnPolicy\",\"merchantReturnLink\":\"https:\/\/startercultures.eu\/return-policy\/\"}}]}<\/script>\n<!-- \/ Yoast SEO plugin. -->","yoast_head_json":{"title":"R\u00fcckgabepolitik - Startercultures.eu","robots":{"index":"index","follow":"follow","max-snippet":"max-snippet:-1","max-image-preview":"max-image-preview:large","max-video-preview":"max-video-preview:-1"},"canonical":"https:\/\/startercultures.eu\/de\/rueckgabepolitik\/","og_locale":"de_DE","og_type":"article","og_title":"R\u00fcckgabepolitik - Startercultures.eu","og_url":"https:\/\/startercultures.eu\/de\/rueckgabepolitik\/","og_site_name":"Startercultures.eu","article_publisher":"https:\/\/www.facebook.com\/startercultureseu","article_modified_time":"2024-02-09T00:53:54+00:00","twitter_card":"summary_large_image","twitter_misc":{"Est. reading time":"5 minutes"},"schema":{"@context":"https:\/\/schema.org","@graph":[{"@type":"WebPage","@id":"https:\/\/startercultures.eu\/de\/rueckgabepolitik\/","url":"https:\/\/startercultures.eu\/de\/rueckgabepolitik\/","name":"R\u00fcckgabepolitik - Startercultures.eu","isPartOf":{"@id":"https:\/\/startercultures.eu\/de\/#website"},"datePublished":"2023-08-22T09:43:26+00:00","dateModified":"2024-02-09T00:53:54+00:00","breadcrumb":{"@id":"https:\/\/startercultures.eu\/de\/rueckgabepolitik\/#breadcrumb"},"inLanguage":"de-DE","potentialAction":[{"@type":"ReadAction","target":["https:\/\/startercultures.eu\/de\/rueckgabepolitik\/"]}]},{"@type":"BreadcrumbList","@id":"https:\/\/startercultures.eu\/de\/rueckgabepolitik\/#breadcrumb","itemListElement":[{"@type":"ListItem","position":1,"name":"Home","item":"https:\/\/startercultures.eu\/de\/"},{"@type":"ListItem","position":2,"name":"R\u00fcckgabepolitik"}]},{"@type":"WebSite","@id":"https:\/\/startercultures.eu\/de\/#website","url":"https:\/\/startercultures.eu\/de\/","name":"Startercultures.eu","description":"Startercultures.eu","publisher":{"@id":"https:\/\/startercultures.eu\/de\/#organization"},"potentialAction":[{"@type":"SearchAction","target":{"@type":"EntryPoint","urlTemplate":"https:\/\/startercultures.eu\/de\/?s={search_term_string}"},"query-input":{"@type":"PropertyValueSpecification","valueRequired":true,"valueName":"search_term_string"}}],"inLanguage":"de-DE"},{"@type":"Organization","@id":"https:\/\/startercultures.eu\/de\/#organization","name":"Startercultures.eu","url":"https:\/\/startercultures.eu\/de\/","logo":{"@type":"ImageObject","inLanguage":"de-DE","@id":"https:\/\/startercultures.eu\/de\/#\/schema\/logo\/image\/","url":"https:\/\/startercultures.eu\/wp-content\/uploads\/2020\/08\/startercultures-eu-nl-logo-rond-rgb.png","contentUrl":"https:\/\/startercultures.eu\/wp-content\/uploads\/2020\/08\/startercultures-eu-nl-logo-rond-rgb.png","width":320,"height":320,"caption":"Startercultures.eu"},"image":{"@id":"https:\/\/startercultures.eu\/de\/#\/schema\/logo\/image\/"},"sameAs":["https:\/\/www.facebook.com\/startercultureseu","https:\/\/www.instagram.com\/startercultures.eu\/"],"hasMerchantReturnPolicy":{"@type":"MerchantReturnPolicy","merchantReturnLink":"https:\/\/startercultures.eu\/return-policy\/"}}]}},"_links":{"self":[{"href":"https:\/\/startercultures.eu\/de\/wp-json\/wp\/v2\/pages\/42206","targetHints":{"allow":["GET"]}}],"collection":[{"href":"https:\/\/startercultures.eu\/de\/wp-json\/wp\/v2\/pages"}],"about":[{"href":"https:\/\/startercultures.eu\/de\/wp-json\/wp\/v2\/types\/page"}],"author":[{"embeddable":true,"href":"https:\/\/startercultures.eu\/de\/wp-json\/wp\/v2\/users\/1"}],"replies":[{"embeddable":true,"href":"https:\/\/startercultures.eu\/de\/wp-json\/wp\/v2\/comments?post=42206"}],"version-history":[{"count":3,"href":"https:\/\/startercultures.eu\/de\/wp-json\/wp\/v2\/pages\/42206\/revisions"}],"predecessor-version":[{"id":56845,"href":"https:\/\/startercultures.eu\/de\/wp-json\/wp\/v2\/pages\/42206\/revisions\/56845"}],"wp:attachment":[{"href":"https:\/\/startercultures.eu\/de\/wp-json\/wp\/v2\/media?parent=42206"}],"curies":[{"name":"wp","href":"https:\/\/api.w.org\/{rel}","templated":true}]}}