{"id":24865,"date":"2021-11-28T09:43:37","date_gmt":"2021-11-28T09:43:37","guid":{"rendered":"https:\/\/startercultures.eu\/product\/unkategorisiert\/hoelzerne-gemuesehobel-mandoline\/"},"modified":"2026-02-03T22:20:34","modified_gmt":"2026-02-03T21:20:34","slug":"holz-gemusehobel-mandoline","status":"publish","type":"product","link":"https:\/\/startercultures.eu\/de\/product\/fermentation-de\/gemuse-de\/werkzeuge\/holz-gemusehobel-mandoline\/","title":{"rendered":"H\u00f6lzerner Gem\u00fcsehobel | Mandoline"},"content":{"rendered":"<p>Dieser Gem\u00fcsehobel aus Holz ist ein klassisches Werkzeug, das in Ihrer K\u00fcche nicht fehlen darf. Verwenden Sie ihn f\u00fcr Kartoffelchips, hauchd\u00fcnne Gurkenscheiben oder das Gem\u00fcse, das Sie fermentieren m\u00f6chten.<\/p>\n<h3>Was ist ein Gem\u00fcsehobel oder eine Mandoline aus Holz?<\/h3>\n<p>Ein Gem\u00fcsehobel aus Holz ist ein praktisches Werkzeug in Ihrer K\u00fcche, um alle Arten von Zutaten schnell zu schneiden. Sie verwenden die Mandoline, wenn Sie z. B. d\u00fcnne Scheiben oder Streifen schneiden wollen. Denken Sie an das Julienne-Schneiden einer Karotte, das Schneiden von Pommes frites oder das Schneiden einer Gurke in hauchd\u00fcnne Scheiben. Eine Mandoline ist ein bisschen wie eine K\u00fcchenreibe, auf der man das zu schneidende Produkt hin und her bewegt. Der gro\u00dfe Unterschied ist, dass man eine Mandoline in verschiedenen Positionen einstellen kann. So k\u00f6nnen Sie genau bestimmen, wie dick Sie ein Produkt schneiden wollen. Man muss wirklich in Millimetern denken, aber das kann einen gro\u00dfen Unterschied ausmachen. In einem raffinierten Salat oder auf einem Sandwich schmecken zum Beispiel d\u00fcnn geschnittene Gem\u00fcse- oder Obstsorten am besten. Karottenstreifen, Gurkenscheiben oder Kartoffelchips? Mit dem Gem\u00fcseschneider aus Holz ist alles im Handumdrehen und gleichm\u00e4\u00dfig d\u00fcnn geschnitten.<\/p>\n<h3>Vorteile eines Gem\u00fcseschneiders gegen\u00fcber einem Messer<\/h3>\n<ul>\n<li>Geschwindigkeit &#8211; Viel schneller, geeignet f\u00fcr gr\u00f6\u00dfere Mengen<\/li>\n<li>Konsistenz &#8211; jede Scheibe hat genau die gleiche Gr\u00f6\u00dfe<\/li>\n<li>Sch\u00e4rfe &#8211; unser Gem\u00fcseschneider ist wahrscheinlich sch\u00e4rfer als Ihr Messer<\/li>\n<li>Papierd\u00fcnn &#8211; mit einer Mandoline kann man viel d\u00fcnner schneiden als mit einem Messer<\/li>\n<\/ul>\n<h3>Warum ein Gem\u00fcsehobel aus Holz?<\/h3>\n<p>Der erste Vorteil eines Gem\u00fcsehobels aus Holz ist, dass er sehr hygienisch ist. Verschiedene Studien haben gezeigt, dass Holz nat\u00fcrliche antibakterielle Eigenschaften besitzt. Nachdem ein h\u00f6lzerner Gegenstand mit Bakterien in Ber\u00fchrung gekommen ist, sind diese Bakterien bei 99,9 % nach 1 bis 2 Stunden verschwunden. Dies ist eine Eigenschaft, die andere (k\u00fcnstliche) Materialien oft nicht haben. Wenn Sie jemals daran gezweifelt haben, ob Holz hygienisch ist oder nicht, k\u00f6nnen Sie beruhigt sein!<\/p>\n<p>Zweitens ist Kochgeschirr aus Holz auch absolut lebensmittelecht. Holz ist ein nat\u00fcrliches Material, das f\u00fcr den menschlichen K\u00f6rper nicht wirklich sch\u00e4dlich ist. Beim Kochen, Backen, Schneiden oder Servieren kann es vorkommen, dass sich mikroskopisch kleine Partikel von Ihrem Schneidebrett, Pfannenwender oder Gem\u00fcseschneider aus Holz l\u00f6sen. Diese landen dann in der Nahrung und dann unweigerlich im K\u00f6rper. Es ist nicht sehr gesund, wenn dies mit Plastikutensilien geschieht und diese Plastikpartikel in Ihren K\u00f6rper gelangen.<\/p>\n<p>Da Holz ein v\u00f6llig nat\u00fcrliches Material ist, sind die kleinen Holzpartikel, die in Ihren K\u00f6rper gelangen, \u00fcberhaupt nicht sch\u00e4dlich. Nat\u00fcrlich gibt es auch viele Vorteile, die mit der Umwelt zu tun haben, vor allem, dass Holz ein erneuerbarer Rohstoff ist. \u00dcberall auf der Welt werden zahllose Gegenst\u00e4nde aus Holz hergestellt, und doch haben wir es im \u00dcberfluss.<\/p>\n<h3>Wie verwende ich diesen Gem\u00fcseschneider aus Holz?<\/h3>\n<p>Er hat eine scharfe und verstellbare Klinge, mit der Sie Ihr Gem\u00fcse innerhalb einer Minute in verschiedene Gr\u00f6\u00dfen schneiden k\u00f6nnen. Nehmen Sie das Gem\u00fcse und beginnen Sie mit dem Schneiden (achten Sie darauf, dass Sie sich nicht in die Finger schneiden), es ist ein einfaches, schn\u00f6rkelloses Ger\u00e4t.<\/p>\n<p>Sie fragen sich, welche Snacks Sie zubereiten sollen? Kartoffelchips, R\u00fcbenchips, Krautsalat oder Gurkensalat sind einfache Snacks, aber auch anspruchsvollere Gerichte wie Pommes Anna oder <a href=\"https:\/\/www.thefooddictator.com\/anthony-bourdains-onion-soup-les-halles\/\" target=\"_blank\" rel=\"noopener\">Zwiebelsuppe les Halles<\/a> sind jetzt in Reichweite. Bei einer dickeren Einstellung k\u00f6nnen Sie S\u00fc\u00dfkartoffeln in Scheiben schneiden und sie als Toast verwenden, um etwas Leckeres zu servieren.<\/p>\n<h3>Herstellung von fermentiertem Gem\u00fcse mit einer Mandoline<\/h3>\n<p>Der Gem\u00fcseschneider wird jedoch am h\u00e4ufigsten f\u00fcr die Zubereitung von klassischem fermentiertem Gem\u00fcse wie Sauerkraut und Kimchi verwendet. Zu Ihrer Bequemlichkeit verkaufen wir auch die anderen Werkzeuge, von einem <a href=\"https:\/\/startercultures.eu\/de\/product\/fermentation-de\/gemuse-de\/werkzeuge\/fermentations-crock-fur-selbstgemachtes-sauerkraut\/\" target=\"_blank\" rel=\"noopener\">G\u00e4rtopf<\/a> bis zu einem<a href=\"https:\/\/startercultures.eu\/de\/product\/vegan-de\/gemuse\/essiggurkerl-fur-fermentiertes-gemuse\/\" target=\"_blank\" rel=\"noopener\"> Gurkenstampfer<\/a>, und einen <a href=\"https:\/\/startercultures.eu\/de\/product\/fermentation-de\/gemuse-de\/starterkulturen-de-4\/gemuse-garung-starterkultur-fur-gemuse-garung\/\" target=\"_blank\" rel=\"noopener\">G\u00e4rungsstarter<\/a> &#8211; wenn n\u00f6tig!!!<\/p>\n<h3>Details:<\/h3>\n<ul>\n<li>37,00 \u00d7 12,00 \u00d7 2,20 cm<\/li>\n<li>Holz<\/li>\n<li>Hergestellt in Europa<\/li>\n<li>Nicht sp\u00fclmaschinengeeignet<\/li>\n<\/ul>\n<h3>Online-Workshop &#8220;Kimchi herstellen (und anderes Gem\u00fcse fermentieren)<img decoding=\"async\" class=\"lazyload  wp-image-23963 alignright\" src=\"https:\/\/startercultures.eu\/wp-content\/uploads\/2020\/12\/fermentation-450-300x300.png\" data-orig-src=\"https:\/\/startercultures.eu\/wp-content\/uploads\/2020\/12\/fermentation-450-300x300.png\" alt=\"Fermentation workshops\" width=\"131\" height=\"131\" srcset=\"data:image\/svg+xml,%3Csvg%20xmlns%3D%27http%3A%2F%2Fwww.w3.org%2F2000%2Fsvg%27%20width%3D%27131%27%20height%3D%27131%27%20viewBox%3D%270%200%20131%20131%27%3E%3Crect%20width%3D%27131%27%20height%3D%27131%27%20fill-opacity%3D%220%22%2F%3E%3C%2Fsvg%3E\" data-srcset=\"https:\/\/startercultures.eu\/wp-content\/uploads\/2020\/12\/fermentation-450-66x66.png 66w, https:\/\/startercultures.eu\/wp-content\/uploads\/2020\/12\/fermentation-450-70x70.png 70w, https:\/\/startercultures.eu\/wp-content\/uploads\/2020\/12\/fermentation-450-100x100.png 100w, https:\/\/startercultures.eu\/wp-content\/uploads\/2020\/12\/fermentation-450-150x150.png 150w, https:\/\/startercultures.eu\/wp-content\/uploads\/2020\/12\/fermentation-450-200x200.png 200w, https:\/\/startercultures.eu\/wp-content\/uploads\/2020\/12\/fermentation-450-300x300.png 300w, https:\/\/startercultures.eu\/wp-content\/uploads\/2020\/12\/fermentation-450-400x401.png 400w, https:\/\/startercultures.eu\/wp-content\/uploads\/2020\/12\/fermentation-450.png 450w\" data-sizes=\"auto\" data-orig-sizes=\"(max-width: 131px) 100vw, 131px\" \/><\/h3>\n<p>In diesem <a href=\"https:\/\/startercultures.eu\/de\/product\/workshops-de-3\/fermentieren-de\/online-workshop-wie-man-kimchi-und-fermentiert-anderes-gemuse-herstellt\/\" target=\"_blank\" rel=\"noopener\">englischsprachigen Workshop<\/a> erfahren Sie alles \u00fcber Kimchi, das beliebte fermentierte Gem\u00fcse. W\u00fcrzig, frisch und unglaublich lecker. Sie werden feststellen, dass dieses Aroma sehr vielseitig ist und dass die Bandbreite der Zubereitungen enorm ist. Es gibt sogar 7-up-Kimchi! In der Zwischenzeit werden Sie auch etwas \u00fcber die G\u00e4rung lernen. Von Foodwriter<a href=\"https:\/\/wateetons.com\/\" target=\"_blank\" rel=\"noopener\">&#8216;Meneer Wateetons&#8217;<\/a>, Autor mehrerer B\u00fccher \u00fcber Fermentation und alternative Lebensmittelzubereitungstechniken, Klicken Sie <a href=\"https:\/\/startercultures.eu\/de\/product\/workshops-de-3\/fermentieren-de\/online-workshop-wie-man-kimchi-und-fermentiert-anderes-gemuse-herstellt\/\" target=\"_blank\" rel=\"noopener\">hier<\/a> f\u00fcr weitere Informationen.<\/p>\n","protected":false},"excerpt":{"rendered":"<p>Dieser Gem\u00fcsehobel aus Holz ist ein klassisches Werkzeug, das in Ihrer K\u00fcche nicht fehlen darf. Es ist ein praktisches Werkzeug in Ihrer K\u00fcche zum schnellen Schneiden aller Arten von Zutaten. Perfekt f\u00fcr den Gem\u00fcseanbau!<\/p>\n","protected":false},"featured_media":79292,"comment_status":"open","ping_status":"closed","template":"","meta":{"_acf_changed":false,"footnotes":""},"product_brand":[],"product_cat":[644],"product_tag":[],"class_list":{"0":"post-24865","1":"product","2":"type-product","3":"status-publish","4":"has-post-thumbnail","6":"product_cat-werkzeuge","7":"product_shipping_class-groot-pakket-de","9":"first","10":"instock","11":"taxable","12":"shipping-taxable","13":"purchasable","14":"product-type-simple"},"acf":[],"yoast_head":"<!-- This site is optimized with the Yoast SEO plugin v26.6 - https:\/\/yoast.com\/wordpress\/plugins\/seo\/ -->\n<title>H\u00f6lzerner Gem\u00fcsehobel | Mandoline - Startercultures.eu<\/title>\n<meta name=\"description\" content=\"Dieser Gem\u00fcsehobel aus Holz ist ein klassisches Werkzeug, das in Ihrer K\u00fcche nicht fehlen darf, um alle Arten von Zutaten schnell zu schneiden.\" \/>\n<meta name=\"robots\" content=\"index, follow, max-snippet:-1, max-image-preview:large, max-video-preview:-1\" \/>\n<link rel=\"canonical\" href=\"https:\/\/startercultures.eu\/de\/product\/fermentation-de\/gemuse-de\/werkzeuge\/holz-gemusehobel-mandoline\/\" \/>\n<meta property=\"og:locale\" content=\"de_DE\" \/>\n<meta property=\"og:type\" content=\"article\" \/>\n<meta property=\"og:title\" content=\"H\u00f6lzerner Gem\u00fcsehobel | Mandoline - Startercultures.eu\" \/>\n<meta property=\"og:description\" content=\"Dieser Gem\u00fcsehobel aus Holz ist ein klassisches Werkzeug, das in Ihrer K\u00fcche nicht fehlen darf, um alle Arten von Zutaten schnell zu schneiden.\" \/>\n<meta property=\"og:url\" content=\"https:\/\/startercultures.eu\/de\/product\/fermentation-de\/gemuse-de\/werkzeuge\/holz-gemusehobel-mandoline\/\" \/>\n<meta property=\"og:site_name\" content=\"Startercultures.eu\" \/>\n<meta property=\"article:publisher\" content=\"https:\/\/www.facebook.com\/startercultureseu\" \/>\n<meta property=\"article:modified_time\" content=\"2026-02-03T21:20:34+00:00\" \/>\n<meta property=\"og:image\" content=\"https:\/\/startercultures.eu\/wp-content\/uploads\/2021\/11\/mandoline.png\" \/>\n\t<meta property=\"og:image:width\" content=\"1536\" \/>\n\t<meta property=\"og:image:height\" content=\"1024\" \/>\n\t<meta property=\"og:image:type\" content=\"image\/png\" \/>\n<meta name=\"twitter:card\" content=\"summary_large_image\" \/>\n<meta name=\"twitter:label1\" content=\"Price\" \/>\n\t<meta name=\"twitter:data1\" content=\"19,99\" \/>\n\t<meta name=\"twitter:label2\" content=\"Availability\" \/>\n\t<meta name=\"twitter:data2\" content=\"Vorr\u00e4tig\" \/>\n<script type=\"application\/ld+json\" class=\"yoast-schema-graph\">{\"@context\":\"https:\/\/schema.org\",\"@graph\":[{\"@type\":\"WebPage\",\"@id\":\"https:\/\/startercultures.eu\/de\/product\/fermentation-de\/gemuse-de\/werkzeuge\/holz-gemusehobel-mandoline\/\",\"url\":\"https:\/\/startercultures.eu\/de\/product\/fermentation-de\/gemuse-de\/werkzeuge\/holz-gemusehobel-mandoline\/\",\"name\":\"H\u00f6lzerner Gem\u00fcsehobel | Mandoline - Startercultures.eu\",\"isPartOf\":{\"@id\":\"https:\/\/startercultures.eu\/de\/#website\"},\"primaryImageOfPage\":{\"@id\":\"https:\/\/startercultures.eu\/de\/product\/fermentation-de\/gemuse-de\/werkzeuge\/holz-gemusehobel-mandoline\/#primaryimage\"},\"image\":{\"@id\":\"https:\/\/startercultures.eu\/de\/product\/fermentation-de\/gemuse-de\/werkzeuge\/holz-gemusehobel-mandoline\/#primaryimage\"},\"thumbnailUrl\":\"https:\/\/startercultures.eu\/wp-content\/uploads\/2021\/11\/mandoline.png\",\"datePublished\":\"2021-11-28T09:43:37+00:00\",\"dateModified\":\"2026-02-03T21:20:34+00:00\",\"description\":\"Dieser Gem\u00fcsehobel aus Holz ist ein klassisches Werkzeug, das in Ihrer K\u00fcche nicht fehlen darf, um alle Arten von Zutaten schnell zu schneiden.\",\"breadcrumb\":{\"@id\":\"https:\/\/startercultures.eu\/de\/product\/fermentation-de\/gemuse-de\/werkzeuge\/holz-gemusehobel-mandoline\/#breadcrumb\"},\"inLanguage\":\"de-DE\",\"potentialAction\":[{\"@type\":\"ReadAction\",\"target\":[\"https:\/\/startercultures.eu\/de\/product\/fermentation-de\/gemuse-de\/werkzeuge\/holz-gemusehobel-mandoline\/\"]}]},{\"@type\":\"ImageObject\",\"inLanguage\":\"de-DE\",\"@id\":\"https:\/\/startercultures.eu\/de\/product\/fermentation-de\/gemuse-de\/werkzeuge\/holz-gemusehobel-mandoline\/#primaryimage\",\"url\":\"https:\/\/startercultures.eu\/wp-content\/uploads\/2021\/11\/mandoline.png\",\"contentUrl\":\"https:\/\/startercultures.eu\/wp-content\/uploads\/2021\/11\/mandoline.png\",\"width\":1536,\"height\":1024},{\"@type\":\"BreadcrumbList\",\"@id\":\"https:\/\/startercultures.eu\/de\/product\/fermentation-de\/gemuse-de\/werkzeuge\/holz-gemusehobel-mandoline\/#breadcrumb\",\"itemListElement\":[{\"@type\":\"ListItem\",\"position\":1,\"name\":\"Home\",\"item\":\"https:\/\/startercultures.eu\/de\/\"},{\"@type\":\"ListItem\",\"position\":2,\"name\":\"Shop\",\"item\":\"https:\/\/startercultures.eu\/shop\/\"},{\"@type\":\"ListItem\",\"position\":3,\"name\":\"H\u00f6lzerner Gem\u00fcsehobel | Mandoline\"}]},{\"@type\":\"WebSite\",\"@id\":\"https:\/\/startercultures.eu\/de\/#website\",\"url\":\"https:\/\/startercultures.eu\/de\/\",\"name\":\"Startercultures.eu\",\"description\":\"Startercultures.eu\",\"publisher\":{\"@id\":\"https:\/\/startercultures.eu\/de\/#organization\"},\"potentialAction\":[{\"@type\":\"SearchAction\",\"target\":{\"@type\":\"EntryPoint\",\"urlTemplate\":\"https:\/\/startercultures.eu\/de\/?s={search_term_string}\"},\"query-input\":{\"@type\":\"PropertyValueSpecification\",\"valueRequired\":true,\"valueName\":\"search_term_string\"}}],\"inLanguage\":\"de-DE\"},{\"@type\":\"Organization\",\"@id\":\"https:\/\/startercultures.eu\/de\/#organization\",\"name\":\"Startercultures.eu\",\"url\":\"https:\/\/startercultures.eu\/de\/\",\"logo\":{\"@type\":\"ImageObject\",\"inLanguage\":\"de-DE\",\"@id\":\"https:\/\/startercultures.eu\/de\/#\/schema\/logo\/image\/\",\"url\":\"https:\/\/startercultures.eu\/wp-content\/uploads\/2020\/08\/startercultures-eu-nl-logo-rond-rgb.png\",\"contentUrl\":\"https:\/\/startercultures.eu\/wp-content\/uploads\/2020\/08\/startercultures-eu-nl-logo-rond-rgb.png\",\"width\":320,\"height\":320,\"caption\":\"Startercultures.eu\"},\"image\":{\"@id\":\"https:\/\/startercultures.eu\/de\/#\/schema\/logo\/image\/\"},\"sameAs\":[\"https:\/\/www.facebook.com\/startercultureseu\",\"https:\/\/www.instagram.com\/startercultures.eu\/\"],\"hasMerchantReturnPolicy\":{\"@type\":\"MerchantReturnPolicy\",\"merchantReturnLink\":\"https:\/\/startercultures.eu\/return-policy\/\"}}]}<\/script>\n<meta property=\"product:price:amount\" content=\"19.99\" \/>\n<meta property=\"product:price:currency\" content=\"EUR\" \/>\n<meta property=\"og:availability\" content=\"instock\" \/>\n<meta property=\"product:availability\" content=\"instock\" \/>\n<meta property=\"product:retailer_item_id\" content=\"238\" \/>\n<meta property=\"product:condition\" content=\"new\" \/>\n<!-- \/ Yoast SEO plugin. -->","yoast_head_json":{"title":"H\u00f6lzerner Gem\u00fcsehobel | Mandoline - Startercultures.eu","description":"Dieser Gem\u00fcsehobel aus Holz ist ein klassisches Werkzeug, das in Ihrer K\u00fcche nicht fehlen darf, um alle Arten von Zutaten schnell zu schneiden.","robots":{"index":"index","follow":"follow","max-snippet":"max-snippet:-1","max-image-preview":"max-image-preview:large","max-video-preview":"max-video-preview:-1"},"canonical":"https:\/\/startercultures.eu\/de\/product\/fermentation-de\/gemuse-de\/werkzeuge\/holz-gemusehobel-mandoline\/","og_locale":"de_DE","og_type":"article","og_title":"H\u00f6lzerner Gem\u00fcsehobel | Mandoline - Startercultures.eu","og_description":"Dieser Gem\u00fcsehobel aus Holz ist ein klassisches Werkzeug, das in Ihrer K\u00fcche nicht fehlen darf, um alle Arten von Zutaten schnell zu schneiden.","og_url":"https:\/\/startercultures.eu\/de\/product\/fermentation-de\/gemuse-de\/werkzeuge\/holz-gemusehobel-mandoline\/","og_site_name":"Startercultures.eu","article_publisher":"https:\/\/www.facebook.com\/startercultureseu","article_modified_time":"2026-02-03T21:20:34+00:00","og_image":[{"width":1536,"height":1024,"url":"https:\/\/startercultures.eu\/wp-content\/uploads\/2021\/11\/mandoline.png","type":"image\/png"}],"twitter_card":"summary_large_image","twitter_misc":{"Price":"19,99","Availability":"Vorr\u00e4tig"},"schema":{"@context":"https:\/\/schema.org","@graph":[{"@type":"WebPage","@id":"https:\/\/startercultures.eu\/de\/product\/fermentation-de\/gemuse-de\/werkzeuge\/holz-gemusehobel-mandoline\/","url":"https:\/\/startercultures.eu\/de\/product\/fermentation-de\/gemuse-de\/werkzeuge\/holz-gemusehobel-mandoline\/","name":"H\u00f6lzerner Gem\u00fcsehobel | Mandoline - Startercultures.eu","isPartOf":{"@id":"https:\/\/startercultures.eu\/de\/#website"},"primaryImageOfPage":{"@id":"https:\/\/startercultures.eu\/de\/product\/fermentation-de\/gemuse-de\/werkzeuge\/holz-gemusehobel-mandoline\/#primaryimage"},"image":{"@id":"https:\/\/startercultures.eu\/de\/product\/fermentation-de\/gemuse-de\/werkzeuge\/holz-gemusehobel-mandoline\/#primaryimage"},"thumbnailUrl":"https:\/\/startercultures.eu\/wp-content\/uploads\/2021\/11\/mandoline.png","datePublished":"2021-11-28T09:43:37+00:00","dateModified":"2026-02-03T21:20:34+00:00","description":"Dieser Gem\u00fcsehobel aus Holz ist ein klassisches Werkzeug, das in Ihrer K\u00fcche nicht fehlen darf, um alle Arten von Zutaten schnell zu schneiden.","breadcrumb":{"@id":"https:\/\/startercultures.eu\/de\/product\/fermentation-de\/gemuse-de\/werkzeuge\/holz-gemusehobel-mandoline\/#breadcrumb"},"inLanguage":"de-DE","potentialAction":[{"@type":"ReadAction","target":["https:\/\/startercultures.eu\/de\/product\/fermentation-de\/gemuse-de\/werkzeuge\/holz-gemusehobel-mandoline\/"]}]},{"@type":"ImageObject","inLanguage":"de-DE","@id":"https:\/\/startercultures.eu\/de\/product\/fermentation-de\/gemuse-de\/werkzeuge\/holz-gemusehobel-mandoline\/#primaryimage","url":"https:\/\/startercultures.eu\/wp-content\/uploads\/2021\/11\/mandoline.png","contentUrl":"https:\/\/startercultures.eu\/wp-content\/uploads\/2021\/11\/mandoline.png","width":1536,"height":1024},{"@type":"BreadcrumbList","@id":"https:\/\/startercultures.eu\/de\/product\/fermentation-de\/gemuse-de\/werkzeuge\/holz-gemusehobel-mandoline\/#breadcrumb","itemListElement":[{"@type":"ListItem","position":1,"name":"Home","item":"https:\/\/startercultures.eu\/de\/"},{"@type":"ListItem","position":2,"name":"Shop","item":"https:\/\/startercultures.eu\/shop\/"},{"@type":"ListItem","position":3,"name":"H\u00f6lzerner Gem\u00fcsehobel | Mandoline"}]},{"@type":"WebSite","@id":"https:\/\/startercultures.eu\/de\/#website","url":"https:\/\/startercultures.eu\/de\/","name":"Startercultures.eu","description":"Startercultures.eu","publisher":{"@id":"https:\/\/startercultures.eu\/de\/#organization"},"potentialAction":[{"@type":"SearchAction","target":{"@type":"EntryPoint","urlTemplate":"https:\/\/startercultures.eu\/de\/?s={search_term_string}"},"query-input":{"@type":"PropertyValueSpecification","valueRequired":true,"valueName":"search_term_string"}}],"inLanguage":"de-DE"},{"@type":"Organization","@id":"https:\/\/startercultures.eu\/de\/#organization","name":"Startercultures.eu","url":"https:\/\/startercultures.eu\/de\/","logo":{"@type":"ImageObject","inLanguage":"de-DE","@id":"https:\/\/startercultures.eu\/de\/#\/schema\/logo\/image\/","url":"https:\/\/startercultures.eu\/wp-content\/uploads\/2020\/08\/startercultures-eu-nl-logo-rond-rgb.png","contentUrl":"https:\/\/startercultures.eu\/wp-content\/uploads\/2020\/08\/startercultures-eu-nl-logo-rond-rgb.png","width":320,"height":320,"caption":"Startercultures.eu"},"image":{"@id":"https:\/\/startercultures.eu\/de\/#\/schema\/logo\/image\/"},"sameAs":["https:\/\/www.facebook.com\/startercultureseu","https:\/\/www.instagram.com\/startercultures.eu\/"],"hasMerchantReturnPolicy":{"@type":"MerchantReturnPolicy","merchantReturnLink":"https:\/\/startercultures.eu\/return-policy\/"}}]},"product_price_amount":"19.99","product_price_currency":"EUR","og_availability":"instock","product_availability":"instock","product_retailer_item_id":"238","product_condition":"new"},"_links":{"self":[{"href":"https:\/\/startercultures.eu\/de\/wp-json\/wp\/v2\/product\/24865","targetHints":{"allow":["GET"]}}],"collection":[{"href":"https:\/\/startercultures.eu\/de\/wp-json\/wp\/v2\/product"}],"about":[{"href":"https:\/\/startercultures.eu\/de\/wp-json\/wp\/v2\/types\/product"}],"replies":[{"embeddable":true,"href":"https:\/\/startercultures.eu\/de\/wp-json\/wp\/v2\/comments?post=24865"}],"version-history":[{"count":3,"href":"https:\/\/startercultures.eu\/de\/wp-json\/wp\/v2\/product\/24865\/revisions"}],"predecessor-version":[{"id":79298,"href":"https:\/\/startercultures.eu\/de\/wp-json\/wp\/v2\/product\/24865\/revisions\/79298"}],"wp:featuredmedia":[{"embeddable":true,"href":"https:\/\/startercultures.eu\/de\/wp-json\/wp\/v2\/media\/79292"}],"wp:attachment":[{"href":"https:\/\/startercultures.eu\/de\/wp-json\/wp\/v2\/media?parent=24865"}],"wp:term":[{"taxonomy":"product_brand","embeddable":true,"href":"https:\/\/startercultures.eu\/de\/wp-json\/wp\/v2\/product_brand?post=24865"},{"taxonomy":"product_cat","embeddable":true,"href":"https:\/\/startercultures.eu\/de\/wp-json\/wp\/v2\/product_cat?post=24865"},{"taxonomy":"product_tag","embeddable":true,"href":"https:\/\/startercultures.eu\/de\/wp-json\/wp\/v2\/product_tag?post=24865"}],"curies":[{"name":"wp","href":"https:\/\/api.w.org\/{rel}","templated":true}]}}