{"id":24866,"date":"2021-12-09T09:10:44","date_gmt":"2021-12-09T08:10:44","guid":{"rendered":"https:\/\/startercultures.eu\/product\/unkategorisiert\/flora-danica-fuer-zusaetzliches-aroma-und-c02\/"},"modified":"2026-04-13T20:01:38","modified_gmt":"2026-04-13T18:01:38","slug":"flora-danica","status":"publish","type":"product","link":"https:\/\/startercultures.eu\/de\/product\/fermentation-de\/molkerei\/kase\/starterkulturen\/flora-danica\/","title":{"rendered":"Flora Danica | f\u00fcr zus\u00e4tzliches Aroma und C02"},"content":{"rendered":"<p>Flora Danica ist nach einem<a href=\"https:\/\/en.wikipedia.org\/wiki\/Flora_Danica\" target=\"_blank\" rel=\"noopener\"> ber\u00fchmten botanischen Atlas<\/a> aller in D\u00e4nemark heimischen Wildpflanzen aus der Zeit von 1761 bis 1883 benannt. Was wir hier verkaufen, ist die mesophile gefriergetrocknete Kultur, die dem K\u00e4se viel Aroma und auch CO2 hinzuf\u00fcgt.<\/p>\n<h3>\u00dcber Flora Danica<\/h3>\n<p>Flora Danica ist eine mesophile Aromakultur, Typ LD. Die Kultur produziert Geschmack und CO2 und eignet sich zur Herstellung vieler Hart- und Weichk\u00e4se, z.B. Havarti, Baby Swiss, Gouda, Edamer, Blauschimmelk\u00e4se, Ziegenk\u00e4se, Camembert, Brie, Sauerrahm, Buttermilch, Creme Fraiche oder Sauerrahmbutter. Es handelt sich um eine sehr vielseitige Kultur, die f\u00fcr viele K\u00e4sesorten verwendet werden kann. Sie ist eine der beliebtesten K\u00e4se-Starterkulturen der Welt.<\/p>\n<h3>Mikroben in der Flora Danica<\/h3>\n<ul>\n<li><em>Lactococcus lactis subsp. cremoris<\/em><\/li>\n<li><em>Lactococcus lactis subsp. lactis<\/em><\/li>\n<li><em>Lactococcus lactis subsp. lactis biovar diacetylactis<\/em><\/li>\n<li><em>Leuconostoc<\/em><\/li>\n<\/ul>\n<h3>Inhalt<\/h3>\n<ul>\n<li>1 Beutel mit 50DCU ist ausreichend f\u00fcr 500 l Milch<\/li>\n<li>Allergene: Milch<\/li>\n<li>F\u00fcr die direkte Bottichimpfung<\/li>\n<li>Halal\/Kosher<\/li>\n<\/ul>\n<h3>Anweisungen zur Lagerung<\/h3>\n<ul>\n<li>im Gefrierschrank<\/li>\n<li>Die Haltbarkeit betr\u00e4gt mindestens 24 Monate im Gefrierschrank.<\/li>\n<li>Mindestens 6 Wochen im K\u00fchlschrank aufbewahren.<\/li>\n<\/ul>\n<h3 data-fontsize=\"21\" data-lineheight=\"27.3px\">Kaufen Sie Flora Danica?<\/h3>\n<p>Bestellen Sie Ihre Flora Danica bei startercultures.eu, dem europ\u00e4ischen Webshop f\u00fcr Ihren gesamten Fermentationsbedarf. Von Meneer Wateetons, dem bekannten niederl\u00e4ndischen G\u00e4rungsexperten und Autor. Bestellen Sie werktags vor 15 Uhr und wir liefern noch am selben Tag. Fragen zur Verwendung? Frag Sie in unserem Chat, wir helfen gerne!<\/p>\n<h3>Online-Workshop &#8220;Veganen K\u00e4se zu Hause herstellen&#8221; (mit Untertiteln)<\/h3>\n<p>In <a href=\"https:\/\/startercultures.eu\/product\/vegan-main\/vegan-dairy\/online-english-subtitled-vegan-cheese-workshop\/\" target=\"_blank\" rel=\"noopener\">diesem Workshop mit englischen Untertiteln<\/a> lernen Sie die Theorie und Praxis der Herstellung von veganem K\u00e4se<img decoding=\"async\" class=\"lazyload  wp-image-24266 alignright\" src=\"https:\/\/startercultures.eu\/wp-content\/uploads\/2021\/06\/Vegan-cheese-starter-kit-300x222.png\" data-orig-src=\"https:\/\/startercultures.eu\/wp-content\/uploads\/2021\/06\/Vegan-cheese-starter-kit-300x222.png\" alt=\"Veganes Blauschimmelk\u00e4se Starterkultur Kit\" width=\"219\" height=\"162\" srcset=\"data:image\/svg+xml,%3Csvg%20xmlns%3D%27http%3A%2F%2Fwww.w3.org%2F2000%2Fsvg%27%20width%3D%27219%27%20height%3D%27162%27%20viewBox%3D%270%200%20219%20162%27%3E%3Crect%20width%3D%27219%27%20height%3D%27162%27%20fill-opacity%3D%220%22%2F%3E%3C%2Fsvg%3E\" data-srcset=\"https:\/\/startercultures.eu\/wp-content\/uploads\/2021\/06\/Vegan-cheese-starter-kit-200x148.png 200w, https:\/\/startercultures.eu\/wp-content\/uploads\/2021\/06\/Vegan-cheese-starter-kit-300x222.png 300w, https:\/\/startercultures.eu\/wp-content\/uploads\/2021\/06\/Vegan-cheese-starter-kit-400x296.png 400w, https:\/\/startercultures.eu\/wp-content\/uploads\/2021\/06\/Vegan-cheese-starter-kit-500x370.png 500w, https:\/\/startercultures.eu\/wp-content\/uploads\/2021\/06\/Vegan-cheese-starter-kit-600x445.png 600w, https:\/\/startercultures.eu\/wp-content\/uploads\/2021\/06\/Vegan-cheese-starter-kit-700x519.png 700w, https:\/\/startercultures.eu\/wp-content\/uploads\/2021\/06\/Vegan-cheese-starter-kit-768x569.png 768w, https:\/\/startercultures.eu\/wp-content\/uploads\/2021\/06\/Vegan-cheese-starter-kit-800x593.png 800w, https:\/\/startercultures.eu\/wp-content\/uploads\/2021\/06\/Vegan-cheese-starter-kit-1024x759.png 1024w, https:\/\/startercultures.eu\/wp-content\/uploads\/2021\/06\/Vegan-cheese-starter-kit.png 1200w\" data-sizes=\"auto\" data-orig-sizes=\"(max-width: 219px) 100vw, 219px\" \/>s zu Hause, mit dem Schwerpunkt auf veganem Camembert und veganem Blauschimmelk\u00e4se. Foodwriter<a href=\"https:\/\/wateetons.com\/\" target=\"_blank\" rel=\"noopener\">&#8216;Meneer Wateetons&#8217;<\/a>, Autor mehrerer B\u00fccher \u00fcber Fermentierung und alternative Lebensmittelzubereitungstechniken, wird Ihnen alles \u00fcber Fermentierung, P\u00f6kelsalze, Lebensmittelsicherheit, <a href=\"https:\/\/en.wikipedia.org\/wiki\/PH\" target=\"_blank\" rel=\"noopener\">pH-Wert<\/a>, Starterkulturen, Schimmelpilze und Trocknungsbedingungen beibringen. Klicken Sie <a href=\"https:\/\/startercultures.eu\/product\/vegan-main\/vegan-dairy\/online-english-subtitled-vegan-cheese-workshop\/\" target=\"_blank\" rel=\"noopener\">hier<\/a> f\u00fcr weitere Informationen.<\/p>\n","protected":false},"excerpt":{"rendered":"<p>Mesophile gefriergetrocknete Kultur, f\u00fcgt dem K\u00e4se viel Aroma und Co2 zu. Geeignet f\u00fcr die Herstellung vieler Hart- und Weichk\u00e4se, z. B. Gouda, Leerdam, Edamer, Brie, Camembert und Blauschimmelk\u00e4se.<\/p>\n","protected":false},"featured_media":24332,"comment_status":"open","ping_status":"closed","template":"","meta":{"_acf_changed":false,"footnotes":""},"product_brand":[],"product_cat":[646,645,647],"product_tag":[],"class_list":{"0":"post-24866","1":"product","2":"type-product","3":"status-publish","4":"has-post-thumbnail","6":"product_cat-kase","7":"product_cat-molkerei","8":"product_cat-starterkulturen","9":"pa_ean-8720297621475-de","11":"first","12":"instock","13":"taxable","14":"shipping-taxable","15":"purchasable","16":"product-type-simple"},"acf":[],"yoast_head":"<!-- This site is optimized with the Yoast SEO plugin v26.6 - https:\/\/yoast.com\/wordpress\/plugins\/seo\/ -->\n<title>Flora Danica | f\u00fcr zus\u00e4tzliches Aroma und C02 - Startercultures.eu<\/title>\n<meta name=\"description\" content=\"Flora Danica ist eine mesophile Kultur, die K\u00e4sesorten wie Gouda, Leerdam, Edam, Brie, Camembert und Blauschimmelk\u00e4se viel Aroma verleiht.\" \/>\n<meta name=\"robots\" content=\"index, follow, max-snippet:-1, max-image-preview:large, max-video-preview:-1\" \/>\n<link rel=\"canonical\" href=\"https:\/\/startercultures.eu\/de\/product\/fermentation-de\/molkerei\/kase\/starterkulturen\/flora-danica\/\" \/>\n<meta property=\"og:locale\" content=\"de_DE\" \/>\n<meta property=\"og:type\" content=\"article\" \/>\n<meta property=\"og:title\" content=\"Flora Danica | f\u00fcr zus\u00e4tzliches Aroma und C02 - Startercultures.eu\" \/>\n<meta property=\"og:description\" content=\"Flora Danica ist eine mesophile Kultur, die K\u00e4sesorten wie Gouda, Leerdam, Edam, Brie, Camembert und Blauschimmelk\u00e4se viel Aroma verleiht.\" \/>\n<meta property=\"og:url\" content=\"https:\/\/startercultures.eu\/de\/product\/fermentation-de\/molkerei\/kase\/starterkulturen\/flora-danica\/\" \/>\n<meta property=\"og:site_name\" content=\"Startercultures.eu\" \/>\n<meta property=\"article:publisher\" content=\"https:\/\/www.facebook.com\/startercultureseu\" \/>\n<meta property=\"article:modified_time\" content=\"2026-04-13T18:01:38+00:00\" \/>\n<meta property=\"og:image\" content=\"https:\/\/startercultures.eu\/wp-content\/uploads\/2021\/12\/Flora-Danica-e1639919033579.png\" \/>\n\t<meta property=\"og:image:width\" content=\"449\" \/>\n\t<meta property=\"og:image:height\" content=\"449\" \/>\n\t<meta property=\"og:image:type\" content=\"image\/png\" \/>\n<meta name=\"twitter:card\" content=\"summary_large_image\" \/>\n<meta name=\"twitter:label1\" content=\"Price\" \/>\n\t<meta name=\"twitter:data1\" content=\"16,99\" \/>\n\t<meta name=\"twitter:label2\" content=\"Availability\" \/>\n\t<meta name=\"twitter:data2\" content=\"Vorr\u00e4tig\" \/>\n<script type=\"application\/ld+json\" class=\"yoast-schema-graph\">{\"@context\":\"https:\/\/schema.org\",\"@graph\":[{\"@type\":\"WebPage\",\"@id\":\"https:\/\/startercultures.eu\/de\/product\/fermentation-de\/molkerei\/kase\/starterkulturen\/flora-danica\/\",\"url\":\"https:\/\/startercultures.eu\/de\/product\/fermentation-de\/molkerei\/kase\/starterkulturen\/flora-danica\/\",\"name\":\"Flora Danica | f\u00fcr zus\u00e4tzliches Aroma und C02 - Startercultures.eu\",\"isPartOf\":{\"@id\":\"https:\/\/startercultures.eu\/de\/#website\"},\"primaryImageOfPage\":{\"@id\":\"https:\/\/startercultures.eu\/de\/product\/fermentation-de\/molkerei\/kase\/starterkulturen\/flora-danica\/#primaryimage\"},\"image\":{\"@id\":\"https:\/\/startercultures.eu\/de\/product\/fermentation-de\/molkerei\/kase\/starterkulturen\/flora-danica\/#primaryimage\"},\"thumbnailUrl\":\"https:\/\/startercultures.eu\/wp-content\/uploads\/2021\/12\/Flora-Danica-e1639919033579.png\",\"datePublished\":\"2021-12-09T08:10:44+00:00\",\"dateModified\":\"2026-04-13T18:01:38+00:00\",\"description\":\"Flora Danica ist eine mesophile Kultur, die K\u00e4sesorten wie Gouda, Leerdam, Edam, Brie, Camembert und Blauschimmelk\u00e4se viel Aroma verleiht.\",\"breadcrumb\":{\"@id\":\"https:\/\/startercultures.eu\/de\/product\/fermentation-de\/molkerei\/kase\/starterkulturen\/flora-danica\/#breadcrumb\"},\"inLanguage\":\"de-DE\",\"potentialAction\":[{\"@type\":\"ReadAction\",\"target\":[\"https:\/\/startercultures.eu\/de\/product\/fermentation-de\/molkerei\/kase\/starterkulturen\/flora-danica\/\"]}]},{\"@type\":\"ImageObject\",\"inLanguage\":\"de-DE\",\"@id\":\"https:\/\/startercultures.eu\/de\/product\/fermentation-de\/molkerei\/kase\/starterkulturen\/flora-danica\/#primaryimage\",\"url\":\"https:\/\/startercultures.eu\/wp-content\/uploads\/2021\/12\/Flora-Danica-e1639919033579.png\",\"contentUrl\":\"https:\/\/startercultures.eu\/wp-content\/uploads\/2021\/12\/Flora-Danica-e1639919033579.png\",\"width\":449,\"height\":449,\"caption\":\"Flora Danica\"},{\"@type\":\"BreadcrumbList\",\"@id\":\"https:\/\/startercultures.eu\/de\/product\/fermentation-de\/molkerei\/kase\/starterkulturen\/flora-danica\/#breadcrumb\",\"itemListElement\":[{\"@type\":\"ListItem\",\"position\":1,\"name\":\"Home\",\"item\":\"https:\/\/startercultures.eu\/de\/\"},{\"@type\":\"ListItem\",\"position\":2,\"name\":\"Shop\",\"item\":\"https:\/\/startercultures.eu\/shop\/\"},{\"@type\":\"ListItem\",\"position\":3,\"name\":\"Flora Danica | f\u00fcr zus\u00e4tzliches Aroma und C02\"}]},{\"@type\":\"WebSite\",\"@id\":\"https:\/\/startercultures.eu\/de\/#website\",\"url\":\"https:\/\/startercultures.eu\/de\/\",\"name\":\"Startercultures.eu\",\"description\":\"Startercultures.eu\",\"publisher\":{\"@id\":\"https:\/\/startercultures.eu\/de\/#organization\"},\"potentialAction\":[{\"@type\":\"SearchAction\",\"target\":{\"@type\":\"EntryPoint\",\"urlTemplate\":\"https:\/\/startercultures.eu\/de\/?s={search_term_string}\"},\"query-input\":{\"@type\":\"PropertyValueSpecification\",\"valueRequired\":true,\"valueName\":\"search_term_string\"}}],\"inLanguage\":\"de-DE\"},{\"@type\":\"Organization\",\"@id\":\"https:\/\/startercultures.eu\/de\/#organization\",\"name\":\"Startercultures.eu\",\"url\":\"https:\/\/startercultures.eu\/de\/\",\"logo\":{\"@type\":\"ImageObject\",\"inLanguage\":\"de-DE\",\"@id\":\"https:\/\/startercultures.eu\/de\/#\/schema\/logo\/image\/\",\"url\":\"https:\/\/startercultures.eu\/wp-content\/uploads\/2020\/08\/startercultures-eu-nl-logo-rond-rgb.png\",\"contentUrl\":\"https:\/\/startercultures.eu\/wp-content\/uploads\/2020\/08\/startercultures-eu-nl-logo-rond-rgb.png\",\"width\":320,\"height\":320,\"caption\":\"Startercultures.eu\"},\"image\":{\"@id\":\"https:\/\/startercultures.eu\/de\/#\/schema\/logo\/image\/\"},\"sameAs\":[\"https:\/\/www.facebook.com\/startercultureseu\",\"https:\/\/www.instagram.com\/startercultures.eu\/\"]}]}<\/script>\n<meta property=\"product:price:amount\" content=\"16.99\" \/>\n<meta property=\"product:price:currency\" content=\"EUR\" \/>\n<meta property=\"og:availability\" content=\"instock\" \/>\n<meta property=\"product:availability\" content=\"instock\" \/>\n<meta property=\"product:retailer_item_id\" content=\"252\" \/>\n<meta property=\"product:condition\" content=\"new\" \/>\n<!-- \/ Yoast SEO plugin. -->","yoast_head_json":{"title":"Flora Danica | f\u00fcr zus\u00e4tzliches Aroma und C02 - Startercultures.eu","description":"Flora Danica ist eine mesophile Kultur, die K\u00e4sesorten wie Gouda, Leerdam, Edam, Brie, Camembert und Blauschimmelk\u00e4se viel Aroma verleiht.","robots":{"index":"index","follow":"follow","max-snippet":"max-snippet:-1","max-image-preview":"max-image-preview:large","max-video-preview":"max-video-preview:-1"},"canonical":"https:\/\/startercultures.eu\/de\/product\/fermentation-de\/molkerei\/kase\/starterkulturen\/flora-danica\/","og_locale":"de_DE","og_type":"article","og_title":"Flora Danica | f\u00fcr zus\u00e4tzliches Aroma und C02 - Startercultures.eu","og_description":"Flora Danica ist eine mesophile Kultur, die K\u00e4sesorten wie Gouda, Leerdam, Edam, Brie, Camembert und Blauschimmelk\u00e4se viel Aroma verleiht.","og_url":"https:\/\/startercultures.eu\/de\/product\/fermentation-de\/molkerei\/kase\/starterkulturen\/flora-danica\/","og_site_name":"Startercultures.eu","article_publisher":"https:\/\/www.facebook.com\/startercultureseu","article_modified_time":"2026-04-13T18:01:38+00:00","og_image":[{"width":449,"height":449,"url":"https:\/\/startercultures.eu\/wp-content\/uploads\/2021\/12\/Flora-Danica-e1639919033579.png","type":"image\/png"}],"twitter_card":"summary_large_image","twitter_misc":{"Price":"16,99","Availability":"Vorr\u00e4tig"},"schema":{"@context":"https:\/\/schema.org","@graph":[{"@type":"WebPage","@id":"https:\/\/startercultures.eu\/de\/product\/fermentation-de\/molkerei\/kase\/starterkulturen\/flora-danica\/","url":"https:\/\/startercultures.eu\/de\/product\/fermentation-de\/molkerei\/kase\/starterkulturen\/flora-danica\/","name":"Flora Danica | f\u00fcr zus\u00e4tzliches Aroma und C02 - Startercultures.eu","isPartOf":{"@id":"https:\/\/startercultures.eu\/de\/#website"},"primaryImageOfPage":{"@id":"https:\/\/startercultures.eu\/de\/product\/fermentation-de\/molkerei\/kase\/starterkulturen\/flora-danica\/#primaryimage"},"image":{"@id":"https:\/\/startercultures.eu\/de\/product\/fermentation-de\/molkerei\/kase\/starterkulturen\/flora-danica\/#primaryimage"},"thumbnailUrl":"https:\/\/startercultures.eu\/wp-content\/uploads\/2021\/12\/Flora-Danica-e1639919033579.png","datePublished":"2021-12-09T08:10:44+00:00","dateModified":"2026-04-13T18:01:38+00:00","description":"Flora Danica ist eine mesophile Kultur, die K\u00e4sesorten wie Gouda, Leerdam, Edam, Brie, Camembert und Blauschimmelk\u00e4se viel Aroma verleiht.","breadcrumb":{"@id":"https:\/\/startercultures.eu\/de\/product\/fermentation-de\/molkerei\/kase\/starterkulturen\/flora-danica\/#breadcrumb"},"inLanguage":"de-DE","potentialAction":[{"@type":"ReadAction","target":["https:\/\/startercultures.eu\/de\/product\/fermentation-de\/molkerei\/kase\/starterkulturen\/flora-danica\/"]}]},{"@type":"ImageObject","inLanguage":"de-DE","@id":"https:\/\/startercultures.eu\/de\/product\/fermentation-de\/molkerei\/kase\/starterkulturen\/flora-danica\/#primaryimage","url":"https:\/\/startercultures.eu\/wp-content\/uploads\/2021\/12\/Flora-Danica-e1639919033579.png","contentUrl":"https:\/\/startercultures.eu\/wp-content\/uploads\/2021\/12\/Flora-Danica-e1639919033579.png","width":449,"height":449,"caption":"Flora Danica"},{"@type":"BreadcrumbList","@id":"https:\/\/startercultures.eu\/de\/product\/fermentation-de\/molkerei\/kase\/starterkulturen\/flora-danica\/#breadcrumb","itemListElement":[{"@type":"ListItem","position":1,"name":"Home","item":"https:\/\/startercultures.eu\/de\/"},{"@type":"ListItem","position":2,"name":"Shop","item":"https:\/\/startercultures.eu\/shop\/"},{"@type":"ListItem","position":3,"name":"Flora Danica | f\u00fcr zus\u00e4tzliches Aroma und C02"}]},{"@type":"WebSite","@id":"https:\/\/startercultures.eu\/de\/#website","url":"https:\/\/startercultures.eu\/de\/","name":"Startercultures.eu","description":"Startercultures.eu","publisher":{"@id":"https:\/\/startercultures.eu\/de\/#organization"},"potentialAction":[{"@type":"SearchAction","target":{"@type":"EntryPoint","urlTemplate":"https:\/\/startercultures.eu\/de\/?s={search_term_string}"},"query-input":{"@type":"PropertyValueSpecification","valueRequired":true,"valueName":"search_term_string"}}],"inLanguage":"de-DE"},{"@type":"Organization","@id":"https:\/\/startercultures.eu\/de\/#organization","name":"Startercultures.eu","url":"https:\/\/startercultures.eu\/de\/","logo":{"@type":"ImageObject","inLanguage":"de-DE","@id":"https:\/\/startercultures.eu\/de\/#\/schema\/logo\/image\/","url":"https:\/\/startercultures.eu\/wp-content\/uploads\/2020\/08\/startercultures-eu-nl-logo-rond-rgb.png","contentUrl":"https:\/\/startercultures.eu\/wp-content\/uploads\/2020\/08\/startercultures-eu-nl-logo-rond-rgb.png","width":320,"height":320,"caption":"Startercultures.eu"},"image":{"@id":"https:\/\/startercultures.eu\/de\/#\/schema\/logo\/image\/"},"sameAs":["https:\/\/www.facebook.com\/startercultureseu","https:\/\/www.instagram.com\/startercultures.eu\/"]}]},"product_price_amount":"16.99","product_price_currency":"EUR","og_availability":"instock","product_availability":"instock","product_retailer_item_id":"252","product_condition":"new"},"_links":{"self":[{"href":"https:\/\/startercultures.eu\/de\/wp-json\/wp\/v2\/product\/24866","targetHints":{"allow":["GET"]}}],"collection":[{"href":"https:\/\/startercultures.eu\/de\/wp-json\/wp\/v2\/product"}],"about":[{"href":"https:\/\/startercultures.eu\/de\/wp-json\/wp\/v2\/types\/product"}],"replies":[{"embeddable":true,"href":"https:\/\/startercultures.eu\/de\/wp-json\/wp\/v2\/comments?post=24866"}],"version-history":[{"count":1,"href":"https:\/\/startercultures.eu\/de\/wp-json\/wp\/v2\/product\/24866\/revisions"}],"predecessor-version":[{"id":59987,"href":"https:\/\/startercultures.eu\/de\/wp-json\/wp\/v2\/product\/24866\/revisions\/59987"}],"wp:featuredmedia":[{"embeddable":true,"href":"https:\/\/startercultures.eu\/de\/wp-json\/wp\/v2\/media\/24332"}],"wp:attachment":[{"href":"https:\/\/startercultures.eu\/de\/wp-json\/wp\/v2\/media?parent=24866"}],"wp:term":[{"taxonomy":"product_brand","embeddable":true,"href":"https:\/\/startercultures.eu\/de\/wp-json\/wp\/v2\/product_brand?post=24866"},{"taxonomy":"product_cat","embeddable":true,"href":"https:\/\/startercultures.eu\/de\/wp-json\/wp\/v2\/product_cat?post=24866"},{"taxonomy":"product_tag","embeddable":true,"href":"https:\/\/startercultures.eu\/de\/wp-json\/wp\/v2\/product_tag?post=24866"}],"curies":[{"name":"wp","href":"https:\/\/api.w.org\/{rel}","templated":true}]}}