{"id":24919,"date":"2022-01-14T08:13:12","date_gmt":"2022-01-14T08:13:12","guid":{"rendered":"https:\/\/startercultures.eu\/product\/unkategorisiert\/kabelloser-ph-tester-mit-lab-app-fuer-fleisch-wurst-und-kaese\/"},"modified":"2024-11-09T01:15:06","modified_gmt":"2024-11-09T00:15:06","slug":"kabelloser-ph-tester-mit-lab-app-fur-fleisch-wurst-und-kase","status":"publish","type":"product","link":"https:\/\/startercultures.eu\/de\/product\/wurstwaren-und-charcuterie-de\/werkzeuge-de-7\/prufer\/kabelloser-ph-tester-mit-lab-app-fur-fleisch-wurst-und-kase\/","title":{"rendered":"Kabelloser pH-Tester mit Lab-App | f\u00fcr Fleisch, Wurst und K\u00e4se"},"content":{"rendered":"<p>Der pH-Wert ist ein Ma\u00df f\u00fcr den S\u00e4uregrad einer w\u00e4ssrigen L\u00f6sung. Der pH-Wert von Wasser betr\u00e4gt bei Raumtemperatur etwa 7. Bei Raumtemperatur haben saure L\u00f6sungen einen pH-Wert von weniger als 7 und damit einen hohen S\u00e4uregehalt. So hat Wasser einen pH-Wert von 7, Bier zwischen 4,5 und 5, Essig etwa 3 und Batteries\u00e4ure etwa 0,5. Der pH-Wert ist eine logarithmische Skala, d. h. ein Abfall um 1 pH-Punkt ist 10-mal saurer. Mit diesem pH-Tester k\u00f6nnen Sie den S\u00e4uregehalt Ihrer g\u00e4renden Wurst oder Ihres K\u00e4ses messen. Der pH-Wert muss w\u00e4hrend der <a href=\"https:\/\/startercultures.eu\/product-category\/sausages-and-charcuterie\/starter-cultures-for-sausage-making\/\" target=\"_blank\" rel=\"noopener\">G\u00e4rung<\/a> ausreichend sinken, um sicherzustellen, dass sich unerw\u00fcnschte Mikroorganismen nicht vermehren k\u00f6nnen.<\/p>\n<p>Der von Ihnen ben\u00f6tigte pH-Tester muss in der Lage sein, den pH-Wert in halbfesten Substanzen zu messen, ein so genanntes &#8220;Stabmodell&#8221;. Die einfacheren und billigeren Ger\u00e4te funktionieren nur f\u00fcr Fl\u00fcssigkeiten. Daher ist es schwierig, den pH-Wert Ihrer Wurst mit <a href=\"https:\/\/startercultures.eu\/product\/dairy\/yoghurt\/ph-strips\/\" target=\"_blank\" rel=\"noopener\">pH-Streifen<\/a> oder einem normalen <a href=\"https:\/\/startercultures.eu\/product\/dairy\/yoghurt\/yogurt-tools\/ph-meter-for-fermentation\/\" target=\"_blank\" rel=\"noopener\">pH-Meter<\/a> zu messen. Dieser kabellose pH-Tester funktioniert bei allen Substanzen.<\/p>\n<h3>\u00dcber pH-Wert und W\u00fcrste<\/h3>\n<p>Die S\u00e4ure spielt bei vielen Formen der G\u00e4rung eine wichtige Rolle. Je niedriger der pH-Wert, desto saurer ist das Produkt. Je s\u00e4urehaltiger Ihr Produkt ist, desto sicherer ist Ihr Produkt. Der pH-Wert Ihrer Wurst sollte nach der G\u00e4rung mindestens unter 5,3 fallen. Ein pH-Wert zwischen 4,8 und 5,3 ist in Ordnung. Eine geringere Menge ist auch erlaubt, aber das werden Sie wahrscheinlich ein wenig schmecken. H\u00f6heres ist nicht erlaubt, da es f\u00fcr den Verzehr ungeeignet w\u00e4re.<\/p>\n<h3>\u00dcber den drahtlosen pH-Tester f\u00fcr Fleisch<\/h3>\n<p>Dieser pH-Tester wurde speziell f\u00fcr die Messung des pH-Werts bei der Verarbeitung von Lebensmitteln entwickelt, z. B. bei der Herstellung von Trockenwurst oder K\u00e4se. Die Elektrode hat einen Mantel, der entfernt und gereinigt werden kann. Die konische Spitze sorgt f\u00fcr ein leichtes Eindringen in feste und halbfeste Materialien, was notwendig ist, wenn Sie eine direkte Messung in Fleisch oder K\u00e4se vornehmen m\u00f6chten. Das pH-empfindliche Glas verwendet eine spezielle Tieftemperaturtechnologie, die im Vergleich zu anderen pH-Metern einen geringeren Widerstand aufweist. Dies ist n\u00fctzlich bei der Messung von Lebensmitteln bei niedrigeren (K\u00fchl-)Temperaturen, um den idealen Widerstand f\u00fcr den Messkreis zu erhalten.<\/p>\n<p>Open-Source-Bluetooth erm\u00f6glicht eine einfache Integration in Datenerfassungssysteme, und das Pr\u00fcfger\u00e4t wird mit einer Lab-App f\u00fcr Ihr Android- und iOS-Telefon geliefert.<\/p>\n<h3>Wie verwenden Sie den kabellosen pH-Tester?<\/h3>\n<p>Dieser pH-Tester im Taschenformat wurde entwickelt, um das Testen des pH-Werts von Fleisch oder K\u00e4se zu vereinfachen, und ist f\u00fcr eine lange Lebensdauer ausgelegt. Beim Einstecken wird der Fleischtester automatisch kalibriert. Eine Stabilit\u00e4tsanzeige auf dem Bildschirm gew\u00e4hrleistet ein H\u00f6chstma\u00df an Vertrauen in Ihre Ergebnisse. Die w\u00e4hlbare automatische Abschaltfunktion verl\u00e4ngert die Batterielebensdauer und sorgt f\u00fcr Ruhe und Energieeinsparungen, falls das Messger\u00e4t versehentlich eingeschaltet bleibt.<\/p>\n<ol>\n<li>Vor dem Test: Kalibrieren Sie Ihr pH-Meter (siehe die Anleitung dazu).<\/li>\n<li>Sp\u00fclen Sie die Kalibrierfl\u00fcssigkeit vorsichtig mit langsam flie\u00dfendem Leitungswasser ab.<\/li>\n<li>Nehmen Sie Ihre Messungen vor<\/li>\n<li>Reinigen Sie die Spitze Ihres pH-Meters bei Bedarf zwischen den Messungen, indem Sie sie etwa eine Minute lang in die Reinigungsfl\u00fcssigkeit legen.<\/li>\n<li>Legen Sie die Spitze des pH-Meters nach dem Test mindestens 15 Minuten lang in die Reinigungsfl\u00fcssigkeit. Ein paar Tropfen in der Gummiabdeckung gen\u00fcgen.<\/li>\n<li>Reinigen Sie den Gummibelag mit Wasser<\/li>\n<li>Bewahren Sie dann die Spitze des pH-Meters in der Gummih\u00fclle mit ein paar Tropfen Aufbewahrungsl\u00f6sung auf.<\/li>\n<\/ol>\n<h3>Universelle Bluetooth-Konnektivit\u00e4t und eine App<\/h3>\n<p>Das Open-Source-Bluetooth-Protokoll erm\u00f6glicht die einfache Integration des kabellosen pH-Testers in das Labor-Informations-Management-System (LIMS). Die Hanna Lab App verwandelt ein Android-Ger\u00e4t in ein voll funktionsf\u00e4higes pH-Messger\u00e4t. Die Messung und Aufzeichnung von pH-Wert und Temperatur im Sekundentakt beginnt, sobald die Sonde angeschlossen ist. Die Messung kann mit tabellarischen Daten oder einem Diagramm angezeigt werden. Das Diagramm kann mit der Pinch-to-Zoom-Technologie geschwenkt und gezoomt werden, um die Darstellung zu verbessern.<\/p>\n<p><em>Anweisungen zur Installation der App<\/em>: Deaktivieren Sie die Bluetooth-Suche in den Bluetooth-Einstellungen Ihres Telefons. Lassen Sie die App vollst\u00e4ndig hochfahren und fordern Sie sie auf, Bluetooth zu aktivieren. wenn Sie Bluetooth selbst einschalten, wird keine Verbindung hergestellt.<\/p>\n<p>Der drahtlose pH-Tester ist <a href=\"https:\/\/en.wikipedia.org\/wiki\/Good_laboratory_practice#:~:text=In%20the%20experimental%20(non%2Dclinical,for%20human%20or%20animal%20health%20(\" target=\"_blank\" rel=\"noopener\">GLP-konform<\/a>.<\/p>\n<h3>Anweisungen zur Kalibrierung<\/h3>\n<ol>\n<li>dr\u00fccken Sie die Taste, bis CAL angezeigt wird<\/li>\n<li>den <a href=\"https:\/\/startercultures.eu\/product\/vegetables\/vegetable-tools\/15-pack-ph-calibration-buffer-powder-5-sets-of-3\/\">fl\u00fcssigen pH-Puffer 7.<\/a> 01 in einen Beh\u00e4lter geben, den fl\u00fcssigen pH-Puffer 4.01 ebenfalls in einen anderen Beh\u00e4lter geben<\/li>\n<li>das Display sollte 7.01 anzeigen<\/li>\n<li>Legen Sie die Spitze des Messger\u00e4ts in die 7,01-Pufferl\u00f6sung.<\/li>\n<li>Wenn das Ger\u00e4t einen stabilen Wert erreicht hat (=geeicht), leuchtet das Stabilit\u00e4tssymbol (eine Art Sanduhr).<\/li>\n<li>wenn alles gut geht, erscheint auf dem Bildschirm automatisch der Wert 4,01<\/li>\n<li>die Spitze des Messger\u00e4ts in die Pufferfl\u00fcssigkeit 4.01 stecken<\/li>\n<li>Wenn das Ger\u00e4t einen stabilen Wert erreicht hat (= kalibriert), leuchtet das Stabilit\u00e4tssymbol weiter.<\/li>\n<li>Wenn dies der Fall ist, wird STO auf dem Display angezeigt. Die Kalibrierung ist abgeschlossen.<\/li>\n<li>Sie k\u00f6nnen das Messger\u00e4t aus- und einschalten und es verwenden<\/li>\n<\/ol>\n<h3>So pflegen Sie Ihr kabelloses pH-Messger\u00e4t<\/h3>\n<p>Bitte lesen Sie dies sorgf\u00e4ltig durch, denn wenn Sie Ihren pH-Tester nicht pflegen, wird seine Lebensdauer stark verk\u00fcrzt und Sie verlieren Ihre Garantie.<\/p>\n<ul>\n<li>Wenn Sie den pH-Tester nicht benutzen, halten Sie die Spitze <em>immer<\/em> mit der Aufbewahrungsl\u00f6sung bedeckt. Ein paar Tropfen in der Gummiabdeckung gen\u00fcgen.<\/li>\n<li>Nach dem \u00d6ffnen des Beutels mit der Reinigungsfl\u00fcssigkeit k\u00f6nnen Sie diese in einem sauberen, gut verschlossenen Beh\u00e4lter bei Zimmertemperatur aufbewahren.<\/li>\n<li>Die Pufferfl\u00fcssigkeit kann in einem geschlossenen Beh\u00e4lter etwa 1 Woche lang aufbewahrt werden, danach verliert sie ihren pH-Wert.<\/li>\n<\/ul>\n<h3>Wof\u00fcr k\u00f6nnen Sie den kabellosen pH-Tester verwenden?<\/h3>\n<p>Alles von \u00c4pfeln bis zu Elefanten, aber wir empfehlen die Verwendung nur f\u00fcr Wurst\/K\u00e4se und dergleichen. Es kann auch f\u00fcr alle regelm\u00e4\u00dfigen pH-Tests all Ihrer fermentierten Produkte wie Joghurt, Wein, Kombucha, Essig, Waterkefir usw. verwendet werden.<\/p>\n<h3>Inhalt &amp; Details<\/h3>\n<p>Im Lieferumfang sind alle notwendigen L\u00f6sungen und Batterien enthalten &#8211; alles, was Sie brauchen, um sofort mit der Messung zu beginnen.<\/p>\n<ul>\n<li>\u00b10,05 <a href=\"https:\/\/en.wikipedia.org\/wiki\/PH\" target=\"_blank\" rel=\"noopener\">pH-Genauigkeit<\/a><\/li>\n<li>pH-Bereiche 0,00 bis 12,00 pH<\/li>\n<li>Spezialelektrode zur stichprobenartigen Kontrolle des pH-Wertes bei der Fleischverarbeitung.<\/li>\n<li>Stabilit\u00e4tsanzeige und Batteriestand<\/li>\n<li>Einfache 1- oder 2-Punkt-Kalibrierung<\/li>\n<li>Benachrichtigung, wenn die Elektrode gereinigt werden muss<\/li>\n<li>Ersetzbarer Elektrolyt<\/li>\n<li>Niedrigtemperatur-Glas<\/li>\n<li>Austauschbarer Li-Ionen-Akku: ca. 800 Stunden Dauerbetrieb<\/li>\n<\/ul>\n<h3>Was ist in der Schachtel?<\/h3>\n<ul>\n<li>Ein Fleisch-\/K\u00e4se-pH-Tester (einschlie\u00dflich Batterie)<\/li>\n<li>Gebrauchsanweisung<\/li>\n<li>einen doppelten Satz Pufferl\u00f6sungen f\u00fcr die Kalibrierung Ihres pH-Testers<\/li>\n<li>ein Doppelset mit Reinigungsl\u00f6sung f\u00fcr Fette, Fett und Fleisch<\/li>\n<li>Eine Speicherl\u00f6sung<\/li>\n<li>ein gelierter Br\u00fcckenelektrolyt<\/li>\n<\/ul>\n","protected":false},"excerpt":{"rendered":"<p>Dieser kabellose Fleisch- und K\u00e4setester im Taschenformat ist f\u00fcr eine lange Lebensdauer ausgelegt. Im Lieferumfang ist alles enthalten, was Sie brauchen, um sofort mit der Messung zu beginnen. Kann auch f\u00fcr alle anderen Arten der G\u00e4rung verwendet werden. Open-Source-Bluetooth erm\u00f6glicht die einfache Integration in aktuelle Datenerfassungssysteme. Au\u00dferdem gibt es eine App.<\/p>\n","protected":false},"featured_media":24355,"comment_status":"open","ping_status":"closed","template":"","meta":{"_acf_changed":false,"footnotes":""},"product_brand":[],"product_cat":[664,665,659,661,673,644,662,656,663,658],"product_tag":[],"class_list":{"0":"post-24919","1":"product","2":"type-product","3":"status-publish","4":"has-post-thumbnail","6":"product_cat-prufer","7":"product_cat-prufung","8":"product_cat-werkzeuge-de-3","9":"product_cat-werkzeuge-de-4","10":"product_cat-werkzeuge-de-7","11":"product_cat-werkzeuge","12":"product_cat-werkzeuge-de-5","13":"product_cat-werkzeuge-de","14":"product_cat-werkzeuge-de-6","15":"product_cat-werkzeuge-de-2","16":"product_shipping_class-klein-pakket-de","17":"pa_ean-8720297621505-de","19":"first","20":"outofstock","21":"taxable","22":"shipping-taxable","23":"purchasable","24":"product-type-simple"},"acf":[],"yoast_head":"<!-- This site is optimized with the Yoast SEO plugin v26.6 - https:\/\/yoast.com\/wordpress\/plugins\/seo\/ -->\n<title>Kabelloser pH-Tester |sitename<\/title>\n<meta name=\"description\" content=\"Dieser kabellose pH-Tester im Taschenformat ist f\u00fcr eine lange Lebensdauer ausgelegt. Dieses professionelle Modell ist mit Bluetooth f\u00fcr die Integration in Datensysteme ausgestattet\" \/>\n<meta name=\"robots\" content=\"index, follow, max-snippet:-1, max-image-preview:large, max-video-preview:-1\" \/>\n<link rel=\"canonical\" href=\"https:\/\/startercultures.eu\/de\/product\/wurstwaren-und-charcuterie-de\/werkzeuge-de-7\/prufer\/kabelloser-ph-tester-mit-lab-app-fur-fleisch-wurst-und-kase\/\" \/>\n<meta property=\"og:locale\" content=\"de_DE\" \/>\n<meta property=\"og:type\" content=\"article\" \/>\n<meta property=\"og:title\" content=\"Kabelloser pH-Tester |sitename\" \/>\n<meta property=\"og:description\" content=\"Dieser kabellose pH-Tester im Taschenformat ist f\u00fcr eine lange Lebensdauer ausgelegt. Dieses professionelle Modell ist mit Bluetooth f\u00fcr die Integration in Datensysteme ausgestattet\" \/>\n<meta property=\"og:url\" content=\"https:\/\/startercultures.eu\/de\/product\/wurstwaren-und-charcuterie-de\/werkzeuge-de-7\/prufer\/kabelloser-ph-tester-mit-lab-app-fur-fleisch-wurst-und-kase\/\" \/>\n<meta property=\"og:site_name\" content=\"Startercultures.eu\" \/>\n<meta property=\"article:publisher\" content=\"https:\/\/www.facebook.com\/startercultureseu\" \/>\n<meta property=\"article:modified_time\" content=\"2024-11-09T00:15:06+00:00\" \/>\n<meta property=\"og:image\" content=\"https:\/\/startercultures.eu\/wp-content\/uploads\/2022\/01\/Ph-meter.png\" \/>\n\t<meta property=\"og:image:width\" content=\"450\" \/>\n\t<meta property=\"og:image:height\" content=\"450\" \/>\n\t<meta property=\"og:image:type\" content=\"image\/png\" \/>\n<meta name=\"twitter:card\" content=\"summary_large_image\" \/>\n<meta name=\"twitter:label1\" content=\"Price\" \/>\n\t<meta name=\"twitter:data1\" content=\"257,-\" \/>\n\t<meta name=\"twitter:label2\" content=\"Availability\" \/>\n\t<meta name=\"twitter:data2\" content=\"Nicht auf Lager\" \/>\n<script type=\"application\/ld+json\" class=\"yoast-schema-graph\">{\"@context\":\"https:\/\/schema.org\",\"@graph\":[{\"@type\":\"WebPage\",\"@id\":\"https:\/\/startercultures.eu\/de\/product\/wurstwaren-und-charcuterie-de\/werkzeuge-de-7\/prufer\/kabelloser-ph-tester-mit-lab-app-fur-fleisch-wurst-und-kase\/\",\"url\":\"https:\/\/startercultures.eu\/de\/product\/wurstwaren-und-charcuterie-de\/werkzeuge-de-7\/prufer\/kabelloser-ph-tester-mit-lab-app-fur-fleisch-wurst-und-kase\/\",\"name\":\"Kabelloser pH-Tester |sitename\",\"isPartOf\":{\"@id\":\"https:\/\/startercultures.eu\/de\/#website\"},\"primaryImageOfPage\":{\"@id\":\"https:\/\/startercultures.eu\/de\/product\/wurstwaren-und-charcuterie-de\/werkzeuge-de-7\/prufer\/kabelloser-ph-tester-mit-lab-app-fur-fleisch-wurst-und-kase\/#primaryimage\"},\"image\":{\"@id\":\"https:\/\/startercultures.eu\/de\/product\/wurstwaren-und-charcuterie-de\/werkzeuge-de-7\/prufer\/kabelloser-ph-tester-mit-lab-app-fur-fleisch-wurst-und-kase\/#primaryimage\"},\"thumbnailUrl\":\"https:\/\/startercultures.eu\/wp-content\/uploads\/2022\/01\/Ph-meter.png\",\"datePublished\":\"2022-01-14T08:13:12+00:00\",\"dateModified\":\"2024-11-09T00:15:06+00:00\",\"description\":\"Dieser kabellose pH-Tester im Taschenformat ist f\u00fcr eine lange Lebensdauer ausgelegt. Dieses professionelle Modell ist mit Bluetooth f\u00fcr die Integration in Datensysteme ausgestattet\",\"breadcrumb\":{\"@id\":\"https:\/\/startercultures.eu\/de\/product\/wurstwaren-und-charcuterie-de\/werkzeuge-de-7\/prufer\/kabelloser-ph-tester-mit-lab-app-fur-fleisch-wurst-und-kase\/#breadcrumb\"},\"inLanguage\":\"de-DE\",\"potentialAction\":[{\"@type\":\"ReadAction\",\"target\":[\"https:\/\/startercultures.eu\/de\/product\/wurstwaren-und-charcuterie-de\/werkzeuge-de-7\/prufer\/kabelloser-ph-tester-mit-lab-app-fur-fleisch-wurst-und-kase\/\"]}]},{\"@type\":\"ImageObject\",\"inLanguage\":\"de-DE\",\"@id\":\"https:\/\/startercultures.eu\/de\/product\/wurstwaren-und-charcuterie-de\/werkzeuge-de-7\/prufer\/kabelloser-ph-tester-mit-lab-app-fur-fleisch-wurst-und-kase\/#primaryimage\",\"url\":\"https:\/\/startercultures.eu\/wp-content\/uploads\/2022\/01\/Ph-meter.png\",\"contentUrl\":\"https:\/\/startercultures.eu\/wp-content\/uploads\/2022\/01\/Ph-meter.png\",\"width\":450,\"height\":450,\"caption\":\"Halo2_pH_meter_f\u00fcr_Fleisch\"},{\"@type\":\"BreadcrumbList\",\"@id\":\"https:\/\/startercultures.eu\/de\/product\/wurstwaren-und-charcuterie-de\/werkzeuge-de-7\/prufer\/kabelloser-ph-tester-mit-lab-app-fur-fleisch-wurst-und-kase\/#breadcrumb\",\"itemListElement\":[{\"@type\":\"ListItem\",\"position\":1,\"name\":\"Home\",\"item\":\"https:\/\/startercultures.eu\/de\/\"},{\"@type\":\"ListItem\",\"position\":2,\"name\":\"Shop\",\"item\":\"https:\/\/startercultures.eu\/shop\/\"},{\"@type\":\"ListItem\",\"position\":3,\"name\":\"Kabelloser pH-Tester mit Lab-App | f\u00fcr Fleisch, Wurst und K\u00e4se\"}]},{\"@type\":\"WebSite\",\"@id\":\"https:\/\/startercultures.eu\/de\/#website\",\"url\":\"https:\/\/startercultures.eu\/de\/\",\"name\":\"Startercultures.eu\",\"description\":\"Startercultures.eu\",\"publisher\":{\"@id\":\"https:\/\/startercultures.eu\/de\/#organization\"},\"potentialAction\":[{\"@type\":\"SearchAction\",\"target\":{\"@type\":\"EntryPoint\",\"urlTemplate\":\"https:\/\/startercultures.eu\/de\/?s={search_term_string}\"},\"query-input\":{\"@type\":\"PropertyValueSpecification\",\"valueRequired\":true,\"valueName\":\"search_term_string\"}}],\"inLanguage\":\"de-DE\"},{\"@type\":\"Organization\",\"@id\":\"https:\/\/startercultures.eu\/de\/#organization\",\"name\":\"Startercultures.eu\",\"url\":\"https:\/\/startercultures.eu\/de\/\",\"logo\":{\"@type\":\"ImageObject\",\"inLanguage\":\"de-DE\",\"@id\":\"https:\/\/startercultures.eu\/de\/#\/schema\/logo\/image\/\",\"url\":\"https:\/\/startercultures.eu\/wp-content\/uploads\/2020\/08\/startercultures-eu-nl-logo-rond-rgb.png\",\"contentUrl\":\"https:\/\/startercultures.eu\/wp-content\/uploads\/2020\/08\/startercultures-eu-nl-logo-rond-rgb.png\",\"width\":320,\"height\":320,\"caption\":\"Startercultures.eu\"},\"image\":{\"@id\":\"https:\/\/startercultures.eu\/de\/#\/schema\/logo\/image\/\"},\"sameAs\":[\"https:\/\/www.facebook.com\/startercultureseu\",\"https:\/\/www.instagram.com\/startercultures.eu\/\"]}]}<\/script>\n<meta property=\"product:price:amount\" content=\"257.00\" \/>\n<meta property=\"product:price:currency\" content=\"EUR\" \/>\n<meta property=\"og:availability\" content=\"out of stock\" \/>\n<meta property=\"product:availability\" content=\"out of stock\" \/>\n<meta property=\"product:retailer_item_id\" content=\"259\" \/>\n<meta property=\"product:condition\" content=\"new\" \/>\n<!-- \/ Yoast SEO plugin. -->","yoast_head_json":{"title":"Kabelloser pH-Tester |sitename","description":"Dieser kabellose pH-Tester im Taschenformat ist f\u00fcr eine lange Lebensdauer ausgelegt. Dieses professionelle Modell ist mit Bluetooth f\u00fcr die Integration in Datensysteme ausgestattet","robots":{"index":"index","follow":"follow","max-snippet":"max-snippet:-1","max-image-preview":"max-image-preview:large","max-video-preview":"max-video-preview:-1"},"canonical":"https:\/\/startercultures.eu\/de\/product\/wurstwaren-und-charcuterie-de\/werkzeuge-de-7\/prufer\/kabelloser-ph-tester-mit-lab-app-fur-fleisch-wurst-und-kase\/","og_locale":"de_DE","og_type":"article","og_title":"Kabelloser pH-Tester |sitename","og_description":"Dieser kabellose pH-Tester im Taschenformat ist f\u00fcr eine lange Lebensdauer ausgelegt. Dieses professionelle Modell ist mit Bluetooth f\u00fcr die Integration in Datensysteme ausgestattet","og_url":"https:\/\/startercultures.eu\/de\/product\/wurstwaren-und-charcuterie-de\/werkzeuge-de-7\/prufer\/kabelloser-ph-tester-mit-lab-app-fur-fleisch-wurst-und-kase\/","og_site_name":"Startercultures.eu","article_publisher":"https:\/\/www.facebook.com\/startercultureseu","article_modified_time":"2024-11-09T00:15:06+00:00","og_image":[{"width":450,"height":450,"url":"https:\/\/startercultures.eu\/wp-content\/uploads\/2022\/01\/Ph-meter.png","type":"image\/png"}],"twitter_card":"summary_large_image","twitter_misc":{"Price":"257,-","Availability":"Nicht auf Lager"},"schema":{"@context":"https:\/\/schema.org","@graph":[{"@type":"WebPage","@id":"https:\/\/startercultures.eu\/de\/product\/wurstwaren-und-charcuterie-de\/werkzeuge-de-7\/prufer\/kabelloser-ph-tester-mit-lab-app-fur-fleisch-wurst-und-kase\/","url":"https:\/\/startercultures.eu\/de\/product\/wurstwaren-und-charcuterie-de\/werkzeuge-de-7\/prufer\/kabelloser-ph-tester-mit-lab-app-fur-fleisch-wurst-und-kase\/","name":"Kabelloser pH-Tester |sitename","isPartOf":{"@id":"https:\/\/startercultures.eu\/de\/#website"},"primaryImageOfPage":{"@id":"https:\/\/startercultures.eu\/de\/product\/wurstwaren-und-charcuterie-de\/werkzeuge-de-7\/prufer\/kabelloser-ph-tester-mit-lab-app-fur-fleisch-wurst-und-kase\/#primaryimage"},"image":{"@id":"https:\/\/startercultures.eu\/de\/product\/wurstwaren-und-charcuterie-de\/werkzeuge-de-7\/prufer\/kabelloser-ph-tester-mit-lab-app-fur-fleisch-wurst-und-kase\/#primaryimage"},"thumbnailUrl":"https:\/\/startercultures.eu\/wp-content\/uploads\/2022\/01\/Ph-meter.png","datePublished":"2022-01-14T08:13:12+00:00","dateModified":"2024-11-09T00:15:06+00:00","description":"Dieser kabellose pH-Tester im Taschenformat ist f\u00fcr eine lange Lebensdauer ausgelegt. Dieses professionelle Modell ist mit Bluetooth f\u00fcr die Integration in Datensysteme ausgestattet","breadcrumb":{"@id":"https:\/\/startercultures.eu\/de\/product\/wurstwaren-und-charcuterie-de\/werkzeuge-de-7\/prufer\/kabelloser-ph-tester-mit-lab-app-fur-fleisch-wurst-und-kase\/#breadcrumb"},"inLanguage":"de-DE","potentialAction":[{"@type":"ReadAction","target":["https:\/\/startercultures.eu\/de\/product\/wurstwaren-und-charcuterie-de\/werkzeuge-de-7\/prufer\/kabelloser-ph-tester-mit-lab-app-fur-fleisch-wurst-und-kase\/"]}]},{"@type":"ImageObject","inLanguage":"de-DE","@id":"https:\/\/startercultures.eu\/de\/product\/wurstwaren-und-charcuterie-de\/werkzeuge-de-7\/prufer\/kabelloser-ph-tester-mit-lab-app-fur-fleisch-wurst-und-kase\/#primaryimage","url":"https:\/\/startercultures.eu\/wp-content\/uploads\/2022\/01\/Ph-meter.png","contentUrl":"https:\/\/startercultures.eu\/wp-content\/uploads\/2022\/01\/Ph-meter.png","width":450,"height":450,"caption":"Halo2_pH_meter_f\u00fcr_Fleisch"},{"@type":"BreadcrumbList","@id":"https:\/\/startercultures.eu\/de\/product\/wurstwaren-und-charcuterie-de\/werkzeuge-de-7\/prufer\/kabelloser-ph-tester-mit-lab-app-fur-fleisch-wurst-und-kase\/#breadcrumb","itemListElement":[{"@type":"ListItem","position":1,"name":"Home","item":"https:\/\/startercultures.eu\/de\/"},{"@type":"ListItem","position":2,"name":"Shop","item":"https:\/\/startercultures.eu\/shop\/"},{"@type":"ListItem","position":3,"name":"Kabelloser pH-Tester mit Lab-App | f\u00fcr Fleisch, Wurst und K\u00e4se"}]},{"@type":"WebSite","@id":"https:\/\/startercultures.eu\/de\/#website","url":"https:\/\/startercultures.eu\/de\/","name":"Startercultures.eu","description":"Startercultures.eu","publisher":{"@id":"https:\/\/startercultures.eu\/de\/#organization"},"potentialAction":[{"@type":"SearchAction","target":{"@type":"EntryPoint","urlTemplate":"https:\/\/startercultures.eu\/de\/?s={search_term_string}"},"query-input":{"@type":"PropertyValueSpecification","valueRequired":true,"valueName":"search_term_string"}}],"inLanguage":"de-DE"},{"@type":"Organization","@id":"https:\/\/startercultures.eu\/de\/#organization","name":"Startercultures.eu","url":"https:\/\/startercultures.eu\/de\/","logo":{"@type":"ImageObject","inLanguage":"de-DE","@id":"https:\/\/startercultures.eu\/de\/#\/schema\/logo\/image\/","url":"https:\/\/startercultures.eu\/wp-content\/uploads\/2020\/08\/startercultures-eu-nl-logo-rond-rgb.png","contentUrl":"https:\/\/startercultures.eu\/wp-content\/uploads\/2020\/08\/startercultures-eu-nl-logo-rond-rgb.png","width":320,"height":320,"caption":"Startercultures.eu"},"image":{"@id":"https:\/\/startercultures.eu\/de\/#\/schema\/logo\/image\/"},"sameAs":["https:\/\/www.facebook.com\/startercultureseu","https:\/\/www.instagram.com\/startercultures.eu\/"]}]},"product_price_amount":"257.00","product_price_currency":"EUR","og_availability":"out of stock","product_availability":"out of stock","product_retailer_item_id":"259","product_condition":"new"},"_links":{"self":[{"href":"https:\/\/startercultures.eu\/de\/wp-json\/wp\/v2\/product\/24919","targetHints":{"allow":["GET"]}}],"collection":[{"href":"https:\/\/startercultures.eu\/de\/wp-json\/wp\/v2\/product"}],"about":[{"href":"https:\/\/startercultures.eu\/de\/wp-json\/wp\/v2\/types\/product"}],"replies":[{"embeddable":true,"href":"https:\/\/startercultures.eu\/de\/wp-json\/wp\/v2\/comments?post=24919"}],"version-history":[{"count":1,"href":"https:\/\/startercultures.eu\/de\/wp-json\/wp\/v2\/product\/24919\/revisions"}],"predecessor-version":[{"id":60526,"href":"https:\/\/startercultures.eu\/de\/wp-json\/wp\/v2\/product\/24919\/revisions\/60526"}],"wp:featuredmedia":[{"embeddable":true,"href":"https:\/\/startercultures.eu\/de\/wp-json\/wp\/v2\/media\/24355"}],"wp:attachment":[{"href":"https:\/\/startercultures.eu\/de\/wp-json\/wp\/v2\/media?parent=24919"}],"wp:term":[{"taxonomy":"product_brand","embeddable":true,"href":"https:\/\/startercultures.eu\/de\/wp-json\/wp\/v2\/product_brand?post=24919"},{"taxonomy":"product_cat","embeddable":true,"href":"https:\/\/startercultures.eu\/de\/wp-json\/wp\/v2\/product_cat?post=24919"},{"taxonomy":"product_tag","embeddable":true,"href":"https:\/\/startercultures.eu\/de\/wp-json\/wp\/v2\/product_tag?post=24919"}],"curies":[{"name":"wp","href":"https:\/\/api.w.org\/{rel}","templated":true}]}}