{"id":24920,"date":"2021-12-09T10:53:27","date_gmt":"2021-12-09T10:53:27","guid":{"rendered":"https:\/\/startercultures.eu\/product\/unkategorisiert\/camembertform-350-gramm-mit-stoessel\/"},"modified":"2025-07-30T23:20:40","modified_gmt":"2025-07-30T21:20:40","slug":"camembert-form-350-gramm-mit-deckel","status":"publish","type":"product","link":"https:\/\/startercultures.eu\/de\/product\/fermentation-de\/molkerei\/kase\/werkzeuge-de\/camembert-form-350-gramm-mit-deckel\/","title":{"rendered":"Camembertform &#8211; 350 Gramm"},"content":{"rendered":"<p>Die zylindrische gelochte Camembertform ist f\u00fcr die Herstellung von Camembertk\u00e4se bestimmt. Sie k\u00f6nnen auch Blauschimmelk\u00e4se und andere Weichk\u00e4se damit herstellen.<\/p>\n<h3>Inhalt Camembert-Form<\/h3>\n<ul>\n<li>1 Camembertform<\/li>\n<li>Gr\u00f6\u00dfe = 108 mm Durchmesser und 58 mm H\u00f6he<\/li>\n<\/ul>\n<h3 data-fontsize=\"21\" data-lineheight=\"27.3px\">Kaufen Sie eine Camembert-Form?<\/h3>\n<p>Bestellen Sie Ihre Camembert-Form bei startercultures.eu, dem europ\u00e4ischen Webshop f\u00fcr alle Ihre Fermentationsanforderungen. Von Meneer Wateetons, dem bekannten niederl\u00e4ndischen G\u00e4rungsexperten und Autor. Bestellen Sie werktags vor 15 Uhr und wir liefern noch am selben Tag. Fragen zur Verwendung der <span data-sheets-value=\"{\" data-sheets-userformat=\"{\">Form<\/span>? Frag sie in unserem Chat, wir helfen dir gerne!<\/p>\n<h3>Online-Workshop &#8220;Veganen K\u00e4se zu Hause herstellen&#8221; (mit Untertiteln)<\/h3>\n<p>In <a href=\"https:\/\/startercultures.eu\/product\/vegan-main\/vegan-dairy\/online-english-subtitled-vegan-cheese-workshop\/\" target=\"_blank\" rel=\"noopener\">diesem Workshop mit englischen Untertiteln<\/a> lernen Sie die Theorie und Praxis der Herstellung von veganem K\u00e4se<img decoding=\"async\" class=\"lazyload  wp-image-24266 alignright\" src=\"https:\/\/startercultures.eu\/wp-content\/uploads\/2021\/06\/Vegan-cheese-starter-kit-300x222.png\" data-orig-src=\"https:\/\/startercultures.eu\/wp-content\/uploads\/2021\/06\/Vegan-cheese-starter-kit-300x222.png\" alt=\"Veganes Blauschimmelk\u00e4se Starterkultur Kit\" width=\"219\" height=\"162\" srcset=\"data:image\/svg+xml,%3Csvg%20xmlns%3D%27http%3A%2F%2Fwww.w3.org%2F2000%2Fsvg%27%20width%3D%27219%27%20height%3D%27162%27%20viewBox%3D%270%200%20219%20162%27%3E%3Crect%20width%3D%27219%27%20height%3D%27162%27%20fill-opacity%3D%220%22%2F%3E%3C%2Fsvg%3E\" data-srcset=\"https:\/\/startercultures.eu\/wp-content\/uploads\/2021\/06\/Vegan-cheese-starter-kit-200x148.png 200w, https:\/\/startercultures.eu\/wp-content\/uploads\/2021\/06\/Vegan-cheese-starter-kit-300x222.png 300w, https:\/\/startercultures.eu\/wp-content\/uploads\/2021\/06\/Vegan-cheese-starter-kit-400x296.png 400w, https:\/\/startercultures.eu\/wp-content\/uploads\/2021\/06\/Vegan-cheese-starter-kit-500x370.png 500w, https:\/\/startercultures.eu\/wp-content\/uploads\/2021\/06\/Vegan-cheese-starter-kit-600x445.png 600w, https:\/\/startercultures.eu\/wp-content\/uploads\/2021\/06\/Vegan-cheese-starter-kit-700x519.png 700w, https:\/\/startercultures.eu\/wp-content\/uploads\/2021\/06\/Vegan-cheese-starter-kit-768x569.png 768w, https:\/\/startercultures.eu\/wp-content\/uploads\/2021\/06\/Vegan-cheese-starter-kit-800x593.png 800w, https:\/\/startercultures.eu\/wp-content\/uploads\/2021\/06\/Vegan-cheese-starter-kit-1024x759.png 1024w, https:\/\/startercultures.eu\/wp-content\/uploads\/2021\/06\/Vegan-cheese-starter-kit.png 1200w\" data-sizes=\"auto\" data-orig-sizes=\"(max-width: 219px) 100vw, 219px\" \/>s zu Hause, mit dem Schwerpunkt auf veganem Camembert und veganem Blauschimmelk\u00e4se. Foodwriter<a href=\"https:\/\/wateetons.com\/\" target=\"_blank\" rel=\"noopener\">&#8216;Meneer Wateetons&#8217;<\/a>, Autor mehrerer B\u00fccher \u00fcber Fermentierung und alternative Lebensmittelzubereitungstechniken, wird Ihnen alles \u00fcber Fermentierung, P\u00f6kelsalze, Lebensmittelsicherheit, <a href=\"https:\/\/en.wikipedia.org\/wiki\/PH\" target=\"_blank\" rel=\"noopener\">pH-Wert<\/a>, Starterkulturen, Schimmelpilze und Trocknungsbedingungen beibringen. Klicken Sie <a href=\"https:\/\/startercultures.eu\/product\/vegan-main\/vegan-dairy\/online-english-subtitled-vegan-cheese-workshop\/\" target=\"_blank\" rel=\"noopener\">hier<\/a> f\u00fcr weitere Informationen.<\/p>\n","protected":false},"excerpt":{"rendered":"<p>Die zylindrische gelochte K\u00e4seform ist f\u00fcr die Herstellung von Camembert-K\u00e4se gedacht. Sie k\u00f6nnen auch Blauschimmelk\u00e4se und andere Weichk\u00e4se damit herstellen. Inklusive eines Anh\u00e4ngers<\/p>\n","protected":false},"featured_media":65771,"comment_status":"open","ping_status":"closed","template":"","meta":{"_acf_changed":false,"footnotes":""},"product_brand":[],"product_cat":[646,660,656],"product_tag":[],"class_list":{"0":"post-24920","1":"product","2":"type-product","3":"status-publish","4":"has-post-thumbnail","6":"product_cat-kase","7":"product_cat-schimmelpilze","8":"product_cat-werkzeuge-de","9":"product_shipping_class-klein-pakket-de","10":"pa_ean-8720297621420-de","12":"first","13":"instock","14":"taxable","15":"shipping-taxable","16":"purchasable","17":"product-type-simple"},"acf":[],"yoast_head":"<!-- This site is optimized with the Yoast SEO plugin v26.6 - https:\/\/yoast.com\/wordpress\/plugins\/seo\/ -->\n<title>Camembertform - 350 Gramm - Startercultures.eu<\/title>\n<meta name=\"description\" content=\"Die zylindrische gelochte Camembertform ist f\u00fcr die Herstellung von Camembertk\u00e4se bestimmt. Die Herstellung von Camembert wird zum Kinderspiel!\" \/>\n<meta name=\"robots\" content=\"index, follow, max-snippet:-1, max-image-preview:large, max-video-preview:-1\" \/>\n<link rel=\"canonical\" href=\"https:\/\/startercultures.eu\/de\/product\/fermentation-de\/molkerei\/kase\/werkzeuge-de\/camembert-form-350-gramm-mit-deckel\/\" \/>\n<meta property=\"og:locale\" content=\"de_DE\" \/>\n<meta property=\"og:type\" content=\"article\" \/>\n<meta property=\"og:title\" content=\"Camembertform - 350 Gramm - Startercultures.eu\" \/>\n<meta property=\"og:description\" content=\"Die zylindrische gelochte Camembertform ist f\u00fcr die Herstellung von Camembertk\u00e4se bestimmt. Die Herstellung von Camembert wird zum Kinderspiel!\" \/>\n<meta property=\"og:url\" content=\"https:\/\/startercultures.eu\/de\/product\/fermentation-de\/molkerei\/kase\/werkzeuge-de\/camembert-form-350-gramm-mit-deckel\/\" \/>\n<meta property=\"og:site_name\" content=\"Startercultures.eu\" \/>\n<meta property=\"article:publisher\" content=\"https:\/\/www.facebook.com\/startercultureseu\" \/>\n<meta property=\"article:modified_time\" content=\"2025-07-30T21:20:40+00:00\" \/>\n<meta property=\"og:image\" content=\"https:\/\/startercultures.eu\/wp-content\/uploads\/2021\/12\/Camemebert-mould.png\" \/>\n\t<meta property=\"og:image:width\" content=\"2000\" \/>\n\t<meta property=\"og:image:height\" content=\"2000\" \/>\n\t<meta property=\"og:image:type\" content=\"image\/png\" \/>\n<meta name=\"twitter:card\" content=\"summary_large_image\" \/>\n<meta name=\"twitter:label1\" content=\"Price\" \/>\n\t<meta name=\"twitter:data1\" content=\"14,99\" \/>\n\t<meta name=\"twitter:label2\" content=\"Availability\" \/>\n\t<meta name=\"twitter:data2\" content=\"Vorr\u00e4tig\" \/>\n<script type=\"application\/ld+json\" class=\"yoast-schema-graph\">{\"@context\":\"https:\/\/schema.org\",\"@graph\":[{\"@type\":\"WebPage\",\"@id\":\"https:\/\/startercultures.eu\/de\/product\/fermentation-de\/molkerei\/kase\/werkzeuge-de\/camembert-form-350-gramm-mit-deckel\/\",\"url\":\"https:\/\/startercultures.eu\/de\/product\/fermentation-de\/molkerei\/kase\/werkzeuge-de\/camembert-form-350-gramm-mit-deckel\/\",\"name\":\"Camembertform - 350 Gramm - Startercultures.eu\",\"isPartOf\":{\"@id\":\"https:\/\/startercultures.eu\/de\/#website\"},\"primaryImageOfPage\":{\"@id\":\"https:\/\/startercultures.eu\/de\/product\/fermentation-de\/molkerei\/kase\/werkzeuge-de\/camembert-form-350-gramm-mit-deckel\/#primaryimage\"},\"image\":{\"@id\":\"https:\/\/startercultures.eu\/de\/product\/fermentation-de\/molkerei\/kase\/werkzeuge-de\/camembert-form-350-gramm-mit-deckel\/#primaryimage\"},\"thumbnailUrl\":\"https:\/\/startercultures.eu\/wp-content\/uploads\/2021\/12\/Camemebert-mould.png\",\"datePublished\":\"2021-12-09T10:53:27+00:00\",\"dateModified\":\"2025-07-30T21:20:40+00:00\",\"description\":\"Die zylindrische gelochte Camembertform ist f\u00fcr die Herstellung von Camembertk\u00e4se bestimmt. Die Herstellung von Camembert wird zum Kinderspiel!\",\"breadcrumb\":{\"@id\":\"https:\/\/startercultures.eu\/de\/product\/fermentation-de\/molkerei\/kase\/werkzeuge-de\/camembert-form-350-gramm-mit-deckel\/#breadcrumb\"},\"inLanguage\":\"de-DE\",\"potentialAction\":[{\"@type\":\"ReadAction\",\"target\":[\"https:\/\/startercultures.eu\/de\/product\/fermentation-de\/molkerei\/kase\/werkzeuge-de\/camembert-form-350-gramm-mit-deckel\/\"]}]},{\"@type\":\"ImageObject\",\"inLanguage\":\"de-DE\",\"@id\":\"https:\/\/startercultures.eu\/de\/product\/fermentation-de\/molkerei\/kase\/werkzeuge-de\/camembert-form-350-gramm-mit-deckel\/#primaryimage\",\"url\":\"https:\/\/startercultures.eu\/wp-content\/uploads\/2021\/12\/Camemebert-mould.png\",\"contentUrl\":\"https:\/\/startercultures.eu\/wp-content\/uploads\/2021\/12\/Camemebert-mould.png\",\"width\":2000,\"height\":2000,\"caption\":\"Camembert mould\"},{\"@type\":\"BreadcrumbList\",\"@id\":\"https:\/\/startercultures.eu\/de\/product\/fermentation-de\/molkerei\/kase\/werkzeuge-de\/camembert-form-350-gramm-mit-deckel\/#breadcrumb\",\"itemListElement\":[{\"@type\":\"ListItem\",\"position\":1,\"name\":\"Home\",\"item\":\"https:\/\/startercultures.eu\/de\/\"},{\"@type\":\"ListItem\",\"position\":2,\"name\":\"Shop\",\"item\":\"https:\/\/startercultures.eu\/shop\/\"},{\"@type\":\"ListItem\",\"position\":3,\"name\":\"Camembertform &#8211; 350 Gramm\"}]},{\"@type\":\"WebSite\",\"@id\":\"https:\/\/startercultures.eu\/de\/#website\",\"url\":\"https:\/\/startercultures.eu\/de\/\",\"name\":\"Startercultures.eu\",\"description\":\"Startercultures.eu\",\"publisher\":{\"@id\":\"https:\/\/startercultures.eu\/de\/#organization\"},\"potentialAction\":[{\"@type\":\"SearchAction\",\"target\":{\"@type\":\"EntryPoint\",\"urlTemplate\":\"https:\/\/startercultures.eu\/de\/?s={search_term_string}\"},\"query-input\":{\"@type\":\"PropertyValueSpecification\",\"valueRequired\":true,\"valueName\":\"search_term_string\"}}],\"inLanguage\":\"de-DE\"},{\"@type\":\"Organization\",\"@id\":\"https:\/\/startercultures.eu\/de\/#organization\",\"name\":\"Startercultures.eu\",\"url\":\"https:\/\/startercultures.eu\/de\/\",\"logo\":{\"@type\":\"ImageObject\",\"inLanguage\":\"de-DE\",\"@id\":\"https:\/\/startercultures.eu\/de\/#\/schema\/logo\/image\/\",\"url\":\"https:\/\/startercultures.eu\/wp-content\/uploads\/2020\/08\/startercultures-eu-nl-logo-rond-rgb.png\",\"contentUrl\":\"https:\/\/startercultures.eu\/wp-content\/uploads\/2020\/08\/startercultures-eu-nl-logo-rond-rgb.png\",\"width\":320,\"height\":320,\"caption\":\"Startercultures.eu\"},\"image\":{\"@id\":\"https:\/\/startercultures.eu\/de\/#\/schema\/logo\/image\/\"},\"sameAs\":[\"https:\/\/www.facebook.com\/startercultureseu\",\"https:\/\/www.instagram.com\/startercultures.eu\/\"]}]}<\/script>\n<meta property=\"product:price:amount\" content=\"14.99\" \/>\n<meta property=\"product:price:currency\" content=\"EUR\" \/>\n<meta property=\"og:availability\" content=\"instock\" \/>\n<meta property=\"product:availability\" content=\"instock\" \/>\n<meta property=\"product:retailer_item_id\" content=\"227\" \/>\n<meta property=\"product:condition\" content=\"new\" \/>\n<!-- \/ Yoast SEO plugin. -->","yoast_head_json":{"title":"Camembertform - 350 Gramm - Startercultures.eu","description":"Die zylindrische gelochte Camembertform ist f\u00fcr die Herstellung von Camembertk\u00e4se bestimmt. Die Herstellung von Camembert wird zum Kinderspiel!","robots":{"index":"index","follow":"follow","max-snippet":"max-snippet:-1","max-image-preview":"max-image-preview:large","max-video-preview":"max-video-preview:-1"},"canonical":"https:\/\/startercultures.eu\/de\/product\/fermentation-de\/molkerei\/kase\/werkzeuge-de\/camembert-form-350-gramm-mit-deckel\/","og_locale":"de_DE","og_type":"article","og_title":"Camembertform - 350 Gramm - Startercultures.eu","og_description":"Die zylindrische gelochte Camembertform ist f\u00fcr die Herstellung von Camembertk\u00e4se bestimmt. Die Herstellung von Camembert wird zum Kinderspiel!","og_url":"https:\/\/startercultures.eu\/de\/product\/fermentation-de\/molkerei\/kase\/werkzeuge-de\/camembert-form-350-gramm-mit-deckel\/","og_site_name":"Startercultures.eu","article_publisher":"https:\/\/www.facebook.com\/startercultureseu","article_modified_time":"2025-07-30T21:20:40+00:00","og_image":[{"width":2000,"height":2000,"url":"https:\/\/startercultures.eu\/wp-content\/uploads\/2021\/12\/Camemebert-mould.png","type":"image\/png"}],"twitter_card":"summary_large_image","twitter_misc":{"Price":"14,99","Availability":"Vorr\u00e4tig"},"schema":{"@context":"https:\/\/schema.org","@graph":[{"@type":"WebPage","@id":"https:\/\/startercultures.eu\/de\/product\/fermentation-de\/molkerei\/kase\/werkzeuge-de\/camembert-form-350-gramm-mit-deckel\/","url":"https:\/\/startercultures.eu\/de\/product\/fermentation-de\/molkerei\/kase\/werkzeuge-de\/camembert-form-350-gramm-mit-deckel\/","name":"Camembertform - 350 Gramm - Startercultures.eu","isPartOf":{"@id":"https:\/\/startercultures.eu\/de\/#website"},"primaryImageOfPage":{"@id":"https:\/\/startercultures.eu\/de\/product\/fermentation-de\/molkerei\/kase\/werkzeuge-de\/camembert-form-350-gramm-mit-deckel\/#primaryimage"},"image":{"@id":"https:\/\/startercultures.eu\/de\/product\/fermentation-de\/molkerei\/kase\/werkzeuge-de\/camembert-form-350-gramm-mit-deckel\/#primaryimage"},"thumbnailUrl":"https:\/\/startercultures.eu\/wp-content\/uploads\/2021\/12\/Camemebert-mould.png","datePublished":"2021-12-09T10:53:27+00:00","dateModified":"2025-07-30T21:20:40+00:00","description":"Die zylindrische gelochte Camembertform ist f\u00fcr die Herstellung von Camembertk\u00e4se bestimmt. Die Herstellung von Camembert wird zum Kinderspiel!","breadcrumb":{"@id":"https:\/\/startercultures.eu\/de\/product\/fermentation-de\/molkerei\/kase\/werkzeuge-de\/camembert-form-350-gramm-mit-deckel\/#breadcrumb"},"inLanguage":"de-DE","potentialAction":[{"@type":"ReadAction","target":["https:\/\/startercultures.eu\/de\/product\/fermentation-de\/molkerei\/kase\/werkzeuge-de\/camembert-form-350-gramm-mit-deckel\/"]}]},{"@type":"ImageObject","inLanguage":"de-DE","@id":"https:\/\/startercultures.eu\/de\/product\/fermentation-de\/molkerei\/kase\/werkzeuge-de\/camembert-form-350-gramm-mit-deckel\/#primaryimage","url":"https:\/\/startercultures.eu\/wp-content\/uploads\/2021\/12\/Camemebert-mould.png","contentUrl":"https:\/\/startercultures.eu\/wp-content\/uploads\/2021\/12\/Camemebert-mould.png","width":2000,"height":2000,"caption":"Camembert mould"},{"@type":"BreadcrumbList","@id":"https:\/\/startercultures.eu\/de\/product\/fermentation-de\/molkerei\/kase\/werkzeuge-de\/camembert-form-350-gramm-mit-deckel\/#breadcrumb","itemListElement":[{"@type":"ListItem","position":1,"name":"Home","item":"https:\/\/startercultures.eu\/de\/"},{"@type":"ListItem","position":2,"name":"Shop","item":"https:\/\/startercultures.eu\/shop\/"},{"@type":"ListItem","position":3,"name":"Camembertform &#8211; 350 Gramm"}]},{"@type":"WebSite","@id":"https:\/\/startercultures.eu\/de\/#website","url":"https:\/\/startercultures.eu\/de\/","name":"Startercultures.eu","description":"Startercultures.eu","publisher":{"@id":"https:\/\/startercultures.eu\/de\/#organization"},"potentialAction":[{"@type":"SearchAction","target":{"@type":"EntryPoint","urlTemplate":"https:\/\/startercultures.eu\/de\/?s={search_term_string}"},"query-input":{"@type":"PropertyValueSpecification","valueRequired":true,"valueName":"search_term_string"}}],"inLanguage":"de-DE"},{"@type":"Organization","@id":"https:\/\/startercultures.eu\/de\/#organization","name":"Startercultures.eu","url":"https:\/\/startercultures.eu\/de\/","logo":{"@type":"ImageObject","inLanguage":"de-DE","@id":"https:\/\/startercultures.eu\/de\/#\/schema\/logo\/image\/","url":"https:\/\/startercultures.eu\/wp-content\/uploads\/2020\/08\/startercultures-eu-nl-logo-rond-rgb.png","contentUrl":"https:\/\/startercultures.eu\/wp-content\/uploads\/2020\/08\/startercultures-eu-nl-logo-rond-rgb.png","width":320,"height":320,"caption":"Startercultures.eu"},"image":{"@id":"https:\/\/startercultures.eu\/de\/#\/schema\/logo\/image\/"},"sameAs":["https:\/\/www.facebook.com\/startercultureseu","https:\/\/www.instagram.com\/startercultures.eu\/"]}]},"product_price_amount":"14.99","product_price_currency":"EUR","og_availability":"instock","product_availability":"instock","product_retailer_item_id":"227","product_condition":"new"},"_links":{"self":[{"href":"https:\/\/startercultures.eu\/de\/wp-json\/wp\/v2\/product\/24920","targetHints":{"allow":["GET"]}}],"collection":[{"href":"https:\/\/startercultures.eu\/de\/wp-json\/wp\/v2\/product"}],"about":[{"href":"https:\/\/startercultures.eu\/de\/wp-json\/wp\/v2\/types\/product"}],"replies":[{"embeddable":true,"href":"https:\/\/startercultures.eu\/de\/wp-json\/wp\/v2\/comments?post=24920"}],"version-history":[{"count":2,"href":"https:\/\/startercultures.eu\/de\/wp-json\/wp\/v2\/product\/24920\/revisions"}],"predecessor-version":[{"id":65775,"href":"https:\/\/startercultures.eu\/de\/wp-json\/wp\/v2\/product\/24920\/revisions\/65775"}],"wp:featuredmedia":[{"embeddable":true,"href":"https:\/\/startercultures.eu\/de\/wp-json\/wp\/v2\/media\/65771"}],"wp:attachment":[{"href":"https:\/\/startercultures.eu\/de\/wp-json\/wp\/v2\/media?parent=24920"}],"wp:term":[{"taxonomy":"product_brand","embeddable":true,"href":"https:\/\/startercultures.eu\/de\/wp-json\/wp\/v2\/product_brand?post=24920"},{"taxonomy":"product_cat","embeddable":true,"href":"https:\/\/startercultures.eu\/de\/wp-json\/wp\/v2\/product_cat?post=24920"},{"taxonomy":"product_tag","embeddable":true,"href":"https:\/\/startercultures.eu\/de\/wp-json\/wp\/v2\/product_tag?post=24920"}],"curies":[{"name":"wp","href":"https:\/\/api.w.org\/{rel}","templated":true}]}}