{"id":24921,"date":"2021-10-26T08:14:57","date_gmt":"2021-10-26T08:14:57","guid":{"rendered":"https:\/\/startercultures.eu\/product\/unkategorisiert\/rinderblase-fuer-en-vessie-kochen-oder-culatello-xl-und-xxl\/"},"modified":"2026-01-09T00:05:43","modified_gmt":"2026-01-08T23:05:43","slug":"rinderblase","status":"publish","type":"product","link":"https:\/\/startercultures.eu\/de\/product\/wurstwaren-und-charcuterie-de\/darme\/naturdarme\/rinderblase\/","title":{"rendered":"Rinderblase | f\u00fcr &#8220;en vessie&#8221; Kochen oder Culatello | XL und XXL"},"content":{"rendered":"<p>Die fr\u00fcheste Beschreibung der Verwendung der Blase beim Kochen stammt aus Griechenland, aus Aristophanes&#8217; Die Wolken (<em><span lang=\"grc\">\u039d\u03b5\u03c6\u03ad\u03bb\u03b1\u03b9-<\/span><\/em>423 v. Chr.), in dem beschrieben wird, wie Lebensmittel, die zum Braten in die Blase eines Schafes gelegt wurden, herausflossen, als die Blase riss. Wahrscheinlich geschah dies, weil die alten Griechen eine zu kleine Blase verwendeten. Mit dieser riesigen Rinderblase besteht dieses Risiko nicht!<\/p>\n<h3>Was ist eine Rinderblase?<\/h3>\n<p>Eine Rinderblase ist eine gereinigte und getrocknete Rinderblase.<\/p>\n<h3>Sie wollen also Koch werden? Wof\u00fcr benutzt man eine Rinderblase?<\/h3>\n<p><i><br \/>\n<b>En vessie<\/b><br \/>\n<\/i> &#8211; bezeichnet eine Garmethode, bei der Fleisch oder andere Speisen in einer Blase gegart werden. Die bekannteste Anwendung ist das Bresse-Huhn: <i>Poularde de Bresse en vessie<\/i>; ein Huhn, das z. B. mit G\u00e4nsestopfleber und Tr\u00fcffeln gef\u00fcllt ist, dann in der Blase eingeschlossen und 60 Minuten lang in H\u00fchnerbr\u00fche pochiert wird. <sup id=\"cite_ref-1\" class=\"reference\"><\/sup>Der Vorteil dieser Methode ist, dass das Fleisch nicht mit der Kochfl\u00fcssigkeit in Ber\u00fchrung kommt und die S\u00e4fte des Huhns im Huhn verbleiben. Der ber\u00fchmte franz\u00f6sische Koch Paul Bocuse hatte 40 Jahre lang 3 Michelin-Sterne, und dies war eine seiner ber\u00fchmtesten Erfindungen. Sie k\u00f6nnen dieses ber\u00fchmteste Huhn immer noch in seinem <em>Collonges-au-Mont-d&#8217;Or<\/em> in der N\u00e4he von Lyon f\u00fcr 500 \u20ac f\u00fcr 2 Personen genie\u00dfen, aber wenn Sie keine Zeit haben&#8230; warum machen Sie es nicht selbst zu Hause? Die riesige Blase eignet sich auch f\u00fcr die gr\u00f6\u00dften H\u00fchner.<\/p>\n<p><strong>Culatello &#8211; <\/strong>Diese Rinderblase ist gro\u00df genug, um einen Culatello, den ber\u00fchmten italienischen Schinken, aufzunehmen.<\/p>\n<h3>Inhalt<\/h3>\n<ul>\n<li>eine getrocknete Kuhblase, w\u00e4hlen Sie Ihre Gr\u00f6\u00dfe: XL oder XXL<\/li>\n<li>Herkunft: Frankreich<\/li>\n<li>Gr\u00f6\u00dfe: 6 Liter (XL) und 6-10L (XXL)<\/li>\n<\/ul>\n<p>Hinweis: Eine getrocknete Blase dehnt sich weniger aus als eine frische Blase.<\/p>\n<h3>Anleitung<\/h3>\n<ol>\n<li>Weichen Sie die Blase \u00fcber Nacht im K\u00fchlschrank in Wasser ein.<\/li>\n<li>Falls erforderlich, die \u00d6ffnung mit einem Messer erweitern<\/li>\n<li>F\u00fcllen Sie die Blase immer wieder mit lauwarmem Wasser, um sie immer weiter zu dehnen.<\/li>\n<li>Drehen Sie die Blase vor dem Gebrauch um<\/li>\n<li>Verwenden Sie <a href=\"https:\/\/www.youtube.com\/watch?v=QTjDik8L10Y\" target=\"_blank\" rel=\"noopener\">dieses Rezept<\/a> von Chefkoch Gilles Reinhardt<\/li>\n<\/ol>\n<p>Wir haben auch kleinere Gr\u00f6\u00dfen f\u00fcr Kochanf\u00e4nger: den <a href=\"https:\/\/startercultures.eu\/de\/product\/wurstwaren-und-charcuterie-de\/darme\/naturdarme\/schweineblase\/\" target=\"_blank\" rel=\"noopener\">Schweineklatscher<\/a> und den <a href=\"https:\/\/startercultures.eu\/de\/product\/wurstwaren-und-charcuterie-de\/darme\/naturdarme\/sau-blase\/\" target=\"_blank\" rel=\"noopener\">Sauenklatscher<\/a>.<\/p>\n<div class=\"video-shortcode\"><iframe title=\"Chicken in Pork Bladder by Patrick Henriroux\" width=\"1200\" height=\"900\" src=\"https:\/\/www.youtube.com\/embed\/Wdj4GkGEerA?feature=oembed\" frameborder=\"0\" allow=\"accelerometer; autoplay; clipboard-write; encrypted-media; gyroscope; picture-in-picture; web-share\" allowfullscreen><\/iframe><\/div>\n<div class=\"video-shortcode\"><iframe title=\"Rigatoni Cacio e Pepe en Vessie - Lido 84 (ENGLISH SUB)\" width=\"1200\" height=\"675\" src=\"https:\/\/www.youtube.com\/embed\/3Ak8jmRthI0?feature=oembed\" frameborder=\"0\" allow=\"accelerometer; autoplay; clipboard-write; encrypted-media; gyroscope; picture-in-picture; web-share\" allowfullscreen><\/iframe><\/div>\n<h3 data-fontsize=\"21\" data-lineheight=\"27.3px\">Kaufen Sie eine Rinderblase?<\/h3>\n<p>Bestellen Sie Ihre Rinderblase bei startercultures.eu, dem europ\u00e4ischen Webshop f\u00fcr alle Ihre Bed\u00fcrfnisse in Sachen Fermentation, Wurst und Charcuterie. Von Meneer Wateetons, renommierter niederl\u00e4ndischer Fermentations- und Fleischexperte und Autor. Bestellen Sie werktags vor 15 Uhr und wir liefern noch am selben Tag. Fragen zur Verwendung? Frag Sie in unserem Chat, wir helfen gerne weiter!<\/p>\n<h3>Online-Workshop zur Wurstherstellung in englischer Sprache<img decoding=\"async\" class=\"lazyload  wp-image-23961 alignright\" src=\"https:\/\/startercultures.eu\/wp-content\/uploads\/2020\/12\/sausage-making-workshop-450-300x300.png\" data-orig-src=\"https:\/\/startercultures.eu\/wp-content\/uploads\/2020\/12\/sausage-making-workshop-450-300x300.png\" alt=\"Lernen Sie, wie Sie zu Hause Trockenwurst herstellen\" width=\"126\" height=\"126\" srcset=\"data:image\/svg+xml,%3Csvg%20xmlns%3D%27http%3A%2F%2Fwww.w3.org%2F2000%2Fsvg%27%20width%3D%27126%27%20height%3D%27126%27%20viewBox%3D%270%200%20126%20126%27%3E%3Crect%20width%3D%27126%27%20height%3D%27126%27%20fill-opacity%3D%220%22%2F%3E%3C%2Fsvg%3E\" data-srcset=\"https:\/\/startercultures.eu\/wp-content\/uploads\/2020\/12\/sausage-making-workshop-450-66x66.png 66w, https:\/\/startercultures.eu\/wp-content\/uploads\/2020\/12\/sausage-making-workshop-450-70x70.png 70w, https:\/\/startercultures.eu\/wp-content\/uploads\/2020\/12\/sausage-making-workshop-450-100x100.png 100w, https:\/\/startercultures.eu\/wp-content\/uploads\/2020\/12\/sausage-making-workshop-450-150x150.png 150w, https:\/\/startercultures.eu\/wp-content\/uploads\/2020\/12\/sausage-making-workshop-450-200x200.png 200w, https:\/\/startercultures.eu\/wp-content\/uploads\/2020\/12\/sausage-making-workshop-450-300x300.png 300w, https:\/\/startercultures.eu\/wp-content\/uploads\/2020\/12\/sausage-making-workshop-450-400x399.png 400w, https:\/\/startercultures.eu\/wp-content\/uploads\/2020\/12\/sausage-making-workshop-450.png 450w\" data-sizes=\"auto\" data-orig-sizes=\"(max-width: 126px) 100vw, 126px\" \/><\/h3>\n<p>In diesem <a href=\"https:\/\/startercultures.eu\/de\/product\/wurstwaren-und-charcuterie-de\/online-wursteherstellung-workshop\/\" target=\"_blank\" rel=\"noopener\">englischsprachigen Online-Workshop<\/a> lernen Sie die Theorie und Praxis der Herstellung von frischen W\u00fcrsten. Welche Fleischsorten eignen sich am besten, wo findet man die Zutaten, was sind die gr\u00f6\u00dften Fallstricke und was kann man mit D\u00e4rmen alles anstellen? Foodwriter<a href=\"https:\/\/wateetons.com\/\" target=\"_blank\" rel=\"noopener\">&#8216;Meneer Wateetons&#8217;<\/a>, Autor mehrerer B\u00fccher \u00fcber Fermentierung und alternative Lebensmittelzubereitungstechniken, wird Ihnen alles \u00fcber Fermentierung, P\u00f6kelsalze, Lebensmittelsicherheit, pH-Wert, Starterkulturen, Schimmelpilze und Trocknungsbedingungen beibringen. Klicken Sie <a href=\"https:\/\/startercultures.eu\/de\/product\/wurstwaren-und-charcuterie-de\/online-wursteherstellung-workshop\/\" target=\"_blank\" rel=\"noopener\">hier<\/a> f\u00fcr weitere Informationen.<\/p>\n","protected":false},"excerpt":{"rendered":"<p>Bereiten Sie mit dieser Rindfleischblase Ihre eigene <i>3-Sterne-Poularde de Bresse en vessie <\/i>oder Culatello zu. Die riesige Gr\u00f6\u00dfe dieser Blase macht sie f\u00fcr die gr\u00f6\u00dften H\u00fchner geeignet. Oder jede andere Anwendung, die Ihnen vorschwebt.<\/p>\n","protected":false},"featured_media":24319,"comment_status":"open","ping_status":"closed","template":"","meta":{"_acf_changed":false,"footnotes":""},"product_brand":[],"product_cat":[669,670],"product_tag":[],"class_list":{"0":"post-24921","1":"product","2":"type-product","3":"status-publish","4":"has-post-thumbnail","6":"product_cat-darme","7":"product_cat-naturdarme","8":"pa_ean-8720297621369-de","9":"pa_ean-8720297621437-de","10":"pa_size-xl-de","11":"pa_size-xxl-de","13":"first","14":"instock","15":"taxable","16":"shipping-taxable","17":"purchasable","18":"product-type-variable","19":"has-default-attributes"},"acf":[],"yoast_head":"<!-- This site is optimized with the Yoast SEO plugin v26.6 - https:\/\/yoast.com\/wordpress\/plugins\/seo\/ -->\n<title>Rinderblase | f\u00fcr &quot;en vessie&quot; Kochen oder Culatello | XL und XXL - Startercultures.eu<\/title>\n<meta name=\"description\" content=\"Bereiten Sie Ihre eigene 3-Sterne-Poularde en vessie mit dieser Rindfleischblase zu. Die riesige Gr\u00f6\u00dfe dieser Blase macht sie f\u00fcr die gr\u00f6\u00dften H\u00fchner geeignet.\" \/>\n<meta name=\"robots\" content=\"index, follow, max-snippet:-1, max-image-preview:large, max-video-preview:-1\" \/>\n<link rel=\"canonical\" href=\"https:\/\/startercultures.eu\/de\/product\/wurstwaren-und-charcuterie-de\/darme\/naturdarme\/rinderblase\/\" \/>\n<meta property=\"og:locale\" content=\"de_DE\" \/>\n<meta property=\"og:type\" content=\"article\" \/>\n<meta property=\"og:title\" content=\"Rinderblase | f\u00fcr &quot;en vessie&quot; Kochen oder Culatello | XL und XXL - Startercultures.eu\" \/>\n<meta property=\"og:description\" content=\"Bereiten Sie Ihre eigene 3-Sterne-Poularde en vessie mit dieser Rindfleischblase zu. Die riesige Gr\u00f6\u00dfe dieser Blase macht sie f\u00fcr die gr\u00f6\u00dften H\u00fchner geeignet.\" \/>\n<meta property=\"og:url\" content=\"https:\/\/startercultures.eu\/de\/product\/wurstwaren-und-charcuterie-de\/darme\/naturdarme\/rinderblase\/\" \/>\n<meta property=\"og:site_name\" content=\"Startercultures.eu\" \/>\n<meta property=\"article:publisher\" content=\"https:\/\/www.facebook.com\/startercultureseu\" \/>\n<meta property=\"article:modified_time\" content=\"2026-01-08T23:05:43+00:00\" \/>\n<meta property=\"og:image\" content=\"https:\/\/startercultures.eu\/wp-content\/uploads\/2021\/10\/beef-bladder-e1635273580214.png\" \/>\n\t<meta property=\"og:image:width\" content=\"575\" \/>\n\t<meta property=\"og:image:height\" content=\"450\" \/>\n\t<meta property=\"og:image:type\" content=\"image\/png\" \/>\n<meta name=\"twitter:card\" content=\"summary_large_image\" \/>\n<meta name=\"twitter:label1\" content=\"Availability\" \/>\n\t<meta name=\"twitter:data1\" content=\"Vorr\u00e4tig\" \/>\n<script type=\"application\/ld+json\" class=\"yoast-schema-graph\">{\"@context\":\"https:\/\/schema.org\",\"@graph\":[{\"@type\":\"WebPage\",\"@id\":\"https:\/\/startercultures.eu\/de\/product\/wurstwaren-und-charcuterie-de\/darme\/naturdarme\/rinderblase\/\",\"url\":\"https:\/\/startercultures.eu\/de\/product\/wurstwaren-und-charcuterie-de\/darme\/naturdarme\/rinderblase\/\",\"name\":\"Rinderblase | f\u00fcr \\\"en vessie\\\" Kochen oder Culatello | XL und XXL - Startercultures.eu\",\"isPartOf\":{\"@id\":\"https:\/\/startercultures.eu\/de\/#website\"},\"primaryImageOfPage\":{\"@id\":\"https:\/\/startercultures.eu\/de\/product\/wurstwaren-und-charcuterie-de\/darme\/naturdarme\/rinderblase\/#primaryimage\"},\"image\":{\"@id\":\"https:\/\/startercultures.eu\/de\/product\/wurstwaren-und-charcuterie-de\/darme\/naturdarme\/rinderblase\/#primaryimage\"},\"thumbnailUrl\":\"https:\/\/startercultures.eu\/wp-content\/uploads\/2021\/10\/beef-bladder-e1635273580214.png\",\"datePublished\":\"2021-10-26T08:14:57+00:00\",\"dateModified\":\"2026-01-08T23:05:43+00:00\",\"description\":\"Bereiten Sie Ihre eigene 3-Sterne-Poularde en vessie mit dieser Rindfleischblase zu. Die riesige Gr\u00f6\u00dfe dieser Blase macht sie f\u00fcr die gr\u00f6\u00dften H\u00fchner geeignet.\",\"breadcrumb\":{\"@id\":\"https:\/\/startercultures.eu\/de\/product\/wurstwaren-und-charcuterie-de\/darme\/naturdarme\/rinderblase\/#breadcrumb\"},\"inLanguage\":\"de-DE\",\"potentialAction\":[{\"@type\":\"ReadAction\",\"target\":[\"https:\/\/startercultures.eu\/de\/product\/wurstwaren-und-charcuterie-de\/darme\/naturdarme\/rinderblase\/\"]}]},{\"@type\":\"ImageObject\",\"inLanguage\":\"de-DE\",\"@id\":\"https:\/\/startercultures.eu\/de\/product\/wurstwaren-und-charcuterie-de\/darme\/naturdarme\/rinderblase\/#primaryimage\",\"url\":\"https:\/\/startercultures.eu\/wp-content\/uploads\/2021\/10\/beef-bladder-e1635273580214.png\",\"contentUrl\":\"https:\/\/startercultures.eu\/wp-content\/uploads\/2021\/10\/beef-bladder-e1635273580214.png\",\"width\":575,\"height\":450,\"caption\":\"Rindfleischblase\"},{\"@type\":\"BreadcrumbList\",\"@id\":\"https:\/\/startercultures.eu\/de\/product\/wurstwaren-und-charcuterie-de\/darme\/naturdarme\/rinderblase\/#breadcrumb\",\"itemListElement\":[{\"@type\":\"ListItem\",\"position\":1,\"name\":\"Home\",\"item\":\"https:\/\/startercultures.eu\/de\/\"},{\"@type\":\"ListItem\",\"position\":2,\"name\":\"Shop\",\"item\":\"https:\/\/startercultures.eu\/shop\/\"},{\"@type\":\"ListItem\",\"position\":3,\"name\":\"Rinderblase | f\u00fcr &#8220;en vessie&#8221; Kochen oder Culatello | XL und XXL\"}]},{\"@type\":\"WebSite\",\"@id\":\"https:\/\/startercultures.eu\/de\/#website\",\"url\":\"https:\/\/startercultures.eu\/de\/\",\"name\":\"Startercultures.eu\",\"description\":\"Startercultures.eu\",\"publisher\":{\"@id\":\"https:\/\/startercultures.eu\/de\/#organization\"},\"potentialAction\":[{\"@type\":\"SearchAction\",\"target\":{\"@type\":\"EntryPoint\",\"urlTemplate\":\"https:\/\/startercultures.eu\/de\/?s={search_term_string}\"},\"query-input\":{\"@type\":\"PropertyValueSpecification\",\"valueRequired\":true,\"valueName\":\"search_term_string\"}}],\"inLanguage\":\"de-DE\"},{\"@type\":\"Organization\",\"@id\":\"https:\/\/startercultures.eu\/de\/#organization\",\"name\":\"Startercultures.eu\",\"url\":\"https:\/\/startercultures.eu\/de\/\",\"logo\":{\"@type\":\"ImageObject\",\"inLanguage\":\"de-DE\",\"@id\":\"https:\/\/startercultures.eu\/de\/#\/schema\/logo\/image\/\",\"url\":\"https:\/\/startercultures.eu\/wp-content\/uploads\/2020\/08\/startercultures-eu-nl-logo-rond-rgb.png\",\"contentUrl\":\"https:\/\/startercultures.eu\/wp-content\/uploads\/2020\/08\/startercultures-eu-nl-logo-rond-rgb.png\",\"width\":320,\"height\":320,\"caption\":\"Startercultures.eu\"},\"image\":{\"@id\":\"https:\/\/startercultures.eu\/de\/#\/schema\/logo\/image\/\"},\"sameAs\":[\"https:\/\/www.facebook.com\/startercultureseu\",\"https:\/\/www.instagram.com\/startercultures.eu\/\"]}]}<\/script>\n<meta property=\"og:availability\" content=\"instock\" \/>\n<meta property=\"product:availability\" content=\"instock\" \/>\n<meta property=\"product:retailer_item_id\" content=\"236\" \/>\n<meta property=\"product:condition\" content=\"new\" \/>\n<!-- \/ Yoast SEO plugin. -->","yoast_head_json":{"title":"Rinderblase | f\u00fcr \"en vessie\" Kochen oder Culatello | XL und XXL - Startercultures.eu","description":"Bereiten Sie Ihre eigene 3-Sterne-Poularde en vessie mit dieser Rindfleischblase zu. Die riesige Gr\u00f6\u00dfe dieser Blase macht sie f\u00fcr die gr\u00f6\u00dften H\u00fchner geeignet.","robots":{"index":"index","follow":"follow","max-snippet":"max-snippet:-1","max-image-preview":"max-image-preview:large","max-video-preview":"max-video-preview:-1"},"canonical":"https:\/\/startercultures.eu\/de\/product\/wurstwaren-und-charcuterie-de\/darme\/naturdarme\/rinderblase\/","og_locale":"de_DE","og_type":"article","og_title":"Rinderblase | f\u00fcr \"en vessie\" Kochen oder Culatello | XL und XXL - Startercultures.eu","og_description":"Bereiten Sie Ihre eigene 3-Sterne-Poularde en vessie mit dieser Rindfleischblase zu. Die riesige Gr\u00f6\u00dfe dieser Blase macht sie f\u00fcr die gr\u00f6\u00dften H\u00fchner geeignet.","og_url":"https:\/\/startercultures.eu\/de\/product\/wurstwaren-und-charcuterie-de\/darme\/naturdarme\/rinderblase\/","og_site_name":"Startercultures.eu","article_publisher":"https:\/\/www.facebook.com\/startercultureseu","article_modified_time":"2026-01-08T23:05:43+00:00","og_image":[{"width":575,"height":450,"url":"https:\/\/startercultures.eu\/wp-content\/uploads\/2021\/10\/beef-bladder-e1635273580214.png","type":"image\/png"}],"twitter_card":"summary_large_image","twitter_misc":{"Availability":"Vorr\u00e4tig"},"schema":{"@context":"https:\/\/schema.org","@graph":[{"@type":"WebPage","@id":"https:\/\/startercultures.eu\/de\/product\/wurstwaren-und-charcuterie-de\/darme\/naturdarme\/rinderblase\/","url":"https:\/\/startercultures.eu\/de\/product\/wurstwaren-und-charcuterie-de\/darme\/naturdarme\/rinderblase\/","name":"Rinderblase | f\u00fcr \"en vessie\" Kochen oder Culatello | XL und XXL - Startercultures.eu","isPartOf":{"@id":"https:\/\/startercultures.eu\/de\/#website"},"primaryImageOfPage":{"@id":"https:\/\/startercultures.eu\/de\/product\/wurstwaren-und-charcuterie-de\/darme\/naturdarme\/rinderblase\/#primaryimage"},"image":{"@id":"https:\/\/startercultures.eu\/de\/product\/wurstwaren-und-charcuterie-de\/darme\/naturdarme\/rinderblase\/#primaryimage"},"thumbnailUrl":"https:\/\/startercultures.eu\/wp-content\/uploads\/2021\/10\/beef-bladder-e1635273580214.png","datePublished":"2021-10-26T08:14:57+00:00","dateModified":"2026-01-08T23:05:43+00:00","description":"Bereiten Sie Ihre eigene 3-Sterne-Poularde en vessie mit dieser Rindfleischblase zu. Die riesige Gr\u00f6\u00dfe dieser Blase macht sie f\u00fcr die gr\u00f6\u00dften H\u00fchner geeignet.","breadcrumb":{"@id":"https:\/\/startercultures.eu\/de\/product\/wurstwaren-und-charcuterie-de\/darme\/naturdarme\/rinderblase\/#breadcrumb"},"inLanguage":"de-DE","potentialAction":[{"@type":"ReadAction","target":["https:\/\/startercultures.eu\/de\/product\/wurstwaren-und-charcuterie-de\/darme\/naturdarme\/rinderblase\/"]}]},{"@type":"ImageObject","inLanguage":"de-DE","@id":"https:\/\/startercultures.eu\/de\/product\/wurstwaren-und-charcuterie-de\/darme\/naturdarme\/rinderblase\/#primaryimage","url":"https:\/\/startercultures.eu\/wp-content\/uploads\/2021\/10\/beef-bladder-e1635273580214.png","contentUrl":"https:\/\/startercultures.eu\/wp-content\/uploads\/2021\/10\/beef-bladder-e1635273580214.png","width":575,"height":450,"caption":"Rindfleischblase"},{"@type":"BreadcrumbList","@id":"https:\/\/startercultures.eu\/de\/product\/wurstwaren-und-charcuterie-de\/darme\/naturdarme\/rinderblase\/#breadcrumb","itemListElement":[{"@type":"ListItem","position":1,"name":"Home","item":"https:\/\/startercultures.eu\/de\/"},{"@type":"ListItem","position":2,"name":"Shop","item":"https:\/\/startercultures.eu\/shop\/"},{"@type":"ListItem","position":3,"name":"Rinderblase | f\u00fcr &#8220;en vessie&#8221; Kochen oder Culatello | XL und XXL"}]},{"@type":"WebSite","@id":"https:\/\/startercultures.eu\/de\/#website","url":"https:\/\/startercultures.eu\/de\/","name":"Startercultures.eu","description":"Startercultures.eu","publisher":{"@id":"https:\/\/startercultures.eu\/de\/#organization"},"potentialAction":[{"@type":"SearchAction","target":{"@type":"EntryPoint","urlTemplate":"https:\/\/startercultures.eu\/de\/?s={search_term_string}"},"query-input":{"@type":"PropertyValueSpecification","valueRequired":true,"valueName":"search_term_string"}}],"inLanguage":"de-DE"},{"@type":"Organization","@id":"https:\/\/startercultures.eu\/de\/#organization","name":"Startercultures.eu","url":"https:\/\/startercultures.eu\/de\/","logo":{"@type":"ImageObject","inLanguage":"de-DE","@id":"https:\/\/startercultures.eu\/de\/#\/schema\/logo\/image\/","url":"https:\/\/startercultures.eu\/wp-content\/uploads\/2020\/08\/startercultures-eu-nl-logo-rond-rgb.png","contentUrl":"https:\/\/startercultures.eu\/wp-content\/uploads\/2020\/08\/startercultures-eu-nl-logo-rond-rgb.png","width":320,"height":320,"caption":"Startercultures.eu"},"image":{"@id":"https:\/\/startercultures.eu\/de\/#\/schema\/logo\/image\/"},"sameAs":["https:\/\/www.facebook.com\/startercultureseu","https:\/\/www.instagram.com\/startercultures.eu\/"]}]},"og_availability":"instock","product_availability":"instock","product_retailer_item_id":"236","product_condition":"new"},"_links":{"self":[{"href":"https:\/\/startercultures.eu\/de\/wp-json\/wp\/v2\/product\/24921","targetHints":{"allow":["GET"]}}],"collection":[{"href":"https:\/\/startercultures.eu\/de\/wp-json\/wp\/v2\/product"}],"about":[{"href":"https:\/\/startercultures.eu\/de\/wp-json\/wp\/v2\/types\/product"}],"replies":[{"embeddable":true,"href":"https:\/\/startercultures.eu\/de\/wp-json\/wp\/v2\/comments?post=24921"}],"version-history":[{"count":1,"href":"https:\/\/startercultures.eu\/de\/wp-json\/wp\/v2\/product\/24921\/revisions"}],"predecessor-version":[{"id":64924,"href":"https:\/\/startercultures.eu\/de\/wp-json\/wp\/v2\/product\/24921\/revisions\/64924"}],"wp:featuredmedia":[{"embeddable":true,"href":"https:\/\/startercultures.eu\/de\/wp-json\/wp\/v2\/media\/24319"}],"wp:attachment":[{"href":"https:\/\/startercultures.eu\/de\/wp-json\/wp\/v2\/media?parent=24921"}],"wp:term":[{"taxonomy":"product_brand","embeddable":true,"href":"https:\/\/startercultures.eu\/de\/wp-json\/wp\/v2\/product_brand?post=24921"},{"taxonomy":"product_cat","embeddable":true,"href":"https:\/\/startercultures.eu\/de\/wp-json\/wp\/v2\/product_cat?post=24921"},{"taxonomy":"product_tag","embeddable":true,"href":"https:\/\/startercultures.eu\/de\/wp-json\/wp\/v2\/product_tag?post=24921"}],"curies":[{"name":"wp","href":"https:\/\/api.w.org\/{rel}","templated":true}]}}