{"id":24935,"date":"2021-11-29T09:04:10","date_gmt":"2021-11-29T09:04:10","guid":{"rendered":"https:\/\/startercultures.eu\/product\/unkategorisiert\/mahlteller-6-mm-fuer-fleischwoelfe\/"},"modified":"2025-09-18T00:00:26","modified_gmt":"2025-09-17T22:00:26","slug":"mahlscheibe-6-mm-fur-fleischwolfe","status":"publish","type":"product","link":"https:\/\/startercultures.eu\/de\/product\/wurstwaren-und-charcuterie-de\/werkzeuge-de-7\/mahlscheibe-6-mm-fur-fleischwolfe\/","title":{"rendered":"Mahlscheibe 6 mm | f\u00fcr Fleischw\u00f6lfe"},"content":{"rendered":"<p>Diese Mahlscheibe 6 mm ist von robuster tschechischer Qualit\u00e4t und ideal f\u00fcr Wurst, grobes Hackfleisch und grobe Pasteten.<\/p>\n<h3>\u00dcber diese Mahlscheibe 6mm<\/h3>\n<p>Eine Fleischwolfplatte ist ein kreisf\u00f6rmiges Metallteil, das an der Schnecke des Fleischwolfs befestigt ist und durch dass das Fleisch nach dem Zerkleinern l\u00e4uft und die Wurst geformt wird. Mit ihnen l\u00e4sst sich bestimmen, wie die sp\u00e4tere Konsistenz der Fleischmasse sein soll. Es gibt sehr grobe Fleischwolfscheiben, mit denen man gro\u00dfe Mengen an grober Wurst herstellen kann, und feine Fleischwolfscheiben, die das Fleisch besonders zart und weich machen. Die Wahl der richtigen Fleischwolfplatte h\u00e4ngt nicht nur von Ihren eigenen W\u00fcnschen ab, sondern auch von dem Fleischwolf, den Sie besitzen. Wir haben eine gro\u00dfe Auswahl an verschiedenen Fleischwolfplatten zum Verkauf. Wir verkaufen auch den <a href=\"https:\/\/startercultures.eu\/product\/sausages-and-charcuterie\/tools\/porkert-meat-grinder\/\" target=\"_blank\" rel=\"noopener\">Porkert-Fleischwolf<\/a> in den Gr\u00f6\u00dfen 8 und 10. Der Porkert-Fleischwolf ist standardm\u00e4\u00dfig mit einer 4,5-mm-Platte ausgestattet.<\/p>\n<p>Wenn Sie also fortgeschritten genug sind, um mit verschiedenen Plattengr\u00f6\u00dfen zu experimentieren, k\u00f6nnen wir Ihnen die folgenden Optionen anbieten:<\/p>\n<ul>\n<li><a href=\"https:\/\/startercultures.eu\/?post_type=product&amp;p=17956&amp;preview=true\" target=\"_blank\" rel=\"noopener\">3 mm<\/a> &#8211; feine Scheibe f\u00fcr feine W\u00fcrste, Hackfleisch, Pasteten und mehr (f\u00fcr Fleischw\u00f6lfe Nr. 8).<\/li>\n<li>6 mm &#8211; mittelgrobe Scheibe f\u00fcr Wurst, grobes Hackfleisch, grobe Pastete. Breite Anwendung. (f\u00fcr Fleischw\u00f6lfe Nr. 8 und Nr. 10)<\/li>\n<li><a href=\"https:\/\/startercultures.eu\/?post_type=product&amp;p=17929&amp;preview=true\" target=\"_blank\" rel=\"noopener\">8 mm<\/a> &#8211; grobe Scheibe f\u00fcr Wurst, grobes Hackfleisch, grobe Pastete (f\u00fcr Fleischw\u00f6lfe Nr. 8 und Nr. 10).<\/li>\n<\/ul>\n<h3>Wie Sie Ihre Mahlscheibe 6mm pflegen<\/h3>\n<p>Versuchen Sie immer, Teller und Messer zusammen zu bekommen, und kombinieren Sie so wenig verschiedene Messer und Teller wie m\u00f6glich. Lassen Sie es nach dem Waschen sehr gut trocknen, bevor Sie es aufbewahren. Bei Bedarf mit etwas \u00d6l schmieren.<\/p>\n<div class=\"phenom mod-comment-type\">\n<div class=\"phenom-desc\">\n<div class=\"comment-container\">\n<div class=\"action-comment can-view-video markeddown js-comment\" dir=\"auto\">\n<h3 class=\"current-comment js-friendly-links js-open-card\">Eine Mahlscheibe 6 mm kaufen ?<\/h3>\n<\/div>\n<\/div>\n<\/div>\n<\/div>\n<div class=\"phenom mod-comment-type\">\n<div class=\"phenom-desc\">\n<div class=\"comment-container\">\n<div class=\"action-comment can-view-video markeddown js-comment\" dir=\"auto\">\n<p>Bestellen Sie Ihre Mahlscheibe 6mm bei startercultures.eu, dem europ\u00e4ischen Webshop f\u00fcr alle Ihre Bed\u00fcrfnisse in Sachen Fermentation, Wurst und Charcuterie. Von Meneer Wateetons, renommierter niederl\u00e4ndischer Fermentations- und Fleischexperte und Autor. Bestellen Sie werktags vor 15 Uhr und wir liefern noch am selben Tag. Fragen zur Verwendung? Frag Sie in unserem Chat, wir helfen gerne!<\/p>\n<\/div>\n<\/div>\n<\/div>\n<\/div>\n<h3>Online-Workshop zur Wurstherstellung in englischer Sprache<img decoding=\"async\" class=\"lazyload  wp-image-23961 alignright\" src=\"https:\/\/startercultures.eu\/wp-content\/uploads\/2020\/12\/sausage-making-workshop-450-300x300.png\" data-orig-src=\"https:\/\/startercultures.eu\/wp-content\/uploads\/2020\/12\/sausage-making-workshop-450-300x300.png\" alt=\"Lernen Sie, wie Sie zu Hause Trockenwurst herstellen\" width=\"126\" height=\"126\" srcset=\"data:image\/svg+xml,%3Csvg%20xmlns%3D%27http%3A%2F%2Fwww.w3.org%2F2000%2Fsvg%27%20width%3D%27126%27%20height%3D%27126%27%20viewBox%3D%270%200%20126%20126%27%3E%3Crect%20width%3D%27126%27%20height%3D%27126%27%20fill-opacity%3D%220%22%2F%3E%3C%2Fsvg%3E\" data-srcset=\"https:\/\/startercultures.eu\/wp-content\/uploads\/2020\/12\/sausage-making-workshop-450-66x66.png 66w, https:\/\/startercultures.eu\/wp-content\/uploads\/2020\/12\/sausage-making-workshop-450-70x70.png 70w, https:\/\/startercultures.eu\/wp-content\/uploads\/2020\/12\/sausage-making-workshop-450-100x100.png 100w, https:\/\/startercultures.eu\/wp-content\/uploads\/2020\/12\/sausage-making-workshop-450-150x150.png 150w, https:\/\/startercultures.eu\/wp-content\/uploads\/2020\/12\/sausage-making-workshop-450-200x200.png 200w, https:\/\/startercultures.eu\/wp-content\/uploads\/2020\/12\/sausage-making-workshop-450-300x300.png 300w, https:\/\/startercultures.eu\/wp-content\/uploads\/2020\/12\/sausage-making-workshop-450-400x399.png 400w, https:\/\/startercultures.eu\/wp-content\/uploads\/2020\/12\/sausage-making-workshop-450.png 450w\" data-sizes=\"auto\" data-orig-sizes=\"(max-width: 126px) 100vw, 126px\" \/><\/h3>\n<p>In diesem <a href=\"https:\/\/startercultures.eu\/product\/sausages-and-charcuterie\/online-sausage-making-workshop\/\" target=\"_blank\" rel=\"noopener\">englischsprachigen Online-Workshop<\/a> lernen Sie die Theorie und Praxis der Herstellung von frischen W\u00fcrsten. Welche Fleischsorten eignen sich am besten, wo findet man die Zutaten, was sind die gr\u00f6\u00dften Fallstricke und was kann man mit D\u00e4rmen alles anstellen? Foodwriter<a href=\"https:\/\/wateetons.com\/\" target=\"_blank\" rel=\"noopener\">&#8216;Meneer Wateetons&#8217;<\/a>, Autor mehrerer B\u00fccher \u00fcber Fermentierung und alternative Lebensmittelzubereitungstechniken, wird Ihnen alles \u00fcber Fermentierung, P\u00f6kelsalze, Lebensmittelsicherheit, pH-Wert, Starterkulturen, Schimmelpilze und Trocknungsbedingungen beibringen. Klicken Sie <a href=\"https:\/\/startercultures.eu\/product\/sausages-and-charcuterie\/online-sausage-making-workshop\/\" target=\"_blank\" rel=\"noopener\">hier<\/a> f\u00fcr weitere Informationen.<\/p>\n<p>&nbsp;<\/p>\n","protected":false},"excerpt":{"rendered":"<p>Eine Fleischwolfplatte ist ein kreisf\u00f6rmiges Metallteil, das an der Schnecke des Fleischwolfs befestigt ist und durch das das Fleisch nach dem Zerkleinern l\u00e4uft und die Wurst geformt wird. Dieser Mahlscheibe 6mm ist von einer robusten tschechischen Qualit\u00e4t und ideal f\u00fcr Wurst, grobes Hackfleisch und grobe Pasteten. Breite Anwendung<\/p>\n","protected":false},"featured_media":24322,"comment_status":"open","ping_status":"closed","template":"","meta":{"_acf_changed":false,"footnotes":""},"product_brand":[],"product_cat":[676,673],"product_tag":[],"class_list":{"0":"post-24935","1":"product","2":"type-product","3":"status-publish","4":"has-post-thumbnail","6":"product_cat-fleischwoelfe-und-zubehor-de","7":"product_cat-werkzeuge-de-7","8":"pa_ean-8594861513301-de","9":"pa_ean-8594861523300-de","10":"pa_grinder-size-10-de","11":"pa_grinder-size-8-de","13":"first","14":"instock","15":"taxable","16":"shipping-taxable","17":"purchasable","18":"product-type-variable","19":"has-default-attributes"},"acf":[],"yoast_head":"<!-- This site is optimized with the Yoast SEO plugin v26.6 - https:\/\/yoast.com\/wordpress\/plugins\/seo\/ -->\n<title>Mahlscheibe 6 mm | f\u00fcr Fleischw\u00f6lfe - Startercultures.eu<\/title>\n<meta name=\"description\" content=\"Diese Mahlscheibe 6 mm ist von robuster tschechischer Qualit\u00e4t und ideal f\u00fcr Wurst, grobes Hackfleisch und grobe Pasteten. Breite Anwendung\" \/>\n<meta name=\"robots\" content=\"index, follow, max-snippet:-1, max-image-preview:large, max-video-preview:-1\" \/>\n<link rel=\"canonical\" href=\"https:\/\/startercultures.eu\/de\/product\/wurstwaren-und-charcuterie-de\/werkzeuge-de-7\/mahlscheibe-6-mm-fur-fleischwolfe\/\" \/>\n<meta property=\"og:locale\" content=\"de_DE\" \/>\n<meta property=\"og:type\" content=\"article\" \/>\n<meta property=\"og:title\" content=\"Mahlscheibe 6 mm | f\u00fcr Fleischw\u00f6lfe - Startercultures.eu\" \/>\n<meta property=\"og:description\" content=\"Diese Mahlscheibe 6 mm ist von robuster tschechischer Qualit\u00e4t und ideal f\u00fcr Wurst, grobes Hackfleisch und grobe Pasteten. Breite Anwendung\" \/>\n<meta property=\"og:url\" content=\"https:\/\/startercultures.eu\/de\/product\/wurstwaren-und-charcuterie-de\/werkzeuge-de-7\/mahlscheibe-6-mm-fur-fleischwolfe\/\" \/>\n<meta property=\"og:site_name\" content=\"Startercultures.eu\" \/>\n<meta property=\"article:publisher\" content=\"https:\/\/www.facebook.com\/startercultureseu\" \/>\n<meta property=\"article:modified_time\" content=\"2025-09-17T22:00:26+00:00\" \/>\n<meta property=\"og:image\" content=\"https:\/\/startercultures.eu\/wp-content\/uploads\/2021\/11\/no_10_6_mm_plate-e1639919387522.jpg\" \/>\n\t<meta property=\"og:image:width\" content=\"450\" \/>\n\t<meta property=\"og:image:height\" content=\"450\" \/>\n\t<meta property=\"og:image:type\" content=\"image\/jpeg\" \/>\n<meta name=\"twitter:card\" content=\"summary_large_image\" \/>\n<meta name=\"twitter:label1\" content=\"Availability\" \/>\n\t<meta name=\"twitter:data1\" content=\"Vorr\u00e4tig\" \/>\n<script type=\"application\/ld+json\" class=\"yoast-schema-graph\">{\"@context\":\"https:\/\/schema.org\",\"@graph\":[{\"@type\":\"WebPage\",\"@id\":\"https:\/\/startercultures.eu\/de\/product\/wurstwaren-und-charcuterie-de\/werkzeuge-de-7\/mahlscheibe-6-mm-fur-fleischwolfe\/\",\"url\":\"https:\/\/startercultures.eu\/de\/product\/wurstwaren-und-charcuterie-de\/werkzeuge-de-7\/mahlscheibe-6-mm-fur-fleischwolfe\/\",\"name\":\"Mahlscheibe 6 mm | f\u00fcr Fleischw\u00f6lfe - Startercultures.eu\",\"isPartOf\":{\"@id\":\"https:\/\/startercultures.eu\/de\/#website\"},\"primaryImageOfPage\":{\"@id\":\"https:\/\/startercultures.eu\/de\/product\/wurstwaren-und-charcuterie-de\/werkzeuge-de-7\/mahlscheibe-6-mm-fur-fleischwolfe\/#primaryimage\"},\"image\":{\"@id\":\"https:\/\/startercultures.eu\/de\/product\/wurstwaren-und-charcuterie-de\/werkzeuge-de-7\/mahlscheibe-6-mm-fur-fleischwolfe\/#primaryimage\"},\"thumbnailUrl\":\"https:\/\/startercultures.eu\/wp-content\/uploads\/2021\/11\/no_10_6_mm_plate-e1639919387522.jpg\",\"datePublished\":\"2021-11-29T09:04:10+00:00\",\"dateModified\":\"2025-09-17T22:00:26+00:00\",\"description\":\"Diese Mahlscheibe 6 mm ist von robuster tschechischer Qualit\u00e4t und ideal f\u00fcr Wurst, grobes Hackfleisch und grobe Pasteten. Breite Anwendung\",\"breadcrumb\":{\"@id\":\"https:\/\/startercultures.eu\/de\/product\/wurstwaren-und-charcuterie-de\/werkzeuge-de-7\/mahlscheibe-6-mm-fur-fleischwolfe\/#breadcrumb\"},\"inLanguage\":\"de-DE\",\"potentialAction\":[{\"@type\":\"ReadAction\",\"target\":[\"https:\/\/startercultures.eu\/de\/product\/wurstwaren-und-charcuterie-de\/werkzeuge-de-7\/mahlscheibe-6-mm-fur-fleischwolfe\/\"]}]},{\"@type\":\"ImageObject\",\"inLanguage\":\"de-DE\",\"@id\":\"https:\/\/startercultures.eu\/de\/product\/wurstwaren-und-charcuterie-de\/werkzeuge-de-7\/mahlscheibe-6-mm-fur-fleischwolfe\/#primaryimage\",\"url\":\"https:\/\/startercultures.eu\/wp-content\/uploads\/2021\/11\/no_10_6_mm_plate-e1639919387522.jpg\",\"contentUrl\":\"https:\/\/startercultures.eu\/wp-content\/uploads\/2021\/11\/no_10_6_mm_plate-e1639919387522.jpg\",\"width\":450,\"height\":450,\"caption\":\"nr_10_6_mm_Platte\"},{\"@type\":\"BreadcrumbList\",\"@id\":\"https:\/\/startercultures.eu\/de\/product\/wurstwaren-und-charcuterie-de\/werkzeuge-de-7\/mahlscheibe-6-mm-fur-fleischwolfe\/#breadcrumb\",\"itemListElement\":[{\"@type\":\"ListItem\",\"position\":1,\"name\":\"Home\",\"item\":\"https:\/\/startercultures.eu\/de\/\"},{\"@type\":\"ListItem\",\"position\":2,\"name\":\"Shop\",\"item\":\"https:\/\/startercultures.eu\/shop\/\"},{\"@type\":\"ListItem\",\"position\":3,\"name\":\"Mahlscheibe 6 mm | f\u00fcr Fleischw\u00f6lfe\"}]},{\"@type\":\"WebSite\",\"@id\":\"https:\/\/startercultures.eu\/de\/#website\",\"url\":\"https:\/\/startercultures.eu\/de\/\",\"name\":\"Startercultures.eu\",\"description\":\"Startercultures.eu\",\"publisher\":{\"@id\":\"https:\/\/startercultures.eu\/de\/#organization\"},\"potentialAction\":[{\"@type\":\"SearchAction\",\"target\":{\"@type\":\"EntryPoint\",\"urlTemplate\":\"https:\/\/startercultures.eu\/de\/?s={search_term_string}\"},\"query-input\":{\"@type\":\"PropertyValueSpecification\",\"valueRequired\":true,\"valueName\":\"search_term_string\"}}],\"inLanguage\":\"de-DE\"},{\"@type\":\"Organization\",\"@id\":\"https:\/\/startercultures.eu\/de\/#organization\",\"name\":\"Startercultures.eu\",\"url\":\"https:\/\/startercultures.eu\/de\/\",\"logo\":{\"@type\":\"ImageObject\",\"inLanguage\":\"de-DE\",\"@id\":\"https:\/\/startercultures.eu\/de\/#\/schema\/logo\/image\/\",\"url\":\"https:\/\/startercultures.eu\/wp-content\/uploads\/2020\/08\/startercultures-eu-nl-logo-rond-rgb.png\",\"contentUrl\":\"https:\/\/startercultures.eu\/wp-content\/uploads\/2020\/08\/startercultures-eu-nl-logo-rond-rgb.png\",\"width\":320,\"height\":320,\"caption\":\"Startercultures.eu\"},\"image\":{\"@id\":\"https:\/\/startercultures.eu\/de\/#\/schema\/logo\/image\/\"},\"sameAs\":[\"https:\/\/www.facebook.com\/startercultureseu\",\"https:\/\/www.instagram.com\/startercultures.eu\/\"]}]}<\/script>\n<meta property=\"og:availability\" content=\"instock\" \/>\n<meta property=\"product:availability\" content=\"instock\" \/>\n<meta property=\"product:retailer_item_id\" content=\"244\" \/>\n<meta property=\"product:condition\" content=\"new\" \/>\n<!-- \/ Yoast SEO plugin. -->","yoast_head_json":{"title":"Mahlscheibe 6 mm | f\u00fcr Fleischw\u00f6lfe - Startercultures.eu","description":"Diese Mahlscheibe 6 mm ist von robuster tschechischer Qualit\u00e4t und ideal f\u00fcr Wurst, grobes Hackfleisch und grobe Pasteten. Breite Anwendung","robots":{"index":"index","follow":"follow","max-snippet":"max-snippet:-1","max-image-preview":"max-image-preview:large","max-video-preview":"max-video-preview:-1"},"canonical":"https:\/\/startercultures.eu\/de\/product\/wurstwaren-und-charcuterie-de\/werkzeuge-de-7\/mahlscheibe-6-mm-fur-fleischwolfe\/","og_locale":"de_DE","og_type":"article","og_title":"Mahlscheibe 6 mm | f\u00fcr Fleischw\u00f6lfe - Startercultures.eu","og_description":"Diese Mahlscheibe 6 mm ist von robuster tschechischer Qualit\u00e4t und ideal f\u00fcr Wurst, grobes Hackfleisch und grobe Pasteten. Breite Anwendung","og_url":"https:\/\/startercultures.eu\/de\/product\/wurstwaren-und-charcuterie-de\/werkzeuge-de-7\/mahlscheibe-6-mm-fur-fleischwolfe\/","og_site_name":"Startercultures.eu","article_publisher":"https:\/\/www.facebook.com\/startercultureseu","article_modified_time":"2025-09-17T22:00:26+00:00","og_image":[{"width":450,"height":450,"url":"https:\/\/startercultures.eu\/wp-content\/uploads\/2021\/11\/no_10_6_mm_plate-e1639919387522.jpg","type":"image\/jpeg"}],"twitter_card":"summary_large_image","twitter_misc":{"Availability":"Vorr\u00e4tig"},"schema":{"@context":"https:\/\/schema.org","@graph":[{"@type":"WebPage","@id":"https:\/\/startercultures.eu\/de\/product\/wurstwaren-und-charcuterie-de\/werkzeuge-de-7\/mahlscheibe-6-mm-fur-fleischwolfe\/","url":"https:\/\/startercultures.eu\/de\/product\/wurstwaren-und-charcuterie-de\/werkzeuge-de-7\/mahlscheibe-6-mm-fur-fleischwolfe\/","name":"Mahlscheibe 6 mm | f\u00fcr Fleischw\u00f6lfe - Startercultures.eu","isPartOf":{"@id":"https:\/\/startercultures.eu\/de\/#website"},"primaryImageOfPage":{"@id":"https:\/\/startercultures.eu\/de\/product\/wurstwaren-und-charcuterie-de\/werkzeuge-de-7\/mahlscheibe-6-mm-fur-fleischwolfe\/#primaryimage"},"image":{"@id":"https:\/\/startercultures.eu\/de\/product\/wurstwaren-und-charcuterie-de\/werkzeuge-de-7\/mahlscheibe-6-mm-fur-fleischwolfe\/#primaryimage"},"thumbnailUrl":"https:\/\/startercultures.eu\/wp-content\/uploads\/2021\/11\/no_10_6_mm_plate-e1639919387522.jpg","datePublished":"2021-11-29T09:04:10+00:00","dateModified":"2025-09-17T22:00:26+00:00","description":"Diese Mahlscheibe 6 mm ist von robuster tschechischer Qualit\u00e4t und ideal f\u00fcr Wurst, grobes Hackfleisch und grobe Pasteten. Breite Anwendung","breadcrumb":{"@id":"https:\/\/startercultures.eu\/de\/product\/wurstwaren-und-charcuterie-de\/werkzeuge-de-7\/mahlscheibe-6-mm-fur-fleischwolfe\/#breadcrumb"},"inLanguage":"de-DE","potentialAction":[{"@type":"ReadAction","target":["https:\/\/startercultures.eu\/de\/product\/wurstwaren-und-charcuterie-de\/werkzeuge-de-7\/mahlscheibe-6-mm-fur-fleischwolfe\/"]}]},{"@type":"ImageObject","inLanguage":"de-DE","@id":"https:\/\/startercultures.eu\/de\/product\/wurstwaren-und-charcuterie-de\/werkzeuge-de-7\/mahlscheibe-6-mm-fur-fleischwolfe\/#primaryimage","url":"https:\/\/startercultures.eu\/wp-content\/uploads\/2021\/11\/no_10_6_mm_plate-e1639919387522.jpg","contentUrl":"https:\/\/startercultures.eu\/wp-content\/uploads\/2021\/11\/no_10_6_mm_plate-e1639919387522.jpg","width":450,"height":450,"caption":"nr_10_6_mm_Platte"},{"@type":"BreadcrumbList","@id":"https:\/\/startercultures.eu\/de\/product\/wurstwaren-und-charcuterie-de\/werkzeuge-de-7\/mahlscheibe-6-mm-fur-fleischwolfe\/#breadcrumb","itemListElement":[{"@type":"ListItem","position":1,"name":"Home","item":"https:\/\/startercultures.eu\/de\/"},{"@type":"ListItem","position":2,"name":"Shop","item":"https:\/\/startercultures.eu\/shop\/"},{"@type":"ListItem","position":3,"name":"Mahlscheibe 6 mm | f\u00fcr Fleischw\u00f6lfe"}]},{"@type":"WebSite","@id":"https:\/\/startercultures.eu\/de\/#website","url":"https:\/\/startercultures.eu\/de\/","name":"Startercultures.eu","description":"Startercultures.eu","publisher":{"@id":"https:\/\/startercultures.eu\/de\/#organization"},"potentialAction":[{"@type":"SearchAction","target":{"@type":"EntryPoint","urlTemplate":"https:\/\/startercultures.eu\/de\/?s={search_term_string}"},"query-input":{"@type":"PropertyValueSpecification","valueRequired":true,"valueName":"search_term_string"}}],"inLanguage":"de-DE"},{"@type":"Organization","@id":"https:\/\/startercultures.eu\/de\/#organization","name":"Startercultures.eu","url":"https:\/\/startercultures.eu\/de\/","logo":{"@type":"ImageObject","inLanguage":"de-DE","@id":"https:\/\/startercultures.eu\/de\/#\/schema\/logo\/image\/","url":"https:\/\/startercultures.eu\/wp-content\/uploads\/2020\/08\/startercultures-eu-nl-logo-rond-rgb.png","contentUrl":"https:\/\/startercultures.eu\/wp-content\/uploads\/2020\/08\/startercultures-eu-nl-logo-rond-rgb.png","width":320,"height":320,"caption":"Startercultures.eu"},"image":{"@id":"https:\/\/startercultures.eu\/de\/#\/schema\/logo\/image\/"},"sameAs":["https:\/\/www.facebook.com\/startercultureseu","https:\/\/www.instagram.com\/startercultures.eu\/"]}]},"og_availability":"instock","product_availability":"instock","product_retailer_item_id":"244","product_condition":"new"},"_links":{"self":[{"href":"https:\/\/startercultures.eu\/de\/wp-json\/wp\/v2\/product\/24935","targetHints":{"allow":["GET"]}}],"collection":[{"href":"https:\/\/startercultures.eu\/de\/wp-json\/wp\/v2\/product"}],"about":[{"href":"https:\/\/startercultures.eu\/de\/wp-json\/wp\/v2\/types\/product"}],"replies":[{"embeddable":true,"href":"https:\/\/startercultures.eu\/de\/wp-json\/wp\/v2\/comments?post=24935"}],"version-history":[{"count":1,"href":"https:\/\/startercultures.eu\/de\/wp-json\/wp\/v2\/product\/24935\/revisions"}],"predecessor-version":[{"id":41339,"href":"https:\/\/startercultures.eu\/de\/wp-json\/wp\/v2\/product\/24935\/revisions\/41339"}],"wp:featuredmedia":[{"embeddable":true,"href":"https:\/\/startercultures.eu\/de\/wp-json\/wp\/v2\/media\/24322"}],"wp:attachment":[{"href":"https:\/\/startercultures.eu\/de\/wp-json\/wp\/v2\/media?parent=24935"}],"wp:term":[{"taxonomy":"product_brand","embeddable":true,"href":"https:\/\/startercultures.eu\/de\/wp-json\/wp\/v2\/product_brand?post=24935"},{"taxonomy":"product_cat","embeddable":true,"href":"https:\/\/startercultures.eu\/de\/wp-json\/wp\/v2\/product_cat?post=24935"},{"taxonomy":"product_tag","embeddable":true,"href":"https:\/\/startercultures.eu\/de\/wp-json\/wp\/v2\/product_tag?post=24935"}],"curies":[{"name":"wp","href":"https:\/\/api.w.org\/{rel}","templated":true}]}}