{"id":24936,"date":"2022-03-20T13:01:32","date_gmt":"2022-03-20T12:01:32","guid":{"rendered":"https:\/\/startercultures.eu\/product\/unkategorisiert\/multi-fermenter-fuer-alle-ihre-fermentationsprojekte\/"},"modified":"2024-12-07T17:20:06","modified_gmt":"2024-12-07T16:20:06","slug":"multi-fermenter-fur-alle-ihre-fermentations-projekte","status":"publish","type":"product","link":"https:\/\/startercultures.eu\/de\/product\/wurstwaren-und-charcuterie-de\/werkzeuge-de-7\/multi-fermenter-fur-alle-ihre-fermentations-projekte\/","title":{"rendered":"Multi-Fermenter | f\u00fcr alle Ihre Fermentationsprojekte (wird separat geliefert)"},"content":{"rendered":"<p>Dieser kompakte und tragbare Multi-Fermenter kann sowohl k\u00fchlen (bis zu 5 \u00b0C) als auch erhitzen (bis zu 45 \u00b0C) und eignet sich daher f\u00fcr alle Ihre Fermentationsprojekte zu jeder Jahreszeit, von Joghurt bis zu W\u00fcrsten und von Koji bis tempeh. Jetzt mit kostenlosem Versand in der EU!<\/p>\n<h3>Verwendung des Multi-Fermenters<\/h3>\n<p>Der Multi-Fermenter kann durch ein thermoelektrisches<a href=\"https:\/\/en.wikipedia.org\/wiki\/Thermoelectric_cooling#:~:text=A%20Peltier%20cooler%2C%20heater%2C%20or,the%20direction%20of%20the%20current.\" target=\"_blank\" rel=\"noopener\">(Peltier<\/a>) System in Schritten von 1 Grad von 5 \u00b0C-45 \u00b0C mit einer einstellbaren konstanten Temperatur (Schwankung +\/-0,5 C) heizen oder k\u00fchlen.<\/p>\n<p>Dies macht den Multi-Fermenter perfekt f\u00fcr eine Vielzahl von Anwendungen, wie z. B.:<\/p>\n<ul>\n<li>Herstellung von Tempeh (25-35 \u00b0C)<\/li>\n<li>Wachsende Koji (25-35 \u00b0C)<\/li>\n<li>G\u00e4rung oder Formung von W\u00fcrsten (20-30 \u00b0C)<\/li>\n<li>Reifung von W\u00fcrsten (12-15 \u00b0C)<\/li>\n<li>Reifung des K\u00e4ses (10-15 \u00b0C)<\/li>\n<li>Herstellung von Natto (45\u00b0C)<\/li>\n<li>Herstellung von Joghurt (32-45 \u00b0C)<\/li>\n<li>Als Inkubator f\u00fcr Eier<\/li>\n<\/ul>\n<p>Dank seines 12-V-Steckers (neben dem Standard 220 V) k\u00f6nnen Sie ihn auch als K\u00fchlschrank (5 \u00b0C) verwenden, wenn Sie unterwegs sind! Genie\u00dfen Sie einen k\u00fchlen Kombucha, w\u00e4hrend Ihre Wurst <em>unterwegs<\/em> fermentiert!<\/p>\n<h3>Spezifikationen<\/h3>\n<p>Die moderne LED-Digitalanzeige zeigt die aktuelle Temperatur an, die dank des L\u00fcfters \u00fcberall im Schrank konstant ist. Der Multi-Fermenter hat einen Griff zum einfachen Bewegen und zwei Einlegeb\u00f6den, die neu positioniert werden k\u00f6nnen. Zum Reinigen nehmen Sie einfach den Boden heraus. Kinderleicht! Trotz der transparenten Glast\u00fcr ist er ein sehr diskreter Multi-Fermenter: Die Beleuchtung kann ausgeschaltet werden und er verf\u00fcgt \u00fcber einen Silent-Modus, bei dem der L\u00fcfter mit langsamer Geschwindigkeit l\u00e4uft. Jetzt k\u00f6nnen Sie wirklich im Verborgenen g\u00e4ren! Bitte beachten Sie, dass die Temperaturregelung bei eingeschaltetem Gebl\u00e4se am genauesten ist.<\/p>\n<ul>\n<li>Fassungsverm\u00f6gen 25L<\/li>\n<li>Spannung: 220V AC, 12V DC (2 Stecker enthalten)<\/li>\n<li>K\u00fchlleistung: 48W DC, 56W AC; Heizleistung: 40W DC, 52W AC. Gute Isolierung!<\/li>\n<li>Innere Gr\u00f6\u00dfe: B28 x T25 x H36cm; Au\u00dfenma\u00dfe: B33 x T38 x H48cm, Kartongr\u00f6\u00dfe: 38x46x52<\/li>\n<li>Nettogewicht: 6kg; Bruttogewicht: 7kg<\/li>\n<\/ul>\n<h3 dir=\"auto\">Lieferung des Multi-Fermenters<\/h3>\n<p dir=\"auto\">Bitte rechnen Sie mit 1-2 Wochen Lieferfrist. Wenn Sie mehr als 1 Produkt aus unserem Shop bestellen, beachten Sie bitte, dass dieser Multi-Fermenter von einem anderen Standort aus versandt wird und in einer separaten Sendung kommt. Wenn Sie bereits Starterkulturen gekauft haben: Bewahren Sie sie im Gefrierfach auf!<\/p>\n<p dir=\"auto\">Das Paket enth\u00e4lt 1 x Multi-Fermenter, 1 englisches Handbuch und 2 Stopfen.<\/p>\n<h3 dir=\"auto\">Kostenloser Versand<\/h3>\n<p dir=\"auto\">Der Versand ist kostenlos.<\/p>\n<h3 dir=\"auto\">Kann nicht geliefert werden in<\/h3>\n<ul>\n<li dir=\"auto\">die USA<\/li>\n<li dir=\"auto\">Kanada<\/li>\n<li dir=\"auto\">Griechenland<\/li>\n<li dir=\"auto\">die Schweiz<\/li>\n<li dir=\"auto\">Lichtenstein<\/li>\n<li dir=\"auto\">Malta<\/li>\n<li dir=\"auto\">Finnland<\/li>\n<li dir=\"auto\">Norwegen<\/li>\n<li dir=\"auto\">Serbien<\/li>\n<li dir=\"auto\">Nordirland<\/li>\n<li dir=\"auto\">Spanische Inseln<\/li>\n<\/ul>\n<h3 dir=\"auto\">Hinweis: Bitte vor Gebrauch reinigen<\/h3>\n<p dir=\"auto\">Bitte waschen Sie alle Schalen und reinigen Sie das Innere des Multi-Fermenters vor der ersten Verwendung. Der Herstellungsprozess verleiht ihm einen Plastikgeruch, der vor der ersten Verwendung mit Lebensmitteln abgewaschen werden muss.<\/p>\n<div class=\"phenom mod-comment-type\">\n<div class=\"phenom-desc\">\n<div class=\"comment-container\">\n<div class=\"action-comment can-view-video markeddown js-comment\" dir=\"auto\">\n<h3>Online-Workshop zur Wurstherstellung in englischer Sprache<\/h3>\n<\/div>\n<\/div>\n<\/div>\n<\/div>\n<h3><img decoding=\"async\" class=\"lazyload  wp-image-10200 alignright\" src=\"https:\/\/startercultures.eu\/wp-content\/uploads\/2020\/12\/sausage-making-workshop-450-300x300.png\" data-orig-src=\"https:\/\/startercultures.eu\/wp-content\/uploads\/2020\/12\/sausage-making-workshop-450-300x300.png\" alt=\"Lernen Sie, wie Sie zu Hause Trockenwurst herstellen\" width=\"126\" height=\"126\" srcset=\"data:image\/svg+xml,%3Csvg%20xmlns%3D%27http%3A%2F%2Fwww.w3.org%2F2000%2Fsvg%27%20width%3D%27126%27%20height%3D%27126%27%20viewBox%3D%270%200%20126%20126%27%3E%3Crect%20width%3D%27126%27%20height%3D%27126%27%20fill-opacity%3D%220%22%2F%3E%3C%2Fsvg%3E\" data-srcset=\"https:\/\/startercultures.eu\/wp-content\/uploads\/2020\/12\/sausage-making-workshop-450-66x66.png 66w, https:\/\/startercultures.eu\/wp-content\/uploads\/2020\/12\/sausage-making-workshop-450-70x70.png 70w, https:\/\/startercultures.eu\/wp-content\/uploads\/2020\/12\/sausage-making-workshop-450-100x100.png 100w, https:\/\/startercultures.eu\/wp-content\/uploads\/2020\/12\/sausage-making-workshop-450-150x150.png 150w, https:\/\/startercultures.eu\/wp-content\/uploads\/2020\/12\/sausage-making-workshop-450-200x200.png 200w, https:\/\/startercultures.eu\/wp-content\/uploads\/2020\/12\/sausage-making-workshop-450-300x300.png 300w, https:\/\/startercultures.eu\/wp-content\/uploads\/2020\/12\/sausage-making-workshop-450-400x399.png 400w, https:\/\/startercultures.eu\/wp-content\/uploads\/2020\/12\/sausage-making-workshop-450.png 450w\" data-sizes=\"auto\" data-orig-sizes=\"(max-width: 126px) 100vw, 126px\" \/><\/h3>\n<p>In diesem <a href=\"https:\/\/startercultures.eu\/product\/sausages-and-charcuterie\/online-sausage-making-workshop\/\" target=\"_blank\" rel=\"noopener\">englischsprachigen Online-Workshop<\/a> lernen Sie die Theorie und Praxis der Herstellung von frischen W\u00fcrsten. Welche Fleischsorten eignen sich am besten, wo findet man die Zutaten, was sind die gr\u00f6\u00dften Fallstricke und was kann man mit D\u00e4rmen alles anstellen? Foodwriter<a href=\"https:\/\/wateetons.com\/\" target=\"_blank\" rel=\"noopener\">&#8216;Meneer Wateetons&#8217;<\/a>, Autor mehrerer B\u00fccher \u00fcber Fermentierung und alternative Lebensmittelzubereitungstechniken, wird Ihnen alles \u00fcber Fermentierung, P\u00f6kelsalze, Lebensmittelsicherheit, pH-Wert, Starterkulturen, Schimmelpilze und Trocknungsbedingungen beibringen. Klicken Sie <a href=\"https:\/\/startercultures.eu\/product\/sausages-and-charcuterie\/online-sausage-making-workshop\/\" target=\"_blank\" rel=\"noopener\">hier<\/a> f\u00fcr weitere Informationen.<\/p>\n<p>[\/fusion_text][\/fusion_builder_column][\/fusion_builder_row][\/fusion_builder_container]<\/p>\n","protected":false},"excerpt":{"rendered":"<p>Dieser kompakte und tragbare Multi-Fermenter kann sowohl k\u00fchlen (bis zu 5 Grad) als auch erhitzen (bis zu 45 Grad) und eignet sich somit f\u00fcr alle Ihre Fermentationsprojekte zu jeder Jahreszeit, von Joghurt bis zu W\u00fcrsten und von Koji bis zu tempeh. Jetzt mit <strong>kostenlosem Versand<\/strong> in der EU. Das Produkt wird getrennt vom Rest Ihrer Bestellung verschickt, also bewahren Sie die Starterkulturen in der Zwischenzeit im Gefrierschrank auf!<\/p>\n","protected":false},"featured_media":24452,"comment_status":"open","ping_status":"closed","template":"","meta":{"_acf_changed":false,"footnotes":""},"product_brand":[],"product_cat":[655,673],"product_tag":[],"class_list":{"0":"post-24936","1":"product","2":"type-product","3":"status-publish","4":"has-post-thumbnail","6":"product_cat-uncategorized-de","7":"product_cat-werkzeuge-de-7","9":"first","10":"outofstock","11":"taxable","12":"shipping-taxable","13":"purchasable","14":"product-type-simple"},"acf":[],"yoast_head":"<!-- This site is optimized with the Yoast SEO plugin v26.6 - https:\/\/yoast.com\/wordpress\/plugins\/seo\/ -->\n<title>Multi-Fermenter | Startercultures.eu<\/title>\n<meta name=\"description\" content=\"Dieser kompakte Multi-Fermenter kann k\u00fchlen und erhitzen und eignet sich somit f\u00fcr alle Ihre Fermentationsprojekte, von Joghurt bis Koji und vieles mehr!\" \/>\n<meta name=\"robots\" content=\"index, follow, max-snippet:-1, max-image-preview:large, max-video-preview:-1\" \/>\n<link rel=\"canonical\" href=\"https:\/\/startercultures.eu\/de\/product\/wurstwaren-und-charcuterie-de\/werkzeuge-de-7\/multi-fermenter-fur-alle-ihre-fermentations-projekte\/\" \/>\n<meta property=\"og:locale\" content=\"de_DE\" \/>\n<meta property=\"og:type\" content=\"article\" \/>\n<meta property=\"og:title\" content=\"Multi-Fermenter | Startercultures.eu\" \/>\n<meta property=\"og:description\" content=\"Dieser kompakte Multi-Fermenter kann k\u00fchlen und erhitzen und eignet sich somit f\u00fcr alle Ihre Fermentationsprojekte, von Joghurt bis Koji und vieles mehr!\" \/>\n<meta property=\"og:url\" content=\"https:\/\/startercultures.eu\/de\/product\/wurstwaren-und-charcuterie-de\/werkzeuge-de-7\/multi-fermenter-fur-alle-ihre-fermentations-projekte\/\" \/>\n<meta property=\"og:site_name\" content=\"Startercultures.eu\" \/>\n<meta property=\"article:publisher\" content=\"https:\/\/www.facebook.com\/startercultureseu\" \/>\n<meta property=\"article:modified_time\" content=\"2024-12-07T16:20:06+00:00\" \/>\n<meta property=\"og:image\" content=\"https:\/\/startercultures.eu\/wp-content\/uploads\/2022\/03\/multi-fermenter-front.png\" \/>\n\t<meta property=\"og:image:width\" content=\"1250\" \/>\n\t<meta property=\"og:image:height\" content=\"1250\" \/>\n\t<meta property=\"og:image:type\" content=\"image\/png\" \/>\n<meta name=\"twitter:card\" content=\"summary_large_image\" \/>\n<meta name=\"twitter:label1\" content=\"Price\" \/>\n\t<meta name=\"twitter:data1\" content=\"199,-\" \/>\n\t<meta name=\"twitter:label2\" content=\"Availability\" \/>\n\t<meta name=\"twitter:data2\" content=\"Nicht auf Lager\" \/>\n<script type=\"application\/ld+json\" class=\"yoast-schema-graph\">{\"@context\":\"https:\/\/schema.org\",\"@graph\":[{\"@type\":\"WebPage\",\"@id\":\"https:\/\/startercultures.eu\/de\/product\/wurstwaren-und-charcuterie-de\/werkzeuge-de-7\/multi-fermenter-fur-alle-ihre-fermentations-projekte\/\",\"url\":\"https:\/\/startercultures.eu\/de\/product\/wurstwaren-und-charcuterie-de\/werkzeuge-de-7\/multi-fermenter-fur-alle-ihre-fermentations-projekte\/\",\"name\":\"Multi-Fermenter | Startercultures.eu\",\"isPartOf\":{\"@id\":\"https:\/\/startercultures.eu\/de\/#website\"},\"primaryImageOfPage\":{\"@id\":\"https:\/\/startercultures.eu\/de\/product\/wurstwaren-und-charcuterie-de\/werkzeuge-de-7\/multi-fermenter-fur-alle-ihre-fermentations-projekte\/#primaryimage\"},\"image\":{\"@id\":\"https:\/\/startercultures.eu\/de\/product\/wurstwaren-und-charcuterie-de\/werkzeuge-de-7\/multi-fermenter-fur-alle-ihre-fermentations-projekte\/#primaryimage\"},\"thumbnailUrl\":\"https:\/\/startercultures.eu\/wp-content\/uploads\/2022\/03\/multi-fermenter-front.png\",\"datePublished\":\"2022-03-20T12:01:32+00:00\",\"dateModified\":\"2024-12-07T16:20:06+00:00\",\"description\":\"Dieser kompakte Multi-Fermenter kann k\u00fchlen und erhitzen und eignet sich somit f\u00fcr alle Ihre Fermentationsprojekte, von Joghurt bis Koji und vieles mehr!\",\"breadcrumb\":{\"@id\":\"https:\/\/startercultures.eu\/de\/product\/wurstwaren-und-charcuterie-de\/werkzeuge-de-7\/multi-fermenter-fur-alle-ihre-fermentations-projekte\/#breadcrumb\"},\"inLanguage\":\"de-DE\",\"potentialAction\":[{\"@type\":\"ReadAction\",\"target\":[\"https:\/\/startercultures.eu\/de\/product\/wurstwaren-und-charcuterie-de\/werkzeuge-de-7\/multi-fermenter-fur-alle-ihre-fermentations-projekte\/\"]}]},{\"@type\":\"ImageObject\",\"inLanguage\":\"de-DE\",\"@id\":\"https:\/\/startercultures.eu\/de\/product\/wurstwaren-und-charcuterie-de\/werkzeuge-de-7\/multi-fermenter-fur-alle-ihre-fermentations-projekte\/#primaryimage\",\"url\":\"https:\/\/startercultures.eu\/wp-content\/uploads\/2022\/03\/multi-fermenter-front.png\",\"contentUrl\":\"https:\/\/startercultures.eu\/wp-content\/uploads\/2022\/03\/multi-fermenter-front.png\",\"width\":1250,\"height\":1250},{\"@type\":\"BreadcrumbList\",\"@id\":\"https:\/\/startercultures.eu\/de\/product\/wurstwaren-und-charcuterie-de\/werkzeuge-de-7\/multi-fermenter-fur-alle-ihre-fermentations-projekte\/#breadcrumb\",\"itemListElement\":[{\"@type\":\"ListItem\",\"position\":1,\"name\":\"Home\",\"item\":\"https:\/\/startercultures.eu\/de\/\"},{\"@type\":\"ListItem\",\"position\":2,\"name\":\"Shop\",\"item\":\"https:\/\/startercultures.eu\/shop\/\"},{\"@type\":\"ListItem\",\"position\":3,\"name\":\"Multi-Fermenter | f\u00fcr alle Ihre Fermentationsprojekte (wird separat geliefert)\"}]},{\"@type\":\"WebSite\",\"@id\":\"https:\/\/startercultures.eu\/de\/#website\",\"url\":\"https:\/\/startercultures.eu\/de\/\",\"name\":\"Startercultures.eu\",\"description\":\"Startercultures.eu\",\"publisher\":{\"@id\":\"https:\/\/startercultures.eu\/de\/#organization\"},\"potentialAction\":[{\"@type\":\"SearchAction\",\"target\":{\"@type\":\"EntryPoint\",\"urlTemplate\":\"https:\/\/startercultures.eu\/de\/?s={search_term_string}\"},\"query-input\":{\"@type\":\"PropertyValueSpecification\",\"valueRequired\":true,\"valueName\":\"search_term_string\"}}],\"inLanguage\":\"de-DE\"},{\"@type\":\"Organization\",\"@id\":\"https:\/\/startercultures.eu\/de\/#organization\",\"name\":\"Startercultures.eu\",\"url\":\"https:\/\/startercultures.eu\/de\/\",\"logo\":{\"@type\":\"ImageObject\",\"inLanguage\":\"de-DE\",\"@id\":\"https:\/\/startercultures.eu\/de\/#\/schema\/logo\/image\/\",\"url\":\"https:\/\/startercultures.eu\/wp-content\/uploads\/2020\/08\/startercultures-eu-nl-logo-rond-rgb.png\",\"contentUrl\":\"https:\/\/startercultures.eu\/wp-content\/uploads\/2020\/08\/startercultures-eu-nl-logo-rond-rgb.png\",\"width\":320,\"height\":320,\"caption\":\"Startercultures.eu\"},\"image\":{\"@id\":\"https:\/\/startercultures.eu\/de\/#\/schema\/logo\/image\/\"},\"sameAs\":[\"https:\/\/www.facebook.com\/startercultureseu\",\"https:\/\/www.instagram.com\/startercultures.eu\/\"]}]}<\/script>\n<meta property=\"product:price:amount\" content=\"199.00\" \/>\n<meta property=\"product:price:currency\" content=\"EUR\" \/>\n<meta property=\"og:availability\" content=\"out of stock\" \/>\n<meta property=\"product:availability\" content=\"out of stock\" \/>\n<meta property=\"product:retailer_item_id\" content=\"261\" \/>\n<meta property=\"product:condition\" content=\"new\" \/>\n<!-- \/ Yoast SEO plugin. -->","yoast_head_json":{"title":"Multi-Fermenter | Startercultures.eu","description":"Dieser kompakte Multi-Fermenter kann k\u00fchlen und erhitzen und eignet sich somit f\u00fcr alle Ihre Fermentationsprojekte, von Joghurt bis Koji und vieles mehr!","robots":{"index":"index","follow":"follow","max-snippet":"max-snippet:-1","max-image-preview":"max-image-preview:large","max-video-preview":"max-video-preview:-1"},"canonical":"https:\/\/startercultures.eu\/de\/product\/wurstwaren-und-charcuterie-de\/werkzeuge-de-7\/multi-fermenter-fur-alle-ihre-fermentations-projekte\/","og_locale":"de_DE","og_type":"article","og_title":"Multi-Fermenter | Startercultures.eu","og_description":"Dieser kompakte Multi-Fermenter kann k\u00fchlen und erhitzen und eignet sich somit f\u00fcr alle Ihre Fermentationsprojekte, von Joghurt bis Koji und vieles mehr!","og_url":"https:\/\/startercultures.eu\/de\/product\/wurstwaren-und-charcuterie-de\/werkzeuge-de-7\/multi-fermenter-fur-alle-ihre-fermentations-projekte\/","og_site_name":"Startercultures.eu","article_publisher":"https:\/\/www.facebook.com\/startercultureseu","article_modified_time":"2024-12-07T16:20:06+00:00","og_image":[{"width":1250,"height":1250,"url":"https:\/\/startercultures.eu\/wp-content\/uploads\/2022\/03\/multi-fermenter-front.png","type":"image\/png"}],"twitter_card":"summary_large_image","twitter_misc":{"Price":"199,-","Availability":"Nicht auf Lager"},"schema":{"@context":"https:\/\/schema.org","@graph":[{"@type":"WebPage","@id":"https:\/\/startercultures.eu\/de\/product\/wurstwaren-und-charcuterie-de\/werkzeuge-de-7\/multi-fermenter-fur-alle-ihre-fermentations-projekte\/","url":"https:\/\/startercultures.eu\/de\/product\/wurstwaren-und-charcuterie-de\/werkzeuge-de-7\/multi-fermenter-fur-alle-ihre-fermentations-projekte\/","name":"Multi-Fermenter | Startercultures.eu","isPartOf":{"@id":"https:\/\/startercultures.eu\/de\/#website"},"primaryImageOfPage":{"@id":"https:\/\/startercultures.eu\/de\/product\/wurstwaren-und-charcuterie-de\/werkzeuge-de-7\/multi-fermenter-fur-alle-ihre-fermentations-projekte\/#primaryimage"},"image":{"@id":"https:\/\/startercultures.eu\/de\/product\/wurstwaren-und-charcuterie-de\/werkzeuge-de-7\/multi-fermenter-fur-alle-ihre-fermentations-projekte\/#primaryimage"},"thumbnailUrl":"https:\/\/startercultures.eu\/wp-content\/uploads\/2022\/03\/multi-fermenter-front.png","datePublished":"2022-03-20T12:01:32+00:00","dateModified":"2024-12-07T16:20:06+00:00","description":"Dieser kompakte Multi-Fermenter kann k\u00fchlen und erhitzen und eignet sich somit f\u00fcr alle Ihre Fermentationsprojekte, von Joghurt bis Koji und vieles mehr!","breadcrumb":{"@id":"https:\/\/startercultures.eu\/de\/product\/wurstwaren-und-charcuterie-de\/werkzeuge-de-7\/multi-fermenter-fur-alle-ihre-fermentations-projekte\/#breadcrumb"},"inLanguage":"de-DE","potentialAction":[{"@type":"ReadAction","target":["https:\/\/startercultures.eu\/de\/product\/wurstwaren-und-charcuterie-de\/werkzeuge-de-7\/multi-fermenter-fur-alle-ihre-fermentations-projekte\/"]}]},{"@type":"ImageObject","inLanguage":"de-DE","@id":"https:\/\/startercultures.eu\/de\/product\/wurstwaren-und-charcuterie-de\/werkzeuge-de-7\/multi-fermenter-fur-alle-ihre-fermentations-projekte\/#primaryimage","url":"https:\/\/startercultures.eu\/wp-content\/uploads\/2022\/03\/multi-fermenter-front.png","contentUrl":"https:\/\/startercultures.eu\/wp-content\/uploads\/2022\/03\/multi-fermenter-front.png","width":1250,"height":1250},{"@type":"BreadcrumbList","@id":"https:\/\/startercultures.eu\/de\/product\/wurstwaren-und-charcuterie-de\/werkzeuge-de-7\/multi-fermenter-fur-alle-ihre-fermentations-projekte\/#breadcrumb","itemListElement":[{"@type":"ListItem","position":1,"name":"Home","item":"https:\/\/startercultures.eu\/de\/"},{"@type":"ListItem","position":2,"name":"Shop","item":"https:\/\/startercultures.eu\/shop\/"},{"@type":"ListItem","position":3,"name":"Multi-Fermenter | f\u00fcr alle Ihre Fermentationsprojekte (wird separat geliefert)"}]},{"@type":"WebSite","@id":"https:\/\/startercultures.eu\/de\/#website","url":"https:\/\/startercultures.eu\/de\/","name":"Startercultures.eu","description":"Startercultures.eu","publisher":{"@id":"https:\/\/startercultures.eu\/de\/#organization"},"potentialAction":[{"@type":"SearchAction","target":{"@type":"EntryPoint","urlTemplate":"https:\/\/startercultures.eu\/de\/?s={search_term_string}"},"query-input":{"@type":"PropertyValueSpecification","valueRequired":true,"valueName":"search_term_string"}}],"inLanguage":"de-DE"},{"@type":"Organization","@id":"https:\/\/startercultures.eu\/de\/#organization","name":"Startercultures.eu","url":"https:\/\/startercultures.eu\/de\/","logo":{"@type":"ImageObject","inLanguage":"de-DE","@id":"https:\/\/startercultures.eu\/de\/#\/schema\/logo\/image\/","url":"https:\/\/startercultures.eu\/wp-content\/uploads\/2020\/08\/startercultures-eu-nl-logo-rond-rgb.png","contentUrl":"https:\/\/startercultures.eu\/wp-content\/uploads\/2020\/08\/startercultures-eu-nl-logo-rond-rgb.png","width":320,"height":320,"caption":"Startercultures.eu"},"image":{"@id":"https:\/\/startercultures.eu\/de\/#\/schema\/logo\/image\/"},"sameAs":["https:\/\/www.facebook.com\/startercultureseu","https:\/\/www.instagram.com\/startercultures.eu\/"]}]},"product_price_amount":"199.00","product_price_currency":"EUR","og_availability":"out of stock","product_availability":"out of stock","product_retailer_item_id":"261","product_condition":"new"},"_links":{"self":[{"href":"https:\/\/startercultures.eu\/de\/wp-json\/wp\/v2\/product\/24936","targetHints":{"allow":["GET"]}}],"collection":[{"href":"https:\/\/startercultures.eu\/de\/wp-json\/wp\/v2\/product"}],"about":[{"href":"https:\/\/startercultures.eu\/de\/wp-json\/wp\/v2\/types\/product"}],"replies":[{"embeddable":true,"href":"https:\/\/startercultures.eu\/de\/wp-json\/wp\/v2\/comments?post=24936"}],"version-history":[{"count":4,"href":"https:\/\/startercultures.eu\/de\/wp-json\/wp\/v2\/product\/24936\/revisions"}],"predecessor-version":[{"id":66092,"href":"https:\/\/startercultures.eu\/de\/wp-json\/wp\/v2\/product\/24936\/revisions\/66092"}],"wp:featuredmedia":[{"embeddable":true,"href":"https:\/\/startercultures.eu\/de\/wp-json\/wp\/v2\/media\/24452"}],"wp:attachment":[{"href":"https:\/\/startercultures.eu\/de\/wp-json\/wp\/v2\/media?parent=24936"}],"wp:term":[{"taxonomy":"product_brand","embeddable":true,"href":"https:\/\/startercultures.eu\/de\/wp-json\/wp\/v2\/product_brand?post=24936"},{"taxonomy":"product_cat","embeddable":true,"href":"https:\/\/startercultures.eu\/de\/wp-json\/wp\/v2\/product_cat?post=24936"},{"taxonomy":"product_tag","embeddable":true,"href":"https:\/\/startercultures.eu\/de\/wp-json\/wp\/v2\/product_tag?post=24936"}],"curies":[{"name":"wp","href":"https:\/\/api.w.org\/{rel}","templated":true}]}}