{"id":24944,"date":"2021-11-04T16:34:46","date_gmt":"2021-11-04T16:34:46","guid":{"rendered":"https:\/\/startercultures.eu\/product\/unkategorisiert\/alles-in-einem-niederlaendischen-ossenworst-starterkit\/"},"modified":"2025-01-23T11:46:20","modified_gmt":"2025-01-23T10:46:20","slug":"all-in-one-niederlandische-ossenworst-starterkit","status":"publish","type":"product","link":"https:\/\/startercultures.eu\/de\/product\/wurstwaren-und-charcuterie-de\/all-in-one-starterkits\/all-in-one-niederlandische-ossenworst-starterkit\/","title":{"rendered":"All-in-One niederl\u00e4ndisches Ossenworst Starterkit"},"content":{"rendered":"<p>Stellen Sie Ihre eigene holl\u00e4ndische <em>Ossenworst<\/em> oder andere Wurstsorten wie Mettwurst oder Teewurst mit diesem Starterkit her.<\/p>\n<h3>Inhalt niederl\u00e4ndische Ossenworst Starterkit<\/h3>\n<ul>\n<li>Nitritsalz<\/li>\n<li>Traubenzucker<\/li>\n<li>Wursttupfer<\/li>\n<li>M\u00e4usedraht<\/li>\n<li>Ihre Wahl eines\n<ul>\n<li>Naturdarm aus Rindfleisch<\/li>\n<li>halbdurchl\u00e4ssiger (rauchbare) Zellulosed\u00e4rme<\/li>\n<li>Kunststoffdarm<\/li>\n<\/ul>\n<\/li>\n<li>Optional: Beeindrucken Sie alle mit Ihrer Ausr\u00fcstung! Zum Beispiel mit <em>Porkert<\/em>, weltweit bekannt als &#8220;der Ferrari unter den Fleischw\u00f6lfen&#8221;. Vervollst\u00e4ndigen Sie diesen grundsoliden tschechischen Klassiker mit F\u00fcllrohren und einem Fleischstampfer.<\/li>\n<\/ul>\n<h3>Englischsprachiger Online-Workshop zur Herstellung von Rohwurst<br \/>\n<img decoding=\"async\" class=\"lazyload  wp-image-23961 alignright\" src=\"https:\/\/startercultures.eu\/wp-content\/uploads\/2020\/12\/sausage-making-workshop-450-300x300.png\" data-orig-src=\"https:\/\/startercultures.eu\/wp-content\/uploads\/2020\/12\/sausage-making-workshop-450-300x300.png\" alt=\"Lernen Sie, wie Sie zu Hause Trockenwurst herstellen\" width=\"126\" height=\"126\" srcset=\"data:image\/svg+xml,%3Csvg%20xmlns%3D%27http%3A%2F%2Fwww.w3.org%2F2000%2Fsvg%27%20width%3D%27126%27%20height%3D%27126%27%20viewBox%3D%270%200%20126%20126%27%3E%3Crect%20width%3D%27126%27%20height%3D%27126%27%20fill-opacity%3D%220%22%2F%3E%3C%2Fsvg%3E\" data-srcset=\"https:\/\/startercultures.eu\/wp-content\/uploads\/2020\/12\/sausage-making-workshop-450-66x66.png 66w, https:\/\/startercultures.eu\/wp-content\/uploads\/2020\/12\/sausage-making-workshop-450-70x70.png 70w, https:\/\/startercultures.eu\/wp-content\/uploads\/2020\/12\/sausage-making-workshop-450-100x100.png 100w, https:\/\/startercultures.eu\/wp-content\/uploads\/2020\/12\/sausage-making-workshop-450-150x150.png 150w, https:\/\/startercultures.eu\/wp-content\/uploads\/2020\/12\/sausage-making-workshop-450-200x200.png 200w, https:\/\/startercultures.eu\/wp-content\/uploads\/2020\/12\/sausage-making-workshop-450-300x300.png 300w, https:\/\/startercultures.eu\/wp-content\/uploads\/2020\/12\/sausage-making-workshop-450-400x399.png 400w, https:\/\/startercultures.eu\/wp-content\/uploads\/2020\/12\/sausage-making-workshop-450.png 450w\" data-sizes=\"auto\" data-orig-sizes=\"(max-width: 126px) 100vw, 126px\" \/><\/h3>\n<p>W\u00e4hrend <a href=\"https:\/\/startercultures.eu\/product\/sausages-and-charcuterie\/online-english-spoken-dry-cured-charcuterie-workshop\/\" target=\"_blank\" rel=\"noopener\">dieses Meisterkurses in englischer Sprache<\/a> lernen Sie in Theorie und Praxis, wie man Rohw\u00fcrste wie Salami, Fuet, Chorizo, Peperoni und Sommerw\u00fcrste zu Hause herstellt. Foodwriter<a href=\"https:\/\/wateetons.com\/\" target=\"_blank\" rel=\"noopener\">&#8216;Meneer Wateetons&#8217;<\/a>, Autor mehrerer B\u00fccher \u00fcber G\u00e4rung und Wurstherstellung, wird Ihnen alles \u00fcber G\u00e4rung, P\u00f6kelsalze, Lebensmittelsicherheit, <a href=\"https:\/\/en.wikipedia.org\/wiki\/PH\" target=\"_blank\" rel=\"noopener\">pH-Wert<\/a>, Starterkulturen, Schimmelpilze und Trocknungsbedingungen beibringen.Klicken Sie <a href=\"https:\/\/startercultures.eu\/product\/sausages-and-charcuterie\/online-english-spoken-dry-cured-charcuterie-workshop\/\" target=\"_blank\" rel=\"noopener\">hier<\/a> f\u00fcr weitere Informationen.<\/p>\n","protected":false},"excerpt":{"rendered":"<p>Machen Sie Ihren eigenen holl\u00e4ndischen Ossenworst oder andere Wurstwaren wie Mettwurst oder Teewurst mit diesem holl\u00e4ndischen Ossenworst-Starterkit.<\/p>\n","protected":false},"featured_media":23844,"comment_status":"open","ping_status":"closed","template":"","meta":{"_acf_changed":false,"footnotes":""},"product_brand":[],"product_cat":[682,684],"product_tag":[],"class_list":{"0":"post-24944","1":"product","2":"type-product","3":"status-publish","4":"has-post-thumbnail","6":"product_cat-all-in-one-starterkits","7":"product_cat-wurstwaren-und-charcuterie","8":"product_shipping_class-klein-pakket-de","10":"first","11":"instock","12":"sale","13":"taxable","14":"shipping-taxable","15":"purchasable","16":"product-type-woosb"},"acf":[],"yoast_head":"<!-- This site is optimized with the Yoast SEO plugin v26.6 - https:\/\/yoast.com\/wordpress\/plugins\/seo\/ -->\n<title>All-in-One niederl\u00e4ndisches Ossenworst Starterkit - Startercultures.eu<\/title>\n<meta name=\"description\" content=\"Machen Sie Ihre eigene holl\u00e4ndische Ossenworst oder andere Wurstsorten wie Mettwurst oder Teewurst mit diesem holl\u00e4ndischen Ossenworst-Starterkit\" \/>\n<meta name=\"robots\" content=\"index, follow, max-snippet:-1, max-image-preview:large, max-video-preview:-1\" \/>\n<link rel=\"canonical\" href=\"https:\/\/startercultures.eu\/de\/product\/wurstwaren-und-charcuterie-de\/all-in-one-starterkits\/all-in-one-niederlandische-ossenworst-starterkit\/\" \/>\n<meta property=\"og:locale\" content=\"de_DE\" \/>\n<meta property=\"og:type\" content=\"article\" \/>\n<meta property=\"og:title\" content=\"All-in-One niederl\u00e4ndisches Ossenworst Starterkit - Startercultures.eu\" \/>\n<meta property=\"og:description\" content=\"Machen Sie Ihre eigene holl\u00e4ndische Ossenworst oder andere Wurstsorten wie Mettwurst oder Teewurst mit diesem holl\u00e4ndischen Ossenworst-Starterkit\" \/>\n<meta property=\"og:url\" content=\"https:\/\/startercultures.eu\/de\/product\/wurstwaren-und-charcuterie-de\/all-in-one-starterkits\/all-in-one-niederlandische-ossenworst-starterkit\/\" \/>\n<meta property=\"og:site_name\" content=\"Startercultures.eu\" \/>\n<meta property=\"article:publisher\" content=\"https:\/\/www.facebook.com\/startercultureseu\" \/>\n<meta property=\"article:modified_time\" content=\"2025-01-23T10:46:20+00:00\" \/>\n<meta property=\"og:image\" content=\"https:\/\/startercultures.eu\/wp-content\/uploads\/2021\/11\/workshop-ossenworst.png\" \/>\n\t<meta property=\"og:image:width\" content=\"360\" \/>\n\t<meta property=\"og:image:height\" content=\"360\" \/>\n\t<meta property=\"og:image:type\" content=\"image\/png\" \/>\n<meta name=\"twitter:card\" content=\"summary_large_image\" \/>\n<meta name=\"twitter:label1\" content=\"Price\" \/>\n\t<meta name=\"twitter:data1\" content=\"37,76\" \/>\n\t<meta name=\"twitter:label2\" content=\"Availability\" \/>\n\t<meta name=\"twitter:data2\" content=\"Vorr\u00e4tig\" \/>\n<script type=\"application\/ld+json\" class=\"yoast-schema-graph\">{\"@context\":\"https:\/\/schema.org\",\"@graph\":[{\"@type\":\"WebPage\",\"@id\":\"https:\/\/startercultures.eu\/de\/product\/wurstwaren-und-charcuterie-de\/all-in-one-starterkits\/all-in-one-niederlandische-ossenworst-starterkit\/\",\"url\":\"https:\/\/startercultures.eu\/de\/product\/wurstwaren-und-charcuterie-de\/all-in-one-starterkits\/all-in-one-niederlandische-ossenworst-starterkit\/\",\"name\":\"All-in-One niederl\u00e4ndisches Ossenworst Starterkit - Startercultures.eu\",\"isPartOf\":{\"@id\":\"https:\/\/startercultures.eu\/de\/#website\"},\"primaryImageOfPage\":{\"@id\":\"https:\/\/startercultures.eu\/de\/product\/wurstwaren-und-charcuterie-de\/all-in-one-starterkits\/all-in-one-niederlandische-ossenworst-starterkit\/#primaryimage\"},\"image\":{\"@id\":\"https:\/\/startercultures.eu\/de\/product\/wurstwaren-und-charcuterie-de\/all-in-one-starterkits\/all-in-one-niederlandische-ossenworst-starterkit\/#primaryimage\"},\"thumbnailUrl\":\"https:\/\/startercultures.eu\/wp-content\/uploads\/2020\/08\/unnamed-1.jpg\",\"datePublished\":\"2021-11-04T16:34:46+00:00\",\"dateModified\":\"2025-01-23T10:46:20+00:00\",\"description\":\"Machen Sie Ihre eigene holl\u00e4ndische Ossenworst oder andere Wurstsorten wie Mettwurst oder Teewurst mit diesem holl\u00e4ndischen Ossenworst-Starterkit\",\"breadcrumb\":{\"@id\":\"https:\/\/startercultures.eu\/de\/product\/wurstwaren-und-charcuterie-de\/all-in-one-starterkits\/all-in-one-niederlandische-ossenworst-starterkit\/#breadcrumb\"},\"inLanguage\":\"de-DE\",\"potentialAction\":[{\"@type\":\"ReadAction\",\"target\":[\"https:\/\/startercultures.eu\/de\/product\/wurstwaren-und-charcuterie-de\/all-in-one-starterkits\/all-in-one-niederlandische-ossenworst-starterkit\/\"]}]},{\"@type\":\"ImageObject\",\"inLanguage\":\"de-DE\",\"@id\":\"https:\/\/startercultures.eu\/de\/product\/wurstwaren-und-charcuterie-de\/all-in-one-starterkits\/all-in-one-niederlandische-ossenworst-starterkit\/#primaryimage\",\"url\":\"https:\/\/startercultures.eu\/wp-content\/uploads\/2020\/08\/unnamed-1.jpg\",\"contentUrl\":\"https:\/\/startercultures.eu\/wp-content\/uploads\/2020\/08\/unnamed-1.jpg\",\"width\":270,\"height\":270,\"caption\":\"Alles in een ossenworst pakket\"},{\"@type\":\"BreadcrumbList\",\"@id\":\"https:\/\/startercultures.eu\/de\/product\/wurstwaren-und-charcuterie-de\/all-in-one-starterkits\/all-in-one-niederlandische-ossenworst-starterkit\/#breadcrumb\",\"itemListElement\":[{\"@type\":\"ListItem\",\"position\":1,\"name\":\"Home\",\"item\":\"https:\/\/startercultures.eu\/de\/\"},{\"@type\":\"ListItem\",\"position\":2,\"name\":\"Shop\",\"item\":\"https:\/\/startercultures.eu\/shop\/\"},{\"@type\":\"ListItem\",\"position\":3,\"name\":\"All-in-One niederl\u00e4ndisches Ossenworst Starterkit\"}]},{\"@type\":\"WebSite\",\"@id\":\"https:\/\/startercultures.eu\/de\/#website\",\"url\":\"https:\/\/startercultures.eu\/de\/\",\"name\":\"Startercultures.eu\",\"description\":\"Startercultures.eu\",\"publisher\":{\"@id\":\"https:\/\/startercultures.eu\/de\/#organization\"},\"potentialAction\":[{\"@type\":\"SearchAction\",\"target\":{\"@type\":\"EntryPoint\",\"urlTemplate\":\"https:\/\/startercultures.eu\/de\/?s={search_term_string}\"},\"query-input\":{\"@type\":\"PropertyValueSpecification\",\"valueRequired\":true,\"valueName\":\"search_term_string\"}}],\"inLanguage\":\"de-DE\"},{\"@type\":\"Organization\",\"@id\":\"https:\/\/startercultures.eu\/de\/#organization\",\"name\":\"Startercultures.eu\",\"url\":\"https:\/\/startercultures.eu\/de\/\",\"logo\":{\"@type\":\"ImageObject\",\"inLanguage\":\"de-DE\",\"@id\":\"https:\/\/startercultures.eu\/de\/#\/schema\/logo\/image\/\",\"url\":\"https:\/\/startercultures.eu\/wp-content\/uploads\/2020\/08\/startercultures-eu-nl-logo-rond-rgb.png\",\"contentUrl\":\"https:\/\/startercultures.eu\/wp-content\/uploads\/2020\/08\/startercultures-eu-nl-logo-rond-rgb.png\",\"width\":320,\"height\":320,\"caption\":\"Startercultures.eu\"},\"image\":{\"@id\":\"https:\/\/startercultures.eu\/de\/#\/schema\/logo\/image\/\"},\"sameAs\":[\"https:\/\/www.facebook.com\/startercultureseu\",\"https:\/\/www.instagram.com\/startercultures.eu\/\"],\"hasMerchantReturnPolicy\":{\"@type\":\"MerchantReturnPolicy\",\"merchantReturnLink\":\"https:\/\/startercultures.eu\/return-policy\/\"}}]}<\/script>\n<meta property=\"product:price:amount\" content=\"37.76\" \/>\n<meta property=\"product:price:currency\" content=\"EUR\" \/>\n<meta property=\"og:availability\" content=\"instock\" \/>\n<meta property=\"product:availability\" content=\"instock\" \/>\n<meta property=\"product:retailer_item_id\" content=\"286\" \/>\n<meta property=\"product:condition\" content=\"new\" \/>\n<!-- \/ Yoast SEO plugin. -->","yoast_head_json":{"title":"All-in-One niederl\u00e4ndisches Ossenworst Starterkit - Startercultures.eu","description":"Machen Sie Ihre eigene holl\u00e4ndische Ossenworst oder andere Wurstsorten wie Mettwurst oder Teewurst mit diesem holl\u00e4ndischen Ossenworst-Starterkit","robots":{"index":"index","follow":"follow","max-snippet":"max-snippet:-1","max-image-preview":"max-image-preview:large","max-video-preview":"max-video-preview:-1"},"canonical":"https:\/\/startercultures.eu\/de\/product\/wurstwaren-und-charcuterie-de\/all-in-one-starterkits\/all-in-one-niederlandische-ossenworst-starterkit\/","og_locale":"de_DE","og_type":"article","og_title":"All-in-One niederl\u00e4ndisches Ossenworst Starterkit - Startercultures.eu","og_description":"Machen Sie Ihre eigene holl\u00e4ndische Ossenworst oder andere Wurstsorten wie Mettwurst oder Teewurst mit diesem holl\u00e4ndischen Ossenworst-Starterkit","og_url":"https:\/\/startercultures.eu\/de\/product\/wurstwaren-und-charcuterie-de\/all-in-one-starterkits\/all-in-one-niederlandische-ossenworst-starterkit\/","og_site_name":"Startercultures.eu","article_publisher":"https:\/\/www.facebook.com\/startercultureseu","article_modified_time":"2025-01-23T10:46:20+00:00","og_image":[{"width":360,"height":360,"url":"https:\/\/startercultures.eu\/wp-content\/uploads\/2021\/11\/workshop-ossenworst.png","type":"image\/png"}],"twitter_card":"summary_large_image","twitter_misc":{"Price":"37,76","Availability":"Vorr\u00e4tig"},"schema":{"@context":"https:\/\/schema.org","@graph":[{"@type":"WebPage","@id":"https:\/\/startercultures.eu\/de\/product\/wurstwaren-und-charcuterie-de\/all-in-one-starterkits\/all-in-one-niederlandische-ossenworst-starterkit\/","url":"https:\/\/startercultures.eu\/de\/product\/wurstwaren-und-charcuterie-de\/all-in-one-starterkits\/all-in-one-niederlandische-ossenworst-starterkit\/","name":"All-in-One niederl\u00e4ndisches Ossenworst Starterkit - Startercultures.eu","isPartOf":{"@id":"https:\/\/startercultures.eu\/de\/#website"},"primaryImageOfPage":{"@id":"https:\/\/startercultures.eu\/de\/product\/wurstwaren-und-charcuterie-de\/all-in-one-starterkits\/all-in-one-niederlandische-ossenworst-starterkit\/#primaryimage"},"image":{"@id":"https:\/\/startercultures.eu\/de\/product\/wurstwaren-und-charcuterie-de\/all-in-one-starterkits\/all-in-one-niederlandische-ossenworst-starterkit\/#primaryimage"},"thumbnailUrl":"https:\/\/startercultures.eu\/wp-content\/uploads\/2020\/08\/unnamed-1.jpg","datePublished":"2021-11-04T16:34:46+00:00","dateModified":"2025-01-23T10:46:20+00:00","description":"Machen Sie Ihre eigene holl\u00e4ndische Ossenworst oder andere Wurstsorten wie Mettwurst oder Teewurst mit diesem holl\u00e4ndischen Ossenworst-Starterkit","breadcrumb":{"@id":"https:\/\/startercultures.eu\/de\/product\/wurstwaren-und-charcuterie-de\/all-in-one-starterkits\/all-in-one-niederlandische-ossenworst-starterkit\/#breadcrumb"},"inLanguage":"de-DE","potentialAction":[{"@type":"ReadAction","target":["https:\/\/startercultures.eu\/de\/product\/wurstwaren-und-charcuterie-de\/all-in-one-starterkits\/all-in-one-niederlandische-ossenworst-starterkit\/"]}]},{"@type":"ImageObject","inLanguage":"de-DE","@id":"https:\/\/startercultures.eu\/de\/product\/wurstwaren-und-charcuterie-de\/all-in-one-starterkits\/all-in-one-niederlandische-ossenworst-starterkit\/#primaryimage","url":"https:\/\/startercultures.eu\/wp-content\/uploads\/2020\/08\/unnamed-1.jpg","contentUrl":"https:\/\/startercultures.eu\/wp-content\/uploads\/2020\/08\/unnamed-1.jpg","width":270,"height":270,"caption":"Alles in een ossenworst pakket"},{"@type":"BreadcrumbList","@id":"https:\/\/startercultures.eu\/de\/product\/wurstwaren-und-charcuterie-de\/all-in-one-starterkits\/all-in-one-niederlandische-ossenworst-starterkit\/#breadcrumb","itemListElement":[{"@type":"ListItem","position":1,"name":"Home","item":"https:\/\/startercultures.eu\/de\/"},{"@type":"ListItem","position":2,"name":"Shop","item":"https:\/\/startercultures.eu\/shop\/"},{"@type":"ListItem","position":3,"name":"All-in-One niederl\u00e4ndisches Ossenworst Starterkit"}]},{"@type":"WebSite","@id":"https:\/\/startercultures.eu\/de\/#website","url":"https:\/\/startercultures.eu\/de\/","name":"Startercultures.eu","description":"Startercultures.eu","publisher":{"@id":"https:\/\/startercultures.eu\/de\/#organization"},"potentialAction":[{"@type":"SearchAction","target":{"@type":"EntryPoint","urlTemplate":"https:\/\/startercultures.eu\/de\/?s={search_term_string}"},"query-input":{"@type":"PropertyValueSpecification","valueRequired":true,"valueName":"search_term_string"}}],"inLanguage":"de-DE"},{"@type":"Organization","@id":"https:\/\/startercultures.eu\/de\/#organization","name":"Startercultures.eu","url":"https:\/\/startercultures.eu\/de\/","logo":{"@type":"ImageObject","inLanguage":"de-DE","@id":"https:\/\/startercultures.eu\/de\/#\/schema\/logo\/image\/","url":"https:\/\/startercultures.eu\/wp-content\/uploads\/2020\/08\/startercultures-eu-nl-logo-rond-rgb.png","contentUrl":"https:\/\/startercultures.eu\/wp-content\/uploads\/2020\/08\/startercultures-eu-nl-logo-rond-rgb.png","width":320,"height":320,"caption":"Startercultures.eu"},"image":{"@id":"https:\/\/startercultures.eu\/de\/#\/schema\/logo\/image\/"},"sameAs":["https:\/\/www.facebook.com\/startercultureseu","https:\/\/www.instagram.com\/startercultures.eu\/"],"hasMerchantReturnPolicy":{"@type":"MerchantReturnPolicy","merchantReturnLink":"https:\/\/startercultures.eu\/return-policy\/"}}]},"product_price_amount":"37.76","product_price_currency":"EUR","og_availability":"instock","product_availability":"instock","product_retailer_item_id":"286","product_condition":"new"},"_links":{"self":[{"href":"https:\/\/startercultures.eu\/de\/wp-json\/wp\/v2\/product\/24944","targetHints":{"allow":["GET"]}}],"collection":[{"href":"https:\/\/startercultures.eu\/de\/wp-json\/wp\/v2\/product"}],"about":[{"href":"https:\/\/startercultures.eu\/de\/wp-json\/wp\/v2\/types\/product"}],"replies":[{"embeddable":true,"href":"https:\/\/startercultures.eu\/de\/wp-json\/wp\/v2\/comments?post=24944"}],"version-history":[{"count":1,"href":"https:\/\/startercultures.eu\/de\/wp-json\/wp\/v2\/product\/24944\/revisions"}],"predecessor-version":[{"id":59732,"href":"https:\/\/startercultures.eu\/de\/wp-json\/wp\/v2\/product\/24944\/revisions\/59732"}],"wp:featuredmedia":[{"embeddable":true,"href":"https:\/\/startercultures.eu\/de\/wp-json\/wp\/v2\/media\/23844"}],"wp:attachment":[{"href":"https:\/\/startercultures.eu\/de\/wp-json\/wp\/v2\/media?parent=24944"}],"wp:term":[{"taxonomy":"product_brand","embeddable":true,"href":"https:\/\/startercultures.eu\/de\/wp-json\/wp\/v2\/product_brand?post=24944"},{"taxonomy":"product_cat","embeddable":true,"href":"https:\/\/startercultures.eu\/de\/wp-json\/wp\/v2\/product_cat?post=24944"},{"taxonomy":"product_tag","embeddable":true,"href":"https:\/\/startercultures.eu\/de\/wp-json\/wp\/v2\/product_tag?post=24944"}],"curies":[{"name":"wp","href":"https:\/\/api.w.org\/{rel}","templated":true}]}}