{"id":24958,"date":"2021-02-21T15:25:32","date_gmt":"2021-02-21T15:25:32","guid":{"rendered":"https:\/\/startercultures.eu\/product\/unkategorisiert\/allround-thermophile-kaesestarterkultur-at-fuer-italienische-kaesesorten\/"},"modified":"2026-02-07T13:09:45","modified_gmt":"2026-02-07T12:09:45","slug":"allround-thermophile-kase-starter-kultur-auf","status":"publish","type":"product","link":"https:\/\/startercultures.eu\/de\/product\/fermentation-de\/molkerei\/kase\/starterkulturen\/allround-thermophile-kase-starter-kultur-auf\/","title":{"rendered":"Allround thermophile K\u00e4sestarterkultur &#8211; AT | f\u00fcr italienische K\u00e4sesorten"},"content":{"rendered":"<p>Diese vielseitige thermophile K\u00e4se-Starterkultur <span class=\"tlid-translation translation\" lang=\"en\"><span title=\"\">ist besonders f\u00fcr halbharte und harte Kuh- und Ziegenk\u00e4se geeignet: Parmesan, Provolone, Romano, Schweizer K\u00e4se, Gruyere und andere italienische K\u00e4sesorten, die h\u00f6here Temperaturbereiche erfordern. Er kann auch f\u00fcr gestreckte K\u00e4sesorten wie Mozzarella oder Pasta-Filata verwendet werden.<\/span><\/span><\/p>\n<h3>Was ist eine Starterkultur f\u00fcr K\u00e4se?<\/h3>\n<p>F\u00fcr eine gute G\u00e4rung (S\u00e4uerung und Geschmacksbildung) ben\u00f6tigen Sie eine K\u00e4sestarterkultur. K\u00e4sestarterkulturen bestehen vor allem aus Milchs\u00e4urebakterien, aber auch andere Bakterien und Hefen k\u00f6nnen beteiligt sein. Bei der K\u00e4seherstellung zu Hause besteht die Hauptaufgabe der Starterkulturen in der Produktion von Milchs\u00e4ure aus Laktose in einer vorhersehbaren und kontrollierten Geschwindigkeit. Die daraus resultierende Senkung des pH-Wertes wirkt sich auf eine Reihe von Aspekten des K\u00e4seherstellungsprozesses und letztlich auf die Zusammensetzung und Qualit\u00e4t des K\u00e4ses aus.<\/p>\n<p>Eine Starterkultur produziert selbst keinen blauen oder wei\u00dfen Schimmel. Lesen Sie mehr \u00fcber die <a href=\"https:\/\/en.wikipedia.org\/wiki\/Cheesemaking\" target=\"_blank\" rel=\"noopener\">K\u00e4seherstellung bei Wikipedia<\/a>.<\/p>\n<h3>\u00dcber diese allround thermophile K\u00e4sestarterkultur &#8211; AT<\/h3>\n<p><span class=\"tlid-translation translation\" lang=\"en\"><span class=\"\" title=\"\"> Thermophile Kulturen sind w\u00e4rmeliebende Kulturen, die durch gro\u00dfe Hitze aktiviert werden und in K\u00e4sen verwendet werden, die bei h\u00f6heren Temperaturen gekocht werden. Diese vielseitige thermophile K\u00e4se-Starterkultur <span title=\"\">eignet sich besonders f\u00fcr halbharte und harte Kuh- und Ziegenk\u00e4se, Parmesan, Provolone, Romano, Schweizer K\u00e4se, Gruyere und andere italienische K\u00e4sesorten, die h\u00f6here Temperaturbereiche erfordern. Sie k\u00f6nnen auch f\u00fcr gestreckte K\u00e4sesorten wie Mozzarella oder Pasta-Filata verwendet werden.<\/span> <\/span><\/span><\/p>\n<h3>Inhalt<\/h3>\n<ul>\n<li>10 g Starterkulturen, ausreichend f\u00fcr etwa 100 l Milch<\/li>\n<li>Die Starterkultur ist v\u00f6llig nat\u00fcrlich, ohne Konservierungsstoffe, Zusatzstoffe, k\u00fcnstliche Farb- oder Geschmacksstoffe. Es enth\u00e4lt keine GVO-Zutaten und ist glutenfrei.<\/li>\n<li>Produziert in Italien<\/li>\n<li>Inhalt: Starterkulturen<\/li>\n<li>Allergene: Milch<\/li>\n<li>Nicht f\u00fcr veganen K\u00e4se geeignet, aber schauen Sie sich bitte unsere gro\u00dfe Auswahl an <a href=\"https:\/\/startercultures.eu\/product-category\/dairy\/cheese\/vegan-cheese\/\" target=\"_blank\" rel=\"noopener\">veganen K\u00e4seformen und Kulturen an.<\/a><\/li>\n<\/ul>\n<h3>Mikroorganismen in einer thermophilen Allround-K\u00e4se-Starterkultur &#8211; AT<\/h3>\n<p><em>Streptococcus salivarius subsp. thermophilus<\/em><br \/>\n<em>Lactococcus lactis subsp. lactis<\/em><br \/>\n<em>Lactobacillus delbrueckii subsp. lactis<\/em><\/p>\n<h3>Merkmale<\/h3>\n<ul>\n<li>Optimale Temperatur f\u00fcr das Wachstum: 37 &#8211; 40 \u00b0C<\/li>\n<li>Maximale Temperatur der Heizung: 44 \u00b0C<\/li>\n<li>Gasproduktion: &#8211;<\/li>\n<li>Proteolytische Aktivit\u00e4t: ++++<\/li>\n<li>G\u00e4rende Aktivit\u00e4t:<\/li>\n<\/ul>\n<h3>Kombinieren Sie diese K\u00e4sestarterkultur mit:<\/h3>\n<p>Diese Kultur kann auch allein verwendet werden.<\/p>\n<h3>Suchen Sie nach veganen K\u00e4sekulturen?<\/h3>\n<p>Diese Form enth\u00e4lt Milch. Wenn Sie veganen K\u00e4se herstellen m\u00f6chten, sollten Sie sich unsere <a href=\"https:\/\/startercultures.eu\/product-category\/dairy\/cheese\/vegan-cheese\/\" target=\"_blank\" rel=\"noopener\">gro\u00dfe Auswahl an veganen K\u00e4seformen und Kulturen<\/a> ansehen.<\/p>\n<h3>Anweisungen zur Lagerung<\/h3>\n<p>Im K\u00fchl- oder Gefrierschrank. Die Haltbarkeit betr\u00e4gt etwa 1,5 Jahre im Gefrierschrank oder 12 Monate bei +5\u00baC.<\/p>\n<h3>Wie nutzen Sie diese Kultur?<\/h3>\n<p>Es handelt sich um eine DVI-Kultur (Direct Vat Inoculation), d. h. Sie k\u00f6nnen die Starterkultur direkt aus dem Gefrierschrank in die Milch geben.<\/p>\n<h3>Online-Workshop &#8220;Veganen K\u00e4se zu Hause herstellen&#8221; (mit Untertiteln)<\/h3>\n<p>In <a href=\"https:\/\/startercultures.eu\/product\/vegan-main\/vegan-dairy\/online-english-subtitled-vegan-cheese-workshop\/\" target=\"_blank\" rel=\"noopener\">diesem Workshop mit englischen Untertiteln<\/a> lernen Sie die Theorie und Praxis der Herstellung von veganem K\u00e4se<img decoding=\"async\" class=\"lazyload  wp-image-24266 alignright\" src=\"https:\/\/startercultures.eu\/wp-content\/uploads\/2021\/06\/Vegan-cheese-starter-kit-300x222.png\" data-orig-src=\"https:\/\/startercultures.eu\/wp-content\/uploads\/2021\/06\/Vegan-cheese-starter-kit-300x222.png\" alt=\"Veganes Blauschimmelk\u00e4se Starterkultur Kit\" width=\"219\" height=\"162\" srcset=\"data:image\/svg+xml,%3Csvg%20xmlns%3D%27http%3A%2F%2Fwww.w3.org%2F2000%2Fsvg%27%20width%3D%27219%27%20height%3D%27162%27%20viewBox%3D%270%200%20219%20162%27%3E%3Crect%20width%3D%27219%27%20height%3D%27162%27%20fill-opacity%3D%220%22%2F%3E%3C%2Fsvg%3E\" data-srcset=\"https:\/\/startercultures.eu\/wp-content\/uploads\/2021\/06\/Vegan-cheese-starter-kit-200x148.png 200w, https:\/\/startercultures.eu\/wp-content\/uploads\/2021\/06\/Vegan-cheese-starter-kit-300x222.png 300w, https:\/\/startercultures.eu\/wp-content\/uploads\/2021\/06\/Vegan-cheese-starter-kit-400x296.png 400w, https:\/\/startercultures.eu\/wp-content\/uploads\/2021\/06\/Vegan-cheese-starter-kit-500x370.png 500w, https:\/\/startercultures.eu\/wp-content\/uploads\/2021\/06\/Vegan-cheese-starter-kit-600x445.png 600w, https:\/\/startercultures.eu\/wp-content\/uploads\/2021\/06\/Vegan-cheese-starter-kit-700x519.png 700w, https:\/\/startercultures.eu\/wp-content\/uploads\/2021\/06\/Vegan-cheese-starter-kit-768x569.png 768w, https:\/\/startercultures.eu\/wp-content\/uploads\/2021\/06\/Vegan-cheese-starter-kit-800x593.png 800w, https:\/\/startercultures.eu\/wp-content\/uploads\/2021\/06\/Vegan-cheese-starter-kit-1024x759.png 1024w, https:\/\/startercultures.eu\/wp-content\/uploads\/2021\/06\/Vegan-cheese-starter-kit.png 1200w\" data-sizes=\"auto\" data-orig-sizes=\"(max-width: 219px) 100vw, 219px\" \/>s zu Hause, wobei der Schwerpunkt auf veganem Camembert und veganem Blauschimmelk\u00e4se liegt. Foodwriter<a href=\"https:\/\/wateetons.com\/\" target=\"_blank\" rel=\"noopener\">&#8216;Meneer Wateetons&#8217;<\/a>, Autor mehrerer B\u00fccher \u00fcber Fermentierung und alternative Lebensmittelzubereitungstechniken, wird Ihnen alles \u00fcber Fermentierung, P\u00f6kelsalze, Lebensmittelsicherheit, <a href=\"https:\/\/en.wikipedia.org\/wiki\/PH\" target=\"_blank\" rel=\"noopener\">pH-Wert<\/a>, Starterkulturen, Schimmelpilze und Trocknungsbedingungen beibringen. Klicken Sie <a href=\"https:\/\/startercultures.eu\/product\/vegan-main\/vegan-dairy\/online-english-subtitled-vegan-cheese-workshop\/\" target=\"_blank\" rel=\"noopener\">hier<\/a> f\u00fcr weitere Informationen.<\/p>\n","protected":false},"excerpt":{"rendered":"<p>Diese vielseitige thermophile K\u00e4se-Starterkultur <span class=\"tlid-translation translation\" lang=\"en\"><span title=\"\">ist besonders f\u00fcr halbharte und harte Kuh- und Ziegenk\u00e4se geeignet: Parmesan, Provolone, Romano, Schweizer K\u00e4se, Gruyere und andere italienische K\u00e4sesorten, die h\u00f6here Temperaturbereiche erfordern. Er kann auch f\u00fcr Mozarella oder Pasta-Filata verwendet werden.<\/span><\/span><\/p>\n","protected":false},"featured_media":24164,"comment_status":"open","ping_status":"closed","template":"","meta":{"_acf_changed":false,"footnotes":""},"product_brand":[],"product_cat":[647],"product_tag":[],"class_list":{"0":"post-24958","1":"product","2":"type-product","3":"status-publish","4":"has-post-thumbnail","6":"product_cat-starterkulturen","7":"pa_ean-8720297621130-de","9":"first","10":"instock","11":"taxable","12":"shipping-taxable","13":"purchasable","14":"product-type-simple"},"acf":[],"yoast_head":"<!-- This site is optimized with the Yoast SEO plugin v26.6 - https:\/\/yoast.com\/wordpress\/plugins\/seo\/ -->\n<title>Allround thermophile K\u00e4sestarterkultur - AT | f\u00fcr italienische K\u00e4sesorten - Startercultures.eu<\/title>\n<meta name=\"description\" content=\"Diese universelle thermophile K\u00e4sestarterkultur eignet sich f\u00fcr halbharte und harte K\u00e4sesorten: Parmesan, Provolone, Romano, Schweizer, Mozzarella\" \/>\n<meta name=\"robots\" content=\"index, follow, max-snippet:-1, max-image-preview:large, max-video-preview:-1\" \/>\n<link rel=\"canonical\" href=\"https:\/\/startercultures.eu\/de\/product\/fermentation-de\/molkerei\/kase\/starterkulturen\/allround-thermophile-kase-starter-kultur-auf\/\" \/>\n<meta property=\"og:locale\" content=\"de_DE\" \/>\n<meta property=\"og:type\" content=\"article\" \/>\n<meta property=\"og:title\" content=\"Allround thermophile K\u00e4sestarterkultur - AT | f\u00fcr italienische K\u00e4sesorten - Startercultures.eu\" \/>\n<meta property=\"og:description\" content=\"Diese universelle thermophile K\u00e4sestarterkultur eignet sich f\u00fcr halbharte und harte K\u00e4sesorten: Parmesan, Provolone, Romano, Schweizer, Mozzarella\" \/>\n<meta property=\"og:url\" content=\"https:\/\/startercultures.eu\/de\/product\/fermentation-de\/molkerei\/kase\/starterkulturen\/allround-thermophile-kase-starter-kultur-auf\/\" \/>\n<meta property=\"og:site_name\" content=\"Startercultures.eu\" \/>\n<meta property=\"article:publisher\" content=\"https:\/\/www.facebook.com\/startercultureseu\" \/>\n<meta property=\"article:modified_time\" content=\"2026-02-07T12:09:45+00:00\" \/>\n<meta property=\"og:image\" content=\"https:\/\/startercultures.eu\/wp-content\/uploads\/2021\/02\/allround-thermophilic-cheese-starter-culture-2.png\" \/>\n\t<meta property=\"og:image:width\" content=\"450\" \/>\n\t<meta property=\"og:image:height\" content=\"450\" \/>\n\t<meta property=\"og:image:type\" content=\"image\/png\" \/>\n<meta name=\"twitter:card\" content=\"summary_large_image\" \/>\n<meta name=\"twitter:label1\" content=\"Price\" \/>\n\t<meta name=\"twitter:data1\" content=\"12,99\" \/>\n\t<meta name=\"twitter:label2\" content=\"Availability\" \/>\n\t<meta name=\"twitter:data2\" content=\"Vorr\u00e4tig\" \/>\n<script type=\"application\/ld+json\" class=\"yoast-schema-graph\">{\"@context\":\"https:\/\/schema.org\",\"@graph\":[{\"@type\":\"WebPage\",\"@id\":\"https:\/\/startercultures.eu\/de\/product\/fermentation-de\/molkerei\/kase\/starterkulturen\/allround-thermophile-kase-starter-kultur-auf\/\",\"url\":\"https:\/\/startercultures.eu\/de\/product\/fermentation-de\/molkerei\/kase\/starterkulturen\/allround-thermophile-kase-starter-kultur-auf\/\",\"name\":\"Allround thermophile K\u00e4sestarterkultur - AT | f\u00fcr italienische K\u00e4sesorten - Startercultures.eu\",\"isPartOf\":{\"@id\":\"https:\/\/startercultures.eu\/de\/#website\"},\"primaryImageOfPage\":{\"@id\":\"https:\/\/startercultures.eu\/de\/product\/fermentation-de\/molkerei\/kase\/starterkulturen\/allround-thermophile-kase-starter-kultur-auf\/#primaryimage\"},\"image\":{\"@id\":\"https:\/\/startercultures.eu\/de\/product\/fermentation-de\/molkerei\/kase\/starterkulturen\/allround-thermophile-kase-starter-kultur-auf\/#primaryimage\"},\"thumbnailUrl\":\"https:\/\/startercultures.eu\/wp-content\/uploads\/2021\/02\/allround-thermophilic-cheese-starter-culture-2.png\",\"datePublished\":\"2021-02-21T15:25:32+00:00\",\"dateModified\":\"2026-02-07T12:09:45+00:00\",\"description\":\"Diese universelle thermophile K\u00e4sestarterkultur eignet sich f\u00fcr halbharte und harte K\u00e4sesorten: Parmesan, Provolone, Romano, Schweizer, Mozzarella\",\"breadcrumb\":{\"@id\":\"https:\/\/startercultures.eu\/de\/product\/fermentation-de\/molkerei\/kase\/starterkulturen\/allround-thermophile-kase-starter-kultur-auf\/#breadcrumb\"},\"inLanguage\":\"de-DE\",\"potentialAction\":[{\"@type\":\"ReadAction\",\"target\":[\"https:\/\/startercultures.eu\/de\/product\/fermentation-de\/molkerei\/kase\/starterkulturen\/allround-thermophile-kase-starter-kultur-auf\/\"]}]},{\"@type\":\"ImageObject\",\"inLanguage\":\"de-DE\",\"@id\":\"https:\/\/startercultures.eu\/de\/product\/fermentation-de\/molkerei\/kase\/starterkulturen\/allround-thermophile-kase-starter-kultur-auf\/#primaryimage\",\"url\":\"https:\/\/startercultures.eu\/wp-content\/uploads\/2021\/02\/allround-thermophilic-cheese-starter-culture-2.png\",\"contentUrl\":\"https:\/\/startercultures.eu\/wp-content\/uploads\/2021\/02\/allround-thermophilic-cheese-starter-culture-2.png\",\"width\":450,\"height\":450,\"caption\":\"Allround-Thermophilie-K\u00e4se-Starter-Kultur-2\"},{\"@type\":\"BreadcrumbList\",\"@id\":\"https:\/\/startercultures.eu\/de\/product\/fermentation-de\/molkerei\/kase\/starterkulturen\/allround-thermophile-kase-starter-kultur-auf\/#breadcrumb\",\"itemListElement\":[{\"@type\":\"ListItem\",\"position\":1,\"name\":\"Home\",\"item\":\"https:\/\/startercultures.eu\/de\/\"},{\"@type\":\"ListItem\",\"position\":2,\"name\":\"Shop\",\"item\":\"https:\/\/startercultures.eu\/shop\/\"},{\"@type\":\"ListItem\",\"position\":3,\"name\":\"Allround thermophile K\u00e4sestarterkultur &#8211; AT | f\u00fcr italienische K\u00e4sesorten\"}]},{\"@type\":\"WebSite\",\"@id\":\"https:\/\/startercultures.eu\/de\/#website\",\"url\":\"https:\/\/startercultures.eu\/de\/\",\"name\":\"Startercultures.eu\",\"description\":\"Startercultures.eu\",\"publisher\":{\"@id\":\"https:\/\/startercultures.eu\/de\/#organization\"},\"potentialAction\":[{\"@type\":\"SearchAction\",\"target\":{\"@type\":\"EntryPoint\",\"urlTemplate\":\"https:\/\/startercultures.eu\/de\/?s={search_term_string}\"},\"query-input\":{\"@type\":\"PropertyValueSpecification\",\"valueRequired\":true,\"valueName\":\"search_term_string\"}}],\"inLanguage\":\"de-DE\"},{\"@type\":\"Organization\",\"@id\":\"https:\/\/startercultures.eu\/de\/#organization\",\"name\":\"Startercultures.eu\",\"url\":\"https:\/\/startercultures.eu\/de\/\",\"logo\":{\"@type\":\"ImageObject\",\"inLanguage\":\"de-DE\",\"@id\":\"https:\/\/startercultures.eu\/de\/#\/schema\/logo\/image\/\",\"url\":\"https:\/\/startercultures.eu\/wp-content\/uploads\/2020\/08\/startercultures-eu-nl-logo-rond-rgb.png\",\"contentUrl\":\"https:\/\/startercultures.eu\/wp-content\/uploads\/2020\/08\/startercultures-eu-nl-logo-rond-rgb.png\",\"width\":320,\"height\":320,\"caption\":\"Startercultures.eu\"},\"image\":{\"@id\":\"https:\/\/startercultures.eu\/de\/#\/schema\/logo\/image\/\"},\"sameAs\":[\"https:\/\/www.facebook.com\/startercultureseu\",\"https:\/\/www.instagram.com\/startercultures.eu\/\"]}]}<\/script>\n<meta property=\"product:price:amount\" content=\"12.99\" \/>\n<meta property=\"product:price:currency\" content=\"EUR\" \/>\n<meta property=\"og:availability\" content=\"instock\" \/>\n<meta property=\"product:availability\" content=\"instock\" \/>\n<meta property=\"product:retailer_item_id\" content=\"175\" \/>\n<meta property=\"product:condition\" content=\"new\" \/>\n<!-- \/ Yoast SEO plugin. -->","yoast_head_json":{"title":"Allround thermophile K\u00e4sestarterkultur - AT | f\u00fcr italienische K\u00e4sesorten - Startercultures.eu","description":"Diese universelle thermophile K\u00e4sestarterkultur eignet sich f\u00fcr halbharte und harte K\u00e4sesorten: Parmesan, Provolone, Romano, Schweizer, Mozzarella","robots":{"index":"index","follow":"follow","max-snippet":"max-snippet:-1","max-image-preview":"max-image-preview:large","max-video-preview":"max-video-preview:-1"},"canonical":"https:\/\/startercultures.eu\/de\/product\/fermentation-de\/molkerei\/kase\/starterkulturen\/allround-thermophile-kase-starter-kultur-auf\/","og_locale":"de_DE","og_type":"article","og_title":"Allround thermophile K\u00e4sestarterkultur - AT | f\u00fcr italienische K\u00e4sesorten - Startercultures.eu","og_description":"Diese universelle thermophile K\u00e4sestarterkultur eignet sich f\u00fcr halbharte und harte K\u00e4sesorten: Parmesan, Provolone, Romano, Schweizer, Mozzarella","og_url":"https:\/\/startercultures.eu\/de\/product\/fermentation-de\/molkerei\/kase\/starterkulturen\/allround-thermophile-kase-starter-kultur-auf\/","og_site_name":"Startercultures.eu","article_publisher":"https:\/\/www.facebook.com\/startercultureseu","article_modified_time":"2026-02-07T12:09:45+00:00","og_image":[{"width":450,"height":450,"url":"https:\/\/startercultures.eu\/wp-content\/uploads\/2021\/02\/allround-thermophilic-cheese-starter-culture-2.png","type":"image\/png"}],"twitter_card":"summary_large_image","twitter_misc":{"Price":"12,99","Availability":"Vorr\u00e4tig"},"schema":{"@context":"https:\/\/schema.org","@graph":[{"@type":"WebPage","@id":"https:\/\/startercultures.eu\/de\/product\/fermentation-de\/molkerei\/kase\/starterkulturen\/allround-thermophile-kase-starter-kultur-auf\/","url":"https:\/\/startercultures.eu\/de\/product\/fermentation-de\/molkerei\/kase\/starterkulturen\/allround-thermophile-kase-starter-kultur-auf\/","name":"Allround thermophile K\u00e4sestarterkultur - AT | f\u00fcr italienische K\u00e4sesorten - Startercultures.eu","isPartOf":{"@id":"https:\/\/startercultures.eu\/de\/#website"},"primaryImageOfPage":{"@id":"https:\/\/startercultures.eu\/de\/product\/fermentation-de\/molkerei\/kase\/starterkulturen\/allround-thermophile-kase-starter-kultur-auf\/#primaryimage"},"image":{"@id":"https:\/\/startercultures.eu\/de\/product\/fermentation-de\/molkerei\/kase\/starterkulturen\/allround-thermophile-kase-starter-kultur-auf\/#primaryimage"},"thumbnailUrl":"https:\/\/startercultures.eu\/wp-content\/uploads\/2021\/02\/allround-thermophilic-cheese-starter-culture-2.png","datePublished":"2021-02-21T15:25:32+00:00","dateModified":"2026-02-07T12:09:45+00:00","description":"Diese universelle thermophile K\u00e4sestarterkultur eignet sich f\u00fcr halbharte und harte K\u00e4sesorten: Parmesan, Provolone, Romano, Schweizer, Mozzarella","breadcrumb":{"@id":"https:\/\/startercultures.eu\/de\/product\/fermentation-de\/molkerei\/kase\/starterkulturen\/allround-thermophile-kase-starter-kultur-auf\/#breadcrumb"},"inLanguage":"de-DE","potentialAction":[{"@type":"ReadAction","target":["https:\/\/startercultures.eu\/de\/product\/fermentation-de\/molkerei\/kase\/starterkulturen\/allround-thermophile-kase-starter-kultur-auf\/"]}]},{"@type":"ImageObject","inLanguage":"de-DE","@id":"https:\/\/startercultures.eu\/de\/product\/fermentation-de\/molkerei\/kase\/starterkulturen\/allround-thermophile-kase-starter-kultur-auf\/#primaryimage","url":"https:\/\/startercultures.eu\/wp-content\/uploads\/2021\/02\/allround-thermophilic-cheese-starter-culture-2.png","contentUrl":"https:\/\/startercultures.eu\/wp-content\/uploads\/2021\/02\/allround-thermophilic-cheese-starter-culture-2.png","width":450,"height":450,"caption":"Allround-Thermophilie-K\u00e4se-Starter-Kultur-2"},{"@type":"BreadcrumbList","@id":"https:\/\/startercultures.eu\/de\/product\/fermentation-de\/molkerei\/kase\/starterkulturen\/allround-thermophile-kase-starter-kultur-auf\/#breadcrumb","itemListElement":[{"@type":"ListItem","position":1,"name":"Home","item":"https:\/\/startercultures.eu\/de\/"},{"@type":"ListItem","position":2,"name":"Shop","item":"https:\/\/startercultures.eu\/shop\/"},{"@type":"ListItem","position":3,"name":"Allround thermophile K\u00e4sestarterkultur &#8211; AT | f\u00fcr italienische K\u00e4sesorten"}]},{"@type":"WebSite","@id":"https:\/\/startercultures.eu\/de\/#website","url":"https:\/\/startercultures.eu\/de\/","name":"Startercultures.eu","description":"Startercultures.eu","publisher":{"@id":"https:\/\/startercultures.eu\/de\/#organization"},"potentialAction":[{"@type":"SearchAction","target":{"@type":"EntryPoint","urlTemplate":"https:\/\/startercultures.eu\/de\/?s={search_term_string}"},"query-input":{"@type":"PropertyValueSpecification","valueRequired":true,"valueName":"search_term_string"}}],"inLanguage":"de-DE"},{"@type":"Organization","@id":"https:\/\/startercultures.eu\/de\/#organization","name":"Startercultures.eu","url":"https:\/\/startercultures.eu\/de\/","logo":{"@type":"ImageObject","inLanguage":"de-DE","@id":"https:\/\/startercultures.eu\/de\/#\/schema\/logo\/image\/","url":"https:\/\/startercultures.eu\/wp-content\/uploads\/2020\/08\/startercultures-eu-nl-logo-rond-rgb.png","contentUrl":"https:\/\/startercultures.eu\/wp-content\/uploads\/2020\/08\/startercultures-eu-nl-logo-rond-rgb.png","width":320,"height":320,"caption":"Startercultures.eu"},"image":{"@id":"https:\/\/startercultures.eu\/de\/#\/schema\/logo\/image\/"},"sameAs":["https:\/\/www.facebook.com\/startercultureseu","https:\/\/www.instagram.com\/startercultures.eu\/"]}]},"product_price_amount":"12.99","product_price_currency":"EUR","og_availability":"instock","product_availability":"instock","product_retailer_item_id":"175","product_condition":"new"},"_links":{"self":[{"href":"https:\/\/startercultures.eu\/de\/wp-json\/wp\/v2\/product\/24958","targetHints":{"allow":["GET"]}}],"collection":[{"href":"https:\/\/startercultures.eu\/de\/wp-json\/wp\/v2\/product"}],"about":[{"href":"https:\/\/startercultures.eu\/de\/wp-json\/wp\/v2\/types\/product"}],"replies":[{"embeddable":true,"href":"https:\/\/startercultures.eu\/de\/wp-json\/wp\/v2\/comments?post=24958"}],"version-history":[{"count":0,"href":"https:\/\/startercultures.eu\/de\/wp-json\/wp\/v2\/product\/24958\/revisions"}],"wp:featuredmedia":[{"embeddable":true,"href":"https:\/\/startercultures.eu\/de\/wp-json\/wp\/v2\/media\/24164"}],"wp:attachment":[{"href":"https:\/\/startercultures.eu\/de\/wp-json\/wp\/v2\/media?parent=24958"}],"wp:term":[{"taxonomy":"product_brand","embeddable":true,"href":"https:\/\/startercultures.eu\/de\/wp-json\/wp\/v2\/product_brand?post=24958"},{"taxonomy":"product_cat","embeddable":true,"href":"https:\/\/startercultures.eu\/de\/wp-json\/wp\/v2\/product_cat?post=24958"},{"taxonomy":"product_tag","embeddable":true,"href":"https:\/\/startercultures.eu\/de\/wp-json\/wp\/v2\/product_tag?post=24958"}],"curies":[{"name":"wp","href":"https:\/\/api.w.org\/{rel}","templated":true}]}}