{"id":24959,"date":"2021-03-04T12:48:44","date_gmt":"2021-03-04T12:48:44","guid":{"rendered":"https:\/\/startercultures.eu\/product\/unkategorisiert\/wasserkefir-selbst-herstellen-echte-wasserkefirkoerner\/"},"modified":"2026-04-13T12:18:28","modified_gmt":"2026-04-13T10:18:28","slug":"wasser-kephir-korner-selbst-herstellen","status":"publish","type":"product","link":"https:\/\/startercultures.eu\/de\/product\/fermentation-de\/sodas\/starterkulturen-de-2\/wasser-kephir-korner-selbst-herstellen\/","title":{"rendered":"Wasserkefir selbst herstellen | echte Wasserkefirk\u00f6rner"},"content":{"rendered":"<h3 class=\"fusion-woocommerce-tab-title\">Beschreibung<\/h3>\n<p>Stellen Sie Ihr eigenes probiotisches, sprudelndes, fermentiertes Erfrischungsgetr\u00e4nk mit diesen echten Wasser-Firkin-K\u00f6rnern her!<\/p>\n<h3>Was ist Wasserkefir?<\/h3>\n<p>Wasserkefir ist ein k\u00f6stliches, hausgemachtes und gesundes fermentiertes Erfrischungsgetr\u00e4nk. Wasserkefir selbst herzustellen ist erstaunlich einfach, prickelnd frisch, unglaublich lecker und sehr befriedigend. Das Rezept f\u00fcr die Herstellung von Wasserkefir k\u00f6nnen Sie weiter unten lesen. Diese DIY-Champagner enthalten etwa ein halbes Prozent Alkohol.<\/p>\n<h3>Was ist der Unterschied zwischen Wasserkefir und Milchkefir?<\/h3>\n<p>Obwohl er den gleichen Namen hat wie der andere Kefir, den wir aus Milch herstellen, sind die beiden \u00fcberhaupt nicht miteinander verwandt. Zwar ern\u00e4hren sich die Wasserfermentk\u00f6rner von Zucker und produzieren dabei Kohlendioxid, Milchs\u00e4ure und Alkohol, und sie wachsen und bilden klumpige SCOBYs, symbiotische Kolonien von Bakterien und Hefen. Doch damit enden die \u00c4hnlichkeiten. Andere Namen sind <em>Tibicos<\/em>, <em>Tibi<\/em>, <em>B\u00e9b\u00e9\u00e9s<\/em> oder japanische Wasserkristalle. <a href=\"https:\/\/startercultures.eu\/de\/product\/fermentation-de\/molkerei\/joghurt\/kefir\/\">Sie k\u00f6nnen Milchkefir hier finden.<\/a><\/p>\n<h3>Was ist der Unterschied zwischen Wasserkefir und Kombucha?<\/h3>\n<p>Wasserkefir und Kombucha sind beides fermentierte Getr\u00e4nke. Beide enthalten verschiedene Bakterien und Hefen, und beide sind k\u00f6stlich frisch und enthalten Kohlendioxid. Sie werden jedoch mit v\u00f6llig anderen Mikroorganismen hergestellt. Der Geschmack von Kombucha ist oft saurer als der von Wasserkefir. Kombucha wird traditionell aus s\u00fc\u00dfem Tee hergestellt, und Wasserkefir enth\u00e4lt oft Datteln und Feigen. <a href=\"https:\/\/startercultures.eu\/de\/product\/fermentation-de\/sodas\/bio-garantiert-sicher-kombucha-scoby\/\">Lesen Sie hier mehr \u00fcber unsere Kombucha-Charta.<\/a><\/p>\n<h3>Welche Mikroorganismen sind in Wasserkefir enthalten?<\/h3>\n<p>Obwohl keine zwei Wasserfirk-Kolonien gleich sind, bestehen sie im Allgemeinen aus einer Reihe von <em>Lactobacillus-<\/em>, <em>Streptococcus-<\/em>, <em>Pediococcus-<\/em> und <em>Leuconostoc-Bakterien<\/em> sowie <em>Saccharomyces<\/em>, <em>Candida<\/em>und <em>Kloeckeragisten<\/em>.<\/p>\n<h3>Woher kommt der Wasserkefir?<\/h3>\n<p>Der Ursprung des Wasserkefirs ist nicht ganz klar, aber er wird an verschiedenen Orten der Welt hergestellt.<\/p>\n<h3>Was sind andere Namen f\u00fcr Wasserkefir?<\/h3>\n<p>Andere Namen sind<\/p>\n<ul>\n<li>tibicos<\/li>\n<li>tibi<\/li>\n<li>b\u00e9b\u00e9es<\/li>\n<li>Japanische Wasserkristalle.<\/li>\n<\/ul>\n<h3>Was ist der Unterschied zwischen frischen und getrockneten Wasserfirkink\u00f6rnern?<\/h3>\n<p>Frische und getrocknete echte Wasserkefirk\u00f6rner sind genau gleich. Die getrockneten Exemplare brauchen nur ein paar Tage, um zu rehydrieren. Andererseits hat der Kauf von getrockneten Wasserkefirk\u00f6rnern viele Vorteile:<\/p>\n<ul>\n<li>Einfach zu versenden\/transportieren, auch ins Ausland.<\/li>\n<li>Verschlechtert sich nicht durch den Transport.<\/li>\n<li>Geringes Gewicht (Versand).<\/li>\n<li>Sie k\u00f6nnen sie bereits kaufen, auch wenn Sie nicht vorhaben, in dieser Woche Wasserkefir zu machen.<\/li>\n<li>Nach der Aktivierung ist der Geschmack unseres Wasserkefirs identisch mit dem von frischen K\u00f6rnern.<\/li>\n<\/ul>\n<h3>Wie macht man seinen eigenen Wasserkefir mit echten Wasserkefirk\u00f6rnern?<\/h3>\n<p>In diesem Rezept f\u00fcr Wasserkefir erfahren Sie, wie Sie dieses k\u00f6stliche Getr\u00e4nk selbst herstellen k\u00f6nnen. Die Basis f\u00fcr Ihren Wasserkefir besteht aus unserem Starter, Wasser, Zucker und Aromen Ihrer Wahl. Oft handelt es sich um (Zitrus-)Fr\u00fcchte, getrocknet oder nicht, aber die Variationsm\u00f6glichkeiten sind endlos. Fruchts\u00e4fte, Kr\u00e4uter, Gew\u00fcrze, Ingwer, einfach alles. Im Gegensatz zu Milchkefir oder Kombucha ist der Geschmack, den die Mikroorganismen selbst abgeben, ziemlich neutral. Die Blasen sind zentral. Eigentlich ist es eine gute M\u00f6glichkeit, Ihre gew\u00f6hnliche hausgemachte Limonade in wenigen Tagen in Limonade zu verwandeln. Die DIY-Champagner enthalten etwa ein halbes Prozent Alkohol.<\/p>\n<h3>Inhalt<\/h3>\n<ul>\n<li>5 Gramm getrocknete echte Bio-Wasserkefirk\u00f6rner<\/li>\n<li>Vergleichbar mit 30 Gramm Frischwasser-Firkink\u00f6rnern<\/li>\n<li>Genug, um die ersten 300 ml Wasserkefir herzustellen, und dann f\u00fcr den Rest deines Lebens.<\/li>\n<li>Die Haltbarkeit unserer dehydrierten Wasserkefirk\u00f6rner betr\u00e4gt 1 Jahr.<\/li>\n<li>Inklusive Aktivierungs-\/Wartungsanleitung und Kefir-Rezept.<\/li>\n<li>Zusammensetzung: Wasser-Kefir-Mikroorganismen<em>(Lactobacillus, Lactococcus, Leuconostoc, Saccharomyces, Acetobacter)<\/em>.<\/li>\n<\/ul>\n<h3>Wasserkefir selbst herstellen<\/h3>\n<p><strong>Lieferungen<\/strong><\/p>\n<ul>\n<li>Flasche, Glas, Plastikbeh\u00e4lter, <em>was auch immer<\/em> f\u00fcr die erste G\u00e4rung<\/li>\n<li>Siebe<\/li>\n<li>Stabile und verschlie\u00dfbare Flasche (B\u00fcgelverschlussflasche, PET-Flasche, Sektflasche + Korken) f\u00fcr die<sup>2.<\/sup><\/li>\n<\/ul>\n<h3>Wie aktiviert man getrocknete Wasserkefirk\u00f6rner?<\/h3>\n<p>Die K\u00f6rner sind getrocknet, aber deshalb ruhen sie ja auch. Man muss sie erst aufr\u00fctteln, bevor man sie bearbeiten kann.<\/p>\n<ol>\n<li>30 g Rohrzucker in 300 ml Leitungswasser aufl\u00f6sen und die getrockneten Wasserfirkink\u00f6rner hinzuf\u00fcgen<\/li>\n<li>1 bis 2 Tage g\u00e4ren lassen.<\/li>\n<li>Das Wasser absieben und wegwerfen.<\/li>\n<li>(Optional: Wiederholen Sie die Schritte 1-3 ein paar Mal, bis Sie Aktivit\u00e4t (Blasen, Wachstum) feststellen).<\/li>\n<li>Sieben und die K\u00f6rner f\u00fcr Wasserkefir verwenden.<\/li>\n<\/ol>\n<p><strong>Zutaten f\u00fcr 600 ml Wasserkefir<\/strong><\/p>\n<ul>\n<li>Aktivierte Wasserkefirk\u00f6rner<\/li>\n<li>600 ml Leitungswasser<\/li>\n<li>30 Gramm Rohrzucker* oder Bio-Zucker<\/li>\n<li>Optional 1 bis 2 Scheiben Zitrone<\/li>\n<li>Optional: 1 bis 2 Trockenfr\u00fcchte (Feige, Aprikose, &#8230;)<\/li>\n<\/ul>\n<p><strong>Erste Schritte, f\u00fcr 1 Liter Wasserkefir<\/strong><\/p>\n<ol>\n<li>Nehmen Sie 600 ml Wasser. Leitungswasser ist in Ordnung<\/li>\n<li>Den Zucker (bei Zimmertemperatur) darin aufl\u00f6sen und die K\u00f6rner hinzuf\u00fcgen.<\/li>\n<li>optional: Fr\u00fcchte und Gew\u00fcrze hinzuf\u00fcgen.<\/li>\n<li>24-48 Stunden bei Raumtemperatur (ca. 20-24 \u00b0C) g\u00e4ren lassen.<\/li>\n<li>Den Inhalt mit einem Sieb filtern, um die Fr\u00fcchte und die Kefirk\u00f6rner zu entfernen.<\/li>\n<li>F\u00fchren Sie die folgenden optionalen Schritte aus<\/li>\n<li>Oder k\u00fchlen Sie den Wasserkefir im K\u00fchlschrank<\/li>\n<li>Verwenden Sie die Kefirk\u00f6rner f\u00fcr eine neue Charge<\/li>\n<\/ol>\n<p>Optional:<\/p>\n<ol>\n<li>F\u00fcllen Sie den Wasserkefir in eine verschlie\u00dfbare PET-Flasche, B\u00fcgelverschlussflasche oder Sektflasche. Eventuell zus\u00e4tzliche Aromen hinzuf\u00fcgen und 24-48 Stunden bei Raumtemperatur stehen lassen. F\u00fcr extra Schwanz!<\/li>\n<li>Im K\u00fchlschrank abk\u00fchlen lassen.<\/li>\n<li>Servieren und genie\u00dfen.<\/li>\n<\/ol>\n<p>*Hinweis: Wenn Sie feststellen, dass Ihr Wasserkefir schleimig wird oder die K\u00f6rner etwas matschig sind, ersetzen Sie den Rohrzucker durch Kristallzucker (nachdem Sie die K\u00f6rner gut ausgesp\u00fclt haben).<\/p>\n<h3 data-fontsize=\"21\" data-lineheight=\"27.3px\">M\u00f6chten Sie<span data-sheets-value=\"{\" data-sheets-userformat=\"{\">Wasserkefirk\u00f6rner<\/span> kaufen?<\/h3>\n<p>Sie k\u00f6nnen <span data-sheets-value=\"{\" data-sheets-userformat=\"{\">Waterfirk-K\u00f6rner<\/span> bei starterculturen.nl bestellen, dem Webshop f\u00fcr all Ihr Tempeh, Koji und Tofu. Von Mister Wateetons, dem Autor der Standardwerke <a href=\"https:\/\/www.starterculturen.nl\/a-52122580\/boeken\/over-rot-2015-het-handboek-fermenteren\/\" target=\"_blank\" rel=\"noopener noreferrer\">About Rot (2015<\/a> ) und<a href=\"https:\/\/startercultures.eu\/nl\/product\/boeken\/over-inpakken-2020-nl\/\" target=\"_blank\" rel=\"noopener\"> About Packing (2020<\/a>). An Werktagen vor 15:00 Uhr bestellt, am selben Tag versandt. Fragen zur Verwendung von <span data-sheets-value=\"{\" data-sheets-userformat=\"{\">Wasserkefirk\u00f6rnern<\/span>? Fragen Sie sie \u00fcber die Chatfunktion. Wir kommen da immer wieder raus.<\/p>\n<h3><strong>M\u00f6chten Sie mehr \u00fcber G\u00e4rung erfahren?<\/strong><\/h3>\n<p>Schauen Sie sich auch dieses <a href=\"https:\/\/startercultures.eu\/nl\/?post_type=product&amp;p=13052&amp;preview=true\" target=\"_blank\" rel=\"noopener\">Starterpaket<\/a> an, in dem wir unsere Wasserkefirk\u00f6rner mit unserem sch\u00f6nen Kefirkrug kombinieren, damit Sie alles haben, was Sie brauchen, um Ihren eigenen Wasserkefir in einem Rutsch herzustellen<\/p>\n<p>Lesen Sie <a href=\"https:\/\/www.starterculturen.nl\/a-52122580\/boeken\/over-rot-2015-het-handboek-fermenteren\/\">\u00fcber Rot<\/a>, oder besuchen Sie einen <a href=\"https:\/\/wateetons.com\/wateetons-workshops\/category\/fermenteren\/\">Workshop,<\/a> auch f\u00fcr Unternehmen und Institutionen!<\/p>\n","protected":false},"excerpt":{"rendered":"<p>Stellen Sie Ihr eigenes gesundes, probiotisches, fermentiertes Erfrischungsgetr\u00e4nk mit unseren echten Wasserkefirk\u00f6rnern her! Schmackhaft, gesund und herrlich frisch. Getrocknet, also weniger empfindlich als die frischen. Nach der Aktivierung funktionieren sie genau gleich.<\/p>\n","protected":false},"featured_media":24138,"comment_status":"open","ping_status":"closed","template":"","meta":{"_acf_changed":false,"footnotes":""},"product_brand":[],"product_cat":[688,687],"product_tag":[],"class_list":{"0":"post-24959","1":"product","2":"type-product","3":"status-publish","4":"has-post-thumbnail","6":"product_cat-starterkulturen-de-2","7":"product_cat-vegane-limonaden","8":"pa_ean-3830063020403-de","10":"first","11":"instock","12":"taxable","13":"shipping-taxable","14":"purchasable","15":"product-type-simple"},"acf":[],"yoast_head":"<!-- This site is optimized with the Yoast SEO plugin v26.6 - https:\/\/yoast.com\/wordpress\/plugins\/seo\/ -->\n<title>Machen Sie Ihren eigenen Wasserkefir mit echten Wasserkefirk\u00f6rnern | startercultures.nl<\/title>\n<meta name=\"description\" content=\"Kaufen Sie hier unsere echten Wasserkefirk\u00f6rner und stellen Sie Ihr eigenes gesundes probiotisches fermentiertes Erfrischungsgetr\u00e4nk her! Getrocknet, also weniger anf\u00e4llig.\" \/>\n<meta name=\"robots\" content=\"index, follow, max-snippet:-1, max-image-preview:large, max-video-preview:-1\" \/>\n<link rel=\"canonical\" href=\"https:\/\/startercultures.eu\/de\/product\/fermentation-de\/sodas\/starterkulturen-de-2\/wasser-kephir-korner-selbst-herstellen\/\" \/>\n<meta property=\"og:locale\" content=\"de_DE\" \/>\n<meta property=\"og:type\" content=\"article\" \/>\n<meta property=\"og:title\" content=\"Machen Sie Ihren eigenen Wasserkefir mit echten Wasserkefirk\u00f6rnern | startercultures.nl\" \/>\n<meta property=\"og:description\" content=\"Kaufen Sie hier unsere echten Wasserkefirk\u00f6rner und stellen Sie Ihr eigenes gesundes probiotisches fermentiertes Erfrischungsgetr\u00e4nk her! Getrocknet, also weniger anf\u00e4llig.\" \/>\n<meta property=\"og:url\" content=\"https:\/\/startercultures.eu\/de\/product\/fermentation-de\/sodas\/starterkulturen-de-2\/wasser-kephir-korner-selbst-herstellen\/\" \/>\n<meta property=\"og:site_name\" content=\"Startercultures.eu\" \/>\n<meta property=\"article:publisher\" content=\"https:\/\/www.facebook.com\/startercultureseu\" \/>\n<meta property=\"article:modified_time\" content=\"2026-04-13T10:18:28+00:00\" \/>\n<meta property=\"og:image\" content=\"https:\/\/startercultures.eu\/wp-content\/uploads\/2021\/03\/gedroogde-echte-waterkefirkorrels.png\" \/>\n\t<meta property=\"og:image:width\" content=\"450\" \/>\n\t<meta property=\"og:image:height\" content=\"450\" \/>\n\t<meta property=\"og:image:type\" content=\"image\/png\" \/>\n<meta name=\"twitter:card\" content=\"summary_large_image\" \/>\n<meta name=\"twitter:label1\" content=\"Price\" \/>\n\t<meta name=\"twitter:data1\" content=\"17,99\" \/>\n\t<meta name=\"twitter:label2\" content=\"Availability\" \/>\n\t<meta name=\"twitter:data2\" content=\"Vorr\u00e4tig\" \/>\n<script type=\"application\/ld+json\" class=\"yoast-schema-graph\">{\"@context\":\"https:\/\/schema.org\",\"@graph\":[{\"@type\":\"WebPage\",\"@id\":\"https:\/\/startercultures.eu\/de\/product\/fermentation-de\/sodas\/starterkulturen-de-2\/wasser-kephir-korner-selbst-herstellen\/\",\"url\":\"https:\/\/startercultures.eu\/de\/product\/fermentation-de\/sodas\/starterkulturen-de-2\/wasser-kephir-korner-selbst-herstellen\/\",\"name\":\"Machen Sie Ihren eigenen Wasserkefir mit echten Wasserkefirk\u00f6rnern | startercultures.nl\",\"isPartOf\":{\"@id\":\"https:\/\/startercultures.eu\/de\/#website\"},\"primaryImageOfPage\":{\"@id\":\"https:\/\/startercultures.eu\/de\/product\/fermentation-de\/sodas\/starterkulturen-de-2\/wasser-kephir-korner-selbst-herstellen\/#primaryimage\"},\"image\":{\"@id\":\"https:\/\/startercultures.eu\/de\/product\/fermentation-de\/sodas\/starterkulturen-de-2\/wasser-kephir-korner-selbst-herstellen\/#primaryimage\"},\"thumbnailUrl\":\"https:\/\/startercultures.eu\/wp-content\/uploads\/2021\/03\/gedroogde-echte-waterkefirkorrels.png\",\"datePublished\":\"2021-03-04T12:48:44+00:00\",\"dateModified\":\"2026-04-13T10:18:28+00:00\",\"description\":\"Kaufen Sie hier unsere echten Wasserkefirk\u00f6rner und stellen Sie Ihr eigenes gesundes probiotisches fermentiertes Erfrischungsgetr\u00e4nk her! Getrocknet, also weniger anf\u00e4llig.\",\"breadcrumb\":{\"@id\":\"https:\/\/startercultures.eu\/de\/product\/fermentation-de\/sodas\/starterkulturen-de-2\/wasser-kephir-korner-selbst-herstellen\/#breadcrumb\"},\"inLanguage\":\"de-DE\",\"potentialAction\":[{\"@type\":\"ReadAction\",\"target\":[\"https:\/\/startercultures.eu\/de\/product\/fermentation-de\/sodas\/starterkulturen-de-2\/wasser-kephir-korner-selbst-herstellen\/\"]}]},{\"@type\":\"ImageObject\",\"inLanguage\":\"de-DE\",\"@id\":\"https:\/\/startercultures.eu\/de\/product\/fermentation-de\/sodas\/starterkulturen-de-2\/wasser-kephir-korner-selbst-herstellen\/#primaryimage\",\"url\":\"https:\/\/startercultures.eu\/wp-content\/uploads\/2021\/03\/gedroogde-echte-waterkefirkorrels.png\",\"contentUrl\":\"https:\/\/startercultures.eu\/wp-content\/uploads\/2021\/03\/gedroogde-echte-waterkefirkorrels.png\",\"width\":450,\"height\":450,\"caption\":\"Getrocknete echte Wasserkefirk\u00f6rner\"},{\"@type\":\"BreadcrumbList\",\"@id\":\"https:\/\/startercultures.eu\/de\/product\/fermentation-de\/sodas\/starterkulturen-de-2\/wasser-kephir-korner-selbst-herstellen\/#breadcrumb\",\"itemListElement\":[{\"@type\":\"ListItem\",\"position\":1,\"name\":\"Home\",\"item\":\"https:\/\/startercultures.eu\/de\/\"},{\"@type\":\"ListItem\",\"position\":2,\"name\":\"Shop\",\"item\":\"https:\/\/startercultures.eu\/shop\/\"},{\"@type\":\"ListItem\",\"position\":3,\"name\":\"Wasserkefir selbst herstellen | echte Wasserkefirk\u00f6rner\"}]},{\"@type\":\"WebSite\",\"@id\":\"https:\/\/startercultures.eu\/de\/#website\",\"url\":\"https:\/\/startercultures.eu\/de\/\",\"name\":\"Startercultures.eu\",\"description\":\"Startercultures.eu\",\"publisher\":{\"@id\":\"https:\/\/startercultures.eu\/de\/#organization\"},\"potentialAction\":[{\"@type\":\"SearchAction\",\"target\":{\"@type\":\"EntryPoint\",\"urlTemplate\":\"https:\/\/startercultures.eu\/de\/?s={search_term_string}\"},\"query-input\":{\"@type\":\"PropertyValueSpecification\",\"valueRequired\":true,\"valueName\":\"search_term_string\"}}],\"inLanguage\":\"de-DE\"},{\"@type\":\"Organization\",\"@id\":\"https:\/\/startercultures.eu\/de\/#organization\",\"name\":\"Startercultures.eu\",\"url\":\"https:\/\/startercultures.eu\/de\/\",\"logo\":{\"@type\":\"ImageObject\",\"inLanguage\":\"de-DE\",\"@id\":\"https:\/\/startercultures.eu\/de\/#\/schema\/logo\/image\/\",\"url\":\"https:\/\/startercultures.eu\/wp-content\/uploads\/2020\/08\/startercultures-eu-nl-logo-rond-rgb.png\",\"contentUrl\":\"https:\/\/startercultures.eu\/wp-content\/uploads\/2020\/08\/startercultures-eu-nl-logo-rond-rgb.png\",\"width\":320,\"height\":320,\"caption\":\"Startercultures.eu\"},\"image\":{\"@id\":\"https:\/\/startercultures.eu\/de\/#\/schema\/logo\/image\/\"},\"sameAs\":[\"https:\/\/www.facebook.com\/startercultureseu\",\"https:\/\/www.instagram.com\/startercultures.eu\/\"]}]}<\/script>\n<meta property=\"product:price:amount\" content=\"17.99\" \/>\n<meta property=\"product:price:currency\" content=\"EUR\" \/>\n<meta property=\"og:availability\" content=\"instock\" \/>\n<meta property=\"product:availability\" content=\"instock\" \/>\n<meta property=\"product:retailer_item_id\" content=\"183\" \/>\n<meta property=\"product:condition\" content=\"new\" \/>\n<!-- \/ Yoast SEO plugin. -->","yoast_head_json":{"title":"Machen Sie Ihren eigenen Wasserkefir mit echten Wasserkefirk\u00f6rnern | startercultures.nl","description":"Kaufen Sie hier unsere echten Wasserkefirk\u00f6rner und stellen Sie Ihr eigenes gesundes probiotisches fermentiertes Erfrischungsgetr\u00e4nk her! Getrocknet, also weniger anf\u00e4llig.","robots":{"index":"index","follow":"follow","max-snippet":"max-snippet:-1","max-image-preview":"max-image-preview:large","max-video-preview":"max-video-preview:-1"},"canonical":"https:\/\/startercultures.eu\/de\/product\/fermentation-de\/sodas\/starterkulturen-de-2\/wasser-kephir-korner-selbst-herstellen\/","og_locale":"de_DE","og_type":"article","og_title":"Machen Sie Ihren eigenen Wasserkefir mit echten Wasserkefirk\u00f6rnern | startercultures.nl","og_description":"Kaufen Sie hier unsere echten Wasserkefirk\u00f6rner und stellen Sie Ihr eigenes gesundes probiotisches fermentiertes Erfrischungsgetr\u00e4nk her! Getrocknet, also weniger anf\u00e4llig.","og_url":"https:\/\/startercultures.eu\/de\/product\/fermentation-de\/sodas\/starterkulturen-de-2\/wasser-kephir-korner-selbst-herstellen\/","og_site_name":"Startercultures.eu","article_publisher":"https:\/\/www.facebook.com\/startercultureseu","article_modified_time":"2026-04-13T10:18:28+00:00","og_image":[{"width":450,"height":450,"url":"https:\/\/startercultures.eu\/wp-content\/uploads\/2021\/03\/gedroogde-echte-waterkefirkorrels.png","type":"image\/png"}],"twitter_card":"summary_large_image","twitter_misc":{"Price":"17,99","Availability":"Vorr\u00e4tig"},"schema":{"@context":"https:\/\/schema.org","@graph":[{"@type":"WebPage","@id":"https:\/\/startercultures.eu\/de\/product\/fermentation-de\/sodas\/starterkulturen-de-2\/wasser-kephir-korner-selbst-herstellen\/","url":"https:\/\/startercultures.eu\/de\/product\/fermentation-de\/sodas\/starterkulturen-de-2\/wasser-kephir-korner-selbst-herstellen\/","name":"Machen Sie Ihren eigenen Wasserkefir mit echten Wasserkefirk\u00f6rnern | startercultures.nl","isPartOf":{"@id":"https:\/\/startercultures.eu\/de\/#website"},"primaryImageOfPage":{"@id":"https:\/\/startercultures.eu\/de\/product\/fermentation-de\/sodas\/starterkulturen-de-2\/wasser-kephir-korner-selbst-herstellen\/#primaryimage"},"image":{"@id":"https:\/\/startercultures.eu\/de\/product\/fermentation-de\/sodas\/starterkulturen-de-2\/wasser-kephir-korner-selbst-herstellen\/#primaryimage"},"thumbnailUrl":"https:\/\/startercultures.eu\/wp-content\/uploads\/2021\/03\/gedroogde-echte-waterkefirkorrels.png","datePublished":"2021-03-04T12:48:44+00:00","dateModified":"2026-04-13T10:18:28+00:00","description":"Kaufen Sie hier unsere echten Wasserkefirk\u00f6rner und stellen Sie Ihr eigenes gesundes probiotisches fermentiertes Erfrischungsgetr\u00e4nk her! Getrocknet, also weniger anf\u00e4llig.","breadcrumb":{"@id":"https:\/\/startercultures.eu\/de\/product\/fermentation-de\/sodas\/starterkulturen-de-2\/wasser-kephir-korner-selbst-herstellen\/#breadcrumb"},"inLanguage":"de-DE","potentialAction":[{"@type":"ReadAction","target":["https:\/\/startercultures.eu\/de\/product\/fermentation-de\/sodas\/starterkulturen-de-2\/wasser-kephir-korner-selbst-herstellen\/"]}]},{"@type":"ImageObject","inLanguage":"de-DE","@id":"https:\/\/startercultures.eu\/de\/product\/fermentation-de\/sodas\/starterkulturen-de-2\/wasser-kephir-korner-selbst-herstellen\/#primaryimage","url":"https:\/\/startercultures.eu\/wp-content\/uploads\/2021\/03\/gedroogde-echte-waterkefirkorrels.png","contentUrl":"https:\/\/startercultures.eu\/wp-content\/uploads\/2021\/03\/gedroogde-echte-waterkefirkorrels.png","width":450,"height":450,"caption":"Getrocknete echte Wasserkefirk\u00f6rner"},{"@type":"BreadcrumbList","@id":"https:\/\/startercultures.eu\/de\/product\/fermentation-de\/sodas\/starterkulturen-de-2\/wasser-kephir-korner-selbst-herstellen\/#breadcrumb","itemListElement":[{"@type":"ListItem","position":1,"name":"Home","item":"https:\/\/startercultures.eu\/de\/"},{"@type":"ListItem","position":2,"name":"Shop","item":"https:\/\/startercultures.eu\/shop\/"},{"@type":"ListItem","position":3,"name":"Wasserkefir selbst herstellen | echte Wasserkefirk\u00f6rner"}]},{"@type":"WebSite","@id":"https:\/\/startercultures.eu\/de\/#website","url":"https:\/\/startercultures.eu\/de\/","name":"Startercultures.eu","description":"Startercultures.eu","publisher":{"@id":"https:\/\/startercultures.eu\/de\/#organization"},"potentialAction":[{"@type":"SearchAction","target":{"@type":"EntryPoint","urlTemplate":"https:\/\/startercultures.eu\/de\/?s={search_term_string}"},"query-input":{"@type":"PropertyValueSpecification","valueRequired":true,"valueName":"search_term_string"}}],"inLanguage":"de-DE"},{"@type":"Organization","@id":"https:\/\/startercultures.eu\/de\/#organization","name":"Startercultures.eu","url":"https:\/\/startercultures.eu\/de\/","logo":{"@type":"ImageObject","inLanguage":"de-DE","@id":"https:\/\/startercultures.eu\/de\/#\/schema\/logo\/image\/","url":"https:\/\/startercultures.eu\/wp-content\/uploads\/2020\/08\/startercultures-eu-nl-logo-rond-rgb.png","contentUrl":"https:\/\/startercultures.eu\/wp-content\/uploads\/2020\/08\/startercultures-eu-nl-logo-rond-rgb.png","width":320,"height":320,"caption":"Startercultures.eu"},"image":{"@id":"https:\/\/startercultures.eu\/de\/#\/schema\/logo\/image\/"},"sameAs":["https:\/\/www.facebook.com\/startercultureseu","https:\/\/www.instagram.com\/startercultures.eu\/"]}]},"product_price_amount":"17.99","product_price_currency":"EUR","og_availability":"instock","product_availability":"instock","product_retailer_item_id":"183","product_condition":"new"},"_links":{"self":[{"href":"https:\/\/startercultures.eu\/de\/wp-json\/wp\/v2\/product\/24959","targetHints":{"allow":["GET"]}}],"collection":[{"href":"https:\/\/startercultures.eu\/de\/wp-json\/wp\/v2\/product"}],"about":[{"href":"https:\/\/startercultures.eu\/de\/wp-json\/wp\/v2\/types\/product"}],"replies":[{"embeddable":true,"href":"https:\/\/startercultures.eu\/de\/wp-json\/wp\/v2\/comments?post=24959"}],"version-history":[{"count":1,"href":"https:\/\/startercultures.eu\/de\/wp-json\/wp\/v2\/product\/24959\/revisions"}],"predecessor-version":[{"id":78859,"href":"https:\/\/startercultures.eu\/de\/wp-json\/wp\/v2\/product\/24959\/revisions\/78859"}],"wp:featuredmedia":[{"embeddable":true,"href":"https:\/\/startercultures.eu\/de\/wp-json\/wp\/v2\/media\/24138"}],"wp:attachment":[{"href":"https:\/\/startercultures.eu\/de\/wp-json\/wp\/v2\/media?parent=24959"}],"wp:term":[{"taxonomy":"product_brand","embeddable":true,"href":"https:\/\/startercultures.eu\/de\/wp-json\/wp\/v2\/product_brand?post=24959"},{"taxonomy":"product_cat","embeddable":true,"href":"https:\/\/startercultures.eu\/de\/wp-json\/wp\/v2\/product_cat?post=24959"},{"taxonomy":"product_tag","embeddable":true,"href":"https:\/\/startercultures.eu\/de\/wp-json\/wp\/v2\/product_tag?post=24959"}],"curies":[{"name":"wp","href":"https:\/\/api.w.org\/{rel}","templated":true}]}}