{"id":24960,"date":"2021-02-21T14:28:47","date_gmt":"2021-02-21T14:28:47","guid":{"rendered":"https:\/\/startercultures.eu\/product\/unkategorisiert\/blauschimmelpilz-penicillium-roqueforti\/"},"modified":"2026-02-10T10:05:34","modified_gmt":"2026-02-10T09:05:34","slug":"blauschimmel-penicillium-roqueforti","status":"publish","type":"product","link":"https:\/\/startercultures.eu\/de\/product\/fermentation-de\/molkerei\/kase\/starterkulturen\/blauschimmel-penicillium-roqueforti\/","title":{"rendered":"Blauschimmelpilz | Penicillium roqueforti"},"content":{"rendered":"<h3>Was ist Blauschimmel &#8211; Penicillium roqueforti<\/h3>\n<p>Blauschimmel &#8211; <em>Penicillium roqueforti<\/em> ist ein Schimmelpilz, der typisch f\u00fcr K\u00e4sesorten wie Roquefort, Danish Blue und Stilton sowie Gorgonzola ist. Diese Kultur reicht f\u00fcr etwa 100 l Milch.<\/p>\n<p>Penicillium gibt dem K\u00e4se Flecken oder Adern des Schimmels im gesamten K\u00e4se, die in der Farbe durch verschiedene Blau- und Gr\u00fcnt\u00f6ne variieren k\u00f6nnen. Dieser hat einen ausgepr\u00e4gten Geruch, der entweder von diesem oder von verschiedenen speziell gez\u00fcchteten Bakterien stammt. Bei einigen Blauschimmelk\u00e4sesorten werden die Sporen vor der K\u00e4sebruchbildung injiziert, bei anderen werden die Sporen nach der K\u00e4sebruchbildung unter den K\u00e4sebruch gemischt. Blauschimmelk\u00e4se reift in der Regel in einer temperaturkontrollierten Umgebung, z. B. in einer H\u00f6hle. Blauschimmelk\u00e4se kann pur verzehrt werden, aber auch als Brotaufstrich, zerbr\u00f6ckelt oder geschmolzen zu einer Reihe von anderen Speisen gereicht werden. Der charakteristische Geschmack von Blauschimmelk\u00e4se ist in der Regel scharf und salzig. Mehr \u00fcber <em>Penicillium roqueforti <\/em><a href=\"https:\/\/en.wikipedia.org\/wiki\/Penicillium_roqueforti\" target=\"_blank\" rel=\"noopener\">auf w<\/a>ikipedia<em>.<\/em><\/p>\n<h3>Inhalt<\/h3>\n<ul>\n<li>10 Gramm <em>Penicillium roqueforti<\/em>, ausreichend f\u00fcr etwa 100 Liter Milch<\/li>\n<li>Die Starterkultur ist v\u00f6llig nat\u00fcrlich, ohne Konservierungsstoffe, Zusatzstoffe, k\u00fcnstliche Farb- oder Geschmacksstoffe. Es enth\u00e4lt keine GVO-Zutaten und ist glutenfrei.<\/li>\n<li>Produziert in Italien<\/li>\n<li>Inhalt: Starterkulturen<\/li>\n<li>Allergene: Milch<\/li>\n<li>Nicht f\u00fcr veganen K\u00e4se geeignet, aber schauen Sie sich bitte unsere gro\u00dfe Auswahl an veganen K\u00e4seformen und Kulturen an.<\/li>\n<\/ul>\n<h3>Mikroorganismen im Blauschimmelk\u00e4se &#8211; Penicillium roqueforti<\/h3>\n<p><em>Penicillium roqueforti<\/em><\/p>\n<h3>Merkmale<\/h3>\n<p>Optimale Temperatur f\u00fcr das Wachstum: 20 &#8211; 30 \u00b0C<br \/>\nMaximale Temperatur der Heizung: 30 \u00b0C<br \/>\nGasproduktion: ++<br \/>\nProteolytische Aktivit\u00e4t: +++<br \/>\nG\u00e4rungsaktivit\u00e4t: &#8211;<\/p>\n<h3>Kombinieren Sie diese K\u00e4sestarterkultur mit:<\/h3>\n<p>Diese Kultur muss zusammen mit einer (mesophilen) s\u00e4uernden K\u00e4sestarterkultur wie unserer mesophilen Allround-Starterkultur oder MST verwendet werden.<\/p>\n<h3>Suchen Sie nach veganen K\u00e4sekulturen?<\/h3>\n<p>Diese Form enth\u00e4lt Milch. Wenn Sie veganen K\u00e4se herstellen m\u00f6chten, sollten Sie sich unsere <a href=\"https:\/\/startercultures.eu\/product-category\/dairy\/cheese\/vegan-cheese\/\" target=\"_blank\" rel=\"noopener\">gro\u00dfe Auswahl an veganen K\u00e4seformen und Kulturen<\/a> ansehen.<\/p>\n<h3>Anweisungen zur Lagerung<\/h3>\n<p>Im K\u00fchl- oder Gefrierschrank. Die Haltbarkeit betr\u00e4gt etwa 1,5 Jahre im Gefrierschrank oder 12 Monate bei +5\u00baC.<\/p>\n<h3>Wie nutzen Sie diese Kultur?<\/h3>\n<p>Es handelt sich um eine DVI-Kultur (Direct Vat Inoculation), d. h. Sie k\u00f6nnen den Starter direkt aus dem Gefrierschrank in die Milch geben.<\/p>\n<p>Bei einigen Blauschimmelk\u00e4sesorten werden die Sporen vor der K\u00e4sebruchbildung injiziert, bei anderen werden die Sporen nach der K\u00e4sebruchbildung unter den K\u00e4sebruch gemischt.<\/p>\n<h3>Online-Workshop &#8220;Veganen K\u00e4se zu Hause herstellen&#8221; (mit Untertiteln)<\/h3>\n<p>In <a href=\"https:\/\/startercultures.eu\/product\/vegan-main\/vegan-dairy\/online-english-subtitled-vegan-cheese-workshop\/\" target=\"_blank\" rel=\"noopener\">diesem Workshop mit englischen Untertiteln<\/a> lernen Sie die Theorie und Praxis der Herstellung von veganem K\u00e4se<img decoding=\"async\" class=\"lazyload  wp-image-24266 alignright\" src=\"https:\/\/startercultures.eu\/wp-content\/uploads\/2021\/06\/Vegan-cheese-starter-kit-300x222.png\" data-orig-src=\"https:\/\/startercultures.eu\/wp-content\/uploads\/2021\/06\/Vegan-cheese-starter-kit-300x222.png\" alt=\"Veganes Blauschimmelk\u00e4se Starterkultur Kit\" width=\"219\" height=\"162\" srcset=\"data:image\/svg+xml,%3Csvg%20xmlns%3D%27http%3A%2F%2Fwww.w3.org%2F2000%2Fsvg%27%20width%3D%27219%27%20height%3D%27162%27%20viewBox%3D%270%200%20219%20162%27%3E%3Crect%20width%3D%27219%27%20height%3D%27162%27%20fill-opacity%3D%220%22%2F%3E%3C%2Fsvg%3E\" data-srcset=\"https:\/\/startercultures.eu\/wp-content\/uploads\/2021\/06\/Vegan-cheese-starter-kit-200x148.png 200w, https:\/\/startercultures.eu\/wp-content\/uploads\/2021\/06\/Vegan-cheese-starter-kit-300x222.png 300w, https:\/\/startercultures.eu\/wp-content\/uploads\/2021\/06\/Vegan-cheese-starter-kit-400x296.png 400w, https:\/\/startercultures.eu\/wp-content\/uploads\/2021\/06\/Vegan-cheese-starter-kit-500x370.png 500w, https:\/\/startercultures.eu\/wp-content\/uploads\/2021\/06\/Vegan-cheese-starter-kit-600x445.png 600w, https:\/\/startercultures.eu\/wp-content\/uploads\/2021\/06\/Vegan-cheese-starter-kit-700x519.png 700w, https:\/\/startercultures.eu\/wp-content\/uploads\/2021\/06\/Vegan-cheese-starter-kit-768x569.png 768w, https:\/\/startercultures.eu\/wp-content\/uploads\/2021\/06\/Vegan-cheese-starter-kit-800x593.png 800w, https:\/\/startercultures.eu\/wp-content\/uploads\/2021\/06\/Vegan-cheese-starter-kit-1024x759.png 1024w, https:\/\/startercultures.eu\/wp-content\/uploads\/2021\/06\/Vegan-cheese-starter-kit.png 1200w\" data-sizes=\"auto\" data-orig-sizes=\"(max-width: 219px) 100vw, 219px\" \/>s zu Hause, wobei der Schwerpunkt auf veganem Camembert und veganem Blauschimmelk\u00e4se liegt. Foodwriter<a href=\"https:\/\/wateetons.com\/\" target=\"_blank\" rel=\"noopener\">&#8216;Meneer Wateetons&#8217;<\/a>, Autor mehrerer B\u00fccher \u00fcber Fermentierung und alternative Lebensmittelzubereitungstechniken, wird Ihnen alles \u00fcber Fermentierung, P\u00f6kelsalze, Lebensmittelsicherheit, <a href=\"https:\/\/en.wikipedia.org\/wiki\/PH\" target=\"_blank\" rel=\"noopener\">pH-Wert<\/a>, Starterkulturen, Schimmelpilze und Trocknungsbedingungen beibringen. Klicken Sie <a href=\"https:\/\/startercultures.eu\/product\/vegan-main\/vegan-dairy\/online-english-subtitled-vegan-cheese-workshop\/\" target=\"_blank\" rel=\"noopener\">hier<\/a> f\u00fcr weitere Informationen.<\/p>\n","protected":false},"excerpt":{"rendered":"<p>Blauschimmel &#8211; <em>Penicillium roqueforti<\/em> ist ein Schimmelpilz, der typisch f\u00fcr K\u00e4sesorten wie Roquefort, Danish Blue und Stilton sowie Gorgonzola ist. Diese Kultur reicht f\u00fcr etwa 100 l Milch.<\/p>\n","protected":false},"featured_media":24166,"comment_status":"open","ping_status":"closed","template":"","meta":{"_acf_changed":false,"footnotes":""},"product_brand":[],"product_cat":[647],"product_tag":[],"class_list":{"0":"post-24960","1":"product","2":"type-product","3":"status-publish","4":"has-post-thumbnail","6":"product_cat-starterkulturen","7":"pa_ean-8720297621154-de","9":"first","10":"instock","11":"taxable","12":"shipping-taxable","13":"purchasable","14":"product-type-simple"},"acf":[],"yoast_head":"<!-- This site is optimized with the Yoast SEO plugin v26.6 - https:\/\/yoast.com\/wordpress\/plugins\/seo\/ -->\n<title>Blauschimmelpilz | Penicillium roqueforti - Startercultures.eu<\/title>\n<meta name=\"description\" content=\"Blauschimmel - Penicillium roqueforti ist ein Schimmelpilz, der typisch f\u00fcr K\u00e4sesorten wie Roquefort, Danish Blue und Stilton sowie Gorgonzola ist.\" \/>\n<meta name=\"robots\" content=\"index, follow, max-snippet:-1, max-image-preview:large, max-video-preview:-1\" \/>\n<link rel=\"canonical\" href=\"https:\/\/startercultures.eu\/de\/product\/fermentation-de\/molkerei\/kase\/starterkulturen\/blauschimmel-penicillium-roqueforti\/\" \/>\n<meta property=\"og:locale\" content=\"de_DE\" \/>\n<meta property=\"og:type\" content=\"article\" \/>\n<meta property=\"og:title\" content=\"Blauschimmelpilz | Penicillium roqueforti - Startercultures.eu\" \/>\n<meta property=\"og:description\" content=\"Blauschimmel - Penicillium roqueforti ist ein Schimmelpilz, der typisch f\u00fcr K\u00e4sesorten wie Roquefort, Danish Blue und Stilton sowie Gorgonzola ist.\" \/>\n<meta property=\"og:url\" content=\"https:\/\/startercultures.eu\/de\/product\/fermentation-de\/molkerei\/kase\/starterkulturen\/blauschimmel-penicillium-roqueforti\/\" \/>\n<meta property=\"og:site_name\" content=\"Startercultures.eu\" \/>\n<meta property=\"article:publisher\" content=\"https:\/\/www.facebook.com\/startercultureseu\" \/>\n<meta property=\"article:modified_time\" content=\"2026-02-10T09:05:34+00:00\" \/>\n<meta property=\"og:image\" content=\"https:\/\/startercultures.eu\/wp-content\/uploads\/2021\/02\/blue-cheese-mold-penicillium-roqueforti-2.png\" \/>\n\t<meta property=\"og:image:width\" content=\"450\" \/>\n\t<meta property=\"og:image:height\" content=\"450\" \/>\n\t<meta property=\"og:image:type\" content=\"image\/png\" \/>\n<meta name=\"twitter:card\" content=\"summary_large_image\" \/>\n<meta name=\"twitter:label1\" content=\"Price\" \/>\n\t<meta name=\"twitter:data1\" content=\"12,99\" \/>\n\t<meta name=\"twitter:label2\" content=\"Availability\" \/>\n\t<meta name=\"twitter:data2\" content=\"Vorr\u00e4tig\" \/>\n<script type=\"application\/ld+json\" class=\"yoast-schema-graph\">{\"@context\":\"https:\/\/schema.org\",\"@graph\":[{\"@type\":\"WebPage\",\"@id\":\"https:\/\/startercultures.eu\/de\/product\/fermentation-de\/molkerei\/kase\/starterkulturen\/blauschimmel-penicillium-roqueforti\/\",\"url\":\"https:\/\/startercultures.eu\/de\/product\/fermentation-de\/molkerei\/kase\/starterkulturen\/blauschimmel-penicillium-roqueforti\/\",\"name\":\"Blauschimmelpilz | Penicillium roqueforti - Startercultures.eu\",\"isPartOf\":{\"@id\":\"https:\/\/startercultures.eu\/de\/#website\"},\"primaryImageOfPage\":{\"@id\":\"https:\/\/startercultures.eu\/de\/product\/fermentation-de\/molkerei\/kase\/starterkulturen\/blauschimmel-penicillium-roqueforti\/#primaryimage\"},\"image\":{\"@id\":\"https:\/\/startercultures.eu\/de\/product\/fermentation-de\/molkerei\/kase\/starterkulturen\/blauschimmel-penicillium-roqueforti\/#primaryimage\"},\"thumbnailUrl\":\"https:\/\/startercultures.eu\/wp-content\/uploads\/2021\/02\/blue-cheese-mold-penicillium-roqueforti-2.png\",\"datePublished\":\"2021-02-21T14:28:47+00:00\",\"dateModified\":\"2026-02-10T09:05:34+00:00\",\"description\":\"Blauschimmel - Penicillium roqueforti ist ein Schimmelpilz, der typisch f\u00fcr K\u00e4sesorten wie Roquefort, Danish Blue und Stilton sowie Gorgonzola ist.\",\"breadcrumb\":{\"@id\":\"https:\/\/startercultures.eu\/de\/product\/fermentation-de\/molkerei\/kase\/starterkulturen\/blauschimmel-penicillium-roqueforti\/#breadcrumb\"},\"inLanguage\":\"de-DE\",\"potentialAction\":[{\"@type\":\"ReadAction\",\"target\":[\"https:\/\/startercultures.eu\/de\/product\/fermentation-de\/molkerei\/kase\/starterkulturen\/blauschimmel-penicillium-roqueforti\/\"]}]},{\"@type\":\"ImageObject\",\"inLanguage\":\"de-DE\",\"@id\":\"https:\/\/startercultures.eu\/de\/product\/fermentation-de\/molkerei\/kase\/starterkulturen\/blauschimmel-penicillium-roqueforti\/#primaryimage\",\"url\":\"https:\/\/startercultures.eu\/wp-content\/uploads\/2021\/02\/blue-cheese-mold-penicillium-roqueforti-2.png\",\"contentUrl\":\"https:\/\/startercultures.eu\/wp-content\/uploads\/2021\/02\/blue-cheese-mold-penicillium-roqueforti-2.png\",\"width\":450,\"height\":450,\"caption\":\"Blauschimmel-Penicillium-roqueforti-2\"},{\"@type\":\"BreadcrumbList\",\"@id\":\"https:\/\/startercultures.eu\/de\/product\/fermentation-de\/molkerei\/kase\/starterkulturen\/blauschimmel-penicillium-roqueforti\/#breadcrumb\",\"itemListElement\":[{\"@type\":\"ListItem\",\"position\":1,\"name\":\"Home\",\"item\":\"https:\/\/startercultures.eu\/de\/\"},{\"@type\":\"ListItem\",\"position\":2,\"name\":\"Shop\",\"item\":\"https:\/\/startercultures.eu\/shop\/\"},{\"@type\":\"ListItem\",\"position\":3,\"name\":\"Blauschimmelpilz | Penicillium roqueforti\"}]},{\"@type\":\"WebSite\",\"@id\":\"https:\/\/startercultures.eu\/de\/#website\",\"url\":\"https:\/\/startercultures.eu\/de\/\",\"name\":\"Startercultures.eu\",\"description\":\"Startercultures.eu\",\"publisher\":{\"@id\":\"https:\/\/startercultures.eu\/de\/#organization\"},\"potentialAction\":[{\"@type\":\"SearchAction\",\"target\":{\"@type\":\"EntryPoint\",\"urlTemplate\":\"https:\/\/startercultures.eu\/de\/?s={search_term_string}\"},\"query-input\":{\"@type\":\"PropertyValueSpecification\",\"valueRequired\":true,\"valueName\":\"search_term_string\"}}],\"inLanguage\":\"de-DE\"},{\"@type\":\"Organization\",\"@id\":\"https:\/\/startercultures.eu\/de\/#organization\",\"name\":\"Startercultures.eu\",\"url\":\"https:\/\/startercultures.eu\/de\/\",\"logo\":{\"@type\":\"ImageObject\",\"inLanguage\":\"de-DE\",\"@id\":\"https:\/\/startercultures.eu\/de\/#\/schema\/logo\/image\/\",\"url\":\"https:\/\/startercultures.eu\/wp-content\/uploads\/2020\/08\/startercultures-eu-nl-logo-rond-rgb.png\",\"contentUrl\":\"https:\/\/startercultures.eu\/wp-content\/uploads\/2020\/08\/startercultures-eu-nl-logo-rond-rgb.png\",\"width\":320,\"height\":320,\"caption\":\"Startercultures.eu\"},\"image\":{\"@id\":\"https:\/\/startercultures.eu\/de\/#\/schema\/logo\/image\/\"},\"sameAs\":[\"https:\/\/www.facebook.com\/startercultureseu\",\"https:\/\/www.instagram.com\/startercultures.eu\/\"]}]}<\/script>\n<meta property=\"product:price:amount\" content=\"12.99\" \/>\n<meta property=\"product:price:currency\" content=\"EUR\" \/>\n<meta property=\"og:availability\" content=\"instock\" \/>\n<meta property=\"product:availability\" content=\"instock\" \/>\n<meta property=\"product:retailer_item_id\" content=\"177\" \/>\n<meta property=\"product:condition\" content=\"new\" \/>\n<!-- \/ Yoast SEO plugin. -->","yoast_head_json":{"title":"Blauschimmelpilz | Penicillium roqueforti - Startercultures.eu","description":"Blauschimmel - Penicillium roqueforti ist ein Schimmelpilz, der typisch f\u00fcr K\u00e4sesorten wie Roquefort, Danish Blue und Stilton sowie Gorgonzola ist.","robots":{"index":"index","follow":"follow","max-snippet":"max-snippet:-1","max-image-preview":"max-image-preview:large","max-video-preview":"max-video-preview:-1"},"canonical":"https:\/\/startercultures.eu\/de\/product\/fermentation-de\/molkerei\/kase\/starterkulturen\/blauschimmel-penicillium-roqueforti\/","og_locale":"de_DE","og_type":"article","og_title":"Blauschimmelpilz | Penicillium roqueforti - Startercultures.eu","og_description":"Blauschimmel - Penicillium roqueforti ist ein Schimmelpilz, der typisch f\u00fcr K\u00e4sesorten wie Roquefort, Danish Blue und Stilton sowie Gorgonzola ist.","og_url":"https:\/\/startercultures.eu\/de\/product\/fermentation-de\/molkerei\/kase\/starterkulturen\/blauschimmel-penicillium-roqueforti\/","og_site_name":"Startercultures.eu","article_publisher":"https:\/\/www.facebook.com\/startercultureseu","article_modified_time":"2026-02-10T09:05:34+00:00","og_image":[{"width":450,"height":450,"url":"https:\/\/startercultures.eu\/wp-content\/uploads\/2021\/02\/blue-cheese-mold-penicillium-roqueforti-2.png","type":"image\/png"}],"twitter_card":"summary_large_image","twitter_misc":{"Price":"12,99","Availability":"Vorr\u00e4tig"},"schema":{"@context":"https:\/\/schema.org","@graph":[{"@type":"WebPage","@id":"https:\/\/startercultures.eu\/de\/product\/fermentation-de\/molkerei\/kase\/starterkulturen\/blauschimmel-penicillium-roqueforti\/","url":"https:\/\/startercultures.eu\/de\/product\/fermentation-de\/molkerei\/kase\/starterkulturen\/blauschimmel-penicillium-roqueforti\/","name":"Blauschimmelpilz | Penicillium roqueforti - Startercultures.eu","isPartOf":{"@id":"https:\/\/startercultures.eu\/de\/#website"},"primaryImageOfPage":{"@id":"https:\/\/startercultures.eu\/de\/product\/fermentation-de\/molkerei\/kase\/starterkulturen\/blauschimmel-penicillium-roqueforti\/#primaryimage"},"image":{"@id":"https:\/\/startercultures.eu\/de\/product\/fermentation-de\/molkerei\/kase\/starterkulturen\/blauschimmel-penicillium-roqueforti\/#primaryimage"},"thumbnailUrl":"https:\/\/startercultures.eu\/wp-content\/uploads\/2021\/02\/blue-cheese-mold-penicillium-roqueforti-2.png","datePublished":"2021-02-21T14:28:47+00:00","dateModified":"2026-02-10T09:05:34+00:00","description":"Blauschimmel - Penicillium roqueforti ist ein Schimmelpilz, der typisch f\u00fcr K\u00e4sesorten wie Roquefort, Danish Blue und Stilton sowie Gorgonzola ist.","breadcrumb":{"@id":"https:\/\/startercultures.eu\/de\/product\/fermentation-de\/molkerei\/kase\/starterkulturen\/blauschimmel-penicillium-roqueforti\/#breadcrumb"},"inLanguage":"de-DE","potentialAction":[{"@type":"ReadAction","target":["https:\/\/startercultures.eu\/de\/product\/fermentation-de\/molkerei\/kase\/starterkulturen\/blauschimmel-penicillium-roqueforti\/"]}]},{"@type":"ImageObject","inLanguage":"de-DE","@id":"https:\/\/startercultures.eu\/de\/product\/fermentation-de\/molkerei\/kase\/starterkulturen\/blauschimmel-penicillium-roqueforti\/#primaryimage","url":"https:\/\/startercultures.eu\/wp-content\/uploads\/2021\/02\/blue-cheese-mold-penicillium-roqueforti-2.png","contentUrl":"https:\/\/startercultures.eu\/wp-content\/uploads\/2021\/02\/blue-cheese-mold-penicillium-roqueforti-2.png","width":450,"height":450,"caption":"Blauschimmel-Penicillium-roqueforti-2"},{"@type":"BreadcrumbList","@id":"https:\/\/startercultures.eu\/de\/product\/fermentation-de\/molkerei\/kase\/starterkulturen\/blauschimmel-penicillium-roqueforti\/#breadcrumb","itemListElement":[{"@type":"ListItem","position":1,"name":"Home","item":"https:\/\/startercultures.eu\/de\/"},{"@type":"ListItem","position":2,"name":"Shop","item":"https:\/\/startercultures.eu\/shop\/"},{"@type":"ListItem","position":3,"name":"Blauschimmelpilz | Penicillium roqueforti"}]},{"@type":"WebSite","@id":"https:\/\/startercultures.eu\/de\/#website","url":"https:\/\/startercultures.eu\/de\/","name":"Startercultures.eu","description":"Startercultures.eu","publisher":{"@id":"https:\/\/startercultures.eu\/de\/#organization"},"potentialAction":[{"@type":"SearchAction","target":{"@type":"EntryPoint","urlTemplate":"https:\/\/startercultures.eu\/de\/?s={search_term_string}"},"query-input":{"@type":"PropertyValueSpecification","valueRequired":true,"valueName":"search_term_string"}}],"inLanguage":"de-DE"},{"@type":"Organization","@id":"https:\/\/startercultures.eu\/de\/#organization","name":"Startercultures.eu","url":"https:\/\/startercultures.eu\/de\/","logo":{"@type":"ImageObject","inLanguage":"de-DE","@id":"https:\/\/startercultures.eu\/de\/#\/schema\/logo\/image\/","url":"https:\/\/startercultures.eu\/wp-content\/uploads\/2020\/08\/startercultures-eu-nl-logo-rond-rgb.png","contentUrl":"https:\/\/startercultures.eu\/wp-content\/uploads\/2020\/08\/startercultures-eu-nl-logo-rond-rgb.png","width":320,"height":320,"caption":"Startercultures.eu"},"image":{"@id":"https:\/\/startercultures.eu\/de\/#\/schema\/logo\/image\/"},"sameAs":["https:\/\/www.facebook.com\/startercultureseu","https:\/\/www.instagram.com\/startercultures.eu\/"]}]},"product_price_amount":"12.99","product_price_currency":"EUR","og_availability":"instock","product_availability":"instock","product_retailer_item_id":"177","product_condition":"new"},"_links":{"self":[{"href":"https:\/\/startercultures.eu\/de\/wp-json\/wp\/v2\/product\/24960","targetHints":{"allow":["GET"]}}],"collection":[{"href":"https:\/\/startercultures.eu\/de\/wp-json\/wp\/v2\/product"}],"about":[{"href":"https:\/\/startercultures.eu\/de\/wp-json\/wp\/v2\/types\/product"}],"replies":[{"embeddable":true,"href":"https:\/\/startercultures.eu\/de\/wp-json\/wp\/v2\/comments?post=24960"}],"version-history":[{"count":0,"href":"https:\/\/startercultures.eu\/de\/wp-json\/wp\/v2\/product\/24960\/revisions"}],"wp:featuredmedia":[{"embeddable":true,"href":"https:\/\/startercultures.eu\/de\/wp-json\/wp\/v2\/media\/24166"}],"wp:attachment":[{"href":"https:\/\/startercultures.eu\/de\/wp-json\/wp\/v2\/media?parent=24960"}],"wp:term":[{"taxonomy":"product_brand","embeddable":true,"href":"https:\/\/startercultures.eu\/de\/wp-json\/wp\/v2\/product_brand?post=24960"},{"taxonomy":"product_cat","embeddable":true,"href":"https:\/\/startercultures.eu\/de\/wp-json\/wp\/v2\/product_cat?post=24960"},{"taxonomy":"product_tag","embeddable":true,"href":"https:\/\/startercultures.eu\/de\/wp-json\/wp\/v2\/product_tag?post=24960"}],"curies":[{"name":"wp","href":"https:\/\/api.w.org\/{rel}","templated":true}]}}