{"id":24966,"date":"2021-01-17T12:42:20","date_gmt":"2021-01-17T11:42:20","guid":{"rendered":"https:\/\/startercultures.eu\/product\/unkategorisiert\/alles-in-einem-joghurt-selber-machen-starterkit\/"},"modified":"2026-03-05T08:36:27","modified_gmt":"2026-03-05T07:36:27","slug":"joghurt-starter-kit-zum-selbermachen","status":"publish","type":"product","link":"https:\/\/startercultures.eu\/de\/product\/fermentation-de\/molkerei\/joghurt\/starterkits-de-2\/joghurt-starter-kit-zum-selbermachen\/","title":{"rendered":"Alles in einem &#8220;Joghurt selber machen&#8221;-Starterkit"},"content":{"rendered":"<p>Stellen Sie mit diesem Starterkit Ihren eigenen Joghurt her. Alles, was Sie brauchen, ist enthalten. Ein perfektes Geschenk f\u00fcr jemanden, der sich f\u00fcr die Fermentation interessiert! Inklusive zwei Starterkulturen und GRATIS K\u00e4setuch!<\/p>\n<h3>Zwei Starterkulturen enthalten<\/h3>\n<p>Der<a href=\"https:\/\/startercultures.eu\/product\/dairy\/yoghurt\/yogurt-starters\/authentic-bulgarian-yoghurt\/\" target=\"_blank\" rel=\"noopener\">bulgarische Joghurt<\/a> ist dick und cremig und hat ein perfektes Gleichgewicht zwischen weich und s\u00e4uerlich. Er ist anders als alle anderen Joghurts, die Sie je probiert haben. Die Bulgaren sind \u00fcberzeugt, dass ihr Joghurt der beste der Welt ist. In diesem Land werden j\u00e4hrlich rund 400.000 Tonnen (!) verbraucht.<\/p>\n<p><a href=\"https:\/\/startercultures.eu\/product\/dairy\/yoghurt\/yogurt-starters\/greek-yoghurt\/\" target=\"_blank\" rel=\"noopener\">Griechischer Joghurt<\/a> ist ein bekannter k\u00f6stlicher, reichhaltiger und frischer thermophiler Joghurt. Wenn man ihn nach der Zubereitung abtropfen l\u00e4sst, wird er herrlich dickfl\u00fcssig. Optional k\u00f6nnen Sie auch Sahne oder Magermilchpulver in die Zubereitung einarbeiten, um die Konsistenz zu erh\u00f6hen.<\/p>\n<h3>Inhalt der Schachtel &#8220;Joghurt-Starterkit&#8221;<\/h3>\n<ul>\n<li>1-L-Glas mit Deckel<\/li>\n<li>1 thermophile Starterkulture f\u00fcr bulgarischen Joghurt<\/li>\n<li>1 thermophiler Starter f\u00fcr griechischen Joghurt<\/li>\n<li>1 Thermometer<\/li>\n<li>1 Beipackzettel<\/li>\n<li>1 KOSTENLOSES Seihtuch (machen Sie aus Ihrem Joghurt einen passierten Joghurt!)<\/li>\n<\/ul>\n<p>Tipp: Bewahren Sie die Starterkulturen im Gefrierschrank auf, um eine optimale Haltbarkeit zu erreichen.<\/p>\n<h3 data-fontsize=\"21\" data-lineheight=\"27.3px\">Sie wollen ein <span data-sheets-value=\"{\" data-sheets-userformat=\"{\">Joghurt-Starterpaket<\/span> kaufen?<\/h3>\n<p>Bestellen Sie Ihr <span data-sheets-value=\"{\" data-sheets-userformat=\"{\">Joghurt-Starterpaket<\/span> bei startercultures.eu, dem europ\u00e4ischen Webshop f\u00fcr alle Ihre Fermentationsbed\u00fcrfnisse. Von Meneer Wateetons, dem bekannten niederl\u00e4ndischen G\u00e4rungsexperten und Autor. Bestellen Sie werktags vor 15 Uhr und wir liefern noch am selben Tag. Fragen zur Verwendung des <span data-sheets-value=\"{\" data-sheets-userformat=\"{\">Joghurt-Starterkits<\/span>? Frag Sie in unserem Chat, wir helfen gerne!<\/p>\n<h3>Englischsprachiger Online-Workshop &#8220;Miso selber machen<img decoding=\"async\" class=\"lazyload  wp-image-23963 alignright\" src=\"https:\/\/startercultures.eu\/wp-content\/uploads\/2020\/12\/fermentation-450-300x300.png\" data-orig-src=\"https:\/\/startercultures.eu\/wp-content\/uploads\/2020\/12\/fermentation-450-300x300.png\" alt=\"Fermentation workshops\" width=\"135\" height=\"135\" srcset=\"data:image\/svg+xml,%3Csvg%20xmlns%3D%27http%3A%2F%2Fwww.w3.org%2F2000%2Fsvg%27%20width%3D%27135%27%20height%3D%27135%27%20viewBox%3D%270%200%20135%20135%27%3E%3Crect%20width%3D%27135%27%20height%3D%27135%27%20fill-opacity%3D%220%22%2F%3E%3C%2Fsvg%3E\" data-srcset=\"https:\/\/startercultures.eu\/wp-content\/uploads\/2020\/12\/fermentation-450-66x66.png 66w, https:\/\/startercultures.eu\/wp-content\/uploads\/2020\/12\/fermentation-450-70x70.png 70w, https:\/\/startercultures.eu\/wp-content\/uploads\/2020\/12\/fermentation-450-100x100.png 100w, https:\/\/startercultures.eu\/wp-content\/uploads\/2020\/12\/fermentation-450-150x150.png 150w, https:\/\/startercultures.eu\/wp-content\/uploads\/2020\/12\/fermentation-450-200x200.png 200w, https:\/\/startercultures.eu\/wp-content\/uploads\/2020\/12\/fermentation-450-300x300.png 300w, https:\/\/startercultures.eu\/wp-content\/uploads\/2020\/12\/fermentation-450-400x401.png 400w, https:\/\/startercultures.eu\/wp-content\/uploads\/2020\/12\/fermentation-450.png 450w\" data-sizes=\"auto\" data-orig-sizes=\"(max-width: 135px) 100vw, 135px\" \/><\/h3>\n<p>In<a href=\"https:\/\/startercultures.eu\/product\/workshops-2\/online-on-demand-workshop-how-to-make-your-own-miso\/\" target=\"_blank\" rel=\"noopener\"> diesem Online-Meisterkurs<\/a> zeigt Ihnen der niederl\u00e4ndische Foodwriter und Fermentationsexperte Meneer Wateetons, wie Sie Ihr eigenes Miso herstellen k\u00f6nnen. Durch eine besondere Form der Fermentation entsteht aus zwei sehr bescheidenen und eher langweiligen Zutaten eine der sch\u00f6nsten und komplexesten Substanzen der Welt. Mister Wateetons erz\u00e4hlt dir genau, wie die Fermentation funktioniert und was du daf\u00fcr brauchst, wie du von nun an Miso zu Hause herstellen kannst, wie du den Prozess der Miso-Herstellung beschleunigen kannst, wie du diese beiden Grundzutaten endlos variieren kannst und was f\u00fcr coole Sachen du mit Miso machen kannst. Klicken Sie <a href=\"https:\/\/startercultures.eu\/product\/workshops-2\/online-on-demand-workshop-how-to-make-your-own-miso\/\" target=\"_blank\" rel=\"noopener\">hier <\/a>f\u00fcr weitere Informationen.<\/p>\n","protected":false},"excerpt":{"rendered":"<p>Stellen Sie mit diesem Starterkit Ihren eigenen Joghurt her. Alles, was Sie brauchen, ist enthalten. Ein perfektes Geschenk f\u00fcr jemanden, der sich f\u00fcr die Fermentation interessiert! Inklusive zwei Starterkulturen und GRATIS K\u00e4setuch!<\/p>\n","protected":false},"featured_media":24068,"comment_status":"open","ping_status":"closed","template":"","meta":{"_acf_changed":false,"footnotes":""},"product_brand":[],"product_cat":[648,675,686],"product_tag":[],"class_list":{"0":"post-24966","1":"product","2":"type-product","3":"status-publish","4":"has-post-thumbnail","6":"product_cat-fermentieren","7":"product_cat-joghurt","8":"product_cat-starterkits-de-2","9":"product_shipping_class-klein-pakket-de","10":"pa_ean-8720297621086-de","12":"first","13":"instock","14":"sale","15":"taxable","16":"shipping-taxable","17":"purchasable","18":"product-type-woosb"},"acf":[],"yoast_head":"<!-- This site is optimized with the Yoast SEO plugin v26.6 - https:\/\/yoast.com\/wordpress\/plugins\/seo\/ -->\n<title>Joghurt-Starterkit | Startercultures.eu<\/title>\n<meta name=\"description\" content=\"Machen Sie Ihren eigenen Joghurt mit diesem Joghurt-Starterkit. Alles, was Sie brauchen, ist enthalten. Ein perfektes und \u00fcberraschendes Geschenk!\" \/>\n<meta name=\"robots\" content=\"index, follow, max-snippet:-1, max-image-preview:large, max-video-preview:-1\" \/>\n<link rel=\"canonical\" href=\"https:\/\/startercultures.eu\/de\/product\/fermentation-de\/molkerei\/joghurt\/starterkits-de-2\/joghurt-starter-kit-zum-selbermachen\/\" \/>\n<meta property=\"og:locale\" content=\"de_DE\" \/>\n<meta property=\"og:type\" content=\"article\" \/>\n<meta property=\"og:title\" content=\"Joghurt-Starterkit | Startercultures.eu\" \/>\n<meta property=\"og:description\" content=\"Machen Sie Ihren eigenen Joghurt mit diesem Joghurt-Starterkit. Alles, was Sie brauchen, ist enthalten. Ein perfektes und \u00fcberraschendes Geschenk!\" \/>\n<meta property=\"og:url\" content=\"https:\/\/startercultures.eu\/de\/product\/fermentation-de\/molkerei\/joghurt\/starterkits-de-2\/joghurt-starter-kit-zum-selbermachen\/\" \/>\n<meta property=\"og:site_name\" content=\"Startercultures.eu\" \/>\n<meta property=\"article:publisher\" content=\"https:\/\/www.facebook.com\/startercultureseu\" \/>\n<meta property=\"article:modified_time\" content=\"2026-03-05T07:36:27+00:00\" \/>\n<meta property=\"og:image\" content=\"https:\/\/startercultures.eu\/wp-content\/uploads\/2021\/01\/Yoghurt-starterkit-startercultures-small.png\" \/>\n\t<meta property=\"og:image:width\" content=\"450\" \/>\n\t<meta property=\"og:image:height\" content=\"338\" \/>\n\t<meta property=\"og:image:type\" content=\"image\/png\" \/>\n<meta name=\"twitter:card\" content=\"summary_large_image\" \/>\n<meta name=\"twitter:label1\" content=\"Price\" \/>\n\t<meta name=\"twitter:data1\" content=\"32,38\" \/>\n\t<meta name=\"twitter:label2\" content=\"Availability\" \/>\n\t<meta name=\"twitter:data2\" content=\"Vorr\u00e4tig\" \/>\n<script type=\"application\/ld+json\" class=\"yoast-schema-graph\">{\"@context\":\"https:\/\/schema.org\",\"@graph\":[{\"@type\":\"WebPage\",\"@id\":\"https:\/\/startercultures.eu\/de\/product\/fermentation-de\/molkerei\/joghurt\/starterkits-de-2\/joghurt-starter-kit-zum-selbermachen\/\",\"url\":\"https:\/\/startercultures.eu\/de\/product\/fermentation-de\/molkerei\/joghurt\/starterkits-de-2\/joghurt-starter-kit-zum-selbermachen\/\",\"name\":\"Joghurt-Starterkit | Startercultures.eu\",\"isPartOf\":{\"@id\":\"https:\/\/startercultures.eu\/de\/#website\"},\"primaryImageOfPage\":{\"@id\":\"https:\/\/startercultures.eu\/de\/product\/fermentation-de\/molkerei\/joghurt\/starterkits-de-2\/joghurt-starter-kit-zum-selbermachen\/#primaryimage\"},\"image\":{\"@id\":\"https:\/\/startercultures.eu\/de\/product\/fermentation-de\/molkerei\/joghurt\/starterkits-de-2\/joghurt-starter-kit-zum-selbermachen\/#primaryimage\"},\"thumbnailUrl\":\"https:\/\/startercultures.eu\/wp-content\/uploads\/2021\/01\/Yoghurt-starterkit-startercultures-small.png\",\"datePublished\":\"2021-01-17T11:42:20+00:00\",\"dateModified\":\"2026-03-05T07:36:27+00:00\",\"description\":\"Machen Sie Ihren eigenen Joghurt mit diesem Joghurt-Starterkit. Alles, was Sie brauchen, ist enthalten. Ein perfektes und \u00fcberraschendes Geschenk!\",\"breadcrumb\":{\"@id\":\"https:\/\/startercultures.eu\/de\/product\/fermentation-de\/molkerei\/joghurt\/starterkits-de-2\/joghurt-starter-kit-zum-selbermachen\/#breadcrumb\"},\"inLanguage\":\"de-DE\",\"potentialAction\":[{\"@type\":\"ReadAction\",\"target\":[\"https:\/\/startercultures.eu\/de\/product\/fermentation-de\/molkerei\/joghurt\/starterkits-de-2\/joghurt-starter-kit-zum-selbermachen\/\"]}]},{\"@type\":\"ImageObject\",\"inLanguage\":\"de-DE\",\"@id\":\"https:\/\/startercultures.eu\/de\/product\/fermentation-de\/molkerei\/joghurt\/starterkits-de-2\/joghurt-starter-kit-zum-selbermachen\/#primaryimage\",\"url\":\"https:\/\/startercultures.eu\/wp-content\/uploads\/2021\/01\/Yoghurt-starterkit-startercultures-small.png\",\"contentUrl\":\"https:\/\/startercultures.eu\/wp-content\/uploads\/2021\/01\/Yoghurt-starterkit-startercultures-small.png\",\"width\":450,\"height\":338,\"caption\":\"Joghurt Starterset Starterkulturen klein\"},{\"@type\":\"BreadcrumbList\",\"@id\":\"https:\/\/startercultures.eu\/de\/product\/fermentation-de\/molkerei\/joghurt\/starterkits-de-2\/joghurt-starter-kit-zum-selbermachen\/#breadcrumb\",\"itemListElement\":[{\"@type\":\"ListItem\",\"position\":1,\"name\":\"Home\",\"item\":\"https:\/\/startercultures.eu\/de\/\"},{\"@type\":\"ListItem\",\"position\":2,\"name\":\"Shop\",\"item\":\"https:\/\/startercultures.eu\/shop\/\"},{\"@type\":\"ListItem\",\"position\":3,\"name\":\"Alles in einem &#8220;Joghurt selber machen&#8221;-Starterkit\"}]},{\"@type\":\"WebSite\",\"@id\":\"https:\/\/startercultures.eu\/de\/#website\",\"url\":\"https:\/\/startercultures.eu\/de\/\",\"name\":\"Startercultures.eu\",\"description\":\"Startercultures.eu\",\"publisher\":{\"@id\":\"https:\/\/startercultures.eu\/de\/#organization\"},\"potentialAction\":[{\"@type\":\"SearchAction\",\"target\":{\"@type\":\"EntryPoint\",\"urlTemplate\":\"https:\/\/startercultures.eu\/de\/?s={search_term_string}\"},\"query-input\":{\"@type\":\"PropertyValueSpecification\",\"valueRequired\":true,\"valueName\":\"search_term_string\"}}],\"inLanguage\":\"de-DE\"},{\"@type\":\"Organization\",\"@id\":\"https:\/\/startercultures.eu\/de\/#organization\",\"name\":\"Startercultures.eu\",\"url\":\"https:\/\/startercultures.eu\/de\/\",\"logo\":{\"@type\":\"ImageObject\",\"inLanguage\":\"de-DE\",\"@id\":\"https:\/\/startercultures.eu\/de\/#\/schema\/logo\/image\/\",\"url\":\"https:\/\/startercultures.eu\/wp-content\/uploads\/2020\/08\/startercultures-eu-nl-logo-rond-rgb.png\",\"contentUrl\":\"https:\/\/startercultures.eu\/wp-content\/uploads\/2020\/08\/startercultures-eu-nl-logo-rond-rgb.png\",\"width\":320,\"height\":320,\"caption\":\"Startercultures.eu\"},\"image\":{\"@id\":\"https:\/\/startercultures.eu\/de\/#\/schema\/logo\/image\/\"},\"sameAs\":[\"https:\/\/www.facebook.com\/startercultureseu\",\"https:\/\/www.instagram.com\/startercultures.eu\/\"]}]}<\/script>\n<meta property=\"product:price:amount\" content=\"32.38\" \/>\n<meta property=\"product:price:currency\" content=\"EUR\" \/>\n<meta property=\"og:availability\" content=\"instock\" \/>\n<meta property=\"product:availability\" content=\"instock\" \/>\n<meta property=\"product:retailer_item_id\" content=\"319\" \/>\n<meta property=\"product:condition\" content=\"new\" \/>\n<!-- \/ Yoast SEO plugin. -->","yoast_head_json":{"title":"Joghurt-Starterkit | Startercultures.eu","description":"Machen Sie Ihren eigenen Joghurt mit diesem Joghurt-Starterkit. Alles, was Sie brauchen, ist enthalten. Ein perfektes und \u00fcberraschendes Geschenk!","robots":{"index":"index","follow":"follow","max-snippet":"max-snippet:-1","max-image-preview":"max-image-preview:large","max-video-preview":"max-video-preview:-1"},"canonical":"https:\/\/startercultures.eu\/de\/product\/fermentation-de\/molkerei\/joghurt\/starterkits-de-2\/joghurt-starter-kit-zum-selbermachen\/","og_locale":"de_DE","og_type":"article","og_title":"Joghurt-Starterkit | Startercultures.eu","og_description":"Machen Sie Ihren eigenen Joghurt mit diesem Joghurt-Starterkit. Alles, was Sie brauchen, ist enthalten. Ein perfektes und \u00fcberraschendes Geschenk!","og_url":"https:\/\/startercultures.eu\/de\/product\/fermentation-de\/molkerei\/joghurt\/starterkits-de-2\/joghurt-starter-kit-zum-selbermachen\/","og_site_name":"Startercultures.eu","article_publisher":"https:\/\/www.facebook.com\/startercultureseu","article_modified_time":"2026-03-05T07:36:27+00:00","og_image":[{"width":450,"height":338,"url":"https:\/\/startercultures.eu\/wp-content\/uploads\/2021\/01\/Yoghurt-starterkit-startercultures-small.png","type":"image\/png"}],"twitter_card":"summary_large_image","twitter_misc":{"Price":"32,38","Availability":"Vorr\u00e4tig"},"schema":{"@context":"https:\/\/schema.org","@graph":[{"@type":"WebPage","@id":"https:\/\/startercultures.eu\/de\/product\/fermentation-de\/molkerei\/joghurt\/starterkits-de-2\/joghurt-starter-kit-zum-selbermachen\/","url":"https:\/\/startercultures.eu\/de\/product\/fermentation-de\/molkerei\/joghurt\/starterkits-de-2\/joghurt-starter-kit-zum-selbermachen\/","name":"Joghurt-Starterkit | Startercultures.eu","isPartOf":{"@id":"https:\/\/startercultures.eu\/de\/#website"},"primaryImageOfPage":{"@id":"https:\/\/startercultures.eu\/de\/product\/fermentation-de\/molkerei\/joghurt\/starterkits-de-2\/joghurt-starter-kit-zum-selbermachen\/#primaryimage"},"image":{"@id":"https:\/\/startercultures.eu\/de\/product\/fermentation-de\/molkerei\/joghurt\/starterkits-de-2\/joghurt-starter-kit-zum-selbermachen\/#primaryimage"},"thumbnailUrl":"https:\/\/startercultures.eu\/wp-content\/uploads\/2021\/01\/Yoghurt-starterkit-startercultures-small.png","datePublished":"2021-01-17T11:42:20+00:00","dateModified":"2026-03-05T07:36:27+00:00","description":"Machen Sie Ihren eigenen Joghurt mit diesem Joghurt-Starterkit. Alles, was Sie brauchen, ist enthalten. Ein perfektes und \u00fcberraschendes Geschenk!","breadcrumb":{"@id":"https:\/\/startercultures.eu\/de\/product\/fermentation-de\/molkerei\/joghurt\/starterkits-de-2\/joghurt-starter-kit-zum-selbermachen\/#breadcrumb"},"inLanguage":"de-DE","potentialAction":[{"@type":"ReadAction","target":["https:\/\/startercultures.eu\/de\/product\/fermentation-de\/molkerei\/joghurt\/starterkits-de-2\/joghurt-starter-kit-zum-selbermachen\/"]}]},{"@type":"ImageObject","inLanguage":"de-DE","@id":"https:\/\/startercultures.eu\/de\/product\/fermentation-de\/molkerei\/joghurt\/starterkits-de-2\/joghurt-starter-kit-zum-selbermachen\/#primaryimage","url":"https:\/\/startercultures.eu\/wp-content\/uploads\/2021\/01\/Yoghurt-starterkit-startercultures-small.png","contentUrl":"https:\/\/startercultures.eu\/wp-content\/uploads\/2021\/01\/Yoghurt-starterkit-startercultures-small.png","width":450,"height":338,"caption":"Joghurt Starterset Starterkulturen klein"},{"@type":"BreadcrumbList","@id":"https:\/\/startercultures.eu\/de\/product\/fermentation-de\/molkerei\/joghurt\/starterkits-de-2\/joghurt-starter-kit-zum-selbermachen\/#breadcrumb","itemListElement":[{"@type":"ListItem","position":1,"name":"Home","item":"https:\/\/startercultures.eu\/de\/"},{"@type":"ListItem","position":2,"name":"Shop","item":"https:\/\/startercultures.eu\/shop\/"},{"@type":"ListItem","position":3,"name":"Alles in einem &#8220;Joghurt selber machen&#8221;-Starterkit"}]},{"@type":"WebSite","@id":"https:\/\/startercultures.eu\/de\/#website","url":"https:\/\/startercultures.eu\/de\/","name":"Startercultures.eu","description":"Startercultures.eu","publisher":{"@id":"https:\/\/startercultures.eu\/de\/#organization"},"potentialAction":[{"@type":"SearchAction","target":{"@type":"EntryPoint","urlTemplate":"https:\/\/startercultures.eu\/de\/?s={search_term_string}"},"query-input":{"@type":"PropertyValueSpecification","valueRequired":true,"valueName":"search_term_string"}}],"inLanguage":"de-DE"},{"@type":"Organization","@id":"https:\/\/startercultures.eu\/de\/#organization","name":"Startercultures.eu","url":"https:\/\/startercultures.eu\/de\/","logo":{"@type":"ImageObject","inLanguage":"de-DE","@id":"https:\/\/startercultures.eu\/de\/#\/schema\/logo\/image\/","url":"https:\/\/startercultures.eu\/wp-content\/uploads\/2020\/08\/startercultures-eu-nl-logo-rond-rgb.png","contentUrl":"https:\/\/startercultures.eu\/wp-content\/uploads\/2020\/08\/startercultures-eu-nl-logo-rond-rgb.png","width":320,"height":320,"caption":"Startercultures.eu"},"image":{"@id":"https:\/\/startercultures.eu\/de\/#\/schema\/logo\/image\/"},"sameAs":["https:\/\/www.facebook.com\/startercultureseu","https:\/\/www.instagram.com\/startercultures.eu\/"]}]},"product_price_amount":"32.38","product_price_currency":"EUR","og_availability":"instock","product_availability":"instock","product_retailer_item_id":"319","product_condition":"new"},"_links":{"self":[{"href":"https:\/\/startercultures.eu\/de\/wp-json\/wp\/v2\/product\/24966","targetHints":{"allow":["GET"]}}],"collection":[{"href":"https:\/\/startercultures.eu\/de\/wp-json\/wp\/v2\/product"}],"about":[{"href":"https:\/\/startercultures.eu\/de\/wp-json\/wp\/v2\/types\/product"}],"replies":[{"embeddable":true,"href":"https:\/\/startercultures.eu\/de\/wp-json\/wp\/v2\/comments?post=24966"}],"version-history":[{"count":2,"href":"https:\/\/startercultures.eu\/de\/wp-json\/wp\/v2\/product\/24966\/revisions"}],"predecessor-version":[{"id":66096,"href":"https:\/\/startercultures.eu\/de\/wp-json\/wp\/v2\/product\/24966\/revisions\/66096"}],"wp:featuredmedia":[{"embeddable":true,"href":"https:\/\/startercultures.eu\/de\/wp-json\/wp\/v2\/media\/24068"}],"wp:attachment":[{"href":"https:\/\/startercultures.eu\/de\/wp-json\/wp\/v2\/media?parent=24966"}],"wp:term":[{"taxonomy":"product_brand","embeddable":true,"href":"https:\/\/startercultures.eu\/de\/wp-json\/wp\/v2\/product_brand?post=24966"},{"taxonomy":"product_cat","embeddable":true,"href":"https:\/\/startercultures.eu\/de\/wp-json\/wp\/v2\/product_cat?post=24966"},{"taxonomy":"product_tag","embeddable":true,"href":"https:\/\/startercultures.eu\/de\/wp-json\/wp\/v2\/product_tag?post=24966"}],"curies":[{"name":"wp","href":"https:\/\/api.w.org\/{rel}","templated":true}]}}