{"id":24968,"date":"2021-03-17T13:43:15","date_gmt":"2021-03-17T13:43:15","guid":{"rendered":"https:\/\/startercultures.eu\/product\/unkategorisiert\/gelber-kaeseueberzug-fuer-die-kaeseherstellung-zu-hause\/"},"modified":"2026-04-20T01:15:28","modified_gmt":"2026-04-19T23:15:28","slug":"gelber-kase-uberzug-fur-kase-zu-hause","status":"publish","type":"product","link":"https:\/\/startercultures.eu\/de\/product\/fermentation-de\/molkerei\/kase\/werkzeuge-de\/gelber-kase-uberzug-fur-kase-zu-hause\/","title":{"rendered":"Gelbe K\u00e4seummantelung | f\u00fcr die K\u00e4seherstellung zu Hause"},"content":{"rendered":"<p>Der gelbe K\u00e4se\u00fcberzug basiert auf einer Copolymerdispersion in Wasser. Geeignet f\u00fcr Rinden von allen Hart- und Schnittk\u00e4sesorten.<\/p>\n<h3>Vorteile der Verwendung einer K\u00e4seummantelung<\/h3>\n<ul>\n<li>ein K\u00e4se\u00fcberzug hilft, Schimmel und Hefe zu verhindern<\/li>\n<li>Er verhindert den Gewichtsverlust w\u00e4hrend der Lagerung<\/li>\n<li>Er bietet Schutz vor mechanischen Besch\u00e4digungen<\/li>\n<li>Es verbessert das Aussehen des K\u00e4ses<\/li>\n<\/ul>\n<h3>Inhalt<\/h3>\n<ul>\n<li>2 Optionen: 100 Gramm oder 1 kg<\/li>\n<li>Farbe: gelb<\/li>\n<li>Typ: Copolymer-Dispersion<\/li>\n<li>Viskosit\u00e4t: 7.000 &#8211; 8.000 mPa.s. (Brookfield 23 \u00b0 C)<\/li>\n<li>pH-Wert: 3,5 &#8211; 4,0<\/li>\n<li>minimale Verformungstemperatur: 6-7 \u00b0 C<\/li>\n<\/ul>\n<h3>Verwendung der K\u00e4seschicht<\/h3>\n<ol>\n<li>Sofort einsatzbereit<\/li>\n<li>Auf Wunsch kann Wasser hinzugef\u00fcgt werden<\/li>\n<li>Einfach den K\u00e4se mit einem Pinsel oder Schwamm bestreichen<\/li>\n<li>Trocknen lassen und weitere Schichten auftragen, bis die gew\u00fcnschte Dicke und Farbe erreicht ist.<\/li>\n<li>Reinigung: Solange es in fl\u00fcssiger Form vorliegt, k\u00f6nnen Maschinen, Werkzeuge, Regale usw. leicht mit hei\u00dfem Wasser gereinigt werden.<\/li>\n<\/ol>\n<h3><strong>Lagerung<\/strong><\/h3>\n<ul>\n<li>in geschlossenen Beh\u00e4ltern bei einer Temperatur von 5 bis 25 \u00b0 C (vorzugsweise 10-15 \u00b0 C) lagern<\/li>\n<li>Die Aufbewahrungsfrist betr\u00e4gt mindestens 6 Monate ab der Herstellung (Datum auf der Verpackung), in Wirklichkeit aber viel, viel l\u00e4nger.<\/li>\n<\/ul>\n<h3>Online-Workshop &#8220;Veganen K\u00e4se zu Hause herstellen&#8221; (mit Untertiteln)<\/h3>\n<p>In <a href=\"https:\/\/startercultures.eu\/product\/vegan-main\/vegan-dairy\/online-english-subtitled-vegan-cheese-workshop\/\" target=\"_blank\" rel=\"noopener\">diesem Workshop mit englischen Untertiteln<\/a> lernen Sie die Theorie und Praxis der Herstellung von veganem K\u00e4se<img decoding=\"async\" class=\"lazyload  wp-image-24266 alignright\" src=\"https:\/\/startercultures.eu\/wp-content\/uploads\/2021\/06\/Vegan-cheese-starter-kit-300x222.png\" data-orig-src=\"https:\/\/startercultures.eu\/wp-content\/uploads\/2021\/06\/Vegan-cheese-starter-kit-300x222.png\" alt=\"Veganes Blauschimmelk\u00e4se Starterkultur Kit\" width=\"219\" height=\"162\" srcset=\"data:image\/svg+xml,%3Csvg%20xmlns%3D%27http%3A%2F%2Fwww.w3.org%2F2000%2Fsvg%27%20width%3D%27219%27%20height%3D%27162%27%20viewBox%3D%270%200%20219%20162%27%3E%3Crect%20width%3D%27219%27%20height%3D%27162%27%20fill-opacity%3D%220%22%2F%3E%3C%2Fsvg%3E\" data-srcset=\"https:\/\/startercultures.eu\/wp-content\/uploads\/2021\/06\/Vegan-cheese-starter-kit-200x148.png 200w, https:\/\/startercultures.eu\/wp-content\/uploads\/2021\/06\/Vegan-cheese-starter-kit-300x222.png 300w, https:\/\/startercultures.eu\/wp-content\/uploads\/2021\/06\/Vegan-cheese-starter-kit-400x296.png 400w, https:\/\/startercultures.eu\/wp-content\/uploads\/2021\/06\/Vegan-cheese-starter-kit-500x370.png 500w, https:\/\/startercultures.eu\/wp-content\/uploads\/2021\/06\/Vegan-cheese-starter-kit-600x445.png 600w, https:\/\/startercultures.eu\/wp-content\/uploads\/2021\/06\/Vegan-cheese-starter-kit-700x519.png 700w, https:\/\/startercultures.eu\/wp-content\/uploads\/2021\/06\/Vegan-cheese-starter-kit-768x569.png 768w, https:\/\/startercultures.eu\/wp-content\/uploads\/2021\/06\/Vegan-cheese-starter-kit-800x593.png 800w, https:\/\/startercultures.eu\/wp-content\/uploads\/2021\/06\/Vegan-cheese-starter-kit-1024x759.png 1024w, https:\/\/startercultures.eu\/wp-content\/uploads\/2021\/06\/Vegan-cheese-starter-kit.png 1200w\" data-sizes=\"auto\" data-orig-sizes=\"(max-width: 219px) 100vw, 219px\" \/>s zu Hause, wobei der Schwerpunkt auf veganem Camembert und veganem Blauschimmelk\u00e4se liegt. Foodwriter<a href=\"https:\/\/wateetons.com\/\" target=\"_blank\" rel=\"noopener\">&#8216;Meneer Wateetons&#8217;<\/a>, Autor mehrerer B\u00fccher \u00fcber Fermentierung und alternative Lebensmittelzubereitungstechniken, wird Ihnen alles \u00fcber Fermentierung, P\u00f6kelsalze, Lebensmittelsicherheit, pH-Wert, Starterkulturen, Schimmelpilze und Trocknungsbedingungen beibringen. Klicken Sie <a href=\"https:\/\/startercultures.eu\/product\/vegan-main\/vegan-dairy\/online-english-subtitled-vegan-cheese-workshop\/\" target=\"_blank\" rel=\"noopener\">hier<\/a> f\u00fcr weitere Informationen.<\/p>\n","protected":false},"excerpt":{"rendered":"<p>Gelber K\u00e4se\u00fcberzug f\u00fcr die K\u00e4seherstellung zu Hause. Auf der Grundlage einer Copolymerdispersion in Wasser. Geeignet f\u00fcr Rinden von allen Hart- und Schnittk\u00e4sesorten. Erh\u00e4ltlich in 2 Gr\u00f6\u00dfen: 100 Gramm oder 1 kg.<\/p>\n","protected":false},"featured_media":24153,"comment_status":"open","ping_status":"closed","template":"","meta":{"_acf_changed":false,"footnotes":""},"product_brand":[],"product_cat":[694,656],"product_tag":[],"class_list":{"0":"post-24968","1":"product","2":"type-product","3":"status-publish","4":"has-post-thumbnail","6":"product_cat-beschichtung","7":"product_cat-werkzeuge-de","8":"pa_ean-8720297621239-de","9":"pa_ean-8720297621611-de","10":"pa_size-1-kg-de","11":"pa_size-100-gr-de","13":"first","14":"instock","15":"taxable","16":"shipping-taxable","17":"purchasable","18":"product-type-variable","19":"has-default-attributes"},"acf":[],"yoast_head":"<!-- This site is optimized with the Yoast SEO plugin v26.6 - https:\/\/yoast.com\/wordpress\/plugins\/seo\/ -->\n<title>K\u00e4seummantelung | Startercultures.eu<\/title>\n<meta name=\"description\" content=\"Gelbe K\u00e4seummantelung. 100 ml. Auf Wasserbasis. Geeignet f\u00fcr Rinden von allen Hart- und Schnittk\u00e4sesorten. Schauen Sie sich alle unsere K\u00e4seprodukte an.\" \/>\n<meta name=\"robots\" content=\"index, follow, max-snippet:-1, max-image-preview:large, max-video-preview:-1\" \/>\n<link rel=\"canonical\" href=\"https:\/\/startercultures.eu\/de\/product\/fermentation-de\/molkerei\/kase\/werkzeuge-de\/gelber-kase-uberzug-fur-kase-zu-hause\/\" \/>\n<meta property=\"og:locale\" content=\"de_DE\" \/>\n<meta property=\"og:type\" content=\"article\" \/>\n<meta property=\"og:title\" content=\"K\u00e4seummantelung | Startercultures.eu\" \/>\n<meta property=\"og:description\" content=\"Gelbe K\u00e4seummantelung. 100 ml. Auf Wasserbasis. Geeignet f\u00fcr Rinden von allen Hart- und Schnittk\u00e4sesorten. Schauen Sie sich alle unsere K\u00e4seprodukte an.\" \/>\n<meta property=\"og:url\" content=\"https:\/\/startercultures.eu\/de\/product\/fermentation-de\/molkerei\/kase\/werkzeuge-de\/gelber-kase-uberzug-fur-kase-zu-hause\/\" \/>\n<meta property=\"og:site_name\" content=\"Startercultures.eu\" \/>\n<meta property=\"article:publisher\" content=\"https:\/\/www.facebook.com\/startercultureseu\" \/>\n<meta property=\"article:modified_time\" content=\"2026-04-19T23:15:28+00:00\" \/>\n<meta property=\"og:image\" content=\"https:\/\/startercultures.eu\/wp-content\/uploads\/2021\/03\/Cheese-coating-yellow-startercultures.eu_.png\" \/>\n\t<meta property=\"og:image:width\" content=\"450\" \/>\n\t<meta property=\"og:image:height\" content=\"375\" \/>\n\t<meta property=\"og:image:type\" content=\"image\/png\" \/>\n<meta name=\"twitter:card\" content=\"summary_large_image\" \/>\n<meta name=\"twitter:label1\" content=\"Availability\" \/>\n\t<meta name=\"twitter:data1\" content=\"Vorr\u00e4tig\" \/>\n<script type=\"application\/ld+json\" class=\"yoast-schema-graph\">{\"@context\":\"https:\/\/schema.org\",\"@graph\":[{\"@type\":\"WebPage\",\"@id\":\"https:\/\/startercultures.eu\/de\/product\/fermentation-de\/molkerei\/kase\/werkzeuge-de\/gelber-kase-uberzug-fur-kase-zu-hause\/\",\"url\":\"https:\/\/startercultures.eu\/de\/product\/fermentation-de\/molkerei\/kase\/werkzeuge-de\/gelber-kase-uberzug-fur-kase-zu-hause\/\",\"name\":\"K\u00e4seummantelung | Startercultures.eu\",\"isPartOf\":{\"@id\":\"https:\/\/startercultures.eu\/de\/#website\"},\"primaryImageOfPage\":{\"@id\":\"https:\/\/startercultures.eu\/de\/product\/fermentation-de\/molkerei\/kase\/werkzeuge-de\/gelber-kase-uberzug-fur-kase-zu-hause\/#primaryimage\"},\"image\":{\"@id\":\"https:\/\/startercultures.eu\/de\/product\/fermentation-de\/molkerei\/kase\/werkzeuge-de\/gelber-kase-uberzug-fur-kase-zu-hause\/#primaryimage\"},\"thumbnailUrl\":\"https:\/\/startercultures.eu\/wp-content\/uploads\/2021\/03\/Cheese-coating-yellow-startercultures.eu_.png\",\"datePublished\":\"2021-03-17T13:43:15+00:00\",\"dateModified\":\"2026-04-19T23:15:28+00:00\",\"description\":\"Gelbe K\u00e4seummantelung. 100 ml. Auf Wasserbasis. Geeignet f\u00fcr Rinden von allen Hart- und Schnittk\u00e4sesorten. Schauen Sie sich alle unsere K\u00e4seprodukte an.\",\"breadcrumb\":{\"@id\":\"https:\/\/startercultures.eu\/de\/product\/fermentation-de\/molkerei\/kase\/werkzeuge-de\/gelber-kase-uberzug-fur-kase-zu-hause\/#breadcrumb\"},\"inLanguage\":\"de-DE\",\"potentialAction\":[{\"@type\":\"ReadAction\",\"target\":[\"https:\/\/startercultures.eu\/de\/product\/fermentation-de\/molkerei\/kase\/werkzeuge-de\/gelber-kase-uberzug-fur-kase-zu-hause\/\"]}]},{\"@type\":\"ImageObject\",\"inLanguage\":\"de-DE\",\"@id\":\"https:\/\/startercultures.eu\/de\/product\/fermentation-de\/molkerei\/kase\/werkzeuge-de\/gelber-kase-uberzug-fur-kase-zu-hause\/#primaryimage\",\"url\":\"https:\/\/startercultures.eu\/wp-content\/uploads\/2021\/03\/Cheese-coating-yellow-startercultures.eu_.png\",\"contentUrl\":\"https:\/\/startercultures.eu\/wp-content\/uploads\/2021\/03\/Cheese-coating-yellow-startercultures.eu_.png\",\"width\":450,\"height\":375,\"caption\":\"K\u00e4semantel gelb startercultures.eu\"},{\"@type\":\"BreadcrumbList\",\"@id\":\"https:\/\/startercultures.eu\/de\/product\/fermentation-de\/molkerei\/kase\/werkzeuge-de\/gelber-kase-uberzug-fur-kase-zu-hause\/#breadcrumb\",\"itemListElement\":[{\"@type\":\"ListItem\",\"position\":1,\"name\":\"Home\",\"item\":\"https:\/\/startercultures.eu\/de\/\"},{\"@type\":\"ListItem\",\"position\":2,\"name\":\"Shop\",\"item\":\"https:\/\/startercultures.eu\/shop\/\"},{\"@type\":\"ListItem\",\"position\":3,\"name\":\"Gelbe K\u00e4seummantelung | f\u00fcr die K\u00e4seherstellung zu Hause\"}]},{\"@type\":\"WebSite\",\"@id\":\"https:\/\/startercultures.eu\/de\/#website\",\"url\":\"https:\/\/startercultures.eu\/de\/\",\"name\":\"Startercultures.eu\",\"description\":\"Startercultures.eu\",\"publisher\":{\"@id\":\"https:\/\/startercultures.eu\/de\/#organization\"},\"potentialAction\":[{\"@type\":\"SearchAction\",\"target\":{\"@type\":\"EntryPoint\",\"urlTemplate\":\"https:\/\/startercultures.eu\/de\/?s={search_term_string}\"},\"query-input\":{\"@type\":\"PropertyValueSpecification\",\"valueRequired\":true,\"valueName\":\"search_term_string\"}}],\"inLanguage\":\"de-DE\"},{\"@type\":\"Organization\",\"@id\":\"https:\/\/startercultures.eu\/de\/#organization\",\"name\":\"Startercultures.eu\",\"url\":\"https:\/\/startercultures.eu\/de\/\",\"logo\":{\"@type\":\"ImageObject\",\"inLanguage\":\"de-DE\",\"@id\":\"https:\/\/startercultures.eu\/de\/#\/schema\/logo\/image\/\",\"url\":\"https:\/\/startercultures.eu\/wp-content\/uploads\/2020\/08\/startercultures-eu-nl-logo-rond-rgb.png\",\"contentUrl\":\"https:\/\/startercultures.eu\/wp-content\/uploads\/2020\/08\/startercultures-eu-nl-logo-rond-rgb.png\",\"width\":320,\"height\":320,\"caption\":\"Startercultures.eu\"},\"image\":{\"@id\":\"https:\/\/startercultures.eu\/de\/#\/schema\/logo\/image\/\"},\"sameAs\":[\"https:\/\/www.facebook.com\/startercultureseu\",\"https:\/\/www.instagram.com\/startercultures.eu\/\"]}]}<\/script>\n<meta property=\"og:availability\" content=\"instock\" \/>\n<meta property=\"product:availability\" content=\"instock\" \/>\n<meta property=\"product:retailer_item_id\" content=\"283\" \/>\n<meta property=\"product:condition\" content=\"new\" \/>\n<!-- \/ Yoast SEO plugin. -->","yoast_head_json":{"title":"K\u00e4seummantelung | Startercultures.eu","description":"Gelbe K\u00e4seummantelung. 100 ml. Auf Wasserbasis. Geeignet f\u00fcr Rinden von allen Hart- und Schnittk\u00e4sesorten. Schauen Sie sich alle unsere K\u00e4seprodukte an.","robots":{"index":"index","follow":"follow","max-snippet":"max-snippet:-1","max-image-preview":"max-image-preview:large","max-video-preview":"max-video-preview:-1"},"canonical":"https:\/\/startercultures.eu\/de\/product\/fermentation-de\/molkerei\/kase\/werkzeuge-de\/gelber-kase-uberzug-fur-kase-zu-hause\/","og_locale":"de_DE","og_type":"article","og_title":"K\u00e4seummantelung | Startercultures.eu","og_description":"Gelbe K\u00e4seummantelung. 100 ml. Auf Wasserbasis. Geeignet f\u00fcr Rinden von allen Hart- und Schnittk\u00e4sesorten. Schauen Sie sich alle unsere K\u00e4seprodukte an.","og_url":"https:\/\/startercultures.eu\/de\/product\/fermentation-de\/molkerei\/kase\/werkzeuge-de\/gelber-kase-uberzug-fur-kase-zu-hause\/","og_site_name":"Startercultures.eu","article_publisher":"https:\/\/www.facebook.com\/startercultureseu","article_modified_time":"2026-04-19T23:15:28+00:00","og_image":[{"width":450,"height":375,"url":"https:\/\/startercultures.eu\/wp-content\/uploads\/2021\/03\/Cheese-coating-yellow-startercultures.eu_.png","type":"image\/png"}],"twitter_card":"summary_large_image","twitter_misc":{"Availability":"Vorr\u00e4tig"},"schema":{"@context":"https:\/\/schema.org","@graph":[{"@type":"WebPage","@id":"https:\/\/startercultures.eu\/de\/product\/fermentation-de\/molkerei\/kase\/werkzeuge-de\/gelber-kase-uberzug-fur-kase-zu-hause\/","url":"https:\/\/startercultures.eu\/de\/product\/fermentation-de\/molkerei\/kase\/werkzeuge-de\/gelber-kase-uberzug-fur-kase-zu-hause\/","name":"K\u00e4seummantelung | Startercultures.eu","isPartOf":{"@id":"https:\/\/startercultures.eu\/de\/#website"},"primaryImageOfPage":{"@id":"https:\/\/startercultures.eu\/de\/product\/fermentation-de\/molkerei\/kase\/werkzeuge-de\/gelber-kase-uberzug-fur-kase-zu-hause\/#primaryimage"},"image":{"@id":"https:\/\/startercultures.eu\/de\/product\/fermentation-de\/molkerei\/kase\/werkzeuge-de\/gelber-kase-uberzug-fur-kase-zu-hause\/#primaryimage"},"thumbnailUrl":"https:\/\/startercultures.eu\/wp-content\/uploads\/2021\/03\/Cheese-coating-yellow-startercultures.eu_.png","datePublished":"2021-03-17T13:43:15+00:00","dateModified":"2026-04-19T23:15:28+00:00","description":"Gelbe K\u00e4seummantelung. 100 ml. Auf Wasserbasis. Geeignet f\u00fcr Rinden von allen Hart- und Schnittk\u00e4sesorten. Schauen Sie sich alle unsere K\u00e4seprodukte an.","breadcrumb":{"@id":"https:\/\/startercultures.eu\/de\/product\/fermentation-de\/molkerei\/kase\/werkzeuge-de\/gelber-kase-uberzug-fur-kase-zu-hause\/#breadcrumb"},"inLanguage":"de-DE","potentialAction":[{"@type":"ReadAction","target":["https:\/\/startercultures.eu\/de\/product\/fermentation-de\/molkerei\/kase\/werkzeuge-de\/gelber-kase-uberzug-fur-kase-zu-hause\/"]}]},{"@type":"ImageObject","inLanguage":"de-DE","@id":"https:\/\/startercultures.eu\/de\/product\/fermentation-de\/molkerei\/kase\/werkzeuge-de\/gelber-kase-uberzug-fur-kase-zu-hause\/#primaryimage","url":"https:\/\/startercultures.eu\/wp-content\/uploads\/2021\/03\/Cheese-coating-yellow-startercultures.eu_.png","contentUrl":"https:\/\/startercultures.eu\/wp-content\/uploads\/2021\/03\/Cheese-coating-yellow-startercultures.eu_.png","width":450,"height":375,"caption":"K\u00e4semantel gelb startercultures.eu"},{"@type":"BreadcrumbList","@id":"https:\/\/startercultures.eu\/de\/product\/fermentation-de\/molkerei\/kase\/werkzeuge-de\/gelber-kase-uberzug-fur-kase-zu-hause\/#breadcrumb","itemListElement":[{"@type":"ListItem","position":1,"name":"Home","item":"https:\/\/startercultures.eu\/de\/"},{"@type":"ListItem","position":2,"name":"Shop","item":"https:\/\/startercultures.eu\/shop\/"},{"@type":"ListItem","position":3,"name":"Gelbe K\u00e4seummantelung | f\u00fcr die K\u00e4seherstellung zu Hause"}]},{"@type":"WebSite","@id":"https:\/\/startercultures.eu\/de\/#website","url":"https:\/\/startercultures.eu\/de\/","name":"Startercultures.eu","description":"Startercultures.eu","publisher":{"@id":"https:\/\/startercultures.eu\/de\/#organization"},"potentialAction":[{"@type":"SearchAction","target":{"@type":"EntryPoint","urlTemplate":"https:\/\/startercultures.eu\/de\/?s={search_term_string}"},"query-input":{"@type":"PropertyValueSpecification","valueRequired":true,"valueName":"search_term_string"}}],"inLanguage":"de-DE"},{"@type":"Organization","@id":"https:\/\/startercultures.eu\/de\/#organization","name":"Startercultures.eu","url":"https:\/\/startercultures.eu\/de\/","logo":{"@type":"ImageObject","inLanguage":"de-DE","@id":"https:\/\/startercultures.eu\/de\/#\/schema\/logo\/image\/","url":"https:\/\/startercultures.eu\/wp-content\/uploads\/2020\/08\/startercultures-eu-nl-logo-rond-rgb.png","contentUrl":"https:\/\/startercultures.eu\/wp-content\/uploads\/2020\/08\/startercultures-eu-nl-logo-rond-rgb.png","width":320,"height":320,"caption":"Startercultures.eu"},"image":{"@id":"https:\/\/startercultures.eu\/de\/#\/schema\/logo\/image\/"},"sameAs":["https:\/\/www.facebook.com\/startercultureseu","https:\/\/www.instagram.com\/startercultures.eu\/"]}]},"og_availability":"instock","product_availability":"instock","product_retailer_item_id":"283","product_condition":"new"},"_links":{"self":[{"href":"https:\/\/startercultures.eu\/de\/wp-json\/wp\/v2\/product\/24968","targetHints":{"allow":["GET"]}}],"collection":[{"href":"https:\/\/startercultures.eu\/de\/wp-json\/wp\/v2\/product"}],"about":[{"href":"https:\/\/startercultures.eu\/de\/wp-json\/wp\/v2\/types\/product"}],"replies":[{"embeddable":true,"href":"https:\/\/startercultures.eu\/de\/wp-json\/wp\/v2\/comments?post=24968"}],"version-history":[{"count":4,"href":"https:\/\/startercultures.eu\/de\/wp-json\/wp\/v2\/product\/24968\/revisions"}],"predecessor-version":[{"id":63482,"href":"https:\/\/startercultures.eu\/de\/wp-json\/wp\/v2\/product\/24968\/revisions\/63482"}],"wp:featuredmedia":[{"embeddable":true,"href":"https:\/\/startercultures.eu\/de\/wp-json\/wp\/v2\/media\/24153"}],"wp:attachment":[{"href":"https:\/\/startercultures.eu\/de\/wp-json\/wp\/v2\/media?parent=24968"}],"wp:term":[{"taxonomy":"product_brand","embeddable":true,"href":"https:\/\/startercultures.eu\/de\/wp-json\/wp\/v2\/product_brand?post=24968"},{"taxonomy":"product_cat","embeddable":true,"href":"https:\/\/startercultures.eu\/de\/wp-json\/wp\/v2\/product_cat?post=24968"},{"taxonomy":"product_tag","embeddable":true,"href":"https:\/\/startercultures.eu\/de\/wp-json\/wp\/v2\/product_tag?post=24968"}],"curies":[{"name":"wp","href":"https:\/\/api.w.org\/{rel}","templated":true}]}}