{"id":24970,"date":"2021-03-14T13:12:18","date_gmt":"2021-03-14T13:12:18","guid":{"rendered":"https:\/\/startercultures.eu\/product\/unkategorisiert\/kefirko-kefirtopf-fuer-milchkefir-wasserkefir-essig-oder-kombucha\/"},"modified":"2026-04-09T00:03:40","modified_gmt":"2026-04-08T22:03:40","slug":"kefir-kefir-topf-fur-milch-kefir-und-gemuse-sprossen","status":"publish","type":"product","link":"https:\/\/startercultures.eu\/de\/product\/vegan-de\/vegane-limonaden\/kefir-kefir-topf-fur-milch-kefir-und-gemuse-sprossen\/","title":{"rendered":"Kefirko-Kefirtopf | f\u00fcr Milchkefir, Wasserkefir, Essig oder Kombucha"},"content":{"rendered":"<p>In diesem genialen und kompletten Kefirtopf k\u00f6nnen Sie ganz einfach Ihren eigenen Wasserkefir oder Milchkefir herstellen und Ihr eigenes Gem\u00fcse keimen lassen. Drei in einem, mit anderen Worten.<\/p>\n<h3>\u00dcber diesen genialen und vollst\u00e4ndigen Kefirkessel<\/h3>\n<p>Der Kefirkrug ist sehr genial. Durch Drehen des transparenten Deckels k\u00f6nnen Sie die Luftzufuhr erh\u00f6hen und verringern. Der darunter liegende Siebdeckel kann so gedreht werden, dass er sowohl fein als auch grob siebt und sich daher eignet, um sowohl feineren Wasserkefir als auch gr\u00f6\u00dfere Milchkefirk\u00f6rner zur\u00fcckzuhalten, den dickeren Milchkefir aber durchzulassen. Zum Lieferumfang geh\u00f6ren au\u00dferdem eine Zitruspresse, ein praktischer Sch\u00f6pfer\/R\u00fchrer und ein Schaber zum Mischen der Kefirk\u00f6rner w\u00e4hrend des Ausgie\u00dfens, so dass sie leicht vom Kefir getrennt werden k\u00f6nnen.<\/p>\n<h3>Kann auch zum Keimen von Gem\u00fcse, zur Herstellung von Kombucha, Essig oder Ingwerbier verwendet werden.<\/h3>\n<p>Es eignet sich auch hervorragend, um Gem\u00fcse selbst zu keimen. Lesen Sie die <a href=\"https:\/\/startercultures.eu\/wp-content\/uploads\/2021\/03\/kefirko-instructies-starterculturen.nl_.pdf\" target=\"_blank\" rel=\"noopener\">Anweisungen. <\/a>Durch die regelbare Luftzufuhr ist er auch f\u00fcr die Herstellung von Essig, Kombucha oder Ingwerbier bestens geeignet.<\/p>\n<h3>Inhalt dieses Kefirkessels<\/h3>\n<ul>\n<li>1 Kefirkanne (ca. 850 ml) mit Siebdeckel<\/li>\n<li>1 Anleitungsheft (auch <a href=\"https:\/\/startercultures.eu\/wp-content\/uploads\/2021\/03\/kefirko-instructies-starterculturen.nl_.pdf\" target=\"_blank\" rel=\"noopener\">herunterladbar<\/a>)<\/li>\n<li>1 R\u00fchrer<\/li>\n<li>1 Abstreifer<\/li>\n<li>1 Zitronenauspresser<\/li>\n<li>In eleganter Geschenkbox<\/li>\n<li>Farbe: gr\u00fcn<\/li>\n<\/ul>\n<h3>F\u00fcgen Sie es selbst hinzu<\/h3>\n<ul>\n<li><a href=\"https:\/\/startercultures.eu\/de\/product\/fermentation-de\/sodas\/starterkulturen-de-2\/wasser-kephir-korner-selbst-herstellen\/\" target=\"_blank\" rel=\"noopener\">Wasserkefirk\u00f6rner<\/a> oder<\/li>\n<li><a href=\"https:\/\/startercultures.eu\/de\/product\/fermentation-de\/molkerei\/joghurt\/kefir\/\" target=\"_blank\" rel=\"noopener\">Milchkefir<\/a> (K\u00f6rner)<\/li>\n<li><a href=\"https:\/\/startercultures.eu\/de\/product\/fermentation-de\/essig\/biologische-und-geprufte-apfelessig-mutter\/\" target=\"_blank\" rel=\"noopener\">Essigmutter<\/a><\/li>\n<li><a href=\"https:\/\/startercultures.eu\/de\/product\/fermentation-de\/sodas\/bio-garantiert-sicher-kombucha-scoby\/\" target=\"_blank\" rel=\"noopener\">Kombucha-Mutter<\/a><\/li>\n<li><a href=\"https:\/\/startercultures.eu\/de\/product\/fermentation-de\/sodas\/ingwerbeerpflanze-gdp\/\" target=\"_blank\" rel=\"noopener\">Ingwerlimonaden-Pflanze<\/a><\/li>\n<\/ul>\n<h3 data-fontsize=\"21\" data-lineheight=\"27.3px\">M\u00f6chten Sie einen<span data-sheets-value=\"{\" data-sheets-userformat=\"{\">Kefirkrug<\/span> kaufen?<\/h3>\n<p>Sie bestellen Ihren <span data-sheets-value=\"{\" data-sheets-userformat=\"{\">Kefirtopf<\/span> bei starterculturen.nl, dem Webshop f\u00fcr all Ihren Tempeh, Koji und Tofu. Von Mister Wateetons, dem Autor der Standardwerke <a href=\"https:\/\/www.starterculturen.nl\/a-52122580\/boeken\/over-rot-2015-het-handboek-fermenteren\/\" target=\"_blank\" rel=\"noopener noreferrer\">About Rot (2015<\/a> ) und<a href=\"https:\/\/startercultures.eu\/nl\/product\/boeken\/over-inpakken-2020-nl\/\" target=\"_blank\" rel=\"noopener\"> About Packing (2020<\/a>). An Werktagen vor 15:00 Uhr bestellt, am selben Tag versandt. Fragen zur Verwendung des <span data-sheets-value=\"{\" data-sheets-userformat=\"{\">Kefirkessels<\/span>? Fragen Sie sie \u00fcber die Chatfunktion. Wir kommen da immer wieder raus.<\/p>\n<h3><strong>M\u00f6chten Sie mehr \u00fcber G\u00e4rung erfahren?<\/strong><\/h3>\n<p>Schauen Sie sich auch dieses <a href=\"https:\/\/startercultures.eu\/nl\/?post_type=product&amp;p=13052&amp;preview=true\" target=\"_blank\" rel=\"noopener\">Wasserkefir-Starterpaket<\/a> an, in dem wir unsere Wasserkefirk\u00f6rner mit unserem sch\u00f6nen Kefirtopf kombinieren, damit Sie alles haben, was Sie brauchen, um Ihren eigenen Wasserkefir in einem Rutsch herzustellen. Wir haben auch ein <a href=\"https:\/\/startercultures.eu\/nl\/?post_type=product&amp;p=13039&amp;preview=true\" target=\"_blank\" rel=\"noopener\">Starterkit<\/a>f\u00fcr Milchkefir<\/p>\n<p>Lesen Sie mehr \u00fcber <a href=\"https:\/\/www.starterculturen.nl\/a-52122580\/boeken\/over-rot-2015-het-handboek-fermenteren\/\">Rot<\/a>, oder besuchen Sie einen <a href=\"https:\/\/wateetons.com\/wateetons-workshops\/category\/fermenteren\/\">Workshop,<\/a> auch f\u00fcr Unternehmen und Institutionen!<\/p>\n","protected":false},"excerpt":{"rendered":"<p>Mit diesem cleveren und kompletten Kefirtopf k\u00f6nnen Sie ganz einfach Ihren eigenen Wasserkefir oder Milchkefir herstellen und Ihr eigenes Gem\u00fcse keimen lassen. Drei in einem, mit anderen Worten.<\/p>\n","protected":false},"featured_media":24145,"comment_status":"open","ping_status":"closed","template":"","meta":{"_acf_changed":false,"footnotes":""},"product_brand":[],"product_cat":[648,687,696,658,661,662],"product_tag":[],"class_list":{"0":"post-24970","1":"product","2":"type-product","3":"status-publish","4":"has-post-thumbnail","6":"product_cat-fermentieren","7":"product_cat-vegane-limonaden","8":"product_cat-veganer-essig","9":"product_cat-werkzeuge-de-2","10":"product_cat-werkzeuge-de-4","11":"product_cat-werkzeuge-de-5","12":"product_shipping_class-sperrig","13":"pa_ean-3830063020045-de","15":"first","16":"instock","17":"taxable","18":"shipping-taxable","19":"purchasable","20":"product-type-simple"},"acf":[],"yoast_head":"<!-- This site is optimized with the Yoast SEO plugin v26.6 - https:\/\/yoast.com\/wordpress\/plugins\/seo\/ -->\n<title>Kefirko Kefirkanne f\u00fcr Milchkefir und Wasserkefir | startercultures.nl<\/title>\n<meta name=\"description\" content=\"Kaufen Sie hier unseren genialen Kefirkrug und stellen Sie ganz einfach Ihren eigenen Wasser- oder Milchkefir her (und sprie\u00dfen Sie Ihr Gem\u00fcse). Drei in einem, mit anderen Worten. Kinderleicht!\" \/>\n<meta name=\"robots\" content=\"index, follow, max-snippet:-1, max-image-preview:large, max-video-preview:-1\" \/>\n<link rel=\"canonical\" href=\"https:\/\/startercultures.eu\/de\/product\/vegan-de\/vegane-limonaden\/kefir-kefir-topf-fur-milch-kefir-und-gemuse-sprossen\/\" \/>\n<meta property=\"og:locale\" content=\"de_DE\" \/>\n<meta property=\"og:type\" content=\"article\" \/>\n<meta property=\"og:title\" content=\"Kefirko Kefirkanne f\u00fcr Milchkefir und Wasserkefir | startercultures.nl\" \/>\n<meta property=\"og:description\" content=\"Kaufen Sie hier unseren genialen Kefirkrug und stellen Sie ganz einfach Ihren eigenen Wasser- oder Milchkefir her (und sprie\u00dfen Sie Ihr Gem\u00fcse). Drei in einem, mit anderen Worten. Kinderleicht!\" \/>\n<meta property=\"og:url\" content=\"https:\/\/startercultures.eu\/de\/product\/vegan-de\/vegane-limonaden\/kefir-kefir-topf-fur-milch-kefir-und-gemuse-sprossen\/\" \/>\n<meta property=\"og:site_name\" content=\"Startercultures.eu\" \/>\n<meta property=\"article:publisher\" content=\"https:\/\/www.facebook.com\/startercultureseu\" \/>\n<meta property=\"article:modified_time\" content=\"2026-04-08T22:03:40+00:00\" \/>\n<meta property=\"og:image\" content=\"https:\/\/startercultures.eu\/wp-content\/uploads\/2021\/03\/Keir-pot-klein-1.png\" \/>\n\t<meta property=\"og:image:width\" content=\"500\" \/>\n\t<meta property=\"og:image:height\" content=\"500\" \/>\n\t<meta property=\"og:image:type\" content=\"image\/png\" \/>\n<meta name=\"twitter:card\" content=\"summary_large_image\" \/>\n<meta name=\"twitter:label1\" content=\"Price\" \/>\n\t<meta name=\"twitter:data1\" content=\"32,50\" \/>\n\t<meta name=\"twitter:label2\" content=\"Availability\" \/>\n\t<meta name=\"twitter:data2\" content=\"Vorr\u00e4tig\" \/>\n<script type=\"application\/ld+json\" class=\"yoast-schema-graph\">{\"@context\":\"https:\/\/schema.org\",\"@graph\":[{\"@type\":\"WebPage\",\"@id\":\"https:\/\/startercultures.eu\/de\/product\/vegan-de\/vegane-limonaden\/kefir-kefir-topf-fur-milch-kefir-und-gemuse-sprossen\/\",\"url\":\"https:\/\/startercultures.eu\/de\/product\/vegan-de\/vegane-limonaden\/kefir-kefir-topf-fur-milch-kefir-und-gemuse-sprossen\/\",\"name\":\"Kefirko Kefirkanne f\u00fcr Milchkefir und Wasserkefir | startercultures.nl\",\"isPartOf\":{\"@id\":\"https:\/\/startercultures.eu\/de\/#website\"},\"primaryImageOfPage\":{\"@id\":\"https:\/\/startercultures.eu\/de\/product\/vegan-de\/vegane-limonaden\/kefir-kefir-topf-fur-milch-kefir-und-gemuse-sprossen\/#primaryimage\"},\"image\":{\"@id\":\"https:\/\/startercultures.eu\/de\/product\/vegan-de\/vegane-limonaden\/kefir-kefir-topf-fur-milch-kefir-und-gemuse-sprossen\/#primaryimage\"},\"thumbnailUrl\":\"https:\/\/startercultures.eu\/wp-content\/uploads\/2021\/03\/Keir-pot-klein-1.png\",\"datePublished\":\"2021-03-14T13:12:18+00:00\",\"dateModified\":\"2026-04-08T22:03:40+00:00\",\"description\":\"Kaufen Sie hier unseren genialen Kefirkrug und stellen Sie ganz einfach Ihren eigenen Wasser- oder Milchkefir her (und sprie\u00dfen Sie Ihr Gem\u00fcse). Drei in einem, mit anderen Worten. Kinderleicht!\",\"breadcrumb\":{\"@id\":\"https:\/\/startercultures.eu\/de\/product\/vegan-de\/vegane-limonaden\/kefir-kefir-topf-fur-milch-kefir-und-gemuse-sprossen\/#breadcrumb\"},\"inLanguage\":\"de-DE\",\"potentialAction\":[{\"@type\":\"ReadAction\",\"target\":[\"https:\/\/startercultures.eu\/de\/product\/vegan-de\/vegane-limonaden\/kefir-kefir-topf-fur-milch-kefir-und-gemuse-sprossen\/\"]}]},{\"@type\":\"ImageObject\",\"inLanguage\":\"de-DE\",\"@id\":\"https:\/\/startercultures.eu\/de\/product\/vegan-de\/vegane-limonaden\/kefir-kefir-topf-fur-milch-kefir-und-gemuse-sprossen\/#primaryimage\",\"url\":\"https:\/\/startercultures.eu\/wp-content\/uploads\/2021\/03\/Keir-pot-klein-1.png\",\"contentUrl\":\"https:\/\/startercultures.eu\/wp-content\/uploads\/2021\/03\/Keir-pot-klein-1.png\",\"width\":500,\"height\":500,\"caption\":\"Kefirko-Kefirtopf\"},{\"@type\":\"BreadcrumbList\",\"@id\":\"https:\/\/startercultures.eu\/de\/product\/vegan-de\/vegane-limonaden\/kefir-kefir-topf-fur-milch-kefir-und-gemuse-sprossen\/#breadcrumb\",\"itemListElement\":[{\"@type\":\"ListItem\",\"position\":1,\"name\":\"Home\",\"item\":\"https:\/\/startercultures.eu\/de\/\"},{\"@type\":\"ListItem\",\"position\":2,\"name\":\"Shop\",\"item\":\"https:\/\/startercultures.eu\/shop\/\"},{\"@type\":\"ListItem\",\"position\":3,\"name\":\"Kefirko-Kefirtopf | f\u00fcr Milchkefir, Wasserkefir, Essig oder Kombucha\"}]},{\"@type\":\"WebSite\",\"@id\":\"https:\/\/startercultures.eu\/de\/#website\",\"url\":\"https:\/\/startercultures.eu\/de\/\",\"name\":\"Startercultures.eu\",\"description\":\"Startercultures.eu\",\"publisher\":{\"@id\":\"https:\/\/startercultures.eu\/de\/#organization\"},\"potentialAction\":[{\"@type\":\"SearchAction\",\"target\":{\"@type\":\"EntryPoint\",\"urlTemplate\":\"https:\/\/startercultures.eu\/de\/?s={search_term_string}\"},\"query-input\":{\"@type\":\"PropertyValueSpecification\",\"valueRequired\":true,\"valueName\":\"search_term_string\"}}],\"inLanguage\":\"de-DE\"},{\"@type\":\"Organization\",\"@id\":\"https:\/\/startercultures.eu\/de\/#organization\",\"name\":\"Startercultures.eu\",\"url\":\"https:\/\/startercultures.eu\/de\/\",\"logo\":{\"@type\":\"ImageObject\",\"inLanguage\":\"de-DE\",\"@id\":\"https:\/\/startercultures.eu\/de\/#\/schema\/logo\/image\/\",\"url\":\"https:\/\/startercultures.eu\/wp-content\/uploads\/2020\/08\/startercultures-eu-nl-logo-rond-rgb.png\",\"contentUrl\":\"https:\/\/startercultures.eu\/wp-content\/uploads\/2020\/08\/startercultures-eu-nl-logo-rond-rgb.png\",\"width\":320,\"height\":320,\"caption\":\"Startercultures.eu\"},\"image\":{\"@id\":\"https:\/\/startercultures.eu\/de\/#\/schema\/logo\/image\/\"},\"sameAs\":[\"https:\/\/www.facebook.com\/startercultureseu\",\"https:\/\/www.instagram.com\/startercultures.eu\/\"],\"hasMerchantReturnPolicy\":{\"@type\":\"MerchantReturnPolicy\",\"merchantReturnLink\":\"https:\/\/startercultures.eu\/return-policy\/\"}}]}<\/script>\n<meta property=\"product:price:amount\" content=\"32.50\" \/>\n<meta property=\"product:price:currency\" content=\"EUR\" \/>\n<meta property=\"og:availability\" content=\"instock\" \/>\n<meta property=\"product:availability\" content=\"instock\" \/>\n<meta property=\"product:retailer_item_id\" content=\"184\" \/>\n<meta property=\"product:condition\" content=\"new\" \/>\n<!-- \/ Yoast SEO plugin. -->","yoast_head_json":{"title":"Kefirko Kefirkanne f\u00fcr Milchkefir und Wasserkefir | startercultures.nl","description":"Kaufen Sie hier unseren genialen Kefirkrug und stellen Sie ganz einfach Ihren eigenen Wasser- oder Milchkefir her (und sprie\u00dfen Sie Ihr Gem\u00fcse). Drei in einem, mit anderen Worten. Kinderleicht!","robots":{"index":"index","follow":"follow","max-snippet":"max-snippet:-1","max-image-preview":"max-image-preview:large","max-video-preview":"max-video-preview:-1"},"canonical":"https:\/\/startercultures.eu\/de\/product\/vegan-de\/vegane-limonaden\/kefir-kefir-topf-fur-milch-kefir-und-gemuse-sprossen\/","og_locale":"de_DE","og_type":"article","og_title":"Kefirko Kefirkanne f\u00fcr Milchkefir und Wasserkefir | startercultures.nl","og_description":"Kaufen Sie hier unseren genialen Kefirkrug und stellen Sie ganz einfach Ihren eigenen Wasser- oder Milchkefir her (und sprie\u00dfen Sie Ihr Gem\u00fcse). Drei in einem, mit anderen Worten. Kinderleicht!","og_url":"https:\/\/startercultures.eu\/de\/product\/vegan-de\/vegane-limonaden\/kefir-kefir-topf-fur-milch-kefir-und-gemuse-sprossen\/","og_site_name":"Startercultures.eu","article_publisher":"https:\/\/www.facebook.com\/startercultureseu","article_modified_time":"2026-04-08T22:03:40+00:00","og_image":[{"width":500,"height":500,"url":"https:\/\/startercultures.eu\/wp-content\/uploads\/2021\/03\/Keir-pot-klein-1.png","type":"image\/png"}],"twitter_card":"summary_large_image","twitter_misc":{"Price":"32,50","Availability":"Vorr\u00e4tig"},"schema":{"@context":"https:\/\/schema.org","@graph":[{"@type":"WebPage","@id":"https:\/\/startercultures.eu\/de\/product\/vegan-de\/vegane-limonaden\/kefir-kefir-topf-fur-milch-kefir-und-gemuse-sprossen\/","url":"https:\/\/startercultures.eu\/de\/product\/vegan-de\/vegane-limonaden\/kefir-kefir-topf-fur-milch-kefir-und-gemuse-sprossen\/","name":"Kefirko Kefirkanne f\u00fcr Milchkefir und Wasserkefir | startercultures.nl","isPartOf":{"@id":"https:\/\/startercultures.eu\/de\/#website"},"primaryImageOfPage":{"@id":"https:\/\/startercultures.eu\/de\/product\/vegan-de\/vegane-limonaden\/kefir-kefir-topf-fur-milch-kefir-und-gemuse-sprossen\/#primaryimage"},"image":{"@id":"https:\/\/startercultures.eu\/de\/product\/vegan-de\/vegane-limonaden\/kefir-kefir-topf-fur-milch-kefir-und-gemuse-sprossen\/#primaryimage"},"thumbnailUrl":"https:\/\/startercultures.eu\/wp-content\/uploads\/2021\/03\/Keir-pot-klein-1.png","datePublished":"2021-03-14T13:12:18+00:00","dateModified":"2026-04-08T22:03:40+00:00","description":"Kaufen Sie hier unseren genialen Kefirkrug und stellen Sie ganz einfach Ihren eigenen Wasser- oder Milchkefir her (und sprie\u00dfen Sie Ihr Gem\u00fcse). Drei in einem, mit anderen Worten. Kinderleicht!","breadcrumb":{"@id":"https:\/\/startercultures.eu\/de\/product\/vegan-de\/vegane-limonaden\/kefir-kefir-topf-fur-milch-kefir-und-gemuse-sprossen\/#breadcrumb"},"inLanguage":"de-DE","potentialAction":[{"@type":"ReadAction","target":["https:\/\/startercultures.eu\/de\/product\/vegan-de\/vegane-limonaden\/kefir-kefir-topf-fur-milch-kefir-und-gemuse-sprossen\/"]}]},{"@type":"ImageObject","inLanguage":"de-DE","@id":"https:\/\/startercultures.eu\/de\/product\/vegan-de\/vegane-limonaden\/kefir-kefir-topf-fur-milch-kefir-und-gemuse-sprossen\/#primaryimage","url":"https:\/\/startercultures.eu\/wp-content\/uploads\/2021\/03\/Keir-pot-klein-1.png","contentUrl":"https:\/\/startercultures.eu\/wp-content\/uploads\/2021\/03\/Keir-pot-klein-1.png","width":500,"height":500,"caption":"Kefirko-Kefirtopf"},{"@type":"BreadcrumbList","@id":"https:\/\/startercultures.eu\/de\/product\/vegan-de\/vegane-limonaden\/kefir-kefir-topf-fur-milch-kefir-und-gemuse-sprossen\/#breadcrumb","itemListElement":[{"@type":"ListItem","position":1,"name":"Home","item":"https:\/\/startercultures.eu\/de\/"},{"@type":"ListItem","position":2,"name":"Shop","item":"https:\/\/startercultures.eu\/shop\/"},{"@type":"ListItem","position":3,"name":"Kefirko-Kefirtopf | f\u00fcr Milchkefir, Wasserkefir, Essig oder Kombucha"}]},{"@type":"WebSite","@id":"https:\/\/startercultures.eu\/de\/#website","url":"https:\/\/startercultures.eu\/de\/","name":"Startercultures.eu","description":"Startercultures.eu","publisher":{"@id":"https:\/\/startercultures.eu\/de\/#organization"},"potentialAction":[{"@type":"SearchAction","target":{"@type":"EntryPoint","urlTemplate":"https:\/\/startercultures.eu\/de\/?s={search_term_string}"},"query-input":{"@type":"PropertyValueSpecification","valueRequired":true,"valueName":"search_term_string"}}],"inLanguage":"de-DE"},{"@type":"Organization","@id":"https:\/\/startercultures.eu\/de\/#organization","name":"Startercultures.eu","url":"https:\/\/startercultures.eu\/de\/","logo":{"@type":"ImageObject","inLanguage":"de-DE","@id":"https:\/\/startercultures.eu\/de\/#\/schema\/logo\/image\/","url":"https:\/\/startercultures.eu\/wp-content\/uploads\/2020\/08\/startercultures-eu-nl-logo-rond-rgb.png","contentUrl":"https:\/\/startercultures.eu\/wp-content\/uploads\/2020\/08\/startercultures-eu-nl-logo-rond-rgb.png","width":320,"height":320,"caption":"Startercultures.eu"},"image":{"@id":"https:\/\/startercultures.eu\/de\/#\/schema\/logo\/image\/"},"sameAs":["https:\/\/www.facebook.com\/startercultureseu","https:\/\/www.instagram.com\/startercultures.eu\/"],"hasMerchantReturnPolicy":{"@type":"MerchantReturnPolicy","merchantReturnLink":"https:\/\/startercultures.eu\/return-policy\/"}}]},"product_price_amount":"32.50","product_price_currency":"EUR","og_availability":"instock","product_availability":"instock","product_retailer_item_id":"184","product_condition":"new"},"_links":{"self":[{"href":"https:\/\/startercultures.eu\/de\/wp-json\/wp\/v2\/product\/24970","targetHints":{"allow":["GET"]}}],"collection":[{"href":"https:\/\/startercultures.eu\/de\/wp-json\/wp\/v2\/product"}],"about":[{"href":"https:\/\/startercultures.eu\/de\/wp-json\/wp\/v2\/types\/product"}],"replies":[{"embeddable":true,"href":"https:\/\/startercultures.eu\/de\/wp-json\/wp\/v2\/comments?post=24970"}],"version-history":[{"count":2,"href":"https:\/\/startercultures.eu\/de\/wp-json\/wp\/v2\/product\/24970\/revisions"}],"predecessor-version":[{"id":84496,"href":"https:\/\/startercultures.eu\/de\/wp-json\/wp\/v2\/product\/24970\/revisions\/84496"}],"wp:featuredmedia":[{"embeddable":true,"href":"https:\/\/startercultures.eu\/de\/wp-json\/wp\/v2\/media\/24145"}],"wp:attachment":[{"href":"https:\/\/startercultures.eu\/de\/wp-json\/wp\/v2\/media?parent=24970"}],"wp:term":[{"taxonomy":"product_brand","embeddable":true,"href":"https:\/\/startercultures.eu\/de\/wp-json\/wp\/v2\/product_brand?post=24970"},{"taxonomy":"product_cat","embeddable":true,"href":"https:\/\/startercultures.eu\/de\/wp-json\/wp\/v2\/product_cat?post=24970"},{"taxonomy":"product_tag","embeddable":true,"href":"https:\/\/startercultures.eu\/de\/wp-json\/wp\/v2\/product_tag?post=24970"}],"curies":[{"name":"wp","href":"https:\/\/api.w.org\/{rel}","templated":true}]}}