{"id":24974,"date":"2021-02-05T14:47:32","date_gmt":"2021-02-05T14:47:32","guid":{"rendered":"https:\/\/startercultures.eu\/product\/unkategorisiert\/alles-in-einem-starter-kit-tofu-selber-machen\/"},"modified":"2024-08-10T19:22:41","modified_gmt":"2024-08-10T17:22:41","slug":"all-in-one-machen-sie-ihren-eigenen-tofu-starter-kit","status":"publish","type":"product","link":"https:\/\/startercultures.eu\/de\/product\/fermentation-de\/bohnen-reis-korner\/asiatisch\/starterkits-de-4\/all-in-one-machen-sie-ihren-eigenen-tofu-starter-kit\/","title":{"rendered":"Alles in einem Starter-Kit &#8220;Tofu selber machen&#8221;."},"content":{"rendered":"<p>Tofu oder Bohnenquark ist eine Art junger &#8220;K\u00e4se&#8221;, der aus geronnener Sojamilch hergestellt wird. Es wird gerne als Fleischersatz verwendet und ist sehr nahrhaft. Selbstgemacht ist unendlich viel besser als Gekauft. Vor allem, wenn man sie vor der Zubereitung presst. Allerdings enth\u00e4lt Tofu sehr viel Wasser, was es schwierig macht, seine Textur zu ver\u00e4ndern, Aromen einzuf\u00fcgen und den Tofu knusprig und goldbraun zu braten. Sie m\u00fcssen ihn also auspressen. Dieses Tofu-Starterkit enth\u00e4lt alles, was Sie brauchen, um den besten Tofu aller Zeiten zuzubereiten, superw\u00fcrzig, knusprig und goldbraun!<\/p>\n<h3>Was enth\u00e4lt das Tofu-Starterkit?<\/h3>\n<ul>\n<li>Tofu-Starterkultur (ausreichend f\u00fcr 1 kg getrocknete Sojabohnen)<\/li>\n<li>Tofu-Presse (mit Beipackzettel)<\/li>\n<li>5 K\u00e4set\u00fccher aus Baumwolle<\/li>\n<\/ul>\n<h3>Anweisungen<\/h3>\n<p>Der Tofu-Presse liegt eine Gebrauchsanweisung bei. Wie Sie <a href=\"https:\/\/startercultures.eu\/product\/beans-rice-grains\/tofu-coagulant\/\" target=\"_blank\" rel=\"noopener\">Ihren eigenen Tofu<\/a> herstellen k\u00f6nnen, erfahren Sie <a href=\"https:\/\/startercultures.eu\/product\/beans-rice-grains\/tofu-coagulant\/\" target=\"{wpml_trans_unit_4_0_12_-1_1}\" rel=\"{wpml_trans_unit_4_0_12_-1_2} noopener\">hier<\/a>.<\/p>\n<h3 data-fontsize=\"21\" data-lineheight=\"27.3px\">Sie wollen ein Tofu-Starterpaket kaufen?<\/h3>\n<p>Bestellen Sie Ihr Tofu-Starterkit bei startercultures.eu, dem europ\u00e4ischen Webshop f\u00fcr alle Ihre Fermentationsbed\u00fcrfnisse. Von Meneer Wateetons, dem bekannten niederl\u00e4ndischen G\u00e4rungsexperten und Autor. Bestellen Sie werktags vor 15 Uhr und wir liefern noch am selben Tag. Fragen zur Verwendung des Tofu-Starterkits? Frag Sie in unserem Chat, wir helfen gerne!<\/p>\n<h3>Englischsprachiger Online-Workshop &#8220;Miso selber machen<img decoding=\"async\" class=\"lazyload  wp-image-23963 alignright\" src=\"https:\/\/startercultures.eu\/wp-content\/uploads\/2020\/12\/fermentation-450-300x300.png\" data-orig-src=\"https:\/\/startercultures.eu\/wp-content\/uploads\/2020\/12\/fermentation-450-300x300.png\" alt=\"Fermentation workshops\" width=\"135\" height=\"135\" srcset=\"data:image\/svg+xml,%3Csvg%20xmlns%3D%27http%3A%2F%2Fwww.w3.org%2F2000%2Fsvg%27%20width%3D%27135%27%20height%3D%27135%27%20viewBox%3D%270%200%20135%20135%27%3E%3Crect%20width%3D%27135%27%20height%3D%27135%27%20fill-opacity%3D%220%22%2F%3E%3C%2Fsvg%3E\" data-srcset=\"https:\/\/startercultures.eu\/wp-content\/uploads\/2020\/12\/fermentation-450-66x66.png 66w, https:\/\/startercultures.eu\/wp-content\/uploads\/2020\/12\/fermentation-450-70x70.png 70w, https:\/\/startercultures.eu\/wp-content\/uploads\/2020\/12\/fermentation-450-100x100.png 100w, https:\/\/startercultures.eu\/wp-content\/uploads\/2020\/12\/fermentation-450-150x150.png 150w, https:\/\/startercultures.eu\/wp-content\/uploads\/2020\/12\/fermentation-450-200x200.png 200w, https:\/\/startercultures.eu\/wp-content\/uploads\/2020\/12\/fermentation-450-300x300.png 300w, https:\/\/startercultures.eu\/wp-content\/uploads\/2020\/12\/fermentation-450-400x401.png 400w, https:\/\/startercultures.eu\/wp-content\/uploads\/2020\/12\/fermentation-450.png 450w\" data-sizes=\"auto\" data-orig-sizes=\"(max-width: 135px) 100vw, 135px\" \/><\/h3>\n<p>In<a href=\"https:\/\/startercultures.eu\/product\/workshops-2\/online-on-demand-workshop-how-to-make-your-own-miso\/\" target=\"_blank\" rel=\"noopener\"> diesem Online-Meisterkurs<\/a> zeigt Ihnen der niederl\u00e4ndische Foodwriter und Fermentationsexperte Meneer Wateetons, wie Sie Ihr eigenes <a href=\"https:\/\/en.wikipedia.org\/wiki\/Miso\" target=\"_blank\" rel=\"noopener\">Miso<\/a> herstellen k\u00f6nnen. Durch eine besondere Form der Fermentation entsteht aus zwei sehr bescheidenen und eher langweiligen Zutaten eine der sch\u00f6nsten und komplexesten Substanzen der Welt. Mister Wateetons erz\u00e4hlt dir genau, wie die Fermentation funktioniert und was du daf\u00fcr brauchst, wie du von nun an Miso zu Hause herstellen kannst, wie du den Prozess der Miso-Herstellung beschleunigen kannst, wie du diese beiden Grundzutaten endlos variieren kannst und was f\u00fcr coole Sachen du mit Miso machen kannst. Klicken Sie <a href=\"https:\/\/startercultures.eu\/product\/workshops-2\/online-on-demand-workshop-how-to-make-your-own-miso\/\" target=\"_blank\" rel=\"noopener\">hier <\/a>f\u00fcr weitere Informationen.<\/p>\n","protected":false},"excerpt":{"rendered":"<p>Tofu oder Bohnenquark ist eine Art junger &#8220;K\u00e4se&#8221;, der aus geronnener Sojamilch hergestellt wird. Es wird gerne als Fleischersatz verwendet und ist sehr nahrhaft. Selbstgemachtes ist unendlich viel besser als Gekauftes. Vor allem, wenn man sie vor der Zubereitung presst. Allerdings enth\u00e4lt Tofu sehr viel Wasser, was es schwierig macht, seine Textur zu ver\u00e4ndern, Aromen einzuf\u00fcgen und den Tofu knusprig und goldbraun zu braten. Sie m\u00fcssen ihn also auspressen.<\/p>\n<p>Dieses Starterkit enth\u00e4lt alles, was Sie brauchen, um den besten Tofu aller Zeiten zuzubereiten, superw\u00fcrzig, knusprig und goldbraun!<\/p>\n","protected":false},"featured_media":24151,"comment_status":"open","ping_status":"closed","template":"","meta":{"_acf_changed":false,"footnotes":""},"product_brand":[],"product_cat":[648,702,701],"product_tag":[],"class_list":{"0":"post-24974","1":"product","2":"type-product","3":"status-publish","4":"has-post-thumbnail","6":"product_cat-fermentieren","7":"product_cat-starterkits-de-4","8":"product_cat-vegane-korner-bohnen-hulsenfruchte","9":"product_shipping_class-klein-pakket-de","11":"first","12":"instock","13":"sale","14":"taxable","15":"shipping-taxable","16":"purchasable","17":"product-type-woosb"},"acf":[],"yoast_head":"<!-- This site is optimized with the Yoast SEO plugin v26.6 - https:\/\/yoast.com\/wordpress\/plugins\/seo\/ -->\n<title>Tofu-Starterkit | Startercultures.eu<\/title>\n<meta name=\"description\" content=\"Dieses Tofu-Starterkit enth\u00e4lt alles, was Sie brauchen, um den besten Tofu aller Zeiten zuzubereiten, superw\u00fcrzig, knusprig und goldbraun!\" \/>\n<meta name=\"robots\" content=\"index, follow, max-snippet:-1, max-image-preview:large, max-video-preview:-1\" \/>\n<link rel=\"canonical\" href=\"https:\/\/startercultures.eu\/de\/product\/fermentation-de\/bohnen-reis-korner\/asiatisch\/starterkits-de-4\/all-in-one-machen-sie-ihren-eigenen-tofu-starter-kit\/\" \/>\n<meta property=\"og:locale\" content=\"de_DE\" \/>\n<meta property=\"og:type\" content=\"article\" \/>\n<meta property=\"og:title\" content=\"Tofu-Starterkit | Startercultures.eu\" \/>\n<meta property=\"og:description\" content=\"Dieses Tofu-Starterkit enth\u00e4lt alles, was Sie brauchen, um den besten Tofu aller Zeiten zuzubereiten, superw\u00fcrzig, knusprig und goldbraun!\" \/>\n<meta property=\"og:url\" content=\"https:\/\/startercultures.eu\/de\/product\/fermentation-de\/bohnen-reis-korner\/asiatisch\/starterkits-de-4\/all-in-one-machen-sie-ihren-eigenen-tofu-starter-kit\/\" \/>\n<meta property=\"og:site_name\" content=\"Startercultures.eu\" \/>\n<meta property=\"article:publisher\" content=\"https:\/\/www.facebook.com\/startercultureseu\" \/>\n<meta property=\"article:modified_time\" content=\"2024-08-10T17:22:41+00:00\" \/>\n<meta property=\"og:image\" content=\"https:\/\/startercultures.eu\/wp-content\/uploads\/2021\/02\/Tofu-kit-larger.png\" \/>\n\t<meta property=\"og:image:width\" content=\"450\" \/>\n\t<meta property=\"og:image:height\" content=\"300\" \/>\n\t<meta property=\"og:image:type\" content=\"image\/png\" \/>\n<meta name=\"twitter:card\" content=\"summary_large_image\" \/>\n<meta name=\"twitter:label1\" content=\"Price\" \/>\n\t<meta name=\"twitter:data1\" content=\"44,07\" \/>\n\t<meta name=\"twitter:label2\" content=\"Availability\" \/>\n\t<meta name=\"twitter:data2\" content=\"Vorr\u00e4tig\" \/>\n<script type=\"application\/ld+json\" class=\"yoast-schema-graph\">{\"@context\":\"https:\/\/schema.org\",\"@graph\":[{\"@type\":\"WebPage\",\"@id\":\"https:\/\/startercultures.eu\/de\/product\/fermentation-de\/bohnen-reis-korner\/asiatisch\/starterkits-de-4\/all-in-one-machen-sie-ihren-eigenen-tofu-starter-kit\/\",\"url\":\"https:\/\/startercultures.eu\/de\/product\/fermentation-de\/bohnen-reis-korner\/asiatisch\/starterkits-de-4\/all-in-one-machen-sie-ihren-eigenen-tofu-starter-kit\/\",\"name\":\"Tofu-Starterkit | Startercultures.eu\",\"isPartOf\":{\"@id\":\"https:\/\/startercultures.eu\/de\/#website\"},\"primaryImageOfPage\":{\"@id\":\"https:\/\/startercultures.eu\/de\/product\/fermentation-de\/bohnen-reis-korner\/asiatisch\/starterkits-de-4\/all-in-one-machen-sie-ihren-eigenen-tofu-starter-kit\/#primaryimage\"},\"image\":{\"@id\":\"https:\/\/startercultures.eu\/de\/product\/fermentation-de\/bohnen-reis-korner\/asiatisch\/starterkits-de-4\/all-in-one-machen-sie-ihren-eigenen-tofu-starter-kit\/#primaryimage\"},\"thumbnailUrl\":\"https:\/\/startercultures.eu\/wp-content\/uploads\/2021\/02\/Tofu-kit-larger.png\",\"datePublished\":\"2021-02-05T14:47:32+00:00\",\"dateModified\":\"2024-08-10T17:22:41+00:00\",\"description\":\"Dieses Tofu-Starterkit enth\u00e4lt alles, was Sie brauchen, um den besten Tofu aller Zeiten zuzubereiten, superw\u00fcrzig, knusprig und goldbraun!\",\"breadcrumb\":{\"@id\":\"https:\/\/startercultures.eu\/de\/product\/fermentation-de\/bohnen-reis-korner\/asiatisch\/starterkits-de-4\/all-in-one-machen-sie-ihren-eigenen-tofu-starter-kit\/#breadcrumb\"},\"inLanguage\":\"de-DE\",\"potentialAction\":[{\"@type\":\"ReadAction\",\"target\":[\"https:\/\/startercultures.eu\/de\/product\/fermentation-de\/bohnen-reis-korner\/asiatisch\/starterkits-de-4\/all-in-one-machen-sie-ihren-eigenen-tofu-starter-kit\/\"]}]},{\"@type\":\"ImageObject\",\"inLanguage\":\"de-DE\",\"@id\":\"https:\/\/startercultures.eu\/de\/product\/fermentation-de\/bohnen-reis-korner\/asiatisch\/starterkits-de-4\/all-in-one-machen-sie-ihren-eigenen-tofu-starter-kit\/#primaryimage\",\"url\":\"https:\/\/startercultures.eu\/wp-content\/uploads\/2021\/02\/Tofu-kit-larger.png\",\"contentUrl\":\"https:\/\/startercultures.eu\/wp-content\/uploads\/2021\/02\/Tofu-kit-larger.png\",\"width\":450,\"height\":300,\"caption\":\"tofu starterspakket\"},{\"@type\":\"BreadcrumbList\",\"@id\":\"https:\/\/startercultures.eu\/de\/product\/fermentation-de\/bohnen-reis-korner\/asiatisch\/starterkits-de-4\/all-in-one-machen-sie-ihren-eigenen-tofu-starter-kit\/#breadcrumb\",\"itemListElement\":[{\"@type\":\"ListItem\",\"position\":1,\"name\":\"Home\",\"item\":\"https:\/\/startercultures.eu\/de\/\"},{\"@type\":\"ListItem\",\"position\":2,\"name\":\"Shop\",\"item\":\"https:\/\/startercultures.eu\/shop\/\"},{\"@type\":\"ListItem\",\"position\":3,\"name\":\"Alles in einem Starter-Kit &#8220;Tofu selber machen&#8221;.\"}]},{\"@type\":\"WebSite\",\"@id\":\"https:\/\/startercultures.eu\/de\/#website\",\"url\":\"https:\/\/startercultures.eu\/de\/\",\"name\":\"Startercultures.eu\",\"description\":\"Startercultures.eu\",\"publisher\":{\"@id\":\"https:\/\/startercultures.eu\/de\/#organization\"},\"potentialAction\":[{\"@type\":\"SearchAction\",\"target\":{\"@type\":\"EntryPoint\",\"urlTemplate\":\"https:\/\/startercultures.eu\/de\/?s={search_term_string}\"},\"query-input\":{\"@type\":\"PropertyValueSpecification\",\"valueRequired\":true,\"valueName\":\"search_term_string\"}}],\"inLanguage\":\"de-DE\"},{\"@type\":\"Organization\",\"@id\":\"https:\/\/startercultures.eu\/de\/#organization\",\"name\":\"Startercultures.eu\",\"url\":\"https:\/\/startercultures.eu\/de\/\",\"logo\":{\"@type\":\"ImageObject\",\"inLanguage\":\"de-DE\",\"@id\":\"https:\/\/startercultures.eu\/de\/#\/schema\/logo\/image\/\",\"url\":\"https:\/\/startercultures.eu\/wp-content\/uploads\/2020\/08\/startercultures-eu-nl-logo-rond-rgb.png\",\"contentUrl\":\"https:\/\/startercultures.eu\/wp-content\/uploads\/2020\/08\/startercultures-eu-nl-logo-rond-rgb.png\",\"width\":320,\"height\":320,\"caption\":\"Startercultures.eu\"},\"image\":{\"@id\":\"https:\/\/startercultures.eu\/de\/#\/schema\/logo\/image\/\"},\"sameAs\":[\"https:\/\/www.facebook.com\/startercultureseu\",\"https:\/\/www.instagram.com\/startercultures.eu\/\"]}]}<\/script>\n<meta property=\"product:price:amount\" content=\"44.07\" \/>\n<meta property=\"product:price:currency\" content=\"EUR\" \/>\n<meta property=\"og:availability\" content=\"instock\" \/>\n<meta property=\"product:availability\" content=\"instock\" \/>\n<meta property=\"product:retailer_item_id\" content=\"172\" \/>\n<meta property=\"product:condition\" content=\"new\" \/>\n<!-- \/ Yoast SEO plugin. -->","yoast_head_json":{"title":"Tofu-Starterkit | Startercultures.eu","description":"Dieses Tofu-Starterkit enth\u00e4lt alles, was Sie brauchen, um den besten Tofu aller Zeiten zuzubereiten, superw\u00fcrzig, knusprig und goldbraun!","robots":{"index":"index","follow":"follow","max-snippet":"max-snippet:-1","max-image-preview":"max-image-preview:large","max-video-preview":"max-video-preview:-1"},"canonical":"https:\/\/startercultures.eu\/de\/product\/fermentation-de\/bohnen-reis-korner\/asiatisch\/starterkits-de-4\/all-in-one-machen-sie-ihren-eigenen-tofu-starter-kit\/","og_locale":"de_DE","og_type":"article","og_title":"Tofu-Starterkit | Startercultures.eu","og_description":"Dieses Tofu-Starterkit enth\u00e4lt alles, was Sie brauchen, um den besten Tofu aller Zeiten zuzubereiten, superw\u00fcrzig, knusprig und goldbraun!","og_url":"https:\/\/startercultures.eu\/de\/product\/fermentation-de\/bohnen-reis-korner\/asiatisch\/starterkits-de-4\/all-in-one-machen-sie-ihren-eigenen-tofu-starter-kit\/","og_site_name":"Startercultures.eu","article_publisher":"https:\/\/www.facebook.com\/startercultureseu","article_modified_time":"2024-08-10T17:22:41+00:00","og_image":[{"width":450,"height":300,"url":"https:\/\/startercultures.eu\/wp-content\/uploads\/2021\/02\/Tofu-kit-larger.png","type":"image\/png"}],"twitter_card":"summary_large_image","twitter_misc":{"Price":"44,07","Availability":"Vorr\u00e4tig"},"schema":{"@context":"https:\/\/schema.org","@graph":[{"@type":"WebPage","@id":"https:\/\/startercultures.eu\/de\/product\/fermentation-de\/bohnen-reis-korner\/asiatisch\/starterkits-de-4\/all-in-one-machen-sie-ihren-eigenen-tofu-starter-kit\/","url":"https:\/\/startercultures.eu\/de\/product\/fermentation-de\/bohnen-reis-korner\/asiatisch\/starterkits-de-4\/all-in-one-machen-sie-ihren-eigenen-tofu-starter-kit\/","name":"Tofu-Starterkit | Startercultures.eu","isPartOf":{"@id":"https:\/\/startercultures.eu\/de\/#website"},"primaryImageOfPage":{"@id":"https:\/\/startercultures.eu\/de\/product\/fermentation-de\/bohnen-reis-korner\/asiatisch\/starterkits-de-4\/all-in-one-machen-sie-ihren-eigenen-tofu-starter-kit\/#primaryimage"},"image":{"@id":"https:\/\/startercultures.eu\/de\/product\/fermentation-de\/bohnen-reis-korner\/asiatisch\/starterkits-de-4\/all-in-one-machen-sie-ihren-eigenen-tofu-starter-kit\/#primaryimage"},"thumbnailUrl":"https:\/\/startercultures.eu\/wp-content\/uploads\/2021\/02\/Tofu-kit-larger.png","datePublished":"2021-02-05T14:47:32+00:00","dateModified":"2024-08-10T17:22:41+00:00","description":"Dieses Tofu-Starterkit enth\u00e4lt alles, was Sie brauchen, um den besten Tofu aller Zeiten zuzubereiten, superw\u00fcrzig, knusprig und goldbraun!","breadcrumb":{"@id":"https:\/\/startercultures.eu\/de\/product\/fermentation-de\/bohnen-reis-korner\/asiatisch\/starterkits-de-4\/all-in-one-machen-sie-ihren-eigenen-tofu-starter-kit\/#breadcrumb"},"inLanguage":"de-DE","potentialAction":[{"@type":"ReadAction","target":["https:\/\/startercultures.eu\/de\/product\/fermentation-de\/bohnen-reis-korner\/asiatisch\/starterkits-de-4\/all-in-one-machen-sie-ihren-eigenen-tofu-starter-kit\/"]}]},{"@type":"ImageObject","inLanguage":"de-DE","@id":"https:\/\/startercultures.eu\/de\/product\/fermentation-de\/bohnen-reis-korner\/asiatisch\/starterkits-de-4\/all-in-one-machen-sie-ihren-eigenen-tofu-starter-kit\/#primaryimage","url":"https:\/\/startercultures.eu\/wp-content\/uploads\/2021\/02\/Tofu-kit-larger.png","contentUrl":"https:\/\/startercultures.eu\/wp-content\/uploads\/2021\/02\/Tofu-kit-larger.png","width":450,"height":300,"caption":"tofu starterspakket"},{"@type":"BreadcrumbList","@id":"https:\/\/startercultures.eu\/de\/product\/fermentation-de\/bohnen-reis-korner\/asiatisch\/starterkits-de-4\/all-in-one-machen-sie-ihren-eigenen-tofu-starter-kit\/#breadcrumb","itemListElement":[{"@type":"ListItem","position":1,"name":"Home","item":"https:\/\/startercultures.eu\/de\/"},{"@type":"ListItem","position":2,"name":"Shop","item":"https:\/\/startercultures.eu\/shop\/"},{"@type":"ListItem","position":3,"name":"Alles in einem Starter-Kit &#8220;Tofu selber machen&#8221;."}]},{"@type":"WebSite","@id":"https:\/\/startercultures.eu\/de\/#website","url":"https:\/\/startercultures.eu\/de\/","name":"Startercultures.eu","description":"Startercultures.eu","publisher":{"@id":"https:\/\/startercultures.eu\/de\/#organization"},"potentialAction":[{"@type":"SearchAction","target":{"@type":"EntryPoint","urlTemplate":"https:\/\/startercultures.eu\/de\/?s={search_term_string}"},"query-input":{"@type":"PropertyValueSpecification","valueRequired":true,"valueName":"search_term_string"}}],"inLanguage":"de-DE"},{"@type":"Organization","@id":"https:\/\/startercultures.eu\/de\/#organization","name":"Startercultures.eu","url":"https:\/\/startercultures.eu\/de\/","logo":{"@type":"ImageObject","inLanguage":"de-DE","@id":"https:\/\/startercultures.eu\/de\/#\/schema\/logo\/image\/","url":"https:\/\/startercultures.eu\/wp-content\/uploads\/2020\/08\/startercultures-eu-nl-logo-rond-rgb.png","contentUrl":"https:\/\/startercultures.eu\/wp-content\/uploads\/2020\/08\/startercultures-eu-nl-logo-rond-rgb.png","width":320,"height":320,"caption":"Startercultures.eu"},"image":{"@id":"https:\/\/startercultures.eu\/de\/#\/schema\/logo\/image\/"},"sameAs":["https:\/\/www.facebook.com\/startercultureseu","https:\/\/www.instagram.com\/startercultures.eu\/"]}]},"product_price_amount":"44.07","product_price_currency":"EUR","og_availability":"instock","product_availability":"instock","product_retailer_item_id":"172","product_condition":"new"},"_links":{"self":[{"href":"https:\/\/startercultures.eu\/de\/wp-json\/wp\/v2\/product\/24974","targetHints":{"allow":["GET"]}}],"collection":[{"href":"https:\/\/startercultures.eu\/de\/wp-json\/wp\/v2\/product"}],"about":[{"href":"https:\/\/startercultures.eu\/de\/wp-json\/wp\/v2\/types\/product"}],"replies":[{"embeddable":true,"href":"https:\/\/startercultures.eu\/de\/wp-json\/wp\/v2\/comments?post=24974"}],"version-history":[{"count":0,"href":"https:\/\/startercultures.eu\/de\/wp-json\/wp\/v2\/product\/24974\/revisions"}],"wp:featuredmedia":[{"embeddable":true,"href":"https:\/\/startercultures.eu\/de\/wp-json\/wp\/v2\/media\/24151"}],"wp:attachment":[{"href":"https:\/\/startercultures.eu\/de\/wp-json\/wp\/v2\/media?parent=24974"}],"wp:term":[{"taxonomy":"product_brand","embeddable":true,"href":"https:\/\/startercultures.eu\/de\/wp-json\/wp\/v2\/product_brand?post=24974"},{"taxonomy":"product_cat","embeddable":true,"href":"https:\/\/startercultures.eu\/de\/wp-json\/wp\/v2\/product_cat?post=24974"},{"taxonomy":"product_tag","embeddable":true,"href":"https:\/\/startercultures.eu\/de\/wp-json\/wp\/v2\/product_tag?post=24974"}],"curies":[{"name":"wp","href":"https:\/\/api.w.org\/{rel}","templated":true}]}}