{"id":24981,"date":"2020-07-31T16:27:22","date_gmt":"2020-07-31T16:27:22","guid":{"rendered":"https:\/\/startercultures.eu\/product\/unkategorisiert\/halbdurchlaessige-zellulosedaerme-45-mm-5er-set\/"},"modified":"2026-02-03T22:18:11","modified_gmt":"2026-02-03T21:18:11","slug":"halbdurchlassige-zellulose-hulle-45-mm","status":"publish","type":"product","link":"https:\/\/startercultures.eu\/de\/product\/fermentation-de\/bohnen-reis-korner\/halbdurchlassige-zellulose-hulle-45-mm\/","title":{"rendered":"Halbdurchl\u00e4ssige Zellulosed\u00e4rme &#8211; 45 mm | 5er-Set"},"content":{"rendered":"<p>Ein ausgezeichneter halbdurchl\u00e4ssiger Zellulosedarm, der f\u00fcr alle Br\u00fchw\u00fcrste, aber auch f\u00fcr andere noch zu r\u00e4uchernde W\u00fcrste geeignet ist. Er kann auch als Darm f\u00fcr getrocknete W\u00fcrste verwendet werden, wenn Sie einen etwas gr\u00f6\u00dferen Durchmesser als den des normalen Schweinedarms w\u00fcnschen. Kann auch als Darm f\u00fcr Br\u00fchw\u00fcrste, Leberw\u00fcrste und Blutwurst verwendet werden. Typ &#8220;Easy peel&#8221;, damit die Wurst beim Schneiden nicht besch\u00e4digt wird. Durch die Schlaufe kann er leicht in einen Smoker geh\u00e4ngt werden.<\/p>\n<p>Dieser Darm eignet sich auch hervorragend f\u00fcr die Herstellung von selbstgemachtem Tempeh.<\/p>\n<h3>Inhalt<\/h3>\n<ul>\n<li>Material: Zellulose<\/li>\n<li>Farbe: wei\u00df<\/li>\n<li>Kaliber 45 mm<\/li>\n<li>Maximales F\u00fcllkaliber: 50 mm<\/li>\n<li>L\u00e4nge: 40 cm<\/li>\n<li>Mit Schleife<\/li>\n<li>leicht zu sch\u00e4len<\/li>\n<li>Nicht essbar<\/li>\n<li>wird im 5er Set verkauft<\/li>\n<\/ul>\n<h3>Gebrauchsanweisung f\u00fcr diesen Zellulosedarm<\/h3>\n<p>Vor dem Gebrauch etwa 30 Minuten einweichen.<\/p>\n","protected":false},"excerpt":{"rendered":"<p>Ein ausgezeichneter halbdurchl\u00e4ssiger Darm, der sich f\u00fcr alle Br\u00fchw\u00fcrste, aber auch f\u00fcr andere noch zu r\u00e4uchernde W\u00fcrste eignet.<\/p>\n","protected":false},"featured_media":24201,"comment_status":"open","ping_status":"closed","template":"","meta":{"_acf_changed":false,"footnotes":""},"product_brand":[],"product_cat":[706,704,689,690,663],"product_tag":[],"class_list":{"0":"post-24981","1":"product","2":"type-product","3":"status-publish","4":"has-post-thumbnail","6":"product_cat-asiatisch","7":"product_cat-bohnen-reis-korner","8":"product_cat-kunstdaerme","9":"product_cat-vegane-darme","10":"product_cat-werkzeuge-de-6","11":"pa_ean-8720297620546-de","13":"first","14":"instock","15":"taxable","16":"shipping-taxable","17":"purchasable","18":"product-type-simple"},"acf":[],"yoast_head":"<!-- This site is optimized with the Yoast SEO plugin v26.6 - https:\/\/yoast.com\/wordpress\/plugins\/seo\/ -->\n<title>Halbdurchl\u00e4ssige Zellulosed\u00e4rme - 45 mm | 5er-Set - Startercultures.eu<\/title>\n<meta name=\"description\" content=\"Ein ausgezeichneter halbdurchl\u00e4ssiger Zellulosedarm, der f\u00fcr alle Br\u00fchw\u00fcrste, aber auch f\u00fcr andere noch zu r\u00e4uchernde W\u00fcrste geeignet ist.\" \/>\n<meta name=\"robots\" content=\"index, follow, max-snippet:-1, max-image-preview:large, max-video-preview:-1\" \/>\n<link rel=\"canonical\" href=\"https:\/\/startercultures.eu\/de\/product\/fermentation-de\/bohnen-reis-korner\/halbdurchlassige-zellulose-hulle-45-mm\/\" \/>\n<meta property=\"og:locale\" content=\"de_DE\" \/>\n<meta property=\"og:type\" content=\"article\" \/>\n<meta property=\"og:title\" content=\"Halbdurchl\u00e4ssige Zellulosed\u00e4rme - 45 mm | 5er-Set - Startercultures.eu\" \/>\n<meta property=\"og:description\" content=\"Ein ausgezeichneter halbdurchl\u00e4ssiger Zellulosedarm, der f\u00fcr alle Br\u00fchw\u00fcrste, aber auch f\u00fcr andere noch zu r\u00e4uchernde W\u00fcrste geeignet ist.\" \/>\n<meta property=\"og:url\" content=\"https:\/\/startercultures.eu\/de\/product\/fermentation-de\/bohnen-reis-korner\/halbdurchlassige-zellulose-hulle-45-mm\/\" \/>\n<meta property=\"og:site_name\" content=\"Startercultures.eu\" \/>\n<meta property=\"article:publisher\" content=\"https:\/\/www.facebook.com\/startercultureseu\" \/>\n<meta property=\"article:modified_time\" content=\"2026-02-03T21:18:11+00:00\" \/>\n<meta property=\"og:image\" content=\"https:\/\/startercultures.eu\/wp-content\/uploads\/2020\/07\/Semi-permeable-cellulose-casing-45-mm.png\" \/>\n\t<meta property=\"og:image:width\" content=\"450\" \/>\n\t<meta property=\"og:image:height\" content=\"450\" \/>\n\t<meta property=\"og:image:type\" content=\"image\/png\" \/>\n<meta name=\"twitter:card\" content=\"summary_large_image\" \/>\n<meta name=\"twitter:label1\" content=\"Price\" \/>\n\t<meta name=\"twitter:data1\" content=\"11,99\" \/>\n\t<meta name=\"twitter:label2\" content=\"Availability\" \/>\n\t<meta name=\"twitter:data2\" content=\"Vorr\u00e4tig\" \/>\n<script type=\"application\/ld+json\" class=\"yoast-schema-graph\">{\"@context\":\"https:\/\/schema.org\",\"@graph\":[{\"@type\":\"WebPage\",\"@id\":\"https:\/\/startercultures.eu\/de\/product\/fermentation-de\/bohnen-reis-korner\/halbdurchlassige-zellulose-hulle-45-mm\/\",\"url\":\"https:\/\/startercultures.eu\/de\/product\/fermentation-de\/bohnen-reis-korner\/halbdurchlassige-zellulose-hulle-45-mm\/\",\"name\":\"Halbdurchl\u00e4ssige Zellulosed\u00e4rme - 45 mm | 5er-Set - Startercultures.eu\",\"isPartOf\":{\"@id\":\"https:\/\/startercultures.eu\/de\/#website\"},\"primaryImageOfPage\":{\"@id\":\"https:\/\/startercultures.eu\/de\/product\/fermentation-de\/bohnen-reis-korner\/halbdurchlassige-zellulose-hulle-45-mm\/#primaryimage\"},\"image\":{\"@id\":\"https:\/\/startercultures.eu\/de\/product\/fermentation-de\/bohnen-reis-korner\/halbdurchlassige-zellulose-hulle-45-mm\/#primaryimage\"},\"thumbnailUrl\":\"https:\/\/startercultures.eu\/wp-content\/uploads\/2020\/07\/Semi-permeable-cellulose-casing-45-mm.png\",\"datePublished\":\"2020-07-31T16:27:22+00:00\",\"dateModified\":\"2026-02-03T21:18:11+00:00\",\"description\":\"Ein ausgezeichneter halbdurchl\u00e4ssiger Zellulosedarm, der f\u00fcr alle Br\u00fchw\u00fcrste, aber auch f\u00fcr andere noch zu r\u00e4uchernde W\u00fcrste geeignet ist.\",\"breadcrumb\":{\"@id\":\"https:\/\/startercultures.eu\/de\/product\/fermentation-de\/bohnen-reis-korner\/halbdurchlassige-zellulose-hulle-45-mm\/#breadcrumb\"},\"inLanguage\":\"de-DE\",\"potentialAction\":[{\"@type\":\"ReadAction\",\"target\":[\"https:\/\/startercultures.eu\/de\/product\/fermentation-de\/bohnen-reis-korner\/halbdurchlassige-zellulose-hulle-45-mm\/\"]}]},{\"@type\":\"ImageObject\",\"inLanguage\":\"de-DE\",\"@id\":\"https:\/\/startercultures.eu\/de\/product\/fermentation-de\/bohnen-reis-korner\/halbdurchlassige-zellulose-hulle-45-mm\/#primaryimage\",\"url\":\"https:\/\/startercultures.eu\/wp-content\/uploads\/2020\/07\/Semi-permeable-cellulose-casing-45-mm.png\",\"contentUrl\":\"https:\/\/startercultures.eu\/wp-content\/uploads\/2020\/07\/Semi-permeable-cellulose-casing-45-mm.png\",\"width\":450,\"height\":450,\"caption\":\"Halbdurchl\u00e4ssige Zelluloseh\u00fclle - 45 mm\"},{\"@type\":\"BreadcrumbList\",\"@id\":\"https:\/\/startercultures.eu\/de\/product\/fermentation-de\/bohnen-reis-korner\/halbdurchlassige-zellulose-hulle-45-mm\/#breadcrumb\",\"itemListElement\":[{\"@type\":\"ListItem\",\"position\":1,\"name\":\"Home\",\"item\":\"https:\/\/startercultures.eu\/de\/\"},{\"@type\":\"ListItem\",\"position\":2,\"name\":\"Shop\",\"item\":\"https:\/\/startercultures.eu\/shop\/\"},{\"@type\":\"ListItem\",\"position\":3,\"name\":\"Halbdurchl\u00e4ssige Zellulosed\u00e4rme &#8211; 45 mm | 5er-Set\"}]},{\"@type\":\"WebSite\",\"@id\":\"https:\/\/startercultures.eu\/de\/#website\",\"url\":\"https:\/\/startercultures.eu\/de\/\",\"name\":\"Startercultures.eu\",\"description\":\"Startercultures.eu\",\"publisher\":{\"@id\":\"https:\/\/startercultures.eu\/de\/#organization\"},\"potentialAction\":[{\"@type\":\"SearchAction\",\"target\":{\"@type\":\"EntryPoint\",\"urlTemplate\":\"https:\/\/startercultures.eu\/de\/?s={search_term_string}\"},\"query-input\":{\"@type\":\"PropertyValueSpecification\",\"valueRequired\":true,\"valueName\":\"search_term_string\"}}],\"inLanguage\":\"de-DE\"},{\"@type\":\"Organization\",\"@id\":\"https:\/\/startercultures.eu\/de\/#organization\",\"name\":\"Startercultures.eu\",\"url\":\"https:\/\/startercultures.eu\/de\/\",\"logo\":{\"@type\":\"ImageObject\",\"inLanguage\":\"de-DE\",\"@id\":\"https:\/\/startercultures.eu\/de\/#\/schema\/logo\/image\/\",\"url\":\"https:\/\/startercultures.eu\/wp-content\/uploads\/2020\/08\/startercultures-eu-nl-logo-rond-rgb.png\",\"contentUrl\":\"https:\/\/startercultures.eu\/wp-content\/uploads\/2020\/08\/startercultures-eu-nl-logo-rond-rgb.png\",\"width\":320,\"height\":320,\"caption\":\"Startercultures.eu\"},\"image\":{\"@id\":\"https:\/\/startercultures.eu\/de\/#\/schema\/logo\/image\/\"},\"sameAs\":[\"https:\/\/www.facebook.com\/startercultureseu\",\"https:\/\/www.instagram.com\/startercultures.eu\/\"]}]}<\/script>\n<meta property=\"product:price:amount\" content=\"11.99\" \/>\n<meta property=\"product:price:currency\" content=\"EUR\" \/>\n<meta property=\"og:availability\" content=\"instock\" \/>\n<meta property=\"product:availability\" content=\"instock\" \/>\n<meta property=\"product:retailer_item_id\" content=\"5\" \/>\n<meta property=\"product:condition\" content=\"new\" \/>\n<!-- \/ Yoast SEO plugin. -->","yoast_head_json":{"title":"Halbdurchl\u00e4ssige Zellulosed\u00e4rme - 45 mm | 5er-Set - Startercultures.eu","description":"Ein ausgezeichneter halbdurchl\u00e4ssiger Zellulosedarm, der f\u00fcr alle Br\u00fchw\u00fcrste, aber auch f\u00fcr andere noch zu r\u00e4uchernde W\u00fcrste geeignet ist.","robots":{"index":"index","follow":"follow","max-snippet":"max-snippet:-1","max-image-preview":"max-image-preview:large","max-video-preview":"max-video-preview:-1"},"canonical":"https:\/\/startercultures.eu\/de\/product\/fermentation-de\/bohnen-reis-korner\/halbdurchlassige-zellulose-hulle-45-mm\/","og_locale":"de_DE","og_type":"article","og_title":"Halbdurchl\u00e4ssige Zellulosed\u00e4rme - 45 mm | 5er-Set - Startercultures.eu","og_description":"Ein ausgezeichneter halbdurchl\u00e4ssiger Zellulosedarm, der f\u00fcr alle Br\u00fchw\u00fcrste, aber auch f\u00fcr andere noch zu r\u00e4uchernde W\u00fcrste geeignet ist.","og_url":"https:\/\/startercultures.eu\/de\/product\/fermentation-de\/bohnen-reis-korner\/halbdurchlassige-zellulose-hulle-45-mm\/","og_site_name":"Startercultures.eu","article_publisher":"https:\/\/www.facebook.com\/startercultureseu","article_modified_time":"2026-02-03T21:18:11+00:00","og_image":[{"width":450,"height":450,"url":"https:\/\/startercultures.eu\/wp-content\/uploads\/2020\/07\/Semi-permeable-cellulose-casing-45-mm.png","type":"image\/png"}],"twitter_card":"summary_large_image","twitter_misc":{"Price":"11,99","Availability":"Vorr\u00e4tig"},"schema":{"@context":"https:\/\/schema.org","@graph":[{"@type":"WebPage","@id":"https:\/\/startercultures.eu\/de\/product\/fermentation-de\/bohnen-reis-korner\/halbdurchlassige-zellulose-hulle-45-mm\/","url":"https:\/\/startercultures.eu\/de\/product\/fermentation-de\/bohnen-reis-korner\/halbdurchlassige-zellulose-hulle-45-mm\/","name":"Halbdurchl\u00e4ssige Zellulosed\u00e4rme - 45 mm | 5er-Set - Startercultures.eu","isPartOf":{"@id":"https:\/\/startercultures.eu\/de\/#website"},"primaryImageOfPage":{"@id":"https:\/\/startercultures.eu\/de\/product\/fermentation-de\/bohnen-reis-korner\/halbdurchlassige-zellulose-hulle-45-mm\/#primaryimage"},"image":{"@id":"https:\/\/startercultures.eu\/de\/product\/fermentation-de\/bohnen-reis-korner\/halbdurchlassige-zellulose-hulle-45-mm\/#primaryimage"},"thumbnailUrl":"https:\/\/startercultures.eu\/wp-content\/uploads\/2020\/07\/Semi-permeable-cellulose-casing-45-mm.png","datePublished":"2020-07-31T16:27:22+00:00","dateModified":"2026-02-03T21:18:11+00:00","description":"Ein ausgezeichneter halbdurchl\u00e4ssiger Zellulosedarm, der f\u00fcr alle Br\u00fchw\u00fcrste, aber auch f\u00fcr andere noch zu r\u00e4uchernde W\u00fcrste geeignet ist.","breadcrumb":{"@id":"https:\/\/startercultures.eu\/de\/product\/fermentation-de\/bohnen-reis-korner\/halbdurchlassige-zellulose-hulle-45-mm\/#breadcrumb"},"inLanguage":"de-DE","potentialAction":[{"@type":"ReadAction","target":["https:\/\/startercultures.eu\/de\/product\/fermentation-de\/bohnen-reis-korner\/halbdurchlassige-zellulose-hulle-45-mm\/"]}]},{"@type":"ImageObject","inLanguage":"de-DE","@id":"https:\/\/startercultures.eu\/de\/product\/fermentation-de\/bohnen-reis-korner\/halbdurchlassige-zellulose-hulle-45-mm\/#primaryimage","url":"https:\/\/startercultures.eu\/wp-content\/uploads\/2020\/07\/Semi-permeable-cellulose-casing-45-mm.png","contentUrl":"https:\/\/startercultures.eu\/wp-content\/uploads\/2020\/07\/Semi-permeable-cellulose-casing-45-mm.png","width":450,"height":450,"caption":"Halbdurchl\u00e4ssige Zelluloseh\u00fclle - 45 mm"},{"@type":"BreadcrumbList","@id":"https:\/\/startercultures.eu\/de\/product\/fermentation-de\/bohnen-reis-korner\/halbdurchlassige-zellulose-hulle-45-mm\/#breadcrumb","itemListElement":[{"@type":"ListItem","position":1,"name":"Home","item":"https:\/\/startercultures.eu\/de\/"},{"@type":"ListItem","position":2,"name":"Shop","item":"https:\/\/startercultures.eu\/shop\/"},{"@type":"ListItem","position":3,"name":"Halbdurchl\u00e4ssige Zellulosed\u00e4rme &#8211; 45 mm | 5er-Set"}]},{"@type":"WebSite","@id":"https:\/\/startercultures.eu\/de\/#website","url":"https:\/\/startercultures.eu\/de\/","name":"Startercultures.eu","description":"Startercultures.eu","publisher":{"@id":"https:\/\/startercultures.eu\/de\/#organization"},"potentialAction":[{"@type":"SearchAction","target":{"@type":"EntryPoint","urlTemplate":"https:\/\/startercultures.eu\/de\/?s={search_term_string}"},"query-input":{"@type":"PropertyValueSpecification","valueRequired":true,"valueName":"search_term_string"}}],"inLanguage":"de-DE"},{"@type":"Organization","@id":"https:\/\/startercultures.eu\/de\/#organization","name":"Startercultures.eu","url":"https:\/\/startercultures.eu\/de\/","logo":{"@type":"ImageObject","inLanguage":"de-DE","@id":"https:\/\/startercultures.eu\/de\/#\/schema\/logo\/image\/","url":"https:\/\/startercultures.eu\/wp-content\/uploads\/2020\/08\/startercultures-eu-nl-logo-rond-rgb.png","contentUrl":"https:\/\/startercultures.eu\/wp-content\/uploads\/2020\/08\/startercultures-eu-nl-logo-rond-rgb.png","width":320,"height":320,"caption":"Startercultures.eu"},"image":{"@id":"https:\/\/startercultures.eu\/de\/#\/schema\/logo\/image\/"},"sameAs":["https:\/\/www.facebook.com\/startercultureseu","https:\/\/www.instagram.com\/startercultures.eu\/"]}]},"product_price_amount":"11.99","product_price_currency":"EUR","og_availability":"instock","product_availability":"instock","product_retailer_item_id":"5","product_condition":"new"},"_links":{"self":[{"href":"https:\/\/startercultures.eu\/de\/wp-json\/wp\/v2\/product\/24981","targetHints":{"allow":["GET"]}}],"collection":[{"href":"https:\/\/startercultures.eu\/de\/wp-json\/wp\/v2\/product"}],"about":[{"href":"https:\/\/startercultures.eu\/de\/wp-json\/wp\/v2\/types\/product"}],"replies":[{"embeddable":true,"href":"https:\/\/startercultures.eu\/de\/wp-json\/wp\/v2\/comments?post=24981"}],"version-history":[{"count":1,"href":"https:\/\/startercultures.eu\/de\/wp-json\/wp\/v2\/product\/24981\/revisions"}],"predecessor-version":[{"id":59786,"href":"https:\/\/startercultures.eu\/de\/wp-json\/wp\/v2\/product\/24981\/revisions\/59786"}],"wp:featuredmedia":[{"embeddable":true,"href":"https:\/\/startercultures.eu\/de\/wp-json\/wp\/v2\/media\/24201"}],"wp:attachment":[{"href":"https:\/\/startercultures.eu\/de\/wp-json\/wp\/v2\/media?parent=24981"}],"wp:term":[{"taxonomy":"product_brand","embeddable":true,"href":"https:\/\/startercultures.eu\/de\/wp-json\/wp\/v2\/product_brand?post=24981"},{"taxonomy":"product_cat","embeddable":true,"href":"https:\/\/startercultures.eu\/de\/wp-json\/wp\/v2\/product_cat?post=24981"},{"taxonomy":"product_tag","embeddable":true,"href":"https:\/\/startercultures.eu\/de\/wp-json\/wp\/v2\/product_tag?post=24981"}],"curies":[{"name":"wp","href":"https:\/\/api.w.org\/{rel}","templated":true}]}}