{"id":24982,"date":"2020-07-31T16:28:04","date_gmt":"2020-07-31T16:28:04","guid":{"rendered":"https:\/\/startercultures.eu\/product\/unkategorisiert\/salpeter-kaliumnitrat-fuer-wurstwaren-heilmittel-nr-2\/"},"modified":"2026-04-09T00:00:16","modified_gmt":"2026-04-08T22:00:16","slug":"salpeter-kaliumnitrat","status":"publish","type":"product","link":"https:\/\/startercultures.eu\/de\/product\/fermentation-de\/molkerei\/kase\/starterkulturen\/salpeter-kaliumnitrat\/","title":{"rendered":"Salpeter\/Kaliumnitrat | f\u00fcr Wurstwaren (Cure Nr. 2)"},"content":{"rendered":"<h3>Was ist Salpeter \/ Kaliumnitrat?<\/h3>\n<p>Salpeter\/Kaliumnitrat wird zum P\u00f6keln als Konservierungsmittel verwendet, um den Farbverlust von Fleisch zu verhindern. Es wird in der Wurst in Nitrit umgewandelt. Sie k\u00f6nnen es als eine &#8220;zeitlich begrenzte&#8221; Form von Nitrit betrachten. Es wird daher am ehesten f\u00fcr dickere, langsam trocknende Rohw\u00fcrste verwendet, meist vom s\u00fcdeurop\u00e4ischen Typ wie Cacciatore, Salame, Fuet, Chorizo und &#8216;nduja.<\/p>\n<p>Salpeter wird auch bei der K\u00e4seherstellung verwendet, um die Gasbildung im K\u00e4se zu verhindern (Gas, das von Kolibakterien gebildet wird). 200 ppm werden Edam, Gouda und Schweizer K\u00e4se zugesetzt, um das Wachstum des gasbildenden Clostridium tyrobutyricum zu verhindern.<\/p>\n<ul>\n<li>E252<\/li>\n<li>Salpeter<\/li>\n<li>Kaliumnitrat<\/li>\n<\/ul>\n<h3>Inhalt<\/h3>\n<ul>\n<li>50 Gramm Kaliumnitrat<\/li>\n<li>Allergene: keine<\/li>\n<\/ul>\n<h3>Aush\u00e4rten mit Salpeter \/ Kaliumnitrat<\/h3>\n<ul>\n<li>Bei der Wurstherstellung immer in Kombination mit<a href=\"https:\/\/www.starterculturen.nl\/en_GB\/c-4266235\/additives\/\"> Nitritp\u00f6kelsalz<\/a> verwenden, niemals allein.<\/li>\n<li>In Kombination mit Nitritsalz hat es die gleiche Wirkung wie Instacure # 2 oder Prague Powder # 2.<\/li>\n<li>Bei der K\u00e4seherstellung verwendet, um unerw\u00fcnschte Gasbildung zu verhindern.<\/li>\n<\/ul>\n<h3>Salpeter\/Kaliumnitrat kann als Ersatz f\u00fcr die Aush\u00e4rtung von Cure #2 verwendet werden.<\/h3>\n<p>Bitte lesen Sie unser <a href=\"https:\/\/startercultures.eu\/product\/sausages-and-charcuterie\/additives\/free-pointer-on-converting-us-cure-1-and-cure-2-recipes-to-with-european-ingredients\/\" target=\"_blank\" rel=\"noopener noreferrer\">kostenloses Dokument dar\u00fcber, wie Sie Cure #2 ersetzen k\u00f6nnen, wenn es in Ihrem Land nicht erh\u00e4ltlich<\/a> ist.<\/p>\n<h3>Dosierung<\/h3>\n<p>Achten Sie auf die Dosierung. Sie brauchen sehr wenig<\/p>\n<ul>\n<li>Fleisch: 0,3 Gramm (drei Zehntel!) pro Kilo Fleisch. Es ist jedoch nicht besonders sch\u00e4dlich, wenn man ein wenig zu viel davon hinzuf\u00fcgt.<\/li>\n<li>K\u00e4se: 1,5-2 Gramm pro 10 Liter Milch.<\/li>\n<\/ul>\n<h3>Online-Workshop zur Wurstherstellung in englischer Sprache<img decoding=\"async\" class=\"lazyload  wp-image-23961 alignright\" src=\"https:\/\/startercultures.eu\/wp-content\/uploads\/2020\/12\/sausage-making-workshop-450-300x300.png\" data-orig-src=\"https:\/\/startercultures.eu\/wp-content\/uploads\/2020\/12\/sausage-making-workshop-450-300x300.png\" alt=\"Lernen Sie, wie Sie zu Hause Trockenwurst herstellen\" width=\"126\" height=\"126\" srcset=\"data:image\/svg+xml,%3Csvg%20xmlns%3D%27http%3A%2F%2Fwww.w3.org%2F2000%2Fsvg%27%20width%3D%27126%27%20height%3D%27126%27%20viewBox%3D%270%200%20126%20126%27%3E%3Crect%20width%3D%27126%27%20height%3D%27126%27%20fill-opacity%3D%220%22%2F%3E%3C%2Fsvg%3E\" data-srcset=\"https:\/\/startercultures.eu\/wp-content\/uploads\/2020\/12\/sausage-making-workshop-450-66x66.png 66w, https:\/\/startercultures.eu\/wp-content\/uploads\/2020\/12\/sausage-making-workshop-450-70x70.png 70w, https:\/\/startercultures.eu\/wp-content\/uploads\/2020\/12\/sausage-making-workshop-450-100x100.png 100w, https:\/\/startercultures.eu\/wp-content\/uploads\/2020\/12\/sausage-making-workshop-450-150x150.png 150w, https:\/\/startercultures.eu\/wp-content\/uploads\/2020\/12\/sausage-making-workshop-450-200x200.png 200w, https:\/\/startercultures.eu\/wp-content\/uploads\/2020\/12\/sausage-making-workshop-450-300x300.png 300w, https:\/\/startercultures.eu\/wp-content\/uploads\/2020\/12\/sausage-making-workshop-450-400x399.png 400w, https:\/\/startercultures.eu\/wp-content\/uploads\/2020\/12\/sausage-making-workshop-450.png 450w\" data-sizes=\"auto\" data-orig-sizes=\"(max-width: 126px) 100vw, 126px\" \/><\/h3>\n<p>In diesem <a href=\"https:\/\/startercultures.eu\/product\/sausages-and-charcuterie\/online-sausage-making-workshop\/\" target=\"_blank\" rel=\"noopener\">englischsprachigen Online-Workshop<\/a> lernen Sie die Theorie und Praxis der Herstellung von frischen W\u00fcrsten. Welche Fleischsorten eignen sich am besten, wo findet man die Zutaten, was sind die gr\u00f6\u00dften Fallstricke und was kann man mit D\u00e4rmen alles anstellen? Foodwriter <a href=\"https:\/\/wateetons.com\/\" target=\"_blank\" rel=\"noopener\">&#8216;Meneer Wateetons&#8217;<\/a>, Autor mehrerer B\u00fccher \u00fcber Fermentierung und alternative Lebensmittelzubereitungstechniken, wird Ihnen alles \u00fcber Fermentierung, P\u00f6kelsalze, Lebensmittelsicherheit, pH-Wert, Starterkulturen, Schimmelpilze und Trocknungsbedingungen beibringen. Klicken Sie <a href=\"https:\/\/startercultures.eu\/product\/sausages-and-charcuterie\/online-sausage-making-workshop\/\" target=\"_blank\" rel=\"noopener\">hier<\/a> f\u00fcr weitere Informationen.<\/p>\n<p>&nbsp;<\/p>\n","protected":false},"excerpt":{"rendered":"<p>Salpeter \/ Kaliumnitrat wird als Konservierungsmittel verwendet, um den Farbverlust von Fleisch zu verhindern. Es wird in der Wurst in Nitrit umgewandelt. Kann als Ersatz f\u00fcr Cure Nr. 2 verwendet werden.<\/p>\n","protected":false},"featured_media":37438,"comment_status":"open","ping_status":"closed","template":"","meta":{"_acf_changed":false,"footnotes":""},"product_brand":[],"product_cat":[647,703],"product_tag":[],"class_list":{"0":"post-24982","1":"product","2":"type-product","3":"status-publish","4":"has-post-thumbnail","6":"product_cat-starterkulturen","7":"product_cat-zusatzstoffe","8":"pa_ean-8720297620386-de","10":"first","11":"instock","12":"taxable","13":"shipping-taxable","14":"purchasable","15":"product-type-simple"},"acf":[],"yoast_head":"<!-- This site is optimized with the Yoast SEO plugin v26.6 - https:\/\/yoast.com\/wordpress\/plugins\/seo\/ -->\n<title>Salpeter\/Kaliumnitrat | f\u00fcr Wurstwaren (Cure Nr. 2) - Startercultures.eu<\/title>\n<meta name=\"description\" content=\"Salpeter \/ Kaliumnitrat wird als Konservierungsmittel verwendet, um den Farbverlust von Fleisch zu verhindern. Es wird in der Wurst in Nitrit umgewandelt. Kann als Ersatz f\u00fcr Cure Nr. 2 verwendet werden.\" \/>\n<meta name=\"robots\" content=\"index, follow, max-snippet:-1, max-image-preview:large, max-video-preview:-1\" \/>\n<link rel=\"canonical\" href=\"https:\/\/startercultures.eu\/de\/product\/fermentation-de\/molkerei\/kase\/starterkulturen\/salpeter-kaliumnitrat\/\" \/>\n<meta property=\"og:locale\" content=\"de_DE\" \/>\n<meta property=\"og:type\" content=\"article\" \/>\n<meta property=\"og:title\" content=\"Salpeter\/Kaliumnitrat | f\u00fcr Wurstwaren (Cure Nr. 2) - Startercultures.eu\" \/>\n<meta property=\"og:description\" content=\"Salpeter \/ Kaliumnitrat wird als Konservierungsmittel verwendet, um den Farbverlust von Fleisch zu verhindern. Es wird in der Wurst in Nitrit umgewandelt. Kann als Ersatz f\u00fcr Cure Nr. 2 verwendet werden.\" \/>\n<meta property=\"og:url\" content=\"https:\/\/startercultures.eu\/de\/product\/fermentation-de\/molkerei\/kase\/starterkulturen\/salpeter-kaliumnitrat\/\" \/>\n<meta property=\"og:site_name\" content=\"Startercultures.eu\" \/>\n<meta property=\"article:publisher\" content=\"https:\/\/www.facebook.com\/startercultureseu\" \/>\n<meta property=\"article:modified_time\" content=\"2026-04-08T22:00:16+00:00\" \/>\n<meta property=\"og:image\" content=\"https:\/\/startercultures.eu\/wp-content\/uploads\/2020\/07\/006-kaliumnitraat2-mu.png\" \/>\n\t<meta property=\"og:image:width\" content=\"1250\" \/>\n\t<meta property=\"og:image:height\" content=\"1250\" \/>\n\t<meta property=\"og:image:type\" content=\"image\/png\" \/>\n<meta name=\"twitter:card\" content=\"summary_large_image\" \/>\n<meta name=\"twitter:label1\" content=\"Price\" \/>\n\t<meta name=\"twitter:data1\" content=\"9,99\" \/>\n\t<meta name=\"twitter:label2\" content=\"Availability\" \/>\n\t<meta name=\"twitter:data2\" content=\"Vorr\u00e4tig\" \/>\n<script type=\"application\/ld+json\" class=\"yoast-schema-graph\">{\"@context\":\"https:\/\/schema.org\",\"@graph\":[{\"@type\":\"WebPage\",\"@id\":\"https:\/\/startercultures.eu\/de\/product\/fermentation-de\/molkerei\/kase\/starterkulturen\/salpeter-kaliumnitrat\/\",\"url\":\"https:\/\/startercultures.eu\/de\/product\/fermentation-de\/molkerei\/kase\/starterkulturen\/salpeter-kaliumnitrat\/\",\"name\":\"Salpeter\/Kaliumnitrat | f\u00fcr Wurstwaren (Cure Nr. 2) - Startercultures.eu\",\"isPartOf\":{\"@id\":\"https:\/\/startercultures.eu\/de\/#website\"},\"primaryImageOfPage\":{\"@id\":\"https:\/\/startercultures.eu\/de\/product\/fermentation-de\/molkerei\/kase\/starterkulturen\/salpeter-kaliumnitrat\/#primaryimage\"},\"image\":{\"@id\":\"https:\/\/startercultures.eu\/de\/product\/fermentation-de\/molkerei\/kase\/starterkulturen\/salpeter-kaliumnitrat\/#primaryimage\"},\"thumbnailUrl\":\"https:\/\/startercultures.eu\/wp-content\/uploads\/2020\/07\/006-kaliumnitraat2-mu.png\",\"datePublished\":\"2020-07-31T16:28:04+00:00\",\"dateModified\":\"2026-04-08T22:00:16+00:00\",\"description\":\"Salpeter \/ Kaliumnitrat wird als Konservierungsmittel verwendet, um den Farbverlust von Fleisch zu verhindern. Es wird in der Wurst in Nitrit umgewandelt. Kann als Ersatz f\u00fcr Cure Nr. 2 verwendet werden.\",\"breadcrumb\":{\"@id\":\"https:\/\/startercultures.eu\/de\/product\/fermentation-de\/molkerei\/kase\/starterkulturen\/salpeter-kaliumnitrat\/#breadcrumb\"},\"inLanguage\":\"de-DE\",\"potentialAction\":[{\"@type\":\"ReadAction\",\"target\":[\"https:\/\/startercultures.eu\/de\/product\/fermentation-de\/molkerei\/kase\/starterkulturen\/salpeter-kaliumnitrat\/\"]}]},{\"@type\":\"ImageObject\",\"inLanguage\":\"de-DE\",\"@id\":\"https:\/\/startercultures.eu\/de\/product\/fermentation-de\/molkerei\/kase\/starterkulturen\/salpeter-kaliumnitrat\/#primaryimage\",\"url\":\"https:\/\/startercultures.eu\/wp-content\/uploads\/2020\/07\/006-kaliumnitraat2-mu.png\",\"contentUrl\":\"https:\/\/startercultures.eu\/wp-content\/uploads\/2020\/07\/006-kaliumnitraat2-mu.png\",\"width\":1250,\"height\":1250,\"caption\":\"Saltpeter\"},{\"@type\":\"BreadcrumbList\",\"@id\":\"https:\/\/startercultures.eu\/de\/product\/fermentation-de\/molkerei\/kase\/starterkulturen\/salpeter-kaliumnitrat\/#breadcrumb\",\"itemListElement\":[{\"@type\":\"ListItem\",\"position\":1,\"name\":\"Home\",\"item\":\"https:\/\/startercultures.eu\/de\/\"},{\"@type\":\"ListItem\",\"position\":2,\"name\":\"Shop\",\"item\":\"https:\/\/startercultures.eu\/shop\/\"},{\"@type\":\"ListItem\",\"position\":3,\"name\":\"Salpeter\/Kaliumnitrat | f\u00fcr Wurstwaren (Cure Nr. 2)\"}]},{\"@type\":\"WebSite\",\"@id\":\"https:\/\/startercultures.eu\/de\/#website\",\"url\":\"https:\/\/startercultures.eu\/de\/\",\"name\":\"Startercultures.eu\",\"description\":\"Startercultures.eu\",\"publisher\":{\"@id\":\"https:\/\/startercultures.eu\/de\/#organization\"},\"potentialAction\":[{\"@type\":\"SearchAction\",\"target\":{\"@type\":\"EntryPoint\",\"urlTemplate\":\"https:\/\/startercultures.eu\/de\/?s={search_term_string}\"},\"query-input\":{\"@type\":\"PropertyValueSpecification\",\"valueRequired\":true,\"valueName\":\"search_term_string\"}}],\"inLanguage\":\"de-DE\"},{\"@type\":\"Organization\",\"@id\":\"https:\/\/startercultures.eu\/de\/#organization\",\"name\":\"Startercultures.eu\",\"url\":\"https:\/\/startercultures.eu\/de\/\",\"logo\":{\"@type\":\"ImageObject\",\"inLanguage\":\"de-DE\",\"@id\":\"https:\/\/startercultures.eu\/de\/#\/schema\/logo\/image\/\",\"url\":\"https:\/\/startercultures.eu\/wp-content\/uploads\/2020\/08\/startercultures-eu-nl-logo-rond-rgb.png\",\"contentUrl\":\"https:\/\/startercultures.eu\/wp-content\/uploads\/2020\/08\/startercultures-eu-nl-logo-rond-rgb.png\",\"width\":320,\"height\":320,\"caption\":\"Startercultures.eu\"},\"image\":{\"@id\":\"https:\/\/startercultures.eu\/de\/#\/schema\/logo\/image\/\"},\"sameAs\":[\"https:\/\/www.facebook.com\/startercultureseu\",\"https:\/\/www.instagram.com\/startercultures.eu\/\"],\"hasMerchantReturnPolicy\":{\"@type\":\"MerchantReturnPolicy\",\"merchantReturnLink\":\"https:\/\/startercultures.eu\/return-policy\/\"}}]}<\/script>\n<meta property=\"product:price:amount\" content=\"9.99\" \/>\n<meta property=\"product:price:currency\" content=\"EUR\" \/>\n<meta property=\"og:availability\" content=\"instock\" \/>\n<meta property=\"product:availability\" content=\"instock\" \/>\n<meta property=\"product:retailer_item_id\" content=\"6\" \/>\n<meta property=\"product:condition\" content=\"new\" \/>\n<!-- \/ Yoast SEO plugin. -->","yoast_head_json":{"title":"Salpeter\/Kaliumnitrat | f\u00fcr Wurstwaren (Cure Nr. 2) - Startercultures.eu","description":"Salpeter \/ Kaliumnitrat wird als Konservierungsmittel verwendet, um den Farbverlust von Fleisch zu verhindern. Es wird in der Wurst in Nitrit umgewandelt. Kann als Ersatz f\u00fcr Cure Nr. 2 verwendet werden.","robots":{"index":"index","follow":"follow","max-snippet":"max-snippet:-1","max-image-preview":"max-image-preview:large","max-video-preview":"max-video-preview:-1"},"canonical":"https:\/\/startercultures.eu\/de\/product\/fermentation-de\/molkerei\/kase\/starterkulturen\/salpeter-kaliumnitrat\/","og_locale":"de_DE","og_type":"article","og_title":"Salpeter\/Kaliumnitrat | f\u00fcr Wurstwaren (Cure Nr. 2) - Startercultures.eu","og_description":"Salpeter \/ Kaliumnitrat wird als Konservierungsmittel verwendet, um den Farbverlust von Fleisch zu verhindern. Es wird in der Wurst in Nitrit umgewandelt. Kann als Ersatz f\u00fcr Cure Nr. 2 verwendet werden.","og_url":"https:\/\/startercultures.eu\/de\/product\/fermentation-de\/molkerei\/kase\/starterkulturen\/salpeter-kaliumnitrat\/","og_site_name":"Startercultures.eu","article_publisher":"https:\/\/www.facebook.com\/startercultureseu","article_modified_time":"2026-04-08T22:00:16+00:00","og_image":[{"width":1250,"height":1250,"url":"https:\/\/startercultures.eu\/wp-content\/uploads\/2020\/07\/006-kaliumnitraat2-mu.png","type":"image\/png"}],"twitter_card":"summary_large_image","twitter_misc":{"Price":"9,99","Availability":"Vorr\u00e4tig"},"schema":{"@context":"https:\/\/schema.org","@graph":[{"@type":"WebPage","@id":"https:\/\/startercultures.eu\/de\/product\/fermentation-de\/molkerei\/kase\/starterkulturen\/salpeter-kaliumnitrat\/","url":"https:\/\/startercultures.eu\/de\/product\/fermentation-de\/molkerei\/kase\/starterkulturen\/salpeter-kaliumnitrat\/","name":"Salpeter\/Kaliumnitrat | f\u00fcr Wurstwaren (Cure Nr. 2) - Startercultures.eu","isPartOf":{"@id":"https:\/\/startercultures.eu\/de\/#website"},"primaryImageOfPage":{"@id":"https:\/\/startercultures.eu\/de\/product\/fermentation-de\/molkerei\/kase\/starterkulturen\/salpeter-kaliumnitrat\/#primaryimage"},"image":{"@id":"https:\/\/startercultures.eu\/de\/product\/fermentation-de\/molkerei\/kase\/starterkulturen\/salpeter-kaliumnitrat\/#primaryimage"},"thumbnailUrl":"https:\/\/startercultures.eu\/wp-content\/uploads\/2020\/07\/006-kaliumnitraat2-mu.png","datePublished":"2020-07-31T16:28:04+00:00","dateModified":"2026-04-08T22:00:16+00:00","description":"Salpeter \/ Kaliumnitrat wird als Konservierungsmittel verwendet, um den Farbverlust von Fleisch zu verhindern. Es wird in der Wurst in Nitrit umgewandelt. Kann als Ersatz f\u00fcr Cure Nr. 2 verwendet werden.","breadcrumb":{"@id":"https:\/\/startercultures.eu\/de\/product\/fermentation-de\/molkerei\/kase\/starterkulturen\/salpeter-kaliumnitrat\/#breadcrumb"},"inLanguage":"de-DE","potentialAction":[{"@type":"ReadAction","target":["https:\/\/startercultures.eu\/de\/product\/fermentation-de\/molkerei\/kase\/starterkulturen\/salpeter-kaliumnitrat\/"]}]},{"@type":"ImageObject","inLanguage":"de-DE","@id":"https:\/\/startercultures.eu\/de\/product\/fermentation-de\/molkerei\/kase\/starterkulturen\/salpeter-kaliumnitrat\/#primaryimage","url":"https:\/\/startercultures.eu\/wp-content\/uploads\/2020\/07\/006-kaliumnitraat2-mu.png","contentUrl":"https:\/\/startercultures.eu\/wp-content\/uploads\/2020\/07\/006-kaliumnitraat2-mu.png","width":1250,"height":1250,"caption":"Saltpeter"},{"@type":"BreadcrumbList","@id":"https:\/\/startercultures.eu\/de\/product\/fermentation-de\/molkerei\/kase\/starterkulturen\/salpeter-kaliumnitrat\/#breadcrumb","itemListElement":[{"@type":"ListItem","position":1,"name":"Home","item":"https:\/\/startercultures.eu\/de\/"},{"@type":"ListItem","position":2,"name":"Shop","item":"https:\/\/startercultures.eu\/shop\/"},{"@type":"ListItem","position":3,"name":"Salpeter\/Kaliumnitrat | f\u00fcr Wurstwaren (Cure Nr. 2)"}]},{"@type":"WebSite","@id":"https:\/\/startercultures.eu\/de\/#website","url":"https:\/\/startercultures.eu\/de\/","name":"Startercultures.eu","description":"Startercultures.eu","publisher":{"@id":"https:\/\/startercultures.eu\/de\/#organization"},"potentialAction":[{"@type":"SearchAction","target":{"@type":"EntryPoint","urlTemplate":"https:\/\/startercultures.eu\/de\/?s={search_term_string}"},"query-input":{"@type":"PropertyValueSpecification","valueRequired":true,"valueName":"search_term_string"}}],"inLanguage":"de-DE"},{"@type":"Organization","@id":"https:\/\/startercultures.eu\/de\/#organization","name":"Startercultures.eu","url":"https:\/\/startercultures.eu\/de\/","logo":{"@type":"ImageObject","inLanguage":"de-DE","@id":"https:\/\/startercultures.eu\/de\/#\/schema\/logo\/image\/","url":"https:\/\/startercultures.eu\/wp-content\/uploads\/2020\/08\/startercultures-eu-nl-logo-rond-rgb.png","contentUrl":"https:\/\/startercultures.eu\/wp-content\/uploads\/2020\/08\/startercultures-eu-nl-logo-rond-rgb.png","width":320,"height":320,"caption":"Startercultures.eu"},"image":{"@id":"https:\/\/startercultures.eu\/de\/#\/schema\/logo\/image\/"},"sameAs":["https:\/\/www.facebook.com\/startercultureseu","https:\/\/www.instagram.com\/startercultures.eu\/"],"hasMerchantReturnPolicy":{"@type":"MerchantReturnPolicy","merchantReturnLink":"https:\/\/startercultures.eu\/return-policy\/"}}]},"product_price_amount":"9.99","product_price_currency":"EUR","og_availability":"instock","product_availability":"instock","product_retailer_item_id":"6","product_condition":"new"},"_links":{"self":[{"href":"https:\/\/startercultures.eu\/de\/wp-json\/wp\/v2\/product\/24982","targetHints":{"allow":["GET"]}}],"collection":[{"href":"https:\/\/startercultures.eu\/de\/wp-json\/wp\/v2\/product"}],"about":[{"href":"https:\/\/startercultures.eu\/de\/wp-json\/wp\/v2\/types\/product"}],"replies":[{"embeddable":true,"href":"https:\/\/startercultures.eu\/de\/wp-json\/wp\/v2\/comments?post=24982"}],"version-history":[{"count":4,"href":"https:\/\/startercultures.eu\/de\/wp-json\/wp\/v2\/product\/24982\/revisions"}],"predecessor-version":[{"id":64912,"href":"https:\/\/startercultures.eu\/de\/wp-json\/wp\/v2\/product\/24982\/revisions\/64912"}],"wp:featuredmedia":[{"embeddable":true,"href":"https:\/\/startercultures.eu\/de\/wp-json\/wp\/v2\/media\/37438"}],"wp:attachment":[{"href":"https:\/\/startercultures.eu\/de\/wp-json\/wp\/v2\/media?parent=24982"}],"wp:term":[{"taxonomy":"product_brand","embeddable":true,"href":"https:\/\/startercultures.eu\/de\/wp-json\/wp\/v2\/product_brand?post=24982"},{"taxonomy":"product_cat","embeddable":true,"href":"https:\/\/startercultures.eu\/de\/wp-json\/wp\/v2\/product_cat?post=24982"},{"taxonomy":"product_tag","embeddable":true,"href":"https:\/\/startercultures.eu\/de\/wp-json\/wp\/v2\/product_tag?post=24982"}],"curies":[{"name":"wp","href":"https:\/\/api.w.org\/{rel}","templated":true}]}}