{"id":24987,"date":"2020-07-31T16:28:25","date_gmt":"2020-07-31T16:28:25","guid":{"rendered":"https:\/\/startercultures.eu\/product\/unkategorisiert\/slow-starter-kultur-primal-sk-soft-fuer-trockenwuerste\/"},"modified":"2026-03-07T01:15:21","modified_gmt":"2026-03-07T00:15:21","slug":"langsame-starterkultur-van-hees-primal-sk-soft-fur-trockenwurst","status":"publish","type":"product","link":"https:\/\/startercultures.eu\/de\/product\/wurstwaren-und-charcuterie-de\/startercultures-for-sausage-making\/langsame-kulturen\/langsame-starterkultur-van-hees-primal-sk-soft-fur-trockenwurst\/","title":{"rendered":"Langsame Starterkultur Primal SK soft | f\u00fcr Trockenw\u00fcrste"},"content":{"rendered":"<h3 class=\"\" data-fontsize=\"21\" data-lineheight=\"27.3px\">Was sind Starterkulturen f\u00fcr Wurstwaren?<\/h3>\n<p>Starterkulturen sind gefriergetrocknete Bakterien, die Sie bei der Herstellung Ihrer eigenen Trockenw\u00fcrste wie Chorizo, Fuet, Salami und zahlreichen anderen Trockenw\u00fcrsten verwenden. Sie sorgen f\u00fcr Sicherheit, indem sie das Fleisch s\u00e4uern (d. h. den pH-Wert senken), und sie verleihen der Wurst ihren unverwechselbaren P\u00f6kel- und Reifegeschmack. Sie werden immer zusammen mit <a href=\"https:\/\/startercultures.eu\/product-category\/sausages-and-charcuterie\/\/\/additives\" target=\"_blank\" rel=\"noopener noreferrer\">Nitritsalz (P\u00f6kelsalz), Dextrose und manchmal Nitraten<\/a> verwendet. Es gibt sie grob in 3 Varianten: schnell, mittelschnell und langsam. Die langsame Starterkultur Van Hees &#8211; Primal SK soft ist ein langsamer, schneller Typ von Starterkultur.<\/p>\n<h3>\u00dcber die langsame Starterkultur Van Hees &#8211; Primal SK Soft<\/h3>\n<p>Van Hees &#8211; Primal SK Soft ist eine langsam arbeitende Starterkultur. Am besten geeignet f\u00fcr die langsame G\u00e4rung von s\u00fcdeurop\u00e4ischen oder nordeurop\u00e4ischen W\u00fcrsten. Sehr milde Akifikation. Auch sehr gut geeignet f\u00fcr den Einsatz mit <a href=\"https:\/\/startercultures.eu\/de\/product\/fermentation-de\/bohnen-reis-korner\/asiatisch\/starterkulteren-de-6\/glucono-delta-lacton-gdl\/\">GDL<\/a><\/p>\n<h3>Inhalt<\/h3>\n<ul>\n<li>25 Gramm geeignet f\u00fcr 50 kg Fleisch<\/li>\n<li>Im Gefrierschrank aufbewahren, kurze Unterbrechungen des Gefrierens haben jedoch keinen Einfluss auf die Qualit\u00e4t<\/li>\n<li>Mikroben: <em>S. carnosus<\/em><\/li>\n<li>Obwohl es sich in seiner Zusammensetzung mikrobiologisch unterscheidet, kann es als Ersatz f\u00fcr Bactoferm T-SPX verwendet werden.<\/li>\n<\/ul>\n<h3>Wie verwendet man Van Hees &#8211; Primal SK Soft?<\/h3>\n<ul>\n<li>Immer mit <a href=\"https:\/\/startercultures.eu\/product-category\/sausages-and-charcuterie\/additives\/\">P\u00f6kelsalz und Traubenzucker<\/a>kombinieren<\/li>\n<li>Kann auch mit der <a href=\"https:\/\/startercultures.eu\/de\/product\/fermentation-de\/bohnen-reis-korner\/asiatisch\/starterkulteren-de-6\/glucono-delta-lacton-gdl\/\">GDL<\/a>kombiniert werden <a href=\"https:\/\/startercultures.eu\/de\/product\/fermentation-de\/bohnen-reis-korner\/asiatisch\/starterkulteren-de-6\/glucono-delta-lacton-gdl\/\">.<\/a><\/li>\n<li>G\u00e4rung: ca. 72 Stunden bei 20 \u00b0C oder durch Absenken der Temperatur von 22 auf 18 \u00b0C \u00fcber 5 Tage.<\/li>\n<\/ul>\n<h3>H\u00e4uslichen Herstellung von luftgetrockneten W\u00fcrsten<\/h3>\n<p>Luftgetrocknete W\u00fcrste sind eine kulinarische K\u00f6stlichkeit, die in verschiedenen Gerichten genossen oder als schmackhafter Imbiss verzehrt werden kann. Diese althergebrachte Konservierungsmethode bedient sich der Verwendung von Salz, Gew\u00fcrzen, Fermentation und Zeit, um k\u00f6stliche, haltbare W\u00fcrste mit intensiven Aromen zu kreieren. <a href=\"https:\/\/startercultures.eu\/de\/making-dry-cured-sausages-at-home-step-by-step\/\" target=\"_blank\" rel=\"noopener\">In dieser Anleitung<\/a> werden wir Sie durch den Prozess der h\u00e4uslichen Herstellung von luftgetrockneten W\u00fcrsten f\u00fchren.<\/p>\n<h3>Englischsprachiger Online-Workshop zur Herstellung von Rohwurst<br \/>\n<img decoding=\"async\" class=\"lazyload  wp-image-23961 alignright\" src=\"https:\/\/startercultures.eu\/wp-content\/uploads\/2020\/12\/sausage-making-workshop-450-300x300.png\" data-orig-src=\"https:\/\/startercultures.eu\/wp-content\/uploads\/2020\/12\/sausage-making-workshop-450-300x300.png\" alt=\"Lernen Sie, wie Sie zu Hause Trockenwurst herstellen\" width=\"126\" height=\"126\" srcset=\"data:image\/svg+xml,%3Csvg%20xmlns%3D%27http%3A%2F%2Fwww.w3.org%2F2000%2Fsvg%27%20width%3D%27126%27%20height%3D%27126%27%20viewBox%3D%270%200%20126%20126%27%3E%3Crect%20width%3D%27126%27%20height%3D%27126%27%20fill-opacity%3D%220%22%2F%3E%3C%2Fsvg%3E\" data-srcset=\"https:\/\/startercultures.eu\/wp-content\/uploads\/2020\/12\/sausage-making-workshop-450-66x66.png 66w, https:\/\/startercultures.eu\/wp-content\/uploads\/2020\/12\/sausage-making-workshop-450-70x70.png 70w, https:\/\/startercultures.eu\/wp-content\/uploads\/2020\/12\/sausage-making-workshop-450-100x100.png 100w, https:\/\/startercultures.eu\/wp-content\/uploads\/2020\/12\/sausage-making-workshop-450-150x150.png 150w, https:\/\/startercultures.eu\/wp-content\/uploads\/2020\/12\/sausage-making-workshop-450-200x200.png 200w, https:\/\/startercultures.eu\/wp-content\/uploads\/2020\/12\/sausage-making-workshop-450-300x300.png 300w, https:\/\/startercultures.eu\/wp-content\/uploads\/2020\/12\/sausage-making-workshop-450-400x399.png 400w, https:\/\/startercultures.eu\/wp-content\/uploads\/2020\/12\/sausage-making-workshop-450.png 450w\" data-sizes=\"auto\" data-orig-sizes=\"(max-width: 126px) 100vw, 126px\" \/><\/h3>\n<p>W\u00e4hrend <a href=\"https:\/\/startercultures.eu\/de\/product\/wurstwaren-und-charcuterie-de\/online-englischsprachiger-trocken-cured-wurstwaren-workshop\/\" target=\"_blank\" rel=\"noopener\">dieses Meisterkurses in englischer Sprache<\/a> lernen Sie in Theorie und Praxis, wie man Rohw\u00fcrste wie Salami, Fuet, Chorizo, Peperoni und Sommerw\u00fcrste zu Hause herstellt. Foodwriter<a href=\"https:\/\/wateetons.com\/\" target=\"_blank\" rel=\"noopener\">&#8216;Meneer Wateetons&#8217;<\/a>, Autor mehrerer B\u00fccher \u00fcber G\u00e4rung und Wurstherstellung, wird Ihnen alles \u00fcber G\u00e4rung, P\u00f6kelsalze, Lebensmittelsicherheit, <a href=\"https:\/\/en.wikipedia.org\/wiki\/PH\" target=\"_blank\" rel=\"noopener\">pH-Wert<\/a>, Starterkulturen, Schimmelpilze und Trocknungsbedingungen beibringen.Klicken Sie <a href=\"https:\/\/startercultures.eu\/de\/product\/wurstwaren-und-charcuterie-de\/online-englischsprachiger-trocken-cured-wurstwaren-workshop\/\" target=\"_blank\" rel=\"noopener\">hier<\/a> f\u00fcr weitere Informationen.<\/p>\n","protected":false},"excerpt":{"rendered":"<p>Van Hees &#8211; Primal SK Soft ist eine langsam arbeitende Starterkultur. Am besten geeignet f\u00fcr die langsame G\u00e4rung von s\u00fcdeurop\u00e4ischen oder nordeurop\u00e4ischen W\u00fcrsten. Sehr milde Akifikation. Auch sehr gut geeignet f\u00fcr den <a href=\"https:\/\/startercultures.eu\/de\/product\/fermentation-de\/bohnen-reis-korner\/asiatisch\/starterkulteren-de-6\/glucono-delta-lacton-gdl\/\">GDL\u00a0\u00a0<\/a><\/p>\n","protected":false},"featured_media":24226,"comment_status":"open","ping_status":"closed","template":"","meta":{"_acf_changed":false,"footnotes":""},"product_brand":[],"product_cat":[699],"product_tag":[],"class_list":{"0":"post-24987","1":"product","2":"type-product","3":"status-publish","4":"has-post-thumbnail","6":"product_cat-langsame-kulturen","7":"pa_ean-8720297620454-de","9":"first","10":"instock","11":"taxable","12":"shipping-taxable","13":"purchasable","14":"product-type-simple"},"acf":[],"yoast_head":"<!-- This site is optimized with the Yoast SEO plugin v26.6 - https:\/\/yoast.com\/wordpress\/plugins\/seo\/ -->\n<title>Langsame Starterkultur Primal SK soft | f\u00fcr Trockenw\u00fcrste - Startercultures.eu<\/title>\n<meta name=\"description\" content=\"Van Hees - Primal SK Soft ist eine langsam arbeitende Starterkultur. Am besten geeignet f\u00fcr die langsame G\u00e4rung von s\u00fcdeurop\u00e4ischen W\u00fcrsten.\" \/>\n<meta name=\"robots\" content=\"index, follow, max-snippet:-1, max-image-preview:large, max-video-preview:-1\" \/>\n<link rel=\"canonical\" href=\"https:\/\/startercultures.eu\/de\/product\/wurstwaren-und-charcuterie-de\/startercultures-for-sausage-making\/langsame-kulturen\/langsame-starterkultur-van-hees-primal-sk-soft-fur-trockenwurst\/\" \/>\n<meta property=\"og:locale\" content=\"de_DE\" \/>\n<meta property=\"og:type\" content=\"article\" \/>\n<meta property=\"og:title\" content=\"Langsame Starterkultur Primal SK soft | f\u00fcr Trockenw\u00fcrste - Startercultures.eu\" \/>\n<meta property=\"og:description\" content=\"Van Hees - Primal SK Soft ist eine langsam arbeitende Starterkultur. Am besten geeignet f\u00fcr die langsame G\u00e4rung von s\u00fcdeurop\u00e4ischen W\u00fcrsten.\" \/>\n<meta property=\"og:url\" content=\"https:\/\/startercultures.eu\/de\/product\/wurstwaren-und-charcuterie-de\/startercultures-for-sausage-making\/langsame-kulturen\/langsame-starterkultur-van-hees-primal-sk-soft-fur-trockenwurst\/\" \/>\n<meta property=\"og:site_name\" content=\"Startercultures.eu\" \/>\n<meta property=\"article:publisher\" content=\"https:\/\/www.facebook.com\/startercultureseu\" \/>\n<meta property=\"article:modified_time\" content=\"2026-03-07T00:15:21+00:00\" \/>\n<meta property=\"og:image\" content=\"https:\/\/startercultures.eu\/wp-content\/uploads\/2021\/01\/Primal-SK-soft.png\" \/>\n\t<meta property=\"og:image:width\" content=\"946\" \/>\n\t<meta property=\"og:image:height\" content=\"707\" \/>\n\t<meta property=\"og:image:type\" content=\"image\/png\" \/>\n<meta name=\"twitter:card\" content=\"summary_large_image\" \/>\n<meta name=\"twitter:label1\" content=\"Price\" \/>\n\t<meta name=\"twitter:data1\" content=\"14,99\" \/>\n\t<meta name=\"twitter:label2\" content=\"Availability\" \/>\n\t<meta name=\"twitter:data2\" content=\"Vorr\u00e4tig\" \/>\n<script type=\"application\/ld+json\" class=\"yoast-schema-graph\">{\"@context\":\"https:\/\/schema.org\",\"@graph\":[{\"@type\":\"WebPage\",\"@id\":\"https:\/\/startercultures.eu\/de\/product\/wurstwaren-und-charcuterie-de\/startercultures-for-sausage-making\/langsame-kulturen\/langsame-starterkultur-van-hees-primal-sk-soft-fur-trockenwurst\/\",\"url\":\"https:\/\/startercultures.eu\/de\/product\/wurstwaren-und-charcuterie-de\/startercultures-for-sausage-making\/langsame-kulturen\/langsame-starterkultur-van-hees-primal-sk-soft-fur-trockenwurst\/\",\"name\":\"Langsame Starterkultur Primal SK soft | f\u00fcr Trockenw\u00fcrste - Startercultures.eu\",\"isPartOf\":{\"@id\":\"https:\/\/startercultures.eu\/de\/#website\"},\"primaryImageOfPage\":{\"@id\":\"https:\/\/startercultures.eu\/de\/product\/wurstwaren-und-charcuterie-de\/startercultures-for-sausage-making\/langsame-kulturen\/langsame-starterkultur-van-hees-primal-sk-soft-fur-trockenwurst\/#primaryimage\"},\"image\":{\"@id\":\"https:\/\/startercultures.eu\/de\/product\/wurstwaren-und-charcuterie-de\/startercultures-for-sausage-making\/langsame-kulturen\/langsame-starterkultur-van-hees-primal-sk-soft-fur-trockenwurst\/#primaryimage\"},\"thumbnailUrl\":\"https:\/\/startercultures.eu\/wp-content\/uploads\/2021\/01\/Primal-SK-soft.png\",\"datePublished\":\"2020-07-31T16:28:25+00:00\",\"dateModified\":\"2026-03-07T00:15:21+00:00\",\"description\":\"Van Hees - Primal SK Soft ist eine langsam arbeitende Starterkultur. Am besten geeignet f\u00fcr die langsame G\u00e4rung von s\u00fcdeurop\u00e4ischen W\u00fcrsten.\",\"breadcrumb\":{\"@id\":\"https:\/\/startercultures.eu\/de\/product\/wurstwaren-und-charcuterie-de\/startercultures-for-sausage-making\/langsame-kulturen\/langsame-starterkultur-van-hees-primal-sk-soft-fur-trockenwurst\/#breadcrumb\"},\"inLanguage\":\"de-DE\",\"potentialAction\":[{\"@type\":\"ReadAction\",\"target\":[\"https:\/\/startercultures.eu\/de\/product\/wurstwaren-und-charcuterie-de\/startercultures-for-sausage-making\/langsame-kulturen\/langsame-starterkultur-van-hees-primal-sk-soft-fur-trockenwurst\/\"]}]},{\"@type\":\"ImageObject\",\"inLanguage\":\"de-DE\",\"@id\":\"https:\/\/startercultures.eu\/de\/product\/wurstwaren-und-charcuterie-de\/startercultures-for-sausage-making\/langsame-kulturen\/langsame-starterkultur-van-hees-primal-sk-soft-fur-trockenwurst\/#primaryimage\",\"url\":\"https:\/\/startercultures.eu\/wp-content\/uploads\/2021\/01\/Primal-SK-soft.png\",\"contentUrl\":\"https:\/\/startercultures.eu\/wp-content\/uploads\/2021\/01\/Primal-SK-soft.png\",\"width\":946,\"height\":707,\"caption\":\"Primal SK soft\"},{\"@type\":\"BreadcrumbList\",\"@id\":\"https:\/\/startercultures.eu\/de\/product\/wurstwaren-und-charcuterie-de\/startercultures-for-sausage-making\/langsame-kulturen\/langsame-starterkultur-van-hees-primal-sk-soft-fur-trockenwurst\/#breadcrumb\",\"itemListElement\":[{\"@type\":\"ListItem\",\"position\":1,\"name\":\"Home\",\"item\":\"https:\/\/startercultures.eu\/de\/\"},{\"@type\":\"ListItem\",\"position\":2,\"name\":\"Shop\",\"item\":\"https:\/\/startercultures.eu\/shop\/\"},{\"@type\":\"ListItem\",\"position\":3,\"name\":\"Langsame Starterkultur Primal SK soft | f\u00fcr Trockenw\u00fcrste\"}]},{\"@type\":\"WebSite\",\"@id\":\"https:\/\/startercultures.eu\/de\/#website\",\"url\":\"https:\/\/startercultures.eu\/de\/\",\"name\":\"Startercultures.eu\",\"description\":\"Startercultures.eu\",\"publisher\":{\"@id\":\"https:\/\/startercultures.eu\/de\/#organization\"},\"potentialAction\":[{\"@type\":\"SearchAction\",\"target\":{\"@type\":\"EntryPoint\",\"urlTemplate\":\"https:\/\/startercultures.eu\/de\/?s={search_term_string}\"},\"query-input\":{\"@type\":\"PropertyValueSpecification\",\"valueRequired\":true,\"valueName\":\"search_term_string\"}}],\"inLanguage\":\"de-DE\"},{\"@type\":\"Organization\",\"@id\":\"https:\/\/startercultures.eu\/de\/#organization\",\"name\":\"Startercultures.eu\",\"url\":\"https:\/\/startercultures.eu\/de\/\",\"logo\":{\"@type\":\"ImageObject\",\"inLanguage\":\"de-DE\",\"@id\":\"https:\/\/startercultures.eu\/de\/#\/schema\/logo\/image\/\",\"url\":\"https:\/\/startercultures.eu\/wp-content\/uploads\/2020\/08\/startercultures-eu-nl-logo-rond-rgb.png\",\"contentUrl\":\"https:\/\/startercultures.eu\/wp-content\/uploads\/2020\/08\/startercultures-eu-nl-logo-rond-rgb.png\",\"width\":320,\"height\":320,\"caption\":\"Startercultures.eu\"},\"image\":{\"@id\":\"https:\/\/startercultures.eu\/de\/#\/schema\/logo\/image\/\"},\"sameAs\":[\"https:\/\/www.facebook.com\/startercultureseu\",\"https:\/\/www.instagram.com\/startercultures.eu\/\"]}]}<\/script>\n<meta property=\"product:price:amount\" content=\"14.99\" \/>\n<meta property=\"product:price:currency\" content=\"EUR\" \/>\n<meta property=\"og:availability\" content=\"instock\" \/>\n<meta property=\"product:availability\" content=\"instock\" \/>\n<meta property=\"product:retailer_item_id\" content=\"24\" \/>\n<meta property=\"product:condition\" content=\"new\" \/>\n<!-- \/ Yoast SEO plugin. -->","yoast_head_json":{"title":"Langsame Starterkultur Primal SK soft | f\u00fcr Trockenw\u00fcrste - Startercultures.eu","description":"Van Hees - Primal SK Soft ist eine langsam arbeitende Starterkultur. Am besten geeignet f\u00fcr die langsame G\u00e4rung von s\u00fcdeurop\u00e4ischen W\u00fcrsten.","robots":{"index":"index","follow":"follow","max-snippet":"max-snippet:-1","max-image-preview":"max-image-preview:large","max-video-preview":"max-video-preview:-1"},"canonical":"https:\/\/startercultures.eu\/de\/product\/wurstwaren-und-charcuterie-de\/startercultures-for-sausage-making\/langsame-kulturen\/langsame-starterkultur-van-hees-primal-sk-soft-fur-trockenwurst\/","og_locale":"de_DE","og_type":"article","og_title":"Langsame Starterkultur Primal SK soft | f\u00fcr Trockenw\u00fcrste - Startercultures.eu","og_description":"Van Hees - Primal SK Soft ist eine langsam arbeitende Starterkultur. Am besten geeignet f\u00fcr die langsame G\u00e4rung von s\u00fcdeurop\u00e4ischen W\u00fcrsten.","og_url":"https:\/\/startercultures.eu\/de\/product\/wurstwaren-und-charcuterie-de\/startercultures-for-sausage-making\/langsame-kulturen\/langsame-starterkultur-van-hees-primal-sk-soft-fur-trockenwurst\/","og_site_name":"Startercultures.eu","article_publisher":"https:\/\/www.facebook.com\/startercultureseu","article_modified_time":"2026-03-07T00:15:21+00:00","og_image":[{"width":946,"height":707,"url":"https:\/\/startercultures.eu\/wp-content\/uploads\/2021\/01\/Primal-SK-soft.png","type":"image\/png"}],"twitter_card":"summary_large_image","twitter_misc":{"Price":"14,99","Availability":"Vorr\u00e4tig"},"schema":{"@context":"https:\/\/schema.org","@graph":[{"@type":"WebPage","@id":"https:\/\/startercultures.eu\/de\/product\/wurstwaren-und-charcuterie-de\/startercultures-for-sausage-making\/langsame-kulturen\/langsame-starterkultur-van-hees-primal-sk-soft-fur-trockenwurst\/","url":"https:\/\/startercultures.eu\/de\/product\/wurstwaren-und-charcuterie-de\/startercultures-for-sausage-making\/langsame-kulturen\/langsame-starterkultur-van-hees-primal-sk-soft-fur-trockenwurst\/","name":"Langsame Starterkultur Primal SK soft | f\u00fcr Trockenw\u00fcrste - Startercultures.eu","isPartOf":{"@id":"https:\/\/startercultures.eu\/de\/#website"},"primaryImageOfPage":{"@id":"https:\/\/startercultures.eu\/de\/product\/wurstwaren-und-charcuterie-de\/startercultures-for-sausage-making\/langsame-kulturen\/langsame-starterkultur-van-hees-primal-sk-soft-fur-trockenwurst\/#primaryimage"},"image":{"@id":"https:\/\/startercultures.eu\/de\/product\/wurstwaren-und-charcuterie-de\/startercultures-for-sausage-making\/langsame-kulturen\/langsame-starterkultur-van-hees-primal-sk-soft-fur-trockenwurst\/#primaryimage"},"thumbnailUrl":"https:\/\/startercultures.eu\/wp-content\/uploads\/2021\/01\/Primal-SK-soft.png","datePublished":"2020-07-31T16:28:25+00:00","dateModified":"2026-03-07T00:15:21+00:00","description":"Van Hees - Primal SK Soft ist eine langsam arbeitende Starterkultur. Am besten geeignet f\u00fcr die langsame G\u00e4rung von s\u00fcdeurop\u00e4ischen W\u00fcrsten.","breadcrumb":{"@id":"https:\/\/startercultures.eu\/de\/product\/wurstwaren-und-charcuterie-de\/startercultures-for-sausage-making\/langsame-kulturen\/langsame-starterkultur-van-hees-primal-sk-soft-fur-trockenwurst\/#breadcrumb"},"inLanguage":"de-DE","potentialAction":[{"@type":"ReadAction","target":["https:\/\/startercultures.eu\/de\/product\/wurstwaren-und-charcuterie-de\/startercultures-for-sausage-making\/langsame-kulturen\/langsame-starterkultur-van-hees-primal-sk-soft-fur-trockenwurst\/"]}]},{"@type":"ImageObject","inLanguage":"de-DE","@id":"https:\/\/startercultures.eu\/de\/product\/wurstwaren-und-charcuterie-de\/startercultures-for-sausage-making\/langsame-kulturen\/langsame-starterkultur-van-hees-primal-sk-soft-fur-trockenwurst\/#primaryimage","url":"https:\/\/startercultures.eu\/wp-content\/uploads\/2021\/01\/Primal-SK-soft.png","contentUrl":"https:\/\/startercultures.eu\/wp-content\/uploads\/2021\/01\/Primal-SK-soft.png","width":946,"height":707,"caption":"Primal SK soft"},{"@type":"BreadcrumbList","@id":"https:\/\/startercultures.eu\/de\/product\/wurstwaren-und-charcuterie-de\/startercultures-for-sausage-making\/langsame-kulturen\/langsame-starterkultur-van-hees-primal-sk-soft-fur-trockenwurst\/#breadcrumb","itemListElement":[{"@type":"ListItem","position":1,"name":"Home","item":"https:\/\/startercultures.eu\/de\/"},{"@type":"ListItem","position":2,"name":"Shop","item":"https:\/\/startercultures.eu\/shop\/"},{"@type":"ListItem","position":3,"name":"Langsame Starterkultur Primal SK soft | f\u00fcr Trockenw\u00fcrste"}]},{"@type":"WebSite","@id":"https:\/\/startercultures.eu\/de\/#website","url":"https:\/\/startercultures.eu\/de\/","name":"Startercultures.eu","description":"Startercultures.eu","publisher":{"@id":"https:\/\/startercultures.eu\/de\/#organization"},"potentialAction":[{"@type":"SearchAction","target":{"@type":"EntryPoint","urlTemplate":"https:\/\/startercultures.eu\/de\/?s={search_term_string}"},"query-input":{"@type":"PropertyValueSpecification","valueRequired":true,"valueName":"search_term_string"}}],"inLanguage":"de-DE"},{"@type":"Organization","@id":"https:\/\/startercultures.eu\/de\/#organization","name":"Startercultures.eu","url":"https:\/\/startercultures.eu\/de\/","logo":{"@type":"ImageObject","inLanguage":"de-DE","@id":"https:\/\/startercultures.eu\/de\/#\/schema\/logo\/image\/","url":"https:\/\/startercultures.eu\/wp-content\/uploads\/2020\/08\/startercultures-eu-nl-logo-rond-rgb.png","contentUrl":"https:\/\/startercultures.eu\/wp-content\/uploads\/2020\/08\/startercultures-eu-nl-logo-rond-rgb.png","width":320,"height":320,"caption":"Startercultures.eu"},"image":{"@id":"https:\/\/startercultures.eu\/de\/#\/schema\/logo\/image\/"},"sameAs":["https:\/\/www.facebook.com\/startercultureseu","https:\/\/www.instagram.com\/startercultures.eu\/"]}]},"product_price_amount":"14.99","product_price_currency":"EUR","og_availability":"instock","product_availability":"instock","product_retailer_item_id":"24","product_condition":"new"},"_links":{"self":[{"href":"https:\/\/startercultures.eu\/de\/wp-json\/wp\/v2\/product\/24987","targetHints":{"allow":["GET"]}}],"collection":[{"href":"https:\/\/startercultures.eu\/de\/wp-json\/wp\/v2\/product"}],"about":[{"href":"https:\/\/startercultures.eu\/de\/wp-json\/wp\/v2\/types\/product"}],"replies":[{"embeddable":true,"href":"https:\/\/startercultures.eu\/de\/wp-json\/wp\/v2\/comments?post=24987"}],"version-history":[{"count":5,"href":"https:\/\/startercultures.eu\/de\/wp-json\/wp\/v2\/product\/24987\/revisions"}],"predecessor-version":[{"id":77788,"href":"https:\/\/startercultures.eu\/de\/wp-json\/wp\/v2\/product\/24987\/revisions\/77788"}],"wp:featuredmedia":[{"embeddable":true,"href":"https:\/\/startercultures.eu\/de\/wp-json\/wp\/v2\/media\/24226"}],"wp:attachment":[{"href":"https:\/\/startercultures.eu\/de\/wp-json\/wp\/v2\/media?parent=24987"}],"wp:term":[{"taxonomy":"product_brand","embeddable":true,"href":"https:\/\/startercultures.eu\/de\/wp-json\/wp\/v2\/product_brand?post=24987"},{"taxonomy":"product_cat","embeddable":true,"href":"https:\/\/startercultures.eu\/de\/wp-json\/wp\/v2\/product_cat?post=24987"},{"taxonomy":"product_tag","embeddable":true,"href":"https:\/\/startercultures.eu\/de\/wp-json\/wp\/v2\/product_tag?post=24987"}],"curies":[{"name":"wp","href":"https:\/\/api.w.org\/{rel}","templated":true}]}}