{"id":24990,"date":"2021-06-10T09:46:06","date_gmt":"2021-06-10T09:46:06","guid":{"rendered":"https:\/\/startercultures.eu\/product\/unkategorisiert\/alles-in-einem-starter-kit-blauschimmelkaese-selbst-herstellen\/"},"modified":"2025-07-07T18:13:43","modified_gmt":"2025-07-07T16:13:43","slug":"blauschimmelkase-starterkit","status":"publish","type":"product","link":"https:\/\/startercultures.eu\/de\/product\/starterkits\/fermentieren\/blauschimmelkase-starterkit\/","title":{"rendered":"Alles in einem Starterkit &#8220;Blauschimmelk\u00e4se selbst herstellen&#8221;"},"content":{"rendered":"<p>Machen Sie Ihren eigenen Blauschimmelk\u00e4se wie Gorgonzola, Roquefort, Stilton oder andere Blauschimmelk\u00e4se mit unserem Komplettpaket f\u00fcr die Herstellung von Blauschimmelk\u00e4se. F\u00fcr etwa 8-10 kg K\u00e4se!<\/p>\n<h3>Inhalt dieses Blauschimmelk\u00e4se-Starterkits<\/h3>\n<ul>\n<li>Mesophile gasbildende K\u00e4se-Starterkultur MSE<\/li>\n<li><em>Penicillium roqueforti<\/em> &#8211; Blauschimmelk\u00e4se<\/li>\n<li>Lab (f\u00fcr die Gerinnung)<\/li>\n<li>Kalziumchlorid (wird f\u00fcr pasteurisierte Supermarktmilch ben\u00f6tigt)<\/li>\n<li>3 kleine Formen f\u00fcr Weichk\u00e4se<\/li>\n<li>eine Abtropfmatte<\/li>\n<li>optional: 5 Satz Mulltuch<\/li>\n<\/ul>\n<h3>Wie macht man Blauschimmelk\u00e4se?<\/h3>\n<p>Das Wichtigste bei der Herstellung von Blauschimmelk\u00e4se ist, dass im Inneren des K\u00e4ses Schimmel wachsen muss. Dazu ist Luft im Inneren des K\u00e4ses erforderlich. Das Einstechen des K\u00e4ses w\u00e4hrend der Reifung ist eine Mindestanforderung, aber auch die Technik ist wichtig, ebenso wie die Verwendung einer gasbildenden Starterkultur, die Lufteinschl\u00fcsse erzeugt. Dieses Blauschimmelk\u00e4se-Starterkit enth\u00e4lt nat\u00fcrlich eine solche Starterkultur.<\/p>\n<p>Es gibt eine ganze Reihe von Quellen f\u00fcr die Herstellung von Blauschimmelk\u00e4se, z. B.<\/p>\n<ul>\n<li>ein Rezept von <a href=\"https:\/\/www.countrybrewer.com.au\/pages\/how-to-make-blue-cheese.html\" target=\"_blank\" rel=\"noopener\">countrybrewer<\/a><\/li>\n<li>eine Reihe <a href=\"https:\/\/cheesemaking.com\/collections\/recipes?_=pf&amp;pf_t_category=blue\" target=\"_blank\" rel=\"noopener\">gro\u00dfartiger Rezepte von cheesemaking.com<\/a><\/li>\n<\/ul>\n<p>Sehen Sie sich hier unsere anderen K\u00e4sekits an<\/p>\n<ul>\n<li><a href=\"https:\/\/startercultures.eu\/product\/starterkits\/fermentation-starterkits\/alle-in-one-make-your-own-camembert-starter-kit\/\">Camembert-Startpaket <\/a><\/li>\n<li><a href=\"https:\/\/startercultures.eu\/product\/dairy\/cheese\/tools-2\/the-cheese-inator-all-in-one-cheese-making-kit\/\">&#8220;Der K\u00e4sinator&#8221; &#8211; alle K\u00e4sesorten herstellen! <\/a><\/li>\n<\/ul>\n<h3>Online-Workshop &#8220;Veganen K\u00e4se zu Hause herstellen&#8221; (mit Untertiteln)<\/h3>\n<p>In <a href=\"https:\/\/startercultures.eu\/product\/vegan-main\/vegan-dairy\/online-english-subtitled-vegan-cheese-workshop\/\" target=\"_blank\" rel=\"noopener\">diesem Workshop mit englischen Untertiteln<\/a> lernen Sie die Theorie und Praxis der Herstellung von veganem K\u00e4se<img decoding=\"async\" class=\"lazyload  wp-image-24266 alignright\" src=\"https:\/\/startercultures.eu\/wp-content\/uploads\/2021\/06\/Vegan-cheese-starter-kit-300x222.png\" data-orig-src=\"https:\/\/startercultures.eu\/wp-content\/uploads\/2021\/06\/Vegan-cheese-starter-kit-300x222.png\" alt=\"Veganes Blauschimmelk\u00e4se Starterkultur Kit\" width=\"219\" height=\"162\" srcset=\"data:image\/svg+xml,%3Csvg%20xmlns%3D%27http%3A%2F%2Fwww.w3.org%2F2000%2Fsvg%27%20width%3D%27219%27%20height%3D%27162%27%20viewBox%3D%270%200%20219%20162%27%3E%3Crect%20width%3D%27219%27%20height%3D%27162%27%20fill-opacity%3D%220%22%2F%3E%3C%2Fsvg%3E\" data-srcset=\"https:\/\/startercultures.eu\/wp-content\/uploads\/2021\/06\/Vegan-cheese-starter-kit-200x148.png 200w, https:\/\/startercultures.eu\/wp-content\/uploads\/2021\/06\/Vegan-cheese-starter-kit-300x222.png 300w, https:\/\/startercultures.eu\/wp-content\/uploads\/2021\/06\/Vegan-cheese-starter-kit-400x296.png 400w, https:\/\/startercultures.eu\/wp-content\/uploads\/2021\/06\/Vegan-cheese-starter-kit-500x370.png 500w, https:\/\/startercultures.eu\/wp-content\/uploads\/2021\/06\/Vegan-cheese-starter-kit-600x445.png 600w, https:\/\/startercultures.eu\/wp-content\/uploads\/2021\/06\/Vegan-cheese-starter-kit-700x519.png 700w, https:\/\/startercultures.eu\/wp-content\/uploads\/2021\/06\/Vegan-cheese-starter-kit-768x569.png 768w, https:\/\/startercultures.eu\/wp-content\/uploads\/2021\/06\/Vegan-cheese-starter-kit-800x593.png 800w, https:\/\/startercultures.eu\/wp-content\/uploads\/2021\/06\/Vegan-cheese-starter-kit-1024x759.png 1024w, https:\/\/startercultures.eu\/wp-content\/uploads\/2021\/06\/Vegan-cheese-starter-kit.png 1200w\" data-sizes=\"auto\" data-orig-sizes=\"(max-width: 219px) 100vw, 219px\" \/>s zu Hause, mit dem Schwerpunkt auf veganem Camembert und veganem Blauschimmelk\u00e4se. Foodwriter<a href=\"https:\/\/wateetons.com\/\" target=\"_blank\" rel=\"noopener\">&#8216;Meneer Wateetons&#8217;<\/a>, Autor mehrerer B\u00fccher \u00fcber Fermentierung und alternative Lebensmittelzubereitungstechniken, wird Ihnen alles \u00fcber Fermentierung, P\u00f6kelsalze, Lebensmittelsicherheit, pH-Wert, Starterkulturen, Schimmelpilze und Trocknungsbedingungen beibringen. Klicken Sie <a href=\"https:\/\/startercultures.eu\/product\/vegan-main\/vegan-dairy\/online-english-subtitled-vegan-cheese-workshop\/\" target=\"_blank\" rel=\"noopener\">hier<\/a> f\u00fcr weitere Informationen.<\/p>\n","protected":false},"excerpt":{"rendered":"<p>Beginnen Sie mit der Herstellung Ihres eigenen Blauschimmelk\u00e4ses wie Gorgonzola oder anderer Wei\u00dfschimmelk\u00e4se mit unserem Komplettpaket f\u00fcr den Einstieg. F\u00fcr etwa 8-10 kg K\u00e4se!<\/p>\n","protected":false},"featured_media":24269,"comment_status":"open","ping_status":"closed","template":"","meta":{"_acf_changed":false,"footnotes":""},"product_brand":[],"product_cat":[648,667],"product_tag":[],"class_list":{"0":"post-24990","1":"product","2":"type-product","3":"status-publish","4":"has-post-thumbnail","6":"product_cat-fermentieren","7":"product_cat-starterkits-de","8":"product_shipping_class-klein-pakket-de","10":"first","11":"instock","12":"sale","13":"taxable","14":"shipping-taxable","15":"purchasable","16":"product-type-woosb"},"acf":[],"yoast_head":"<!-- This site is optimized with the Yoast SEO plugin v26.6 - https:\/\/yoast.com\/wordpress\/plugins\/seo\/ -->\n<title>Alles in einem Starterkit &quot;Blauschimmelk\u00e4se selbst herstellen&quot; - Startercultures.eu<\/title>\n<meta name=\"description\" content=\"Machen Sie Ihren eigenen Blauschimmelk\u00e4se wie Gorgonzola oder andere Blauschimmelk\u00e4sesorten mit unserem Starter-Kit f\u00fcr die Herstellung von Blauschimmelk\u00e4se.\" \/>\n<meta name=\"robots\" content=\"index, follow, max-snippet:-1, max-image-preview:large, max-video-preview:-1\" \/>\n<link rel=\"canonical\" href=\"https:\/\/startercultures.eu\/de\/product\/starterkits\/fermentieren\/blauschimmelkase-starterkit\/\" \/>\n<meta property=\"og:locale\" content=\"de_DE\" \/>\n<meta property=\"og:type\" content=\"article\" \/>\n<meta property=\"og:title\" content=\"Alles in einem Starterkit &quot;Blauschimmelk\u00e4se selbst herstellen&quot; - Startercultures.eu\" \/>\n<meta property=\"og:description\" content=\"Machen Sie Ihren eigenen Blauschimmelk\u00e4se wie Gorgonzola oder andere Blauschimmelk\u00e4sesorten mit unserem Starter-Kit f\u00fcr die Herstellung von Blauschimmelk\u00e4se.\" \/>\n<meta property=\"og:url\" content=\"https:\/\/startercultures.eu\/de\/product\/starterkits\/fermentieren\/blauschimmelkase-starterkit\/\" \/>\n<meta property=\"og:site_name\" content=\"Startercultures.eu\" \/>\n<meta property=\"article:publisher\" content=\"https:\/\/www.facebook.com\/startercultureseu\" \/>\n<meta property=\"article:modified_time\" content=\"2025-07-07T16:13:43+00:00\" \/>\n<meta property=\"og:image\" content=\"https:\/\/startercultures.eu\/wp-content\/uploads\/2021\/06\/blue-cheese-starter-kit.png\" \/>\n\t<meta property=\"og:image:width\" content=\"1280\" \/>\n\t<meta property=\"og:image:height\" content=\"901\" \/>\n\t<meta property=\"og:image:type\" content=\"image\/png\" \/>\n<meta name=\"twitter:card\" content=\"summary_large_image\" \/>\n<meta name=\"twitter:label1\" content=\"Price\" \/>\n\t<meta name=\"twitter:data1\" content=\"87,23\" \/>\n\t<meta name=\"twitter:label2\" content=\"Availability\" \/>\n\t<meta name=\"twitter:data2\" content=\"Vorr\u00e4tig\" \/>\n<script type=\"application\/ld+json\" class=\"yoast-schema-graph\">{\"@context\":\"https:\/\/schema.org\",\"@graph\":[{\"@type\":\"WebPage\",\"@id\":\"https:\/\/startercultures.eu\/de\/product\/starterkits\/fermentieren\/blauschimmelkase-starterkit\/\",\"url\":\"https:\/\/startercultures.eu\/de\/product\/starterkits\/fermentieren\/blauschimmelkase-starterkit\/\",\"name\":\"Alles in einem Starterkit \\\"Blauschimmelk\u00e4se selbst herstellen\\\" - Startercultures.eu\",\"isPartOf\":{\"@id\":\"https:\/\/startercultures.eu\/de\/#website\"},\"primaryImageOfPage\":{\"@id\":\"https:\/\/startercultures.eu\/de\/product\/starterkits\/fermentieren\/blauschimmelkase-starterkit\/#primaryimage\"},\"image\":{\"@id\":\"https:\/\/startercultures.eu\/de\/product\/starterkits\/fermentieren\/blauschimmelkase-starterkit\/#primaryimage\"},\"thumbnailUrl\":\"https:\/\/startercultures.eu\/wp-content\/uploads\/2021\/06\/blue-cheese-starter-kit.png\",\"datePublished\":\"2021-06-10T09:46:06+00:00\",\"dateModified\":\"2025-07-07T16:13:43+00:00\",\"description\":\"Machen Sie Ihren eigenen Blauschimmelk\u00e4se wie Gorgonzola oder andere Blauschimmelk\u00e4sesorten mit unserem Starter-Kit f\u00fcr die Herstellung von Blauschimmelk\u00e4se.\",\"breadcrumb\":{\"@id\":\"https:\/\/startercultures.eu\/de\/product\/starterkits\/fermentieren\/blauschimmelkase-starterkit\/#breadcrumb\"},\"inLanguage\":\"de-DE\",\"potentialAction\":[{\"@type\":\"ReadAction\",\"target\":[\"https:\/\/startercultures.eu\/de\/product\/starterkits\/fermentieren\/blauschimmelkase-starterkit\/\"]}]},{\"@type\":\"ImageObject\",\"inLanguage\":\"de-DE\",\"@id\":\"https:\/\/startercultures.eu\/de\/product\/starterkits\/fermentieren\/blauschimmelkase-starterkit\/#primaryimage\",\"url\":\"https:\/\/startercultures.eu\/wp-content\/uploads\/2021\/06\/blue-cheese-starter-kit.png\",\"contentUrl\":\"https:\/\/startercultures.eu\/wp-content\/uploads\/2021\/06\/blue-cheese-starter-kit.png\",\"width\":1280,\"height\":901,\"caption\":\"Blauschimmelk\u00e4se-Starterkit\"},{\"@type\":\"BreadcrumbList\",\"@id\":\"https:\/\/startercultures.eu\/de\/product\/starterkits\/fermentieren\/blauschimmelkase-starterkit\/#breadcrumb\",\"itemListElement\":[{\"@type\":\"ListItem\",\"position\":1,\"name\":\"Home\",\"item\":\"https:\/\/startercultures.eu\/de\/\"},{\"@type\":\"ListItem\",\"position\":2,\"name\":\"Shop\",\"item\":\"https:\/\/startercultures.eu\/shop\/\"},{\"@type\":\"ListItem\",\"position\":3,\"name\":\"Alles in einem Starterkit &#8220;Blauschimmelk\u00e4se selbst herstellen&#8221;\"}]},{\"@type\":\"WebSite\",\"@id\":\"https:\/\/startercultures.eu\/de\/#website\",\"url\":\"https:\/\/startercultures.eu\/de\/\",\"name\":\"Startercultures.eu\",\"description\":\"Startercultures.eu\",\"publisher\":{\"@id\":\"https:\/\/startercultures.eu\/de\/#organization\"},\"potentialAction\":[{\"@type\":\"SearchAction\",\"target\":{\"@type\":\"EntryPoint\",\"urlTemplate\":\"https:\/\/startercultures.eu\/de\/?s={search_term_string}\"},\"query-input\":{\"@type\":\"PropertyValueSpecification\",\"valueRequired\":true,\"valueName\":\"search_term_string\"}}],\"inLanguage\":\"de-DE\"},{\"@type\":\"Organization\",\"@id\":\"https:\/\/startercultures.eu\/de\/#organization\",\"name\":\"Startercultures.eu\",\"url\":\"https:\/\/startercultures.eu\/de\/\",\"logo\":{\"@type\":\"ImageObject\",\"inLanguage\":\"de-DE\",\"@id\":\"https:\/\/startercultures.eu\/de\/#\/schema\/logo\/image\/\",\"url\":\"https:\/\/startercultures.eu\/wp-content\/uploads\/2020\/08\/startercultures-eu-nl-logo-rond-rgb.png\",\"contentUrl\":\"https:\/\/startercultures.eu\/wp-content\/uploads\/2020\/08\/startercultures-eu-nl-logo-rond-rgb.png\",\"width\":320,\"height\":320,\"caption\":\"Startercultures.eu\"},\"image\":{\"@id\":\"https:\/\/startercultures.eu\/de\/#\/schema\/logo\/image\/\"},\"sameAs\":[\"https:\/\/www.facebook.com\/startercultureseu\",\"https:\/\/www.instagram.com\/startercultures.eu\/\"],\"hasMerchantReturnPolicy\":{\"@type\":\"MerchantReturnPolicy\",\"merchantReturnLink\":\"https:\/\/startercultures.eu\/return-policy\/\"}}]}<\/script>\n<meta property=\"product:price:amount\" content=\"87.23\" \/>\n<meta property=\"product:price:currency\" content=\"EUR\" \/>\n<meta property=\"og:availability\" content=\"instock\" \/>\n<meta property=\"product:availability\" content=\"instock\" \/>\n<meta property=\"product:retailer_item_id\" content=\"201\" \/>\n<meta property=\"product:condition\" content=\"new\" \/>\n<!-- \/ Yoast SEO plugin. -->","yoast_head_json":{"title":"Alles in einem Starterkit \"Blauschimmelk\u00e4se selbst herstellen\" - Startercultures.eu","description":"Machen Sie Ihren eigenen Blauschimmelk\u00e4se wie Gorgonzola oder andere Blauschimmelk\u00e4sesorten mit unserem Starter-Kit f\u00fcr die Herstellung von Blauschimmelk\u00e4se.","robots":{"index":"index","follow":"follow","max-snippet":"max-snippet:-1","max-image-preview":"max-image-preview:large","max-video-preview":"max-video-preview:-1"},"canonical":"https:\/\/startercultures.eu\/de\/product\/starterkits\/fermentieren\/blauschimmelkase-starterkit\/","og_locale":"de_DE","og_type":"article","og_title":"Alles in einem Starterkit \"Blauschimmelk\u00e4se selbst herstellen\" - Startercultures.eu","og_description":"Machen Sie Ihren eigenen Blauschimmelk\u00e4se wie Gorgonzola oder andere Blauschimmelk\u00e4sesorten mit unserem Starter-Kit f\u00fcr die Herstellung von Blauschimmelk\u00e4se.","og_url":"https:\/\/startercultures.eu\/de\/product\/starterkits\/fermentieren\/blauschimmelkase-starterkit\/","og_site_name":"Startercultures.eu","article_publisher":"https:\/\/www.facebook.com\/startercultureseu","article_modified_time":"2025-07-07T16:13:43+00:00","og_image":[{"width":1280,"height":901,"url":"https:\/\/startercultures.eu\/wp-content\/uploads\/2021\/06\/blue-cheese-starter-kit.png","type":"image\/png"}],"twitter_card":"summary_large_image","twitter_misc":{"Price":"87,23","Availability":"Vorr\u00e4tig"},"schema":{"@context":"https:\/\/schema.org","@graph":[{"@type":"WebPage","@id":"https:\/\/startercultures.eu\/de\/product\/starterkits\/fermentieren\/blauschimmelkase-starterkit\/","url":"https:\/\/startercultures.eu\/de\/product\/starterkits\/fermentieren\/blauschimmelkase-starterkit\/","name":"Alles in einem Starterkit \"Blauschimmelk\u00e4se selbst herstellen\" - Startercultures.eu","isPartOf":{"@id":"https:\/\/startercultures.eu\/de\/#website"},"primaryImageOfPage":{"@id":"https:\/\/startercultures.eu\/de\/product\/starterkits\/fermentieren\/blauschimmelkase-starterkit\/#primaryimage"},"image":{"@id":"https:\/\/startercultures.eu\/de\/product\/starterkits\/fermentieren\/blauschimmelkase-starterkit\/#primaryimage"},"thumbnailUrl":"https:\/\/startercultures.eu\/wp-content\/uploads\/2021\/06\/blue-cheese-starter-kit.png","datePublished":"2021-06-10T09:46:06+00:00","dateModified":"2025-07-07T16:13:43+00:00","description":"Machen Sie Ihren eigenen Blauschimmelk\u00e4se wie Gorgonzola oder andere Blauschimmelk\u00e4sesorten mit unserem Starter-Kit f\u00fcr die Herstellung von Blauschimmelk\u00e4se.","breadcrumb":{"@id":"https:\/\/startercultures.eu\/de\/product\/starterkits\/fermentieren\/blauschimmelkase-starterkit\/#breadcrumb"},"inLanguage":"de-DE","potentialAction":[{"@type":"ReadAction","target":["https:\/\/startercultures.eu\/de\/product\/starterkits\/fermentieren\/blauschimmelkase-starterkit\/"]}]},{"@type":"ImageObject","inLanguage":"de-DE","@id":"https:\/\/startercultures.eu\/de\/product\/starterkits\/fermentieren\/blauschimmelkase-starterkit\/#primaryimage","url":"https:\/\/startercultures.eu\/wp-content\/uploads\/2021\/06\/blue-cheese-starter-kit.png","contentUrl":"https:\/\/startercultures.eu\/wp-content\/uploads\/2021\/06\/blue-cheese-starter-kit.png","width":1280,"height":901,"caption":"Blauschimmelk\u00e4se-Starterkit"},{"@type":"BreadcrumbList","@id":"https:\/\/startercultures.eu\/de\/product\/starterkits\/fermentieren\/blauschimmelkase-starterkit\/#breadcrumb","itemListElement":[{"@type":"ListItem","position":1,"name":"Home","item":"https:\/\/startercultures.eu\/de\/"},{"@type":"ListItem","position":2,"name":"Shop","item":"https:\/\/startercultures.eu\/shop\/"},{"@type":"ListItem","position":3,"name":"Alles in einem Starterkit &#8220;Blauschimmelk\u00e4se selbst herstellen&#8221;"}]},{"@type":"WebSite","@id":"https:\/\/startercultures.eu\/de\/#website","url":"https:\/\/startercultures.eu\/de\/","name":"Startercultures.eu","description":"Startercultures.eu","publisher":{"@id":"https:\/\/startercultures.eu\/de\/#organization"},"potentialAction":[{"@type":"SearchAction","target":{"@type":"EntryPoint","urlTemplate":"https:\/\/startercultures.eu\/de\/?s={search_term_string}"},"query-input":{"@type":"PropertyValueSpecification","valueRequired":true,"valueName":"search_term_string"}}],"inLanguage":"de-DE"},{"@type":"Organization","@id":"https:\/\/startercultures.eu\/de\/#organization","name":"Startercultures.eu","url":"https:\/\/startercultures.eu\/de\/","logo":{"@type":"ImageObject","inLanguage":"de-DE","@id":"https:\/\/startercultures.eu\/de\/#\/schema\/logo\/image\/","url":"https:\/\/startercultures.eu\/wp-content\/uploads\/2020\/08\/startercultures-eu-nl-logo-rond-rgb.png","contentUrl":"https:\/\/startercultures.eu\/wp-content\/uploads\/2020\/08\/startercultures-eu-nl-logo-rond-rgb.png","width":320,"height":320,"caption":"Startercultures.eu"},"image":{"@id":"https:\/\/startercultures.eu\/de\/#\/schema\/logo\/image\/"},"sameAs":["https:\/\/www.facebook.com\/startercultureseu","https:\/\/www.instagram.com\/startercultures.eu\/"],"hasMerchantReturnPolicy":{"@type":"MerchantReturnPolicy","merchantReturnLink":"https:\/\/startercultures.eu\/return-policy\/"}}]},"product_price_amount":"87.23","product_price_currency":"EUR","og_availability":"instock","product_availability":"instock","product_retailer_item_id":"201","product_condition":"new"},"_links":{"self":[{"href":"https:\/\/startercultures.eu\/de\/wp-json\/wp\/v2\/product\/24990","targetHints":{"allow":["GET"]}}],"collection":[{"href":"https:\/\/startercultures.eu\/de\/wp-json\/wp\/v2\/product"}],"about":[{"href":"https:\/\/startercultures.eu\/de\/wp-json\/wp\/v2\/types\/product"}],"replies":[{"embeddable":true,"href":"https:\/\/startercultures.eu\/de\/wp-json\/wp\/v2\/comments?post=24990"}],"version-history":[{"count":1,"href":"https:\/\/startercultures.eu\/de\/wp-json\/wp\/v2\/product\/24990\/revisions"}],"predecessor-version":[{"id":68722,"href":"https:\/\/startercultures.eu\/de\/wp-json\/wp\/v2\/product\/24990\/revisions\/68722"}],"wp:featuredmedia":[{"embeddable":true,"href":"https:\/\/startercultures.eu\/de\/wp-json\/wp\/v2\/media\/24269"}],"wp:attachment":[{"href":"https:\/\/startercultures.eu\/de\/wp-json\/wp\/v2\/media?parent=24990"}],"wp:term":[{"taxonomy":"product_brand","embeddable":true,"href":"https:\/\/startercultures.eu\/de\/wp-json\/wp\/v2\/product_brand?post=24990"},{"taxonomy":"product_cat","embeddable":true,"href":"https:\/\/startercultures.eu\/de\/wp-json\/wp\/v2\/product_cat?post=24990"},{"taxonomy":"product_tag","embeddable":true,"href":"https:\/\/startercultures.eu\/de\/wp-json\/wp\/v2\/product_tag?post=24990"}],"curies":[{"name":"wp","href":"https:\/\/api.w.org\/{rel}","templated":true}]}}