{"id":24991,"date":"2021-09-21T18:11:23","date_gmt":"2021-09-21T18:11:23","guid":{"rendered":"https:\/\/startercultures.eu\/product\/unkategorisiert\/15er-pack-ph-kalibrierungspufferpulver-5-saetze-a-3\/"},"modified":"2026-02-13T11:16:38","modified_gmt":"2026-02-13T10:16:38","slug":"15er-pack-ph-kalibrierungspuffer-pulver-5-sets-von-3","status":"publish","type":"product","link":"https:\/\/startercultures.eu\/de\/product\/fermentation-de\/gemuse-de\/werkzeuge\/15er-pack-ph-kalibrierungspuffer-pulver-5-sets-von-3\/","title":{"rendered":"15er Pack pH-Kalibrierungspufferpulver | 5 S\u00e4tze \u00e0 3"},"content":{"rendered":"<p>Die S\u00e4ure spielt bei vielen Formen der G\u00e4rung eine wichtige Rolle. Der <a href=\"https:\/\/en.wikipedia.org\/wiki\/PH\" target=\"_blank\" rel=\"noopener\">pH-Wert<\/a> ist ein Ma\u00df f\u00fcr den S\u00e4uregrad einer w\u00e4ssrigen L\u00f6sung. Der pH-Wert von Wasser betr\u00e4gt bei Raumtemperatur etwa 7. Bei Raumtemperatur haben saure L\u00f6sungen einen pH-Wert von weniger als 7 und damit einen hohen S\u00e4uregehalt. So hat Wasser einen pH-Wert von 7, Bier zwischen 4,5 und 5, Essig etwa 3 und Batteries\u00e4ure etwa 0,5. Der pH-Wert ist eine logarithmische Skala, d. h. ein Abfall um 1 pH-Punkt ist 10-mal saurer. Je niedriger der pH-Wert, desto saurer ist Ihr Produkt, und je saurer Ihr Produkt ist, desto sicherer ist Ihr Produkt. Der genaue S\u00e4uregehalt h\u00e4ngt davon ab, was Sie herstellen, aber sehr oft ist es unerl\u00e4sslich, den genauen pH-Wert zu einem bestimmten Zeitpunkt der G\u00e4rung zu \u00fcberpr\u00fcfen, daher ben\u00f6tigen Sie dieses pH-Kalibrierungspufferpulver. Um es mit den Worten des ber\u00fchmten Wurstfabrikanten Lenin zu sagen: &#8220;Vertrauen ist gut, Kontrolle ist besser!&#8221;<\/p>\n<h3>pH-Meter-Kalibrierung<\/h3>\n<p>Die Fl\u00fcssigkeiten in der Elektrode eines <a href=\"https:\/\/startercultures.eu\/product\/dairy\/yoghurt\/yogurt-tools\/ph-meter-for-fermentation\/\" target=\"_blank\" rel=\"noopener\">pH-Meters<\/a> altern mit dem Gebrauch, was zu Messfehlern f\u00fchrt. Sie k\u00f6nnen diesen Messfehler durch eine Kalibrierung des pH-Messger\u00e4ts ermitteln, bei der Sie das Messergebnis mit dem (inter)national festgelegten Standardwert vergleichen. Wie oft Sie ein pH-Messger\u00e4t kalibrieren m\u00fcssen, h\u00e4ngt von der Verwendung und von eventuellen Verunreinigungen ab. Bei starker Beanspruchung wird empfohlen, mindestens zweimal im Monat zu kalibrieren, und auch dann, wenn Sie Ihre Elektrode l\u00e4ngere Zeit nicht benutzt haben, sie gereinigt wurde, es sich um eine neue Elektrode handelt oder Sie einfach sicherstellen wollen, dass Ihre G\u00e4rung planm\u00e4\u00dfig verl\u00e4uft.<\/p>\n<h3>\u00dcber unser pH-Kalibrierungspufferpulver<\/h3>\n<p>Die pH-Pufferfl\u00fcssigkeit verliert ihren pH-Wert nach einem Monat, und deshalb ist es sehr praktisch, einen kleinen Vorrat unseres pH-Kalibrierungspulvers zu haben. Deshalb bieten wir nicht weniger als 5 Sets in einem Angebot an.<\/p>\n<h3>Wie kalibriert man ein pH-Meter?<\/h3>\n<div class=\"FFpbKc\">\n<div class=\"nidPne\">\n<div data-show-delay-ms=\"250\" data-append-to-body=\"true\" data-propagate-tooltip-mouseover-events=\"true\" data-anchor-corner=\"bottom-left\" data-popup-corner=\"top-left\">\n<div class=\"scLCMd\">\n<div id=\"itamenu\">\n<div class=\"goog-container goog-container-vertical\" tabindex=\"-1\"><span class=\"JLqJ4b ChMk0b\" data-language-for-alternatives=\"en\" data-language-to-translate-into=\"nl\" data-phrase-index=\"2\">Ein pH-Messger\u00e4t wird wie folgt kalibriert:<\/span><\/div>\n<ol>\n<li tabindex=\"-1\">Leeren Sie einen Beutel <span class=\"JLqJ4b ChMk0b\" data-language-for-alternatives=\"en\" data-language-to-translate-into=\"nl\" data-phrase-index=\"4\">pH6,86 <\/span>vollst\u00e4ndig in ein Becherglas und geben Sie 25o ml destilliertes Wasser hinzu.<\/li>\n<li tabindex=\"-1\">Umr\u00fchren, bis sie vollst\u00e4ndig aufgel\u00f6st sind<\/li>\n<li class=\"goog-container goog-container-vertical\" tabindex=\"-1\"><span class=\"JLqJ4b ChMk0b\" data-language-for-alternatives=\"en\" data-language-to-translate-into=\"nl\" data-phrase-index=\"4\">Stellen Sie die Elektrode zun\u00e4chst in die Pufferl\u00f6sung pH 6,86.<\/span> <span class=\"JLqJ4b ChMk0b\" data-language-for-alternatives=\"en\" data-language-to-translate-into=\"nl\" data-phrase-index=\"5\">Nach etwa einer Minute ist die Messung stabil.<\/span> <span class=\"JLqJ4b ChMk0b\" data-language-for-alternatives=\"en\" data-language-to-translate-into=\"nl\" data-phrase-index=\"6\">Das pH-Meter sollte dann einen Wert von pH 6,86 anzeigen.<\/span> <span class=\"JLqJ4b ChMk0b\" data-language-for-alternatives=\"en\" data-language-to-translate-into=\"nl\" data-phrase-index=\"7\">Sollte dies nicht der Fall sein, stellen Sie das pH-Meter auf diesen Wert ein.<\/span> <span class=\"JLqJ4b ChMk0b\" data-language-for-alternatives=\"en\" data-language-to-translate-into=\"nl\" data-phrase-index=\"9\">Hinweis: Sie sollten immer mit der Bestimmung der Abweichung von pH7 beginnen.<\/span> <span class=\"JLqJ4b ChMk0b\" data-language-for-alternatives=\"en\" data-language-to-translate-into=\"nl\" data-phrase-index=\"10\">Dies ist der Neutralwert des Messger\u00e4ts.<\/span> <span class=\"JLqJ4b ChMk0b\" data-language-for-alternatives=\"en\" data-language-to-translate-into=\"nl\" data-phrase-index=\"11\">Erst dann k\u00f6nnen Sie den Abstand zu pH4,00 oder pH9,18 messen.<\/span><\/li>\n<li class=\"goog-container goog-container-vertical\" tabindex=\"-1\"><span class=\"JLqJ4b ChMk0b\" data-language-for-alternatives=\"en\" data-language-to-translate-into=\"nl\" data-phrase-index=\"13\">Sp\u00fclen Sie die Elektrode gut mit entionisiertem Wasser ab, stellen Sie eine L\u00f6sung von pH4,00 her und legen Sie die Elektrode dann in die pH4-Pufferl\u00f6sung.<\/span><\/li>\n<li class=\"goog-container goog-container-vertical\" tabindex=\"-1\"><span class=\"JLqJ4b ChMk0b\" data-language-for-alternatives=\"en\" data-language-to-translate-into=\"nl\" data-phrase-index=\"15\">Wiederholen Sie diese Schritte f\u00fcr pH 9,18. <\/span><\/li>\n<\/ol>\n<\/div>\n<h3 tabindex=\"-1\">Inhalt<\/h3>\n<div tabindex=\"-1\">\n<ul>\n<li>5 komplette S\u00e4tze von 3 pH-Kalibrierungspufferpulver<\/li>\n<\/ul>\n<h3>Online-Workshop &#8220;Kimchi herstellen (und anderes Gem\u00fcse fermentieren)<img decoding=\"async\" class=\"lazyload  wp-image-23963 alignright\" src=\"https:\/\/startercultures.eu\/wp-content\/uploads\/2020\/12\/fermentation-450-300x300.png\" data-orig-src=\"https:\/\/startercultures.eu\/wp-content\/uploads\/2020\/12\/fermentation-450-300x300.png\" alt=\"Fermentation workshops\" width=\"131\" height=\"131\" srcset=\"data:image\/svg+xml,%3Csvg%20xmlns%3D%27http%3A%2F%2Fwww.w3.org%2F2000%2Fsvg%27%20width%3D%27131%27%20height%3D%27131%27%20viewBox%3D%270%200%20131%20131%27%3E%3Crect%20width%3D%27131%27%20height%3D%27131%27%20fill-opacity%3D%220%22%2F%3E%3C%2Fsvg%3E\" data-srcset=\"https:\/\/startercultures.eu\/wp-content\/uploads\/2020\/12\/fermentation-450-66x66.png 66w, https:\/\/startercultures.eu\/wp-content\/uploads\/2020\/12\/fermentation-450-70x70.png 70w, https:\/\/startercultures.eu\/wp-content\/uploads\/2020\/12\/fermentation-450-100x100.png 100w, https:\/\/startercultures.eu\/wp-content\/uploads\/2020\/12\/fermentation-450-150x150.png 150w, https:\/\/startercultures.eu\/wp-content\/uploads\/2020\/12\/fermentation-450-200x200.png 200w, https:\/\/startercultures.eu\/wp-content\/uploads\/2020\/12\/fermentation-450-300x300.png 300w, https:\/\/startercultures.eu\/wp-content\/uploads\/2020\/12\/fermentation-450-400x401.png 400w, https:\/\/startercultures.eu\/wp-content\/uploads\/2020\/12\/fermentation-450.png 450w\" data-sizes=\"auto\" data-orig-sizes=\"(max-width: 131px) 100vw, 131px\" \/><\/h3>\n<p>In diesem <a href=\"https:\/\/startercultures.eu\/product\/workshops-2\/online-workshops-fermentation\/online-workshop-how-to-make-kimchi-and-ferment-other-vegetables\/\" target=\"_blank\" rel=\"noopener\">englischsprachigen Workshop<\/a> erfahren Sie alles \u00fcber Kimchi, das beliebte fermentierte Gem\u00fcse. W\u00fcrzig, frisch und unglaublich lecker. Sie werden feststellen, dass dieses Aroma sehr vielseitig ist und dass die Bandbreite der Zubereitungen enorm ist. Es gibt sogar 7-up-Kimchi! In der Zwischenzeit werden Sie auch etwas \u00fcber die G\u00e4rung lernen. Von Foodwriter<a href=\"https:\/\/wateetons.com\/\" target=\"_blank\" rel=\"noopener\">&#8216;Meneer Wateetons&#8217;<\/a>, Autor mehrerer B\u00fccher \u00fcber Fermentation und alternative Lebensmittelzubereitungstechniken, Klicken Sie <a href=\"https:\/\/startercultures.eu\/product\/workshops-2\/online-workshops-fermentation\/online-workshop-how-to-make-kimchi-and-ferment-other-vegetables\/\" target=\"_blank\" rel=\"noopener\">hier<\/a> f\u00fcr weitere Informationen.<\/p>\n<p>&nbsp;<\/p>\n<\/div>\n<\/div>\n<\/div>\n<\/div>\n<\/div>\n","protected":false},"excerpt":{"rendered":"<p>Es ist wichtig, den exakten pH-Wert zu einem bestimmten Zeitpunkt der G\u00e4rung zu kennen, daher ben\u00f6tigen Sie dieses pH-Kalibrierungspufferpulver. Es wird empfohlen, mindestens zweimal im Monat zu kalibrieren, aber auch dann, wenn Sie Ihre Elektrode l\u00e4ngere Zeit nicht benutzt haben, wenn sie gereinigt wurde, wenn es sich um eine neue Elektrode handelt oder wenn Sie einfach nur sicherstellen wollen, dass Ihre G\u00e4rung planm\u00e4\u00dfig verl\u00e4uft.<\/p>\n","protected":false},"featured_media":24298,"comment_status":"open","ping_status":"closed","template":"","meta":{"_acf_changed":false,"footnotes":""},"product_brand":[],"product_cat":[664,665,687,696,656,658,659,661,644,662],"product_tag":[],"class_list":{"0":"post-24991","1":"product","2":"type-product","3":"status-publish","4":"has-post-thumbnail","6":"product_cat-prufer","7":"product_cat-prufung","8":"product_cat-vegane-limonaden","9":"product_cat-veganer-essig","10":"product_cat-werkzeuge-de","11":"product_cat-werkzeuge-de-2","12":"product_cat-werkzeuge-de-3","13":"product_cat-werkzeuge-de-4","14":"product_cat-werkzeuge","15":"product_cat-werkzeuge-de-5","16":"pa_ean-8720297621345-de","18":"first","19":"instock","20":"taxable","21":"shipping-taxable","22":"purchasable","23":"product-type-simple"},"acf":[],"yoast_head":"<!-- This site is optimized with the Yoast SEO plugin v26.6 - https:\/\/yoast.com\/wordpress\/plugins\/seo\/ -->\n<title>pH-Kalibrierpufferpulver f\u00fcr korrekte Messungen | startercultures.eu<\/title>\n<meta name=\"description\" content=\"Verwenden Sie unser pH-Kalibrierungspufferpulver, um sicherzustellen, dass Ihr Messger\u00e4t den genauen pH-Wert Ihres fermentierten Produkts anzeigt. Vertrauen ist gut, Kontrolle ist besser!\" \/>\n<meta name=\"robots\" content=\"index, follow, max-snippet:-1, max-image-preview:large, max-video-preview:-1\" \/>\n<link rel=\"canonical\" href=\"https:\/\/startercultures.eu\/de\/product\/fermentation-de\/gemuse-de\/werkzeuge\/15er-pack-ph-kalibrierungspuffer-pulver-5-sets-von-3\/\" \/>\n<meta property=\"og:locale\" content=\"de_DE\" \/>\n<meta property=\"og:type\" content=\"article\" \/>\n<meta property=\"og:title\" content=\"pH-Kalibrierpufferpulver f\u00fcr korrekte Messungen | startercultures.eu\" \/>\n<meta property=\"og:description\" content=\"Verwenden Sie unser pH-Kalibrierungspufferpulver, um sicherzustellen, dass Ihr Messger\u00e4t den genauen pH-Wert Ihres fermentierten Produkts anzeigt. Vertrauen ist gut, Kontrolle ist besser!\" \/>\n<meta property=\"og:url\" content=\"https:\/\/startercultures.eu\/de\/product\/fermentation-de\/gemuse-de\/werkzeuge\/15er-pack-ph-kalibrierungspuffer-pulver-5-sets-von-3\/\" \/>\n<meta property=\"og:site_name\" content=\"Startercultures.eu\" \/>\n<meta property=\"article:publisher\" content=\"https:\/\/www.facebook.com\/startercultureseu\" \/>\n<meta property=\"article:modified_time\" content=\"2026-02-13T10:16:38+00:00\" \/>\n<meta property=\"og:image\" content=\"https:\/\/startercultures.eu\/wp-content\/uploads\/2021\/09\/ijkpoeder.png\" \/>\n\t<meta property=\"og:image:width\" content=\"450\" \/>\n\t<meta property=\"og:image:height\" content=\"450\" \/>\n\t<meta property=\"og:image:type\" content=\"image\/png\" \/>\n<meta name=\"twitter:card\" content=\"summary_large_image\" \/>\n<meta name=\"twitter:label1\" content=\"Price\" \/>\n\t<meta name=\"twitter:data1\" content=\"14,99\" \/>\n\t<meta name=\"twitter:label2\" content=\"Availability\" \/>\n\t<meta name=\"twitter:data2\" content=\"Vorr\u00e4tig\" \/>\n<script type=\"application\/ld+json\" class=\"yoast-schema-graph\">{\"@context\":\"https:\/\/schema.org\",\"@graph\":[{\"@type\":\"WebPage\",\"@id\":\"https:\/\/startercultures.eu\/de\/product\/fermentation-de\/gemuse-de\/werkzeuge\/15er-pack-ph-kalibrierungspuffer-pulver-5-sets-von-3\/\",\"url\":\"https:\/\/startercultures.eu\/de\/product\/fermentation-de\/gemuse-de\/werkzeuge\/15er-pack-ph-kalibrierungspuffer-pulver-5-sets-von-3\/\",\"name\":\"pH-Kalibrierpufferpulver f\u00fcr korrekte Messungen | startercultures.eu\",\"isPartOf\":{\"@id\":\"https:\/\/startercultures.eu\/de\/#website\"},\"primaryImageOfPage\":{\"@id\":\"https:\/\/startercultures.eu\/de\/product\/fermentation-de\/gemuse-de\/werkzeuge\/15er-pack-ph-kalibrierungspuffer-pulver-5-sets-von-3\/#primaryimage\"},\"image\":{\"@id\":\"https:\/\/startercultures.eu\/de\/product\/fermentation-de\/gemuse-de\/werkzeuge\/15er-pack-ph-kalibrierungspuffer-pulver-5-sets-von-3\/#primaryimage\"},\"thumbnailUrl\":\"https:\/\/startercultures.eu\/wp-content\/uploads\/2021\/09\/ijkpoeder.png\",\"datePublished\":\"2021-09-21T18:11:23+00:00\",\"dateModified\":\"2026-02-13T10:16:38+00:00\",\"description\":\"Verwenden Sie unser pH-Kalibrierungspufferpulver, um sicherzustellen, dass Ihr Messger\u00e4t den genauen pH-Wert Ihres fermentierten Produkts anzeigt. Vertrauen ist gut, Kontrolle ist besser!\",\"breadcrumb\":{\"@id\":\"https:\/\/startercultures.eu\/de\/product\/fermentation-de\/gemuse-de\/werkzeuge\/15er-pack-ph-kalibrierungspuffer-pulver-5-sets-von-3\/#breadcrumb\"},\"inLanguage\":\"de-DE\",\"potentialAction\":[{\"@type\":\"ReadAction\",\"target\":[\"https:\/\/startercultures.eu\/de\/product\/fermentation-de\/gemuse-de\/werkzeuge\/15er-pack-ph-kalibrierungspuffer-pulver-5-sets-von-3\/\"]}]},{\"@type\":\"ImageObject\",\"inLanguage\":\"de-DE\",\"@id\":\"https:\/\/startercultures.eu\/de\/product\/fermentation-de\/gemuse-de\/werkzeuge\/15er-pack-ph-kalibrierungspuffer-pulver-5-sets-von-3\/#primaryimage\",\"url\":\"https:\/\/startercultures.eu\/wp-content\/uploads\/2021\/09\/ijkpoeder.png\",\"contentUrl\":\"https:\/\/startercultures.eu\/wp-content\/uploads\/2021\/09\/ijkpoeder.png\",\"width\":450,\"height\":450,\"caption\":\"ijkpoeder\"},{\"@type\":\"BreadcrumbList\",\"@id\":\"https:\/\/startercultures.eu\/de\/product\/fermentation-de\/gemuse-de\/werkzeuge\/15er-pack-ph-kalibrierungspuffer-pulver-5-sets-von-3\/#breadcrumb\",\"itemListElement\":[{\"@type\":\"ListItem\",\"position\":1,\"name\":\"Home\",\"item\":\"https:\/\/startercultures.eu\/de\/\"},{\"@type\":\"ListItem\",\"position\":2,\"name\":\"Shop\",\"item\":\"https:\/\/startercultures.eu\/shop\/\"},{\"@type\":\"ListItem\",\"position\":3,\"name\":\"15er Pack pH-Kalibrierungspufferpulver | 5 S\u00e4tze \u00e0 3\"}]},{\"@type\":\"WebSite\",\"@id\":\"https:\/\/startercultures.eu\/de\/#website\",\"url\":\"https:\/\/startercultures.eu\/de\/\",\"name\":\"Startercultures.eu\",\"description\":\"Startercultures.eu\",\"publisher\":{\"@id\":\"https:\/\/startercultures.eu\/de\/#organization\"},\"potentialAction\":[{\"@type\":\"SearchAction\",\"target\":{\"@type\":\"EntryPoint\",\"urlTemplate\":\"https:\/\/startercultures.eu\/de\/?s={search_term_string}\"},\"query-input\":{\"@type\":\"PropertyValueSpecification\",\"valueRequired\":true,\"valueName\":\"search_term_string\"}}],\"inLanguage\":\"de-DE\"},{\"@type\":\"Organization\",\"@id\":\"https:\/\/startercultures.eu\/de\/#organization\",\"name\":\"Startercultures.eu\",\"url\":\"https:\/\/startercultures.eu\/de\/\",\"logo\":{\"@type\":\"ImageObject\",\"inLanguage\":\"de-DE\",\"@id\":\"https:\/\/startercultures.eu\/de\/#\/schema\/logo\/image\/\",\"url\":\"https:\/\/startercultures.eu\/wp-content\/uploads\/2020\/08\/startercultures-eu-nl-logo-rond-rgb.png\",\"contentUrl\":\"https:\/\/startercultures.eu\/wp-content\/uploads\/2020\/08\/startercultures-eu-nl-logo-rond-rgb.png\",\"width\":320,\"height\":320,\"caption\":\"Startercultures.eu\"},\"image\":{\"@id\":\"https:\/\/startercultures.eu\/de\/#\/schema\/logo\/image\/\"},\"sameAs\":[\"https:\/\/www.facebook.com\/startercultureseu\",\"https:\/\/www.instagram.com\/startercultures.eu\/\"],\"hasMerchantReturnPolicy\":{\"@type\":\"MerchantReturnPolicy\",\"merchantReturnLink\":\"https:\/\/startercultures.eu\/return-policy\/\"}}]}<\/script>\n<meta property=\"product:price:amount\" content=\"14.99\" \/>\n<meta property=\"product:price:currency\" content=\"EUR\" \/>\n<meta property=\"og:availability\" content=\"instock\" \/>\n<meta property=\"product:availability\" content=\"instock\" \/>\n<meta property=\"product:retailer_item_id\" content=\"212\" \/>\n<meta property=\"product:condition\" content=\"new\" \/>\n<!-- \/ Yoast SEO plugin. -->","yoast_head_json":{"title":"pH-Kalibrierpufferpulver f\u00fcr korrekte Messungen | startercultures.eu","description":"Verwenden Sie unser pH-Kalibrierungspufferpulver, um sicherzustellen, dass Ihr Messger\u00e4t den genauen pH-Wert Ihres fermentierten Produkts anzeigt. Vertrauen ist gut, Kontrolle ist besser!","robots":{"index":"index","follow":"follow","max-snippet":"max-snippet:-1","max-image-preview":"max-image-preview:large","max-video-preview":"max-video-preview:-1"},"canonical":"https:\/\/startercultures.eu\/de\/product\/fermentation-de\/gemuse-de\/werkzeuge\/15er-pack-ph-kalibrierungspuffer-pulver-5-sets-von-3\/","og_locale":"de_DE","og_type":"article","og_title":"pH-Kalibrierpufferpulver f\u00fcr korrekte Messungen | startercultures.eu","og_description":"Verwenden Sie unser pH-Kalibrierungspufferpulver, um sicherzustellen, dass Ihr Messger\u00e4t den genauen pH-Wert Ihres fermentierten Produkts anzeigt. Vertrauen ist gut, Kontrolle ist besser!","og_url":"https:\/\/startercultures.eu\/de\/product\/fermentation-de\/gemuse-de\/werkzeuge\/15er-pack-ph-kalibrierungspuffer-pulver-5-sets-von-3\/","og_site_name":"Startercultures.eu","article_publisher":"https:\/\/www.facebook.com\/startercultureseu","article_modified_time":"2026-02-13T10:16:38+00:00","og_image":[{"width":450,"height":450,"url":"https:\/\/startercultures.eu\/wp-content\/uploads\/2021\/09\/ijkpoeder.png","type":"image\/png"}],"twitter_card":"summary_large_image","twitter_misc":{"Price":"14,99","Availability":"Vorr\u00e4tig"},"schema":{"@context":"https:\/\/schema.org","@graph":[{"@type":"WebPage","@id":"https:\/\/startercultures.eu\/de\/product\/fermentation-de\/gemuse-de\/werkzeuge\/15er-pack-ph-kalibrierungspuffer-pulver-5-sets-von-3\/","url":"https:\/\/startercultures.eu\/de\/product\/fermentation-de\/gemuse-de\/werkzeuge\/15er-pack-ph-kalibrierungspuffer-pulver-5-sets-von-3\/","name":"pH-Kalibrierpufferpulver f\u00fcr korrekte Messungen | startercultures.eu","isPartOf":{"@id":"https:\/\/startercultures.eu\/de\/#website"},"primaryImageOfPage":{"@id":"https:\/\/startercultures.eu\/de\/product\/fermentation-de\/gemuse-de\/werkzeuge\/15er-pack-ph-kalibrierungspuffer-pulver-5-sets-von-3\/#primaryimage"},"image":{"@id":"https:\/\/startercultures.eu\/de\/product\/fermentation-de\/gemuse-de\/werkzeuge\/15er-pack-ph-kalibrierungspuffer-pulver-5-sets-von-3\/#primaryimage"},"thumbnailUrl":"https:\/\/startercultures.eu\/wp-content\/uploads\/2021\/09\/ijkpoeder.png","datePublished":"2021-09-21T18:11:23+00:00","dateModified":"2026-02-13T10:16:38+00:00","description":"Verwenden Sie unser pH-Kalibrierungspufferpulver, um sicherzustellen, dass Ihr Messger\u00e4t den genauen pH-Wert Ihres fermentierten Produkts anzeigt. Vertrauen ist gut, Kontrolle ist besser!","breadcrumb":{"@id":"https:\/\/startercultures.eu\/de\/product\/fermentation-de\/gemuse-de\/werkzeuge\/15er-pack-ph-kalibrierungspuffer-pulver-5-sets-von-3\/#breadcrumb"},"inLanguage":"de-DE","potentialAction":[{"@type":"ReadAction","target":["https:\/\/startercultures.eu\/de\/product\/fermentation-de\/gemuse-de\/werkzeuge\/15er-pack-ph-kalibrierungspuffer-pulver-5-sets-von-3\/"]}]},{"@type":"ImageObject","inLanguage":"de-DE","@id":"https:\/\/startercultures.eu\/de\/product\/fermentation-de\/gemuse-de\/werkzeuge\/15er-pack-ph-kalibrierungspuffer-pulver-5-sets-von-3\/#primaryimage","url":"https:\/\/startercultures.eu\/wp-content\/uploads\/2021\/09\/ijkpoeder.png","contentUrl":"https:\/\/startercultures.eu\/wp-content\/uploads\/2021\/09\/ijkpoeder.png","width":450,"height":450,"caption":"ijkpoeder"},{"@type":"BreadcrumbList","@id":"https:\/\/startercultures.eu\/de\/product\/fermentation-de\/gemuse-de\/werkzeuge\/15er-pack-ph-kalibrierungspuffer-pulver-5-sets-von-3\/#breadcrumb","itemListElement":[{"@type":"ListItem","position":1,"name":"Home","item":"https:\/\/startercultures.eu\/de\/"},{"@type":"ListItem","position":2,"name":"Shop","item":"https:\/\/startercultures.eu\/shop\/"},{"@type":"ListItem","position":3,"name":"15er Pack pH-Kalibrierungspufferpulver | 5 S\u00e4tze \u00e0 3"}]},{"@type":"WebSite","@id":"https:\/\/startercultures.eu\/de\/#website","url":"https:\/\/startercultures.eu\/de\/","name":"Startercultures.eu","description":"Startercultures.eu","publisher":{"@id":"https:\/\/startercultures.eu\/de\/#organization"},"potentialAction":[{"@type":"SearchAction","target":{"@type":"EntryPoint","urlTemplate":"https:\/\/startercultures.eu\/de\/?s={search_term_string}"},"query-input":{"@type":"PropertyValueSpecification","valueRequired":true,"valueName":"search_term_string"}}],"inLanguage":"de-DE"},{"@type":"Organization","@id":"https:\/\/startercultures.eu\/de\/#organization","name":"Startercultures.eu","url":"https:\/\/startercultures.eu\/de\/","logo":{"@type":"ImageObject","inLanguage":"de-DE","@id":"https:\/\/startercultures.eu\/de\/#\/schema\/logo\/image\/","url":"https:\/\/startercultures.eu\/wp-content\/uploads\/2020\/08\/startercultures-eu-nl-logo-rond-rgb.png","contentUrl":"https:\/\/startercultures.eu\/wp-content\/uploads\/2020\/08\/startercultures-eu-nl-logo-rond-rgb.png","width":320,"height":320,"caption":"Startercultures.eu"},"image":{"@id":"https:\/\/startercultures.eu\/de\/#\/schema\/logo\/image\/"},"sameAs":["https:\/\/www.facebook.com\/startercultureseu","https:\/\/www.instagram.com\/startercultures.eu\/"],"hasMerchantReturnPolicy":{"@type":"MerchantReturnPolicy","merchantReturnLink":"https:\/\/startercultures.eu\/return-policy\/"}}]},"product_price_amount":"14.99","product_price_currency":"EUR","og_availability":"instock","product_availability":"instock","product_retailer_item_id":"212","product_condition":"new"},"_links":{"self":[{"href":"https:\/\/startercultures.eu\/de\/wp-json\/wp\/v2\/product\/24991","targetHints":{"allow":["GET"]}}],"collection":[{"href":"https:\/\/startercultures.eu\/de\/wp-json\/wp\/v2\/product"}],"about":[{"href":"https:\/\/startercultures.eu\/de\/wp-json\/wp\/v2\/types\/product"}],"replies":[{"embeddable":true,"href":"https:\/\/startercultures.eu\/de\/wp-json\/wp\/v2\/comments?post=24991"}],"version-history":[{"count":1,"href":"https:\/\/startercultures.eu\/de\/wp-json\/wp\/v2\/product\/24991\/revisions"}],"predecessor-version":[{"id":60538,"href":"https:\/\/startercultures.eu\/de\/wp-json\/wp\/v2\/product\/24991\/revisions\/60538"}],"wp:featuredmedia":[{"embeddable":true,"href":"https:\/\/startercultures.eu\/de\/wp-json\/wp\/v2\/media\/24298"}],"wp:attachment":[{"href":"https:\/\/startercultures.eu\/de\/wp-json\/wp\/v2\/media?parent=24991"}],"wp:term":[{"taxonomy":"product_brand","embeddable":true,"href":"https:\/\/startercultures.eu\/de\/wp-json\/wp\/v2\/product_brand?post=24991"},{"taxonomy":"product_cat","embeddable":true,"href":"https:\/\/startercultures.eu\/de\/wp-json\/wp\/v2\/product_cat?post=24991"},{"taxonomy":"product_tag","embeddable":true,"href":"https:\/\/startercultures.eu\/de\/wp-json\/wp\/v2\/product_tag?post=24991"}],"curies":[{"name":"wp","href":"https:\/\/api.w.org\/{rel}","templated":true}]}}