{"id":24993,"date":"2021-09-21T17:20:05","date_gmt":"2021-09-21T17:20:05","guid":{"rendered":"https:\/\/startercultures.eu\/product\/unkategorisiert\/joghurtbereiter-12-liter-einstellbare-temperatur\/"},"modified":"2026-02-03T22:19:30","modified_gmt":"2026-02-03T21:19:30","slug":"joghurt-bereiter-15-liter-einstellbare-temperatur","status":"publish","type":"product","link":"https:\/\/startercultures.eu\/de\/product\/fermentation-de\/molkerei\/joghurt\/werkzeuge-de-4\/joghurt-bereiter-15-liter-einstellbare-temperatur\/","title":{"rendered":"Joghurtbereiter | 1,2 Liter | einstellbare Temperatur"},"content":{"rendered":"<p>Joghurt, auch yogurt, yogourt or yoghourt geschrieben, ist ein Lebensmittel, das durch bakterielle Fermentation von Milch bei Temperaturen zwischen Raumtemperatur und 45 Grad Celsius hergestellt wird. Die Temperatur hat einen gro\u00dfen Einfluss auf das Ergebnis. Um diese Temperatur zu w\u00e4hlen, zu halten und zu \u00fcberwachen, ben\u00f6tigen Sie einen Joghurtbereiter. Ein Joghurtbereiter mit einstellbarer Temperatur wird Ihre Auswahl an m\u00f6glichen Joghurtvarianten erheblich erweitern.<\/p>\n<h3>\u00dcber unseren Joghurtbereiter mit einstellbarer Temperatur.<\/h3>\n<p>Es wird gemunkelt, dass die Erfindung dieses Joghurtbereiters zu den bahnbrechenden Ereignissen der Menschheitsgeschichte geh\u00f6rt, wie die Spaltung des Atoms. Aber Joghurt ist gut f\u00fcr die Gesundheit, und Uran nicht. Mit unserem Joghurtbereiter k\u00f6nnen Sie traditionellen Joghurt (sowohl Naturjoghurt als auch griechischen Joghurt), veganen Joghurt (z.B. aus Sojamilch), H\u00fcttenk\u00e4se und Kefir herstellen &#8211; und das alles zu Hause! Und obwohl Kinder im CERN nicht erlaubt sind, k\u00f6nnen Sie die Kinder zu sich rufen und Ihren eigenen Joghurt zubereiten, denn das wird ein Kinderspiel sein.<\/p>\n<h3>Joghurtbereiter mit einstellbarer Temperatur.<\/h3>\n<p>Und das alles dank der M\u00f6glichkeit, die Betriebszeit und die Temperatur einzustellen, so dass Sie das Ger\u00e4t nach dem von Ihnen verwendeten Rezept programmieren k\u00f6nnen, und dank der elektronischen Anzeige k\u00f6nnen Sie den Reifungsprozess des Joghurts \u00fcberwachen. Dieser hochwertige Joghurtbereiter ist schnell wie eine Kugel, zuverl\u00e4ssig wie eine Schweizer Uhr und hat ein Design, das direkt aus der Hand von <a href=\"https:\/\/en.wikipedia.org\/wiki\/Alessi_(Italian_company)\" target=\"_blank\" rel=\"noopener\">Alessi<\/a> zu stammen scheint. Dieses Komplettpaket wird das Herzst\u00fcck Ihrer K\u00fcche sein! Sie werden vielleicht denken, dass wir \u00fcbertreiben, aber warten Sie nur, bis Ihre Freunde und Verwandten erfahren, dass Sie den einzigen Joghurtbereiter mit einer Zeitschaltuhr besitzen, mit der Sie die Arbeitszeit programmieren k\u00f6nnen, und einem Thermostat, mit dem Sie die Temperatur f\u00fcr griechischen oder bulgarischen Joghurt, Kefir, &#8230; genau einstellen k\u00f6nnen.<\/p>\n<p>Mit diesem einzigartigen Joghurtbereiter mit einstellbarer Temperatur k\u00f6nnen Sie Ihre Lieblingsk\u00f6stlichkeiten kreieren und Sie werden den Frozen Yogurt Store nur noch besuchen, um mit <em>Ihrem<\/em> Joghurt zu prahlen!<\/p>\n<p>Vorteile des Joghurtbereiters mit einstellbarer Temperatur<\/p>\n<ul>\n<li>Sowohl f\u00fcr mesophilen als auch f\u00fcr thermophilen Joghurt<\/li>\n<li>Temperaturbereich: Der im Ger\u00e4t enthaltene Pr\u00e4zisions-Temperaturregler erm\u00f6glicht die Einstellung der richtigen Reifungstemperatur f\u00fcr Joghurt, Quark oder Kefir im Bereich von 20\u00b0C bis 55\u00b0C und die Kontrolle des gesamten Prozesses.<\/li>\n<li>Zeitschaltuhr: Der Joghurtbereiter ist mit einer Zeitschaltuhr ausgestattet, mit der die Betriebszeit des Ger\u00e4ts einfach und schnell im Bereich von 1 bis 48 Stunden programmiert werden kann, um sie an das zuzubereitende Produkt anzupassen.<\/li>\n<li>Hochwertige Qualit\u00e4t: Peinlich ber\u00fchrt von Hochzeiten, die l\u00e4nger halten als Ihr Geschenk? Jetzt nicht mehr, denn das gl\u00fcckliche Paar wird diesen Joghurtbereiter auch bei seiner Diamantenen Hochzeit verwenden.<\/li>\n<li>Umwelt: Die Verwendung eines Joghurtbereiters ist sehr umweltfreundlich und tr\u00e4gt dazu bei, die Menge des anfallenden Plastikm\u00fclls zu verringern, da die im Handel erh\u00e4ltlichen Fertigjoghurts und Kefirs meist in Plastikverpackungen geliefert werden.<\/li>\n<\/ul>\n<h3>Sie lieben Joghurt?<\/h3>\n<p>Probieren Sie unsere <a href=\"https:\/\/startercultures.eu\/product-category\/dairy\/yoghurt\/yogurt-starters\/\" target=\"_blank\" rel=\"noopener\">Joghurt-Starterkulturen aus.<\/a><\/p>\n<h3><strong>Inhalt<\/strong><\/h3>\n<p>Das Produkt umfasst:<\/p>\n<ol>\n<li>1.2 L Joghurtbereiter<\/li>\n<li>2 lebensmittelechte Kunststoffbeh\u00e4lter mit Deckeln<\/li>\n<li>Sieb f\u00fcr p\u00fcrierte Joghurts wie griechischen Joghurt<\/li>\n<li>Deckel<\/li>\n<li>Gebrauchsanweisung in Deutsch, Englisch, Russisch und Polnisch<\/li>\n<\/ol>\n<h3><b>Abmessungen des Produkts:<\/b><\/h3>\n<ul>\n<li>Joghurtbereiter: 19,5 cm x 21 cm x 16,4 cm<\/li>\n<li>Kabell\u00e4nge: 85 cm<\/li>\n<li>Verpackung 21,5 cm x 17,3 cm<\/li>\n<\/ul>\n<h3 data-fontsize=\"21\" data-lineheight=\"27.3px\">Einen Joghurtbereiter mit einstellbarer Temperatur kaufen?<\/h3>\n<p>Bestellen Sie Ihren Joghurtbereiter mit einstellbarer Temperatur bei startercultures.eu, dem europ\u00e4ischen Webshop f\u00fcr alle Ihre Fermentationsbed\u00fcrfnisse. Von Meneer Wateetons, dem bekannten niederl\u00e4ndischen G\u00e4rungsexperten und Autor. Bestellen Sie werktags vor 15 Uhr und wir liefern noch am selben Tag. Fragen zur Verwendung des Joghurtbereiters? Frag sie in unserem Chat, wir helfen dir gerne weiter!<\/p>\n<h3>Online-Workshop &#8220;Veganen K\u00e4se zu Hause herstellen&#8221; (mit Untertiteln)<\/h3>\n<p>In <a href=\"https:\/\/startercultures.eu\/product\/vegan-main\/vegan-dairy\/online-english-subtitled-vegan-cheese-workshop\/\" target=\"_blank\" rel=\"noopener\">diesem Workshop mit englischen Untertiteln<\/a> lernen Sie die Theorie und Praxis der Herstellung von veganem K\u00e4se<img decoding=\"async\" class=\"lazyload  wp-image-24266 alignright\" src=\"https:\/\/startercultures.eu\/wp-content\/uploads\/2021\/06\/Vegan-cheese-starter-kit-300x222.png\" data-orig-src=\"https:\/\/startercultures.eu\/wp-content\/uploads\/2021\/06\/Vegan-cheese-starter-kit-300x222.png\" alt=\"Veganes Blauschimmelk\u00e4se Starterkultur Kit\" width=\"219\" height=\"162\" srcset=\"data:image\/svg+xml,%3Csvg%20xmlns%3D%27http%3A%2F%2Fwww.w3.org%2F2000%2Fsvg%27%20width%3D%27219%27%20height%3D%27162%27%20viewBox%3D%270%200%20219%20162%27%3E%3Crect%20width%3D%27219%27%20height%3D%27162%27%20fill-opacity%3D%220%22%2F%3E%3C%2Fsvg%3E\" data-srcset=\"https:\/\/startercultures.eu\/wp-content\/uploads\/2021\/06\/Vegan-cheese-starter-kit-200x148.png 200w, https:\/\/startercultures.eu\/wp-content\/uploads\/2021\/06\/Vegan-cheese-starter-kit-300x222.png 300w, https:\/\/startercultures.eu\/wp-content\/uploads\/2021\/06\/Vegan-cheese-starter-kit-400x296.png 400w, https:\/\/startercultures.eu\/wp-content\/uploads\/2021\/06\/Vegan-cheese-starter-kit-500x370.png 500w, https:\/\/startercultures.eu\/wp-content\/uploads\/2021\/06\/Vegan-cheese-starter-kit-600x445.png 600w, https:\/\/startercultures.eu\/wp-content\/uploads\/2021\/06\/Vegan-cheese-starter-kit-700x519.png 700w, https:\/\/startercultures.eu\/wp-content\/uploads\/2021\/06\/Vegan-cheese-starter-kit-768x569.png 768w, https:\/\/startercultures.eu\/wp-content\/uploads\/2021\/06\/Vegan-cheese-starter-kit-800x593.png 800w, https:\/\/startercultures.eu\/wp-content\/uploads\/2021\/06\/Vegan-cheese-starter-kit-1024x759.png 1024w, https:\/\/startercultures.eu\/wp-content\/uploads\/2021\/06\/Vegan-cheese-starter-kit.png 1200w\" data-sizes=\"auto\" data-orig-sizes=\"(max-width: 219px) 100vw, 219px\" \/>s zu Hause, mit dem Schwerpunkt auf veganem Camembert und veganem Blauschimmelk\u00e4se. Foodwriter<a href=\"https:\/\/wateetons.com\/\" target=\"_blank\" rel=\"noopener\">&#8216;Meneer Wateetons&#8217;<\/a>, Autor mehrerer B\u00fccher \u00fcber Fermentierung und alternative Lebensmittelzubereitungstechniken, wird Ihnen alles \u00fcber Fermentierung, P\u00f6kelsalze, Lebensmittelsicherheit, pH-Wert, Starterkulturen, Schimmelpilze und Trocknungsbedingungen beibringen. Klicken Sie <a href=\"https:\/\/startercultures.eu\/product\/vegan-main\/vegan-dairy\/online-english-subtitled-vegan-cheese-workshop\/\" target=\"_blank\" rel=\"noopener\">hier<\/a> f\u00fcr weitere Informationen.<\/p>\n","protected":false},"excerpt":{"rendered":"<p>Mit diesem einzigartigen Joghurtbereiter mit einstellbarer Temperatur k\u00f6nnen Sie Ihren eigenen traditionellen Joghurt (sowohl Naturjoghurt als auch Joghurt nach griechischer Art), veganen Joghurt (z. B. aus Sojamilch), H\u00fcttenk\u00e4se und Kefir herstellen &#8211; und das alles zu Hause! Er ist mit einem Timer ausgestattet, mit dem Sie Ihre Arbeitszeit programmieren k\u00f6nnen, und einem Thermostat, mit dem Sie die Temperatur f\u00fcr die Reifung von Joghurt, Kefir oder K\u00e4se genau einstellen k\u00f6nnen. Vielseitiges Qualit\u00e4tsprodukt.<\/p>\n","protected":false},"featured_media":24297,"comment_status":"open","ping_status":"closed","template":"","meta":{"_acf_changed":false,"footnotes":""},"product_brand":[],"product_cat":[680,710,661],"product_tag":[],"class_list":{"0":"post-24993","1":"product","2":"type-product","3":"status-publish","4":"has-post-thumbnail","6":"product_cat-vegane-milchprodukte","7":"product_cat-veganer-joghurt","8":"product_cat-werkzeuge-de-4","9":"product_shipping_class-groot-pakket-de","10":"pa_ean-5908277711801-de","12":"first","13":"outofstock","14":"taxable","15":"shipping-taxable","16":"purchasable","17":"product-type-simple"},"acf":[],"yoast_head":"<!-- This site is optimized with the Yoast SEO plugin v26.6 - https:\/\/yoast.com\/wordpress\/plugins\/seo\/ -->\n<title>Joghurtbereiter mit einstellbarer Temperatur | startercultures.eu<\/title>\n<meta name=\"description\" content=\"Mit diesem vielseitigen Joghurtbereiter mit einstellbarer Temperatur k\u00f6nnen Sie zu Hause alle Arten von (veganem) Joghurt, H\u00fcttenk\u00e4se und Kefir herstellen.\" \/>\n<meta name=\"robots\" content=\"index, follow, max-snippet:-1, max-image-preview:large, max-video-preview:-1\" \/>\n<link rel=\"canonical\" href=\"https:\/\/startercultures.eu\/de\/product\/fermentation-de\/molkerei\/joghurt\/werkzeuge-de-4\/joghurt-bereiter-15-liter-einstellbare-temperatur\/\" \/>\n<meta property=\"og:locale\" content=\"de_DE\" \/>\n<meta property=\"og:type\" content=\"article\" \/>\n<meta property=\"og:title\" content=\"Joghurtbereiter mit einstellbarer Temperatur | startercultures.eu\" \/>\n<meta property=\"og:description\" content=\"Mit diesem vielseitigen Joghurtbereiter mit einstellbarer Temperatur k\u00f6nnen Sie zu Hause alle Arten von (veganem) Joghurt, H\u00fcttenk\u00e4se und Kefir herstellen.\" \/>\n<meta property=\"og:url\" content=\"https:\/\/startercultures.eu\/de\/product\/fermentation-de\/molkerei\/joghurt\/werkzeuge-de-4\/joghurt-bereiter-15-liter-einstellbare-temperatur\/\" \/>\n<meta property=\"og:site_name\" content=\"Startercultures.eu\" \/>\n<meta property=\"article:publisher\" content=\"https:\/\/www.facebook.com\/startercultureseu\" \/>\n<meta property=\"article:modified_time\" content=\"2026-02-03T21:19:30+00:00\" \/>\n<meta property=\"og:image\" content=\"https:\/\/startercultures.eu\/wp-content\/uploads\/2021\/09\/yoghurtmaker.png\" \/>\n\t<meta property=\"og:image:width\" content=\"450\" \/>\n\t<meta property=\"og:image:height\" content=\"450\" \/>\n\t<meta property=\"og:image:type\" content=\"image\/png\" \/>\n<meta name=\"twitter:card\" content=\"summary_large_image\" \/>\n<meta name=\"twitter:label1\" content=\"Price\" \/>\n\t<meta name=\"twitter:data1\" content=\"49,99\" \/>\n\t<meta name=\"twitter:label2\" content=\"Availability\" \/>\n\t<meta name=\"twitter:data2\" content=\"Nicht auf Lager\" \/>\n<script type=\"application\/ld+json\" class=\"yoast-schema-graph\">{\"@context\":\"https:\/\/schema.org\",\"@graph\":[{\"@type\":\"WebPage\",\"@id\":\"https:\/\/startercultures.eu\/de\/product\/fermentation-de\/molkerei\/joghurt\/werkzeuge-de-4\/joghurt-bereiter-15-liter-einstellbare-temperatur\/\",\"url\":\"https:\/\/startercultures.eu\/de\/product\/fermentation-de\/molkerei\/joghurt\/werkzeuge-de-4\/joghurt-bereiter-15-liter-einstellbare-temperatur\/\",\"name\":\"Joghurtbereiter mit einstellbarer Temperatur | startercultures.eu\",\"isPartOf\":{\"@id\":\"https:\/\/startercultures.eu\/de\/#website\"},\"primaryImageOfPage\":{\"@id\":\"https:\/\/startercultures.eu\/de\/product\/fermentation-de\/molkerei\/joghurt\/werkzeuge-de-4\/joghurt-bereiter-15-liter-einstellbare-temperatur\/#primaryimage\"},\"image\":{\"@id\":\"https:\/\/startercultures.eu\/de\/product\/fermentation-de\/molkerei\/joghurt\/werkzeuge-de-4\/joghurt-bereiter-15-liter-einstellbare-temperatur\/#primaryimage\"},\"thumbnailUrl\":\"https:\/\/startercultures.eu\/wp-content\/uploads\/2021\/09\/yoghurtmaker.png\",\"datePublished\":\"2021-09-21T17:20:05+00:00\",\"dateModified\":\"2026-02-03T21:19:30+00:00\",\"description\":\"Mit diesem vielseitigen Joghurtbereiter mit einstellbarer Temperatur k\u00f6nnen Sie zu Hause alle Arten von (veganem) Joghurt, H\u00fcttenk\u00e4se und Kefir herstellen.\",\"breadcrumb\":{\"@id\":\"https:\/\/startercultures.eu\/de\/product\/fermentation-de\/molkerei\/joghurt\/werkzeuge-de-4\/joghurt-bereiter-15-liter-einstellbare-temperatur\/#breadcrumb\"},\"inLanguage\":\"de-DE\",\"potentialAction\":[{\"@type\":\"ReadAction\",\"target\":[\"https:\/\/startercultures.eu\/de\/product\/fermentation-de\/molkerei\/joghurt\/werkzeuge-de-4\/joghurt-bereiter-15-liter-einstellbare-temperatur\/\"]}]},{\"@type\":\"ImageObject\",\"inLanguage\":\"de-DE\",\"@id\":\"https:\/\/startercultures.eu\/de\/product\/fermentation-de\/molkerei\/joghurt\/werkzeuge-de-4\/joghurt-bereiter-15-liter-einstellbare-temperatur\/#primaryimage\",\"url\":\"https:\/\/startercultures.eu\/wp-content\/uploads\/2021\/09\/yoghurtmaker.png\",\"contentUrl\":\"https:\/\/startercultures.eu\/wp-content\/uploads\/2021\/09\/yoghurtmaker.png\",\"width\":450,\"height\":450,\"caption\":\"Joghurtbereiter\"},{\"@type\":\"BreadcrumbList\",\"@id\":\"https:\/\/startercultures.eu\/de\/product\/fermentation-de\/molkerei\/joghurt\/werkzeuge-de-4\/joghurt-bereiter-15-liter-einstellbare-temperatur\/#breadcrumb\",\"itemListElement\":[{\"@type\":\"ListItem\",\"position\":1,\"name\":\"Home\",\"item\":\"https:\/\/startercultures.eu\/de\/\"},{\"@type\":\"ListItem\",\"position\":2,\"name\":\"Shop\",\"item\":\"https:\/\/startercultures.eu\/shop\/\"},{\"@type\":\"ListItem\",\"position\":3,\"name\":\"Joghurtbereiter | 1,2 Liter | einstellbare Temperatur\"}]},{\"@type\":\"WebSite\",\"@id\":\"https:\/\/startercultures.eu\/de\/#website\",\"url\":\"https:\/\/startercultures.eu\/de\/\",\"name\":\"Startercultures.eu\",\"description\":\"Startercultures.eu\",\"publisher\":{\"@id\":\"https:\/\/startercultures.eu\/de\/#organization\"},\"potentialAction\":[{\"@type\":\"SearchAction\",\"target\":{\"@type\":\"EntryPoint\",\"urlTemplate\":\"https:\/\/startercultures.eu\/de\/?s={search_term_string}\"},\"query-input\":{\"@type\":\"PropertyValueSpecification\",\"valueRequired\":true,\"valueName\":\"search_term_string\"}}],\"inLanguage\":\"de-DE\"},{\"@type\":\"Organization\",\"@id\":\"https:\/\/startercultures.eu\/de\/#organization\",\"name\":\"Startercultures.eu\",\"url\":\"https:\/\/startercultures.eu\/de\/\",\"logo\":{\"@type\":\"ImageObject\",\"inLanguage\":\"de-DE\",\"@id\":\"https:\/\/startercultures.eu\/de\/#\/schema\/logo\/image\/\",\"url\":\"https:\/\/startercultures.eu\/wp-content\/uploads\/2020\/08\/startercultures-eu-nl-logo-rond-rgb.png\",\"contentUrl\":\"https:\/\/startercultures.eu\/wp-content\/uploads\/2020\/08\/startercultures-eu-nl-logo-rond-rgb.png\",\"width\":320,\"height\":320,\"caption\":\"Startercultures.eu\"},\"image\":{\"@id\":\"https:\/\/startercultures.eu\/de\/#\/schema\/logo\/image\/\"},\"sameAs\":[\"https:\/\/www.facebook.com\/startercultureseu\",\"https:\/\/www.instagram.com\/startercultures.eu\/\"],\"hasMerchantReturnPolicy\":{\"@type\":\"MerchantReturnPolicy\",\"merchantReturnLink\":\"https:\/\/startercultures.eu\/return-policy\/\"}}]}<\/script>\n<meta property=\"product:price:amount\" content=\"49.99\" \/>\n<meta property=\"product:price:currency\" content=\"EUR\" \/>\n<meta property=\"og:availability\" content=\"out of stock\" \/>\n<meta property=\"product:availability\" content=\"out of stock\" \/>\n<meta property=\"product:retailer_item_id\" content=\"213\" \/>\n<meta property=\"product:condition\" content=\"new\" \/>\n<!-- \/ Yoast SEO plugin. -->","yoast_head_json":{"title":"Joghurtbereiter mit einstellbarer Temperatur | startercultures.eu","description":"Mit diesem vielseitigen Joghurtbereiter mit einstellbarer Temperatur k\u00f6nnen Sie zu Hause alle Arten von (veganem) Joghurt, H\u00fcttenk\u00e4se und Kefir herstellen.","robots":{"index":"index","follow":"follow","max-snippet":"max-snippet:-1","max-image-preview":"max-image-preview:large","max-video-preview":"max-video-preview:-1"},"canonical":"https:\/\/startercultures.eu\/de\/product\/fermentation-de\/molkerei\/joghurt\/werkzeuge-de-4\/joghurt-bereiter-15-liter-einstellbare-temperatur\/","og_locale":"de_DE","og_type":"article","og_title":"Joghurtbereiter mit einstellbarer Temperatur | startercultures.eu","og_description":"Mit diesem vielseitigen Joghurtbereiter mit einstellbarer Temperatur k\u00f6nnen Sie zu Hause alle Arten von (veganem) Joghurt, H\u00fcttenk\u00e4se und Kefir herstellen.","og_url":"https:\/\/startercultures.eu\/de\/product\/fermentation-de\/molkerei\/joghurt\/werkzeuge-de-4\/joghurt-bereiter-15-liter-einstellbare-temperatur\/","og_site_name":"Startercultures.eu","article_publisher":"https:\/\/www.facebook.com\/startercultureseu","article_modified_time":"2026-02-03T21:19:30+00:00","og_image":[{"width":450,"height":450,"url":"https:\/\/startercultures.eu\/wp-content\/uploads\/2021\/09\/yoghurtmaker.png","type":"image\/png"}],"twitter_card":"summary_large_image","twitter_misc":{"Price":"49,99","Availability":"Nicht auf Lager"},"schema":{"@context":"https:\/\/schema.org","@graph":[{"@type":"WebPage","@id":"https:\/\/startercultures.eu\/de\/product\/fermentation-de\/molkerei\/joghurt\/werkzeuge-de-4\/joghurt-bereiter-15-liter-einstellbare-temperatur\/","url":"https:\/\/startercultures.eu\/de\/product\/fermentation-de\/molkerei\/joghurt\/werkzeuge-de-4\/joghurt-bereiter-15-liter-einstellbare-temperatur\/","name":"Joghurtbereiter mit einstellbarer Temperatur | startercultures.eu","isPartOf":{"@id":"https:\/\/startercultures.eu\/de\/#website"},"primaryImageOfPage":{"@id":"https:\/\/startercultures.eu\/de\/product\/fermentation-de\/molkerei\/joghurt\/werkzeuge-de-4\/joghurt-bereiter-15-liter-einstellbare-temperatur\/#primaryimage"},"image":{"@id":"https:\/\/startercultures.eu\/de\/product\/fermentation-de\/molkerei\/joghurt\/werkzeuge-de-4\/joghurt-bereiter-15-liter-einstellbare-temperatur\/#primaryimage"},"thumbnailUrl":"https:\/\/startercultures.eu\/wp-content\/uploads\/2021\/09\/yoghurtmaker.png","datePublished":"2021-09-21T17:20:05+00:00","dateModified":"2026-02-03T21:19:30+00:00","description":"Mit diesem vielseitigen Joghurtbereiter mit einstellbarer Temperatur k\u00f6nnen Sie zu Hause alle Arten von (veganem) Joghurt, H\u00fcttenk\u00e4se und Kefir herstellen.","breadcrumb":{"@id":"https:\/\/startercultures.eu\/de\/product\/fermentation-de\/molkerei\/joghurt\/werkzeuge-de-4\/joghurt-bereiter-15-liter-einstellbare-temperatur\/#breadcrumb"},"inLanguage":"de-DE","potentialAction":[{"@type":"ReadAction","target":["https:\/\/startercultures.eu\/de\/product\/fermentation-de\/molkerei\/joghurt\/werkzeuge-de-4\/joghurt-bereiter-15-liter-einstellbare-temperatur\/"]}]},{"@type":"ImageObject","inLanguage":"de-DE","@id":"https:\/\/startercultures.eu\/de\/product\/fermentation-de\/molkerei\/joghurt\/werkzeuge-de-4\/joghurt-bereiter-15-liter-einstellbare-temperatur\/#primaryimage","url":"https:\/\/startercultures.eu\/wp-content\/uploads\/2021\/09\/yoghurtmaker.png","contentUrl":"https:\/\/startercultures.eu\/wp-content\/uploads\/2021\/09\/yoghurtmaker.png","width":450,"height":450,"caption":"Joghurtbereiter"},{"@type":"BreadcrumbList","@id":"https:\/\/startercultures.eu\/de\/product\/fermentation-de\/molkerei\/joghurt\/werkzeuge-de-4\/joghurt-bereiter-15-liter-einstellbare-temperatur\/#breadcrumb","itemListElement":[{"@type":"ListItem","position":1,"name":"Home","item":"https:\/\/startercultures.eu\/de\/"},{"@type":"ListItem","position":2,"name":"Shop","item":"https:\/\/startercultures.eu\/shop\/"},{"@type":"ListItem","position":3,"name":"Joghurtbereiter | 1,2 Liter | einstellbare Temperatur"}]},{"@type":"WebSite","@id":"https:\/\/startercultures.eu\/de\/#website","url":"https:\/\/startercultures.eu\/de\/","name":"Startercultures.eu","description":"Startercultures.eu","publisher":{"@id":"https:\/\/startercultures.eu\/de\/#organization"},"potentialAction":[{"@type":"SearchAction","target":{"@type":"EntryPoint","urlTemplate":"https:\/\/startercultures.eu\/de\/?s={search_term_string}"},"query-input":{"@type":"PropertyValueSpecification","valueRequired":true,"valueName":"search_term_string"}}],"inLanguage":"de-DE"},{"@type":"Organization","@id":"https:\/\/startercultures.eu\/de\/#organization","name":"Startercultures.eu","url":"https:\/\/startercultures.eu\/de\/","logo":{"@type":"ImageObject","inLanguage":"de-DE","@id":"https:\/\/startercultures.eu\/de\/#\/schema\/logo\/image\/","url":"https:\/\/startercultures.eu\/wp-content\/uploads\/2020\/08\/startercultures-eu-nl-logo-rond-rgb.png","contentUrl":"https:\/\/startercultures.eu\/wp-content\/uploads\/2020\/08\/startercultures-eu-nl-logo-rond-rgb.png","width":320,"height":320,"caption":"Startercultures.eu"},"image":{"@id":"https:\/\/startercultures.eu\/de\/#\/schema\/logo\/image\/"},"sameAs":["https:\/\/www.facebook.com\/startercultureseu","https:\/\/www.instagram.com\/startercultures.eu\/"],"hasMerchantReturnPolicy":{"@type":"MerchantReturnPolicy","merchantReturnLink":"https:\/\/startercultures.eu\/return-policy\/"}}]},"product_price_amount":"49.99","product_price_currency":"EUR","og_availability":"out of stock","product_availability":"out of stock","product_retailer_item_id":"213","product_condition":"new"},"_links":{"self":[{"href":"https:\/\/startercultures.eu\/de\/wp-json\/wp\/v2\/product\/24993","targetHints":{"allow":["GET"]}}],"collection":[{"href":"https:\/\/startercultures.eu\/de\/wp-json\/wp\/v2\/product"}],"about":[{"href":"https:\/\/startercultures.eu\/de\/wp-json\/wp\/v2\/types\/product"}],"replies":[{"embeddable":true,"href":"https:\/\/startercultures.eu\/de\/wp-json\/wp\/v2\/comments?post=24993"}],"version-history":[{"count":1,"href":"https:\/\/startercultures.eu\/de\/wp-json\/wp\/v2\/product\/24993\/revisions"}],"predecessor-version":[{"id":65843,"href":"https:\/\/startercultures.eu\/de\/wp-json\/wp\/v2\/product\/24993\/revisions\/65843"}],"wp:featuredmedia":[{"embeddable":true,"href":"https:\/\/startercultures.eu\/de\/wp-json\/wp\/v2\/media\/24297"}],"wp:attachment":[{"href":"https:\/\/startercultures.eu\/de\/wp-json\/wp\/v2\/media?parent=24993"}],"wp:term":[{"taxonomy":"product_brand","embeddable":true,"href":"https:\/\/startercultures.eu\/de\/wp-json\/wp\/v2\/product_brand?post=24993"},{"taxonomy":"product_cat","embeddable":true,"href":"https:\/\/startercultures.eu\/de\/wp-json\/wp\/v2\/product_cat?post=24993"},{"taxonomy":"product_tag","embeddable":true,"href":"https:\/\/startercultures.eu\/de\/wp-json\/wp\/v2\/product_tag?post=24993"}],"curies":[{"name":"wp","href":"https:\/\/api.w.org\/{rel}","templated":true}]}}