{"id":24996,"date":"2021-06-15T11:16:27","date_gmt":"2021-06-15T11:16:27","guid":{"rendered":"https:\/\/startercultures.eu\/product\/unkategorisiert\/veganer-lactobacillus-acidophilus-starterkultur-fuer-veganen-joghurt-und-kaese\/"},"modified":"2026-04-10T00:01:21","modified_gmt":"2026-04-09T22:01:21","slug":"vegane-lactobacillus-acidophilus-startkultur-fur-veganen-joghurt","status":"publish","type":"product","link":"https:\/\/startercultures.eu\/de\/product\/fermentation-de\/molkerei\/veganer-joghurt\/vegane-lactobacillus-acidophilus-startkultur-fur-veganen-joghurt\/","title":{"rendered":"Veganer Lactobacillus acidophilus | Starterkultur f\u00fcr veganen Joghurt und K\u00e4se"},"content":{"rendered":"<p>Unsere vegane Acidophilus-Starterkultur ist eine gro\u00dfartige Kultur, die Sie Ihrem veganen Joghurt oder veganen K\u00e4se hinzuf\u00fcgen k\u00f6nnen, um seinen Geschmack zu verbessern und ihm mehr probiotische Eigenschaften zu verleihen.<\/p>\n<p><strong data-start=\"698\" data-end=\"710\">Achtung:<\/strong> Es wird immer <strong data-start=\"725\" data-end=\"742\">zus\u00e4tzlich zu<\/strong> anderen Joghurtkulturen verwendet, wegen der zus\u00e4tzlichen gesundheitlichen Vorteile. Es ist <strong data-start=\"835\" data-end=\"853\">nicht geeignet<\/strong>, um Joghurt allein damit herzustellen.<\/p>\n<h3><strong>Was ist Joghurt?<\/strong><\/h3>\n<p>Joghurt, auch Jogurt genannt, ist die bekannteste fermentierte Milch der Welt. Er wird durch die Fermentation von Milch gewonnen, die von zwei Milchs\u00e4urebakterien produziert wird, die eine Symbiose eingehen: <em>Lactobacillus bulgaricus<\/em> und <em>Streptococcus thermophilus<\/em>.<\/p>\n<p>Veganer Joghurt liefert Ballaststoffe, Kalzium und Eiwei\u00df &#8211; ganz zu schweigen von den <a href=\"https:\/\/en.wikipedia.org\/wiki\/Probiotic\" target=\"_blank\" rel=\"noopener\">Probiotika<\/a>, die sich positiv auf die Verdauung auswirken. Da immer mehr Verbraucher auf Milchprodukte verzichten, ist es einfacher denn je, in Ihrem \u00f6rtlichen Lebensmittelgesch\u00e4ft gro\u00dfartige vegane Optionen zu finden. Aber die Zubereitung zu Hause mit unseren veganen Joghurt-Starterkulturen hat einen unvergleichlichen Geschmack und zeigt Ihren Freunden, wie einfach es ist, nicht-industrielle vegane Milchprodukte herzustellen! Wenn Sie unsere veganen Joghurt-Starterkulturen einmal probiert haben, werden Sie garantiert s\u00fcchtig danach sein!<\/p>\n<h3><strong>\u00dcber unsere vegane Acidophilus-Starterkultur<\/strong><\/h3>\n<p><em>Lactobacillus acidophilus<\/em> bedeutet w\u00f6rtlich \u00fcbersetzt <a href=\"https:\/\/en.wikipedia.org\/wiki\/Lactobacillus_acidophilus\" target=\"_blank\" rel=\"noopener\">&#8220;s\u00e4ureliebender Milchbazillus<\/a>&#8220;. Wenn die Bakterien<em> Lactobacillus acidophilus<\/em> und <em>Bifidobacterium<\/em> zugesetzt werden, entsteht rechtsdrehende Milchs\u00e4ure. Der Geschmack ist daher etwas milder und der Joghurt ist leichter verdaulich. Au\u00dferdem kann <em>L. acidophilus<\/em> zur Senkung des Cholesterinspiegels beitragen. Er sch\u00fctzt auch vor dem Wachstum unerw\u00fcnschter Krankheitserreger wie <em>Staphylococcus aureus, Escherichia coli, Salmonella typhimurium<\/em> und <em>Clostridium perfringens. <\/em> Schmackhaft, verbesserte Verdauung und niedrigerer Cholesterinspiegel &#8230; veganer Acidophilus &#8211; Sie werden ihn lieben!<\/p>\n<p><strong data-start=\"698\" data-end=\"710\">Achtung:<\/strong> Es wird immer <strong data-start=\"725\" data-end=\"742\">zus\u00e4tzlich zu<\/strong> anderen Joghurtkulturen verwendet, wegen der zus\u00e4tzlichen gesundheitlichen Vorteile. Es ist <strong data-start=\"835\" data-end=\"853\">nicht geeignet<\/strong>, um Joghurt allein damit herzustellen.<\/p>\n<h3><strong>Joghurt mit probiotischen Bakterien <\/strong><\/h3>\n<p>Joghurt ist ein gesundes und nahrhaftes Lebensmittel, das auf der ganzen Welt konsumiert wird. Obwohl er traditionell aus Kuhmilch hergestellt wird, gibt es auch vegane Versionen, die pflanzliche Quellen wie Mandeln, Soja, Kokosn\u00fcsse, Erbsen oder Cashewkerne verwenden. Die meisten veganen Joghurts enthalten aktive Lebendkulturen, d. h. Probiotika oder n\u00fctzliche Darmbakterien, die eine gesunde Verdauung unterst\u00fctzen. Der Verzehr von <em>Lactobacillus acidophilus<\/em> wird vielfach als gesundheitsf\u00f6rdernd bezeichnet, im Allgemeinen durch die Verbesserung oder Wiederherstellung der Darmflora.<\/p>\n<h3><strong>Sie m\u00f6gen vegan?<\/strong><\/h3>\n<p>Schauen Sie sich unsere Auswahl an <a href=\"https:\/\/startercultures.eu\/product-category\/vegan-main\/vegan-dairy\/\" target=\"_blank\" rel=\"noopener\">veganen Starterkulturen f\u00fcr Milchprodukte und Werkzeuge<\/a> f\u00fcr die Fermentation zu Hause an. Veganer K\u00e4se, veganer Joghurt, veganer Kefir und mehr.<\/p>\n<h3><strong>Mikroorganismen in unserem veganen Acidophilus<\/strong><\/h3>\n<ul>\n<li><em>Lactobacillus acidophilus,<\/em> geeignet f\u00fcr Veganer.<\/li>\n<\/ul>\n<h3><strong>Inhalt<\/strong><\/h3>\n<ul>\n<li>3 Gramm, f\u00fcr 3 kg Substrat (normalerweise kann mehr Substrat verwendet werden)<\/li>\n<li>100 % nat\u00fcrliche Inhaltsstoffe.<\/li>\n<li>Bakterien in Nicht-Milchprodukten<\/li>\n<li>Ohne Verdickungsmittel, Konservierungsstoffe oder Farbstoffe.<\/li>\n<li>Hergestellt in Spanien<\/li>\n<li>Organisch<\/li>\n<\/ul>\n<h3><strong>Warum eine getrocknete Starterkultur?<\/strong><\/h3>\n<ul>\n<li>getrocknete Starterkulturen sind lange haltbar<\/li>\n<li>einfach zu versenden \/ mitzunehmen, auch ins Ausland<\/li>\n<li>verschlechtert sich durch den Transport nicht<\/li>\n<li>geringes Gewicht (Transportkosten)<\/li>\n<li>Sie k\u00f6nnen die Starterkultur auch dann kaufen, wenn Sie nicht beabsichtigen, sofort veganen Joghurt herzustellen.<\/li>\n<li>Sie k\u00f6nnen einen Teil aufheben, falls die Qualit\u00e4t Ihres frischen Joghurts nachl\u00e4sst.<\/li>\n<li>nach der Aktivierung ist die Wirkung von getrocknetem Joghurt als Starterkultur identisch mit der von frischem Joghurt<\/li>\n<\/ul>\n<h3><strong>Anweisungen zur Lagerung<\/strong><\/h3>\n<p>Im K\u00fchl- oder Gefrierschrank. Bewahren Sie die getrocknete Joghurt-Starterkultur nach Gebrauch in einem Ziploc-Beutel oder vakuumversiegelt auf. Im Gefrierschrank sind sie mindestens ein Jahr haltbar, wahrscheinlich aber l\u00e4nger.<\/p>\n<h3>Wie man veganen L. acidophilus verwendet<\/h3>\n<p>Bitte f\u00fcgen Sie diese Starterkultur als Zusatzkultur zu Ihrem selbst hergestellten <a href=\"https:\/\/startercultures.eu\/product\/dairy\/vegan\/vegan-yoghurt-starter-culture\/\" target=\"_blank\" rel=\"noopener\">veganen Joghurt<\/a>, <a href=\"https:\/\/startercultures.eu\/product\/dairy\/vegan\/soy-yoghurt-starter-vegan\/\" target=\"_blank\" rel=\"noopener\">Sojajoghurt<\/a> oder <a href=\"https:\/\/startercultures.eu\/product-category\/dairy\/vegan-cheese\/\" target=\"_blank\" rel=\"noopener\">veganen K\u00e4se<\/a> hinzu. Sie wird in der Regel nicht als alleinige Starterkultur f\u00fcr die Herstellung von veganem Joghurt\/K\u00e4se verwendet.<\/p>\n<h3>Wie kann ich veganen K\u00e4se herstellen?<\/h3>\n<p>M\u00f6chten Sie lernen, wie man veganen K\u00e4se selbst herstellt? Unsere Freunde von <a href=\"http:\/\/fullofplants.com\/\" target=\"_blank\" rel=\"nofollow noopener noreferrer\">fullofplants.com<\/a> bieten ein tolles KOSTENLOSES E-Book mit Rezepten an, wenn Sie sich in ihre Mailingliste eintragen.<\/p>\n<h3 data-fontsize=\"21\" data-lineheight=\"27.3px\">Veganen Acidophilus kaufen?<\/h3>\n<p>Bestellen Sie Ihre vegane Acidophilus-Starterkultur bei starterculturen.eu, Ihrem Webshop f\u00fcr Tempeh, Koji, Tofu und vegane Fermentation. Von Meneer Wateetons, dem niederl\u00e4ndischen Autor der Fachb\u00fccher <a href=\"https:\/\/www.starterculturen.nl\/a-52122580\/boeken\/over-rot-2015-het-handboek-fermenteren\/\" target=\"_blank\" rel=\"noopener noreferrer\">Over Rot (2015<\/a>) und<a href=\"https:\/\/startercultures.eu\/nl\/product\/boeken\/over-inpakken-2020-nl\/\" target=\"_blank\" rel=\"noopener\"> Over Inpakken (2020<\/a>). Wir versenden Ihre Bestellung noch am selben Tag (werktags vor 15:00 Uhr). Haben Sie Fragen zur Verwendung der veganen Acidophilus-Joghurt-Starterkultur? Fragen Sie in unserem Chat &#8211; wir werden das Problem l\u00f6sen.<\/p>\n<h3>Online-Workshop &#8220;Veganen K\u00e4se zu Hause herstellen&#8221; (mit Untertiteln)<\/h3>\n<p>In <a href=\"https:\/\/startercultures.eu\/product\/vegan-main\/vegan-dairy\/online-english-subtitled-vegan-cheese-workshop\/\" target=\"_blank\" rel=\"noopener\">diesem Workshop mit englischen Untertiteln<\/a> lernen Sie die Theorie und Praxis der Herstellung von veganem K\u00e4se<img decoding=\"async\" class=\"lazyload  wp-image-24266 alignright\" src=\"https:\/\/startercultures.eu\/wp-content\/uploads\/2021\/06\/Vegan-cheese-starter-kit-300x222.png\" data-orig-src=\"https:\/\/startercultures.eu\/wp-content\/uploads\/2021\/06\/Vegan-cheese-starter-kit-300x222.png\" alt=\"Veganes Blauschimmelk\u00e4se Starterkultur Kit\" width=\"219\" height=\"162\" srcset=\"data:image\/svg+xml,%3Csvg%20xmlns%3D%27http%3A%2F%2Fwww.w3.org%2F2000%2Fsvg%27%20width%3D%27219%27%20height%3D%27162%27%20viewBox%3D%270%200%20219%20162%27%3E%3Crect%20width%3D%27219%27%20height%3D%27162%27%20fill-opacity%3D%220%22%2F%3E%3C%2Fsvg%3E\" data-srcset=\"https:\/\/startercultures.eu\/wp-content\/uploads\/2021\/06\/Vegan-cheese-starter-kit-200x148.png 200w, https:\/\/startercultures.eu\/wp-content\/uploads\/2021\/06\/Vegan-cheese-starter-kit-300x222.png 300w, https:\/\/startercultures.eu\/wp-content\/uploads\/2021\/06\/Vegan-cheese-starter-kit-400x296.png 400w, https:\/\/startercultures.eu\/wp-content\/uploads\/2021\/06\/Vegan-cheese-starter-kit-500x370.png 500w, https:\/\/startercultures.eu\/wp-content\/uploads\/2021\/06\/Vegan-cheese-starter-kit-600x445.png 600w, https:\/\/startercultures.eu\/wp-content\/uploads\/2021\/06\/Vegan-cheese-starter-kit-700x519.png 700w, https:\/\/startercultures.eu\/wp-content\/uploads\/2021\/06\/Vegan-cheese-starter-kit-768x569.png 768w, https:\/\/startercultures.eu\/wp-content\/uploads\/2021\/06\/Vegan-cheese-starter-kit-800x593.png 800w, https:\/\/startercultures.eu\/wp-content\/uploads\/2021\/06\/Vegan-cheese-starter-kit-1024x759.png 1024w, https:\/\/startercultures.eu\/wp-content\/uploads\/2021\/06\/Vegan-cheese-starter-kit.png 1200w\" data-sizes=\"auto\" data-orig-sizes=\"(max-width: 219px) 100vw, 219px\" \/> zu Hause, mit dem Schwerpunkt auf veganem Camembert und veganem Blauschimmelk\u00e4se. Foodwriter <a href=\"https:\/\/wateetons.com\/\" target=\"_blank\" rel=\"noopener\">&#8216;Meneer Wateetons&#8217;<\/a>, Autor mehrerer B\u00fccher \u00fcber Fermentierung und alternative Lebensmittelzubereitungstechniken, wird Ihnen alles \u00fcber Fermentierung, P\u00f6kelsalze, Lebensmittelsicherheit, pH-Wert, Starterkulturen, Schimmelpilze und Trocknungsbedingungen beibringen. Klicken Sie <a href=\"https:\/\/startercultures.eu\/product\/vegan-main\/vegan-dairy\/online-english-subtitled-vegan-cheese-workshop\/\" target=\"_blank\" rel=\"noopener\">hier<\/a> f\u00fcr weitere Informationen.<\/p>\n","protected":false},"excerpt":{"rendered":"<p>Unsere vegane Acidophilus-Starterkultur ist eine gro\u00dfartige Kultur, die Sie Ihrem veganen Joghurt oder veganen K\u00e4se hinzuf\u00fcgen k\u00f6nnen, um seinen Geschmack zu verbessern und ihm mehr probiotische Eigenschaften zu verleihen.<\/p>\n","protected":false},"featured_media":24407,"comment_status":"open","ping_status":"closed","template":"","meta":{"_acf_changed":false,"footnotes":""},"product_brand":[],"product_cat":[711,710,678],"product_tag":[],"class_list":{"0":"post-24996","1":"product","2":"type-product","3":"status-publish","4":"has-post-thumbnail","6":"product_cat-starterkulturen-und-schimmelpilze","7":"product_cat-veganer-joghurt","8":"product_cat-veganer-kase","9":"pa_ean-8720297621277-de-2","11":"first","12":"instock","13":"taxable","14":"shipping-taxable","15":"purchasable","16":"product-type-simple"},"acf":[],"yoast_head":"<!-- This site is optimized with the Yoast SEO plugin v26.6 - https:\/\/yoast.com\/wordpress\/plugins\/seo\/ -->\n<title>Lactobacillus acidophilus f\u00fcr veganen Joghurt\/K\u00e4se | starterculturen.eu<\/title>\n<meta name=\"description\" content=\"Diese vegane L. acidophilus-Starterkultur hat es in sich: Sie ist schmackhaft, verbessert die Verdauung und senkt den Cholesterinspiegel. Kaufen Sie Ihr veganes Acidophilus hier!\" \/>\n<meta name=\"robots\" content=\"index, follow, max-snippet:-1, max-image-preview:large, max-video-preview:-1\" \/>\n<link rel=\"canonical\" href=\"https:\/\/startercultures.eu\/de\/product\/fermentation-de\/molkerei\/veganer-joghurt\/vegane-lactobacillus-acidophilus-startkultur-fur-veganen-joghurt\/\" \/>\n<meta property=\"og:locale\" content=\"de_DE\" \/>\n<meta property=\"og:type\" content=\"article\" \/>\n<meta property=\"og:title\" content=\"Lactobacillus acidophilus f\u00fcr veganen Joghurt\/K\u00e4se | starterculturen.eu\" \/>\n<meta property=\"og:description\" content=\"Diese vegane L. acidophilus-Starterkultur hat es in sich: Sie ist schmackhaft, verbessert die Verdauung und senkt den Cholesterinspiegel. Kaufen Sie Ihr veganes Acidophilus hier!\" \/>\n<meta property=\"og:url\" content=\"https:\/\/startercultures.eu\/de\/product\/fermentation-de\/molkerei\/veganer-joghurt\/vegane-lactobacillus-acidophilus-startkultur-fur-veganen-joghurt\/\" \/>\n<meta property=\"og:site_name\" content=\"Startercultures.eu\" \/>\n<meta property=\"article:publisher\" content=\"https:\/\/www.facebook.com\/startercultureseu\" \/>\n<meta property=\"article:modified_time\" content=\"2026-04-09T22:01:21+00:00\" \/>\n<meta property=\"og:image\" content=\"https:\/\/startercultures.eu\/wp-content\/uploads\/2021\/06\/200mu-1.png\" \/>\n\t<meta property=\"og:image:width\" content=\"1250\" \/>\n\t<meta property=\"og:image:height\" content=\"1250\" \/>\n\t<meta property=\"og:image:type\" content=\"image\/png\" \/>\n<meta name=\"twitter:card\" content=\"summary_large_image\" \/>\n<meta name=\"twitter:label1\" content=\"Price\" \/>\n\t<meta name=\"twitter:data1\" content=\"12,99\" \/>\n\t<meta name=\"twitter:label2\" content=\"Availability\" \/>\n\t<meta name=\"twitter:data2\" content=\"Vorr\u00e4tig\" \/>\n<script type=\"application\/ld+json\" class=\"yoast-schema-graph\">{\"@context\":\"https:\/\/schema.org\",\"@graph\":[{\"@type\":\"WebPage\",\"@id\":\"https:\/\/startercultures.eu\/de\/product\/fermentation-de\/molkerei\/veganer-joghurt\/vegane-lactobacillus-acidophilus-startkultur-fur-veganen-joghurt\/\",\"url\":\"https:\/\/startercultures.eu\/de\/product\/fermentation-de\/molkerei\/veganer-joghurt\/vegane-lactobacillus-acidophilus-startkultur-fur-veganen-joghurt\/\",\"name\":\"Lactobacillus acidophilus f\u00fcr veganen Joghurt\/K\u00e4se | starterculturen.eu\",\"isPartOf\":{\"@id\":\"https:\/\/startercultures.eu\/de\/#website\"},\"primaryImageOfPage\":{\"@id\":\"https:\/\/startercultures.eu\/de\/product\/fermentation-de\/molkerei\/veganer-joghurt\/vegane-lactobacillus-acidophilus-startkultur-fur-veganen-joghurt\/#primaryimage\"},\"image\":{\"@id\":\"https:\/\/startercultures.eu\/de\/product\/fermentation-de\/molkerei\/veganer-joghurt\/vegane-lactobacillus-acidophilus-startkultur-fur-veganen-joghurt\/#primaryimage\"},\"thumbnailUrl\":\"https:\/\/startercultures.eu\/wp-content\/uploads\/2021\/06\/200mu-1.png\",\"datePublished\":\"2021-06-15T11:16:27+00:00\",\"dateModified\":\"2026-04-09T22:01:21+00:00\",\"description\":\"Diese vegane L. acidophilus-Starterkultur hat es in sich: Sie ist schmackhaft, verbessert die Verdauung und senkt den Cholesterinspiegel. Kaufen Sie Ihr veganes Acidophilus hier!\",\"breadcrumb\":{\"@id\":\"https:\/\/startercultures.eu\/de\/product\/fermentation-de\/molkerei\/veganer-joghurt\/vegane-lactobacillus-acidophilus-startkultur-fur-veganen-joghurt\/#breadcrumb\"},\"inLanguage\":\"de-DE\",\"potentialAction\":[{\"@type\":\"ReadAction\",\"target\":[\"https:\/\/startercultures.eu\/de\/product\/fermentation-de\/molkerei\/veganer-joghurt\/vegane-lactobacillus-acidophilus-startkultur-fur-veganen-joghurt\/\"]}]},{\"@type\":\"ImageObject\",\"inLanguage\":\"de-DE\",\"@id\":\"https:\/\/startercultures.eu\/de\/product\/fermentation-de\/molkerei\/veganer-joghurt\/vegane-lactobacillus-acidophilus-startkultur-fur-veganen-joghurt\/#primaryimage\",\"url\":\"https:\/\/startercultures.eu\/wp-content\/uploads\/2021\/06\/200mu-1.png\",\"contentUrl\":\"https:\/\/startercultures.eu\/wp-content\/uploads\/2021\/06\/200mu-1.png\",\"width\":1250,\"height\":1250,\"caption\":\"veganer Acidophilus\"},{\"@type\":\"BreadcrumbList\",\"@id\":\"https:\/\/startercultures.eu\/de\/product\/fermentation-de\/molkerei\/veganer-joghurt\/vegane-lactobacillus-acidophilus-startkultur-fur-veganen-joghurt\/#breadcrumb\",\"itemListElement\":[{\"@type\":\"ListItem\",\"position\":1,\"name\":\"Home\",\"item\":\"https:\/\/startercultures.eu\/de\/\"},{\"@type\":\"ListItem\",\"position\":2,\"name\":\"Shop\",\"item\":\"https:\/\/startercultures.eu\/shop\/\"},{\"@type\":\"ListItem\",\"position\":3,\"name\":\"Veganer Lactobacillus acidophilus | Starterkultur f\u00fcr veganen Joghurt und K\u00e4se\"}]},{\"@type\":\"WebSite\",\"@id\":\"https:\/\/startercultures.eu\/de\/#website\",\"url\":\"https:\/\/startercultures.eu\/de\/\",\"name\":\"Startercultures.eu\",\"description\":\"Startercultures.eu\",\"publisher\":{\"@id\":\"https:\/\/startercultures.eu\/de\/#organization\"},\"potentialAction\":[{\"@type\":\"SearchAction\",\"target\":{\"@type\":\"EntryPoint\",\"urlTemplate\":\"https:\/\/startercultures.eu\/de\/?s={search_term_string}\"},\"query-input\":{\"@type\":\"PropertyValueSpecification\",\"valueRequired\":true,\"valueName\":\"search_term_string\"}}],\"inLanguage\":\"de-DE\"},{\"@type\":\"Organization\",\"@id\":\"https:\/\/startercultures.eu\/de\/#organization\",\"name\":\"Startercultures.eu\",\"url\":\"https:\/\/startercultures.eu\/de\/\",\"logo\":{\"@type\":\"ImageObject\",\"inLanguage\":\"de-DE\",\"@id\":\"https:\/\/startercultures.eu\/de\/#\/schema\/logo\/image\/\",\"url\":\"https:\/\/startercultures.eu\/wp-content\/uploads\/2020\/08\/startercultures-eu-nl-logo-rond-rgb.png\",\"contentUrl\":\"https:\/\/startercultures.eu\/wp-content\/uploads\/2020\/08\/startercultures-eu-nl-logo-rond-rgb.png\",\"width\":320,\"height\":320,\"caption\":\"Startercultures.eu\"},\"image\":{\"@id\":\"https:\/\/startercultures.eu\/de\/#\/schema\/logo\/image\/\"},\"sameAs\":[\"https:\/\/www.facebook.com\/startercultureseu\",\"https:\/\/www.instagram.com\/startercultures.eu\/\"]}]}<\/script>\n<meta property=\"product:price:amount\" content=\"12.99\" \/>\n<meta property=\"product:price:currency\" content=\"EUR\" \/>\n<meta property=\"og:availability\" content=\"instock\" \/>\n<meta property=\"product:availability\" content=\"instock\" \/>\n<meta property=\"product:retailer_item_id\" content=\"200\" \/>\n<meta property=\"product:condition\" content=\"new\" \/>\n<!-- \/ Yoast SEO plugin. -->","yoast_head_json":{"title":"Lactobacillus acidophilus f\u00fcr veganen Joghurt\/K\u00e4se | starterculturen.eu","description":"Diese vegane L. acidophilus-Starterkultur hat es in sich: Sie ist schmackhaft, verbessert die Verdauung und senkt den Cholesterinspiegel. Kaufen Sie Ihr veganes Acidophilus hier!","robots":{"index":"index","follow":"follow","max-snippet":"max-snippet:-1","max-image-preview":"max-image-preview:large","max-video-preview":"max-video-preview:-1"},"canonical":"https:\/\/startercultures.eu\/de\/product\/fermentation-de\/molkerei\/veganer-joghurt\/vegane-lactobacillus-acidophilus-startkultur-fur-veganen-joghurt\/","og_locale":"de_DE","og_type":"article","og_title":"Lactobacillus acidophilus f\u00fcr veganen Joghurt\/K\u00e4se | starterculturen.eu","og_description":"Diese vegane L. acidophilus-Starterkultur hat es in sich: Sie ist schmackhaft, verbessert die Verdauung und senkt den Cholesterinspiegel. Kaufen Sie Ihr veganes Acidophilus hier!","og_url":"https:\/\/startercultures.eu\/de\/product\/fermentation-de\/molkerei\/veganer-joghurt\/vegane-lactobacillus-acidophilus-startkultur-fur-veganen-joghurt\/","og_site_name":"Startercultures.eu","article_publisher":"https:\/\/www.facebook.com\/startercultureseu","article_modified_time":"2026-04-09T22:01:21+00:00","og_image":[{"width":1250,"height":1250,"url":"https:\/\/startercultures.eu\/wp-content\/uploads\/2021\/06\/200mu-1.png","type":"image\/png"}],"twitter_card":"summary_large_image","twitter_misc":{"Price":"12,99","Availability":"Vorr\u00e4tig"},"schema":{"@context":"https:\/\/schema.org","@graph":[{"@type":"WebPage","@id":"https:\/\/startercultures.eu\/de\/product\/fermentation-de\/molkerei\/veganer-joghurt\/vegane-lactobacillus-acidophilus-startkultur-fur-veganen-joghurt\/","url":"https:\/\/startercultures.eu\/de\/product\/fermentation-de\/molkerei\/veganer-joghurt\/vegane-lactobacillus-acidophilus-startkultur-fur-veganen-joghurt\/","name":"Lactobacillus acidophilus f\u00fcr veganen Joghurt\/K\u00e4se | starterculturen.eu","isPartOf":{"@id":"https:\/\/startercultures.eu\/de\/#website"},"primaryImageOfPage":{"@id":"https:\/\/startercultures.eu\/de\/product\/fermentation-de\/molkerei\/veganer-joghurt\/vegane-lactobacillus-acidophilus-startkultur-fur-veganen-joghurt\/#primaryimage"},"image":{"@id":"https:\/\/startercultures.eu\/de\/product\/fermentation-de\/molkerei\/veganer-joghurt\/vegane-lactobacillus-acidophilus-startkultur-fur-veganen-joghurt\/#primaryimage"},"thumbnailUrl":"https:\/\/startercultures.eu\/wp-content\/uploads\/2021\/06\/200mu-1.png","datePublished":"2021-06-15T11:16:27+00:00","dateModified":"2026-04-09T22:01:21+00:00","description":"Diese vegane L. acidophilus-Starterkultur hat es in sich: Sie ist schmackhaft, verbessert die Verdauung und senkt den Cholesterinspiegel. Kaufen Sie Ihr veganes Acidophilus hier!","breadcrumb":{"@id":"https:\/\/startercultures.eu\/de\/product\/fermentation-de\/molkerei\/veganer-joghurt\/vegane-lactobacillus-acidophilus-startkultur-fur-veganen-joghurt\/#breadcrumb"},"inLanguage":"de-DE","potentialAction":[{"@type":"ReadAction","target":["https:\/\/startercultures.eu\/de\/product\/fermentation-de\/molkerei\/veganer-joghurt\/vegane-lactobacillus-acidophilus-startkultur-fur-veganen-joghurt\/"]}]},{"@type":"ImageObject","inLanguage":"de-DE","@id":"https:\/\/startercultures.eu\/de\/product\/fermentation-de\/molkerei\/veganer-joghurt\/vegane-lactobacillus-acidophilus-startkultur-fur-veganen-joghurt\/#primaryimage","url":"https:\/\/startercultures.eu\/wp-content\/uploads\/2021\/06\/200mu-1.png","contentUrl":"https:\/\/startercultures.eu\/wp-content\/uploads\/2021\/06\/200mu-1.png","width":1250,"height":1250,"caption":"veganer Acidophilus"},{"@type":"BreadcrumbList","@id":"https:\/\/startercultures.eu\/de\/product\/fermentation-de\/molkerei\/veganer-joghurt\/vegane-lactobacillus-acidophilus-startkultur-fur-veganen-joghurt\/#breadcrumb","itemListElement":[{"@type":"ListItem","position":1,"name":"Home","item":"https:\/\/startercultures.eu\/de\/"},{"@type":"ListItem","position":2,"name":"Shop","item":"https:\/\/startercultures.eu\/shop\/"},{"@type":"ListItem","position":3,"name":"Veganer Lactobacillus acidophilus | Starterkultur f\u00fcr veganen Joghurt und K\u00e4se"}]},{"@type":"WebSite","@id":"https:\/\/startercultures.eu\/de\/#website","url":"https:\/\/startercultures.eu\/de\/","name":"Startercultures.eu","description":"Startercultures.eu","publisher":{"@id":"https:\/\/startercultures.eu\/de\/#organization"},"potentialAction":[{"@type":"SearchAction","target":{"@type":"EntryPoint","urlTemplate":"https:\/\/startercultures.eu\/de\/?s={search_term_string}"},"query-input":{"@type":"PropertyValueSpecification","valueRequired":true,"valueName":"search_term_string"}}],"inLanguage":"de-DE"},{"@type":"Organization","@id":"https:\/\/startercultures.eu\/de\/#organization","name":"Startercultures.eu","url":"https:\/\/startercultures.eu\/de\/","logo":{"@type":"ImageObject","inLanguage":"de-DE","@id":"https:\/\/startercultures.eu\/de\/#\/schema\/logo\/image\/","url":"https:\/\/startercultures.eu\/wp-content\/uploads\/2020\/08\/startercultures-eu-nl-logo-rond-rgb.png","contentUrl":"https:\/\/startercultures.eu\/wp-content\/uploads\/2020\/08\/startercultures-eu-nl-logo-rond-rgb.png","width":320,"height":320,"caption":"Startercultures.eu"},"image":{"@id":"https:\/\/startercultures.eu\/de\/#\/schema\/logo\/image\/"},"sameAs":["https:\/\/www.facebook.com\/startercultureseu","https:\/\/www.instagram.com\/startercultures.eu\/"]}]},"product_price_amount":"12.99","product_price_currency":"EUR","og_availability":"instock","product_availability":"instock","product_retailer_item_id":"200","product_condition":"new"},"_links":{"self":[{"href":"https:\/\/startercultures.eu\/de\/wp-json\/wp\/v2\/product\/24996","targetHints":{"allow":["GET"]}}],"collection":[{"href":"https:\/\/startercultures.eu\/de\/wp-json\/wp\/v2\/product"}],"about":[{"href":"https:\/\/startercultures.eu\/de\/wp-json\/wp\/v2\/types\/product"}],"replies":[{"embeddable":true,"href":"https:\/\/startercultures.eu\/de\/wp-json\/wp\/v2\/comments?post=24996"}],"version-history":[{"count":3,"href":"https:\/\/startercultures.eu\/de\/wp-json\/wp\/v2\/product\/24996\/revisions"}],"predecessor-version":[{"id":72995,"href":"https:\/\/startercultures.eu\/de\/wp-json\/wp\/v2\/product\/24996\/revisions\/72995"}],"wp:featuredmedia":[{"embeddable":true,"href":"https:\/\/startercultures.eu\/de\/wp-json\/wp\/v2\/media\/24407"}],"wp:attachment":[{"href":"https:\/\/startercultures.eu\/de\/wp-json\/wp\/v2\/media?parent=24996"}],"wp:term":[{"taxonomy":"product_brand","embeddable":true,"href":"https:\/\/startercultures.eu\/de\/wp-json\/wp\/v2\/product_brand?post=24996"},{"taxonomy":"product_cat","embeddable":true,"href":"https:\/\/startercultures.eu\/de\/wp-json\/wp\/v2\/product_cat?post=24996"},{"taxonomy":"product_tag","embeddable":true,"href":"https:\/\/startercultures.eu\/de\/wp-json\/wp\/v2\/product_tag?post=24996"}],"curies":[{"name":"wp","href":"https:\/\/api.w.org\/{rel}","templated":true}]}}