{"id":25001,"date":"2021-03-18T10:30:26","date_gmt":"2021-03-18T10:30:26","guid":{"rendered":"https:\/\/startercultures.eu\/product\/unkategorisiert\/der-cheese-inator-alles-in-einem-kaeseherstellungsset\/"},"modified":"2023-03-28T13:26:25","modified_gmt":"2023-03-28T11:26:25","slug":"der-kas-inator-all-in-one-kaseherstellungs-kit","status":"publish","type":"product","link":"https:\/\/startercultures.eu\/de\/product\/fermentation-de\/molkerei\/kase\/starterkits-de\/der-kas-inator-all-in-one-kaseherstellungs-kit\/","title":{"rendered":"Der K\u00e4s-Inator &#8211; All-in-One K\u00e4seherstellungsset"},"content":{"rendered":"<p>Stellen Sie alle K\u00e4sesorten her: Blauschimmelk\u00e4se, Wei\u00dfschimmelk\u00e4se, Pressk\u00e4se und Rotschmierk\u00e4se mit dem Cheese-inator, unserem Starter-Kit zum Selbermachen von K\u00e4se. Genug f\u00fcr buchst\u00e4blich Dutzende von Kilos K\u00e4se.<\/p>\n<h3>Inhalt dieses K\u00e4se-Starterkits mit allem Drum und Dran<\/h3>\n<p>Es enth\u00e4lt<\/p>\n<ul>\n<li>Prim\u00e4rstarterkultur f\u00fcr Weich- und Hartk\u00e4se<\/li>\n<li>Penicillium candidum &#8211; wei\u00dfer K\u00e4seschimmel<\/li>\n<li>Geotrichum candidium &#8211; Wei\u00dfer K\u00e4seschimmel<\/li>\n<li>Brevibacterium Linens &#8211; f\u00fcr Rotschmierk\u00e4se<\/li>\n<li>Penicillium roqueforti &#8211; f\u00fcr Blauschimmelk\u00e4se<\/li>\n<li>Kalziumchlorid (wird f\u00fcr pasteurisierte Supermarktmilch ben\u00f6tigt)<\/li>\n<li>2 kleine Formen f\u00fcr Weichk\u00e4se<\/li>\n<li>2 gro\u00dfe Multifunktionsformen<\/li>\n<li>K\u00e4seummantelung<\/li>\n<li>Pinsel f\u00fcr den K\u00e4se\u00fcberzug<\/li>\n<li>5er Set K\u00e4set\u00fccher<\/li>\n<li>2 K\u00e4sematten<\/li>\n<\/ul>\n<h3>Wie macht man K\u00e4se?<\/h3>\n<p>Da Sie mit diesem Starterkit alle K\u00e4sesorten herstellen k\u00f6nnen, ist es unm\u00f6glich, hier ein Rezept anzugeben. Es gibt jedoch eine ganze Reihe hervorragender Quellen, wie zum Beispiel die Rezepte von <a href=\"https:\/\/cheesemaking.com\/collections\/recipes\" target=\"_blank\" rel=\"noopener\">Cheesemaking.com<\/a><\/p>\n<h3 data-fontsize=\"21\" data-lineheight=\"27.3px\">Sie wollen ein K\u00e4se-Starterpaket kaufen?<\/h3>\n<p>Bestellen Sie Ihr Starterkit bei startercultures.eu, dem europ\u00e4ischen Webshop f\u00fcr alle Ihre Fermentationsbed\u00fcrfnisse. Von Meneer Wateetons, dem bekannten niederl\u00e4ndischen G\u00e4rungsexperten und Autor. Bestellen Sie werktags vor 15 Uhr und wir liefern noch am selben Tag. Fragen zur Verwendung des K\u00e4se-Starterkits? Frag Sie in unserem Chat, wir helfen gerne!<\/p>\n<h3>Online-Workshop &#8220;Veganen K\u00e4se zu Hause herstellen&#8221; (mit Untertiteln)<\/h3>\n<p>In <a href=\"https:\/\/startercultures.eu\/product\/vegan-main\/vegan-dairy\/online-english-subtitled-vegan-cheese-workshop\/\" target=\"_blank\" rel=\"noopener\">diesem Workshop mit englischen Untertiteln<\/a> lernen Sie die Theorie und Praxis der Herstellung von veganem K\u00e4se<img decoding=\"async\" class=\"lazyload  wp-image-24266 alignright\" src=\"https:\/\/startercultures.eu\/wp-content\/uploads\/2021\/06\/Vegan-cheese-starter-kit-300x222.png\" data-orig-src=\"https:\/\/startercultures.eu\/wp-content\/uploads\/2021\/06\/Vegan-cheese-starter-kit-300x222.png\" alt=\"Veganes Blauschimmelk\u00e4se Starterkultur Kit\" width=\"219\" height=\"162\" srcset=\"data:image\/svg+xml,%3Csvg%20xmlns%3D%27http%3A%2F%2Fwww.w3.org%2F2000%2Fsvg%27%20width%3D%27219%27%20height%3D%27162%27%20viewBox%3D%270%200%20219%20162%27%3E%3Crect%20width%3D%27219%27%20height%3D%27162%27%20fill-opacity%3D%220%22%2F%3E%3C%2Fsvg%3E\" data-srcset=\"https:\/\/startercultures.eu\/wp-content\/uploads\/2021\/06\/Vegan-cheese-starter-kit-200x148.png 200w, https:\/\/startercultures.eu\/wp-content\/uploads\/2021\/06\/Vegan-cheese-starter-kit-300x222.png 300w, https:\/\/startercultures.eu\/wp-content\/uploads\/2021\/06\/Vegan-cheese-starter-kit-400x296.png 400w, https:\/\/startercultures.eu\/wp-content\/uploads\/2021\/06\/Vegan-cheese-starter-kit-500x370.png 500w, https:\/\/startercultures.eu\/wp-content\/uploads\/2021\/06\/Vegan-cheese-starter-kit-600x445.png 600w, https:\/\/startercultures.eu\/wp-content\/uploads\/2021\/06\/Vegan-cheese-starter-kit-700x519.png 700w, https:\/\/startercultures.eu\/wp-content\/uploads\/2021\/06\/Vegan-cheese-starter-kit-768x569.png 768w, https:\/\/startercultures.eu\/wp-content\/uploads\/2021\/06\/Vegan-cheese-starter-kit-800x593.png 800w, https:\/\/startercultures.eu\/wp-content\/uploads\/2021\/06\/Vegan-cheese-starter-kit-1024x759.png 1024w, https:\/\/startercultures.eu\/wp-content\/uploads\/2021\/06\/Vegan-cheese-starter-kit.png 1200w\" data-sizes=\"auto\" data-orig-sizes=\"(max-width: 219px) 100vw, 219px\" \/>s zu Hause, mit dem Schwerpunkt auf veganem Camembert und veganem Blauschimmelk\u00e4se. Foodwriter<a href=\"https:\/\/wateetons.com\/\" target=\"_blank\" rel=\"noopener\">&#8216;Meneer Wateetons&#8217;<\/a>, Autor mehrerer B\u00fccher \u00fcber Fermentierung und alternative Lebensmittelzubereitungstechniken, wird Ihnen alles \u00fcber Fermentierung, P\u00f6kelsalze, Lebensmittelsicherheit, <a href=\"https:\/\/en.wikipedia.org\/wiki\/PH\" target=\"_blank\" rel=\"noopener\">pH-Wert<\/a>, Starterkulturen, Schimmelpilze und Trocknungsbedingungen beibringen. Klicken Sie <a href=\"https:\/\/startercultures.eu\/product\/vegan-main\/vegan-dairy\/online-english-subtitled-vegan-cheese-workshop\/\" target=\"_blank\" rel=\"noopener\">hier<\/a> f\u00fcr weitere Informationen.<\/p>\n<p>&nbsp;<\/p>\n","protected":false},"excerpt":{"rendered":"<p>Stellen Sie alle K\u00e4sesorten her: Blauschimmelk\u00e4se, Wei\u00dfschimmelk\u00e4se, Pressk\u00e4se und Rotschmierk\u00e4se mit dem Cheese-inator, unserem Starter-Kit zum Selbermachen von K\u00e4se. Genug f\u00fcr buchst\u00e4blich Dutzende von Kilos K\u00e4se.<\/p>\n","protected":false},"featured_media":24361,"comment_status":"open","ping_status":"closed","template":"","meta":{"_acf_changed":false,"footnotes":""},"product_brand":[],"product_cat":[648,667],"product_tag":[],"class_list":{"0":"post-25001","1":"product","2":"type-product","3":"status-publish","4":"has-post-thumbnail","6":"product_cat-fermentieren","7":"product_cat-starterkits-de","8":"product_shipping_class-klein-pakket-de","10":"first","11":"instock","12":"sale","13":"taxable","14":"shipping-taxable","15":"purchasable","16":"product-type-woosb"},"acf":[],"yoast_head":"<!-- This site is optimized with the Yoast SEO plugin v26.6 - https:\/\/yoast.com\/wordpress\/plugins\/seo\/ -->\n<title>K\u00e4se-Startpaket | Startercultures.eu<\/title>\n<meta name=\"description\" content=\"Stellen Sie alle K\u00e4sesorten her: Blauschimmelk\u00e4se, Wei\u00dfschimmelk\u00e4se, Pressk\u00e4se und Rotschmierk\u00e4se mit unserem Starter-Kit &quot;K\u00e4se selber machen&quot;. Ausreichend f\u00fcr 25+ kg K\u00e4se\" \/>\n<meta name=\"robots\" content=\"index, follow, max-snippet:-1, max-image-preview:large, max-video-preview:-1\" \/>\n<link rel=\"canonical\" href=\"https:\/\/startercultures.eu\/de\/product\/fermentation-de\/molkerei\/kase\/starterkits-de\/der-kas-inator-all-in-one-kaseherstellungs-kit\/\" \/>\n<meta property=\"og:locale\" content=\"de_DE\" \/>\n<meta property=\"og:type\" content=\"article\" \/>\n<meta property=\"og:title\" content=\"K\u00e4se-Startpaket | Startercultures.eu\" \/>\n<meta property=\"og:description\" content=\"Stellen Sie alle K\u00e4sesorten her: Blauschimmelk\u00e4se, Wei\u00dfschimmelk\u00e4se, Pressk\u00e4se und Rotschmierk\u00e4se mit unserem Starter-Kit &quot;K\u00e4se selber machen&quot;. Ausreichend f\u00fcr 25+ kg K\u00e4se\" \/>\n<meta property=\"og:url\" content=\"https:\/\/startercultures.eu\/de\/product\/fermentation-de\/molkerei\/kase\/starterkits-de\/der-kas-inator-all-in-one-kaseherstellungs-kit\/\" \/>\n<meta property=\"og:site_name\" content=\"Startercultures.eu\" \/>\n<meta property=\"article:publisher\" content=\"https:\/\/www.facebook.com\/startercultureseu\" \/>\n<meta property=\"article:modified_time\" content=\"2023-03-28T11:26:25+00:00\" \/>\n<meta property=\"og:image\" content=\"https:\/\/startercultures.eu\/wp-content\/uploads\/2021\/03\/cheesinator.png\" \/>\n\t<meta property=\"og:image:width\" content=\"524\" \/>\n\t<meta property=\"og:image:height\" content=\"476\" \/>\n\t<meta property=\"og:image:type\" content=\"image\/png\" \/>\n<meta name=\"twitter:card\" content=\"summary_large_image\" \/>\n<meta name=\"twitter:label1\" content=\"Price\" \/>\n\t<meta name=\"twitter:data1\" content=\"204,17\" \/>\n\t<meta name=\"twitter:label2\" content=\"Availability\" \/>\n\t<meta name=\"twitter:data2\" content=\"Vorr\u00e4tig\" \/>\n<script type=\"application\/ld+json\" class=\"yoast-schema-graph\">{\"@context\":\"https:\/\/schema.org\",\"@graph\":[{\"@type\":\"WebPage\",\"@id\":\"https:\/\/startercultures.eu\/de\/product\/fermentation-de\/molkerei\/kase\/starterkits-de\/der-kas-inator-all-in-one-kaseherstellungs-kit\/\",\"url\":\"https:\/\/startercultures.eu\/de\/product\/fermentation-de\/molkerei\/kase\/starterkits-de\/der-kas-inator-all-in-one-kaseherstellungs-kit\/\",\"name\":\"K\u00e4se-Startpaket | Startercultures.eu\",\"isPartOf\":{\"@id\":\"https:\/\/startercultures.eu\/de\/#website\"},\"primaryImageOfPage\":{\"@id\":\"https:\/\/startercultures.eu\/de\/product\/fermentation-de\/molkerei\/kase\/starterkits-de\/der-kas-inator-all-in-one-kaseherstellungs-kit\/#primaryimage\"},\"image\":{\"@id\":\"https:\/\/startercultures.eu\/de\/product\/fermentation-de\/molkerei\/kase\/starterkits-de\/der-kas-inator-all-in-one-kaseherstellungs-kit\/#primaryimage\"},\"thumbnailUrl\":\"https:\/\/startercultures.eu\/wp-content\/uploads\/2021\/03\/cheesinator.png\",\"datePublished\":\"2021-03-18T10:30:26+00:00\",\"dateModified\":\"2023-03-28T11:26:25+00:00\",\"description\":\"Stellen Sie alle K\u00e4sesorten her: Blauschimmelk\u00e4se, Wei\u00dfschimmelk\u00e4se, Pressk\u00e4se und Rotschmierk\u00e4se mit unserem Starter-Kit \\\"K\u00e4se selber machen\\\". Ausreichend f\u00fcr 25+ kg K\u00e4se\",\"breadcrumb\":{\"@id\":\"https:\/\/startercultures.eu\/de\/product\/fermentation-de\/molkerei\/kase\/starterkits-de\/der-kas-inator-all-in-one-kaseherstellungs-kit\/#breadcrumb\"},\"inLanguage\":\"de-DE\",\"potentialAction\":[{\"@type\":\"ReadAction\",\"target\":[\"https:\/\/startercultures.eu\/de\/product\/fermentation-de\/molkerei\/kase\/starterkits-de\/der-kas-inator-all-in-one-kaseherstellungs-kit\/\"]}]},{\"@type\":\"ImageObject\",\"inLanguage\":\"de-DE\",\"@id\":\"https:\/\/startercultures.eu\/de\/product\/fermentation-de\/molkerei\/kase\/starterkits-de\/der-kas-inator-all-in-one-kaseherstellungs-kit\/#primaryimage\",\"url\":\"https:\/\/startercultures.eu\/wp-content\/uploads\/2021\/03\/cheesinator.png\",\"contentUrl\":\"https:\/\/startercultures.eu\/wp-content\/uploads\/2021\/03\/cheesinator.png\",\"width\":524,\"height\":476,\"caption\":\"kaas maken starterspakket\"},{\"@type\":\"BreadcrumbList\",\"@id\":\"https:\/\/startercultures.eu\/de\/product\/fermentation-de\/molkerei\/kase\/starterkits-de\/der-kas-inator-all-in-one-kaseherstellungs-kit\/#breadcrumb\",\"itemListElement\":[{\"@type\":\"ListItem\",\"position\":1,\"name\":\"Home\",\"item\":\"https:\/\/startercultures.eu\/de\/\"},{\"@type\":\"ListItem\",\"position\":2,\"name\":\"Shop\",\"item\":\"https:\/\/startercultures.eu\/shop\/\"},{\"@type\":\"ListItem\",\"position\":3,\"name\":\"Der K\u00e4s-Inator &#8211; All-in-One K\u00e4seherstellungsset\"}]},{\"@type\":\"WebSite\",\"@id\":\"https:\/\/startercultures.eu\/de\/#website\",\"url\":\"https:\/\/startercultures.eu\/de\/\",\"name\":\"Startercultures.eu\",\"description\":\"Startercultures.eu\",\"publisher\":{\"@id\":\"https:\/\/startercultures.eu\/de\/#organization\"},\"potentialAction\":[{\"@type\":\"SearchAction\",\"target\":{\"@type\":\"EntryPoint\",\"urlTemplate\":\"https:\/\/startercultures.eu\/de\/?s={search_term_string}\"},\"query-input\":{\"@type\":\"PropertyValueSpecification\",\"valueRequired\":true,\"valueName\":\"search_term_string\"}}],\"inLanguage\":\"de-DE\"},{\"@type\":\"Organization\",\"@id\":\"https:\/\/startercultures.eu\/de\/#organization\",\"name\":\"Startercultures.eu\",\"url\":\"https:\/\/startercultures.eu\/de\/\",\"logo\":{\"@type\":\"ImageObject\",\"inLanguage\":\"de-DE\",\"@id\":\"https:\/\/startercultures.eu\/de\/#\/schema\/logo\/image\/\",\"url\":\"https:\/\/startercultures.eu\/wp-content\/uploads\/2020\/08\/startercultures-eu-nl-logo-rond-rgb.png\",\"contentUrl\":\"https:\/\/startercultures.eu\/wp-content\/uploads\/2020\/08\/startercultures-eu-nl-logo-rond-rgb.png\",\"width\":320,\"height\":320,\"caption\":\"Startercultures.eu\"},\"image\":{\"@id\":\"https:\/\/startercultures.eu\/de\/#\/schema\/logo\/image\/\"},\"sameAs\":[\"https:\/\/www.facebook.com\/startercultureseu\",\"https:\/\/www.instagram.com\/startercultures.eu\/\"],\"hasMerchantReturnPolicy\":{\"@type\":\"MerchantReturnPolicy\",\"merchantReturnLink\":\"https:\/\/startercultures.eu\/return-policy\/\"}}]}<\/script>\n<meta property=\"product:price:amount\" content=\"204.17\" \/>\n<meta property=\"product:price:currency\" content=\"EUR\" \/>\n<meta property=\"og:availability\" content=\"instock\" \/>\n<meta property=\"product:availability\" content=\"instock\" \/>\n<meta property=\"product:retailer_item_id\" content=\"211\" \/>\n<meta property=\"product:condition\" content=\"new\" \/>\n<!-- \/ Yoast SEO plugin. -->","yoast_head_json":{"title":"K\u00e4se-Startpaket | Startercultures.eu","description":"Stellen Sie alle K\u00e4sesorten her: Blauschimmelk\u00e4se, Wei\u00dfschimmelk\u00e4se, Pressk\u00e4se und Rotschmierk\u00e4se mit unserem Starter-Kit \"K\u00e4se selber machen\". Ausreichend f\u00fcr 25+ kg K\u00e4se","robots":{"index":"index","follow":"follow","max-snippet":"max-snippet:-1","max-image-preview":"max-image-preview:large","max-video-preview":"max-video-preview:-1"},"canonical":"https:\/\/startercultures.eu\/de\/product\/fermentation-de\/molkerei\/kase\/starterkits-de\/der-kas-inator-all-in-one-kaseherstellungs-kit\/","og_locale":"de_DE","og_type":"article","og_title":"K\u00e4se-Startpaket | Startercultures.eu","og_description":"Stellen Sie alle K\u00e4sesorten her: Blauschimmelk\u00e4se, Wei\u00dfschimmelk\u00e4se, Pressk\u00e4se und Rotschmierk\u00e4se mit unserem Starter-Kit \"K\u00e4se selber machen\". Ausreichend f\u00fcr 25+ kg K\u00e4se","og_url":"https:\/\/startercultures.eu\/de\/product\/fermentation-de\/molkerei\/kase\/starterkits-de\/der-kas-inator-all-in-one-kaseherstellungs-kit\/","og_site_name":"Startercultures.eu","article_publisher":"https:\/\/www.facebook.com\/startercultureseu","article_modified_time":"2023-03-28T11:26:25+00:00","og_image":[{"width":524,"height":476,"url":"https:\/\/startercultures.eu\/wp-content\/uploads\/2021\/03\/cheesinator.png","type":"image\/png"}],"twitter_card":"summary_large_image","twitter_misc":{"Price":"204,17","Availability":"Vorr\u00e4tig"},"schema":{"@context":"https:\/\/schema.org","@graph":[{"@type":"WebPage","@id":"https:\/\/startercultures.eu\/de\/product\/fermentation-de\/molkerei\/kase\/starterkits-de\/der-kas-inator-all-in-one-kaseherstellungs-kit\/","url":"https:\/\/startercultures.eu\/de\/product\/fermentation-de\/molkerei\/kase\/starterkits-de\/der-kas-inator-all-in-one-kaseherstellungs-kit\/","name":"K\u00e4se-Startpaket | Startercultures.eu","isPartOf":{"@id":"https:\/\/startercultures.eu\/de\/#website"},"primaryImageOfPage":{"@id":"https:\/\/startercultures.eu\/de\/product\/fermentation-de\/molkerei\/kase\/starterkits-de\/der-kas-inator-all-in-one-kaseherstellungs-kit\/#primaryimage"},"image":{"@id":"https:\/\/startercultures.eu\/de\/product\/fermentation-de\/molkerei\/kase\/starterkits-de\/der-kas-inator-all-in-one-kaseherstellungs-kit\/#primaryimage"},"thumbnailUrl":"https:\/\/startercultures.eu\/wp-content\/uploads\/2021\/03\/cheesinator.png","datePublished":"2021-03-18T10:30:26+00:00","dateModified":"2023-03-28T11:26:25+00:00","description":"Stellen Sie alle K\u00e4sesorten her: Blauschimmelk\u00e4se, Wei\u00dfschimmelk\u00e4se, Pressk\u00e4se und Rotschmierk\u00e4se mit unserem Starter-Kit \"K\u00e4se selber machen\". Ausreichend f\u00fcr 25+ kg K\u00e4se","breadcrumb":{"@id":"https:\/\/startercultures.eu\/de\/product\/fermentation-de\/molkerei\/kase\/starterkits-de\/der-kas-inator-all-in-one-kaseherstellungs-kit\/#breadcrumb"},"inLanguage":"de-DE","potentialAction":[{"@type":"ReadAction","target":["https:\/\/startercultures.eu\/de\/product\/fermentation-de\/molkerei\/kase\/starterkits-de\/der-kas-inator-all-in-one-kaseherstellungs-kit\/"]}]},{"@type":"ImageObject","inLanguage":"de-DE","@id":"https:\/\/startercultures.eu\/de\/product\/fermentation-de\/molkerei\/kase\/starterkits-de\/der-kas-inator-all-in-one-kaseherstellungs-kit\/#primaryimage","url":"https:\/\/startercultures.eu\/wp-content\/uploads\/2021\/03\/cheesinator.png","contentUrl":"https:\/\/startercultures.eu\/wp-content\/uploads\/2021\/03\/cheesinator.png","width":524,"height":476,"caption":"kaas maken starterspakket"},{"@type":"BreadcrumbList","@id":"https:\/\/startercultures.eu\/de\/product\/fermentation-de\/molkerei\/kase\/starterkits-de\/der-kas-inator-all-in-one-kaseherstellungs-kit\/#breadcrumb","itemListElement":[{"@type":"ListItem","position":1,"name":"Home","item":"https:\/\/startercultures.eu\/de\/"},{"@type":"ListItem","position":2,"name":"Shop","item":"https:\/\/startercultures.eu\/shop\/"},{"@type":"ListItem","position":3,"name":"Der K\u00e4s-Inator &#8211; All-in-One K\u00e4seherstellungsset"}]},{"@type":"WebSite","@id":"https:\/\/startercultures.eu\/de\/#website","url":"https:\/\/startercultures.eu\/de\/","name":"Startercultures.eu","description":"Startercultures.eu","publisher":{"@id":"https:\/\/startercultures.eu\/de\/#organization"},"potentialAction":[{"@type":"SearchAction","target":{"@type":"EntryPoint","urlTemplate":"https:\/\/startercultures.eu\/de\/?s={search_term_string}"},"query-input":{"@type":"PropertyValueSpecification","valueRequired":true,"valueName":"search_term_string"}}],"inLanguage":"de-DE"},{"@type":"Organization","@id":"https:\/\/startercultures.eu\/de\/#organization","name":"Startercultures.eu","url":"https:\/\/startercultures.eu\/de\/","logo":{"@type":"ImageObject","inLanguage":"de-DE","@id":"https:\/\/startercultures.eu\/de\/#\/schema\/logo\/image\/","url":"https:\/\/startercultures.eu\/wp-content\/uploads\/2020\/08\/startercultures-eu-nl-logo-rond-rgb.png","contentUrl":"https:\/\/startercultures.eu\/wp-content\/uploads\/2020\/08\/startercultures-eu-nl-logo-rond-rgb.png","width":320,"height":320,"caption":"Startercultures.eu"},"image":{"@id":"https:\/\/startercultures.eu\/de\/#\/schema\/logo\/image\/"},"sameAs":["https:\/\/www.facebook.com\/startercultureseu","https:\/\/www.instagram.com\/startercultures.eu\/"],"hasMerchantReturnPolicy":{"@type":"MerchantReturnPolicy","merchantReturnLink":"https:\/\/startercultures.eu\/return-policy\/"}}]},"product_price_amount":"204.17","product_price_currency":"EUR","og_availability":"instock","product_availability":"instock","product_retailer_item_id":"211","product_condition":"new"},"_links":{"self":[{"href":"https:\/\/startercultures.eu\/de\/wp-json\/wp\/v2\/product\/25001","targetHints":{"allow":["GET"]}}],"collection":[{"href":"https:\/\/startercultures.eu\/de\/wp-json\/wp\/v2\/product"}],"about":[{"href":"https:\/\/startercultures.eu\/de\/wp-json\/wp\/v2\/types\/product"}],"replies":[{"embeddable":true,"href":"https:\/\/startercultures.eu\/de\/wp-json\/wp\/v2\/comments?post=25001"}],"version-history":[{"count":0,"href":"https:\/\/startercultures.eu\/de\/wp-json\/wp\/v2\/product\/25001\/revisions"}],"wp:featuredmedia":[{"embeddable":true,"href":"https:\/\/startercultures.eu\/de\/wp-json\/wp\/v2\/media\/24361"}],"wp:attachment":[{"href":"https:\/\/startercultures.eu\/de\/wp-json\/wp\/v2\/media?parent=25001"}],"wp:term":[{"taxonomy":"product_brand","embeddable":true,"href":"https:\/\/startercultures.eu\/de\/wp-json\/wp\/v2\/product_brand?post=25001"},{"taxonomy":"product_cat","embeddable":true,"href":"https:\/\/startercultures.eu\/de\/wp-json\/wp\/v2\/product_cat?post=25001"},{"taxonomy":"product_tag","embeddable":true,"href":"https:\/\/startercultures.eu\/de\/wp-json\/wp\/v2\/product_tag?post=25001"}],"curies":[{"name":"wp","href":"https:\/\/api.w.org\/{rel}","templated":true}]}}