{"id":25002,"date":"2021-10-16T11:11:59","date_gmt":"2021-10-16T11:11:59","guid":{"rendered":"https:\/\/startercultures.eu\/product\/unkategorisiert\/schwaechungssteine-fuer-den-echten-sauerkrauttopf\/"},"modified":"2024-11-26T12:34:00","modified_gmt":"2024-11-26T11:34:00","slug":"gewichtssteine-fur-den-authentischen-kohletopf","status":"publish","type":"product","link":"https:\/\/startercultures.eu\/de\/product\/fermentation-de\/gemuse-de\/gewichtssteine-fur-den-authentischen-kohletopf\/","title":{"rendered":"Schw\u00e4chungssteine | f\u00fcr den echten Sauerkrauttopf"},"content":{"rendered":"<p>Ohne Konservierungs- und Zusatzstoffe mit dem eigenen Sauerkrauttopf! Von der Zwiebel bis zur Bohne, vom Kohl bis zur Roten Bete gibt es k\u00f6stliche Rezepte f\u00fcr fast alle Gem\u00fcsesorten und Geschmacksrichtungen. Alles, was Sie zum Einmachen von Gem\u00fcse brauchen, ist ein wenig Salzwasser. Und diese Verschlimmerungssteine, um das ganze Zeug sicher unter der Salzlake zu halten.<\/p>\n<h3>Wie funktionieren die Verschlimmerungssteine?<\/h3>\n<p>Stellen Sie Ihr eigenes gesundes Sauerkraut oder Kimchi aus den letzten Sommerernten her: Ein Sauerkrauttopf ist der nat\u00fcrliche Weg, um Ihr eigenes fermentiertes Gem\u00fcse herzustellen, einschlie\u00dflich Essiggurken, Sauerkraut, Kimchi und mehr. Ferme&#8230;was? Fermentieren! Eine alte Zubereitungstechnik, bei der Hefen und Bakterien den nat\u00fcrlich vorhandenen Zucker in milde S\u00e4uren umwandeln. Ideal, um \u00fcbrig gebliebenes Gem\u00fcse oder Milchprodukte auf einfache Weise in ein schmackhaftes, leckeres und haltbares Produkt zu verwandeln. Wenn Sie Ihr Sauerkraut oder anderes Gem\u00fcse mit etwas Schwerem unter die Salzlake halten, verhindern Sie, dass sich Schimmel bildet. Diese Verschlimmerungssteine sind die ideale, hygienische und nachhaltige Art, dies zu tun.<\/p>\n<h3>Ersatz f\u00fcr Ihre Verschlimmerungssteine.<\/h3>\n<p>Diese Verschlimmerungssteine sind ideal, um die Originalsteine Ihres Sauerkrauttopfes zu ersetzen. Obwohl sie ewig halten, haben Sie sie vielleicht verloren oder sie sind kaputt gegangen. Vielleicht haben Sie ein Familienerbst\u00fcck geerbt oder es aus zweiter Hand gekauft. Auf der Arbeitsplatte sehen sie bestimmt cool aus!<\/p>\n<p>Hygiene ist sehr wichtig. Nicht nur das Gem\u00fcse muss sauber sein, sondern auch der Deckel und der Topf selbst. Verwenden Sie zur Reinigung am besten kein kochendes Wasser, sondern Wasser und Essig, und lassen Sie die Steine vor allem gut trocknen, bevor Sie sie aufbewahren.<\/p>\n<h3><strong>Inhalt <\/strong><\/h3>\n<ul>\n<li>w\u00e4hlen Sie zwischen 5L oder 10L<\/li>\n<\/ul>\n<h3 data-fontsize=\"21\" data-lineheight=\"27.3px\">M\u00f6chten Sie schw\u00e4chende Steine kaufen?<\/h3>\n<p>Sie k\u00f6nnen Verschlimmerungssteine bei starterculturen.nl bestellen, dem Webshop f\u00fcr alle Ihre <span style=\"font-weight: 400;\">Fermentationen <\/span> <span style=\"font-weight: 400;\">Lieferungen f\u00fcr z.B. (vegane) Milchprodukte, Tempeh, Koji und Kombucha<\/span>. Von Mister Wateetons, dem Autor der Standardwerke <a href=\"https:\/\/www.starterculturen.nl\/a-52122580\/boeken\/over-rot-2015-het-handboek-fermenteren\/\" target=\"_blank\" rel=\"noopener noreferrer\">About Rot (2015<\/a> ) und<a href=\"https:\/\/startercultures.eu\/nl\/product\/boeken\/over-inpakken-2020-nl\/\" target=\"_blank\" rel=\"noopener\"> About Packing (2020<\/a>). An Werktagen vor 15:00 Uhr bestellt, am selben Tag versandt. Fragen zur Verwendung? Fragen Sie sie \u00fcber die Chatfunktion. Wir kommen da immer wieder raus.<\/p>\n<h3>Online-Workshops &#8220;Fermentierte So\u00dfe&#8221; und &#8220;Fermentiertes Gem\u00fcse&#8221; auf Anfrage<img decoding=\"async\" class=\"lazyload  wp-image-10939 alignright\" src=\"https:\/\/startercultures.eu\/wp-content\/uploads\/2021\/01\/workshop-fermenteren-400x400-1-300x300.png\" data-orig-src=\"https:\/\/startercultures.eu\/wp-content\/uploads\/2021\/01\/workshop-fermenteren-400x400-1-300x300.png\" alt=\"Workshop fermenteren meneer wateetons\" width=\"152\" height=\"152\" srcset=\"data:image\/svg+xml,%3Csvg%20xmlns%3D%27http%3A%2F%2Fwww.w3.org%2F2000%2Fsvg%27%20width%3D%27152%27%20height%3D%27152%27%20viewBox%3D%270%200%20152%20152%27%3E%3Crect%20width%3D%27152%27%20height%3D%27152%27%20fill-opacity%3D%220%22%2F%3E%3C%2Fsvg%3E\" data-srcset=\"https:\/\/startercultures.eu\/wp-content\/uploads\/2021\/01\/workshop-fermenteren-400x400-1-66x66.png 66w, https:\/\/startercultures.eu\/wp-content\/uploads\/2021\/01\/workshop-fermenteren-400x400-1-70x70.png 70w, https:\/\/startercultures.eu\/wp-content\/uploads\/2021\/01\/workshop-fermenteren-400x400-1-100x100.png 100w, https:\/\/startercultures.eu\/wp-content\/uploads\/2021\/01\/workshop-fermenteren-400x400-1-150x150.png 150w, https:\/\/startercultures.eu\/wp-content\/uploads\/2021\/01\/workshop-fermenteren-400x400-1-200x200.png 200w, https:\/\/startercultures.eu\/wp-content\/uploads\/2021\/01\/workshop-fermenteren-400x400-1-300x300.png 300w, https:\/\/startercultures.eu\/wp-content\/uploads\/2021\/01\/workshop-fermenteren-400x400-1.png 400w\" data-sizes=\"auto\" data-orig-sizes=\"(max-width: 152px) 100vw, 152px\" \/><\/h3>\n<p>W\u00e4hrend des Online-Workshops <a href=\"https:\/\/startercultures.eu\/nl\/product\/groente-nl\/workshops-vegetables-nl\/online-on-demand-workshop-maak-je-eigen-gefermenteerde-hotsauces\/\" target=\"_blank\" rel=\"noopener\">&#8220;Stellen Sie Ihre eigenen fermentierten Hotsaucen her&#8221;<\/a> wird Ihnen der Fermentierungsexperte <a href=\"https:\/\/wateetons.com\/\" target=\"_blank\" rel=\"noopener\">Mr. Wateetons<\/a> und Autor von <a class=\"ek-link\" href=\"https:\/\/startercultures.eu\/nl\/product\/boeken\/over-rot-2-0-2019-het-geactualiseerde-handboek-fermenteren-nl\/\" target=\"_blank\" rel=\"noreferrer noopener\" aria-label=\"Over Rot (opens in a new tab)\">About Rot<\/a> alles \u00fcber fermentierte Ketchups, Sambals und Hotsaucen beibringen! Es wird sich herausstellen, dass Sie mit wenigen Mitteln zu Hause k\u00f6stliche und v\u00f6llig einzigartige <em>Saucen<\/em> herstellen k\u00f6nnen, die jedes Gericht auf ein h\u00f6heres Niveau heben.<\/p>\n<p>Nicht verpassen sollten Sie auch den Workshop<a href=\"https:\/\/startercultures.eu\/nl\/product\/online-workshops-nl\/online-on-demand-workshop-fermenteer-je-eigen-groente\/\" target=\"_blank\" rel=\"noopener\">&#8220;Fermentieren Sie Ihr eigenes Gem\u00fcse&#8221;,<\/a> in dem Sie genau lernen, wie Sie Ihr eigenes Sauerkraut, Ihre eigenen Gurken und Ihr eigenes Kimchi herstellen. Nach diesem Workshop k\u00f6nnen Sie jedes Gem\u00fcse selbst fermentieren, weil Sie die Technik verstehen!<\/p>\n","protected":false},"excerpt":{"rendered":"<p>Wenn Sie Ihr Sauerkraut oder anderes Gem\u00fcse mit etwas Schwerem unter die Salzlake halten, verhindern Sie, dass sich Schimmel bildet. Diese Verschlimmerungssteine sind die ideale, hygienische und nachhaltige Art, dies zu tun.<\/p>\n","protected":false},"featured_media":24306,"comment_status":"open","ping_status":"closed","template":"","meta":{"_acf_changed":false,"footnotes":""},"product_brand":[],"product_cat":[716,644],"product_tag":[],"class_list":{"0":"post-25002","1":"product","2":"type-product","3":"status-publish","4":"has-post-thumbnail","6":"product_cat-gemuse-de","7":"product_cat-werkzeuge","9":"first","10":"outofstock","11":"taxable","12":"shipping-taxable","13":"purchasable","14":"product-type-variable","15":"has-default-attributes"},"acf":[],"yoast_head":"<!-- This site is optimized with the Yoast SEO plugin v26.6 - https:\/\/yoast.com\/wordpress\/plugins\/seo\/ -->\n<title>Schw\u00e4chungssteine f\u00fcr Ihren Sauerkrauttopf | Startercultures.eu<\/title>\n<meta name=\"description\" content=\"Indem Sie Ihr Sauerkraut oder anderes Gem\u00fcse mit diesen Salzsteinen in der Lake halten, stellen Sie Sauerkraut auf nachhaltige Weise her!\" \/>\n<meta name=\"robots\" content=\"index, follow, max-snippet:-1, max-image-preview:large, max-video-preview:-1\" \/>\n<link rel=\"canonical\" href=\"https:\/\/startercultures.eu\/de\/product\/fermentation-de\/gemuse-de\/gewichtssteine-fur-den-authentischen-kohletopf\/\" \/>\n<meta property=\"og:locale\" content=\"de_DE\" \/>\n<meta property=\"og:type\" content=\"article\" \/>\n<meta property=\"og:title\" content=\"Schw\u00e4chungssteine f\u00fcr Ihren Sauerkrauttopf | Startercultures.eu\" \/>\n<meta property=\"og:description\" content=\"Indem Sie Ihr Sauerkraut oder anderes Gem\u00fcse mit diesen Salzsteinen in der Lake halten, stellen Sie Sauerkraut auf nachhaltige Weise her!\" \/>\n<meta property=\"og:url\" content=\"https:\/\/startercultures.eu\/de\/product\/fermentation-de\/gemuse-de\/gewichtssteine-fur-den-authentischen-kohletopf\/\" \/>\n<meta property=\"og:site_name\" content=\"Startercultures.eu\" \/>\n<meta property=\"article:publisher\" content=\"https:\/\/www.facebook.com\/startercultureseu\" \/>\n<meta property=\"article:modified_time\" content=\"2024-11-26T11:34:00+00:00\" \/>\n<meta property=\"og:image\" content=\"https:\/\/startercultures.eu\/wp-content\/uploads\/2021\/10\/weighing-stones-e1634383559844.png\" \/>\n\t<meta property=\"og:image:width\" content=\"450\" \/>\n\t<meta property=\"og:image:height\" content=\"450\" \/>\n\t<meta property=\"og:image:type\" content=\"image\/png\" \/>\n<meta name=\"twitter:card\" content=\"summary_large_image\" \/>\n<meta name=\"twitter:label1\" content=\"Availability\" \/>\n\t<meta name=\"twitter:data1\" content=\"Nicht auf Lager\" \/>\n<script type=\"application\/ld+json\" class=\"yoast-schema-graph\">{\"@context\":\"https:\/\/schema.org\",\"@graph\":[{\"@type\":\"WebPage\",\"@id\":\"https:\/\/startercultures.eu\/de\/product\/fermentation-de\/gemuse-de\/gewichtssteine-fur-den-authentischen-kohletopf\/\",\"url\":\"https:\/\/startercultures.eu\/de\/product\/fermentation-de\/gemuse-de\/gewichtssteine-fur-den-authentischen-kohletopf\/\",\"name\":\"Schw\u00e4chungssteine f\u00fcr Ihren Sauerkrauttopf | Startercultures.eu\",\"isPartOf\":{\"@id\":\"https:\/\/startercultures.eu\/de\/#website\"},\"primaryImageOfPage\":{\"@id\":\"https:\/\/startercultures.eu\/de\/product\/fermentation-de\/gemuse-de\/gewichtssteine-fur-den-authentischen-kohletopf\/#primaryimage\"},\"image\":{\"@id\":\"https:\/\/startercultures.eu\/de\/product\/fermentation-de\/gemuse-de\/gewichtssteine-fur-den-authentischen-kohletopf\/#primaryimage\"},\"thumbnailUrl\":\"https:\/\/startercultures.eu\/wp-content\/uploads\/2021\/10\/weighing-stones-e1634383559844.png\",\"datePublished\":\"2021-10-16T11:11:59+00:00\",\"dateModified\":\"2024-11-26T11:34:00+00:00\",\"description\":\"Indem Sie Ihr Sauerkraut oder anderes Gem\u00fcse mit diesen Salzsteinen in der Lake halten, stellen Sie Sauerkraut auf nachhaltige Weise her!\",\"breadcrumb\":{\"@id\":\"https:\/\/startercultures.eu\/de\/product\/fermentation-de\/gemuse-de\/gewichtssteine-fur-den-authentischen-kohletopf\/#breadcrumb\"},\"inLanguage\":\"de-DE\",\"potentialAction\":[{\"@type\":\"ReadAction\",\"target\":[\"https:\/\/startercultures.eu\/de\/product\/fermentation-de\/gemuse-de\/gewichtssteine-fur-den-authentischen-kohletopf\/\"]}]},{\"@type\":\"ImageObject\",\"inLanguage\":\"de-DE\",\"@id\":\"https:\/\/startercultures.eu\/de\/product\/fermentation-de\/gemuse-de\/gewichtssteine-fur-den-authentischen-kohletopf\/#primaryimage\",\"url\":\"https:\/\/startercultures.eu\/wp-content\/uploads\/2021\/10\/weighing-stones-e1634383559844.png\",\"contentUrl\":\"https:\/\/startercultures.eu\/wp-content\/uploads\/2021\/10\/weighing-stones-e1634383559844.png\",\"width\":450,\"height\":450,\"caption\":\"Wiegestein\"},{\"@type\":\"BreadcrumbList\",\"@id\":\"https:\/\/startercultures.eu\/de\/product\/fermentation-de\/gemuse-de\/gewichtssteine-fur-den-authentischen-kohletopf\/#breadcrumb\",\"itemListElement\":[{\"@type\":\"ListItem\",\"position\":1,\"name\":\"Home\",\"item\":\"https:\/\/startercultures.eu\/de\/\"},{\"@type\":\"ListItem\",\"position\":2,\"name\":\"Shop\",\"item\":\"https:\/\/startercultures.eu\/shop\/\"},{\"@type\":\"ListItem\",\"position\":3,\"name\":\"Schw\u00e4chungssteine | f\u00fcr den echten Sauerkrauttopf\"}]},{\"@type\":\"WebSite\",\"@id\":\"https:\/\/startercultures.eu\/de\/#website\",\"url\":\"https:\/\/startercultures.eu\/de\/\",\"name\":\"Startercultures.eu\",\"description\":\"Startercultures.eu\",\"publisher\":{\"@id\":\"https:\/\/startercultures.eu\/de\/#organization\"},\"potentialAction\":[{\"@type\":\"SearchAction\",\"target\":{\"@type\":\"EntryPoint\",\"urlTemplate\":\"https:\/\/startercultures.eu\/de\/?s={search_term_string}\"},\"query-input\":{\"@type\":\"PropertyValueSpecification\",\"valueRequired\":true,\"valueName\":\"search_term_string\"}}],\"inLanguage\":\"de-DE\"},{\"@type\":\"Organization\",\"@id\":\"https:\/\/startercultures.eu\/de\/#organization\",\"name\":\"Startercultures.eu\",\"url\":\"https:\/\/startercultures.eu\/de\/\",\"logo\":{\"@type\":\"ImageObject\",\"inLanguage\":\"de-DE\",\"@id\":\"https:\/\/startercultures.eu\/de\/#\/schema\/logo\/image\/\",\"url\":\"https:\/\/startercultures.eu\/wp-content\/uploads\/2020\/08\/startercultures-eu-nl-logo-rond-rgb.png\",\"contentUrl\":\"https:\/\/startercultures.eu\/wp-content\/uploads\/2020\/08\/startercultures-eu-nl-logo-rond-rgb.png\",\"width\":320,\"height\":320,\"caption\":\"Startercultures.eu\"},\"image\":{\"@id\":\"https:\/\/startercultures.eu\/de\/#\/schema\/logo\/image\/\"},\"sameAs\":[\"https:\/\/www.facebook.com\/startercultureseu\",\"https:\/\/www.instagram.com\/startercultures.eu\/\"]}]}<\/script>\n<meta property=\"og:availability\" content=\"out of stock\" \/>\n<meta property=\"product:availability\" content=\"out of stock\" \/>\n<meta property=\"product:retailer_item_id\" content=\"219\" \/>\n<meta property=\"product:condition\" content=\"new\" \/>\n<!-- \/ Yoast SEO plugin. -->","yoast_head_json":{"title":"Schw\u00e4chungssteine f\u00fcr Ihren Sauerkrauttopf | Startercultures.eu","description":"Indem Sie Ihr Sauerkraut oder anderes Gem\u00fcse mit diesen Salzsteinen in der Lake halten, stellen Sie Sauerkraut auf nachhaltige Weise her!","robots":{"index":"index","follow":"follow","max-snippet":"max-snippet:-1","max-image-preview":"max-image-preview:large","max-video-preview":"max-video-preview:-1"},"canonical":"https:\/\/startercultures.eu\/de\/product\/fermentation-de\/gemuse-de\/gewichtssteine-fur-den-authentischen-kohletopf\/","og_locale":"de_DE","og_type":"article","og_title":"Schw\u00e4chungssteine f\u00fcr Ihren Sauerkrauttopf | Startercultures.eu","og_description":"Indem Sie Ihr Sauerkraut oder anderes Gem\u00fcse mit diesen Salzsteinen in der Lake halten, stellen Sie Sauerkraut auf nachhaltige Weise her!","og_url":"https:\/\/startercultures.eu\/de\/product\/fermentation-de\/gemuse-de\/gewichtssteine-fur-den-authentischen-kohletopf\/","og_site_name":"Startercultures.eu","article_publisher":"https:\/\/www.facebook.com\/startercultureseu","article_modified_time":"2024-11-26T11:34:00+00:00","og_image":[{"width":450,"height":450,"url":"https:\/\/startercultures.eu\/wp-content\/uploads\/2021\/10\/weighing-stones-e1634383559844.png","type":"image\/png"}],"twitter_card":"summary_large_image","twitter_misc":{"Availability":"Nicht auf Lager"},"schema":{"@context":"https:\/\/schema.org","@graph":[{"@type":"WebPage","@id":"https:\/\/startercultures.eu\/de\/product\/fermentation-de\/gemuse-de\/gewichtssteine-fur-den-authentischen-kohletopf\/","url":"https:\/\/startercultures.eu\/de\/product\/fermentation-de\/gemuse-de\/gewichtssteine-fur-den-authentischen-kohletopf\/","name":"Schw\u00e4chungssteine f\u00fcr Ihren Sauerkrauttopf | Startercultures.eu","isPartOf":{"@id":"https:\/\/startercultures.eu\/de\/#website"},"primaryImageOfPage":{"@id":"https:\/\/startercultures.eu\/de\/product\/fermentation-de\/gemuse-de\/gewichtssteine-fur-den-authentischen-kohletopf\/#primaryimage"},"image":{"@id":"https:\/\/startercultures.eu\/de\/product\/fermentation-de\/gemuse-de\/gewichtssteine-fur-den-authentischen-kohletopf\/#primaryimage"},"thumbnailUrl":"https:\/\/startercultures.eu\/wp-content\/uploads\/2021\/10\/weighing-stones-e1634383559844.png","datePublished":"2021-10-16T11:11:59+00:00","dateModified":"2024-11-26T11:34:00+00:00","description":"Indem Sie Ihr Sauerkraut oder anderes Gem\u00fcse mit diesen Salzsteinen in der Lake halten, stellen Sie Sauerkraut auf nachhaltige Weise her!","breadcrumb":{"@id":"https:\/\/startercultures.eu\/de\/product\/fermentation-de\/gemuse-de\/gewichtssteine-fur-den-authentischen-kohletopf\/#breadcrumb"},"inLanguage":"de-DE","potentialAction":[{"@type":"ReadAction","target":["https:\/\/startercultures.eu\/de\/product\/fermentation-de\/gemuse-de\/gewichtssteine-fur-den-authentischen-kohletopf\/"]}]},{"@type":"ImageObject","inLanguage":"de-DE","@id":"https:\/\/startercultures.eu\/de\/product\/fermentation-de\/gemuse-de\/gewichtssteine-fur-den-authentischen-kohletopf\/#primaryimage","url":"https:\/\/startercultures.eu\/wp-content\/uploads\/2021\/10\/weighing-stones-e1634383559844.png","contentUrl":"https:\/\/startercultures.eu\/wp-content\/uploads\/2021\/10\/weighing-stones-e1634383559844.png","width":450,"height":450,"caption":"Wiegestein"},{"@type":"BreadcrumbList","@id":"https:\/\/startercultures.eu\/de\/product\/fermentation-de\/gemuse-de\/gewichtssteine-fur-den-authentischen-kohletopf\/#breadcrumb","itemListElement":[{"@type":"ListItem","position":1,"name":"Home","item":"https:\/\/startercultures.eu\/de\/"},{"@type":"ListItem","position":2,"name":"Shop","item":"https:\/\/startercultures.eu\/shop\/"},{"@type":"ListItem","position":3,"name":"Schw\u00e4chungssteine | f\u00fcr den echten Sauerkrauttopf"}]},{"@type":"WebSite","@id":"https:\/\/startercultures.eu\/de\/#website","url":"https:\/\/startercultures.eu\/de\/","name":"Startercultures.eu","description":"Startercultures.eu","publisher":{"@id":"https:\/\/startercultures.eu\/de\/#organization"},"potentialAction":[{"@type":"SearchAction","target":{"@type":"EntryPoint","urlTemplate":"https:\/\/startercultures.eu\/de\/?s={search_term_string}"},"query-input":{"@type":"PropertyValueSpecification","valueRequired":true,"valueName":"search_term_string"}}],"inLanguage":"de-DE"},{"@type":"Organization","@id":"https:\/\/startercultures.eu\/de\/#organization","name":"Startercultures.eu","url":"https:\/\/startercultures.eu\/de\/","logo":{"@type":"ImageObject","inLanguage":"de-DE","@id":"https:\/\/startercultures.eu\/de\/#\/schema\/logo\/image\/","url":"https:\/\/startercultures.eu\/wp-content\/uploads\/2020\/08\/startercultures-eu-nl-logo-rond-rgb.png","contentUrl":"https:\/\/startercultures.eu\/wp-content\/uploads\/2020\/08\/startercultures-eu-nl-logo-rond-rgb.png","width":320,"height":320,"caption":"Startercultures.eu"},"image":{"@id":"https:\/\/startercultures.eu\/de\/#\/schema\/logo\/image\/"},"sameAs":["https:\/\/www.facebook.com\/startercultureseu","https:\/\/www.instagram.com\/startercultures.eu\/"]}]},"og_availability":"out of stock","product_availability":"out of stock","product_retailer_item_id":"219","product_condition":"new"},"_links":{"self":[{"href":"https:\/\/startercultures.eu\/de\/wp-json\/wp\/v2\/product\/25002","targetHints":{"allow":["GET"]}}],"collection":[{"href":"https:\/\/startercultures.eu\/de\/wp-json\/wp\/v2\/product"}],"about":[{"href":"https:\/\/startercultures.eu\/de\/wp-json\/wp\/v2\/types\/product"}],"replies":[{"embeddable":true,"href":"https:\/\/startercultures.eu\/de\/wp-json\/wp\/v2\/comments?post=25002"}],"version-history":[{"count":1,"href":"https:\/\/startercultures.eu\/de\/wp-json\/wp\/v2\/product\/25002\/revisions"}],"predecessor-version":[{"id":65362,"href":"https:\/\/startercultures.eu\/de\/wp-json\/wp\/v2\/product\/25002\/revisions\/65362"}],"wp:featuredmedia":[{"embeddable":true,"href":"https:\/\/startercultures.eu\/de\/wp-json\/wp\/v2\/media\/24306"}],"wp:attachment":[{"href":"https:\/\/startercultures.eu\/de\/wp-json\/wp\/v2\/media?parent=25002"}],"wp:term":[{"taxonomy":"product_brand","embeddable":true,"href":"https:\/\/startercultures.eu\/de\/wp-json\/wp\/v2\/product_brand?post=25002"},{"taxonomy":"product_cat","embeddable":true,"href":"https:\/\/startercultures.eu\/de\/wp-json\/wp\/v2\/product_cat?post=25002"},{"taxonomy":"product_tag","embeddable":true,"href":"https:\/\/startercultures.eu\/de\/wp-json\/wp\/v2\/product_tag?post=25002"}],"curies":[{"name":"wp","href":"https:\/\/api.w.org\/{rel}","templated":true}]}}