{"id":25007,"date":"2021-10-23T16:47:15","date_gmt":"2021-10-23T16:47:15","guid":{"rendered":"https:\/\/startercultures.eu\/product\/unkategorisiert\/wurstfueller-3-5-7-10-l\/"},"modified":"2024-02-02T16:56:30","modified_gmt":"2024-02-02T15:56:30","slug":"wurst-fuller-3-5-7-10-l","status":"publish","type":"product","link":"https:\/\/startercultures.eu\/de\/product\/wurstwaren-und-charcuterie-de\/werkzeuge-de-7\/wurst-fuller-3-5-7-10-l\/","title":{"rendered":"Wurstf\u00fcller | 3\/5\/7 L (separat geliefert)"},"content":{"rendered":"<h3>Was ist ein Wurstf\u00fcller?<\/h3>\n<p>Ein Wurstf\u00fcller ist ein K\u00fcchenger\u00e4t, das Metzgern beim F\u00fcllen von W\u00fcrsten helfen soll.<\/p>\n<h3>Warum ein Wurstf\u00fcller?<\/h3>\n<p>Es ist \u00e4u\u00dferst wichtig, die Wurst gut zu f\u00fcllen, da die Wurst sonst auseinanderf\u00e4llt, eine merkw\u00fcrdige Form annimmt, nicht richtig aush\u00e4rtet oder sich sogar unerw\u00fcnschte Mikroben bilden, weil Luftl\u00f6cher eingeschlossen sind. Dies kann zwar von Hand oder mit Hilfe <a href=\"https:\/\/startercultures.eu\/product\/sausages-and-charcuterie\/tools\/set-of-3-stuffing-tubes-for-meat-grinders\/\" target=\"_blank\" rel=\"noopener\">eines F\u00fcllrohrs<\/a> geschehen, aber ein Wurstf\u00fcller ist f\u00fcr diese Aufgabe ein wesentlich effizienteres Werkzeug. Au\u00dferdem ist die Verwendung eines Handwolfs mit angebrachtem F\u00fcllrohr ziemlich langsam und erfordert, dass Sie den Wolf zweimal verwenden, wodurch sich die Temperatur Ihres Fleisches erh\u00f6ht, was sich nachteilig auf Ihre Bindung auswirken kann.<\/p>\n<p>Wenn Sie zu Hause ernsthaft W\u00fcrste herstellen wollen, ist eine Wurstf\u00fcllmaschine ein unverzichtbares Werkzeug.<\/p>\n<h3>Wie funktioniert diese Wurstf\u00fcllmaschine?<\/h3>\n<p>Bei der Herstellung von W\u00fcrsten wird eine Mischung aus gemahlenem Fleisch und Gew\u00fcrzen in eine H\u00fclle gef\u00fcllt, die das Fleisch fest umschlie\u00dft. Solche D\u00e4rme wurden traditionell aus <a href=\"https:\/\/startercultures.eu\/product\/sausages-and-charcuterie\/casings\/natural-casings\/hog-casing-32-34-mm\/\" target=\"_blank\" rel=\"noopener\">D\u00e4rmen<\/a> hergestellt, obwohl moderne D\u00e4rme aus einer Vielzahl von Materialien hergestellt werden k\u00f6nnen &#8211; sogar aus <a href=\"https:\/\/startercultures.eu\/product\/vegan-main\/vegan-casings\/edible-vegan-sausage-casings\/\" target=\"_blank\" rel=\"noopener\">essbaren veganen D\u00e4rmen<\/a>!<\/p>\n<p>Um einen Wurstf\u00fcller zu verwenden, bringen Sie die H\u00fclle an und f\u00fcllen dann das gemischte Wurstbr\u00e4t in den Trichter und dr\u00fccken das Br\u00e4t in die H\u00fclle, die in regelm\u00e4\u00dfigen Abst\u00e4nden gedreht werden kann, um einzelne W\u00fcrste herzustellen, oder in Form eines langen Strangs belassen wird, je nachdem, welche Art von Wurst Sie herstellen m\u00f6chten.<\/p>\n<p>Dieser langlebige Wurstf\u00fcller aus lebensmittelechtem Edelstahl erleichtert die Verarbeitung einer gro\u00dfen Menge von W\u00fcrsten auf einmal, wobei er unterschiedliche Anforderungen und verschiedene Arten von<a href=\"https:\/\/startercultures.eu\/product-category\/sausages-and-charcuterie\/casings\/\" target=\"_blank\" rel=\"noopener\">Naturd\u00e4rme und nicht nat\u00fcrliche D<\/a>\u00e4rme mit nicht weniger als 4 Gr\u00f6\u00dfen von F\u00fclld\u00fcsen aus lebensmittelechtem Edelstahl (\u03a615 mm, \u03a621 mm, \u03a630 mm, \u03a637 mm) erf\u00fcllt.<\/p>\n<p>Mit dem ergonomischen Griff k\u00f6nnen Sie die F\u00fcllmaschine bequem und m\u00fchelos bedienen, und die F\u00fcllmaschine hat 2 verschiedene Geschwindigkeiten, f\u00fcr Geschwindigkeit und Kontrolle.<\/p>\n<p>Mit doppeltem Entl\u00fcftungsventil: Beim F\u00fcllen kann die Luft durch die Ventile abgelassen werden, so dass sie nicht in die W\u00fcrste ger\u00e4t<\/p>\n<p>Dieser Wurstf\u00fcller ist perfekt f\u00fcr die Herstellung von W\u00fcrsten, Hot Dogs, Bratw\u00fcrsten, Cajun Hot Links usw. Er eignet sich auch f\u00fcr den gewerblichen Einsatz, z. B. in Restaurants, Superm\u00e4rkten, Metzgereien usw. Sobald die W\u00fcrste gef\u00fcllt sind, k\u00f6nnen sie durch Trocknen, R\u00e4uchern oder Kochen haltbar gemacht werden.<\/p>\n<p dir=\"auto\">Inhalt<\/p>\n<ul>\n<li dir=\"auto\">1 Wurstf\u00fcller aus rostfreiem Stahl<\/li>\n<li dir=\"auto\">Sie haben die Wahl zwischen einem Fassungsverm\u00f6gen von 3\/5\/7 l.<\/li>\n<li dir=\"auto\">4 Gr\u00f6\u00dfen von Einf\u00fcllstutzen aus lebensmittelechtem Edelstahl (\u03a615 mm, \u03a621 mm, \u03a630 mm, \u03a637 mm)<\/li>\n<\/ul>\n<h3>Welche Gr\u00f6\u00dfe sollte ich w\u00e4hlen?<\/h3>\n<p>Wir empfehlen 3 oder 5 Liter f\u00fcr Hobbyisten und 5-7 Liter f\u00fcr Semiprofis<\/p>\n<ul>\n<li>3 L: 43 x 21 x 22 cm &#8211; Gewicht: 9 kg<\/li>\n<li>5 L: 56 x 21 x 22 cm &#8211; Gewicht: 10,5 kg<\/li>\n<li>7 L: 69 x 21 x 22 cm &#8211; Gewicht: 12 kg<\/li>\n<\/ul>\n<h3 dir=\"auto\">Lieferung<\/h3>\n<p dir=\"auto\">Bitte rechnen Sie mit 1-2 Wochen Lieferfrist. Wenn Sie mehr als 1 Produkt aus unserem Shop bestellen, beachten Sie bitte, dass dieser F\u00fcller von einem anderen Standort aus versandt wird und in einer separaten Sendung kommt.<\/p>\n<p dir=\"auto\">* Kann nicht in die USA, nach Kanada, in die Schweiz, nach Lichtenstein, Malta, Finnland und Serbien geliefert werden.<\/p>\n<h3>Wie pflege ich meinen F\u00fcller?<\/h3>\n<p>Diese Wurstf\u00fcllmaschine ist einfach zu bedienen und wird mit einer Gebrauchsanweisung geliefert, nur f\u00fcr den Fall. Der wichtigste Teil bei der Verwendung einer Wurstf\u00fcllmaschine ist die Reinigung. Da Hackfleisch besonders anf\u00e4llig f\u00fcr Verunreinigungen ist, ist es sehr wichtig, die Wurstf\u00fcllmaschine sehr gut zu reinigen, um sicherzustellen, dass keine unerw\u00fcnschten Bakterien oder andere Organismen auf der F\u00fcllmaschine verbleiben. Waschen Sie es nicht in der Sp\u00fclmaschine, sondern verwenden Sie hei\u00dfes Wasser und Seife und trocknen Sie alle Teile sehr gut ab, bevor Sie sie zusammenbauen oder aufbewahren. Zus\u00e4tzliches Trocknen im lauwarmen Backofen oder leichtes Einfetten ist ebenfalls gut f\u00fcr die Konservierung.<\/p>\n<div class=\"phenom mod-comment-type\">\n<div class=\"phenom-desc\">\n<div class=\"comment-container\">\n<div class=\"action-comment can-view-video markeddown js-comment\" dir=\"auto\">\n<h3 class=\"current-comment js-friendly-links js-open-card\">Sie wollen eine Wurstf\u00fcllmaschine kaufen?<\/h3>\n<\/div>\n<\/div>\n<\/div>\n<\/div>\n<div class=\"phenom mod-comment-type\">\n<div class=\"phenom-desc\">\n<div class=\"comment-container\">\n<div class=\"action-comment can-view-video markeddown js-comment\" dir=\"auto\">\n<p>Bestellen Sie Ihren Wurstf\u00fcller bei startercultures.eu, dem europ\u00e4ischen Webshop f\u00fcr alle Ihre Bed\u00fcrfnisse in Sachen Fermentation, Wurst und Charcuterie. Von Meneer Wateetons, renommierter niederl\u00e4ndischer Fermentations- und Fleischexperte und Autor. Bestellen Sie werktags vor 15 Uhr und wir liefern noch am selben Tag. Fragen zur Verwendung? Frag Sie in unserem Chat, wir helfen gerne!<\/p>\n<\/div>\n<\/div>\n<\/div>\n<\/div>\n<h3>Online-Workshop zur Wurstherstellung in englischer Sprache<img decoding=\"async\" class=\"lazyload  wp-image-23961 alignright\" src=\"https:\/\/startercultures.eu\/wp-content\/uploads\/2020\/12\/sausage-making-workshop-450-300x300.png\" data-orig-src=\"https:\/\/startercultures.eu\/wp-content\/uploads\/2020\/12\/sausage-making-workshop-450-300x300.png\" alt=\"Veganes Blauschimmelk\u00e4se Starterkultur Kit\" width=\"126\" height=\"126\" srcset=\"data:image\/svg+xml,%3Csvg%20xmlns%3D%27http%3A%2F%2Fwww.w3.org%2F2000%2Fsvg%27%20width%3D%27126%27%20height%3D%27126%27%20viewBox%3D%270%200%20126%20126%27%3E%3Crect%20width%3D%27126%27%20height%3D%27126%27%20fill-opacity%3D%220%22%2F%3E%3C%2Fsvg%3E\" data-srcset=\"https:\/\/startercultures.eu\/wp-content\/uploads\/2020\/12\/sausage-making-workshop-450-66x66.png 66w, https:\/\/startercultures.eu\/wp-content\/uploads\/2020\/12\/sausage-making-workshop-450-70x70.png 70w, https:\/\/startercultures.eu\/wp-content\/uploads\/2020\/12\/sausage-making-workshop-450-100x100.png 100w, https:\/\/startercultures.eu\/wp-content\/uploads\/2020\/12\/sausage-making-workshop-450-150x150.png 150w, https:\/\/startercultures.eu\/wp-content\/uploads\/2020\/12\/sausage-making-workshop-450-200x200.png 200w, https:\/\/startercultures.eu\/wp-content\/uploads\/2020\/12\/sausage-making-workshop-450-300x300.png 300w, https:\/\/startercultures.eu\/wp-content\/uploads\/2020\/12\/sausage-making-workshop-450-400x399.png 400w, https:\/\/startercultures.eu\/wp-content\/uploads\/2020\/12\/sausage-making-workshop-450.png 450w\" data-sizes=\"auto\" data-orig-sizes=\"(max-width: 126px) 100vw, 126px\" \/><\/h3>\n<p>In diesem <a href=\"https:\/\/startercultures.eu\/product\/sausages-and-charcuterie\/online-sausage-making-workshop\/\" target=\"_blank\" rel=\"noopener\">englischsprachigen Online-Workshop<\/a> lernen Sie die Theorie und Praxis der Herstellung von frischen W\u00fcrsten. Welche Fleischsorten eignen sich am besten, wo findet man die Zutaten, was sind die gr\u00f6\u00dften Fallstricke und was kann man mit D\u00e4rmen alles anstellen? Foodwriter<a href=\"https:\/\/wateetons.com\/\" target=\"_blank\" rel=\"noopener\">&#8216;Meneer Wateetons&#8217;<\/a>, Autor mehrerer B\u00fccher \u00fcber Fermentierung und alternative Lebensmittelzubereitungstechniken, wird Ihnen alles \u00fcber Fermentierung, P\u00f6kelsalze, Lebensmittelsicherheit, pH-Wert, Starterkulturen, Schimmelpilze und Trocknungsbedingungen beibringen. Klicken Sie <a href=\"https:\/\/startercultures.eu\/product\/sausages-and-charcuterie\/online-sausage-making-workshop\/\" target=\"_blank\" rel=\"noopener\">hier<\/a> f\u00fcr weitere Informationen.<\/p>\n","protected":false},"excerpt":{"rendered":"<p>Diese langlebige Wurstf\u00fcllmaschine aus lebensmittelechtem Edelstahl eignet sich perfekt f\u00fcr die Herstellung von W\u00fcrsten, Hot Dogs, Bratw\u00fcrsten, Cajun Hot Links usw. Er eignet sich auch f\u00fcr den gewerblichen Einsatz, z. B. in Restaurants, Superm\u00e4rkten, Metzgereien usw. Wird mit 4 Einf\u00fcllstutzen geliefert. Erh\u00e4ltlich in 3 Gr\u00f6\u00dfen: 3\/5\/7\/ L.<\/p>\n","protected":false},"featured_media":49687,"comment_status":"open","ping_status":"closed","template":"","meta":{"_acf_changed":false,"footnotes":""},"product_brand":[],"product_cat":[695,673,721],"product_tag":[],"class_list":{"0":"post-25007","1":"product","2":"type-product","3":"status-publish","4":"has-post-thumbnail","6":"product_cat-fuller-de","7":"product_cat-werkzeuge-de-7","8":"product_cat-wurstwaren-und-charcuterie-de","9":"pa_size-10l-de","10":"pa_size-3l-de","11":"pa_size-5l-de","12":"pa_size-7l-de","14":"first","15":"outofstock","16":"taxable","17":"shipping-taxable","18":"purchasable","19":"product-type-variable","20":"has-default-attributes"},"acf":[],"yoast_head":"<!-- This site is optimized with the Yoast SEO plugin v26.6 - https:\/\/yoast.com\/wordpress\/plugins\/seo\/ -->\n<title>Wurstf\u00fcller | Startercultures.eu<\/title>\n<meta name=\"description\" content=\"Dieser Wurstf\u00fcller aus lebensmittelechtem Edelstahl eignet sich perfekt f\u00fcr die Herstellung von W\u00fcrstchen, Hot Dogs, Bratwurst usw. Erh\u00e4ltlich in 3 Gr\u00f6\u00dfen.\" \/>\n<meta name=\"robots\" content=\"index, follow, max-snippet:-1, max-image-preview:large, max-video-preview:-1\" \/>\n<link rel=\"canonical\" href=\"https:\/\/startercultures.eu\/de\/product\/wurstwaren-und-charcuterie-de\/werkzeuge-de-7\/wurst-fuller-3-5-7-10-l\/\" \/>\n<meta property=\"og:locale\" content=\"de_DE\" \/>\n<meta property=\"og:type\" content=\"article\" \/>\n<meta property=\"og:title\" content=\"Wurstf\u00fcller | Startercultures.eu\" \/>\n<meta property=\"og:description\" content=\"Dieser Wurstf\u00fcller aus lebensmittelechtem Edelstahl eignet sich perfekt f\u00fcr die Herstellung von W\u00fcrstchen, Hot Dogs, Bratwurst usw. Erh\u00e4ltlich in 3 Gr\u00f6\u00dfen.\" \/>\n<meta property=\"og:url\" content=\"https:\/\/startercultures.eu\/de\/product\/wurstwaren-und-charcuterie-de\/werkzeuge-de-7\/wurst-fuller-3-5-7-10-l\/\" \/>\n<meta property=\"og:site_name\" content=\"Startercultures.eu\" \/>\n<meta property=\"article:publisher\" content=\"https:\/\/www.facebook.com\/startercultureseu\" \/>\n<meta property=\"article:modified_time\" content=\"2024-02-02T15:56:30+00:00\" \/>\n<meta property=\"og:image\" content=\"https:\/\/startercultures.eu\/wp-content\/uploads\/2021\/10\/sausage-stuffer.png\" \/>\n\t<meta property=\"og:image:width\" content=\"1000\" \/>\n\t<meta property=\"og:image:height\" content=\"1000\" \/>\n\t<meta property=\"og:image:type\" content=\"image\/png\" \/>\n<meta name=\"twitter:card\" content=\"summary_large_image\" \/>\n<meta name=\"twitter:label1\" content=\"Availability\" \/>\n\t<meta name=\"twitter:data1\" content=\"Nicht auf Lager\" \/>\n<script type=\"application\/ld+json\" class=\"yoast-schema-graph\">{\"@context\":\"https:\/\/schema.org\",\"@graph\":[{\"@type\":\"WebPage\",\"@id\":\"https:\/\/startercultures.eu\/de\/product\/wurstwaren-und-charcuterie-de\/werkzeuge-de-7\/wurst-fuller-3-5-7-10-l\/\",\"url\":\"https:\/\/startercultures.eu\/de\/product\/wurstwaren-und-charcuterie-de\/werkzeuge-de-7\/wurst-fuller-3-5-7-10-l\/\",\"name\":\"Wurstf\u00fcller | Startercultures.eu\",\"isPartOf\":{\"@id\":\"https:\/\/startercultures.eu\/de\/#website\"},\"primaryImageOfPage\":{\"@id\":\"https:\/\/startercultures.eu\/de\/product\/wurstwaren-und-charcuterie-de\/werkzeuge-de-7\/wurst-fuller-3-5-7-10-l\/#primaryimage\"},\"image\":{\"@id\":\"https:\/\/startercultures.eu\/de\/product\/wurstwaren-und-charcuterie-de\/werkzeuge-de-7\/wurst-fuller-3-5-7-10-l\/#primaryimage\"},\"thumbnailUrl\":\"https:\/\/startercultures.eu\/wp-content\/uploads\/2021\/10\/sausage-stuffer.png\",\"datePublished\":\"2021-10-23T16:47:15+00:00\",\"dateModified\":\"2024-02-02T15:56:30+00:00\",\"description\":\"Dieser Wurstf\u00fcller aus lebensmittelechtem Edelstahl eignet sich perfekt f\u00fcr die Herstellung von W\u00fcrstchen, Hot Dogs, Bratwurst usw. Erh\u00e4ltlich in 3 Gr\u00f6\u00dfen.\",\"breadcrumb\":{\"@id\":\"https:\/\/startercultures.eu\/de\/product\/wurstwaren-und-charcuterie-de\/werkzeuge-de-7\/wurst-fuller-3-5-7-10-l\/#breadcrumb\"},\"inLanguage\":\"de-DE\",\"potentialAction\":[{\"@type\":\"ReadAction\",\"target\":[\"https:\/\/startercultures.eu\/de\/product\/wurstwaren-und-charcuterie-de\/werkzeuge-de-7\/wurst-fuller-3-5-7-10-l\/\"]}]},{\"@type\":\"ImageObject\",\"inLanguage\":\"de-DE\",\"@id\":\"https:\/\/startercultures.eu\/de\/product\/wurstwaren-und-charcuterie-de\/werkzeuge-de-7\/wurst-fuller-3-5-7-10-l\/#primaryimage\",\"url\":\"https:\/\/startercultures.eu\/wp-content\/uploads\/2021\/10\/sausage-stuffer.png\",\"contentUrl\":\"https:\/\/startercultures.eu\/wp-content\/uploads\/2021\/10\/sausage-stuffer.png\",\"width\":1000,\"height\":1000},{\"@type\":\"BreadcrumbList\",\"@id\":\"https:\/\/startercultures.eu\/de\/product\/wurstwaren-und-charcuterie-de\/werkzeuge-de-7\/wurst-fuller-3-5-7-10-l\/#breadcrumb\",\"itemListElement\":[{\"@type\":\"ListItem\",\"position\":1,\"name\":\"Home\",\"item\":\"https:\/\/startercultures.eu\/de\/\"},{\"@type\":\"ListItem\",\"position\":2,\"name\":\"Shop\",\"item\":\"https:\/\/startercultures.eu\/shop\/\"},{\"@type\":\"ListItem\",\"position\":3,\"name\":\"Wurstf\u00fcller | 3\/5\/7 L (separat geliefert)\"}]},{\"@type\":\"WebSite\",\"@id\":\"https:\/\/startercultures.eu\/de\/#website\",\"url\":\"https:\/\/startercultures.eu\/de\/\",\"name\":\"Startercultures.eu\",\"description\":\"Startercultures.eu\",\"publisher\":{\"@id\":\"https:\/\/startercultures.eu\/de\/#organization\"},\"potentialAction\":[{\"@type\":\"SearchAction\",\"target\":{\"@type\":\"EntryPoint\",\"urlTemplate\":\"https:\/\/startercultures.eu\/de\/?s={search_term_string}\"},\"query-input\":{\"@type\":\"PropertyValueSpecification\",\"valueRequired\":true,\"valueName\":\"search_term_string\"}}],\"inLanguage\":\"de-DE\"},{\"@type\":\"Organization\",\"@id\":\"https:\/\/startercultures.eu\/de\/#organization\",\"name\":\"Startercultures.eu\",\"url\":\"https:\/\/startercultures.eu\/de\/\",\"logo\":{\"@type\":\"ImageObject\",\"inLanguage\":\"de-DE\",\"@id\":\"https:\/\/startercultures.eu\/de\/#\/schema\/logo\/image\/\",\"url\":\"https:\/\/startercultures.eu\/wp-content\/uploads\/2020\/08\/startercultures-eu-nl-logo-rond-rgb.png\",\"contentUrl\":\"https:\/\/startercultures.eu\/wp-content\/uploads\/2020\/08\/startercultures-eu-nl-logo-rond-rgb.png\",\"width\":320,\"height\":320,\"caption\":\"Startercultures.eu\"},\"image\":{\"@id\":\"https:\/\/startercultures.eu\/de\/#\/schema\/logo\/image\/\"},\"sameAs\":[\"https:\/\/www.facebook.com\/startercultureseu\",\"https:\/\/www.instagram.com\/startercultures.eu\/\"],\"hasMerchantReturnPolicy\":{\"@type\":\"MerchantReturnPolicy\",\"merchantReturnLink\":\"https:\/\/startercultures.eu\/return-policy\/\"}}]}<\/script>\n<meta property=\"og:availability\" content=\"out of stock\" \/>\n<meta property=\"product:availability\" content=\"out of stock\" \/>\n<meta property=\"product:retailer_item_id\" content=\"229\" \/>\n<meta property=\"product:condition\" content=\"new\" \/>\n<!-- \/ Yoast SEO plugin. -->","yoast_head_json":{"title":"Wurstf\u00fcller | Startercultures.eu","description":"Dieser Wurstf\u00fcller aus lebensmittelechtem Edelstahl eignet sich perfekt f\u00fcr die Herstellung von W\u00fcrstchen, Hot Dogs, Bratwurst usw. Erh\u00e4ltlich in 3 Gr\u00f6\u00dfen.","robots":{"index":"index","follow":"follow","max-snippet":"max-snippet:-1","max-image-preview":"max-image-preview:large","max-video-preview":"max-video-preview:-1"},"canonical":"https:\/\/startercultures.eu\/de\/product\/wurstwaren-und-charcuterie-de\/werkzeuge-de-7\/wurst-fuller-3-5-7-10-l\/","og_locale":"de_DE","og_type":"article","og_title":"Wurstf\u00fcller | Startercultures.eu","og_description":"Dieser Wurstf\u00fcller aus lebensmittelechtem Edelstahl eignet sich perfekt f\u00fcr die Herstellung von W\u00fcrstchen, Hot Dogs, Bratwurst usw. Erh\u00e4ltlich in 3 Gr\u00f6\u00dfen.","og_url":"https:\/\/startercultures.eu\/de\/product\/wurstwaren-und-charcuterie-de\/werkzeuge-de-7\/wurst-fuller-3-5-7-10-l\/","og_site_name":"Startercultures.eu","article_publisher":"https:\/\/www.facebook.com\/startercultureseu","article_modified_time":"2024-02-02T15:56:30+00:00","og_image":[{"width":1000,"height":1000,"url":"https:\/\/startercultures.eu\/wp-content\/uploads\/2021\/10\/sausage-stuffer.png","type":"image\/png"}],"twitter_card":"summary_large_image","twitter_misc":{"Availability":"Nicht auf Lager"},"schema":{"@context":"https:\/\/schema.org","@graph":[{"@type":"WebPage","@id":"https:\/\/startercultures.eu\/de\/product\/wurstwaren-und-charcuterie-de\/werkzeuge-de-7\/wurst-fuller-3-5-7-10-l\/","url":"https:\/\/startercultures.eu\/de\/product\/wurstwaren-und-charcuterie-de\/werkzeuge-de-7\/wurst-fuller-3-5-7-10-l\/","name":"Wurstf\u00fcller | Startercultures.eu","isPartOf":{"@id":"https:\/\/startercultures.eu\/de\/#website"},"primaryImageOfPage":{"@id":"https:\/\/startercultures.eu\/de\/product\/wurstwaren-und-charcuterie-de\/werkzeuge-de-7\/wurst-fuller-3-5-7-10-l\/#primaryimage"},"image":{"@id":"https:\/\/startercultures.eu\/de\/product\/wurstwaren-und-charcuterie-de\/werkzeuge-de-7\/wurst-fuller-3-5-7-10-l\/#primaryimage"},"thumbnailUrl":"https:\/\/startercultures.eu\/wp-content\/uploads\/2021\/10\/sausage-stuffer.png","datePublished":"2021-10-23T16:47:15+00:00","dateModified":"2024-02-02T15:56:30+00:00","description":"Dieser Wurstf\u00fcller aus lebensmittelechtem Edelstahl eignet sich perfekt f\u00fcr die Herstellung von W\u00fcrstchen, Hot Dogs, Bratwurst usw. Erh\u00e4ltlich in 3 Gr\u00f6\u00dfen.","breadcrumb":{"@id":"https:\/\/startercultures.eu\/de\/product\/wurstwaren-und-charcuterie-de\/werkzeuge-de-7\/wurst-fuller-3-5-7-10-l\/#breadcrumb"},"inLanguage":"de-DE","potentialAction":[{"@type":"ReadAction","target":["https:\/\/startercultures.eu\/de\/product\/wurstwaren-und-charcuterie-de\/werkzeuge-de-7\/wurst-fuller-3-5-7-10-l\/"]}]},{"@type":"ImageObject","inLanguage":"de-DE","@id":"https:\/\/startercultures.eu\/de\/product\/wurstwaren-und-charcuterie-de\/werkzeuge-de-7\/wurst-fuller-3-5-7-10-l\/#primaryimage","url":"https:\/\/startercultures.eu\/wp-content\/uploads\/2021\/10\/sausage-stuffer.png","contentUrl":"https:\/\/startercultures.eu\/wp-content\/uploads\/2021\/10\/sausage-stuffer.png","width":1000,"height":1000},{"@type":"BreadcrumbList","@id":"https:\/\/startercultures.eu\/de\/product\/wurstwaren-und-charcuterie-de\/werkzeuge-de-7\/wurst-fuller-3-5-7-10-l\/#breadcrumb","itemListElement":[{"@type":"ListItem","position":1,"name":"Home","item":"https:\/\/startercultures.eu\/de\/"},{"@type":"ListItem","position":2,"name":"Shop","item":"https:\/\/startercultures.eu\/shop\/"},{"@type":"ListItem","position":3,"name":"Wurstf\u00fcller | 3\/5\/7 L (separat geliefert)"}]},{"@type":"WebSite","@id":"https:\/\/startercultures.eu\/de\/#website","url":"https:\/\/startercultures.eu\/de\/","name":"Startercultures.eu","description":"Startercultures.eu","publisher":{"@id":"https:\/\/startercultures.eu\/de\/#organization"},"potentialAction":[{"@type":"SearchAction","target":{"@type":"EntryPoint","urlTemplate":"https:\/\/startercultures.eu\/de\/?s={search_term_string}"},"query-input":{"@type":"PropertyValueSpecification","valueRequired":true,"valueName":"search_term_string"}}],"inLanguage":"de-DE"},{"@type":"Organization","@id":"https:\/\/startercultures.eu\/de\/#organization","name":"Startercultures.eu","url":"https:\/\/startercultures.eu\/de\/","logo":{"@type":"ImageObject","inLanguage":"de-DE","@id":"https:\/\/startercultures.eu\/de\/#\/schema\/logo\/image\/","url":"https:\/\/startercultures.eu\/wp-content\/uploads\/2020\/08\/startercultures-eu-nl-logo-rond-rgb.png","contentUrl":"https:\/\/startercultures.eu\/wp-content\/uploads\/2020\/08\/startercultures-eu-nl-logo-rond-rgb.png","width":320,"height":320,"caption":"Startercultures.eu"},"image":{"@id":"https:\/\/startercultures.eu\/de\/#\/schema\/logo\/image\/"},"sameAs":["https:\/\/www.facebook.com\/startercultureseu","https:\/\/www.instagram.com\/startercultures.eu\/"],"hasMerchantReturnPolicy":{"@type":"MerchantReturnPolicy","merchantReturnLink":"https:\/\/startercultures.eu\/return-policy\/"}}]},"og_availability":"out of stock","product_availability":"out of stock","product_retailer_item_id":"229","product_condition":"new"},"_links":{"self":[{"href":"https:\/\/startercultures.eu\/de\/wp-json\/wp\/v2\/product\/25007","targetHints":{"allow":["GET"]}}],"collection":[{"href":"https:\/\/startercultures.eu\/de\/wp-json\/wp\/v2\/product"}],"about":[{"href":"https:\/\/startercultures.eu\/de\/wp-json\/wp\/v2\/types\/product"}],"replies":[{"embeddable":true,"href":"https:\/\/startercultures.eu\/de\/wp-json\/wp\/v2\/comments?post=25007"}],"version-history":[{"count":1,"href":"https:\/\/startercultures.eu\/de\/wp-json\/wp\/v2\/product\/25007\/revisions"}],"predecessor-version":[{"id":49708,"href":"https:\/\/startercultures.eu\/de\/wp-json\/wp\/v2\/product\/25007\/revisions\/49708"}],"wp:featuredmedia":[{"embeddable":true,"href":"https:\/\/startercultures.eu\/de\/wp-json\/wp\/v2\/media\/49687"}],"wp:attachment":[{"href":"https:\/\/startercultures.eu\/de\/wp-json\/wp\/v2\/media?parent=25007"}],"wp:term":[{"taxonomy":"product_brand","embeddable":true,"href":"https:\/\/startercultures.eu\/de\/wp-json\/wp\/v2\/product_brand?post=25007"},{"taxonomy":"product_cat","embeddable":true,"href":"https:\/\/startercultures.eu\/de\/wp-json\/wp\/v2\/product_cat?post=25007"},{"taxonomy":"product_tag","embeddable":true,"href":"https:\/\/startercultures.eu\/de\/wp-json\/wp\/v2\/product_tag?post=25007"}],"curies":[{"name":"wp","href":"https:\/\/api.w.org\/{rel}","templated":true}]}}