{"id":25010,"date":"2021-10-20T10:33:25","date_gmt":"2021-10-20T10:33:25","guid":{"rendered":"https:\/\/startercultures.eu\/product\/unkategorisiert\/online-workshop-kimchi-herstellen-und-anderes-gemuese-fermentieren\/"},"modified":"2022-12-26T16:43:31","modified_gmt":"2022-12-26T15:43:31","slug":"online-workshop-wie-man-kimchi-und-fermentiert-anderes-gemuse-herstellt","status":"publish","type":"product","link":"https:\/\/startercultures.eu\/de\/product\/workshops-de-3\/fermentieren-de\/online-workshop-wie-man-kimchi-und-fermentiert-anderes-gemuse-herstellt\/","title":{"rendered":"Online-Workshop &#8220;Kimchi herstellen (und anderes Gem\u00fcse fermentieren)"},"content":{"rendered":"<h2>Online-Workshop &#8220;Kimchi herstellen (und anderes Gem\u00fcse fermentieren)<\/h2>\n<p>In diesem englischsprachigen Online-Workshop zur Herstellung von Kimchi erfahren Sie alles \u00fcber Kimchi, das beliebte fermentierte Gem\u00fcse. W\u00fcrzig, frisch und unglaublich lecker. Sie werden feststellen, dass dieses Aroma sehr vielseitig ist und dass die Bandbreite der Zubereitungen enorm ist. Es gibt sogar 7-up-Kimchi! In der Zwischenzeit werden Sie auch etwas \u00fcber die G\u00e4rung lernen. Foodwriter<a href=\"https:\/\/wateetons.com\/\" target=\"_blank\" rel=\"noopener\">&#8216;Meneer Wateetons&#8217;<\/a>, Autor des niederl\u00e4ndischen Bestsellers \u00fcber Fermentation <a href=\"https:\/\/startercultures.eu\/product\/books\/over-rot-2-0-2019-het-geactualiseerde-handboek-fermenteren\/\" target=\"_blank\" rel=\"noopener\"><br \/>\n<em>\u00dcber F\u00e4ulnis<\/em><br \/>\n<\/a>wird Ihnen alles \u00fcber Zutaten, Fermentierung, Lebensmittelsicherheit, pH-Wert und vieles mehr erkl\u00e4ren.<\/p>\n<h3>Was werden Sie in diesem Online-Workshop \u00fcber die Herstellung von Kimchi lernen?<\/h3>\n<div class=\"wp-block-columns\">\n<div class=\"wp-block-column\">\n<p>In diesem Workshop werden sowohl Theorie als auch Praxis besprochen, damit Sie verstehen, was Sie tun, und Ihre F\u00e4higkeiten ausbauen k\u00f6nnen.<br \/>\n\u2705 Was ist Kimchi? Woher kommt es?<br \/>\n\u2705 Welche Aromastoffe machen echtes Kimchi aus und woher bekommt man sie?<br \/>\n\u2705 Welche Materialien ben\u00f6tigen Sie? Erstaunlich wenig! Sie haben eigentlich schon alles, was Sie brauchen, zu Hause.<br \/>\n\u2705 Welche Werkzeuge werden Sie ben\u00f6tigen? Wir werden Ihnen zeigen, dass Sie f\u00fcr ein paar Euro alles haben, was Sie jemals brauchen werden.<br \/>\n\u2705 Der technischen Seite der G\u00e4rung wird viel Aufmerksamkeit gewidmet: Mikroorganismen, pH-Wert, Salzgehalt, Sauerstoff.<br \/>\n\u2705 Woher wissen Sie, ob Ihr Kimchi sicher ist?<br \/>\n\u2705 Alles wird Schritt f\u00fcr Schritt erkl\u00e4rt und demonstriert.<br \/>\n\u2705 Wenn Sie die Grundtechnik beherrschen, k\u00f6nnen Sie unbegrenzt variieren und Ihre eigenen Rezepte kreieren.<br \/>\n\u2705 Schwierig? Kompliziert? Keineswegs, Meneer Wateetons versteht es wie kein anderer, schwierige Themen leicht und glasklar darzustellen.<br \/>\nNach dem Workshop werden Sie Ihre eigene Kimchi-Variante f\u00fcr den Rest Ihres Lebens herstellen, einfach zu Hause.<br \/>\n\u2705 Was sind die wichtigsten Fallstricke und wie kann man sie vermeiden?<br \/>\n\u2705 Sie werden auch viel \u00fcber das Fermentieren von Gem\u00fcse im Allgemeinen lernen<\/p>\n<h3>Was, wie, und wie lange<\/h3>\n<ul>\n<li>Nach der Bestellung dieses Online-Workshops zur Herstellung von Kimchi erhalten Sie einen Link zur Ansicht des Workshops. Sie k\u00f6nnen ihn ansehen, sobald Sie daf\u00fcr Zeit haben.<\/li>\n<li>Der Workshop dauert etwa 1 Stunde<\/li>\n<li>Englisch gesprochen und englische Powerpoint<\/li>\n<li>Sowohl vertiefte Theorie als auch Demonstration von Techniken<\/li>\n<\/ul>\n<\/div>\n<\/div>\n<h3>\u00dcber Ihren Lehrer<\/h3>\n<p><a href=\"https:\/\/wateetons.com\/\" target=\"_blank\" rel=\"noopener\">Meneer Wateetons<\/a>&#8221; ist ein niederl\u00e4ndischer Autor, der 8 B\u00fccher \u00fcber Fermentierung, Brauen und Destillieren, R\u00e4uchern, Wurst- und Charcuterieherstellung und &#8220;suburbanes Jagen und \u00dcberleben&#8221; ver\u00f6ffentlicht hat. Er ist auch der Inhaber von <a href=\"https:\/\/startercultures.eu\/\" target=\"_blank\" rel=\"noopener\">startercultures.eu<\/a>. Seine preisgekr\u00f6nten B\u00fccher sind vor allem f\u00fcr ihre Kombination aus fundierter Theorie, sachlicher Praxisn\u00e4he und einem lockeren Tonfall bekannt. Derzeit ist noch keines seiner B\u00fccher auf Englisch erh\u00e4ltlich. Meneer Wateetons gibt regelm\u00e4\u00dfig Workshops zu den Themen, \u00fcber die er schreibt, in demselben humorvollen Stil.<\/p>\n<h3>In diesem Online-Workshop verwendete Werkzeuge und Zutaten f\u00fcr die Herstellung von Kimchi<\/h3>\n<ul>\n<li>Basisgem\u00fcse und Gew\u00fcrze.<\/li>\n<li>Ein <a href=\"https:\/\/startercultures.eu\/product\/vegan-main\/vegan-vegetables\/fermentation-crock-for-home-made-sauerkraut\/\" target=\"_blank\" rel=\"noopener\">G\u00e4rtopf<\/a> oder ein \u00e4hnliches <a href=\"https:\/\/startercultures.eu\/product\/vegan-main\/vegan-vegetables\/mason-jar-lid-with-self-sealing-airlock-for-vegetable-fermentation\/\" target=\"_blank\" rel=\"noopener\">Gef\u00e4\u00df<\/a> mit einer <a href=\"https:\/\/startercultures.eu\/product\/vegetables\/vegetable-tools\/waterlock-and-weck-jar-lid-large-100-mm\/\" target=\"_blank\" rel=\"noopener\">Wasserschleuse<\/a>, aber auch das kann man aus Material, das man zu Hause hat, improvisieren.<\/li>\n<\/ul>\n<p>&nbsp;<\/p>\n","protected":false},"excerpt":{"rendered":"<p>In diesem englischsprachigen Workshop erfahren Sie alles \u00fcber Kimchi, das beliebte fermentierte Gem\u00fcse. W\u00fcrzig, frisch und unglaublich lecker. Sie werden feststellen, dass dieses Aroma sehr vielseitig ist und dass die Bandbreite der Zubereitungen enorm ist. Es gibt sogar 7-up-Kimchi! In der Zwischenzeit werden Sie auch etwas \u00fcber die G\u00e4rung lernen.<\/p>\n","protected":false},"featured_media":75144,"comment_status":"open","ping_status":"closed","template":"","meta":{"_acf_changed":false,"footnotes":""},"product_brand":[],"product_cat":[714,708,716,723,729,722,701],"product_tag":[],"class_list":{"0":"post-25010","1":"product","2":"type-product","3":"status-publish","4":"has-post-thumbnail","6":"product_cat-fermentieren-de","7":"product_cat-gemuse","8":"product_cat-gemuse-de","9":"product_cat-online-workshops-de","10":"product_cat-workshops-de-3","11":"product_cat-vegan-de","12":"product_cat-vegane-korner-bohnen-hulsenfruchte","14":"first","15":"instock","16":"downloadable","17":"virtual","18":"taxable","19":"purchasable","20":"product-type-simple"},"acf":[],"yoast_head":"<!-- This site is optimized with the Yoast SEO plugin v26.6 - https:\/\/yoast.com\/wordpress\/plugins\/seo\/ -->\n<title>Online-Workshop zur Herstellung von Kimchi | Startercultures.eu<\/title>\n<meta name=\"description\" content=\"Suchen Sie einen Online-Workshop f\u00fcr die Herstellung von Kimchi? In diesem englischsprachigen Online-Workshop Kimchi zeigen wir Ihnen, wie es geht!!!\" \/>\n<meta name=\"robots\" content=\"index, follow, max-snippet:-1, max-image-preview:large, max-video-preview:-1\" \/>\n<link rel=\"canonical\" href=\"https:\/\/startercultures.eu\/de\/product\/workshops-de-3\/fermentieren-de\/online-workshop-wie-man-kimchi-und-fermentiert-anderes-gemuse-herstellt\/\" \/>\n<meta property=\"og:locale\" content=\"de_DE\" \/>\n<meta property=\"og:type\" content=\"article\" \/>\n<meta property=\"og:title\" content=\"Online-Workshop zur Herstellung von Kimchi | Startercultures.eu\" \/>\n<meta property=\"og:description\" content=\"Suchen Sie einen Online-Workshop f\u00fcr die Herstellung von Kimchi? In diesem englischsprachigen Online-Workshop Kimchi zeigen wir Ihnen, wie es geht!!!\" \/>\n<meta property=\"og:url\" content=\"https:\/\/startercultures.eu\/de\/product\/workshops-de-3\/fermentieren-de\/online-workshop-wie-man-kimchi-und-fermentiert-anderes-gemuse-herstellt\/\" \/>\n<meta property=\"og:site_name\" content=\"Startercultures.eu\" \/>\n<meta property=\"article:publisher\" content=\"https:\/\/www.facebook.com\/startercultureseu\" \/>\n<meta property=\"article:modified_time\" content=\"2022-12-26T15:43:31+00:00\" \/>\n<meta property=\"og:image\" content=\"https:\/\/startercultures.eu\/wp-content\/uploads\/2021\/10\/kimchi-1.png\" \/>\n\t<meta property=\"og:image:width\" content=\"600\" \/>\n\t<meta property=\"og:image:height\" content=\"600\" \/>\n\t<meta property=\"og:image:type\" content=\"image\/png\" \/>\n<meta name=\"twitter:card\" content=\"summary_large_image\" \/>\n<meta name=\"twitter:label1\" content=\"Price\" \/>\n\t<meta name=\"twitter:data1\" content=\"14,99\" \/>\n\t<meta name=\"twitter:label2\" content=\"Availability\" \/>\n\t<meta name=\"twitter:data2\" content=\"Vorr\u00e4tig\" \/>\n<script type=\"application\/ld+json\" class=\"yoast-schema-graph\">{\"@context\":\"https:\/\/schema.org\",\"@graph\":[{\"@type\":\"WebPage\",\"@id\":\"https:\/\/startercultures.eu\/de\/product\/workshops-de-3\/fermentieren-de\/online-workshop-wie-man-kimchi-und-fermentiert-anderes-gemuse-herstellt\/\",\"url\":\"https:\/\/startercultures.eu\/de\/product\/workshops-de-3\/fermentieren-de\/online-workshop-wie-man-kimchi-und-fermentiert-anderes-gemuse-herstellt\/\",\"name\":\"Online-Workshop zur Herstellung von Kimchi | Startercultures.eu\",\"isPartOf\":{\"@id\":\"https:\/\/startercultures.eu\/de\/#website\"},\"primaryImageOfPage\":{\"@id\":\"https:\/\/startercultures.eu\/de\/product\/workshops-de-3\/fermentieren-de\/online-workshop-wie-man-kimchi-und-fermentiert-anderes-gemuse-herstellt\/#primaryimage\"},\"image\":{\"@id\":\"https:\/\/startercultures.eu\/de\/product\/workshops-de-3\/fermentieren-de\/online-workshop-wie-man-kimchi-und-fermentiert-anderes-gemuse-herstellt\/#primaryimage\"},\"thumbnailUrl\":\"https:\/\/startercultures.eu\/wp-content\/uploads\/2021\/10\/KIMCHI-COURSE.png\",\"datePublished\":\"2021-10-20T10:33:25+00:00\",\"dateModified\":\"2022-12-26T15:43:31+00:00\",\"description\":\"Suchen Sie einen Online-Workshop f\u00fcr die Herstellung von Kimchi? In diesem englischsprachigen Online-Workshop Kimchi zeigen wir Ihnen, wie es geht!!!\",\"breadcrumb\":{\"@id\":\"https:\/\/startercultures.eu\/de\/product\/workshops-de-3\/fermentieren-de\/online-workshop-wie-man-kimchi-und-fermentiert-anderes-gemuse-herstellt\/#breadcrumb\"},\"inLanguage\":\"de-DE\",\"potentialAction\":[{\"@type\":\"ReadAction\",\"target\":[\"https:\/\/startercultures.eu\/de\/product\/workshops-de-3\/fermentieren-de\/online-workshop-wie-man-kimchi-und-fermentiert-anderes-gemuse-herstellt\/\"]}]},{\"@type\":\"ImageObject\",\"inLanguage\":\"de-DE\",\"@id\":\"https:\/\/startercultures.eu\/de\/product\/workshops-de-3\/fermentieren-de\/online-workshop-wie-man-kimchi-und-fermentiert-anderes-gemuse-herstellt\/#primaryimage\",\"url\":\"https:\/\/startercultures.eu\/wp-content\/uploads\/2021\/10\/KIMCHI-COURSE.png\",\"contentUrl\":\"https:\/\/startercultures.eu\/wp-content\/uploads\/2021\/10\/KIMCHI-COURSE.png\",\"width\":1000,\"height\":1000},{\"@type\":\"BreadcrumbList\",\"@id\":\"https:\/\/startercultures.eu\/de\/product\/workshops-de-3\/fermentieren-de\/online-workshop-wie-man-kimchi-und-fermentiert-anderes-gemuse-herstellt\/#breadcrumb\",\"itemListElement\":[{\"@type\":\"ListItem\",\"position\":1,\"name\":\"Home\",\"item\":\"https:\/\/startercultures.eu\/de\/\"},{\"@type\":\"ListItem\",\"position\":2,\"name\":\"Shop\",\"item\":\"https:\/\/startercultures.eu\/shop\/\"},{\"@type\":\"ListItem\",\"position\":3,\"name\":\"Online-Workshop &#8220;Kimchi herstellen (und anderes Gem\u00fcse fermentieren)\"}]},{\"@type\":\"WebSite\",\"@id\":\"https:\/\/startercultures.eu\/de\/#website\",\"url\":\"https:\/\/startercultures.eu\/de\/\",\"name\":\"Startercultures.eu\",\"description\":\"Startercultures.eu\",\"publisher\":{\"@id\":\"https:\/\/startercultures.eu\/de\/#organization\"},\"potentialAction\":[{\"@type\":\"SearchAction\",\"target\":{\"@type\":\"EntryPoint\",\"urlTemplate\":\"https:\/\/startercultures.eu\/de\/?s={search_term_string}\"},\"query-input\":{\"@type\":\"PropertyValueSpecification\",\"valueRequired\":true,\"valueName\":\"search_term_string\"}}],\"inLanguage\":\"de-DE\"},{\"@type\":\"Organization\",\"@id\":\"https:\/\/startercultures.eu\/de\/#organization\",\"name\":\"Startercultures.eu\",\"url\":\"https:\/\/startercultures.eu\/de\/\",\"logo\":{\"@type\":\"ImageObject\",\"inLanguage\":\"de-DE\",\"@id\":\"https:\/\/startercultures.eu\/de\/#\/schema\/logo\/image\/\",\"url\":\"https:\/\/startercultures.eu\/wp-content\/uploads\/2020\/08\/startercultures-eu-nl-logo-rond-rgb.png\",\"contentUrl\":\"https:\/\/startercultures.eu\/wp-content\/uploads\/2020\/08\/startercultures-eu-nl-logo-rond-rgb.png\",\"width\":320,\"height\":320,\"caption\":\"Startercultures.eu\"},\"image\":{\"@id\":\"https:\/\/startercultures.eu\/de\/#\/schema\/logo\/image\/\"},\"sameAs\":[\"https:\/\/www.facebook.com\/startercultureseu\",\"https:\/\/www.instagram.com\/startercultures.eu\/\"]}]}<\/script>\n<meta property=\"product:price:amount\" content=\"14.99\" \/>\n<meta property=\"product:price:currency\" content=\"EUR\" \/>\n<meta property=\"og:availability\" content=\"instock\" \/>\n<meta property=\"product:availability\" content=\"instock\" \/>\n<meta property=\"product:retailer_item_id\" content=\"396\" \/>\n<meta property=\"product:condition\" content=\"new\" \/>\n<!-- \/ Yoast SEO plugin. -->","yoast_head_json":{"title":"Online-Workshop zur Herstellung von Kimchi | Startercultures.eu","description":"Suchen Sie einen Online-Workshop f\u00fcr die Herstellung von Kimchi? In diesem englischsprachigen Online-Workshop Kimchi zeigen wir Ihnen, wie es geht!!!","robots":{"index":"index","follow":"follow","max-snippet":"max-snippet:-1","max-image-preview":"max-image-preview:large","max-video-preview":"max-video-preview:-1"},"canonical":"https:\/\/startercultures.eu\/de\/product\/workshops-de-3\/fermentieren-de\/online-workshop-wie-man-kimchi-und-fermentiert-anderes-gemuse-herstellt\/","og_locale":"de_DE","og_type":"article","og_title":"Online-Workshop zur Herstellung von Kimchi | Startercultures.eu","og_description":"Suchen Sie einen Online-Workshop f\u00fcr die Herstellung von Kimchi? In diesem englischsprachigen Online-Workshop Kimchi zeigen wir Ihnen, wie es geht!!!","og_url":"https:\/\/startercultures.eu\/de\/product\/workshops-de-3\/fermentieren-de\/online-workshop-wie-man-kimchi-und-fermentiert-anderes-gemuse-herstellt\/","og_site_name":"Startercultures.eu","article_publisher":"https:\/\/www.facebook.com\/startercultureseu","article_modified_time":"2022-12-26T15:43:31+00:00","og_image":[{"width":600,"height":600,"url":"https:\/\/startercultures.eu\/wp-content\/uploads\/2021\/10\/kimchi-1.png","type":"image\/png"}],"twitter_card":"summary_large_image","twitter_misc":{"Price":"14,99","Availability":"Vorr\u00e4tig"},"schema":{"@context":"https:\/\/schema.org","@graph":[{"@type":"WebPage","@id":"https:\/\/startercultures.eu\/de\/product\/workshops-de-3\/fermentieren-de\/online-workshop-wie-man-kimchi-und-fermentiert-anderes-gemuse-herstellt\/","url":"https:\/\/startercultures.eu\/de\/product\/workshops-de-3\/fermentieren-de\/online-workshop-wie-man-kimchi-und-fermentiert-anderes-gemuse-herstellt\/","name":"Online-Workshop zur Herstellung von Kimchi | Startercultures.eu","isPartOf":{"@id":"https:\/\/startercultures.eu\/de\/#website"},"primaryImageOfPage":{"@id":"https:\/\/startercultures.eu\/de\/product\/workshops-de-3\/fermentieren-de\/online-workshop-wie-man-kimchi-und-fermentiert-anderes-gemuse-herstellt\/#primaryimage"},"image":{"@id":"https:\/\/startercultures.eu\/de\/product\/workshops-de-3\/fermentieren-de\/online-workshop-wie-man-kimchi-und-fermentiert-anderes-gemuse-herstellt\/#primaryimage"},"thumbnailUrl":"https:\/\/startercultures.eu\/wp-content\/uploads\/2021\/10\/KIMCHI-COURSE.png","datePublished":"2021-10-20T10:33:25+00:00","dateModified":"2022-12-26T15:43:31+00:00","description":"Suchen Sie einen Online-Workshop f\u00fcr die Herstellung von Kimchi? In diesem englischsprachigen Online-Workshop Kimchi zeigen wir Ihnen, wie es geht!!!","breadcrumb":{"@id":"https:\/\/startercultures.eu\/de\/product\/workshops-de-3\/fermentieren-de\/online-workshop-wie-man-kimchi-und-fermentiert-anderes-gemuse-herstellt\/#breadcrumb"},"inLanguage":"de-DE","potentialAction":[{"@type":"ReadAction","target":["https:\/\/startercultures.eu\/de\/product\/workshops-de-3\/fermentieren-de\/online-workshop-wie-man-kimchi-und-fermentiert-anderes-gemuse-herstellt\/"]}]},{"@type":"ImageObject","inLanguage":"de-DE","@id":"https:\/\/startercultures.eu\/de\/product\/workshops-de-3\/fermentieren-de\/online-workshop-wie-man-kimchi-und-fermentiert-anderes-gemuse-herstellt\/#primaryimage","url":"https:\/\/startercultures.eu\/wp-content\/uploads\/2021\/10\/KIMCHI-COURSE.png","contentUrl":"https:\/\/startercultures.eu\/wp-content\/uploads\/2021\/10\/KIMCHI-COURSE.png","width":1000,"height":1000},{"@type":"BreadcrumbList","@id":"https:\/\/startercultures.eu\/de\/product\/workshops-de-3\/fermentieren-de\/online-workshop-wie-man-kimchi-und-fermentiert-anderes-gemuse-herstellt\/#breadcrumb","itemListElement":[{"@type":"ListItem","position":1,"name":"Home","item":"https:\/\/startercultures.eu\/de\/"},{"@type":"ListItem","position":2,"name":"Shop","item":"https:\/\/startercultures.eu\/shop\/"},{"@type":"ListItem","position":3,"name":"Online-Workshop &#8220;Kimchi herstellen (und anderes Gem\u00fcse fermentieren)"}]},{"@type":"WebSite","@id":"https:\/\/startercultures.eu\/de\/#website","url":"https:\/\/startercultures.eu\/de\/","name":"Startercultures.eu","description":"Startercultures.eu","publisher":{"@id":"https:\/\/startercultures.eu\/de\/#organization"},"potentialAction":[{"@type":"SearchAction","target":{"@type":"EntryPoint","urlTemplate":"https:\/\/startercultures.eu\/de\/?s={search_term_string}"},"query-input":{"@type":"PropertyValueSpecification","valueRequired":true,"valueName":"search_term_string"}}],"inLanguage":"de-DE"},{"@type":"Organization","@id":"https:\/\/startercultures.eu\/de\/#organization","name":"Startercultures.eu","url":"https:\/\/startercultures.eu\/de\/","logo":{"@type":"ImageObject","inLanguage":"de-DE","@id":"https:\/\/startercultures.eu\/de\/#\/schema\/logo\/image\/","url":"https:\/\/startercultures.eu\/wp-content\/uploads\/2020\/08\/startercultures-eu-nl-logo-rond-rgb.png","contentUrl":"https:\/\/startercultures.eu\/wp-content\/uploads\/2020\/08\/startercultures-eu-nl-logo-rond-rgb.png","width":320,"height":320,"caption":"Startercultures.eu"},"image":{"@id":"https:\/\/startercultures.eu\/de\/#\/schema\/logo\/image\/"},"sameAs":["https:\/\/www.facebook.com\/startercultureseu","https:\/\/www.instagram.com\/startercultures.eu\/"]}]},"product_price_amount":"14.99","product_price_currency":"EUR","og_availability":"instock","product_availability":"instock","product_retailer_item_id":"396","product_condition":"new"},"_links":{"self":[{"href":"https:\/\/startercultures.eu\/de\/wp-json\/wp\/v2\/product\/25010","targetHints":{"allow":["GET"]}}],"collection":[{"href":"https:\/\/startercultures.eu\/de\/wp-json\/wp\/v2\/product"}],"about":[{"href":"https:\/\/startercultures.eu\/de\/wp-json\/wp\/v2\/types\/product"}],"replies":[{"embeddable":true,"href":"https:\/\/startercultures.eu\/de\/wp-json\/wp\/v2\/comments?post=25010"}],"version-history":[{"count":0,"href":"https:\/\/startercultures.eu\/de\/wp-json\/wp\/v2\/product\/25010\/revisions"}],"wp:featuredmedia":[{"embeddable":true,"href":"https:\/\/startercultures.eu\/de\/wp-json\/wp\/v2\/media\/75144"}],"wp:attachment":[{"href":"https:\/\/startercultures.eu\/de\/wp-json\/wp\/v2\/media?parent=25010"}],"wp:term":[{"taxonomy":"product_brand","embeddable":true,"href":"https:\/\/startercultures.eu\/de\/wp-json\/wp\/v2\/product_brand?post=25010"},{"taxonomy":"product_cat","embeddable":true,"href":"https:\/\/startercultures.eu\/de\/wp-json\/wp\/v2\/product_cat?post=25010"},{"taxonomy":"product_tag","embeddable":true,"href":"https:\/\/startercultures.eu\/de\/wp-json\/wp\/v2\/product_tag?post=25010"}],"curies":[{"name":"wp","href":"https:\/\/api.w.org\/{rel}","templated":true}]}}