{"id":25017,"date":"2021-03-17T14:00:07","date_gmt":"2021-03-17T14:00:07","guid":{"rendered":"https:\/\/startercultures.eu\/product\/unkategorisiert\/pinsel-zum-auftragen-von-kaesemasse-fuer-die-heimkaeserei\/"},"modified":"2025-02-14T16:42:43","modified_gmt":"2025-02-14T15:42:43","slug":"pinsel-zum-auftragen-von-kaseummantelung","status":"publish","type":"product","link":"https:\/\/startercultures.eu\/de\/product\/fermentation-de\/molkerei\/veganer-kase\/pinsel-zum-auftragen-von-kaseummantelung\/","title":{"rendered":"Pinsel zum Auftragen von K\u00e4seummantelung | f\u00fcr die Heimk\u00e4serei"},"content":{"rendered":"<p>Lebensmittelgeeignete B\u00fcrste zum Wachsen oder \u00dcberziehen von reifenden K\u00e4sen mit Ummantelung. F\u00fcr die K\u00e4seherstellung zu Hause. Machen Sie sich nicht die H\u00e4nde schmutzig!<\/p>\n<h3>Inhalt<\/h3>\n<ul>\n<li>1 B\u00fcrste<\/li>\n<li>L\u00e4nge: 20 cm, einschlie\u00dflich 4 cm langer Borsten.<\/li>\n<li>Borstenbreite: 3,5 cm.<\/li>\n<li>Griff aus Holz<\/li>\n<\/ul>\n<p>Unser <a href=\"https:\/\/startercultures.eu\/product\/dairy\/cheese\/tools-2\/yellow-cheese-coating-for-home-cheese-making\/\" target=\"_blank\" rel=\"noopener\">K\u00e4se\u00fcberzug<\/a> l\u00e4sst sich leicht mit warmem Wasser abwaschen.<\/p>\n<h3 data-fontsize=\"21\" data-lineheight=\"27.3px\">Sie m\u00f6chten einen <span data-sheets-value=\"{\" data-sheets-userformat=\"{\">Pinsel f\u00fcr die K\u00e4sebeschichtung<\/span> kaufen?<\/h3>\n<p>Bestellen Sie Ihren <span data-sheets-value=\"{\" data-sheets-userformat=\"{\">K\u00e4sestreichpinsel<\/span> bei startercultures.eu, dem europ\u00e4ischen Webshop f\u00fcr Ihren Bedarf an Fermentation, Wurst und Charcuterie. Von Meneer Wateetons, renommierter niederl\u00e4ndischer Fermentations- und Fleischexperte und Autor. Bestellen Sie werktags vor 15 Uhr und wir liefern noch am selben Tag. Haben Sie Fragen zur Verwendung des <span data-sheets-value=\"{\" data-sheets-userformat=\"{\">K\u00e4sestreichpinsel<\/span>? Frag Sie in unserem Chat, wir helfen gerne weiter!<\/p>\n<h3>Online-Workshop &#8220;Veganen K\u00e4se zu Hause herstellen&#8221; (mit Untertiteln)<\/h3>\n<p>In <a href=\"https:\/\/startercultures.eu\/product\/vegan-main\/vegan-dairy\/online-english-subtitled-vegan-cheese-workshop\/\" target=\"_blank\" rel=\"noopener\">diesem Workshop mit englischen Untertiteln<\/a> lernen Sie die Theorie und Praxis der Herstellung von veganem K\u00e4se<img decoding=\"async\" class=\"lazyload  wp-image-24266 alignright\" src=\"https:\/\/startercultures.eu\/wp-content\/uploads\/2021\/06\/Vegan-cheese-starter-kit-300x222.png\" data-orig-src=\"https:\/\/startercultures.eu\/wp-content\/uploads\/2021\/06\/Vegan-cheese-starter-kit-300x222.png\" alt=\"Veganes Blauschimmelk\u00e4se Starterkultur Kit\" width=\"219\" height=\"162\" srcset=\"data:image\/svg+xml,%3Csvg%20xmlns%3D%27http%3A%2F%2Fwww.w3.org%2F2000%2Fsvg%27%20width%3D%27219%27%20height%3D%27162%27%20viewBox%3D%270%200%20219%20162%27%3E%3Crect%20width%3D%27219%27%20height%3D%27162%27%20fill-opacity%3D%220%22%2F%3E%3C%2Fsvg%3E\" data-srcset=\"https:\/\/startercultures.eu\/wp-content\/uploads\/2021\/06\/Vegan-cheese-starter-kit-200x148.png 200w, https:\/\/startercultures.eu\/wp-content\/uploads\/2021\/06\/Vegan-cheese-starter-kit-300x222.png 300w, https:\/\/startercultures.eu\/wp-content\/uploads\/2021\/06\/Vegan-cheese-starter-kit-400x296.png 400w, https:\/\/startercultures.eu\/wp-content\/uploads\/2021\/06\/Vegan-cheese-starter-kit-500x370.png 500w, https:\/\/startercultures.eu\/wp-content\/uploads\/2021\/06\/Vegan-cheese-starter-kit-600x445.png 600w, https:\/\/startercultures.eu\/wp-content\/uploads\/2021\/06\/Vegan-cheese-starter-kit-700x519.png 700w, https:\/\/startercultures.eu\/wp-content\/uploads\/2021\/06\/Vegan-cheese-starter-kit-768x569.png 768w, https:\/\/startercultures.eu\/wp-content\/uploads\/2021\/06\/Vegan-cheese-starter-kit-800x593.png 800w, https:\/\/startercultures.eu\/wp-content\/uploads\/2021\/06\/Vegan-cheese-starter-kit-1024x759.png 1024w, https:\/\/startercultures.eu\/wp-content\/uploads\/2021\/06\/Vegan-cheese-starter-kit.png 1200w\" data-sizes=\"auto\" data-orig-sizes=\"(max-width: 219px) 100vw, 219px\" \/>s zu Hause, wobei der Schwerpunkt auf veganem Camembert und veganem Blauschimmelk\u00e4se liegt. Foodwriter<a href=\"https:\/\/wateetons.com\/\" target=\"_blank\" rel=\"noopener\">&#8216;Meneer Wateetons&#8217;<\/a>, Autor mehrerer B\u00fccher \u00fcber Fermentierung und alternative Lebensmittelzubereitungstechniken, wird Ihnen alles \u00fcber Fermentierung, P\u00f6kelsalze, Lebensmittelsicherheit, pH-Wert, Starterkulturen, Schimmelpilze und Trocknungsbedingungen beibringen. Klicken Sie <a href=\"https:\/\/startercultures.eu\/product\/vegan-main\/vegan-dairy\/online-english-subtitled-vegan-cheese-workshop\/\" target=\"_blank\" rel=\"noopener\">hier<\/a> f\u00fcr weitere Informationen.<\/p>\n","protected":false},"excerpt":{"rendered":"<p>Lebensmittelgeeigneter Pinsel zum Wachsen oder \u00dcberziehen von reifenden K\u00e4sen mit Ummantelung. F\u00fcr die K\u00e4seherstellung zu Hause. Machen Sie sich nicht die H\u00e4nde schmutzig!<\/p>\n","protected":false},"featured_media":24154,"comment_status":"open","ping_status":"closed","template":"","meta":{"_acf_changed":false,"footnotes":""},"product_brand":[],"product_cat":[694,678,656,659],"product_tag":[],"class_list":{"0":"post-25017","1":"product","2":"type-product","3":"status-publish","4":"has-post-thumbnail","6":"product_cat-beschichtung","7":"product_cat-veganer-kase","8":"product_cat-werkzeuge-de","9":"product_cat-werkzeuge-de-3","10":"pa_ean-8806201880043-de","12":"first","13":"instock","14":"taxable","15":"shipping-taxable","16":"purchasable","17":"product-type-simple"},"acf":[],"yoast_head":"<!-- This site is optimized with the Yoast SEO plugin v26.6 - https:\/\/yoast.com\/wordpress\/plugins\/seo\/ -->\n<title>K\u00e4sestreichpinsel | Startercultures.eu<\/title>\n<meta name=\"description\" content=\"K\u00e4sestreichpinsel in Lebensmittelqualit\u00e4t, zum Wachsen oder \u00dcberziehen von reifendem K\u00e4se mit Ummantelung. Sehen Sie sich unsere gesamte Kollektion an.\" \/>\n<meta name=\"robots\" content=\"index, follow, max-snippet:-1, max-image-preview:large, max-video-preview:-1\" \/>\n<link rel=\"canonical\" href=\"https:\/\/startercultures.eu\/de\/product\/fermentation-de\/molkerei\/veganer-kase\/pinsel-zum-auftragen-von-kaseummantelung\/\" \/>\n<meta property=\"og:locale\" content=\"de_DE\" \/>\n<meta property=\"og:type\" content=\"article\" \/>\n<meta property=\"og:title\" content=\"K\u00e4sestreichpinsel | Startercultures.eu\" \/>\n<meta property=\"og:description\" content=\"K\u00e4sestreichpinsel in Lebensmittelqualit\u00e4t, zum Wachsen oder \u00dcberziehen von reifendem K\u00e4se mit Ummantelung. Sehen Sie sich unsere gesamte Kollektion an.\" \/>\n<meta property=\"og:url\" content=\"https:\/\/startercultures.eu\/de\/product\/fermentation-de\/molkerei\/veganer-kase\/pinsel-zum-auftragen-von-kaseummantelung\/\" \/>\n<meta property=\"og:site_name\" content=\"Startercultures.eu\" \/>\n<meta property=\"article:publisher\" content=\"https:\/\/www.facebook.com\/startercultureseu\" \/>\n<meta property=\"article:modified_time\" content=\"2025-02-14T15:42:43+00:00\" \/>\n<meta property=\"og:image\" content=\"https:\/\/startercultures.eu\/wp-content\/uploads\/2021\/03\/brush-for-cheese-coating.png\" \/>\n\t<meta property=\"og:image:width\" content=\"438\" \/>\n\t<meta property=\"og:image:height\" content=\"450\" \/>\n\t<meta property=\"og:image:type\" content=\"image\/png\" \/>\n<meta name=\"twitter:card\" content=\"summary_large_image\" \/>\n<meta name=\"twitter:label1\" content=\"Price\" \/>\n\t<meta name=\"twitter:data1\" content=\"11,99\" \/>\n\t<meta name=\"twitter:label2\" content=\"Availability\" \/>\n\t<meta name=\"twitter:data2\" content=\"Vorr\u00e4tig\" \/>\n<script type=\"application\/ld+json\" class=\"yoast-schema-graph\">{\"@context\":\"https:\/\/schema.org\",\"@graph\":[{\"@type\":\"WebPage\",\"@id\":\"https:\/\/startercultures.eu\/de\/product\/fermentation-de\/molkerei\/veganer-kase\/pinsel-zum-auftragen-von-kaseummantelung\/\",\"url\":\"https:\/\/startercultures.eu\/de\/product\/fermentation-de\/molkerei\/veganer-kase\/pinsel-zum-auftragen-von-kaseummantelung\/\",\"name\":\"K\u00e4sestreichpinsel | Startercultures.eu\",\"isPartOf\":{\"@id\":\"https:\/\/startercultures.eu\/de\/#website\"},\"primaryImageOfPage\":{\"@id\":\"https:\/\/startercultures.eu\/de\/product\/fermentation-de\/molkerei\/veganer-kase\/pinsel-zum-auftragen-von-kaseummantelung\/#primaryimage\"},\"image\":{\"@id\":\"https:\/\/startercultures.eu\/de\/product\/fermentation-de\/molkerei\/veganer-kase\/pinsel-zum-auftragen-von-kaseummantelung\/#primaryimage\"},\"thumbnailUrl\":\"https:\/\/startercultures.eu\/wp-content\/uploads\/2021\/03\/brush-for-cheese-coating.png\",\"datePublished\":\"2021-03-17T14:00:07+00:00\",\"dateModified\":\"2025-02-14T15:42:43+00:00\",\"description\":\"K\u00e4sestreichpinsel in Lebensmittelqualit\u00e4t, zum Wachsen oder \u00dcberziehen von reifendem K\u00e4se mit Ummantelung. Sehen Sie sich unsere gesamte Kollektion an.\",\"breadcrumb\":{\"@id\":\"https:\/\/startercultures.eu\/de\/product\/fermentation-de\/molkerei\/veganer-kase\/pinsel-zum-auftragen-von-kaseummantelung\/#breadcrumb\"},\"inLanguage\":\"de-DE\",\"potentialAction\":[{\"@type\":\"ReadAction\",\"target\":[\"https:\/\/startercultures.eu\/de\/product\/fermentation-de\/molkerei\/veganer-kase\/pinsel-zum-auftragen-von-kaseummantelung\/\"]}]},{\"@type\":\"ImageObject\",\"inLanguage\":\"de-DE\",\"@id\":\"https:\/\/startercultures.eu\/de\/product\/fermentation-de\/molkerei\/veganer-kase\/pinsel-zum-auftragen-von-kaseummantelung\/#primaryimage\",\"url\":\"https:\/\/startercultures.eu\/wp-content\/uploads\/2021\/03\/brush-for-cheese-coating.png\",\"contentUrl\":\"https:\/\/startercultures.eu\/wp-content\/uploads\/2021\/03\/brush-for-cheese-coating.png\",\"width\":438,\"height\":450,\"caption\":\"Pinsel f\u00fcr K\u00e4seummantelung\"},{\"@type\":\"BreadcrumbList\",\"@id\":\"https:\/\/startercultures.eu\/de\/product\/fermentation-de\/molkerei\/veganer-kase\/pinsel-zum-auftragen-von-kaseummantelung\/#breadcrumb\",\"itemListElement\":[{\"@type\":\"ListItem\",\"position\":1,\"name\":\"Home\",\"item\":\"https:\/\/startercultures.eu\/de\/\"},{\"@type\":\"ListItem\",\"position\":2,\"name\":\"Shop\",\"item\":\"https:\/\/startercultures.eu\/shop\/\"},{\"@type\":\"ListItem\",\"position\":3,\"name\":\"Pinsel zum Auftragen von K\u00e4seummantelung | f\u00fcr die Heimk\u00e4serei\"}]},{\"@type\":\"WebSite\",\"@id\":\"https:\/\/startercultures.eu\/de\/#website\",\"url\":\"https:\/\/startercultures.eu\/de\/\",\"name\":\"Startercultures.eu\",\"description\":\"Startercultures.eu\",\"publisher\":{\"@id\":\"https:\/\/startercultures.eu\/de\/#organization\"},\"potentialAction\":[{\"@type\":\"SearchAction\",\"target\":{\"@type\":\"EntryPoint\",\"urlTemplate\":\"https:\/\/startercultures.eu\/de\/?s={search_term_string}\"},\"query-input\":{\"@type\":\"PropertyValueSpecification\",\"valueRequired\":true,\"valueName\":\"search_term_string\"}}],\"inLanguage\":\"de-DE\"},{\"@type\":\"Organization\",\"@id\":\"https:\/\/startercultures.eu\/de\/#organization\",\"name\":\"Startercultures.eu\",\"url\":\"https:\/\/startercultures.eu\/de\/\",\"logo\":{\"@type\":\"ImageObject\",\"inLanguage\":\"de-DE\",\"@id\":\"https:\/\/startercultures.eu\/de\/#\/schema\/logo\/image\/\",\"url\":\"https:\/\/startercultures.eu\/wp-content\/uploads\/2020\/08\/startercultures-eu-nl-logo-rond-rgb.png\",\"contentUrl\":\"https:\/\/startercultures.eu\/wp-content\/uploads\/2020\/08\/startercultures-eu-nl-logo-rond-rgb.png\",\"width\":320,\"height\":320,\"caption\":\"Startercultures.eu\"},\"image\":{\"@id\":\"https:\/\/startercultures.eu\/de\/#\/schema\/logo\/image\/\"},\"sameAs\":[\"https:\/\/www.facebook.com\/startercultureseu\",\"https:\/\/www.instagram.com\/startercultures.eu\/\"]}]}<\/script>\n<meta property=\"product:price:amount\" content=\"11.99\" \/>\n<meta property=\"product:price:currency\" content=\"EUR\" \/>\n<meta property=\"og:availability\" content=\"instock\" \/>\n<meta property=\"product:availability\" content=\"instock\" \/>\n<meta property=\"product:retailer_item_id\" content=\"188\" \/>\n<meta property=\"product:condition\" content=\"new\" \/>\n<!-- \/ Yoast SEO plugin. -->","yoast_head_json":{"title":"K\u00e4sestreichpinsel | Startercultures.eu","description":"K\u00e4sestreichpinsel in Lebensmittelqualit\u00e4t, zum Wachsen oder \u00dcberziehen von reifendem K\u00e4se mit Ummantelung. Sehen Sie sich unsere gesamte Kollektion an.","robots":{"index":"index","follow":"follow","max-snippet":"max-snippet:-1","max-image-preview":"max-image-preview:large","max-video-preview":"max-video-preview:-1"},"canonical":"https:\/\/startercultures.eu\/de\/product\/fermentation-de\/molkerei\/veganer-kase\/pinsel-zum-auftragen-von-kaseummantelung\/","og_locale":"de_DE","og_type":"article","og_title":"K\u00e4sestreichpinsel | Startercultures.eu","og_description":"K\u00e4sestreichpinsel in Lebensmittelqualit\u00e4t, zum Wachsen oder \u00dcberziehen von reifendem K\u00e4se mit Ummantelung. Sehen Sie sich unsere gesamte Kollektion an.","og_url":"https:\/\/startercultures.eu\/de\/product\/fermentation-de\/molkerei\/veganer-kase\/pinsel-zum-auftragen-von-kaseummantelung\/","og_site_name":"Startercultures.eu","article_publisher":"https:\/\/www.facebook.com\/startercultureseu","article_modified_time":"2025-02-14T15:42:43+00:00","og_image":[{"width":438,"height":450,"url":"https:\/\/startercultures.eu\/wp-content\/uploads\/2021\/03\/brush-for-cheese-coating.png","type":"image\/png"}],"twitter_card":"summary_large_image","twitter_misc":{"Price":"11,99","Availability":"Vorr\u00e4tig"},"schema":{"@context":"https:\/\/schema.org","@graph":[{"@type":"WebPage","@id":"https:\/\/startercultures.eu\/de\/product\/fermentation-de\/molkerei\/veganer-kase\/pinsel-zum-auftragen-von-kaseummantelung\/","url":"https:\/\/startercultures.eu\/de\/product\/fermentation-de\/molkerei\/veganer-kase\/pinsel-zum-auftragen-von-kaseummantelung\/","name":"K\u00e4sestreichpinsel | Startercultures.eu","isPartOf":{"@id":"https:\/\/startercultures.eu\/de\/#website"},"primaryImageOfPage":{"@id":"https:\/\/startercultures.eu\/de\/product\/fermentation-de\/molkerei\/veganer-kase\/pinsel-zum-auftragen-von-kaseummantelung\/#primaryimage"},"image":{"@id":"https:\/\/startercultures.eu\/de\/product\/fermentation-de\/molkerei\/veganer-kase\/pinsel-zum-auftragen-von-kaseummantelung\/#primaryimage"},"thumbnailUrl":"https:\/\/startercultures.eu\/wp-content\/uploads\/2021\/03\/brush-for-cheese-coating.png","datePublished":"2021-03-17T14:00:07+00:00","dateModified":"2025-02-14T15:42:43+00:00","description":"K\u00e4sestreichpinsel in Lebensmittelqualit\u00e4t, zum Wachsen oder \u00dcberziehen von reifendem K\u00e4se mit Ummantelung. Sehen Sie sich unsere gesamte Kollektion an.","breadcrumb":{"@id":"https:\/\/startercultures.eu\/de\/product\/fermentation-de\/molkerei\/veganer-kase\/pinsel-zum-auftragen-von-kaseummantelung\/#breadcrumb"},"inLanguage":"de-DE","potentialAction":[{"@type":"ReadAction","target":["https:\/\/startercultures.eu\/de\/product\/fermentation-de\/molkerei\/veganer-kase\/pinsel-zum-auftragen-von-kaseummantelung\/"]}]},{"@type":"ImageObject","inLanguage":"de-DE","@id":"https:\/\/startercultures.eu\/de\/product\/fermentation-de\/molkerei\/veganer-kase\/pinsel-zum-auftragen-von-kaseummantelung\/#primaryimage","url":"https:\/\/startercultures.eu\/wp-content\/uploads\/2021\/03\/brush-for-cheese-coating.png","contentUrl":"https:\/\/startercultures.eu\/wp-content\/uploads\/2021\/03\/brush-for-cheese-coating.png","width":438,"height":450,"caption":"Pinsel f\u00fcr K\u00e4seummantelung"},{"@type":"BreadcrumbList","@id":"https:\/\/startercultures.eu\/de\/product\/fermentation-de\/molkerei\/veganer-kase\/pinsel-zum-auftragen-von-kaseummantelung\/#breadcrumb","itemListElement":[{"@type":"ListItem","position":1,"name":"Home","item":"https:\/\/startercultures.eu\/de\/"},{"@type":"ListItem","position":2,"name":"Shop","item":"https:\/\/startercultures.eu\/shop\/"},{"@type":"ListItem","position":3,"name":"Pinsel zum Auftragen von K\u00e4seummantelung | f\u00fcr die Heimk\u00e4serei"}]},{"@type":"WebSite","@id":"https:\/\/startercultures.eu\/de\/#website","url":"https:\/\/startercultures.eu\/de\/","name":"Startercultures.eu","description":"Startercultures.eu","publisher":{"@id":"https:\/\/startercultures.eu\/de\/#organization"},"potentialAction":[{"@type":"SearchAction","target":{"@type":"EntryPoint","urlTemplate":"https:\/\/startercultures.eu\/de\/?s={search_term_string}"},"query-input":{"@type":"PropertyValueSpecification","valueRequired":true,"valueName":"search_term_string"}}],"inLanguage":"de-DE"},{"@type":"Organization","@id":"https:\/\/startercultures.eu\/de\/#organization","name":"Startercultures.eu","url":"https:\/\/startercultures.eu\/de\/","logo":{"@type":"ImageObject","inLanguage":"de-DE","@id":"https:\/\/startercultures.eu\/de\/#\/schema\/logo\/image\/","url":"https:\/\/startercultures.eu\/wp-content\/uploads\/2020\/08\/startercultures-eu-nl-logo-rond-rgb.png","contentUrl":"https:\/\/startercultures.eu\/wp-content\/uploads\/2020\/08\/startercultures-eu-nl-logo-rond-rgb.png","width":320,"height":320,"caption":"Startercultures.eu"},"image":{"@id":"https:\/\/startercultures.eu\/de\/#\/schema\/logo\/image\/"},"sameAs":["https:\/\/www.facebook.com\/startercultureseu","https:\/\/www.instagram.com\/startercultures.eu\/"]}]},"product_price_amount":"11.99","product_price_currency":"EUR","og_availability":"instock","product_availability":"instock","product_retailer_item_id":"188","product_condition":"new"},"_links":{"self":[{"href":"https:\/\/startercultures.eu\/de\/wp-json\/wp\/v2\/product\/25017","targetHints":{"allow":["GET"]}}],"collection":[{"href":"https:\/\/startercultures.eu\/de\/wp-json\/wp\/v2\/product"}],"about":[{"href":"https:\/\/startercultures.eu\/de\/wp-json\/wp\/v2\/types\/product"}],"replies":[{"embeddable":true,"href":"https:\/\/startercultures.eu\/de\/wp-json\/wp\/v2\/comments?post=25017"}],"version-history":[{"count":0,"href":"https:\/\/startercultures.eu\/de\/wp-json\/wp\/v2\/product\/25017\/revisions"}],"wp:featuredmedia":[{"embeddable":true,"href":"https:\/\/startercultures.eu\/de\/wp-json\/wp\/v2\/media\/24154"}],"wp:attachment":[{"href":"https:\/\/startercultures.eu\/de\/wp-json\/wp\/v2\/media?parent=25017"}],"wp:term":[{"taxonomy":"product_brand","embeddable":true,"href":"https:\/\/startercultures.eu\/de\/wp-json\/wp\/v2\/product_brand?post=25017"},{"taxonomy":"product_cat","embeddable":true,"href":"https:\/\/startercultures.eu\/de\/wp-json\/wp\/v2\/product_cat?post=25017"},{"taxonomy":"product_tag","embeddable":true,"href":"https:\/\/startercultures.eu\/de\/wp-json\/wp\/v2\/product_tag?post=25017"}],"curies":[{"name":"wp","href":"https:\/\/api.w.org\/{rel}","templated":true}]}}