{"id":25019,"date":"2021-01-18T19:41:51","date_gmt":"2021-01-18T19:41:51","guid":{"rendered":"https:\/\/startercultures.eu\/product\/unkategorisiert\/pickle-pounder-fuer-fermentiertes-gemuese\/"},"modified":"2024-11-26T12:30:20","modified_gmt":"2024-11-26T11:30:20","slug":"essiggurkerl-fur-fermentiertes-gemuse","status":"publish","type":"product","link":"https:\/\/startercultures.eu\/de\/product\/vegan-de\/gemuse\/essiggurkerl-fur-fermentiertes-gemuse\/","title":{"rendered":"Gurkenstampfer | f\u00fcr fermentiertes Gem\u00fcse"},"content":{"rendered":"<p>Stampfen Sie Ihr Gem\u00fcse f\u00fcr die Fermentation schnell, sicher und effektiv mit dem Sauerkrautstampfer.<\/p>\n<h3>Warum sollten Sie Ihr Gem\u00fcse f\u00fcr die Fermentation stampfen?<\/h3>\n<p>Das Stampfen des Gem\u00fcses ist f\u00fcr die Fermentierung sehr wichtig, da dabei Wasser freigesetzt wird, das die Bakterien f\u00fcr ihre Arbeit ben\u00f6tigen, und das Gem\u00fcse vor Sauerstoff gesch\u00fctzt wird. Das Stampfen kann man auch von Hand machen, aber dieser Pickle Pounder ist das perfekte Werkzeug daf\u00fcr.<\/p>\n<h3>Vorteile der Verwendung des Sauerkrautstampfers zum Stampfen von Gem\u00fcse<\/h3>\n<p>\u2705 Weniger anstrengend als die Arbeit von Hand<br \/>\n\u2705 Geringeres Risiko der Verunreinigung des Gem\u00fcses mit unerw\u00fcnschten Mikroben von den H\u00e4nden<br \/>\n<span class=\"a-list-item\">\u2705 F\u00fcr eine optimale G\u00e4rung dicht in T\u00f6pfen und Gl\u00e4sern verpacken<\/span><br \/>\n\u2705 Verf\u00e4rbung der H\u00e4nde durch buntes Gem\u00fcse wie Rote Beete oder Rotkohl<br \/>\n\u2705 Pfund direkt ins Glas, weniger Geschirr<br \/>\n\u2705 Passt in jedes Gef\u00e4\u00df<br \/>\n\u2705 Seien wir ehrlich: Stampfen macht Spa\u00df!<\/p>\n<h3>Inhalt<\/h3>\n<ul>\n<li>1 Buchenholz Gurkenstampfer<\/li>\n<li>L\u00e4nge: 30 cm, maximale Breite 5 cm<\/li>\n<li><span class=\"a-list-item\">Reines nat\u00fcrliches Buchenholz, daher lebensmittelecht<\/span><\/li>\n<\/ul>\n<h3 data-fontsize=\"21\" data-lineheight=\"27.3px\">Sie wollen einen <span data-sheets-value=\"{\" data-sheets-userformat=\"{\">Sauerkrautstampfer<\/span> kaufen?<\/h3>\n<p>Bestellen Sie Ihren <span data-sheets-value=\"{\" data-sheets-userformat=\"{\">Sauerkrautstampfer <\/span>bei startercultures.eu, dem europ\u00e4ischen Webshop f\u00fcr alle Ihre Fermentationsbed\u00fcrfnisse. Von Meneer Wateetons, dem bekannten niederl\u00e4ndischen G\u00e4rungsexperten und Autor. Bestellen Sie werktags vor 15 Uhr und wir liefern noch am selben Tag. Fragen zur Verwendung des <span data-sheets-value=\"{\" data-sheets-userformat=\"{\">Sauerkrautstampfers<\/span>? Frag Sie in unserem Chat, wir helfen gerne!<\/p>\n<h3>Online-Workshop &#8220;Kimchi herstellen (und anderes Gem\u00fcse fermentieren)<img decoding=\"async\" class=\"lazyload  wp-image-23963 alignright\" src=\"https:\/\/startercultures.eu\/wp-content\/uploads\/2020\/12\/fermentation-450-300x300.png\" data-orig-src=\"https:\/\/startercultures.eu\/wp-content\/uploads\/2020\/12\/fermentation-450-300x300.png\" alt=\"Fermentation workshops\" width=\"131\" height=\"131\" srcset=\"data:image\/svg+xml,%3Csvg%20xmlns%3D%27http%3A%2F%2Fwww.w3.org%2F2000%2Fsvg%27%20width%3D%27131%27%20height%3D%27131%27%20viewBox%3D%270%200%20131%20131%27%3E%3Crect%20width%3D%27131%27%20height%3D%27131%27%20fill-opacity%3D%220%22%2F%3E%3C%2Fsvg%3E\" data-srcset=\"https:\/\/startercultures.eu\/wp-content\/uploads\/2020\/12\/fermentation-450-66x66.png 66w, https:\/\/startercultures.eu\/wp-content\/uploads\/2020\/12\/fermentation-450-70x70.png 70w, https:\/\/startercultures.eu\/wp-content\/uploads\/2020\/12\/fermentation-450-100x100.png 100w, https:\/\/startercultures.eu\/wp-content\/uploads\/2020\/12\/fermentation-450-150x150.png 150w, https:\/\/startercultures.eu\/wp-content\/uploads\/2020\/12\/fermentation-450-200x200.png 200w, https:\/\/startercultures.eu\/wp-content\/uploads\/2020\/12\/fermentation-450-300x300.png 300w, https:\/\/startercultures.eu\/wp-content\/uploads\/2020\/12\/fermentation-450-400x401.png 400w, https:\/\/startercultures.eu\/wp-content\/uploads\/2020\/12\/fermentation-450.png 450w\" data-sizes=\"auto\" data-orig-sizes=\"(max-width: 131px) 100vw, 131px\" \/><\/h3>\n<p>In diesem <a href=\"https:\/\/startercultures.eu\/product\/workshops-2\/online-workshops-fermentation\/online-workshop-how-to-make-kimchi-and-ferment-other-vegetables\/\" target=\"_blank\" rel=\"noopener\">englischsprachigen Workshop<\/a> erfahren Sie alles \u00fcber Kimchi, das beliebte fermentierte Gem\u00fcse. W\u00fcrzig, frisch und unglaublich lecker. Sie werden feststellen, dass dieses Aroma sehr vielseitig ist und dass die Bandbreite der Zubereitungen enorm ist. Es gibt sogar 7-up-Kimchi! In der Zwischenzeit werden Sie auch etwas \u00fcber die G\u00e4rung lernen. Von Foodwriter<a href=\"https:\/\/wateetons.com\/\" target=\"_blank\" rel=\"noopener\">&#8216;Meneer Wateetons&#8217;<\/a>, Autor mehrerer B\u00fccher \u00fcber Fermentation und alternative Lebensmittelzubereitungstechniken, Klicken Sie <a href=\"https:\/\/startercultures.eu\/product\/workshops-2\/online-workshops-fermentation\/online-workshop-how-to-make-kimchi-and-ferment-other-vegetables\/\" target=\"_blank\" rel=\"noopener\">hier<\/a> f\u00fcr weitere Informationen.<\/p>\n<p>&nbsp;<\/p>\n","protected":false},"excerpt":{"rendered":"<p>Das Stampfen des Gem\u00fcses ist f\u00fcr die Fermentierung sehr wichtig, da dabei Wasser freigesetzt wird, das die Bakterien f\u00fcr ihre Arbeit ben\u00f6tigen, und das Gem\u00fcse vor Sauerstoff gesch\u00fctzt wird. Das Stampfen kann man auch von Hand machen, aber dieser Gurkenstampfer ist das perfekte Werkzeug daf\u00fcr.<\/p>\n","protected":false},"featured_media":24320,"comment_status":"open","ping_status":"closed","template":"","meta":{"_acf_changed":false,"footnotes":""},"product_brand":[],"product_cat":[708,644],"product_tag":[],"class_list":{"0":"post-25019","1":"product","2":"type-product","3":"status-publish","4":"has-post-thumbnail","6":"product_cat-gemuse","7":"product_cat-werkzeuge","8":"product_shipping_class-klein-pakket-de","9":"pa_ean-8720297621079-de","11":"first","12":"instock","13":"taxable","14":"shipping-taxable","15":"purchasable","16":"product-type-simple"},"acf":[],"yoast_head":"<!-- This site is optimized with the Yoast SEO plugin v26.6 - https:\/\/yoast.com\/wordpress\/plugins\/seo\/ -->\n<title>sauerkrautstampfer |site name<\/title>\n<meta name=\"description\" content=\"Das Stampfen ist f\u00fcr die Gem\u00fcseg\u00e4rung wichtig, um das Gem\u00fcse vor Sauerstoff zu sch\u00fctzen. Einfach mit diesem Sauerkrautstampfer\" \/>\n<meta name=\"robots\" content=\"index, follow, max-snippet:-1, max-image-preview:large, max-video-preview:-1\" \/>\n<link rel=\"canonical\" href=\"https:\/\/startercultures.eu\/de\/product\/vegan-de\/gemuse\/essiggurkerl-fur-fermentiertes-gemuse\/\" \/>\n<meta property=\"og:locale\" content=\"de_DE\" \/>\n<meta property=\"og:type\" content=\"article\" \/>\n<meta property=\"og:title\" content=\"sauerkrautstampfer |site name\" \/>\n<meta property=\"og:description\" content=\"Das Stampfen ist f\u00fcr die Gem\u00fcseg\u00e4rung wichtig, um das Gem\u00fcse vor Sauerstoff zu sch\u00fctzen. Einfach mit diesem Sauerkrautstampfer\" \/>\n<meta property=\"og:url\" content=\"https:\/\/startercultures.eu\/de\/product\/vegan-de\/gemuse\/essiggurkerl-fur-fermentiertes-gemuse\/\" \/>\n<meta property=\"og:site_name\" content=\"Startercultures.eu\" \/>\n<meta property=\"article:publisher\" content=\"https:\/\/www.facebook.com\/startercultureseu\" \/>\n<meta property=\"article:modified_time\" content=\"2024-11-26T11:30:20+00:00\" \/>\n<meta property=\"og:image\" content=\"https:\/\/startercultures.eu\/wp-content\/uploads\/2021\/01\/pickle-pounder-1.png\" \/>\n\t<meta property=\"og:image:width\" content=\"450\" \/>\n\t<meta property=\"og:image:height\" content=\"450\" \/>\n\t<meta property=\"og:image:type\" content=\"image\/png\" \/>\n<meta name=\"twitter:card\" content=\"summary_large_image\" \/>\n<meta name=\"twitter:label1\" content=\"Price\" \/>\n\t<meta name=\"twitter:data1\" content=\"14,99\" \/>\n\t<meta name=\"twitter:label2\" content=\"Availability\" \/>\n\t<meta name=\"twitter:data2\" content=\"Vorr\u00e4tig\" \/>\n<script type=\"application\/ld+json\" class=\"yoast-schema-graph\">{\"@context\":\"https:\/\/schema.org\",\"@graph\":[{\"@type\":\"WebPage\",\"@id\":\"https:\/\/startercultures.eu\/de\/product\/vegan-de\/gemuse\/essiggurkerl-fur-fermentiertes-gemuse\/\",\"url\":\"https:\/\/startercultures.eu\/de\/product\/vegan-de\/gemuse\/essiggurkerl-fur-fermentiertes-gemuse\/\",\"name\":\"sauerkrautstampfer |site name\",\"isPartOf\":{\"@id\":\"https:\/\/startercultures.eu\/de\/#website\"},\"primaryImageOfPage\":{\"@id\":\"https:\/\/startercultures.eu\/de\/product\/vegan-de\/gemuse\/essiggurkerl-fur-fermentiertes-gemuse\/#primaryimage\"},\"image\":{\"@id\":\"https:\/\/startercultures.eu\/de\/product\/vegan-de\/gemuse\/essiggurkerl-fur-fermentiertes-gemuse\/#primaryimage\"},\"thumbnailUrl\":\"https:\/\/startercultures.eu\/wp-content\/uploads\/2021\/01\/pickle-pounder-1.png\",\"datePublished\":\"2021-01-18T19:41:51+00:00\",\"dateModified\":\"2024-11-26T11:30:20+00:00\",\"description\":\"Das Stampfen ist f\u00fcr die Gem\u00fcseg\u00e4rung wichtig, um das Gem\u00fcse vor Sauerstoff zu sch\u00fctzen. Einfach mit diesem Sauerkrautstampfer\",\"breadcrumb\":{\"@id\":\"https:\/\/startercultures.eu\/de\/product\/vegan-de\/gemuse\/essiggurkerl-fur-fermentiertes-gemuse\/#breadcrumb\"},\"inLanguage\":\"de-DE\",\"potentialAction\":[{\"@type\":\"ReadAction\",\"target\":[\"https:\/\/startercultures.eu\/de\/product\/vegan-de\/gemuse\/essiggurkerl-fur-fermentiertes-gemuse\/\"]}]},{\"@type\":\"ImageObject\",\"inLanguage\":\"de-DE\",\"@id\":\"https:\/\/startercultures.eu\/de\/product\/vegan-de\/gemuse\/essiggurkerl-fur-fermentiertes-gemuse\/#primaryimage\",\"url\":\"https:\/\/startercultures.eu\/wp-content\/uploads\/2021\/01\/pickle-pounder-1.png\",\"contentUrl\":\"https:\/\/startercultures.eu\/wp-content\/uploads\/2021\/01\/pickle-pounder-1.png\",\"width\":450,\"height\":450,\"caption\":\"Gurkenstampfer\"},{\"@type\":\"BreadcrumbList\",\"@id\":\"https:\/\/startercultures.eu\/de\/product\/vegan-de\/gemuse\/essiggurkerl-fur-fermentiertes-gemuse\/#breadcrumb\",\"itemListElement\":[{\"@type\":\"ListItem\",\"position\":1,\"name\":\"Home\",\"item\":\"https:\/\/startercultures.eu\/de\/\"},{\"@type\":\"ListItem\",\"position\":2,\"name\":\"Shop\",\"item\":\"https:\/\/startercultures.eu\/shop\/\"},{\"@type\":\"ListItem\",\"position\":3,\"name\":\"Gurkenstampfer | f\u00fcr fermentiertes Gem\u00fcse\"}]},{\"@type\":\"WebSite\",\"@id\":\"https:\/\/startercultures.eu\/de\/#website\",\"url\":\"https:\/\/startercultures.eu\/de\/\",\"name\":\"Startercultures.eu\",\"description\":\"Startercultures.eu\",\"publisher\":{\"@id\":\"https:\/\/startercultures.eu\/de\/#organization\"},\"potentialAction\":[{\"@type\":\"SearchAction\",\"target\":{\"@type\":\"EntryPoint\",\"urlTemplate\":\"https:\/\/startercultures.eu\/de\/?s={search_term_string}\"},\"query-input\":{\"@type\":\"PropertyValueSpecification\",\"valueRequired\":true,\"valueName\":\"search_term_string\"}}],\"inLanguage\":\"de-DE\"},{\"@type\":\"Organization\",\"@id\":\"https:\/\/startercultures.eu\/de\/#organization\",\"name\":\"Startercultures.eu\",\"url\":\"https:\/\/startercultures.eu\/de\/\",\"logo\":{\"@type\":\"ImageObject\",\"inLanguage\":\"de-DE\",\"@id\":\"https:\/\/startercultures.eu\/de\/#\/schema\/logo\/image\/\",\"url\":\"https:\/\/startercultures.eu\/wp-content\/uploads\/2020\/08\/startercultures-eu-nl-logo-rond-rgb.png\",\"contentUrl\":\"https:\/\/startercultures.eu\/wp-content\/uploads\/2020\/08\/startercultures-eu-nl-logo-rond-rgb.png\",\"width\":320,\"height\":320,\"caption\":\"Startercultures.eu\"},\"image\":{\"@id\":\"https:\/\/startercultures.eu\/de\/#\/schema\/logo\/image\/\"},\"sameAs\":[\"https:\/\/www.facebook.com\/startercultureseu\",\"https:\/\/www.instagram.com\/startercultures.eu\/\"],\"hasMerchantReturnPolicy\":{\"@type\":\"MerchantReturnPolicy\",\"merchantReturnLink\":\"https:\/\/startercultures.eu\/return-policy\/\"}}]}<\/script>\n<meta property=\"product:price:amount\" content=\"14.99\" \/>\n<meta property=\"product:price:currency\" content=\"EUR\" \/>\n<meta property=\"og:availability\" content=\"instock\" \/>\n<meta property=\"product:availability\" content=\"instock\" \/>\n<meta property=\"product:retailer_item_id\" content=\"165\" \/>\n<meta property=\"product:condition\" content=\"new\" \/>\n<!-- \/ Yoast SEO plugin. -->","yoast_head_json":{"title":"sauerkrautstampfer |site name","description":"Das Stampfen ist f\u00fcr die Gem\u00fcseg\u00e4rung wichtig, um das Gem\u00fcse vor Sauerstoff zu sch\u00fctzen. Einfach mit diesem Sauerkrautstampfer","robots":{"index":"index","follow":"follow","max-snippet":"max-snippet:-1","max-image-preview":"max-image-preview:large","max-video-preview":"max-video-preview:-1"},"canonical":"https:\/\/startercultures.eu\/de\/product\/vegan-de\/gemuse\/essiggurkerl-fur-fermentiertes-gemuse\/","og_locale":"de_DE","og_type":"article","og_title":"sauerkrautstampfer |site name","og_description":"Das Stampfen ist f\u00fcr die Gem\u00fcseg\u00e4rung wichtig, um das Gem\u00fcse vor Sauerstoff zu sch\u00fctzen. Einfach mit diesem Sauerkrautstampfer","og_url":"https:\/\/startercultures.eu\/de\/product\/vegan-de\/gemuse\/essiggurkerl-fur-fermentiertes-gemuse\/","og_site_name":"Startercultures.eu","article_publisher":"https:\/\/www.facebook.com\/startercultureseu","article_modified_time":"2024-11-26T11:30:20+00:00","og_image":[{"width":450,"height":450,"url":"https:\/\/startercultures.eu\/wp-content\/uploads\/2021\/01\/pickle-pounder-1.png","type":"image\/png"}],"twitter_card":"summary_large_image","twitter_misc":{"Price":"14,99","Availability":"Vorr\u00e4tig"},"schema":{"@context":"https:\/\/schema.org","@graph":[{"@type":"WebPage","@id":"https:\/\/startercultures.eu\/de\/product\/vegan-de\/gemuse\/essiggurkerl-fur-fermentiertes-gemuse\/","url":"https:\/\/startercultures.eu\/de\/product\/vegan-de\/gemuse\/essiggurkerl-fur-fermentiertes-gemuse\/","name":"sauerkrautstampfer |site name","isPartOf":{"@id":"https:\/\/startercultures.eu\/de\/#website"},"primaryImageOfPage":{"@id":"https:\/\/startercultures.eu\/de\/product\/vegan-de\/gemuse\/essiggurkerl-fur-fermentiertes-gemuse\/#primaryimage"},"image":{"@id":"https:\/\/startercultures.eu\/de\/product\/vegan-de\/gemuse\/essiggurkerl-fur-fermentiertes-gemuse\/#primaryimage"},"thumbnailUrl":"https:\/\/startercultures.eu\/wp-content\/uploads\/2021\/01\/pickle-pounder-1.png","datePublished":"2021-01-18T19:41:51+00:00","dateModified":"2024-11-26T11:30:20+00:00","description":"Das Stampfen ist f\u00fcr die Gem\u00fcseg\u00e4rung wichtig, um das Gem\u00fcse vor Sauerstoff zu sch\u00fctzen. Einfach mit diesem Sauerkrautstampfer","breadcrumb":{"@id":"https:\/\/startercultures.eu\/de\/product\/vegan-de\/gemuse\/essiggurkerl-fur-fermentiertes-gemuse\/#breadcrumb"},"inLanguage":"de-DE","potentialAction":[{"@type":"ReadAction","target":["https:\/\/startercultures.eu\/de\/product\/vegan-de\/gemuse\/essiggurkerl-fur-fermentiertes-gemuse\/"]}]},{"@type":"ImageObject","inLanguage":"de-DE","@id":"https:\/\/startercultures.eu\/de\/product\/vegan-de\/gemuse\/essiggurkerl-fur-fermentiertes-gemuse\/#primaryimage","url":"https:\/\/startercultures.eu\/wp-content\/uploads\/2021\/01\/pickle-pounder-1.png","contentUrl":"https:\/\/startercultures.eu\/wp-content\/uploads\/2021\/01\/pickle-pounder-1.png","width":450,"height":450,"caption":"Gurkenstampfer"},{"@type":"BreadcrumbList","@id":"https:\/\/startercultures.eu\/de\/product\/vegan-de\/gemuse\/essiggurkerl-fur-fermentiertes-gemuse\/#breadcrumb","itemListElement":[{"@type":"ListItem","position":1,"name":"Home","item":"https:\/\/startercultures.eu\/de\/"},{"@type":"ListItem","position":2,"name":"Shop","item":"https:\/\/startercultures.eu\/shop\/"},{"@type":"ListItem","position":3,"name":"Gurkenstampfer | f\u00fcr fermentiertes Gem\u00fcse"}]},{"@type":"WebSite","@id":"https:\/\/startercultures.eu\/de\/#website","url":"https:\/\/startercultures.eu\/de\/","name":"Startercultures.eu","description":"Startercultures.eu","publisher":{"@id":"https:\/\/startercultures.eu\/de\/#organization"},"potentialAction":[{"@type":"SearchAction","target":{"@type":"EntryPoint","urlTemplate":"https:\/\/startercultures.eu\/de\/?s={search_term_string}"},"query-input":{"@type":"PropertyValueSpecification","valueRequired":true,"valueName":"search_term_string"}}],"inLanguage":"de-DE"},{"@type":"Organization","@id":"https:\/\/startercultures.eu\/de\/#organization","name":"Startercultures.eu","url":"https:\/\/startercultures.eu\/de\/","logo":{"@type":"ImageObject","inLanguage":"de-DE","@id":"https:\/\/startercultures.eu\/de\/#\/schema\/logo\/image\/","url":"https:\/\/startercultures.eu\/wp-content\/uploads\/2020\/08\/startercultures-eu-nl-logo-rond-rgb.png","contentUrl":"https:\/\/startercultures.eu\/wp-content\/uploads\/2020\/08\/startercultures-eu-nl-logo-rond-rgb.png","width":320,"height":320,"caption":"Startercultures.eu"},"image":{"@id":"https:\/\/startercultures.eu\/de\/#\/schema\/logo\/image\/"},"sameAs":["https:\/\/www.facebook.com\/startercultureseu","https:\/\/www.instagram.com\/startercultures.eu\/"],"hasMerchantReturnPolicy":{"@type":"MerchantReturnPolicy","merchantReturnLink":"https:\/\/startercultures.eu\/return-policy\/"}}]},"product_price_amount":"14.99","product_price_currency":"EUR","og_availability":"instock","product_availability":"instock","product_retailer_item_id":"165","product_condition":"new"},"_links":{"self":[{"href":"https:\/\/startercultures.eu\/de\/wp-json\/wp\/v2\/product\/25019","targetHints":{"allow":["GET"]}}],"collection":[{"href":"https:\/\/startercultures.eu\/de\/wp-json\/wp\/v2\/product"}],"about":[{"href":"https:\/\/startercultures.eu\/de\/wp-json\/wp\/v2\/types\/product"}],"replies":[{"embeddable":true,"href":"https:\/\/startercultures.eu\/de\/wp-json\/wp\/v2\/comments?post=25019"}],"version-history":[{"count":1,"href":"https:\/\/startercultures.eu\/de\/wp-json\/wp\/v2\/product\/25019\/revisions"}],"predecessor-version":[{"id":65357,"href":"https:\/\/startercultures.eu\/de\/wp-json\/wp\/v2\/product\/25019\/revisions\/65357"}],"wp:featuredmedia":[{"embeddable":true,"href":"https:\/\/startercultures.eu\/de\/wp-json\/wp\/v2\/media\/24320"}],"wp:attachment":[{"href":"https:\/\/startercultures.eu\/de\/wp-json\/wp\/v2\/media?parent=25019"}],"wp:term":[{"taxonomy":"product_brand","embeddable":true,"href":"https:\/\/startercultures.eu\/de\/wp-json\/wp\/v2\/product_brand?post=25019"},{"taxonomy":"product_cat","embeddable":true,"href":"https:\/\/startercultures.eu\/de\/wp-json\/wp\/v2\/product_cat?post=25019"},{"taxonomy":"product_tag","embeddable":true,"href":"https:\/\/startercultures.eu\/de\/wp-json\/wp\/v2\/product_tag?post=25019"}],"curies":[{"name":"wp","href":"https:\/\/api.w.org\/{rel}","templated":true}]}}