{"id":25025,"date":"2020-09-21T08:51:37","date_gmt":"2020-09-21T08:51:37","guid":{"rendered":"https:\/\/startercultures.eu\/product\/unkategorisiert\/kleine-250-g-kaeseform-fuer-die-herstellung-von-weichkaese\/"},"modified":"2026-04-08T09:43:17","modified_gmt":"2026-04-08T07:43:17","slug":"kaseform-fur-weichkase","status":"publish","type":"product","link":"https:\/\/startercultures.eu\/de\/product\/fermentation-de\/molkerei\/kase\/kaseform-fur-weichkase\/","title":{"rendered":"Kleine K\u00e4seform | f\u00fcr Camembert und Blauschimmelk\u00e4se"},"content":{"rendered":"<p>Dies ist eine vielseitige Kleine K\u00e4seform f\u00fcr Weichk\u00e4se f\u00fcr Weichk\u00e4se. Sie ist f\u00fcr K\u00e4sesorten gedacht, die nicht gepresst werden, wie z. B. weiche Ziegenk\u00e4se, Wei\u00dfschimmelk\u00e4se wie Camembert, weiche Blauschimmelk\u00e4se, weiche Rotschmierk\u00e4se und weiche vegane K\u00e4sesorten.<\/p>\n<h3>Inhalt<\/h3>\n<ul>\n<li>250 Gramm K\u00e4seform<\/li>\n<li>Gr\u00f6\u00dfe 90 mm (oben) x 81 (unten) x 52 mm (H\u00f6he)<\/li>\n<\/ul>\n<h3 data-fontsize=\"21\" data-lineheight=\"27.3px\"><span data-sheets-value=\"{\" data-sheets-userformat=\"{\">Kleine K\u00e4seformen f\u00fcr Weichk\u00e4se<\/span> kaufen?<\/h3>\n<p>Bestellen Sie Ihre Gie\u00dfformen bei startercultures.eu, dem europ\u00e4ischen Webshop f\u00fcr Ihren gesamten Fermentationsbedarf. Von Meneer Wateetons, dem bekannten niederl\u00e4ndischen G\u00e4rungsexperten und Autor. Bestellen Sie werktags vor 15 Uhr und wir liefern noch am selben Tag. Fragen zur Verwendung der Form? Frag Sie in unserem Chat, wir helfen gerne!<\/p>\n<h3>Online-Workshop &#8220;Veganen K\u00e4se zu Hause herstellen&#8221; (mit Untertiteln)<\/h3>\n<p>In <a href=\"https:\/\/startercultures.eu\/product\/vegan-main\/vegan-dairy\/online-english-subtitled-vegan-cheese-workshop\/\" target=\"_blank\" rel=\"noopener\">diesem Workshop mit englischen Untertiteln<\/a> lernen Sie die Theorie und Praxis der Herstellung von veganem K\u00e4se<img decoding=\"async\" class=\"lazyload  wp-image-24266 alignright\" src=\"https:\/\/startercultures.eu\/wp-content\/uploads\/2021\/06\/Vegan-cheese-starter-kit-300x222.png\" data-orig-src=\"https:\/\/startercultures.eu\/wp-content\/uploads\/2021\/06\/Vegan-cheese-starter-kit-300x222.png\" alt=\"Veganes Blauschimmelk\u00e4se Starterkultur Kit\" width=\"219\" height=\"162\" srcset=\"data:image\/svg+xml,%3Csvg%20xmlns%3D%27http%3A%2F%2Fwww.w3.org%2F2000%2Fsvg%27%20width%3D%27219%27%20height%3D%27162%27%20viewBox%3D%270%200%20219%20162%27%3E%3Crect%20width%3D%27219%27%20height%3D%27162%27%20fill-opacity%3D%220%22%2F%3E%3C%2Fsvg%3E\" data-srcset=\"https:\/\/startercultures.eu\/wp-content\/uploads\/2021\/06\/Vegan-cheese-starter-kit-200x148.png 200w, https:\/\/startercultures.eu\/wp-content\/uploads\/2021\/06\/Vegan-cheese-starter-kit-300x222.png 300w, https:\/\/startercultures.eu\/wp-content\/uploads\/2021\/06\/Vegan-cheese-starter-kit-400x296.png 400w, https:\/\/startercultures.eu\/wp-content\/uploads\/2021\/06\/Vegan-cheese-starter-kit-500x370.png 500w, https:\/\/startercultures.eu\/wp-content\/uploads\/2021\/06\/Vegan-cheese-starter-kit-600x445.png 600w, https:\/\/startercultures.eu\/wp-content\/uploads\/2021\/06\/Vegan-cheese-starter-kit-700x519.png 700w, https:\/\/startercultures.eu\/wp-content\/uploads\/2021\/06\/Vegan-cheese-starter-kit-768x569.png 768w, https:\/\/startercultures.eu\/wp-content\/uploads\/2021\/06\/Vegan-cheese-starter-kit-800x593.png 800w, https:\/\/startercultures.eu\/wp-content\/uploads\/2021\/06\/Vegan-cheese-starter-kit-1024x759.png 1024w, https:\/\/startercultures.eu\/wp-content\/uploads\/2021\/06\/Vegan-cheese-starter-kit.png 1200w\" data-sizes=\"auto\" data-orig-sizes=\"(max-width: 219px) 100vw, 219px\" \/>s zu Hause, wobei der Schwerpunkt auf veganem Camembert und veganem Blauschimmelk\u00e4se liegt. Foodwriter<a href=\"https:\/\/wateetons.com\/\" target=\"_blank\" rel=\"noopener\">&#8216;Meneer Wateetons&#8217;<\/a>, Autor mehrerer B\u00fccher \u00fcber Fermentierung und alternative Lebensmittelzubereitungstechniken, wird Ihnen alles \u00fcber Fermentierung, P\u00f6kelsalze, Lebensmittelsicherheit, <a href=\"https:\/\/en.wikipedia.org\/wiki\/PH\" target=\"_blank\" rel=\"noopener\">pH-Wert<\/a>, Starterkulturen, Schimmelpilze und Trocknungsbedingungen beibringen. Klicken Sie <a href=\"https:\/\/startercultures.eu\/product\/vegan-main\/vegan-dairy\/online-english-subtitled-vegan-cheese-workshop\/\" target=\"_blank\" rel=\"noopener\">hier<\/a> f\u00fcr weitere Informationen.<\/p>\n<p><img class=\"lazyload\" decoding=\"async\" style=\"border: none !important; margin: 0px !important;\" src=\"data:image\/svg+xml,%3Csvg%20xmlns%3D%27http%3A%2F%2Fwww.w3.org%2F2000%2Fsvg%27%20width%3D%271%27%20height%3D%271%27%20viewBox%3D%270%200%201%201%27%3E%3Crect%20width%3D%271%27%20height%3D%271%27%20fill-opacity%3D%220%22%2F%3E%3C%2Fsvg%3E\" data-orig-src=\"\/\/ir-na.amazon-adsystem.com\/e\/ir?t=startercultur-20&amp;l=am2&amp;o=1&amp;a=1607740087\" alt=\"\" width=\"1\" height=\"1\" border=\"0\" \/><\/p>\n","protected":false},"excerpt":{"rendered":"<p>Dies ist eine kleine, vielseitige 250 g K\u00e4seform f\u00fcr Weichk\u00e4se. Sie ist f\u00fcr K\u00e4sesorten gedacht, die nicht gepresst werden, wie z. B. weiche Ziegenk\u00e4se, Wei\u00dfschimmelk\u00e4se wie Camembert, weiche Blauschimmelk\u00e4se, weiche Rotschmierk\u00e4se und weiche vegane K\u00e4sesorten.<\/p>\n","protected":false},"featured_media":24190,"comment_status":"open","ping_status":"closed","template":"","meta":{"_acf_changed":false,"footnotes":""},"product_brand":[],"product_cat":[646,660,680,678,656,659],"product_tag":[],"class_list":{"0":"post-25025","1":"product","2":"type-product","3":"status-publish","4":"has-post-thumbnail","6":"product_cat-kase","7":"product_cat-schimmelpilze","8":"product_cat-vegane-milchprodukte","9":"product_cat-veganer-kase","10":"product_cat-werkzeuge-de","11":"product_cat-werkzeuge-de-3","12":"product_shipping_class-klein-pakket-de","13":"pa_ean-5420069842512-de","15":"first","16":"instock","17":"taxable","18":"shipping-taxable","19":"purchasable","20":"product-type-simple"},"acf":[],"yoast_head":"<!-- This site is optimized with the Yoast SEO plugin v26.6 - https:\/\/yoast.com\/wordpress\/plugins\/seo\/ -->\n<title>Kleine K\u00e4seform f\u00fcr Weichk\u00e4se | Startercultures.eu<\/title>\n<meta name=\"description\" content=\"Dies ist eine vielseitige Kleine K\u00e4seform f\u00fcr Weichk\u00e4se. Sie ist f\u00fcr K\u00e4se geeignet, der nicht gepresst wird, wie z. B. weicher Ziegenk\u00e4se oder Camembert.\" \/>\n<meta name=\"robots\" content=\"index, follow, max-snippet:-1, max-image-preview:large, max-video-preview:-1\" \/>\n<link rel=\"canonical\" href=\"https:\/\/startercultures.eu\/de\/product\/fermentation-de\/molkerei\/kase\/kaseform-fur-weichkase\/\" \/>\n<meta property=\"og:locale\" content=\"de_DE\" \/>\n<meta property=\"og:type\" content=\"article\" \/>\n<meta property=\"og:title\" content=\"Kleine K\u00e4seform f\u00fcr Weichk\u00e4se | Startercultures.eu\" \/>\n<meta property=\"og:description\" content=\"Dies ist eine vielseitige Kleine K\u00e4seform f\u00fcr Weichk\u00e4se. Sie ist f\u00fcr K\u00e4se geeignet, der nicht gepresst wird, wie z. B. weicher Ziegenk\u00e4se oder Camembert.\" \/>\n<meta property=\"og:url\" content=\"https:\/\/startercultures.eu\/de\/product\/fermentation-de\/molkerei\/kase\/kaseform-fur-weichkase\/\" \/>\n<meta property=\"og:site_name\" content=\"Startercultures.eu\" \/>\n<meta property=\"article:publisher\" content=\"https:\/\/www.facebook.com\/startercultureseu\" \/>\n<meta property=\"article:modified_time\" content=\"2026-04-08T07:43:17+00:00\" \/>\n<meta property=\"og:image\" content=\"https:\/\/startercultures.eu\/wp-content\/uploads\/2020\/09\/kaasvorm-250g.jpg\" \/>\n\t<meta property=\"og:image:width\" content=\"548\" \/>\n\t<meta property=\"og:image:height\" content=\"453\" \/>\n\t<meta property=\"og:image:type\" content=\"image\/jpeg\" \/>\n<meta name=\"twitter:card\" content=\"summary_large_image\" \/>\n<meta name=\"twitter:label1\" content=\"Price\" \/>\n\t<meta name=\"twitter:data1\" content=\"11,99\" \/>\n\t<meta name=\"twitter:label2\" content=\"Availability\" \/>\n\t<meta name=\"twitter:data2\" content=\"Vorr\u00e4tig\" \/>\n<script type=\"application\/ld+json\" class=\"yoast-schema-graph\">{\"@context\":\"https:\/\/schema.org\",\"@graph\":[{\"@type\":\"WebPage\",\"@id\":\"https:\/\/startercultures.eu\/de\/product\/fermentation-de\/molkerei\/kase\/kaseform-fur-weichkase\/\",\"url\":\"https:\/\/startercultures.eu\/de\/product\/fermentation-de\/molkerei\/kase\/kaseform-fur-weichkase\/\",\"name\":\"Kleine K\u00e4seform f\u00fcr Weichk\u00e4se | Startercultures.eu\",\"isPartOf\":{\"@id\":\"https:\/\/startercultures.eu\/de\/#website\"},\"primaryImageOfPage\":{\"@id\":\"https:\/\/startercultures.eu\/de\/product\/fermentation-de\/molkerei\/kase\/kaseform-fur-weichkase\/#primaryimage\"},\"image\":{\"@id\":\"https:\/\/startercultures.eu\/de\/product\/fermentation-de\/molkerei\/kase\/kaseform-fur-weichkase\/#primaryimage\"},\"thumbnailUrl\":\"https:\/\/startercultures.eu\/wp-content\/uploads\/2020\/09\/kaasvorm-250g.jpg\",\"datePublished\":\"2020-09-21T08:51:37+00:00\",\"dateModified\":\"2026-04-08T07:43:17+00:00\",\"description\":\"Dies ist eine vielseitige Kleine K\u00e4seform f\u00fcr Weichk\u00e4se. Sie ist f\u00fcr K\u00e4se geeignet, der nicht gepresst wird, wie z. B. weicher Ziegenk\u00e4se oder Camembert.\",\"breadcrumb\":{\"@id\":\"https:\/\/startercultures.eu\/de\/product\/fermentation-de\/molkerei\/kase\/kaseform-fur-weichkase\/#breadcrumb\"},\"inLanguage\":\"de-DE\",\"potentialAction\":[{\"@type\":\"ReadAction\",\"target\":[\"https:\/\/startercultures.eu\/de\/product\/fermentation-de\/molkerei\/kase\/kaseform-fur-weichkase\/\"]}]},{\"@type\":\"ImageObject\",\"inLanguage\":\"de-DE\",\"@id\":\"https:\/\/startercultures.eu\/de\/product\/fermentation-de\/molkerei\/kase\/kaseform-fur-weichkase\/#primaryimage\",\"url\":\"https:\/\/startercultures.eu\/wp-content\/uploads\/2020\/09\/kaasvorm-250g.jpg\",\"contentUrl\":\"https:\/\/startercultures.eu\/wp-content\/uploads\/2020\/09\/kaasvorm-250g.jpg\",\"width\":548,\"height\":453,\"caption\":\"K\u00e4seform -250g\"},{\"@type\":\"BreadcrumbList\",\"@id\":\"https:\/\/startercultures.eu\/de\/product\/fermentation-de\/molkerei\/kase\/kaseform-fur-weichkase\/#breadcrumb\",\"itemListElement\":[{\"@type\":\"ListItem\",\"position\":1,\"name\":\"Home\",\"item\":\"https:\/\/startercultures.eu\/de\/\"},{\"@type\":\"ListItem\",\"position\":2,\"name\":\"Shop\",\"item\":\"https:\/\/startercultures.eu\/shop\/\"},{\"@type\":\"ListItem\",\"position\":3,\"name\":\"Kleine K\u00e4seform | f\u00fcr Camembert und Blauschimmelk\u00e4se\"}]},{\"@type\":\"WebSite\",\"@id\":\"https:\/\/startercultures.eu\/de\/#website\",\"url\":\"https:\/\/startercultures.eu\/de\/\",\"name\":\"Startercultures.eu\",\"description\":\"Startercultures.eu\",\"publisher\":{\"@id\":\"https:\/\/startercultures.eu\/de\/#organization\"},\"potentialAction\":[{\"@type\":\"SearchAction\",\"target\":{\"@type\":\"EntryPoint\",\"urlTemplate\":\"https:\/\/startercultures.eu\/de\/?s={search_term_string}\"},\"query-input\":{\"@type\":\"PropertyValueSpecification\",\"valueRequired\":true,\"valueName\":\"search_term_string\"}}],\"inLanguage\":\"de-DE\"},{\"@type\":\"Organization\",\"@id\":\"https:\/\/startercultures.eu\/de\/#organization\",\"name\":\"Startercultures.eu\",\"url\":\"https:\/\/startercultures.eu\/de\/\",\"logo\":{\"@type\":\"ImageObject\",\"inLanguage\":\"de-DE\",\"@id\":\"https:\/\/startercultures.eu\/de\/#\/schema\/logo\/image\/\",\"url\":\"https:\/\/startercultures.eu\/wp-content\/uploads\/2020\/08\/startercultures-eu-nl-logo-rond-rgb.png\",\"contentUrl\":\"https:\/\/startercultures.eu\/wp-content\/uploads\/2020\/08\/startercultures-eu-nl-logo-rond-rgb.png\",\"width\":320,\"height\":320,\"caption\":\"Startercultures.eu\"},\"image\":{\"@id\":\"https:\/\/startercultures.eu\/de\/#\/schema\/logo\/image\/\"},\"sameAs\":[\"https:\/\/www.facebook.com\/startercultureseu\",\"https:\/\/www.instagram.com\/startercultures.eu\/\"]}]}<\/script>\n<meta property=\"product:price:amount\" content=\"11.99\" \/>\n<meta property=\"product:price:currency\" content=\"EUR\" \/>\n<meta property=\"og:availability\" content=\"instock\" \/>\n<meta property=\"product:availability\" content=\"instock\" \/>\n<meta property=\"product:retailer_item_id\" content=\"149\" \/>\n<meta property=\"product:condition\" content=\"new\" \/>\n<!-- \/ Yoast SEO plugin. -->","yoast_head_json":{"title":"Kleine K\u00e4seform f\u00fcr Weichk\u00e4se | Startercultures.eu","description":"Dies ist eine vielseitige Kleine K\u00e4seform f\u00fcr Weichk\u00e4se. Sie ist f\u00fcr K\u00e4se geeignet, der nicht gepresst wird, wie z. B. weicher Ziegenk\u00e4se oder Camembert.","robots":{"index":"index","follow":"follow","max-snippet":"max-snippet:-1","max-image-preview":"max-image-preview:large","max-video-preview":"max-video-preview:-1"},"canonical":"https:\/\/startercultures.eu\/de\/product\/fermentation-de\/molkerei\/kase\/kaseform-fur-weichkase\/","og_locale":"de_DE","og_type":"article","og_title":"Kleine K\u00e4seform f\u00fcr Weichk\u00e4se | Startercultures.eu","og_description":"Dies ist eine vielseitige Kleine K\u00e4seform f\u00fcr Weichk\u00e4se. Sie ist f\u00fcr K\u00e4se geeignet, der nicht gepresst wird, wie z. B. weicher Ziegenk\u00e4se oder Camembert.","og_url":"https:\/\/startercultures.eu\/de\/product\/fermentation-de\/molkerei\/kase\/kaseform-fur-weichkase\/","og_site_name":"Startercultures.eu","article_publisher":"https:\/\/www.facebook.com\/startercultureseu","article_modified_time":"2026-04-08T07:43:17+00:00","og_image":[{"width":548,"height":453,"url":"https:\/\/startercultures.eu\/wp-content\/uploads\/2020\/09\/kaasvorm-250g.jpg","type":"image\/jpeg"}],"twitter_card":"summary_large_image","twitter_misc":{"Price":"11,99","Availability":"Vorr\u00e4tig"},"schema":{"@context":"https:\/\/schema.org","@graph":[{"@type":"WebPage","@id":"https:\/\/startercultures.eu\/de\/product\/fermentation-de\/molkerei\/kase\/kaseform-fur-weichkase\/","url":"https:\/\/startercultures.eu\/de\/product\/fermentation-de\/molkerei\/kase\/kaseform-fur-weichkase\/","name":"Kleine K\u00e4seform f\u00fcr Weichk\u00e4se | Startercultures.eu","isPartOf":{"@id":"https:\/\/startercultures.eu\/de\/#website"},"primaryImageOfPage":{"@id":"https:\/\/startercultures.eu\/de\/product\/fermentation-de\/molkerei\/kase\/kaseform-fur-weichkase\/#primaryimage"},"image":{"@id":"https:\/\/startercultures.eu\/de\/product\/fermentation-de\/molkerei\/kase\/kaseform-fur-weichkase\/#primaryimage"},"thumbnailUrl":"https:\/\/startercultures.eu\/wp-content\/uploads\/2020\/09\/kaasvorm-250g.jpg","datePublished":"2020-09-21T08:51:37+00:00","dateModified":"2026-04-08T07:43:17+00:00","description":"Dies ist eine vielseitige Kleine K\u00e4seform f\u00fcr Weichk\u00e4se. Sie ist f\u00fcr K\u00e4se geeignet, der nicht gepresst wird, wie z. B. weicher Ziegenk\u00e4se oder Camembert.","breadcrumb":{"@id":"https:\/\/startercultures.eu\/de\/product\/fermentation-de\/molkerei\/kase\/kaseform-fur-weichkase\/#breadcrumb"},"inLanguage":"de-DE","potentialAction":[{"@type":"ReadAction","target":["https:\/\/startercultures.eu\/de\/product\/fermentation-de\/molkerei\/kase\/kaseform-fur-weichkase\/"]}]},{"@type":"ImageObject","inLanguage":"de-DE","@id":"https:\/\/startercultures.eu\/de\/product\/fermentation-de\/molkerei\/kase\/kaseform-fur-weichkase\/#primaryimage","url":"https:\/\/startercultures.eu\/wp-content\/uploads\/2020\/09\/kaasvorm-250g.jpg","contentUrl":"https:\/\/startercultures.eu\/wp-content\/uploads\/2020\/09\/kaasvorm-250g.jpg","width":548,"height":453,"caption":"K\u00e4seform -250g"},{"@type":"BreadcrumbList","@id":"https:\/\/startercultures.eu\/de\/product\/fermentation-de\/molkerei\/kase\/kaseform-fur-weichkase\/#breadcrumb","itemListElement":[{"@type":"ListItem","position":1,"name":"Home","item":"https:\/\/startercultures.eu\/de\/"},{"@type":"ListItem","position":2,"name":"Shop","item":"https:\/\/startercultures.eu\/shop\/"},{"@type":"ListItem","position":3,"name":"Kleine K\u00e4seform | f\u00fcr Camembert und Blauschimmelk\u00e4se"}]},{"@type":"WebSite","@id":"https:\/\/startercultures.eu\/de\/#website","url":"https:\/\/startercultures.eu\/de\/","name":"Startercultures.eu","description":"Startercultures.eu","publisher":{"@id":"https:\/\/startercultures.eu\/de\/#organization"},"potentialAction":[{"@type":"SearchAction","target":{"@type":"EntryPoint","urlTemplate":"https:\/\/startercultures.eu\/de\/?s={search_term_string}"},"query-input":{"@type":"PropertyValueSpecification","valueRequired":true,"valueName":"search_term_string"}}],"inLanguage":"de-DE"},{"@type":"Organization","@id":"https:\/\/startercultures.eu\/de\/#organization","name":"Startercultures.eu","url":"https:\/\/startercultures.eu\/de\/","logo":{"@type":"ImageObject","inLanguage":"de-DE","@id":"https:\/\/startercultures.eu\/de\/#\/schema\/logo\/image\/","url":"https:\/\/startercultures.eu\/wp-content\/uploads\/2020\/08\/startercultures-eu-nl-logo-rond-rgb.png","contentUrl":"https:\/\/startercultures.eu\/wp-content\/uploads\/2020\/08\/startercultures-eu-nl-logo-rond-rgb.png","width":320,"height":320,"caption":"Startercultures.eu"},"image":{"@id":"https:\/\/startercultures.eu\/de\/#\/schema\/logo\/image\/"},"sameAs":["https:\/\/www.facebook.com\/startercultureseu","https:\/\/www.instagram.com\/startercultures.eu\/"]}]},"product_price_amount":"11.99","product_price_currency":"EUR","og_availability":"instock","product_availability":"instock","product_retailer_item_id":"149","product_condition":"new"},"_links":{"self":[{"href":"https:\/\/startercultures.eu\/de\/wp-json\/wp\/v2\/product\/25025","targetHints":{"allow":["GET"]}}],"collection":[{"href":"https:\/\/startercultures.eu\/de\/wp-json\/wp\/v2\/product"}],"about":[{"href":"https:\/\/startercultures.eu\/de\/wp-json\/wp\/v2\/types\/product"}],"replies":[{"embeddable":true,"href":"https:\/\/startercultures.eu\/de\/wp-json\/wp\/v2\/comments?post=25025"}],"version-history":[{"count":5,"href":"https:\/\/startercultures.eu\/de\/wp-json\/wp\/v2\/product\/25025\/revisions"}],"predecessor-version":[{"id":66003,"href":"https:\/\/startercultures.eu\/de\/wp-json\/wp\/v2\/product\/25025\/revisions\/66003"}],"wp:featuredmedia":[{"embeddable":true,"href":"https:\/\/startercultures.eu\/de\/wp-json\/wp\/v2\/media\/24190"}],"wp:attachment":[{"href":"https:\/\/startercultures.eu\/de\/wp-json\/wp\/v2\/media?parent=25025"}],"wp:term":[{"taxonomy":"product_brand","embeddable":true,"href":"https:\/\/startercultures.eu\/de\/wp-json\/wp\/v2\/product_brand?post=25025"},{"taxonomy":"product_cat","embeddable":true,"href":"https:\/\/startercultures.eu\/de\/wp-json\/wp\/v2\/product_cat?post=25025"},{"taxonomy":"product_tag","embeddable":true,"href":"https:\/\/startercultures.eu\/de\/wp-json\/wp\/v2\/product_tag?post=25025"}],"curies":[{"name":"wp","href":"https:\/\/api.w.org\/{rel}","templated":true}]}}