{"id":25026,"date":"2020-09-21T09:21:13","date_gmt":"2020-09-21T09:21:13","guid":{"rendered":"https:\/\/startercultures.eu\/product\/unkategorisiert\/kaesematte-fuer-die-kaeseherstellung-zu-hause\/"},"modified":"2026-04-09T00:03:40","modified_gmt":"2026-04-08T22:03:40","slug":"kasematte","status":"publish","type":"product","link":"https:\/\/startercultures.eu\/de\/product\/fermentation-de\/molkerei\/kase\/kasematte\/","title":{"rendered":"K\u00e4sematte | f\u00fcr die K\u00e4seherstellung zu Hause"},"content":{"rendered":"<p>Sie verwenden diese <span data-sheets-value=\"{\" data-sheets-userformat=\"{\">Abtropfmatte <\/span>f\u00fcr die Reifung Ihres K\u00e4ses. Die offene Struktur sorgt daf\u00fcr, dass Ihr K\u00e4se von allen Seiten frische Luft bekommt und nicht klebt. Geeignet f\u00fcr Hart- und Weichk\u00e4se sowie veganen K\u00e4se!<\/p>\n<h3>Inhalt<\/h3>\n<ul>\n<li>1 lebensmittelechte K\u00e4sematte aus Kunststoff<\/li>\n<li>Gr\u00f6\u00dfe 20 x 20 cm<\/li>\n<\/ul>\n<h3 data-fontsize=\"21\" data-lineheight=\"27.3px\">Eine <span data-sheets-value=\"{\" data-sheets-userformat=\"{\">Abtropfmatte f\u00fcr reifenden K\u00e4se<\/span> kaufen?<\/h3>\n<p>Bestellen Sie Ihre <span data-sheets-value=\"{\" data-sheets-userformat=\"{\">Abtropfmatte f\u00fcr reifenden K\u00e4se<\/span> bei startercultures.eu, dem europ\u00e4ischen Webshop f\u00fcr alle Ihre Fermentationsbed\u00fcrfnisse. Von Meneer Wateetons, dem bekannten niederl\u00e4ndischen G\u00e4rungsexperten und Autor. Bestellen Sie werktags vor 15 Uhr und wir liefern noch am selben Tag. Fragen zur Verwendung der K\u00e4sematte? Frag Sie in unserem Chat, wir helfen gerne!<\/p>\n<h3>Online-Workshop &#8220;Veganen K\u00e4se zu Hause herstellen&#8221; (mit Untertiteln)<\/h3>\n<p>In <a href=\"https:\/\/startercultures.eu\/product\/vegan-main\/vegan-dairy\/online-english-subtitled-vegan-cheese-workshop\/\" target=\"_blank\" rel=\"noopener\">diesem Workshop mit englischen Untertiteln<\/a> lernen Sie die Theorie und Praxis der Herstellung von veganem K\u00e4se<img decoding=\"async\" class=\"lazyload  wp-image-24266 alignright\" src=\"https:\/\/startercultures.eu\/wp-content\/uploads\/2021\/06\/Vegan-cheese-starter-kit-300x222.png\" data-orig-src=\"https:\/\/startercultures.eu\/wp-content\/uploads\/2021\/06\/Vegan-cheese-starter-kit-300x222.png\" alt=\"Veganes Blauschimmelk\u00e4se Starterkultur Kit\" width=\"219\" height=\"162\" srcset=\"data:image\/svg+xml,%3Csvg%20xmlns%3D%27http%3A%2F%2Fwww.w3.org%2F2000%2Fsvg%27%20width%3D%27219%27%20height%3D%27162%27%20viewBox%3D%270%200%20219%20162%27%3E%3Crect%20width%3D%27219%27%20height%3D%27162%27%20fill-opacity%3D%220%22%2F%3E%3C%2Fsvg%3E\" data-srcset=\"https:\/\/startercultures.eu\/wp-content\/uploads\/2021\/06\/Vegan-cheese-starter-kit-200x148.png 200w, https:\/\/startercultures.eu\/wp-content\/uploads\/2021\/06\/Vegan-cheese-starter-kit-300x222.png 300w, https:\/\/startercultures.eu\/wp-content\/uploads\/2021\/06\/Vegan-cheese-starter-kit-400x296.png 400w, https:\/\/startercultures.eu\/wp-content\/uploads\/2021\/06\/Vegan-cheese-starter-kit-500x370.png 500w, https:\/\/startercultures.eu\/wp-content\/uploads\/2021\/06\/Vegan-cheese-starter-kit-600x445.png 600w, https:\/\/startercultures.eu\/wp-content\/uploads\/2021\/06\/Vegan-cheese-starter-kit-700x519.png 700w, https:\/\/startercultures.eu\/wp-content\/uploads\/2021\/06\/Vegan-cheese-starter-kit-768x569.png 768w, https:\/\/startercultures.eu\/wp-content\/uploads\/2021\/06\/Vegan-cheese-starter-kit-800x593.png 800w, https:\/\/startercultures.eu\/wp-content\/uploads\/2021\/06\/Vegan-cheese-starter-kit-1024x759.png 1024w, https:\/\/startercultures.eu\/wp-content\/uploads\/2021\/06\/Vegan-cheese-starter-kit.png 1200w\" data-sizes=\"auto\" data-orig-sizes=\"(max-width: 219px) 100vw, 219px\" \/>s zu Hause, wobei der Schwerpunkt auf veganem Camembert und veganem Blauschimmelk\u00e4se liegt. Foodwriter<a href=\"https:\/\/wateetons.com\/\" target=\"_blank\" rel=\"noopener\">&#8216;Meneer Wateetons&#8217;<\/a>, Autor mehrerer B\u00fccher \u00fcber Fermentierung und alternative Lebensmittelzubereitungstechniken, wird Ihnen alles \u00fcber Fermentierung, P\u00f6kelsalze, Lebensmittelsicherheit, <a href=\"https:\/\/en.wikipedia.org\/wiki\/PH\" target=\"_blank\" rel=\"noopener\">pH-Wert<\/a>, Starterkulturen, Schimmelpilze und Trocknungsbedingungen beibringen. Klicken Sie <a href=\"https:\/\/startercultures.eu\/product\/vegan-main\/vegan-dairy\/online-english-subtitled-vegan-cheese-workshop\/\" target=\"_blank\" rel=\"noopener\">hier<\/a> f\u00fcr weitere Informationen.<\/p>\n<p><img class=\"lazyload\" decoding=\"async\" style=\"border: none !important; margin: 0px !important;\" src=\"data:image\/svg+xml,%3Csvg%20xmlns%3D%27http%3A%2F%2Fwww.w3.org%2F2000%2Fsvg%27%20width%3D%271%27%20height%3D%271%27%20viewBox%3D%270%200%201%201%27%3E%3Crect%20width%3D%271%27%20height%3D%271%27%20fill-opacity%3D%220%22%2F%3E%3C%2Fsvg%3E\" data-orig-src=\"\/\/ir-na.amazon-adsystem.com\/e\/ir?t=startercultur-20&amp;l=am2&amp;o=1&amp;a=1607740087\" alt=\"\" width=\"1\" height=\"1\" border=\"0\" \/><\/p>\n","protected":false},"excerpt":{"rendered":"<p>Sie verwenden diese K\u00e4sematte f\u00fcr die Reifung Ihres K\u00e4ses. Die offene Struktur sorgt daf\u00fcr, dass Ihr K\u00e4se von allen Seiten frische Luft bekommt und nicht klebt. Geeignet sowohl f\u00fcr Hart- und Weichk\u00e4se als auch f\u00fcr veganen K\u00e4se.<\/p>\n","protected":false},"featured_media":24191,"comment_status":"open","ping_status":"closed","template":"","meta":{"_acf_changed":false,"footnotes":""},"product_brand":[],"product_cat":[646,680,678,656,659],"product_tag":[],"class_list":{"0":"post-25026","1":"product","2":"type-product","3":"status-publish","4":"has-post-thumbnail","6":"product_cat-kase","7":"product_cat-vegane-milchprodukte","8":"product_cat-veganer-kase","9":"product_cat-werkzeuge-de","10":"product_cat-werkzeuge-de-3","11":"product_shipping_class-groot-pakket-de","12":"pa_ean-5420069842383-de","14":"first","15":"instock","16":"taxable","17":"shipping-taxable","18":"purchasable","19":"product-type-simple"},"acf":[],"yoast_head":"<!-- This site is optimized with the Yoast SEO plugin v26.6 - https:\/\/yoast.com\/wordpress\/plugins\/seo\/ -->\n<title>Abtropfmatte f\u00fcr reifenden K\u00e4se | Startercultures.eu<\/title>\n<meta name=\"description\" content=\"Sie verwenden diese Abtropfmatte f\u00fcr die Reifung Ihres K\u00e4ses. Geeignet sowohl f\u00fcr Hart- und Weichk\u00e4se als auch f\u00fcr veganen K\u00e4se.\" \/>\n<meta name=\"robots\" content=\"index, follow, max-snippet:-1, max-image-preview:large, max-video-preview:-1\" \/>\n<link rel=\"canonical\" href=\"https:\/\/startercultures.eu\/de\/product\/fermentation-de\/molkerei\/kase\/kasematte\/\" \/>\n<meta property=\"og:locale\" content=\"de_DE\" \/>\n<meta property=\"og:type\" content=\"article\" \/>\n<meta property=\"og:title\" content=\"Abtropfmatte f\u00fcr reifenden K\u00e4se | Startercultures.eu\" \/>\n<meta property=\"og:description\" content=\"Sie verwenden diese Abtropfmatte f\u00fcr die Reifung Ihres K\u00e4ses. Geeignet sowohl f\u00fcr Hart- und Weichk\u00e4se als auch f\u00fcr veganen K\u00e4se.\" \/>\n<meta property=\"og:url\" content=\"https:\/\/startercultures.eu\/de\/product\/fermentation-de\/molkerei\/kase\/kasematte\/\" \/>\n<meta property=\"og:site_name\" content=\"Startercultures.eu\" \/>\n<meta property=\"article:publisher\" content=\"https:\/\/www.facebook.com\/startercultureseu\" \/>\n<meta property=\"article:modified_time\" content=\"2026-04-08T22:03:40+00:00\" \/>\n<meta property=\"og:image\" content=\"https:\/\/startercultures.eu\/wp-content\/uploads\/2020\/09\/drooggaas-20x20-cm-1.jpg\" \/>\n\t<meta property=\"og:image:width\" content=\"750\" \/>\n\t<meta property=\"og:image:height\" content=\"750\" \/>\n\t<meta property=\"og:image:type\" content=\"image\/jpeg\" \/>\n<meta name=\"twitter:card\" content=\"summary_large_image\" \/>\n<meta name=\"twitter:label1\" content=\"Price\" \/>\n\t<meta name=\"twitter:data1\" content=\"11,99\" \/>\n\t<meta name=\"twitter:label2\" content=\"Availability\" \/>\n\t<meta name=\"twitter:data2\" content=\"Vorr\u00e4tig\" \/>\n<script type=\"application\/ld+json\" class=\"yoast-schema-graph\">{\"@context\":\"https:\/\/schema.org\",\"@graph\":[{\"@type\":\"WebPage\",\"@id\":\"https:\/\/startercultures.eu\/de\/product\/fermentation-de\/molkerei\/kase\/kasematte\/\",\"url\":\"https:\/\/startercultures.eu\/de\/product\/fermentation-de\/molkerei\/kase\/kasematte\/\",\"name\":\"Abtropfmatte f\u00fcr reifenden K\u00e4se | Startercultures.eu\",\"isPartOf\":{\"@id\":\"https:\/\/startercultures.eu\/de\/#website\"},\"primaryImageOfPage\":{\"@id\":\"https:\/\/startercultures.eu\/de\/product\/fermentation-de\/molkerei\/kase\/kasematte\/#primaryimage\"},\"image\":{\"@id\":\"https:\/\/startercultures.eu\/de\/product\/fermentation-de\/molkerei\/kase\/kasematte\/#primaryimage\"},\"thumbnailUrl\":\"https:\/\/startercultures.eu\/wp-content\/uploads\/2020\/09\/drooggaas-20x20-cm-1.jpg\",\"datePublished\":\"2020-09-21T09:21:13+00:00\",\"dateModified\":\"2026-04-08T22:03:40+00:00\",\"description\":\"Sie verwenden diese Abtropfmatte f\u00fcr die Reifung Ihres K\u00e4ses. Geeignet sowohl f\u00fcr Hart- und Weichk\u00e4se als auch f\u00fcr veganen K\u00e4se.\",\"breadcrumb\":{\"@id\":\"https:\/\/startercultures.eu\/de\/product\/fermentation-de\/molkerei\/kase\/kasematte\/#breadcrumb\"},\"inLanguage\":\"de-DE\",\"potentialAction\":[{\"@type\":\"ReadAction\",\"target\":[\"https:\/\/startercultures.eu\/de\/product\/fermentation-de\/molkerei\/kase\/kasematte\/\"]}]},{\"@type\":\"ImageObject\",\"inLanguage\":\"de-DE\",\"@id\":\"https:\/\/startercultures.eu\/de\/product\/fermentation-de\/molkerei\/kase\/kasematte\/#primaryimage\",\"url\":\"https:\/\/startercultures.eu\/wp-content\/uploads\/2020\/09\/drooggaas-20x20-cm-1.jpg\",\"contentUrl\":\"https:\/\/startercultures.eu\/wp-content\/uploads\/2020\/09\/drooggaas-20x20-cm-1.jpg\",\"width\":750,\"height\":750,\"caption\":\"K\u00e4sematte 20x20-cm\"},{\"@type\":\"BreadcrumbList\",\"@id\":\"https:\/\/startercultures.eu\/de\/product\/fermentation-de\/molkerei\/kase\/kasematte\/#breadcrumb\",\"itemListElement\":[{\"@type\":\"ListItem\",\"position\":1,\"name\":\"Home\",\"item\":\"https:\/\/startercultures.eu\/de\/\"},{\"@type\":\"ListItem\",\"position\":2,\"name\":\"Shop\",\"item\":\"https:\/\/startercultures.eu\/shop\/\"},{\"@type\":\"ListItem\",\"position\":3,\"name\":\"K\u00e4sematte | f\u00fcr die K\u00e4seherstellung zu Hause\"}]},{\"@type\":\"WebSite\",\"@id\":\"https:\/\/startercultures.eu\/de\/#website\",\"url\":\"https:\/\/startercultures.eu\/de\/\",\"name\":\"Startercultures.eu\",\"description\":\"Startercultures.eu\",\"publisher\":{\"@id\":\"https:\/\/startercultures.eu\/de\/#organization\"},\"potentialAction\":[{\"@type\":\"SearchAction\",\"target\":{\"@type\":\"EntryPoint\",\"urlTemplate\":\"https:\/\/startercultures.eu\/de\/?s={search_term_string}\"},\"query-input\":{\"@type\":\"PropertyValueSpecification\",\"valueRequired\":true,\"valueName\":\"search_term_string\"}}],\"inLanguage\":\"de-DE\"},{\"@type\":\"Organization\",\"@id\":\"https:\/\/startercultures.eu\/de\/#organization\",\"name\":\"Startercultures.eu\",\"url\":\"https:\/\/startercultures.eu\/de\/\",\"logo\":{\"@type\":\"ImageObject\",\"inLanguage\":\"de-DE\",\"@id\":\"https:\/\/startercultures.eu\/de\/#\/schema\/logo\/image\/\",\"url\":\"https:\/\/startercultures.eu\/wp-content\/uploads\/2020\/08\/startercultures-eu-nl-logo-rond-rgb.png\",\"contentUrl\":\"https:\/\/startercultures.eu\/wp-content\/uploads\/2020\/08\/startercultures-eu-nl-logo-rond-rgb.png\",\"width\":320,\"height\":320,\"caption\":\"Startercultures.eu\"},\"image\":{\"@id\":\"https:\/\/startercultures.eu\/de\/#\/schema\/logo\/image\/\"},\"sameAs\":[\"https:\/\/www.facebook.com\/startercultureseu\",\"https:\/\/www.instagram.com\/startercultures.eu\/\"],\"hasMerchantReturnPolicy\":{\"@type\":\"MerchantReturnPolicy\",\"merchantReturnLink\":\"https:\/\/startercultures.eu\/return-policy\/\"}}]}<\/script>\n<meta property=\"product:price:amount\" content=\"11.99\" \/>\n<meta property=\"product:price:currency\" content=\"EUR\" \/>\n<meta property=\"og:availability\" content=\"instock\" \/>\n<meta property=\"product:availability\" content=\"instock\" \/>\n<meta property=\"product:retailer_item_id\" content=\"151\" \/>\n<meta property=\"product:condition\" content=\"new\" \/>\n<!-- \/ Yoast SEO plugin. -->","yoast_head_json":{"title":"Abtropfmatte f\u00fcr reifenden K\u00e4se | Startercultures.eu","description":"Sie verwenden diese Abtropfmatte f\u00fcr die Reifung Ihres K\u00e4ses. Geeignet sowohl f\u00fcr Hart- und Weichk\u00e4se als auch f\u00fcr veganen K\u00e4se.","robots":{"index":"index","follow":"follow","max-snippet":"max-snippet:-1","max-image-preview":"max-image-preview:large","max-video-preview":"max-video-preview:-1"},"canonical":"https:\/\/startercultures.eu\/de\/product\/fermentation-de\/molkerei\/kase\/kasematte\/","og_locale":"de_DE","og_type":"article","og_title":"Abtropfmatte f\u00fcr reifenden K\u00e4se | Startercultures.eu","og_description":"Sie verwenden diese Abtropfmatte f\u00fcr die Reifung Ihres K\u00e4ses. Geeignet sowohl f\u00fcr Hart- und Weichk\u00e4se als auch f\u00fcr veganen K\u00e4se.","og_url":"https:\/\/startercultures.eu\/de\/product\/fermentation-de\/molkerei\/kase\/kasematte\/","og_site_name":"Startercultures.eu","article_publisher":"https:\/\/www.facebook.com\/startercultureseu","article_modified_time":"2026-04-08T22:03:40+00:00","og_image":[{"width":750,"height":750,"url":"https:\/\/startercultures.eu\/wp-content\/uploads\/2020\/09\/drooggaas-20x20-cm-1.jpg","type":"image\/jpeg"}],"twitter_card":"summary_large_image","twitter_misc":{"Price":"11,99","Availability":"Vorr\u00e4tig"},"schema":{"@context":"https:\/\/schema.org","@graph":[{"@type":"WebPage","@id":"https:\/\/startercultures.eu\/de\/product\/fermentation-de\/molkerei\/kase\/kasematte\/","url":"https:\/\/startercultures.eu\/de\/product\/fermentation-de\/molkerei\/kase\/kasematte\/","name":"Abtropfmatte f\u00fcr reifenden K\u00e4se | Startercultures.eu","isPartOf":{"@id":"https:\/\/startercultures.eu\/de\/#website"},"primaryImageOfPage":{"@id":"https:\/\/startercultures.eu\/de\/product\/fermentation-de\/molkerei\/kase\/kasematte\/#primaryimage"},"image":{"@id":"https:\/\/startercultures.eu\/de\/product\/fermentation-de\/molkerei\/kase\/kasematte\/#primaryimage"},"thumbnailUrl":"https:\/\/startercultures.eu\/wp-content\/uploads\/2020\/09\/drooggaas-20x20-cm-1.jpg","datePublished":"2020-09-21T09:21:13+00:00","dateModified":"2026-04-08T22:03:40+00:00","description":"Sie verwenden diese Abtropfmatte f\u00fcr die Reifung Ihres K\u00e4ses. Geeignet sowohl f\u00fcr Hart- und Weichk\u00e4se als auch f\u00fcr veganen K\u00e4se.","breadcrumb":{"@id":"https:\/\/startercultures.eu\/de\/product\/fermentation-de\/molkerei\/kase\/kasematte\/#breadcrumb"},"inLanguage":"de-DE","potentialAction":[{"@type":"ReadAction","target":["https:\/\/startercultures.eu\/de\/product\/fermentation-de\/molkerei\/kase\/kasematte\/"]}]},{"@type":"ImageObject","inLanguage":"de-DE","@id":"https:\/\/startercultures.eu\/de\/product\/fermentation-de\/molkerei\/kase\/kasematte\/#primaryimage","url":"https:\/\/startercultures.eu\/wp-content\/uploads\/2020\/09\/drooggaas-20x20-cm-1.jpg","contentUrl":"https:\/\/startercultures.eu\/wp-content\/uploads\/2020\/09\/drooggaas-20x20-cm-1.jpg","width":750,"height":750,"caption":"K\u00e4sematte 20x20-cm"},{"@type":"BreadcrumbList","@id":"https:\/\/startercultures.eu\/de\/product\/fermentation-de\/molkerei\/kase\/kasematte\/#breadcrumb","itemListElement":[{"@type":"ListItem","position":1,"name":"Home","item":"https:\/\/startercultures.eu\/de\/"},{"@type":"ListItem","position":2,"name":"Shop","item":"https:\/\/startercultures.eu\/shop\/"},{"@type":"ListItem","position":3,"name":"K\u00e4sematte | f\u00fcr die K\u00e4seherstellung zu Hause"}]},{"@type":"WebSite","@id":"https:\/\/startercultures.eu\/de\/#website","url":"https:\/\/startercultures.eu\/de\/","name":"Startercultures.eu","description":"Startercultures.eu","publisher":{"@id":"https:\/\/startercultures.eu\/de\/#organization"},"potentialAction":[{"@type":"SearchAction","target":{"@type":"EntryPoint","urlTemplate":"https:\/\/startercultures.eu\/de\/?s={search_term_string}"},"query-input":{"@type":"PropertyValueSpecification","valueRequired":true,"valueName":"search_term_string"}}],"inLanguage":"de-DE"},{"@type":"Organization","@id":"https:\/\/startercultures.eu\/de\/#organization","name":"Startercultures.eu","url":"https:\/\/startercultures.eu\/de\/","logo":{"@type":"ImageObject","inLanguage":"de-DE","@id":"https:\/\/startercultures.eu\/de\/#\/schema\/logo\/image\/","url":"https:\/\/startercultures.eu\/wp-content\/uploads\/2020\/08\/startercultures-eu-nl-logo-rond-rgb.png","contentUrl":"https:\/\/startercultures.eu\/wp-content\/uploads\/2020\/08\/startercultures-eu-nl-logo-rond-rgb.png","width":320,"height":320,"caption":"Startercultures.eu"},"image":{"@id":"https:\/\/startercultures.eu\/de\/#\/schema\/logo\/image\/"},"sameAs":["https:\/\/www.facebook.com\/startercultureseu","https:\/\/www.instagram.com\/startercultures.eu\/"],"hasMerchantReturnPolicy":{"@type":"MerchantReturnPolicy","merchantReturnLink":"https:\/\/startercultures.eu\/return-policy\/"}}]},"product_price_amount":"11.99","product_price_currency":"EUR","og_availability":"instock","product_availability":"instock","product_retailer_item_id":"151","product_condition":"new"},"_links":{"self":[{"href":"https:\/\/startercultures.eu\/de\/wp-json\/wp\/v2\/product\/25026","targetHints":{"allow":["GET"]}}],"collection":[{"href":"https:\/\/startercultures.eu\/de\/wp-json\/wp\/v2\/product"}],"about":[{"href":"https:\/\/startercultures.eu\/de\/wp-json\/wp\/v2\/types\/product"}],"replies":[{"embeddable":true,"href":"https:\/\/startercultures.eu\/de\/wp-json\/wp\/v2\/comments?post=25026"}],"version-history":[{"count":1,"href":"https:\/\/startercultures.eu\/de\/wp-json\/wp\/v2\/product\/25026\/revisions"}],"predecessor-version":[{"id":59998,"href":"https:\/\/startercultures.eu\/de\/wp-json\/wp\/v2\/product\/25026\/revisions\/59998"}],"wp:featuredmedia":[{"embeddable":true,"href":"https:\/\/startercultures.eu\/de\/wp-json\/wp\/v2\/media\/24191"}],"wp:attachment":[{"href":"https:\/\/startercultures.eu\/de\/wp-json\/wp\/v2\/media?parent=25026"}],"wp:term":[{"taxonomy":"product_brand","embeddable":true,"href":"https:\/\/startercultures.eu\/de\/wp-json\/wp\/v2\/product_brand?post=25026"},{"taxonomy":"product_cat","embeddable":true,"href":"https:\/\/startercultures.eu\/de\/wp-json\/wp\/v2\/product_cat?post=25026"},{"taxonomy":"product_tag","embeddable":true,"href":"https:\/\/startercultures.eu\/de\/wp-json\/wp\/v2\/product_tag?post=25026"}],"curies":[{"name":"wp","href":"https:\/\/api.w.org\/{rel}","templated":true}]}}