{"id":25027,"date":"2020-11-05T13:59:55","date_gmt":"2020-11-05T13:59:55","guid":{"rendered":"https:\/\/startercultures.eu\/product\/unkategorisiert\/naturkollagendarm-fuer-die-wurstherstellung-26-mm\/"},"modified":"2025-09-14T19:33:14","modified_gmt":"2025-09-14T17:33:14","slug":"naturliches-kollagen-gehause-fur-die-wurstherstellung-26-mm","status":"publish","type":"product","link":"https:\/\/startercultures.eu\/de\/product\/wurstwaren-und-charcuterie-de\/darme\/naturdarme\/naturliches-kollagen-gehause-fur-die-wurstherstellung-26-mm\/","title":{"rendered":"Naturkollagendarm | f\u00fcr die Wurstherstellung &#8211; 26 mm"},"content":{"rendered":"<h3>Was sind nat\u00fcrliche Kollagend\u00e4rme f\u00fcr W\u00fcrste?<\/h3>\n<p>Kollagend\u00e4rme werden haupts\u00e4chlich aus dem Kollagen von Rinder- oder Schweineh\u00e4uten sowie aus Knochen und Sehnen hergestellt. Sie k\u00f6nnen auch aus Gefl\u00fcgel und Fisch gewonnen werden. Kollagend\u00e4rme sind in der Verwendung kosteng\u00fcnstiger, erm\u00f6glichen eine bessere Gewichts- und Gr\u00f6\u00dfenkontrolle und sind im Vergleich zu Naturd\u00e4rmen einfacher zu f\u00fchren. Sie k\u00f6nnen auch von denjenigen verwendet werden, die keine tierischen D\u00e4rme essen oder ber\u00fchren wollen. Au\u00dferdem m\u00fcssen sie nicht eingeweicht werden und k\u00f6nnen praktisch unbegrenzt au\u00dferhalb des K\u00fchlschranks gelagert werden.<\/p>\n<h3>\u00dcber unseren nat\u00fcrlichen <span data-sheets-value=\"{\" data-sheets-userformat=\"{\">Kollagendarm<\/span> f\u00fcr W\u00fcrste &#8211; 26 mm<\/h3>\n<p>Unsere Kollagend\u00e4rme werden aus Rindfleisch hergestellt, sind essbar und nicht weniger als 12 Meter lang. Der Durchmesser des Schlauchs betr\u00e4gt 26 mm, aber der Durchmesser der Wurst entspricht in etwa dem eines frischen Schweinedarms.<\/p>\n<h3>Inhalt<\/h3>\n<ul>\n<li>Durchmesser: 26 mm, aber der Wurstdurchmesser ist gr\u00f6\u00dfer<\/li>\n<li>Verkauf pro Schlauch (ca. 12 Meter)<\/li>\n<li>vakuumversiegelt<\/li>\n<li>kann bei Umgebungstemperaturen gelagert werden<\/li>\n<li>die Haltbarkeit betr\u00e4gt formal etwa 12 Monate, aber in der Praxis sind sie nicht verderblich<\/li>\n<\/ul>\n<h3>Wie man den nat\u00fcrlichen <span data-sheets-value=\"{\" data-sheets-userformat=\"{\">Kollagendarm<\/span> f\u00fcr W\u00fcrste verwendet<\/h3>\n<ul>\n<li>Sie m\u00fcssen nicht erst eingeweicht werden<\/li>\n<li>Die Kollagend\u00e4rme sollten nicht zu sehr verdreht werden &#8211; nicht mehr als 1 1\/2- bis 2-mal.<\/li>\n<li>Kollagend\u00e4rme sollten nicht \u00fcberf\u00fcllt werden, da sie sonst rei\u00dfen.<\/li>\n<li>Achten Sie auf die Luftfeuchtigkeit in Ihrem R\u00e4ucherofen. Niedrige Luftfeuchtigkeit f\u00fchrt zu harten D\u00e4rmen.<\/li>\n<li>Bewahren Sie Ihre ge\u00f6ffneten Kollagend\u00e4rme gut verschlossen im K\u00fchlschrank auf, denn sie ziehen Feuchtigkeit an, was nicht gut ist.<\/li>\n<\/ul>\n<h3>Online-Workshop zur Wurstherstellung in englischer Sprache<img decoding=\"async\" class=\"lazyload  wp-image-23961 alignright\" src=\"https:\/\/startercultures.eu\/wp-content\/uploads\/2020\/12\/sausage-making-workshop-450-300x300.png\" data-orig-src=\"https:\/\/startercultures.eu\/wp-content\/uploads\/2020\/12\/sausage-making-workshop-450-300x300.png\" alt=\"Lernen Sie, wie Sie zu Hause Trockenwurst herstellen\" width=\"126\" height=\"126\" srcset=\"data:image\/svg+xml,%3Csvg%20xmlns%3D%27http%3A%2F%2Fwww.w3.org%2F2000%2Fsvg%27%20width%3D%27126%27%20height%3D%27126%27%20viewBox%3D%270%200%20126%20126%27%3E%3Crect%20width%3D%27126%27%20height%3D%27126%27%20fill-opacity%3D%220%22%2F%3E%3C%2Fsvg%3E\" data-srcset=\"https:\/\/startercultures.eu\/wp-content\/uploads\/2020\/12\/sausage-making-workshop-450-66x66.png 66w, https:\/\/startercultures.eu\/wp-content\/uploads\/2020\/12\/sausage-making-workshop-450-70x70.png 70w, https:\/\/startercultures.eu\/wp-content\/uploads\/2020\/12\/sausage-making-workshop-450-100x100.png 100w, https:\/\/startercultures.eu\/wp-content\/uploads\/2020\/12\/sausage-making-workshop-450-150x150.png 150w, https:\/\/startercultures.eu\/wp-content\/uploads\/2020\/12\/sausage-making-workshop-450-200x200.png 200w, https:\/\/startercultures.eu\/wp-content\/uploads\/2020\/12\/sausage-making-workshop-450-300x300.png 300w, https:\/\/startercultures.eu\/wp-content\/uploads\/2020\/12\/sausage-making-workshop-450-400x399.png 400w, https:\/\/startercultures.eu\/wp-content\/uploads\/2020\/12\/sausage-making-workshop-450.png 450w\" data-sizes=\"auto\" data-orig-sizes=\"(max-width: 126px) 100vw, 126px\" \/><\/h3>\n<p>In diesem <a href=\"https:\/\/startercultures.eu\/product\/sausages-and-charcuterie\/online-sausage-making-workshop\/\" target=\"_blank\" rel=\"noopener\">englischsprachigen Online-Workshop<\/a> lernen Sie die Theorie und Praxis der Herstellung von frischen W\u00fcrsten. Welche Fleischsorten eignen sich am besten, wo findet man die Zutaten, was sind die gr\u00f6\u00dften Fallstricke und was kann man mit D\u00e4rmen alles anstellen? Foodwriter <a href=\"https:\/\/wateetons.com\/\" target=\"_blank\" rel=\"noopener\">&#8216;Meneer Wateetons&#8217;<\/a>, Autor mehrerer B\u00fccher \u00fcber Fermentierung und alternative Lebensmittelzubereitungstechniken, wird Ihnen alles \u00fcber Fermentierung, P\u00f6kelsalze, Lebensmittelsicherheit, pH-Wert, Starterkulturen, Schimmelpilze und Trocknungsbedingungen beibringen. Klicken Sie <a href=\"https:\/\/startercultures.eu\/product\/sausages-and-charcuterie\/online-sausage-making-workshop\/\" target=\"_blank\" rel=\"noopener\">hier<\/a> f\u00fcr weitere Informationen.<\/p>\n<p>&nbsp;<\/p>\n","protected":false},"excerpt":{"rendered":"<p>Kollagend\u00e4rme sind in der Verwendung kosteng\u00fcnstiger, erm\u00f6glichen eine bessere Gewichts- und Gr\u00f6\u00dfenkontrolle und sind im Vergleich zu Naturd\u00e4rmen einfacher zu f\u00fchren. Sie k\u00f6nnen auch von denjenigen verwendet werden, die keine tierischen D\u00e4rme essen oder ber\u00fchren wollen. Au\u00dferdem m\u00fcssen sie nicht eingeweicht werden und k\u00f6nnen praktisch unbegrenzt au\u00dferhalb des K\u00fchlschranks gelagert werden.<\/p>\n","protected":false},"featured_media":24209,"comment_status":"open","ping_status":"closed","template":"","meta":{"_acf_changed":false,"footnotes":""},"product_brand":[],"product_cat":[670],"product_tag":[],"class_list":{"0":"post-25027","1":"product","2":"type-product","3":"status-publish","4":"has-post-thumbnail","6":"product_cat-naturdarme","7":"pa_ean-8720297620966-de","9":"first","10":"instock","11":"taxable","12":"shipping-taxable","13":"purchasable","14":"product-type-simple"},"acf":[],"yoast_head":"<!-- This site is optimized with the Yoast SEO plugin v26.6 - https:\/\/yoast.com\/wordpress\/plugins\/seo\/ -->\n<title>Kollagendarm f\u00fcr die Wurstherstellung | Startercultures.eu<\/title>\n<meta name=\"description\" content=\"Ein Kollagendarm ist kosteng\u00fcnstiger in der Verwendung, erm\u00f6glicht eine bessere Gewichts- und Gr\u00f6\u00dfenkontrolle und ist im Vergleich zu Naturd\u00e4rmen einfacher zu f\u00fchren.\" \/>\n<meta name=\"robots\" content=\"index, follow, max-snippet:-1, max-image-preview:large, max-video-preview:-1\" \/>\n<link rel=\"canonical\" href=\"https:\/\/startercultures.eu\/de\/product\/wurstwaren-und-charcuterie-de\/darme\/naturdarme\/naturliches-kollagen-gehause-fur-die-wurstherstellung-26-mm\/\" \/>\n<meta property=\"og:locale\" content=\"de_DE\" \/>\n<meta property=\"og:type\" content=\"article\" \/>\n<meta property=\"og:title\" content=\"Kollagendarm f\u00fcr die Wurstherstellung | Startercultures.eu\" \/>\n<meta property=\"og:description\" content=\"Ein Kollagendarm ist kosteng\u00fcnstiger in der Verwendung, erm\u00f6glicht eine bessere Gewichts- und Gr\u00f6\u00dfenkontrolle und ist im Vergleich zu Naturd\u00e4rmen einfacher zu f\u00fchren.\" \/>\n<meta property=\"og:url\" content=\"https:\/\/startercultures.eu\/de\/product\/wurstwaren-und-charcuterie-de\/darme\/naturdarme\/naturliches-kollagen-gehause-fur-die-wurstherstellung-26-mm\/\" \/>\n<meta property=\"og:site_name\" content=\"Startercultures.eu\" \/>\n<meta property=\"article:publisher\" content=\"https:\/\/www.facebook.com\/startercultureseu\" \/>\n<meta property=\"article:modified_time\" content=\"2025-09-14T17:33:14+00:00\" \/>\n<meta property=\"og:image\" content=\"https:\/\/startercultures.eu\/wp-content\/uploads\/2020\/11\/Natural-collagen-casing-26-mm.png\" \/>\n\t<meta property=\"og:image:width\" content=\"450\" \/>\n\t<meta property=\"og:image:height\" content=\"450\" \/>\n\t<meta property=\"og:image:type\" content=\"image\/png\" \/>\n<meta name=\"twitter:card\" content=\"summary_large_image\" \/>\n<meta name=\"twitter:label1\" content=\"Price\" \/>\n\t<meta name=\"twitter:data1\" content=\"15,99\" \/>\n\t<meta name=\"twitter:label2\" content=\"Availability\" \/>\n\t<meta name=\"twitter:data2\" content=\"Vorr\u00e4tig\" \/>\n<script type=\"application\/ld+json\" class=\"yoast-schema-graph\">{\"@context\":\"https:\/\/schema.org\",\"@graph\":[{\"@type\":\"WebPage\",\"@id\":\"https:\/\/startercultures.eu\/de\/product\/wurstwaren-und-charcuterie-de\/darme\/naturdarme\/naturliches-kollagen-gehause-fur-die-wurstherstellung-26-mm\/\",\"url\":\"https:\/\/startercultures.eu\/de\/product\/wurstwaren-und-charcuterie-de\/darme\/naturdarme\/naturliches-kollagen-gehause-fur-die-wurstherstellung-26-mm\/\",\"name\":\"Kollagendarm f\u00fcr die Wurstherstellung | Startercultures.eu\",\"isPartOf\":{\"@id\":\"https:\/\/startercultures.eu\/de\/#website\"},\"primaryImageOfPage\":{\"@id\":\"https:\/\/startercultures.eu\/de\/product\/wurstwaren-und-charcuterie-de\/darme\/naturdarme\/naturliches-kollagen-gehause-fur-die-wurstherstellung-26-mm\/#primaryimage\"},\"image\":{\"@id\":\"https:\/\/startercultures.eu\/de\/product\/wurstwaren-und-charcuterie-de\/darme\/naturdarme\/naturliches-kollagen-gehause-fur-die-wurstherstellung-26-mm\/#primaryimage\"},\"thumbnailUrl\":\"https:\/\/startercultures.eu\/wp-content\/uploads\/2020\/11\/Natural-collagen-casing-26-mm.png\",\"datePublished\":\"2020-11-05T13:59:55+00:00\",\"dateModified\":\"2025-09-14T17:33:14+00:00\",\"description\":\"Ein Kollagendarm ist kosteng\u00fcnstiger in der Verwendung, erm\u00f6glicht eine bessere Gewichts- und Gr\u00f6\u00dfenkontrolle und ist im Vergleich zu Naturd\u00e4rmen einfacher zu f\u00fchren.\",\"breadcrumb\":{\"@id\":\"https:\/\/startercultures.eu\/de\/product\/wurstwaren-und-charcuterie-de\/darme\/naturdarme\/naturliches-kollagen-gehause-fur-die-wurstherstellung-26-mm\/#breadcrumb\"},\"inLanguage\":\"de-DE\",\"potentialAction\":[{\"@type\":\"ReadAction\",\"target\":[\"https:\/\/startercultures.eu\/de\/product\/wurstwaren-und-charcuterie-de\/darme\/naturdarme\/naturliches-kollagen-gehause-fur-die-wurstherstellung-26-mm\/\"]}]},{\"@type\":\"ImageObject\",\"inLanguage\":\"de-DE\",\"@id\":\"https:\/\/startercultures.eu\/de\/product\/wurstwaren-und-charcuterie-de\/darme\/naturdarme\/naturliches-kollagen-gehause-fur-die-wurstherstellung-26-mm\/#primaryimage\",\"url\":\"https:\/\/startercultures.eu\/wp-content\/uploads\/2020\/11\/Natural-collagen-casing-26-mm.png\",\"contentUrl\":\"https:\/\/startercultures.eu\/wp-content\/uploads\/2020\/11\/Natural-collagen-casing-26-mm.png\",\"width\":450,\"height\":450,\"caption\":\"Naturkollagendarm 26 mm\"},{\"@type\":\"BreadcrumbList\",\"@id\":\"https:\/\/startercultures.eu\/de\/product\/wurstwaren-und-charcuterie-de\/darme\/naturdarme\/naturliches-kollagen-gehause-fur-die-wurstherstellung-26-mm\/#breadcrumb\",\"itemListElement\":[{\"@type\":\"ListItem\",\"position\":1,\"name\":\"Home\",\"item\":\"https:\/\/startercultures.eu\/de\/\"},{\"@type\":\"ListItem\",\"position\":2,\"name\":\"Shop\",\"item\":\"https:\/\/startercultures.eu\/shop\/\"},{\"@type\":\"ListItem\",\"position\":3,\"name\":\"Naturkollagendarm | f\u00fcr die Wurstherstellung &#8211; 26 mm\"}]},{\"@type\":\"WebSite\",\"@id\":\"https:\/\/startercultures.eu\/de\/#website\",\"url\":\"https:\/\/startercultures.eu\/de\/\",\"name\":\"Startercultures.eu\",\"description\":\"Startercultures.eu\",\"publisher\":{\"@id\":\"https:\/\/startercultures.eu\/de\/#organization\"},\"potentialAction\":[{\"@type\":\"SearchAction\",\"target\":{\"@type\":\"EntryPoint\",\"urlTemplate\":\"https:\/\/startercultures.eu\/de\/?s={search_term_string}\"},\"query-input\":{\"@type\":\"PropertyValueSpecification\",\"valueRequired\":true,\"valueName\":\"search_term_string\"}}],\"inLanguage\":\"de-DE\"},{\"@type\":\"Organization\",\"@id\":\"https:\/\/startercultures.eu\/de\/#organization\",\"name\":\"Startercultures.eu\",\"url\":\"https:\/\/startercultures.eu\/de\/\",\"logo\":{\"@type\":\"ImageObject\",\"inLanguage\":\"de-DE\",\"@id\":\"https:\/\/startercultures.eu\/de\/#\/schema\/logo\/image\/\",\"url\":\"https:\/\/startercultures.eu\/wp-content\/uploads\/2020\/08\/startercultures-eu-nl-logo-rond-rgb.png\",\"contentUrl\":\"https:\/\/startercultures.eu\/wp-content\/uploads\/2020\/08\/startercultures-eu-nl-logo-rond-rgb.png\",\"width\":320,\"height\":320,\"caption\":\"Startercultures.eu\"},\"image\":{\"@id\":\"https:\/\/startercultures.eu\/de\/#\/schema\/logo\/image\/\"},\"sameAs\":[\"https:\/\/www.facebook.com\/startercultureseu\",\"https:\/\/www.instagram.com\/startercultures.eu\/\"]}]}<\/script>\n<meta property=\"product:price:amount\" content=\"15.99\" \/>\n<meta property=\"product:price:currency\" content=\"EUR\" \/>\n<meta property=\"og:availability\" content=\"instock\" \/>\n<meta property=\"product:availability\" content=\"instock\" \/>\n<meta property=\"product:retailer_item_id\" content=\"153\" \/>\n<meta property=\"product:condition\" content=\"new\" \/>\n<!-- \/ Yoast SEO plugin. -->","yoast_head_json":{"title":"Kollagendarm f\u00fcr die Wurstherstellung | Startercultures.eu","description":"Ein Kollagendarm ist kosteng\u00fcnstiger in der Verwendung, erm\u00f6glicht eine bessere Gewichts- und Gr\u00f6\u00dfenkontrolle und ist im Vergleich zu Naturd\u00e4rmen einfacher zu f\u00fchren.","robots":{"index":"index","follow":"follow","max-snippet":"max-snippet:-1","max-image-preview":"max-image-preview:large","max-video-preview":"max-video-preview:-1"},"canonical":"https:\/\/startercultures.eu\/de\/product\/wurstwaren-und-charcuterie-de\/darme\/naturdarme\/naturliches-kollagen-gehause-fur-die-wurstherstellung-26-mm\/","og_locale":"de_DE","og_type":"article","og_title":"Kollagendarm f\u00fcr die Wurstherstellung | Startercultures.eu","og_description":"Ein Kollagendarm ist kosteng\u00fcnstiger in der Verwendung, erm\u00f6glicht eine bessere Gewichts- und Gr\u00f6\u00dfenkontrolle und ist im Vergleich zu Naturd\u00e4rmen einfacher zu f\u00fchren.","og_url":"https:\/\/startercultures.eu\/de\/product\/wurstwaren-und-charcuterie-de\/darme\/naturdarme\/naturliches-kollagen-gehause-fur-die-wurstherstellung-26-mm\/","og_site_name":"Startercultures.eu","article_publisher":"https:\/\/www.facebook.com\/startercultureseu","article_modified_time":"2025-09-14T17:33:14+00:00","og_image":[{"width":450,"height":450,"url":"https:\/\/startercultures.eu\/wp-content\/uploads\/2020\/11\/Natural-collagen-casing-26-mm.png","type":"image\/png"}],"twitter_card":"summary_large_image","twitter_misc":{"Price":"15,99","Availability":"Vorr\u00e4tig"},"schema":{"@context":"https:\/\/schema.org","@graph":[{"@type":"WebPage","@id":"https:\/\/startercultures.eu\/de\/product\/wurstwaren-und-charcuterie-de\/darme\/naturdarme\/naturliches-kollagen-gehause-fur-die-wurstherstellung-26-mm\/","url":"https:\/\/startercultures.eu\/de\/product\/wurstwaren-und-charcuterie-de\/darme\/naturdarme\/naturliches-kollagen-gehause-fur-die-wurstherstellung-26-mm\/","name":"Kollagendarm f\u00fcr die Wurstherstellung | Startercultures.eu","isPartOf":{"@id":"https:\/\/startercultures.eu\/de\/#website"},"primaryImageOfPage":{"@id":"https:\/\/startercultures.eu\/de\/product\/wurstwaren-und-charcuterie-de\/darme\/naturdarme\/naturliches-kollagen-gehause-fur-die-wurstherstellung-26-mm\/#primaryimage"},"image":{"@id":"https:\/\/startercultures.eu\/de\/product\/wurstwaren-und-charcuterie-de\/darme\/naturdarme\/naturliches-kollagen-gehause-fur-die-wurstherstellung-26-mm\/#primaryimage"},"thumbnailUrl":"https:\/\/startercultures.eu\/wp-content\/uploads\/2020\/11\/Natural-collagen-casing-26-mm.png","datePublished":"2020-11-05T13:59:55+00:00","dateModified":"2025-09-14T17:33:14+00:00","description":"Ein Kollagendarm ist kosteng\u00fcnstiger in der Verwendung, erm\u00f6glicht eine bessere Gewichts- und Gr\u00f6\u00dfenkontrolle und ist im Vergleich zu Naturd\u00e4rmen einfacher zu f\u00fchren.","breadcrumb":{"@id":"https:\/\/startercultures.eu\/de\/product\/wurstwaren-und-charcuterie-de\/darme\/naturdarme\/naturliches-kollagen-gehause-fur-die-wurstherstellung-26-mm\/#breadcrumb"},"inLanguage":"de-DE","potentialAction":[{"@type":"ReadAction","target":["https:\/\/startercultures.eu\/de\/product\/wurstwaren-und-charcuterie-de\/darme\/naturdarme\/naturliches-kollagen-gehause-fur-die-wurstherstellung-26-mm\/"]}]},{"@type":"ImageObject","inLanguage":"de-DE","@id":"https:\/\/startercultures.eu\/de\/product\/wurstwaren-und-charcuterie-de\/darme\/naturdarme\/naturliches-kollagen-gehause-fur-die-wurstherstellung-26-mm\/#primaryimage","url":"https:\/\/startercultures.eu\/wp-content\/uploads\/2020\/11\/Natural-collagen-casing-26-mm.png","contentUrl":"https:\/\/startercultures.eu\/wp-content\/uploads\/2020\/11\/Natural-collagen-casing-26-mm.png","width":450,"height":450,"caption":"Naturkollagendarm 26 mm"},{"@type":"BreadcrumbList","@id":"https:\/\/startercultures.eu\/de\/product\/wurstwaren-und-charcuterie-de\/darme\/naturdarme\/naturliches-kollagen-gehause-fur-die-wurstherstellung-26-mm\/#breadcrumb","itemListElement":[{"@type":"ListItem","position":1,"name":"Home","item":"https:\/\/startercultures.eu\/de\/"},{"@type":"ListItem","position":2,"name":"Shop","item":"https:\/\/startercultures.eu\/shop\/"},{"@type":"ListItem","position":3,"name":"Naturkollagendarm | f\u00fcr die Wurstherstellung &#8211; 26 mm"}]},{"@type":"WebSite","@id":"https:\/\/startercultures.eu\/de\/#website","url":"https:\/\/startercultures.eu\/de\/","name":"Startercultures.eu","description":"Startercultures.eu","publisher":{"@id":"https:\/\/startercultures.eu\/de\/#organization"},"potentialAction":[{"@type":"SearchAction","target":{"@type":"EntryPoint","urlTemplate":"https:\/\/startercultures.eu\/de\/?s={search_term_string}"},"query-input":{"@type":"PropertyValueSpecification","valueRequired":true,"valueName":"search_term_string"}}],"inLanguage":"de-DE"},{"@type":"Organization","@id":"https:\/\/startercultures.eu\/de\/#organization","name":"Startercultures.eu","url":"https:\/\/startercultures.eu\/de\/","logo":{"@type":"ImageObject","inLanguage":"de-DE","@id":"https:\/\/startercultures.eu\/de\/#\/schema\/logo\/image\/","url":"https:\/\/startercultures.eu\/wp-content\/uploads\/2020\/08\/startercultures-eu-nl-logo-rond-rgb.png","contentUrl":"https:\/\/startercultures.eu\/wp-content\/uploads\/2020\/08\/startercultures-eu-nl-logo-rond-rgb.png","width":320,"height":320,"caption":"Startercultures.eu"},"image":{"@id":"https:\/\/startercultures.eu\/de\/#\/schema\/logo\/image\/"},"sameAs":["https:\/\/www.facebook.com\/startercultureseu","https:\/\/www.instagram.com\/startercultures.eu\/"]}]},"product_price_amount":"15.99","product_price_currency":"EUR","og_availability":"instock","product_availability":"instock","product_retailer_item_id":"153","product_condition":"new"},"_links":{"self":[{"href":"https:\/\/startercultures.eu\/de\/wp-json\/wp\/v2\/product\/25027","targetHints":{"allow":["GET"]}}],"collection":[{"href":"https:\/\/startercultures.eu\/de\/wp-json\/wp\/v2\/product"}],"about":[{"href":"https:\/\/startercultures.eu\/de\/wp-json\/wp\/v2\/types\/product"}],"replies":[{"embeddable":true,"href":"https:\/\/startercultures.eu\/de\/wp-json\/wp\/v2\/comments?post=25027"}],"version-history":[{"count":3,"href":"https:\/\/startercultures.eu\/de\/wp-json\/wp\/v2\/product\/25027\/revisions"}],"predecessor-version":[{"id":73406,"href":"https:\/\/startercultures.eu\/de\/wp-json\/wp\/v2\/product\/25027\/revisions\/73406"}],"wp:featuredmedia":[{"embeddable":true,"href":"https:\/\/startercultures.eu\/de\/wp-json\/wp\/v2\/media\/24209"}],"wp:attachment":[{"href":"https:\/\/startercultures.eu\/de\/wp-json\/wp\/v2\/media?parent=25027"}],"wp:term":[{"taxonomy":"product_brand","embeddable":true,"href":"https:\/\/startercultures.eu\/de\/wp-json\/wp\/v2\/product_brand?post=25027"},{"taxonomy":"product_cat","embeddable":true,"href":"https:\/\/startercultures.eu\/de\/wp-json\/wp\/v2\/product_cat?post=25027"},{"taxonomy":"product_tag","embeddable":true,"href":"https:\/\/startercultures.eu\/de\/wp-json\/wp\/v2\/product_tag?post=25027"}],"curies":[{"name":"wp","href":"https:\/\/api.w.org\/{rel}","templated":true}]}}