{"id":25028,"date":"2020-11-05T12:49:51","date_gmt":"2020-11-05T12:49:51","guid":{"rendered":"https:\/\/startercultures.eu\/product\/unkategorisiert\/roggensauerteigstarter-fuer-selbstgebackenes-sauerteigbrot\/"},"modified":"2026-04-13T20:01:38","modified_gmt":"2026-04-13T18:01:38","slug":"roggen-sauerteig-starterkultur","status":"publish","type":"product","link":"https:\/\/startercultures.eu\/de\/product\/fermentation-de\/bohnen-reis-korner\/roggen-sauerteig-starterkultur\/","title":{"rendered":"Roggensauerteigstarterkultur &#8211; f\u00fcr selbstgebackenes Sauerteigbrot"},"content":{"rendered":"<h3>Was ist Sauerteigbrot?<\/h3>\n<p>Sauerteigbrot wird durch G\u00e4rung des Teigs mit nat\u00fcrlich vorkommenden Laktobazillen, Acetobakterien und Hefe hergestellt. Die von den Laktobazillen produzierte Milchs\u00e4ure verleiht ihm einen saureren Geschmack und eine bessere Haltbarkeit. F\u00fcr die Herstellung von Sauerteigbrot ben\u00f6tigen Sie eine Sauerteigstarterkultur. Einige Sauerteigstarterkulturen haben jedoch sehr spezifische Eigenschaften, die man nicht selbst herstellen kann. Hier kommen unsere Sauerteigstarterkulturen ins Spiel.<\/p>\n<h3>\u00dcber unsere Roggensauerteig-Starterkultur<\/h3>\n<p>Unser Sauerteig wird aus Starterkulturen gewonnen, die seit \u00fcber einem Jahrhundert verwendet werden. Eine reife, gut gelagerte Sauerteigstarterkultur hat einen viel kr\u00e4ftigeren und ausgepr\u00e4gteren Sauerteiggeschmack als ein frisch angesetzter Sauerteig. Das Erbe dieses Sauerteigs wird seit \u00fcber 40 Jahren zur\u00fcckverfolgt und stammt von einem Roggensauerteig aus Gloucestershire. Es entsteht ein leicht s\u00e4uerlicher Laib mit einem einzigartigen Sauerteiggeschmack. Er kann zur Herstellung von Sauerteigbrot verwendet werden oder normalem Weizenbrot eine gewisse W\u00fcrze verleihen.<\/p>\n<h3>Mikroorganismen<\/h3>\n<p>Diese Sauerteigstarterkultur enth\u00e4lt viele Bakterien und Hefen, unter anderem die Hefen <em>Kazachstania exigua<\/em><em>(Saccharomyces exiguous<\/em>), <em>Saccharomyces cerevisiae<\/em>, <em>Candida milleri<\/em> und <em>Candida humilis<\/em>. und die Bakterien <i>L. fermentum<\/i>, <i>L. brevis<\/i>, <i>L. kefiri<\/i> und <i>L. sanfranciscensis . <\/i><\/p>\n<h3>Inhalt<\/h3>\n<ul>\n<li>5 Gramm gefriergetrocknete Roggensauerteig-Starterkultur<\/li>\n<li>Produziert im Vereinigten K\u00f6nigreich<\/li>\n<\/ul>\n<h3><strong>Warum eine<\/strong> getrocknete<strong>Roggensauerteigstarterkultur?<\/strong><\/h3>\n<ul>\n<li>Eine getrocknete Starterkultur ist lange haltbar<\/li>\n<li>Einfacher Versand \/ Mitnahme, auch ins Ausland<\/li>\n<li>Verschlechtert sich nicht durch den Transport<\/li>\n<li>Geringes Gewicht (Transportkosten)<\/li>\n<li>Sie k\u00f6nnen ihn auch kaufen, wenn Sie nicht vorhaben, sofort Sauerteigbrot zu backen.<\/li>\n<li>Sie k\u00f6nnen einen Teil aufheben, falls Ihr Sauerteig abstirbt<\/li>\n<li>Nach der Aktivierung ist das Ergebnis der Verwendung von gefriergetrocknetem Sauerteig identisch mit dem von frischem Sauerteig.<\/li>\n<\/ul>\n<h3>So aktivieren Sie Ihre Roggensauerteig-Starterkultur<\/h3>\n<p>Die gefriergetrocknete Sauerteigstarterkultur befindet sich in einem Ruhezustand, sodass Sie sie problemlos lagern k\u00f6nnen, bis Sie sie aktivieren m\u00f6chten. Es dauert nur etwa 1 Woche, bis sie voll aktiv ist!<\/p>\n<p><strong>Allgemeine Tipps<\/strong><\/p>\n<p>Lesen Sie sich das durch, bevor Sie anfangen, damit Sie eine Vorstellung davon haben, welche Vorr\u00e4te und Zutaten Sie jeden Tag ben\u00f6tigen werden.<\/p>\n<p>Ein Hinweis zu Metall: Bei der Arbeit mit Sauerteig sollten Metalle vermieden werden, insbesondere Aluminium und Kupfer, die mit den Mikroorganismen reagieren k\u00f6nnen. Edelstahl eignet sich hervorragend zum Mixen oder Brotbacken, aber f\u00fcr die Aufbewahrung sollten Sie sich f\u00fcr Glas, Porzellan oder einen lebensmittelechten Kunststoff entscheiden.<\/p>\n<p>Sauerteig ist ein lebender Organismus, und die Arbeit mit ihm ist lernintensiv. Genau wie ein Haustier oder eine Pflanze wird es sich bei unterschiedlichen Temperaturen, Klimabedingungen, Mehl usw. unterschiedlich verhalten. Sie werden schnell die subtilen Rhythmen und Vorlieben kennen lernen, einfach durch einfache Beobachtungen im Alltag. Sie k\u00f6nnen Ihrer Sauerteigstarterkultur sogar einen Namen geben, wie es viele andere tun!<\/p>\n<p>Egal wie detailliert dies erscheinen mag, Sie m\u00fcssen sich nicht eingesch\u00fcchtert oder besorgt f\u00fchlen, solange Sie sich darum k\u00fcmmern, wird sie leben!<\/p>\n<p>Sie k\u00f6nnen mit dieser Starterkultur backen, sobald sie aktiviert ist, also in etwa 5-10 Tagen!<\/p>\n<p><strong>Anforderungen<\/strong><\/p>\n<ul>\n<li>einen sauberen, durchsichtigen (besser einsehbaren) Topf oder eine Schale aus Glas, Kunststoff oder Keramik oder eine gro\u00dfe Tasse (die mindestens 2 Tassen fassen kann, denn diese kleine Starterkultur braucht Platz zum Wachsen!)<\/li>\n<li>einen Holz- oder Plastikl\u00f6ffel zum Umr\u00fchren<\/li>\n<li>Messl\u00f6ffel und \/ oder Waagen<\/li>\n<li>einen Raum mit einer relativ stabilen (Raum-)Temperatur.<\/li>\n<\/ul>\n<h3>Zutaten<\/h3>\n<ul>\n<li>Der Starter (etwas zur Sicherheit aufbewahren)<\/li>\n<li>Wei\u00dfmehl<\/li>\n<li>Leitungswasser<\/li>\n<\/ul>\n<h3>Schritte<\/h3>\n<p>1. Nehme 25 Gramm lauwarmes Wasser und gebe es in einen Topf oder eine Sch\u00fcssel.<\/p>\n<p>2. F\u00fcge 1\/2 Teel\u00f6ffel des Starters aus dem Beutel zum Wasser hinzu und r\u00fchre um. Lasse den Starter etwa 5-15 Minuten hydratisieren. Jetzt sehr gut mischen, sodass du Luftblasen siehst.<\/p>\n<p>3. F\u00fcge 25 Gramm Wei\u00dfmehl hinzu.<\/p>\n<p>4. Mische, bis es gleichm\u00e4\u00dfig verteilt ist.<\/p>\n<p>5. Die Konsistenz sollte nicht zu glatt oder zu steif zum R\u00fchren sein. Einfach sch\u00f6n dick.<\/p>\n<p>6. Decke deinen Topf\/die Sch\u00fcssel mit etwas Sauberem und Atmungsaktivem ab (Tuch, K\u00fcchenpapier, lockerer Deckel, lockere Plastikfolie, Papier, etc.). Lagere es irgendwo ohne direktes Sonnenlicht, bei Raumtemperatur.<\/p>\n<p>7. Nach etwa 12 Stunden, f\u00fcttere nochmals mit 25 Gramm Wasser und mische kr\u00e4ftig. F\u00fcge weitere 25 Gramm Wei\u00dfmehl hinzu. R\u00fchre die Mischung gut um.<\/p>\n<p>9. Lege das Tuch wieder dar\u00fcber und lasse es weitere 12 Stunden fermentieren.<\/p>\n<p>10. Du k\u00f6nntest bereits Anzeichen von Blasenbildung sehen, und die Konsistenz des Teiges wird mehr wie Pfannkuchenteig sein. Du hast jetzt 100 Gramm Starter. Werfe 50 Gramm deines Starters weg und f\u00fcge 50 Gramm Wasser hinzu, mische kr\u00e4ftig und mische 50 Gramm Mehl ein. Das ergibt 150 Gramm.<\/p>\n<p>11. Lass es wieder 12 Stunden sitzen.<\/p>\n<p>12. Du k\u00f6nntest bereits Anzeichen von Blasenbildung sehen. Du hast jetzt 150 Gramm Starter. Werfe 100 Gramm dieses Starters weg (oder benutze ihn, um Pfannkuchen oder \u00e4hnliches zu machen) und f\u00fcge 50 Gramm Wasser hinzu, mische kr\u00e4ftig und mische 50 Gramm Mehl ein. Du hast wieder 150 Gramm.<\/p>\n<p>13. Wiederhole Schritt 12, bis du einen sch\u00f6nen und sprudelnden Starter hast, der nach Hefe riecht, vielleicht etwas wie Joghurt. Dies kann normalerweise 4-7 Tage dauern.<\/p>\n<p>Dein Starter ist gebrauchsfertig. Lass uns backen! Du kannst die 100 Gramm deines Starters zum Backen verwenden und wirst immer 50 Gramm \u00fcbrig haben, um einen neuen Starter f\u00fcr den n\u00e4chsten Tag zu erstellen.<\/p>\n<p>Bewahre deinen Starter im K\u00fchlschrank auf und f\u00fcttere ihn (Schritt 12) mindestens einmal alle 2 Wochen. Wenn du backen m\u00f6chtest, nimm ihn 12 Stunden, bevor du deinen Teig machst, aus dem K\u00fchlschrank und f\u00fcttere ihn.<\/p>\n<h3 data-fontsize=\"21\" data-lineheight=\"27.3px\"><span data-sheets-value=\"{\" data-sheets-userformat=\"{\">Roggensauerteigstarterkultur<\/span> kaufen?<\/h3>\n<p>Bestellen Sie Ihre <span data-sheets-value=\"{\" data-sheets-userformat=\"{\">Roggen-Sauerteig-Starterkultur<\/span> bei startercultures.eu, dem europ\u00e4ischen Webshop f\u00fcr alle Ihre Fermentationsbed\u00fcrfnisse. Von Meneer Wateetons, dem bekannten niederl\u00e4ndischen G\u00e4rungsexperten und Autor. Bestellen Sie werktags vor 15 Uhr und wir liefern noch am selben Tag. Fragen zur Verwendung von <span data-sheets-value=\"{\" data-sheets-userformat=\"{\">Roggensauerteigstarter<\/span>? Frag Sie in unserem Chat, wir helfen gerne!<\/p>\n<h3>Online-Workshop &#8220;Veganen K\u00e4se zu Hause herstellen&#8221; (mit Untertiteln)<\/h3>\n<p>In <a href=\"https:\/\/startercultures.eu\/product\/vegan-main\/vegan-dairy\/online-english-subtitled-vegan-cheese-workshop\/\" target=\"_blank\" rel=\"noopener\">diesem Workshop mit englischen Untertiteln<\/a> lernen Sie die Theorie und Praxis der Herstellung von veganem K\u00e4se<img decoding=\"async\" class=\"lazyload  wp-image-24266 alignright\" src=\"https:\/\/startercultures.eu\/wp-content\/uploads\/2021\/06\/Vegan-cheese-starter-kit-300x222.png\" data-orig-src=\"https:\/\/startercultures.eu\/wp-content\/uploads\/2021\/06\/Vegan-cheese-starter-kit-300x222.png\" alt=\"Veganes Blauschimmelk\u00e4se Starterkultur Kit\" width=\"219\" height=\"162\" srcset=\"data:image\/svg+xml,%3Csvg%20xmlns%3D%27http%3A%2F%2Fwww.w3.org%2F2000%2Fsvg%27%20width%3D%27219%27%20height%3D%27162%27%20viewBox%3D%270%200%20219%20162%27%3E%3Crect%20width%3D%27219%27%20height%3D%27162%27%20fill-opacity%3D%220%22%2F%3E%3C%2Fsvg%3E\" data-srcset=\"https:\/\/startercultures.eu\/wp-content\/uploads\/2021\/06\/Vegan-cheese-starter-kit-200x148.png 200w, https:\/\/startercultures.eu\/wp-content\/uploads\/2021\/06\/Vegan-cheese-starter-kit-300x222.png 300w, https:\/\/startercultures.eu\/wp-content\/uploads\/2021\/06\/Vegan-cheese-starter-kit-400x296.png 400w, https:\/\/startercultures.eu\/wp-content\/uploads\/2021\/06\/Vegan-cheese-starter-kit-500x370.png 500w, https:\/\/startercultures.eu\/wp-content\/uploads\/2021\/06\/Vegan-cheese-starter-kit-600x445.png 600w, https:\/\/startercultures.eu\/wp-content\/uploads\/2021\/06\/Vegan-cheese-starter-kit-700x519.png 700w, https:\/\/startercultures.eu\/wp-content\/uploads\/2021\/06\/Vegan-cheese-starter-kit-768x569.png 768w, https:\/\/startercultures.eu\/wp-content\/uploads\/2021\/06\/Vegan-cheese-starter-kit-800x593.png 800w, https:\/\/startercultures.eu\/wp-content\/uploads\/2021\/06\/Vegan-cheese-starter-kit-1024x759.png 1024w, https:\/\/startercultures.eu\/wp-content\/uploads\/2021\/06\/Vegan-cheese-starter-kit.png 1200w\" data-sizes=\"auto\" data-orig-sizes=\"(max-width: 219px) 100vw, 219px\" \/>s zu Hause, wobei der Schwerpunkt auf veganem Camembert und veganem Blauschimmelk\u00e4se liegt. Foodwriter<a href=\"https:\/\/wateetons.com\/\" target=\"_blank\" rel=\"noopener\">&#8216;Meneer Wateetons&#8217;<\/a>, Autor mehrerer B\u00fccher \u00fcber Fermentierung und alternative Lebensmittelzubereitungstechniken, wird Ihnen alles \u00fcber Fermentierung, P\u00f6kelsalze, Lebensmittelsicherheit, <a href=\"https:\/\/en.wikipedia.org\/wiki\/PH\" target=\"_blank\" rel=\"noopener\">pH-Wert<\/a>, Starterkulturen, Schimmelpilze und Trocknungsbedingungen beibringen. Klicken Sie <a href=\"https:\/\/startercultures.eu\/product\/vegan-main\/vegan-dairy\/online-english-subtitled-vegan-cheese-workshop\/\" target=\"_blank\" rel=\"noopener\">hier<\/a> f\u00fcr weitere Informationen.<\/p>\n","protected":false},"excerpt":{"rendered":"<p>Dieser Roggensauerteig ergibt einen leicht s\u00e4uerlichen Laib mit einem einzigartigen Sauerteiggeschmack. Es kann zur Herstellung von Roggenbrot verwendet werden oder verleiht normalem Weizenbrot eine gewisse W\u00fcrze.<\/p>\n","protected":false},"featured_media":34128,"comment_status":"open","ping_status":"closed","template":"","meta":{"_acf_changed":false,"footnotes":""},"product_brand":[],"product_cat":[704,725,701],"product_tag":[],"class_list":{"0":"post-25028","1":"product","2":"type-product","3":"status-publish","4":"has-post-thumbnail","6":"product_cat-bohnen-reis-korner","7":"product_cat-sauerteig","8":"product_cat-vegane-korner-bohnen-hulsenfruchte","9":"pa_ean-8720297620959-de","11":"first","12":"instock","13":"taxable","14":"shipping-taxable","15":"purchasable","16":"product-type-simple"},"acf":[],"yoast_head":"<!-- This site is optimized with the Yoast SEO plugin v26.6 - https:\/\/yoast.com\/wordpress\/plugins\/seo\/ -->\n<title>Roggensauerteigstarterkultur - f\u00fcr selbstgebackenes Sauerteigbrot - Startercultures.eu<\/title>\n<meta name=\"description\" content=\"Diese Roggensauerteigstarterkultur ergibt einen leicht s\u00e4uerlichen Laib mit einem einzigartigen Sauerteiggeschmack. Sie kann f\u00fcr die Herstellung von Roggen- oder Weizenbrot verwendet werden.\" \/>\n<meta name=\"robots\" content=\"index, follow, max-snippet:-1, max-image-preview:large, max-video-preview:-1\" \/>\n<link rel=\"canonical\" href=\"https:\/\/startercultures.eu\/de\/product\/fermentation-de\/bohnen-reis-korner\/roggen-sauerteig-starterkultur\/\" \/>\n<meta property=\"og:locale\" content=\"de_DE\" \/>\n<meta property=\"og:type\" content=\"article\" \/>\n<meta property=\"og:title\" content=\"Roggensauerteigstarterkultur - f\u00fcr selbstgebackenes Sauerteigbrot - Startercultures.eu\" \/>\n<meta property=\"og:description\" content=\"Diese Roggensauerteigstarterkultur ergibt einen leicht s\u00e4uerlichen Laib mit einem einzigartigen Sauerteiggeschmack. Sie kann f\u00fcr die Herstellung von Roggen- oder Weizenbrot verwendet werden.\" \/>\n<meta property=\"og:url\" content=\"https:\/\/startercultures.eu\/de\/product\/fermentation-de\/bohnen-reis-korner\/roggen-sauerteig-starterkultur\/\" \/>\n<meta property=\"og:site_name\" content=\"Startercultures.eu\" \/>\n<meta property=\"article:publisher\" content=\"https:\/\/www.facebook.com\/startercultureseu\" \/>\n<meta property=\"article:modified_time\" content=\"2026-04-13T18:01:38+00:00\" \/>\n<meta property=\"og:image\" content=\"https:\/\/startercultures.eu\/wp-content\/uploads\/2020\/11\/152mu.png\" \/>\n\t<meta property=\"og:image:width\" content=\"1250\" \/>\n\t<meta property=\"og:image:height\" content=\"1250\" \/>\n\t<meta property=\"og:image:type\" content=\"image\/png\" \/>\n<meta name=\"twitter:card\" content=\"summary_large_image\" \/>\n<meta name=\"twitter:label1\" content=\"Price\" \/>\n\t<meta name=\"twitter:data1\" content=\"11,99\" \/>\n\t<meta name=\"twitter:label2\" content=\"Availability\" \/>\n\t<meta name=\"twitter:data2\" content=\"Vorr\u00e4tig\" \/>\n<script type=\"application\/ld+json\" class=\"yoast-schema-graph\">{\"@context\":\"https:\/\/schema.org\",\"@graph\":[{\"@type\":\"WebPage\",\"@id\":\"https:\/\/startercultures.eu\/de\/product\/fermentation-de\/bohnen-reis-korner\/roggen-sauerteig-starterkultur\/\",\"url\":\"https:\/\/startercultures.eu\/de\/product\/fermentation-de\/bohnen-reis-korner\/roggen-sauerteig-starterkultur\/\",\"name\":\"Roggensauerteigstarterkultur - f\u00fcr selbstgebackenes Sauerteigbrot - Startercultures.eu\",\"isPartOf\":{\"@id\":\"https:\/\/startercultures.eu\/de\/#website\"},\"primaryImageOfPage\":{\"@id\":\"https:\/\/startercultures.eu\/de\/product\/fermentation-de\/bohnen-reis-korner\/roggen-sauerteig-starterkultur\/#primaryimage\"},\"image\":{\"@id\":\"https:\/\/startercultures.eu\/de\/product\/fermentation-de\/bohnen-reis-korner\/roggen-sauerteig-starterkultur\/#primaryimage\"},\"thumbnailUrl\":\"https:\/\/startercultures.eu\/wp-content\/uploads\/2020\/11\/152mu.png\",\"datePublished\":\"2020-11-05T12:49:51+00:00\",\"dateModified\":\"2026-04-13T18:01:38+00:00\",\"description\":\"Diese Roggensauerteigstarterkultur ergibt einen leicht s\u00e4uerlichen Laib mit einem einzigartigen Sauerteiggeschmack. Sie kann f\u00fcr die Herstellung von Roggen- oder Weizenbrot verwendet werden.\",\"breadcrumb\":{\"@id\":\"https:\/\/startercultures.eu\/de\/product\/fermentation-de\/bohnen-reis-korner\/roggen-sauerteig-starterkultur\/#breadcrumb\"},\"inLanguage\":\"de-DE\",\"potentialAction\":[{\"@type\":\"ReadAction\",\"target\":[\"https:\/\/startercultures.eu\/de\/product\/fermentation-de\/bohnen-reis-korner\/roggen-sauerteig-starterkultur\/\"]}]},{\"@type\":\"ImageObject\",\"inLanguage\":\"de-DE\",\"@id\":\"https:\/\/startercultures.eu\/de\/product\/fermentation-de\/bohnen-reis-korner\/roggen-sauerteig-starterkultur\/#primaryimage\",\"url\":\"https:\/\/startercultures.eu\/wp-content\/uploads\/2020\/11\/152mu.png\",\"contentUrl\":\"https:\/\/startercultures.eu\/wp-content\/uploads\/2020\/11\/152mu.png\",\"width\":1250,\"height\":1250,\"caption\":\"Rye sourdough starter\"},{\"@type\":\"BreadcrumbList\",\"@id\":\"https:\/\/startercultures.eu\/de\/product\/fermentation-de\/bohnen-reis-korner\/roggen-sauerteig-starterkultur\/#breadcrumb\",\"itemListElement\":[{\"@type\":\"ListItem\",\"position\":1,\"name\":\"Home\",\"item\":\"https:\/\/startercultures.eu\/de\/\"},{\"@type\":\"ListItem\",\"position\":2,\"name\":\"Shop\",\"item\":\"https:\/\/startercultures.eu\/shop\/\"},{\"@type\":\"ListItem\",\"position\":3,\"name\":\"Roggensauerteigstarterkultur &#8211; f\u00fcr selbstgebackenes Sauerteigbrot\"}]},{\"@type\":\"WebSite\",\"@id\":\"https:\/\/startercultures.eu\/de\/#website\",\"url\":\"https:\/\/startercultures.eu\/de\/\",\"name\":\"Startercultures.eu\",\"description\":\"Startercultures.eu\",\"publisher\":{\"@id\":\"https:\/\/startercultures.eu\/de\/#organization\"},\"potentialAction\":[{\"@type\":\"SearchAction\",\"target\":{\"@type\":\"EntryPoint\",\"urlTemplate\":\"https:\/\/startercultures.eu\/de\/?s={search_term_string}\"},\"query-input\":{\"@type\":\"PropertyValueSpecification\",\"valueRequired\":true,\"valueName\":\"search_term_string\"}}],\"inLanguage\":\"de-DE\"},{\"@type\":\"Organization\",\"@id\":\"https:\/\/startercultures.eu\/de\/#organization\",\"name\":\"Startercultures.eu\",\"url\":\"https:\/\/startercultures.eu\/de\/\",\"logo\":{\"@type\":\"ImageObject\",\"inLanguage\":\"de-DE\",\"@id\":\"https:\/\/startercultures.eu\/de\/#\/schema\/logo\/image\/\",\"url\":\"https:\/\/startercultures.eu\/wp-content\/uploads\/2020\/08\/startercultures-eu-nl-logo-rond-rgb.png\",\"contentUrl\":\"https:\/\/startercultures.eu\/wp-content\/uploads\/2020\/08\/startercultures-eu-nl-logo-rond-rgb.png\",\"width\":320,\"height\":320,\"caption\":\"Startercultures.eu\"},\"image\":{\"@id\":\"https:\/\/startercultures.eu\/de\/#\/schema\/logo\/image\/\"},\"sameAs\":[\"https:\/\/www.facebook.com\/startercultureseu\",\"https:\/\/www.instagram.com\/startercultures.eu\/\"]}]}<\/script>\n<meta property=\"product:price:amount\" content=\"11.99\" \/>\n<meta property=\"product:price:currency\" content=\"EUR\" \/>\n<meta property=\"og:availability\" content=\"instock\" \/>\n<meta property=\"product:availability\" content=\"instock\" \/>\n<meta property=\"product:retailer_item_id\" content=\"152\" \/>\n<meta property=\"product:condition\" content=\"new\" \/>\n<!-- \/ Yoast SEO plugin. -->","yoast_head_json":{"title":"Roggensauerteigstarterkultur - f\u00fcr selbstgebackenes Sauerteigbrot - Startercultures.eu","description":"Diese Roggensauerteigstarterkultur ergibt einen leicht s\u00e4uerlichen Laib mit einem einzigartigen Sauerteiggeschmack. Sie kann f\u00fcr die Herstellung von Roggen- oder Weizenbrot verwendet werden.","robots":{"index":"index","follow":"follow","max-snippet":"max-snippet:-1","max-image-preview":"max-image-preview:large","max-video-preview":"max-video-preview:-1"},"canonical":"https:\/\/startercultures.eu\/de\/product\/fermentation-de\/bohnen-reis-korner\/roggen-sauerteig-starterkultur\/","og_locale":"de_DE","og_type":"article","og_title":"Roggensauerteigstarterkultur - f\u00fcr selbstgebackenes Sauerteigbrot - Startercultures.eu","og_description":"Diese Roggensauerteigstarterkultur ergibt einen leicht s\u00e4uerlichen Laib mit einem einzigartigen Sauerteiggeschmack. Sie kann f\u00fcr die Herstellung von Roggen- oder Weizenbrot verwendet werden.","og_url":"https:\/\/startercultures.eu\/de\/product\/fermentation-de\/bohnen-reis-korner\/roggen-sauerteig-starterkultur\/","og_site_name":"Startercultures.eu","article_publisher":"https:\/\/www.facebook.com\/startercultureseu","article_modified_time":"2026-04-13T18:01:38+00:00","og_image":[{"width":1250,"height":1250,"url":"https:\/\/startercultures.eu\/wp-content\/uploads\/2020\/11\/152mu.png","type":"image\/png"}],"twitter_card":"summary_large_image","twitter_misc":{"Price":"11,99","Availability":"Vorr\u00e4tig"},"schema":{"@context":"https:\/\/schema.org","@graph":[{"@type":"WebPage","@id":"https:\/\/startercultures.eu\/de\/product\/fermentation-de\/bohnen-reis-korner\/roggen-sauerteig-starterkultur\/","url":"https:\/\/startercultures.eu\/de\/product\/fermentation-de\/bohnen-reis-korner\/roggen-sauerteig-starterkultur\/","name":"Roggensauerteigstarterkultur - f\u00fcr selbstgebackenes Sauerteigbrot - Startercultures.eu","isPartOf":{"@id":"https:\/\/startercultures.eu\/de\/#website"},"primaryImageOfPage":{"@id":"https:\/\/startercultures.eu\/de\/product\/fermentation-de\/bohnen-reis-korner\/roggen-sauerteig-starterkultur\/#primaryimage"},"image":{"@id":"https:\/\/startercultures.eu\/de\/product\/fermentation-de\/bohnen-reis-korner\/roggen-sauerteig-starterkultur\/#primaryimage"},"thumbnailUrl":"https:\/\/startercultures.eu\/wp-content\/uploads\/2020\/11\/152mu.png","datePublished":"2020-11-05T12:49:51+00:00","dateModified":"2026-04-13T18:01:38+00:00","description":"Diese Roggensauerteigstarterkultur ergibt einen leicht s\u00e4uerlichen Laib mit einem einzigartigen Sauerteiggeschmack. Sie kann f\u00fcr die Herstellung von Roggen- oder Weizenbrot verwendet werden.","breadcrumb":{"@id":"https:\/\/startercultures.eu\/de\/product\/fermentation-de\/bohnen-reis-korner\/roggen-sauerteig-starterkultur\/#breadcrumb"},"inLanguage":"de-DE","potentialAction":[{"@type":"ReadAction","target":["https:\/\/startercultures.eu\/de\/product\/fermentation-de\/bohnen-reis-korner\/roggen-sauerteig-starterkultur\/"]}]},{"@type":"ImageObject","inLanguage":"de-DE","@id":"https:\/\/startercultures.eu\/de\/product\/fermentation-de\/bohnen-reis-korner\/roggen-sauerteig-starterkultur\/#primaryimage","url":"https:\/\/startercultures.eu\/wp-content\/uploads\/2020\/11\/152mu.png","contentUrl":"https:\/\/startercultures.eu\/wp-content\/uploads\/2020\/11\/152mu.png","width":1250,"height":1250,"caption":"Rye sourdough starter"},{"@type":"BreadcrumbList","@id":"https:\/\/startercultures.eu\/de\/product\/fermentation-de\/bohnen-reis-korner\/roggen-sauerteig-starterkultur\/#breadcrumb","itemListElement":[{"@type":"ListItem","position":1,"name":"Home","item":"https:\/\/startercultures.eu\/de\/"},{"@type":"ListItem","position":2,"name":"Shop","item":"https:\/\/startercultures.eu\/shop\/"},{"@type":"ListItem","position":3,"name":"Roggensauerteigstarterkultur &#8211; f\u00fcr selbstgebackenes Sauerteigbrot"}]},{"@type":"WebSite","@id":"https:\/\/startercultures.eu\/de\/#website","url":"https:\/\/startercultures.eu\/de\/","name":"Startercultures.eu","description":"Startercultures.eu","publisher":{"@id":"https:\/\/startercultures.eu\/de\/#organization"},"potentialAction":[{"@type":"SearchAction","target":{"@type":"EntryPoint","urlTemplate":"https:\/\/startercultures.eu\/de\/?s={search_term_string}"},"query-input":{"@type":"PropertyValueSpecification","valueRequired":true,"valueName":"search_term_string"}}],"inLanguage":"de-DE"},{"@type":"Organization","@id":"https:\/\/startercultures.eu\/de\/#organization","name":"Startercultures.eu","url":"https:\/\/startercultures.eu\/de\/","logo":{"@type":"ImageObject","inLanguage":"de-DE","@id":"https:\/\/startercultures.eu\/de\/#\/schema\/logo\/image\/","url":"https:\/\/startercultures.eu\/wp-content\/uploads\/2020\/08\/startercultures-eu-nl-logo-rond-rgb.png","contentUrl":"https:\/\/startercultures.eu\/wp-content\/uploads\/2020\/08\/startercultures-eu-nl-logo-rond-rgb.png","width":320,"height":320,"caption":"Startercultures.eu"},"image":{"@id":"https:\/\/startercultures.eu\/de\/#\/schema\/logo\/image\/"},"sameAs":["https:\/\/www.facebook.com\/startercultureseu","https:\/\/www.instagram.com\/startercultures.eu\/"]}]},"product_price_amount":"11.99","product_price_currency":"EUR","og_availability":"instock","product_availability":"instock","product_retailer_item_id":"152","product_condition":"new"},"_links":{"self":[{"href":"https:\/\/startercultures.eu\/de\/wp-json\/wp\/v2\/product\/25028","targetHints":{"allow":["GET"]}}],"collection":[{"href":"https:\/\/startercultures.eu\/de\/wp-json\/wp\/v2\/product"}],"about":[{"href":"https:\/\/startercultures.eu\/de\/wp-json\/wp\/v2\/types\/product"}],"replies":[{"embeddable":true,"href":"https:\/\/startercultures.eu\/de\/wp-json\/wp\/v2\/comments?post=25028"}],"version-history":[{"count":0,"href":"https:\/\/startercultures.eu\/de\/wp-json\/wp\/v2\/product\/25028\/revisions"}],"wp:featuredmedia":[{"embeddable":true,"href":"https:\/\/startercultures.eu\/de\/wp-json\/wp\/v2\/media\/34128"}],"wp:attachment":[{"href":"https:\/\/startercultures.eu\/de\/wp-json\/wp\/v2\/media?parent=25028"}],"wp:term":[{"taxonomy":"product_brand","embeddable":true,"href":"https:\/\/startercultures.eu\/de\/wp-json\/wp\/v2\/product_brand?post=25028"},{"taxonomy":"product_cat","embeddable":true,"href":"https:\/\/startercultures.eu\/de\/wp-json\/wp\/v2\/product_cat?post=25028"},{"taxonomy":"product_tag","embeddable":true,"href":"https:\/\/startercultures.eu\/de\/wp-json\/wp\/v2\/product_tag?post=25028"}],"curies":[{"name":"wp","href":"https:\/\/api.w.org\/{rel}","templated":true}]}}