{"id":25031,"date":"2020-09-21T09:06:31","date_gmt":"2020-09-21T07:06:31","guid":{"rendered":"https:\/\/startercultures.eu\/product\/unkategorisiert\/kaesetuch-fuer-die-kaeseherstellung-zu-hause-5\/"},"modified":"2026-04-13T20:01:39","modified_gmt":"2026-04-13T18:01:39","slug":"kaseherstellung-kasetuch-5","status":"publish","type":"product","link":"https:\/\/startercultures.eu\/de\/product\/fermentation-de\/molkerei\/kase\/kaseherstellung-kasetuch-5\/","title":{"rendered":"K\u00e4setuch | f\u00fcr die K\u00e4seherstellung."},"content":{"rendered":"<p>F\u00fcnf St\u00fcck ungebleichtes Baumwolltuch f\u00fcr die K\u00e4seherstellung, 35 x 35 Zentimeter oder 70 x 80 cm. Universell einsetzbar als <a href=\"https:\/\/startercultures.eu\/de\/produkt-kategorie\/fermentation-de\/molkerei\/kase\/\" target=\"_blank\" rel=\"noopener noreferrer\">K\u00e4sefilter<\/a> oder Abdecktuch f\u00fcr <a href=\"https:\/\/startercultures.eu\/de\/produkt-kategorie\/fermentation-de\/sodas\/\" target=\"_blank\" rel=\"noopener noreferrer\">Kombucha-, Jun-<\/a> oder <a href=\"https:\/\/startercultures.eu\/de\/produkt-kategorie\/fermentation-de\/essig\/\" target=\"_blank\" rel=\"noopener noreferrer\">Essiggl\u00e4ser<\/a>, zum Abseihen von selbstgemachten <a href=\"https:\/\/startercultures.eu\/de\/produkt-kategorie\/fermentation-de\/molkerei\/joghurt\/\" target=\"_blank\" rel=\"noopener noreferrer\">Joghurts<\/a>, f\u00fcr <a href=\"https:\/\/startercultures.eu\/de\/produkt-kategorie\/fermentation-de\/molkerei\/veganer-joghurt\/\" target=\"_blank\" rel=\"noopener noreferrer\">veganen K\u00e4se<\/a> oder als Hopfensack. Das gr\u00f6\u00dfere K\u00e4setuch ist besonders f\u00fcr die Herstellung von gro\u00dfen K\u00e4selaiben geeignet.<\/p>\n<h3>Inhalt<\/h3>\n<ul>\n<li>5 St\u00fcck ungebleichtes Baumwolltuch in Lebensmittelqualit\u00e4t f\u00fcr die K\u00e4seherstellung, Gr\u00f6\u00dfe: 35 x 35 Zentimeter, oder:<\/li>\n<li>1 St\u00fcck ungebleichtes Baumwolltuch in Lebensmittelqualit\u00e4t f\u00fcr die K\u00e4seherstellung, Gr\u00f6\u00dfe: 60 x 80 Zentimeter<\/li>\n<\/ul>\n<h3 class=\"whitespace-normal break-words\"><strong>Vorteile unserer K\u00e4set\u00fccher<\/strong><\/h3>\n<ul class=\"[&amp;:not(:last-child)_ul]:pb-1 [&amp;:not(:last-child)_ol]:pb-1 list-disc space-y-1.5 pl-7\">\n<li class=\"whitespace-normal break-words\">Vielseitig einsetzbar, von der K\u00e4seherstellung bis zum Bierbrauen und Kombucha-Herstellung<\/li>\n<li class=\"whitespace-normal break-words\">Ungebleicht<\/li>\n<li class=\"whitespace-normal break-words\">Lebensmittelecht \/ lebensmittelsicher<\/li>\n<li class=\"whitespace-normal break-words\">Wiederverwendbar<\/li>\n<li class=\"whitespace-normal break-words\">Kann einfach in der Waschmaschine gewaschen werden<\/li>\n<\/ul>\n<h3 class=\"whitespace-normal break-words\"><strong>H\u00e4ufig gestellte Fragen \u00fcber K\u00e4setuch<\/strong><\/h3>\n<p class=\"whitespace-normal break-words\"><strong>Kann man K\u00e4setuch wiederverwenden?<\/strong> Unser K\u00e4setuch kannst du einfach in der Waschmaschine waschen und wiederverwenden.<\/p>\n<p class=\"whitespace-normal break-words\"><strong>Welche anderen Namen gibt es f\u00fcr K\u00e4setuch?<\/strong> Andere gebr\u00e4uchliche Namen f\u00fcr K\u00e4setuch sind Musselin, Filtertuch oder Siebtuch. Aber sie sind nicht 100% dasselbe.<\/p>\n<p class=\"whitespace-normal break-words\"><strong>Was ist der Unterschied zwischen K\u00e4setuch und Musselin?<\/strong> K\u00e4setuch und Musselin \u00e4hneln sich, werden aber oft f\u00fcr verschiedene Anwendungen verwendet. K\u00e4setuch ist ein locker gewebtes, d\u00fcnnes Baumwollgewebe mit relativ gro\u00dfen Maschen. Es wird haupts\u00e4chlich eingesetzt, um Feuchtigkeit aus Lebensmitteln ablaufen zu lassen, wie bei der Herstellung von Quark, Joghurt oder K\u00e4se. Durch die offene Struktur l\u00e4uft Fl\u00fcssigkeit schnell ab, aber kleine Partikel k\u00f6nnen auch durchkommen. Musselin hingegen ist dichter gewebt. Es h\u00e4lt feinere Partikel besser zur\u00fcck und ist daher ideal zum Filtern von beispielsweise Br\u00fche, Saft oder feinen Kr\u00e4utermischungen. Die Wahl zwischen K\u00e4setuch und Musselin h\u00e4ngt also davon ab, wie fein du filtern m\u00f6chtest und wie viel Stabilit\u00e4t du ben\u00f6tigst.<\/p>\n<p class=\"whitespace-normal break-words\"><strong>Alternative zu K\u00e4setuch<\/strong> Suchst du nach einer Alternative zu K\u00e4setuch? Wie erw\u00e4hnt kann auch Musselin den Zweck erf\u00fcllen, und m\u00f6glicherweise ein sauberes Taschentuch oder Geschirrtuch im Notfall.<\/p>\n<h3 data-fontsize=\"21\" data-lineheight=\"27.3px\"><\/h3>\n<h3 data-fontsize=\"21\" data-lineheight=\"27.3px\">Ein K\u00e4setuch kaufen?<\/h3>\n<p>Bestellen Sie Ihr Tuch bei startercultures.eu, dem europ\u00e4ischen Webshop f\u00fcr alle Ihre Fermentationsbed\u00fcrfnisse. Von Meneer Wateetons, dem bekannten niederl\u00e4ndischen G\u00e4rungsexperten und Autor. Bestellen Sie werktags vor 15 Uhr und wir liefern noch am selben Tag. Haben Sie Fragen zur Verwendung dieses Tuches? Fragen Sie in unserem Chat, wir helfen gerne!<\/p>\n<h3>Online-Workshop &#8220;Veganen K\u00e4se zu Hause herstellen&#8221; (mit Untertiteln)<\/h3>\n<p>In <a href=\"https:\/\/startercultures.eu\/de\/product\/vegan-de\/vegane-milchprodukte\/online-englisch-untertitelt-veganer-kase-workshop\/\" target=\"_blank\" rel=\"noopener\">diesem Workshop mit englischen Untertiteln<\/a> lernen Sie die Theorie und Praxis der Herstellung von veganem K\u00e4se<img decoding=\"async\" class=\"lazyload  wp-image-24266 alignright\" src=\"https:\/\/startercultures.eu\/wp-content\/uploads\/2021\/06\/Vegan-cheese-starter-kit-300x222.png\" data-orig-src=\"https:\/\/startercultures.eu\/wp-content\/uploads\/2021\/06\/Vegan-cheese-starter-kit-300x222.png\" alt=\"Veganes Blauschimmelk\u00e4se Starterkultur Kit\" width=\"219\" height=\"162\" srcset=\"data:image\/svg+xml,%3Csvg%20xmlns%3D%27http%3A%2F%2Fwww.w3.org%2F2000%2Fsvg%27%20width%3D%27219%27%20height%3D%27162%27%20viewBox%3D%270%200%20219%20162%27%3E%3Crect%20width%3D%27219%27%20height%3D%27162%27%20fill-opacity%3D%220%22%2F%3E%3C%2Fsvg%3E\" data-srcset=\"https:\/\/startercultures.eu\/wp-content\/uploads\/2021\/06\/Vegan-cheese-starter-kit-200x148.png 200w, https:\/\/startercultures.eu\/wp-content\/uploads\/2021\/06\/Vegan-cheese-starter-kit-300x222.png 300w, https:\/\/startercultures.eu\/wp-content\/uploads\/2021\/06\/Vegan-cheese-starter-kit-400x296.png 400w, https:\/\/startercultures.eu\/wp-content\/uploads\/2021\/06\/Vegan-cheese-starter-kit-500x370.png 500w, https:\/\/startercultures.eu\/wp-content\/uploads\/2021\/06\/Vegan-cheese-starter-kit-600x445.png 600w, https:\/\/startercultures.eu\/wp-content\/uploads\/2021\/06\/Vegan-cheese-starter-kit-700x519.png 700w, https:\/\/startercultures.eu\/wp-content\/uploads\/2021\/06\/Vegan-cheese-starter-kit-768x569.png 768w, https:\/\/startercultures.eu\/wp-content\/uploads\/2021\/06\/Vegan-cheese-starter-kit-800x593.png 800w, https:\/\/startercultures.eu\/wp-content\/uploads\/2021\/06\/Vegan-cheese-starter-kit-1024x759.png 1024w, https:\/\/startercultures.eu\/wp-content\/uploads\/2021\/06\/Vegan-cheese-starter-kit.png 1200w\" data-sizes=\"auto\" data-orig-sizes=\"(max-width: 219px) 100vw, 219px\" \/>s zu Hause, wobei der Schwerpunkt auf veganem Camembert und veganem Blauschimmelk\u00e4se liegt. Foodwriter <a href=\"https:\/\/wateetons.com\/\" target=\"_blank\" rel=\"noopener\">&#8216;Meneer Wateetons&#8217;<\/a>, Autor mehrerer B\u00fccher \u00fcber Fermentierung und alternative Lebensmittelzubereitungstechniken, wird Ihnen alles \u00fcber Fermentierung, P\u00f6kelsalze, Lebensmittelsicherheit, <a href=\"https:\/\/en.wikipedia.org\/wiki\/PH\" target=\"_blank\" rel=\"noopener\">pH-Wert<\/a>, Starterkulturen, Schimmelpilze und Trocknungsbedingungen beibringen. Klicken Sie <a href=\"https:\/\/startercultures.eu\/de\/product\/vegan-de\/vegane-milchprodukte\/online-englisch-untertitelt-veganer-kase-workshop\/\" target=\"_blank\" rel=\"noopener\">hier<\/a> f\u00fcr weitere Informationen.<\/p>\n","protected":false},"excerpt":{"rendered":"<p>Ungebleichtes K\u00e4setuch aus Baumwolle f\u00fcr die K\u00e4seherstellung. Universell verwendbar als K\u00e4setuch, Filtertuch, Abdecktuch f\u00fcr Kombucha-Gl\u00e4ser oder Hopfensack.<\/p>\n","protected":false},"featured_media":24180,"comment_status":"open","ping_status":"closed","template":"","meta":{"_acf_changed":false,"footnotes":""},"product_brand":[],"product_cat":[694,727,675,646,660,726,680,696,710,678,656,662,658,659,661],"product_tag":[],"class_list":{"0":"post-25031","1":"product","2":"type-product","3":"status-publish","4":"has-post-thumbnail","6":"product_cat-beschichtung","7":"product_cat-essig","8":"product_cat-joghurt","9":"product_cat-kase","10":"product_cat-schimmelpilze","11":"product_cat-sodas","12":"product_cat-vegane-milchprodukte","13":"product_cat-veganer-essig","14":"product_cat-veganer-joghurt","15":"product_cat-veganer-kase","16":"product_cat-werkzeuge-de","17":"product_cat-werkzeuge-de-5","18":"product_cat-werkzeuge-de-2","19":"product_cat-werkzeuge-de-3","20":"product_cat-werkzeuge-de-4","21":"pa_ean-5425000391852-de","22":"pa_ean-8720297621680-de","23":"pa_size-1-x-de","24":"pa_size-5-x-de","26":"first","27":"instock","28":"taxable","29":"shipping-taxable","30":"purchasable","31":"product-type-variable","32":"has-default-attributes"},"acf":[],"yoast_head":"<!-- This site is optimized with the Yoast SEO plugin v26.6 - https:\/\/yoast.com\/wordpress\/plugins\/seo\/ -->\n<title>K\u00e4setuch f\u00fcr die Heimk\u00e4serei | Startercultures.eu<\/title>\n<meta name=\"description\" content=\"Ungebleichtes K\u00e4setuch aus Baumwolle f\u00fcr die K\u00e4seherstellung. Universell verwendbar als K\u00e4setuch, Filtertuch, Abdecktuch f\u00fcr Kombucha-Gl\u00e4ser oder Hopfensack.\" \/>\n<meta name=\"robots\" content=\"index, follow, max-snippet:-1, max-image-preview:large, max-video-preview:-1\" \/>\n<link rel=\"canonical\" href=\"https:\/\/startercultures.eu\/de\/product\/fermentation-de\/molkerei\/kase\/kaseherstellung-kasetuch-5\/\" \/>\n<meta property=\"og:locale\" content=\"de_DE\" \/>\n<meta property=\"og:type\" content=\"article\" \/>\n<meta property=\"og:title\" content=\"K\u00e4setuch f\u00fcr die Heimk\u00e4serei | Startercultures.eu\" \/>\n<meta property=\"og:description\" content=\"Ungebleichtes K\u00e4setuch aus Baumwolle f\u00fcr die K\u00e4seherstellung. Universell verwendbar als K\u00e4setuch, Filtertuch, Abdecktuch f\u00fcr Kombucha-Gl\u00e4ser oder Hopfensack.\" \/>\n<meta property=\"og:url\" content=\"https:\/\/startercultures.eu\/de\/product\/fermentation-de\/molkerei\/kase\/kaseherstellung-kasetuch-5\/\" \/>\n<meta property=\"og:site_name\" content=\"Startercultures.eu\" \/>\n<meta property=\"article:publisher\" content=\"https:\/\/www.facebook.com\/startercultureseu\" \/>\n<meta property=\"article:modified_time\" content=\"2026-04-13T18:01:39+00:00\" \/>\n<meta property=\"og:image\" content=\"https:\/\/startercultures.eu\/wp-content\/uploads\/2020\/09\/5-stuks-kaasdoek.jpg\" \/>\n\t<meta property=\"og:image:width\" content=\"1000\" \/>\n\t<meta property=\"og:image:height\" content=\"1000\" \/>\n\t<meta property=\"og:image:type\" content=\"image\/jpeg\" \/>\n<meta name=\"twitter:card\" content=\"summary_large_image\" \/>\n<meta name=\"twitter:label1\" content=\"Availability\" \/>\n\t<meta name=\"twitter:data1\" content=\"Vorr\u00e4tig\" \/>\n<script type=\"application\/ld+json\" class=\"yoast-schema-graph\">{\"@context\":\"https:\/\/schema.org\",\"@graph\":[{\"@type\":\"WebPage\",\"@id\":\"https:\/\/startercultures.eu\/de\/product\/fermentation-de\/molkerei\/kase\/kaseherstellung-kasetuch-5\/\",\"url\":\"https:\/\/startercultures.eu\/de\/product\/fermentation-de\/molkerei\/kase\/kaseherstellung-kasetuch-5\/\",\"name\":\"K\u00e4setuch f\u00fcr die Heimk\u00e4serei | Startercultures.eu\",\"isPartOf\":{\"@id\":\"https:\/\/startercultures.eu\/de\/#website\"},\"primaryImageOfPage\":{\"@id\":\"https:\/\/startercultures.eu\/de\/product\/fermentation-de\/molkerei\/kase\/kaseherstellung-kasetuch-5\/#primaryimage\"},\"image\":{\"@id\":\"https:\/\/startercultures.eu\/de\/product\/fermentation-de\/molkerei\/kase\/kaseherstellung-kasetuch-5\/#primaryimage\"},\"thumbnailUrl\":\"https:\/\/startercultures.eu\/wp-content\/uploads\/2020\/09\/5-stuks-kaasdoek.jpg\",\"datePublished\":\"2020-09-21T07:06:31+00:00\",\"dateModified\":\"2026-04-13T18:01:39+00:00\",\"description\":\"Ungebleichtes K\u00e4setuch aus Baumwolle f\u00fcr die K\u00e4seherstellung. Universell verwendbar als K\u00e4setuch, Filtertuch, Abdecktuch f\u00fcr Kombucha-Gl\u00e4ser oder Hopfensack.\",\"breadcrumb\":{\"@id\":\"https:\/\/startercultures.eu\/de\/product\/fermentation-de\/molkerei\/kase\/kaseherstellung-kasetuch-5\/#breadcrumb\"},\"inLanguage\":\"de-DE\",\"potentialAction\":[{\"@type\":\"ReadAction\",\"target\":[\"https:\/\/startercultures.eu\/de\/product\/fermentation-de\/molkerei\/kase\/kaseherstellung-kasetuch-5\/\"]}]},{\"@type\":\"ImageObject\",\"inLanguage\":\"de-DE\",\"@id\":\"https:\/\/startercultures.eu\/de\/product\/fermentation-de\/molkerei\/kase\/kaseherstellung-kasetuch-5\/#primaryimage\",\"url\":\"https:\/\/startercultures.eu\/wp-content\/uploads\/2020\/09\/5-stuks-kaasdoek.jpg\",\"contentUrl\":\"https:\/\/startercultures.eu\/wp-content\/uploads\/2020\/09\/5-stuks-kaasdoek.jpg\",\"width\":1000,\"height\":1000,\"caption\":\"K\u00e4setuch\"},{\"@type\":\"BreadcrumbList\",\"@id\":\"https:\/\/startercultures.eu\/de\/product\/fermentation-de\/molkerei\/kase\/kaseherstellung-kasetuch-5\/#breadcrumb\",\"itemListElement\":[{\"@type\":\"ListItem\",\"position\":1,\"name\":\"Home\",\"item\":\"https:\/\/startercultures.eu\/de\/\"},{\"@type\":\"ListItem\",\"position\":2,\"name\":\"Shop\",\"item\":\"https:\/\/startercultures.eu\/shop\/\"},{\"@type\":\"ListItem\",\"position\":3,\"name\":\"K\u00e4setuch | f\u00fcr die K\u00e4seherstellung.\"}]},{\"@type\":\"WebSite\",\"@id\":\"https:\/\/startercultures.eu\/de\/#website\",\"url\":\"https:\/\/startercultures.eu\/de\/\",\"name\":\"Startercultures.eu\",\"description\":\"Startercultures.eu\",\"publisher\":{\"@id\":\"https:\/\/startercultures.eu\/de\/#organization\"},\"potentialAction\":[{\"@type\":\"SearchAction\",\"target\":{\"@type\":\"EntryPoint\",\"urlTemplate\":\"https:\/\/startercultures.eu\/de\/?s={search_term_string}\"},\"query-input\":{\"@type\":\"PropertyValueSpecification\",\"valueRequired\":true,\"valueName\":\"search_term_string\"}}],\"inLanguage\":\"de-DE\"},{\"@type\":\"Organization\",\"@id\":\"https:\/\/startercultures.eu\/de\/#organization\",\"name\":\"Startercultures.eu\",\"url\":\"https:\/\/startercultures.eu\/de\/\",\"logo\":{\"@type\":\"ImageObject\",\"inLanguage\":\"de-DE\",\"@id\":\"https:\/\/startercultures.eu\/de\/#\/schema\/logo\/image\/\",\"url\":\"https:\/\/startercultures.eu\/wp-content\/uploads\/2020\/08\/startercultures-eu-nl-logo-rond-rgb.png\",\"contentUrl\":\"https:\/\/startercultures.eu\/wp-content\/uploads\/2020\/08\/startercultures-eu-nl-logo-rond-rgb.png\",\"width\":320,\"height\":320,\"caption\":\"Startercultures.eu\"},\"image\":{\"@id\":\"https:\/\/startercultures.eu\/de\/#\/schema\/logo\/image\/\"},\"sameAs\":[\"https:\/\/www.facebook.com\/startercultureseu\",\"https:\/\/www.instagram.com\/startercultures.eu\/\"],\"hasMerchantReturnPolicy\":{\"@type\":\"MerchantReturnPolicy\",\"merchantReturnLink\":\"https:\/\/startercultures.eu\/return-policy\/\"}}]}<\/script>\n<meta property=\"og:availability\" content=\"instock\" \/>\n<meta property=\"product:availability\" content=\"instock\" \/>\n<meta property=\"product:retailer_item_id\" content=\"305\" \/>\n<meta property=\"product:condition\" content=\"new\" \/>\n<!-- \/ Yoast SEO plugin. -->","yoast_head_json":{"title":"K\u00e4setuch f\u00fcr die Heimk\u00e4serei | Startercultures.eu","description":"Ungebleichtes K\u00e4setuch aus Baumwolle f\u00fcr die K\u00e4seherstellung. Universell verwendbar als K\u00e4setuch, Filtertuch, Abdecktuch f\u00fcr Kombucha-Gl\u00e4ser oder Hopfensack.","robots":{"index":"index","follow":"follow","max-snippet":"max-snippet:-1","max-image-preview":"max-image-preview:large","max-video-preview":"max-video-preview:-1"},"canonical":"https:\/\/startercultures.eu\/de\/product\/fermentation-de\/molkerei\/kase\/kaseherstellung-kasetuch-5\/","og_locale":"de_DE","og_type":"article","og_title":"K\u00e4setuch f\u00fcr die Heimk\u00e4serei | Startercultures.eu","og_description":"Ungebleichtes K\u00e4setuch aus Baumwolle f\u00fcr die K\u00e4seherstellung. Universell verwendbar als K\u00e4setuch, Filtertuch, Abdecktuch f\u00fcr Kombucha-Gl\u00e4ser oder Hopfensack.","og_url":"https:\/\/startercultures.eu\/de\/product\/fermentation-de\/molkerei\/kase\/kaseherstellung-kasetuch-5\/","og_site_name":"Startercultures.eu","article_publisher":"https:\/\/www.facebook.com\/startercultureseu","article_modified_time":"2026-04-13T18:01:39+00:00","og_image":[{"width":1000,"height":1000,"url":"https:\/\/startercultures.eu\/wp-content\/uploads\/2020\/09\/5-stuks-kaasdoek.jpg","type":"image\/jpeg"}],"twitter_card":"summary_large_image","twitter_misc":{"Availability":"Vorr\u00e4tig"},"schema":{"@context":"https:\/\/schema.org","@graph":[{"@type":"WebPage","@id":"https:\/\/startercultures.eu\/de\/product\/fermentation-de\/molkerei\/kase\/kaseherstellung-kasetuch-5\/","url":"https:\/\/startercultures.eu\/de\/product\/fermentation-de\/molkerei\/kase\/kaseherstellung-kasetuch-5\/","name":"K\u00e4setuch f\u00fcr die Heimk\u00e4serei | Startercultures.eu","isPartOf":{"@id":"https:\/\/startercultures.eu\/de\/#website"},"primaryImageOfPage":{"@id":"https:\/\/startercultures.eu\/de\/product\/fermentation-de\/molkerei\/kase\/kaseherstellung-kasetuch-5\/#primaryimage"},"image":{"@id":"https:\/\/startercultures.eu\/de\/product\/fermentation-de\/molkerei\/kase\/kaseherstellung-kasetuch-5\/#primaryimage"},"thumbnailUrl":"https:\/\/startercultures.eu\/wp-content\/uploads\/2020\/09\/5-stuks-kaasdoek.jpg","datePublished":"2020-09-21T07:06:31+00:00","dateModified":"2026-04-13T18:01:39+00:00","description":"Ungebleichtes K\u00e4setuch aus Baumwolle f\u00fcr die K\u00e4seherstellung. Universell verwendbar als K\u00e4setuch, Filtertuch, Abdecktuch f\u00fcr Kombucha-Gl\u00e4ser oder Hopfensack.","breadcrumb":{"@id":"https:\/\/startercultures.eu\/de\/product\/fermentation-de\/molkerei\/kase\/kaseherstellung-kasetuch-5\/#breadcrumb"},"inLanguage":"de-DE","potentialAction":[{"@type":"ReadAction","target":["https:\/\/startercultures.eu\/de\/product\/fermentation-de\/molkerei\/kase\/kaseherstellung-kasetuch-5\/"]}]},{"@type":"ImageObject","inLanguage":"de-DE","@id":"https:\/\/startercultures.eu\/de\/product\/fermentation-de\/molkerei\/kase\/kaseherstellung-kasetuch-5\/#primaryimage","url":"https:\/\/startercultures.eu\/wp-content\/uploads\/2020\/09\/5-stuks-kaasdoek.jpg","contentUrl":"https:\/\/startercultures.eu\/wp-content\/uploads\/2020\/09\/5-stuks-kaasdoek.jpg","width":1000,"height":1000,"caption":"K\u00e4setuch"},{"@type":"BreadcrumbList","@id":"https:\/\/startercultures.eu\/de\/product\/fermentation-de\/molkerei\/kase\/kaseherstellung-kasetuch-5\/#breadcrumb","itemListElement":[{"@type":"ListItem","position":1,"name":"Home","item":"https:\/\/startercultures.eu\/de\/"},{"@type":"ListItem","position":2,"name":"Shop","item":"https:\/\/startercultures.eu\/shop\/"},{"@type":"ListItem","position":3,"name":"K\u00e4setuch | f\u00fcr die K\u00e4seherstellung."}]},{"@type":"WebSite","@id":"https:\/\/startercultures.eu\/de\/#website","url":"https:\/\/startercultures.eu\/de\/","name":"Startercultures.eu","description":"Startercultures.eu","publisher":{"@id":"https:\/\/startercultures.eu\/de\/#organization"},"potentialAction":[{"@type":"SearchAction","target":{"@type":"EntryPoint","urlTemplate":"https:\/\/startercultures.eu\/de\/?s={search_term_string}"},"query-input":{"@type":"PropertyValueSpecification","valueRequired":true,"valueName":"search_term_string"}}],"inLanguage":"de-DE"},{"@type":"Organization","@id":"https:\/\/startercultures.eu\/de\/#organization","name":"Startercultures.eu","url":"https:\/\/startercultures.eu\/de\/","logo":{"@type":"ImageObject","inLanguage":"de-DE","@id":"https:\/\/startercultures.eu\/de\/#\/schema\/logo\/image\/","url":"https:\/\/startercultures.eu\/wp-content\/uploads\/2020\/08\/startercultures-eu-nl-logo-rond-rgb.png","contentUrl":"https:\/\/startercultures.eu\/wp-content\/uploads\/2020\/08\/startercultures-eu-nl-logo-rond-rgb.png","width":320,"height":320,"caption":"Startercultures.eu"},"image":{"@id":"https:\/\/startercultures.eu\/de\/#\/schema\/logo\/image\/"},"sameAs":["https:\/\/www.facebook.com\/startercultureseu","https:\/\/www.instagram.com\/startercultures.eu\/"],"hasMerchantReturnPolicy":{"@type":"MerchantReturnPolicy","merchantReturnLink":"https:\/\/startercultures.eu\/return-policy\/"}}]},"og_availability":"instock","product_availability":"instock","product_retailer_item_id":"305","product_condition":"new"},"_links":{"self":[{"href":"https:\/\/startercultures.eu\/de\/wp-json\/wp\/v2\/product\/25031","targetHints":{"allow":["GET"]}}],"collection":[{"href":"https:\/\/startercultures.eu\/de\/wp-json\/wp\/v2\/product"}],"about":[{"href":"https:\/\/startercultures.eu\/de\/wp-json\/wp\/v2\/types\/product"}],"replies":[{"embeddable":true,"href":"https:\/\/startercultures.eu\/de\/wp-json\/wp\/v2\/comments?post=25031"}],"version-history":[{"count":8,"href":"https:\/\/startercultures.eu\/de\/wp-json\/wp\/v2\/product\/25031\/revisions"}],"predecessor-version":[{"id":75992,"href":"https:\/\/startercultures.eu\/de\/wp-json\/wp\/v2\/product\/25031\/revisions\/75992"}],"wp:featuredmedia":[{"embeddable":true,"href":"https:\/\/startercultures.eu\/de\/wp-json\/wp\/v2\/media\/24180"}],"wp:attachment":[{"href":"https:\/\/startercultures.eu\/de\/wp-json\/wp\/v2\/media?parent=25031"}],"wp:term":[{"taxonomy":"product_brand","embeddable":true,"href":"https:\/\/startercultures.eu\/de\/wp-json\/wp\/v2\/product_brand?post=25031"},{"taxonomy":"product_cat","embeddable":true,"href":"https:\/\/startercultures.eu\/de\/wp-json\/wp\/v2\/product_cat?post=25031"},{"taxonomy":"product_tag","embeddable":true,"href":"https:\/\/startercultures.eu\/de\/wp-json\/wp\/v2\/product_tag?post=25031"}],"curies":[{"name":"wp","href":"https:\/\/api.w.org\/{rel}","templated":true}]}}