{"id":25033,"date":"2020-12-24T06:25:03","date_gmt":"2020-12-24T06:25:03","guid":{"rendered":"https:\/\/startercultures.eu\/product\/unkategorisiert\/wasserschleuse-und-d82-deckel-ca-75-mm\/"},"modified":"2024-11-26T12:30:43","modified_gmt":"2024-11-26T11:30:43","slug":"wasserschleuse-und-d82-deckel","status":"publish","type":"product","link":"https:\/\/startercultures.eu\/de\/product\/fermentation-de\/gemuse-de\/werkzeuge\/wasserschleuse-und-d82-deckel\/","title":{"rendered":"Wasserschleuse und D82-Deckel | ca. 75 mm"},"content":{"rendered":"<h3>Was ist eine Wasserschleuse?<\/h3>\n<p>Die Wasserschleuse sorgt daf\u00fcr, dass Kohlendioxid entweichen kann, aber kein Sauerstoff, keine Pilze und keine Fruchtfliegen in Ihr g\u00e4rendes Gem\u00fcse oder die G\u00e4rung, f\u00fcr die Sie es verwenden, gelangen k\u00f6nnen. Die Gummit\u00fclle sorgt daf\u00fcr, dass der Wasserverschluss perfekt in Ihrem Deckel sitzt und kein Gas an den R\u00e4ndern entweichen kann.<\/p>\n<h3>\u00dcber diese Luftschleuse und den D82-Deckel<\/h3>\n<p>Dieses Set wird vorgefertigt geliefert, so dass Sie selbst keine L\u00f6cher bohren m\u00fcssen. Er passt auf alle Standard-D82-Gl\u00e4ser. D82 ist in den meisten europ\u00e4ischen L\u00e4ndern die g\u00e4ngigste Mundgr\u00f6\u00dfe. Der Munddurchmesser betr\u00e4gt etwa 75 mm. Bitte pr\u00fcfen Sie vor der Bestellung die Gr\u00f6\u00dfe der \u00d6ffnung Ihres Glases. Auf den Bildern sehen Sie einige Standard-D82-Gl\u00e4ser.<\/p>\n<h3>Inhalt<\/h3>\n<ul>\n<li>1 Wasserschleuse<\/li>\n<li>1 D82 Kunststoffdeckel mit T\u00fclle<\/li>\n<li>Durchmesser: etwa 75 mm<\/li>\n<\/ul>\n<h3>Alternativen<\/h3>\n<p>Sie haben keine D82-Gl\u00e4ser? Unsicher? Sehen Sie sich diese Alternativen an.<\/p>\n<ul>\n<li><a href=\"https:\/\/startercultures.eu\/product\/vegan-main\/vegan-vegetables\/waterlock\/\" target=\"_blank\" rel=\"noopener\">DIY-Wasserschleuse<\/a>, verwendbar f\u00fcr jedes Gef\u00e4\u00df oder jeden Eimer<\/li>\n<li><a href=\"https:\/\/startercultures.eu\/product\/vegan-main\/vegan-vegetables\/mason-jar-lid-with-self-sealing-airlock-for-vegetable-fermentation\/\" target=\"_blank\" rel=\"noopener\">Selbstdichtende Wasserschleuse f\u00fcr Einmachgl\u00e4ser<\/a><\/li>\n<li><a href=\"https:\/\/startercultures.eu\/product\/vegan-main\/vegan-vegetables\/rotpot-vegetable-fermentation-starterkit\/\" target=\"_blank\" rel=\"noopener\">Rotpot<\/a> &#8211; Alles in einem Gem\u00fcseg\u00e4rungsset<\/li>\n<\/ul>\n<h3>Anleitung f\u00fcr Luftschleuse und D82-Deckel<\/h3>\n<ol>\n<li>F\u00fchren Sie die Wasserschleuse vorsichtig in das Loch ein und achten Sie darauf, dass der Deckel nicht zerspringt. Es ist hilfreich, ein wenig Wasser oder \u00d6l als Schmiermittel zu verwenden.<\/li>\n<li>F\u00fcllen Sie die Schleuse zur H\u00e4lfte mit Wasser<\/li>\n<li>Schlie\u00dfen Sie den Deckel fest.<\/li>\n<\/ol>\n<h3>Online-Workshop &#8220;Kimchi herstellen (und anderes Gem\u00fcse fermentieren)&#8221;<img decoding=\"async\" class=\"lazyload  wp-image-23963 alignright\" src=\"https:\/\/startercultures.eu\/wp-content\/uploads\/2020\/12\/fermentation-450-300x300.png\" data-orig-src=\"https:\/\/startercultures.eu\/wp-content\/uploads\/2020\/12\/fermentation-450-300x300.png\" alt=\"Fermentation workshops\" width=\"131\" height=\"131\" srcset=\"data:image\/svg+xml,%3Csvg%20xmlns%3D%27http%3A%2F%2Fwww.w3.org%2F2000%2Fsvg%27%20width%3D%27131%27%20height%3D%27131%27%20viewBox%3D%270%200%20131%20131%27%3E%3Crect%20width%3D%27131%27%20height%3D%27131%27%20fill-opacity%3D%220%22%2F%3E%3C%2Fsvg%3E\" data-srcset=\"https:\/\/startercultures.eu\/wp-content\/uploads\/2020\/12\/fermentation-450-66x66.png 66w, https:\/\/startercultures.eu\/wp-content\/uploads\/2020\/12\/fermentation-450-70x70.png 70w, https:\/\/startercultures.eu\/wp-content\/uploads\/2020\/12\/fermentation-450-100x100.png 100w, https:\/\/startercultures.eu\/wp-content\/uploads\/2020\/12\/fermentation-450-150x150.png 150w, https:\/\/startercultures.eu\/wp-content\/uploads\/2020\/12\/fermentation-450-200x200.png 200w, https:\/\/startercultures.eu\/wp-content\/uploads\/2020\/12\/fermentation-450-300x300.png 300w, https:\/\/startercultures.eu\/wp-content\/uploads\/2020\/12\/fermentation-450-400x401.png 400w, https:\/\/startercultures.eu\/wp-content\/uploads\/2020\/12\/fermentation-450.png 450w\" data-sizes=\"auto\" data-orig-sizes=\"(max-width: 131px) 100vw, 131px\" \/><\/h3>\n<p>In diesem <a href=\"https:\/\/startercultures.eu\/product\/workshops-2\/online-workshops-fermentation\/online-workshop-how-to-make-kimchi-and-ferment-other-vegetables\/\" target=\"_blank\" rel=\"noopener\">englischsprachigen Workshop<\/a> erfahren Sie alles \u00fcber Kimchi, das beliebte fermentierte Gem\u00fcse. W\u00fcrzig, frisch und unglaublich lecker. Sie werden feststellen, dass dieses Aroma sehr vielseitig ist und dass die Bandbreite der Zubereitungen enorm ist. Es gibt sogar 7-up-Kimchi! In der Zwischenzeit werden Sie auch etwas \u00fcber die G\u00e4rung lernen. Von Foodwriter<a href=\"https:\/\/wateetons.com\/\" target=\"_blank\" rel=\"noopener\">&#8216;Meneer Wateetons&#8217;<\/a>, Autor mehrerer B\u00fccher \u00fcber Fermentation und alternative Lebensmittelzubereitungstechniken, Klicken Sie <a href=\"https:\/\/startercultures.eu\/product\/workshops-2\/online-workshops-fermentation\/online-workshop-how-to-make-kimchi-and-ferment-other-vegetables\/\" target=\"_blank\" rel=\"noopener\">hier<\/a> f\u00fcr weitere Informationen.<\/p>\n<p>&nbsp;<\/p>\n","protected":false},"excerpt":{"rendered":"<p>Diese Wasserschleuse wird vorgefertigt geliefert, sodass Sie selbst keine L\u00f6cher bohren m\u00fcssen. Sie passt auf alle Standard-D82-Gl\u00e4ser. D82 (ca. 75 mm Durchmesser) ist die h\u00e4ufigste Mundgr\u00f6\u00dfe in Europa.<\/p>\n","protected":false},"featured_media":24294,"comment_status":"open","ping_status":"closed","template":"","meta":{"_acf_changed":false,"footnotes":""},"product_brand":[],"product_cat":[708,716,644],"product_tag":[],"class_list":{"0":"post-25033","1":"product","2":"type-product","3":"status-publish","4":"has-post-thumbnail","6":"product_cat-gemuse","7":"product_cat-gemuse-de","8":"product_cat-werkzeuge","9":"product_shipping_class-klein-pakket-de","10":"pa_ean-8720297621017-de","12":"first","13":"instock","14":"taxable","15":"shipping-taxable","16":"purchasable","17":"product-type-simple"},"acf":[],"yoast_head":"<!-- This site is optimized with the Yoast SEO plugin v26.6 - https:\/\/yoast.com\/wordpress\/plugins\/seo\/ -->\n<title>Luftschleuse und D82-Deckel f\u00fcr G\u00e4rung | Startercultures.eu<\/title>\n<meta name=\"description\" content=\"Diese Luftschleuse und der D82-Deckel werden vorgefertigt geliefert, ohne dass Sie selbst L\u00f6cher bohren m\u00fcssen. Er passt auf alle Standard-D82-Gl\u00e4ser (ca. 75 mm Durchmesser).\" \/>\n<meta name=\"robots\" content=\"index, follow, max-snippet:-1, max-image-preview:large, max-video-preview:-1\" \/>\n<link rel=\"canonical\" href=\"https:\/\/startercultures.eu\/de\/product\/fermentation-de\/gemuse-de\/werkzeuge\/wasserschleuse-und-d82-deckel\/\" \/>\n<meta property=\"og:locale\" content=\"de_DE\" \/>\n<meta property=\"og:type\" content=\"article\" \/>\n<meta property=\"og:title\" content=\"Luftschleuse und D82-Deckel f\u00fcr G\u00e4rung | Startercultures.eu\" \/>\n<meta property=\"og:description\" content=\"Diese Luftschleuse und der D82-Deckel werden vorgefertigt geliefert, ohne dass Sie selbst L\u00f6cher bohren m\u00fcssen. Er passt auf alle Standard-D82-Gl\u00e4ser (ca. 75 mm Durchmesser).\" \/>\n<meta property=\"og:url\" content=\"https:\/\/startercultures.eu\/de\/product\/fermentation-de\/gemuse-de\/werkzeuge\/wasserschleuse-und-d82-deckel\/\" \/>\n<meta property=\"og:site_name\" content=\"Startercultures.eu\" \/>\n<meta property=\"article:publisher\" content=\"https:\/\/www.facebook.com\/startercultureseu\" \/>\n<meta property=\"article:modified_time\" content=\"2024-11-26T11:30:43+00:00\" \/>\n<meta property=\"og:image\" content=\"https:\/\/startercultures.eu\/wp-content\/uploads\/2020\/12\/D82-plus-waterlock.png\" \/>\n\t<meta property=\"og:image:width\" content=\"1352\" \/>\n\t<meta property=\"og:image:height\" content=\"1360\" \/>\n\t<meta property=\"og:image:type\" content=\"image\/png\" \/>\n<meta name=\"twitter:card\" content=\"summary_large_image\" \/>\n<meta name=\"twitter:label1\" content=\"Price\" \/>\n\t<meta name=\"twitter:data1\" content=\"11,99\" \/>\n\t<meta name=\"twitter:label2\" content=\"Availability\" \/>\n\t<meta name=\"twitter:data2\" content=\"Vorr\u00e4tig\" \/>\n<script type=\"application\/ld+json\" class=\"yoast-schema-graph\">{\"@context\":\"https:\/\/schema.org\",\"@graph\":[{\"@type\":\"WebPage\",\"@id\":\"https:\/\/startercultures.eu\/de\/product\/fermentation-de\/gemuse-de\/werkzeuge\/wasserschleuse-und-d82-deckel\/\",\"url\":\"https:\/\/startercultures.eu\/de\/product\/fermentation-de\/gemuse-de\/werkzeuge\/wasserschleuse-und-d82-deckel\/\",\"name\":\"Luftschleuse und D82-Deckel f\u00fcr G\u00e4rung | Startercultures.eu\",\"isPartOf\":{\"@id\":\"https:\/\/startercultures.eu\/de\/#website\"},\"primaryImageOfPage\":{\"@id\":\"https:\/\/startercultures.eu\/de\/product\/fermentation-de\/gemuse-de\/werkzeuge\/wasserschleuse-und-d82-deckel\/#primaryimage\"},\"image\":{\"@id\":\"https:\/\/startercultures.eu\/de\/product\/fermentation-de\/gemuse-de\/werkzeuge\/wasserschleuse-und-d82-deckel\/#primaryimage\"},\"thumbnailUrl\":\"https:\/\/startercultures.eu\/wp-content\/uploads\/2020\/12\/D82-plus-waterlock.png\",\"datePublished\":\"2020-12-24T06:25:03+00:00\",\"dateModified\":\"2024-11-26T11:30:43+00:00\",\"description\":\"Diese Luftschleuse und der D82-Deckel werden vorgefertigt geliefert, ohne dass Sie selbst L\u00f6cher bohren m\u00fcssen. Er passt auf alle Standard-D82-Gl\u00e4ser (ca. 75 mm Durchmesser).\",\"breadcrumb\":{\"@id\":\"https:\/\/startercultures.eu\/de\/product\/fermentation-de\/gemuse-de\/werkzeuge\/wasserschleuse-und-d82-deckel\/#breadcrumb\"},\"inLanguage\":\"de-DE\",\"potentialAction\":[{\"@type\":\"ReadAction\",\"target\":[\"https:\/\/startercultures.eu\/de\/product\/fermentation-de\/gemuse-de\/werkzeuge\/wasserschleuse-und-d82-deckel\/\"]}]},{\"@type\":\"ImageObject\",\"inLanguage\":\"de-DE\",\"@id\":\"https:\/\/startercultures.eu\/de\/product\/fermentation-de\/gemuse-de\/werkzeuge\/wasserschleuse-und-d82-deckel\/#primaryimage\",\"url\":\"https:\/\/startercultures.eu\/wp-content\/uploads\/2020\/12\/D82-plus-waterlock.png\",\"contentUrl\":\"https:\/\/startercultures.eu\/wp-content\/uploads\/2020\/12\/D82-plus-waterlock.png\",\"width\":1352,\"height\":1360,\"caption\":\"D82 Deckel plus Wasserschleuse G\u00e4rung\"},{\"@type\":\"BreadcrumbList\",\"@id\":\"https:\/\/startercultures.eu\/de\/product\/fermentation-de\/gemuse-de\/werkzeuge\/wasserschleuse-und-d82-deckel\/#breadcrumb\",\"itemListElement\":[{\"@type\":\"ListItem\",\"position\":1,\"name\":\"Home\",\"item\":\"https:\/\/startercultures.eu\/de\/\"},{\"@type\":\"ListItem\",\"position\":2,\"name\":\"Shop\",\"item\":\"https:\/\/startercultures.eu\/shop\/\"},{\"@type\":\"ListItem\",\"position\":3,\"name\":\"Wasserschleuse und D82-Deckel | ca. 75 mm\"}]},{\"@type\":\"WebSite\",\"@id\":\"https:\/\/startercultures.eu\/de\/#website\",\"url\":\"https:\/\/startercultures.eu\/de\/\",\"name\":\"Startercultures.eu\",\"description\":\"Startercultures.eu\",\"publisher\":{\"@id\":\"https:\/\/startercultures.eu\/de\/#organization\"},\"potentialAction\":[{\"@type\":\"SearchAction\",\"target\":{\"@type\":\"EntryPoint\",\"urlTemplate\":\"https:\/\/startercultures.eu\/de\/?s={search_term_string}\"},\"query-input\":{\"@type\":\"PropertyValueSpecification\",\"valueRequired\":true,\"valueName\":\"search_term_string\"}}],\"inLanguage\":\"de-DE\"},{\"@type\":\"Organization\",\"@id\":\"https:\/\/startercultures.eu\/de\/#organization\",\"name\":\"Startercultures.eu\",\"url\":\"https:\/\/startercultures.eu\/de\/\",\"logo\":{\"@type\":\"ImageObject\",\"inLanguage\":\"de-DE\",\"@id\":\"https:\/\/startercultures.eu\/de\/#\/schema\/logo\/image\/\",\"url\":\"https:\/\/startercultures.eu\/wp-content\/uploads\/2020\/08\/startercultures-eu-nl-logo-rond-rgb.png\",\"contentUrl\":\"https:\/\/startercultures.eu\/wp-content\/uploads\/2020\/08\/startercultures-eu-nl-logo-rond-rgb.png\",\"width\":320,\"height\":320,\"caption\":\"Startercultures.eu\"},\"image\":{\"@id\":\"https:\/\/startercultures.eu\/de\/#\/schema\/logo\/image\/\"},\"sameAs\":[\"https:\/\/www.facebook.com\/startercultureseu\",\"https:\/\/www.instagram.com\/startercultures.eu\/\"]}]}<\/script>\n<meta property=\"product:price:amount\" content=\"11.99\" \/>\n<meta property=\"product:price:currency\" content=\"EUR\" \/>\n<meta property=\"og:availability\" content=\"instock\" \/>\n<meta property=\"product:availability\" content=\"instock\" \/>\n<meta property=\"product:retailer_item_id\" content=\"160\" \/>\n<meta property=\"product:condition\" content=\"new\" \/>\n<!-- \/ Yoast SEO plugin. -->","yoast_head_json":{"title":"Luftschleuse und D82-Deckel f\u00fcr G\u00e4rung | Startercultures.eu","description":"Diese Luftschleuse und der D82-Deckel werden vorgefertigt geliefert, ohne dass Sie selbst L\u00f6cher bohren m\u00fcssen. Er passt auf alle Standard-D82-Gl\u00e4ser (ca. 75 mm Durchmesser).","robots":{"index":"index","follow":"follow","max-snippet":"max-snippet:-1","max-image-preview":"max-image-preview:large","max-video-preview":"max-video-preview:-1"},"canonical":"https:\/\/startercultures.eu\/de\/product\/fermentation-de\/gemuse-de\/werkzeuge\/wasserschleuse-und-d82-deckel\/","og_locale":"de_DE","og_type":"article","og_title":"Luftschleuse und D82-Deckel f\u00fcr G\u00e4rung | Startercultures.eu","og_description":"Diese Luftschleuse und der D82-Deckel werden vorgefertigt geliefert, ohne dass Sie selbst L\u00f6cher bohren m\u00fcssen. Er passt auf alle Standard-D82-Gl\u00e4ser (ca. 75 mm Durchmesser).","og_url":"https:\/\/startercultures.eu\/de\/product\/fermentation-de\/gemuse-de\/werkzeuge\/wasserschleuse-und-d82-deckel\/","og_site_name":"Startercultures.eu","article_publisher":"https:\/\/www.facebook.com\/startercultureseu","article_modified_time":"2024-11-26T11:30:43+00:00","og_image":[{"width":1352,"height":1360,"url":"https:\/\/startercultures.eu\/wp-content\/uploads\/2020\/12\/D82-plus-waterlock.png","type":"image\/png"}],"twitter_card":"summary_large_image","twitter_misc":{"Price":"11,99","Availability":"Vorr\u00e4tig"},"schema":{"@context":"https:\/\/schema.org","@graph":[{"@type":"WebPage","@id":"https:\/\/startercultures.eu\/de\/product\/fermentation-de\/gemuse-de\/werkzeuge\/wasserschleuse-und-d82-deckel\/","url":"https:\/\/startercultures.eu\/de\/product\/fermentation-de\/gemuse-de\/werkzeuge\/wasserschleuse-und-d82-deckel\/","name":"Luftschleuse und D82-Deckel f\u00fcr G\u00e4rung | Startercultures.eu","isPartOf":{"@id":"https:\/\/startercultures.eu\/de\/#website"},"primaryImageOfPage":{"@id":"https:\/\/startercultures.eu\/de\/product\/fermentation-de\/gemuse-de\/werkzeuge\/wasserschleuse-und-d82-deckel\/#primaryimage"},"image":{"@id":"https:\/\/startercultures.eu\/de\/product\/fermentation-de\/gemuse-de\/werkzeuge\/wasserschleuse-und-d82-deckel\/#primaryimage"},"thumbnailUrl":"https:\/\/startercultures.eu\/wp-content\/uploads\/2020\/12\/D82-plus-waterlock.png","datePublished":"2020-12-24T06:25:03+00:00","dateModified":"2024-11-26T11:30:43+00:00","description":"Diese Luftschleuse und der D82-Deckel werden vorgefertigt geliefert, ohne dass Sie selbst L\u00f6cher bohren m\u00fcssen. Er passt auf alle Standard-D82-Gl\u00e4ser (ca. 75 mm Durchmesser).","breadcrumb":{"@id":"https:\/\/startercultures.eu\/de\/product\/fermentation-de\/gemuse-de\/werkzeuge\/wasserschleuse-und-d82-deckel\/#breadcrumb"},"inLanguage":"de-DE","potentialAction":[{"@type":"ReadAction","target":["https:\/\/startercultures.eu\/de\/product\/fermentation-de\/gemuse-de\/werkzeuge\/wasserschleuse-und-d82-deckel\/"]}]},{"@type":"ImageObject","inLanguage":"de-DE","@id":"https:\/\/startercultures.eu\/de\/product\/fermentation-de\/gemuse-de\/werkzeuge\/wasserschleuse-und-d82-deckel\/#primaryimage","url":"https:\/\/startercultures.eu\/wp-content\/uploads\/2020\/12\/D82-plus-waterlock.png","contentUrl":"https:\/\/startercultures.eu\/wp-content\/uploads\/2020\/12\/D82-plus-waterlock.png","width":1352,"height":1360,"caption":"D82 Deckel plus Wasserschleuse G\u00e4rung"},{"@type":"BreadcrumbList","@id":"https:\/\/startercultures.eu\/de\/product\/fermentation-de\/gemuse-de\/werkzeuge\/wasserschleuse-und-d82-deckel\/#breadcrumb","itemListElement":[{"@type":"ListItem","position":1,"name":"Home","item":"https:\/\/startercultures.eu\/de\/"},{"@type":"ListItem","position":2,"name":"Shop","item":"https:\/\/startercultures.eu\/shop\/"},{"@type":"ListItem","position":3,"name":"Wasserschleuse und D82-Deckel | ca. 75 mm"}]},{"@type":"WebSite","@id":"https:\/\/startercultures.eu\/de\/#website","url":"https:\/\/startercultures.eu\/de\/","name":"Startercultures.eu","description":"Startercultures.eu","publisher":{"@id":"https:\/\/startercultures.eu\/de\/#organization"},"potentialAction":[{"@type":"SearchAction","target":{"@type":"EntryPoint","urlTemplate":"https:\/\/startercultures.eu\/de\/?s={search_term_string}"},"query-input":{"@type":"PropertyValueSpecification","valueRequired":true,"valueName":"search_term_string"}}],"inLanguage":"de-DE"},{"@type":"Organization","@id":"https:\/\/startercultures.eu\/de\/#organization","name":"Startercultures.eu","url":"https:\/\/startercultures.eu\/de\/","logo":{"@type":"ImageObject","inLanguage":"de-DE","@id":"https:\/\/startercultures.eu\/de\/#\/schema\/logo\/image\/","url":"https:\/\/startercultures.eu\/wp-content\/uploads\/2020\/08\/startercultures-eu-nl-logo-rond-rgb.png","contentUrl":"https:\/\/startercultures.eu\/wp-content\/uploads\/2020\/08\/startercultures-eu-nl-logo-rond-rgb.png","width":320,"height":320,"caption":"Startercultures.eu"},"image":{"@id":"https:\/\/startercultures.eu\/de\/#\/schema\/logo\/image\/"},"sameAs":["https:\/\/www.facebook.com\/startercultureseu","https:\/\/www.instagram.com\/startercultures.eu\/"]}]},"product_price_amount":"11.99","product_price_currency":"EUR","og_availability":"instock","product_availability":"instock","product_retailer_item_id":"160","product_condition":"new"},"_links":{"self":[{"href":"https:\/\/startercultures.eu\/de\/wp-json\/wp\/v2\/product\/25033","targetHints":{"allow":["GET"]}}],"collection":[{"href":"https:\/\/startercultures.eu\/de\/wp-json\/wp\/v2\/product"}],"about":[{"href":"https:\/\/startercultures.eu\/de\/wp-json\/wp\/v2\/types\/product"}],"replies":[{"embeddable":true,"href":"https:\/\/startercultures.eu\/de\/wp-json\/wp\/v2\/comments?post=25033"}],"version-history":[{"count":1,"href":"https:\/\/startercultures.eu\/de\/wp-json\/wp\/v2\/product\/25033\/revisions"}],"predecessor-version":[{"id":65358,"href":"https:\/\/startercultures.eu\/de\/wp-json\/wp\/v2\/product\/25033\/revisions\/65358"}],"wp:featuredmedia":[{"embeddable":true,"href":"https:\/\/startercultures.eu\/de\/wp-json\/wp\/v2\/media\/24294"}],"wp:attachment":[{"href":"https:\/\/startercultures.eu\/de\/wp-json\/wp\/v2\/media?parent=25033"}],"wp:term":[{"taxonomy":"product_brand","embeddable":true,"href":"https:\/\/startercultures.eu\/de\/wp-json\/wp\/v2\/product_brand?post=25033"},{"taxonomy":"product_cat","embeddable":true,"href":"https:\/\/startercultures.eu\/de\/wp-json\/wp\/v2\/product_cat?post=25033"},{"taxonomy":"product_tag","embeddable":true,"href":"https:\/\/startercultures.eu\/de\/wp-json\/wp\/v2\/product_tag?post=25033"}],"curies":[{"name":"wp","href":"https:\/\/api.w.org\/{rel}","templated":true}]}}