{"id":25034,"date":"2020-12-24T05:54:30","date_gmt":"2020-12-24T05:54:30","guid":{"rendered":"https:\/\/startercultures.eu\/product\/unkategorisiert\/gaerungsthermometer-mit-sofortablese-aufkleber\/"},"modified":"2025-05-01T21:56:03","modified_gmt":"2025-05-01T19:56:03","slug":"garungs-instant-lese-aufkleber-thermometer","status":"publish","type":"product","link":"https:\/\/startercultures.eu\/de\/product\/fermentation-de\/sodas\/werkzeuge-de-2\/garungs-instant-lese-aufkleber-thermometer\/","title":{"rendered":"G\u00e4rungsthermometer mit Sofortablese-Aufkleber"},"content":{"rendered":"<p>Viele G\u00e4rungen funktionieren am besten in einem bestimmten Temperaturbereich. <a href=\"https:\/\/startercultures.eu\/product\/vegan-main\/vegan-soda-s\/organic-guaranteed-safe-kombucha-scoby\/\" target=\"_blank\" rel=\"noopener\">Kombucha<\/a> zum Beispiel bevorzugt eine angenehme G\u00e4rtemperatur von 25 bis 30 Grad Celsius. Nat\u00fcrlich funktioniert auch die Zimmertemperatur, aber wenn Sie den SCOBY fragen w\u00fcrden, w\u00fcrde er (oder sie) einen w\u00e4rmeren Ort bevorzugen. Die meisten <a href=\"https:\/\/startercultures.eu\/product\/vegan-main\/vegan-vinegar\/organic-and-tested-applecider-vinegar-mother\/\" target=\"_blank\" rel=\"noopener\">Essigarten<\/a> m\u00f6gen auch h\u00f6here Temperaturen als die Raumtemperatur. <a href=\"https:\/\/startercultures.eu\/product\/vegan-main\/vegan-soda-s\/organic-guaranteed-safe-jun-scoby\/\" target=\"_blank\" rel=\"noopener\">Jun<\/a> hingegen bevorzugt eine k\u00fchlere Umgebung.<\/p>\n<h3>\u00dcber dieses G\u00e4rungsthermometer mit Sofortablesung und Aufkleber<\/h3>\n<p>Dieses Thermometer ist ideal f\u00fcr die Messung der Temperatur Ihres G\u00e4rsuds. Kleben Sie es einfach auf das Glas, oder was auch immer Sie verwenden, und schon kann es losgehen. Es ist nicht n\u00f6tig, mit einem separaten Thermometer zu messen. Man muss nicht einmal das Glas \u00f6ffnen. Dieses Thermometer zeigt Ihnen die Temperatur kontinuierlich an, 24\/7. Nat\u00fcrlich k\u00f6nnen Sie es auch f\u00fcr andere Temperaturmessungen verwenden.<\/p>\n<h3>Inhalt<\/h3>\n<ul>\n<li>1 Klebe-Thermometer<\/li>\n<li>Bereich: 10-40 Grad Celsius, in 2-Grad-Schritten.<\/li>\n<li>Bitte beachten Sie: Der Aufkleber ist nach dem Anbringen dauerhaft.<\/li>\n<\/ul>\n<h3>Online-Workshop &#8220;Kimchi herstellen (und anderes Gem\u00fcse fermentieren)<img decoding=\"async\" class=\"lazyload  wp-image-23963 alignright\" src=\"https:\/\/startercultures.eu\/wp-content\/uploads\/2020\/12\/fermentation-450-300x300.png\" data-orig-src=\"https:\/\/startercultures.eu\/wp-content\/uploads\/2020\/12\/fermentation-450-300x300.png\" alt=\"Fermentation workshops\" width=\"131\" height=\"131\" srcset=\"data:image\/svg+xml,%3Csvg%20xmlns%3D%27http%3A%2F%2Fwww.w3.org%2F2000%2Fsvg%27%20width%3D%27131%27%20height%3D%27131%27%20viewBox%3D%270%200%20131%20131%27%3E%3Crect%20width%3D%27131%27%20height%3D%27131%27%20fill-opacity%3D%220%22%2F%3E%3C%2Fsvg%3E\" data-srcset=\"https:\/\/startercultures.eu\/wp-content\/uploads\/2020\/12\/fermentation-450-66x66.png 66w, https:\/\/startercultures.eu\/wp-content\/uploads\/2020\/12\/fermentation-450-70x70.png 70w, https:\/\/startercultures.eu\/wp-content\/uploads\/2020\/12\/fermentation-450-100x100.png 100w, https:\/\/startercultures.eu\/wp-content\/uploads\/2020\/12\/fermentation-450-150x150.png 150w, https:\/\/startercultures.eu\/wp-content\/uploads\/2020\/12\/fermentation-450-200x200.png 200w, https:\/\/startercultures.eu\/wp-content\/uploads\/2020\/12\/fermentation-450-300x300.png 300w, https:\/\/startercultures.eu\/wp-content\/uploads\/2020\/12\/fermentation-450-400x401.png 400w, https:\/\/startercultures.eu\/wp-content\/uploads\/2020\/12\/fermentation-450.png 450w\" data-sizes=\"auto\" data-orig-sizes=\"(max-width: 131px) 100vw, 131px\" \/><\/h3>\n<p>In diesem <a href=\"https:\/\/startercultures.eu\/product\/workshops-2\/online-workshops-fermentation\/online-workshop-how-to-make-kimchi-and-ferment-other-vegetables\/\" target=\"_blank\" rel=\"noopener\">englischsprachigen Workshop<\/a> erfahren Sie alles \u00fcber Kimchi, das beliebte fermentierte Gem\u00fcse. W\u00fcrzig, frisch und unglaublich lecker. Sie werden feststellen, dass dieses Aroma sehr vielseitig ist und dass die Bandbreite der Zubereitungen enorm ist. Es gibt sogar 7-up-Kimchi! In der Zwischenzeit werden Sie auch etwas \u00fcber die G\u00e4rung lernen. Von Foodwriter<a href=\"https:\/\/wateetons.com\/\" target=\"_blank\" rel=\"noopener\">&#8216;Meneer Wateetons&#8217;<\/a>, Autor mehrerer B\u00fccher \u00fcber Fermentation und alternative Lebensmittelzubereitungstechniken, Klicken Sie <a href=\"https:\/\/startercultures.eu\/product\/workshops-2\/online-workshops-fermentation\/online-workshop-how-to-make-kimchi-and-ferment-other-vegetables\/\" target=\"_blank\" rel=\"noopener\">hier<\/a> f\u00fcr weitere Informationen.<\/p>\n<p>&nbsp;<\/p>\n<p>&nbsp;<\/p>\n","protected":false},"excerpt":{"rendered":"<p>Dieses Thermometer ist ideal f\u00fcr die Messung der Temperatur Ihres G\u00e4rsuds. Kleben Sie es einfach auf das Glas, oder was auch immer Sie verwenden, und schon kann es losgehen.<\/p>\n","protected":false},"featured_media":24184,"comment_status":"open","ping_status":"closed","template":"","meta":{"_acf_changed":false,"footnotes":""},"product_brand":[],"product_cat":[706,704,727,664,726,687,696,644,658,662,663],"product_tag":[],"class_list":{"0":"post-25034","1":"product","2":"type-product","3":"status-publish","4":"has-post-thumbnail","6":"product_cat-asiatisch","7":"product_cat-bohnen-reis-korner","8":"product_cat-essig","9":"product_cat-prufer","10":"product_cat-sodas","11":"product_cat-vegane-limonaden","12":"product_cat-veganer-essig","13":"product_cat-werkzeuge","14":"product_cat-werkzeuge-de-2","15":"product_cat-werkzeuge-de-5","16":"product_cat-werkzeuge-de-6","17":"pa_ean-8720297621000-de","19":"first","20":"instock","21":"taxable","22":"shipping-taxable","23":"purchasable","24":"product-type-simple"},"acf":[],"yoast_head":"<!-- This site is optimized with the Yoast SEO plugin v26.6 - https:\/\/yoast.com\/wordpress\/plugins\/seo\/ -->\n<title>Aufkleber Thermometer f\u00fcr G\u00e4rung | Startercultures.eu<\/title>\n<meta name=\"description\" content=\"Dieses Aufkleber-Thermometer ist ideal, um die Temperatur Ihrer G\u00e4rung zu kontrollieren. Kleben Sie es auf das Glas und fertig.\" \/>\n<meta name=\"robots\" content=\"index, follow, max-snippet:-1, max-image-preview:large, max-video-preview:-1\" \/>\n<link rel=\"canonical\" href=\"https:\/\/startercultures.eu\/de\/product\/fermentation-de\/sodas\/werkzeuge-de-2\/garungs-instant-lese-aufkleber-thermometer\/\" \/>\n<meta property=\"og:locale\" content=\"de_DE\" \/>\n<meta property=\"og:type\" content=\"article\" \/>\n<meta property=\"og:title\" content=\"Aufkleber Thermometer f\u00fcr G\u00e4rung | Startercultures.eu\" \/>\n<meta property=\"og:description\" content=\"Dieses Aufkleber-Thermometer ist ideal, um die Temperatur Ihrer G\u00e4rung zu kontrollieren. Kleben Sie es auf das Glas und fertig.\" \/>\n<meta property=\"og:url\" content=\"https:\/\/startercultures.eu\/de\/product\/fermentation-de\/sodas\/werkzeuge-de-2\/garungs-instant-lese-aufkleber-thermometer\/\" \/>\n<meta property=\"og:site_name\" content=\"Startercultures.eu\" \/>\n<meta property=\"article:publisher\" content=\"https:\/\/www.facebook.com\/startercultureseu\" \/>\n<meta property=\"article:modified_time\" content=\"2025-05-01T19:56:03+00:00\" \/>\n<meta property=\"og:image\" content=\"https:\/\/startercultures.eu\/wp-content\/uploads\/2020\/12\/thermometersticker.png\" \/>\n\t<meta property=\"og:image:width\" content=\"800\" \/>\n\t<meta property=\"og:image:height\" content=\"800\" \/>\n\t<meta property=\"og:image:type\" content=\"image\/png\" \/>\n<meta name=\"twitter:card\" content=\"summary_large_image\" \/>\n<meta name=\"twitter:label1\" content=\"Price\" \/>\n\t<meta name=\"twitter:data1\" content=\"8,49\" \/>\n\t<meta name=\"twitter:label2\" content=\"Availability\" \/>\n\t<meta name=\"twitter:data2\" content=\"Vorr\u00e4tig\" \/>\n<script type=\"application\/ld+json\" class=\"yoast-schema-graph\">{\"@context\":\"https:\/\/schema.org\",\"@graph\":[{\"@type\":\"WebPage\",\"@id\":\"https:\/\/startercultures.eu\/de\/product\/fermentation-de\/sodas\/werkzeuge-de-2\/garungs-instant-lese-aufkleber-thermometer\/\",\"url\":\"https:\/\/startercultures.eu\/de\/product\/fermentation-de\/sodas\/werkzeuge-de-2\/garungs-instant-lese-aufkleber-thermometer\/\",\"name\":\"Aufkleber Thermometer f\u00fcr G\u00e4rung | Startercultures.eu\",\"isPartOf\":{\"@id\":\"https:\/\/startercultures.eu\/de\/#website\"},\"primaryImageOfPage\":{\"@id\":\"https:\/\/startercultures.eu\/de\/product\/fermentation-de\/sodas\/werkzeuge-de-2\/garungs-instant-lese-aufkleber-thermometer\/#primaryimage\"},\"image\":{\"@id\":\"https:\/\/startercultures.eu\/de\/product\/fermentation-de\/sodas\/werkzeuge-de-2\/garungs-instant-lese-aufkleber-thermometer\/#primaryimage\"},\"thumbnailUrl\":\"https:\/\/startercultures.eu\/wp-content\/uploads\/2020\/12\/thermometersticker.png\",\"datePublished\":\"2020-12-24T05:54:30+00:00\",\"dateModified\":\"2025-05-01T19:56:03+00:00\",\"description\":\"Dieses Aufkleber-Thermometer ist ideal, um die Temperatur Ihrer G\u00e4rung zu kontrollieren. Kleben Sie es auf das Glas und fertig.\",\"breadcrumb\":{\"@id\":\"https:\/\/startercultures.eu\/de\/product\/fermentation-de\/sodas\/werkzeuge-de-2\/garungs-instant-lese-aufkleber-thermometer\/#breadcrumb\"},\"inLanguage\":\"de-DE\",\"potentialAction\":[{\"@type\":\"ReadAction\",\"target\":[\"https:\/\/startercultures.eu\/de\/product\/fermentation-de\/sodas\/werkzeuge-de-2\/garungs-instant-lese-aufkleber-thermometer\/\"]}]},{\"@type\":\"ImageObject\",\"inLanguage\":\"de-DE\",\"@id\":\"https:\/\/startercultures.eu\/de\/product\/fermentation-de\/sodas\/werkzeuge-de-2\/garungs-instant-lese-aufkleber-thermometer\/#primaryimage\",\"url\":\"https:\/\/startercultures.eu\/wp-content\/uploads\/2020\/12\/thermometersticker.png\",\"contentUrl\":\"https:\/\/startercultures.eu\/wp-content\/uploads\/2020\/12\/thermometersticker.png\",\"width\":800,\"height\":800,\"caption\":\"Thermometeraufkleber\"},{\"@type\":\"BreadcrumbList\",\"@id\":\"https:\/\/startercultures.eu\/de\/product\/fermentation-de\/sodas\/werkzeuge-de-2\/garungs-instant-lese-aufkleber-thermometer\/#breadcrumb\",\"itemListElement\":[{\"@type\":\"ListItem\",\"position\":1,\"name\":\"Home\",\"item\":\"https:\/\/startercultures.eu\/de\/\"},{\"@type\":\"ListItem\",\"position\":2,\"name\":\"Shop\",\"item\":\"https:\/\/startercultures.eu\/shop\/\"},{\"@type\":\"ListItem\",\"position\":3,\"name\":\"G\u00e4rungsthermometer mit Sofortablese-Aufkleber\"}]},{\"@type\":\"WebSite\",\"@id\":\"https:\/\/startercultures.eu\/de\/#website\",\"url\":\"https:\/\/startercultures.eu\/de\/\",\"name\":\"Startercultures.eu\",\"description\":\"Startercultures.eu\",\"publisher\":{\"@id\":\"https:\/\/startercultures.eu\/de\/#organization\"},\"potentialAction\":[{\"@type\":\"SearchAction\",\"target\":{\"@type\":\"EntryPoint\",\"urlTemplate\":\"https:\/\/startercultures.eu\/de\/?s={search_term_string}\"},\"query-input\":{\"@type\":\"PropertyValueSpecification\",\"valueRequired\":true,\"valueName\":\"search_term_string\"}}],\"inLanguage\":\"de-DE\"},{\"@type\":\"Organization\",\"@id\":\"https:\/\/startercultures.eu\/de\/#organization\",\"name\":\"Startercultures.eu\",\"url\":\"https:\/\/startercultures.eu\/de\/\",\"logo\":{\"@type\":\"ImageObject\",\"inLanguage\":\"de-DE\",\"@id\":\"https:\/\/startercultures.eu\/de\/#\/schema\/logo\/image\/\",\"url\":\"https:\/\/startercultures.eu\/wp-content\/uploads\/2020\/08\/startercultures-eu-nl-logo-rond-rgb.png\",\"contentUrl\":\"https:\/\/startercultures.eu\/wp-content\/uploads\/2020\/08\/startercultures-eu-nl-logo-rond-rgb.png\",\"width\":320,\"height\":320,\"caption\":\"Startercultures.eu\"},\"image\":{\"@id\":\"https:\/\/startercultures.eu\/de\/#\/schema\/logo\/image\/\"},\"sameAs\":[\"https:\/\/www.facebook.com\/startercultureseu\",\"https:\/\/www.instagram.com\/startercultures.eu\/\"]}]}<\/script>\n<meta property=\"product:price:amount\" content=\"8.49\" \/>\n<meta property=\"product:price:currency\" content=\"EUR\" \/>\n<meta property=\"og:availability\" content=\"instock\" \/>\n<meta property=\"product:availability\" content=\"instock\" \/>\n<meta property=\"product:retailer_item_id\" content=\"159\" \/>\n<meta property=\"product:condition\" content=\"new\" \/>\n<!-- \/ Yoast SEO plugin. -->","yoast_head_json":{"title":"Aufkleber Thermometer f\u00fcr G\u00e4rung | Startercultures.eu","description":"Dieses Aufkleber-Thermometer ist ideal, um die Temperatur Ihrer G\u00e4rung zu kontrollieren. Kleben Sie es auf das Glas und fertig.","robots":{"index":"index","follow":"follow","max-snippet":"max-snippet:-1","max-image-preview":"max-image-preview:large","max-video-preview":"max-video-preview:-1"},"canonical":"https:\/\/startercultures.eu\/de\/product\/fermentation-de\/sodas\/werkzeuge-de-2\/garungs-instant-lese-aufkleber-thermometer\/","og_locale":"de_DE","og_type":"article","og_title":"Aufkleber Thermometer f\u00fcr G\u00e4rung | Startercultures.eu","og_description":"Dieses Aufkleber-Thermometer ist ideal, um die Temperatur Ihrer G\u00e4rung zu kontrollieren. Kleben Sie es auf das Glas und fertig.","og_url":"https:\/\/startercultures.eu\/de\/product\/fermentation-de\/sodas\/werkzeuge-de-2\/garungs-instant-lese-aufkleber-thermometer\/","og_site_name":"Startercultures.eu","article_publisher":"https:\/\/www.facebook.com\/startercultureseu","article_modified_time":"2025-05-01T19:56:03+00:00","og_image":[{"width":800,"height":800,"url":"https:\/\/startercultures.eu\/wp-content\/uploads\/2020\/12\/thermometersticker.png","type":"image\/png"}],"twitter_card":"summary_large_image","twitter_misc":{"Price":"8,49","Availability":"Vorr\u00e4tig"},"schema":{"@context":"https:\/\/schema.org","@graph":[{"@type":"WebPage","@id":"https:\/\/startercultures.eu\/de\/product\/fermentation-de\/sodas\/werkzeuge-de-2\/garungs-instant-lese-aufkleber-thermometer\/","url":"https:\/\/startercultures.eu\/de\/product\/fermentation-de\/sodas\/werkzeuge-de-2\/garungs-instant-lese-aufkleber-thermometer\/","name":"Aufkleber Thermometer f\u00fcr G\u00e4rung | Startercultures.eu","isPartOf":{"@id":"https:\/\/startercultures.eu\/de\/#website"},"primaryImageOfPage":{"@id":"https:\/\/startercultures.eu\/de\/product\/fermentation-de\/sodas\/werkzeuge-de-2\/garungs-instant-lese-aufkleber-thermometer\/#primaryimage"},"image":{"@id":"https:\/\/startercultures.eu\/de\/product\/fermentation-de\/sodas\/werkzeuge-de-2\/garungs-instant-lese-aufkleber-thermometer\/#primaryimage"},"thumbnailUrl":"https:\/\/startercultures.eu\/wp-content\/uploads\/2020\/12\/thermometersticker.png","datePublished":"2020-12-24T05:54:30+00:00","dateModified":"2025-05-01T19:56:03+00:00","description":"Dieses Aufkleber-Thermometer ist ideal, um die Temperatur Ihrer G\u00e4rung zu kontrollieren. Kleben Sie es auf das Glas und fertig.","breadcrumb":{"@id":"https:\/\/startercultures.eu\/de\/product\/fermentation-de\/sodas\/werkzeuge-de-2\/garungs-instant-lese-aufkleber-thermometer\/#breadcrumb"},"inLanguage":"de-DE","potentialAction":[{"@type":"ReadAction","target":["https:\/\/startercultures.eu\/de\/product\/fermentation-de\/sodas\/werkzeuge-de-2\/garungs-instant-lese-aufkleber-thermometer\/"]}]},{"@type":"ImageObject","inLanguage":"de-DE","@id":"https:\/\/startercultures.eu\/de\/product\/fermentation-de\/sodas\/werkzeuge-de-2\/garungs-instant-lese-aufkleber-thermometer\/#primaryimage","url":"https:\/\/startercultures.eu\/wp-content\/uploads\/2020\/12\/thermometersticker.png","contentUrl":"https:\/\/startercultures.eu\/wp-content\/uploads\/2020\/12\/thermometersticker.png","width":800,"height":800,"caption":"Thermometeraufkleber"},{"@type":"BreadcrumbList","@id":"https:\/\/startercultures.eu\/de\/product\/fermentation-de\/sodas\/werkzeuge-de-2\/garungs-instant-lese-aufkleber-thermometer\/#breadcrumb","itemListElement":[{"@type":"ListItem","position":1,"name":"Home","item":"https:\/\/startercultures.eu\/de\/"},{"@type":"ListItem","position":2,"name":"Shop","item":"https:\/\/startercultures.eu\/shop\/"},{"@type":"ListItem","position":3,"name":"G\u00e4rungsthermometer mit Sofortablese-Aufkleber"}]},{"@type":"WebSite","@id":"https:\/\/startercultures.eu\/de\/#website","url":"https:\/\/startercultures.eu\/de\/","name":"Startercultures.eu","description":"Startercultures.eu","publisher":{"@id":"https:\/\/startercultures.eu\/de\/#organization"},"potentialAction":[{"@type":"SearchAction","target":{"@type":"EntryPoint","urlTemplate":"https:\/\/startercultures.eu\/de\/?s={search_term_string}"},"query-input":{"@type":"PropertyValueSpecification","valueRequired":true,"valueName":"search_term_string"}}],"inLanguage":"de-DE"},{"@type":"Organization","@id":"https:\/\/startercultures.eu\/de\/#organization","name":"Startercultures.eu","url":"https:\/\/startercultures.eu\/de\/","logo":{"@type":"ImageObject","inLanguage":"de-DE","@id":"https:\/\/startercultures.eu\/de\/#\/schema\/logo\/image\/","url":"https:\/\/startercultures.eu\/wp-content\/uploads\/2020\/08\/startercultures-eu-nl-logo-rond-rgb.png","contentUrl":"https:\/\/startercultures.eu\/wp-content\/uploads\/2020\/08\/startercultures-eu-nl-logo-rond-rgb.png","width":320,"height":320,"caption":"Startercultures.eu"},"image":{"@id":"https:\/\/startercultures.eu\/de\/#\/schema\/logo\/image\/"},"sameAs":["https:\/\/www.facebook.com\/startercultureseu","https:\/\/www.instagram.com\/startercultures.eu\/"]}]},"product_price_amount":"8.49","product_price_currency":"EUR","og_availability":"instock","product_availability":"instock","product_retailer_item_id":"159","product_condition":"new"},"_links":{"self":[{"href":"https:\/\/startercultures.eu\/de\/wp-json\/wp\/v2\/product\/25034","targetHints":{"allow":["GET"]}}],"collection":[{"href":"https:\/\/startercultures.eu\/de\/wp-json\/wp\/v2\/product"}],"about":[{"href":"https:\/\/startercultures.eu\/de\/wp-json\/wp\/v2\/types\/product"}],"replies":[{"embeddable":true,"href":"https:\/\/startercultures.eu\/de\/wp-json\/wp\/v2\/comments?post=25034"}],"version-history":[{"count":0,"href":"https:\/\/startercultures.eu\/de\/wp-json\/wp\/v2\/product\/25034\/revisions"}],"wp:featuredmedia":[{"embeddable":true,"href":"https:\/\/startercultures.eu\/de\/wp-json\/wp\/v2\/media\/24184"}],"wp:attachment":[{"href":"https:\/\/startercultures.eu\/de\/wp-json\/wp\/v2\/media?parent=25034"}],"wp:term":[{"taxonomy":"product_brand","embeddable":true,"href":"https:\/\/startercultures.eu\/de\/wp-json\/wp\/v2\/product_brand?post=25034"},{"taxonomy":"product_cat","embeddable":true,"href":"https:\/\/startercultures.eu\/de\/wp-json\/wp\/v2\/product_cat?post=25034"},{"taxonomy":"product_tag","embeddable":true,"href":"https:\/\/startercultures.eu\/de\/wp-json\/wp\/v2\/product_tag?post=25034"}],"curies":[{"name":"wp","href":"https:\/\/api.w.org\/{rel}","templated":true}]}}