{"id":25035,"date":"2020-12-27T16:37:28","date_gmt":"2020-12-27T15:37:28","guid":{"rendered":"https:\/\/startercultures.eu\/product\/unkategorisiert\/englischsprachiger-online-workshop-zur-herstellung-von-rohwurst\/"},"modified":"2024-12-26T17:54:00","modified_gmt":"2024-12-26T16:54:00","slug":"online-englisch-gesprochene-trockenwurst-herstellung-workshop","status":"publish","type":"product","link":"https:\/\/startercultures.eu\/de\/product\/wurstwaren-und-charcuterie-de\/online-englisch-gesprochene-trockenwurst-herstellung-workshop\/","title":{"rendered":"Englischsprachiger Online-Workshop zur Herstellung von Trockenwurst"},"content":{"rendered":"<h2>Online-Workshop &#8216;Herstellung von Trockenw\u00fcrsten zu Hause&#8217;<\/h2>\n<p>W\u00e4hrend dieses Meisterkurses in englischer Sprache lernen Sie in Theorie und Praxis, wie man Rohw\u00fcrste wie Salami, Fuet, Chorizo, Peperoni und Sommerw\u00fcrste zu Hause herstellt. Foodwriter<a href=\"https:\/\/wateetons.com\/\" target=\"_blank\" rel=\"noopener\">&#8216;Meneer Wateetons&#8217;<\/a>, Autor mehrerer B\u00fccher \u00fcber G\u00e4rung und Wurstherstellung, wird Ihnen alles \u00fcber G\u00e4rung, P\u00f6kelsalze, Lebensmittelsicherheit, pH-Wert, Starterkulturen, Schimmelpilze und Trocknungsbedingungen beibringen.<\/p>\n<h3>Warnung<\/h3>\n<p>Der Workshop ist recht theorielastig, denn es ist wichtig, dass Sie verstehen, warum Sie die Dinge tun, die Sie tun m\u00fcssen. Es ist nicht schwer, aber wenn Sie es falsch machen, ist es gef\u00e4hrlich f\u00fcr Ihre Gesundheit. Es wird empfohlen, dass Sie sich zuerst den Online-Meisterkurs zur Herstellung von (frischen) W\u00fcrsten ansehen.<\/p>\n<h3>Was lernen Sie in diesem Online-Workshop \u00fcber die Herstellung von Trockenwurst zu Hause?<\/h3>\n<div class=\"wp-block-columns\">\n<div class=\"wp-block-column\">\n<p>Nach diesem Workshop wissen Sie alles, was Sie wissen m\u00fcssen, um Ihre eigenen Trockenw\u00fcrste f\u00fcr den Rest Ihres Lebens herzustellen.<br \/>\n\u2705 Englischsprachig<br \/>\n\u2705 Sicherheit geht vor! Sie werden wissen, welche Vorsichtsma\u00dfnahmen Sie gegen Verderb und Lebensmittelvergiftungen treffen m\u00fcssen.<br \/>\npH-Wert, P\u00f6kelsalze, Starterkulturen, Mikroorganismen, Feuchtigkeit: Sie werden sie alle verstehen.<br \/>\n\u2705 Welche Werkzeuge werden Sie ben\u00f6tigen? Er wird Ihnen zeigen, dass Sie f\u00fcr ein paar Euro alles bekommen, was Sie jemals brauchen werden.<br \/>\n\u2705 Wo finden Sie Ihre Zutaten? Welches Fleisch brauchen Sie? Wo kann man D\u00e4rme finden?<br \/>\n\u2705 Was sind die wichtigsten Fallstricke und wie kann man sie vermeiden?<br \/>\n\u2705 Viele Tipps und Tricks!<\/p>\n<h3>Wie und wie lange<\/h3>\n<p>Nach der Bestellung dieses Workshops erhalten Sie einen Link zur Ansicht des Workshops. Sie k\u00f6nnen ihn ansehen, sobald Sie daf\u00fcr Zeit haben. Er dauert etwa 1:45 Stunden.<\/p>\n<\/div>\n<\/div>\n<h3>\u00dcber Ihren Lehrer<\/h3>\n<p><a href=\"https:\/\/wateetons.com\/\" target=\"_blank\" rel=\"noopener\">&#8220;Meneer Wateetons<\/a>&#8221; ist ein niederl\u00e4ndischer Autor, der 8 B\u00fccher \u00fcber Wurstherstellung, R\u00e4uchern, Fermentierung, Charcuterieherstellung, Brauen und Destillieren und &#8220;suburbanes Jagen und \u00dcberleben&#8221; ver\u00f6ffentlicht hat. Er ist auch der Inhaber von startercultures.eu. Seine preisgekr\u00f6nten B\u00fccher sind bekannt f\u00fcr ihre Kombination aus tiefgr\u00fcndiger Theorie, praxisorientiertem Ansatz und einem lockeren Tonfall. Derzeit ist noch keines seiner B\u00fccher auf Englisch erh\u00e4ltlich. Meneer Wateetons gibt regelm\u00e4\u00dfig Workshops zu den Themen, \u00fcber die er schreibt, in demselben humorvollen Stil. Aufgrund von COVID-19 ist er auf Online-Workshops umgestiegen.<\/p>\n<h3>Werkzeuge und Zutaten, die in diesem Online-Workshop f\u00fcr Rohw\u00fcrste verwendet werden<\/h3>\n<ul>\n<li><a href=\"https:\/\/startercultures.eu\/product\/sausages-and-charcuterie\/tools\/porkert-meat-grinder\/\" target=\"_blank\" rel=\"noopener\">Fleischwolf<\/a><\/li>\n<li><a href=\"https:\/\/startercultures.eu\/product\/sausages-and-charcuterie\/casings\/natural-casings\/hog-casing-32-34-mm\/\" target=\"_blank\" rel=\"noopener\">Schweined\u00e4rme<\/a><\/li>\n<li><a href=\"https:\/\/startercultures.eu\/product\/sausages-and-charcuterie\/tools\/sausage-pricker\/\" target=\"_blank\" rel=\"noopener\">Wursttupfer<\/a><\/li>\n<li><a href=\"https:\/\/startercultures.eu\/product\/sausages-and-charcuterie\/tools\/set-of-3-stuffing-tubes-for-meat-grinders\/\" target=\"_blank\" rel=\"noopener\">F\u00fcllrohre<\/a><\/li>\n<li><a href=\"https:\/\/startercultures.eu\/product-category\/sausages-and-charcuterie\/starter-cultures-for-sausage-making\/\" target=\"_blank\" rel=\"noopener\">Starterkultivierung<\/a><\/li>\n<li><a href=\"https:\/\/startercultures.eu\/product-category\/sausages-and-charcuterie\/additives\/\" target=\"_blank\" rel=\"noopener\">P\u00f6kelsalze und andere Zusatzstoffe<\/a><\/li>\n<li><a href=\"https:\/\/startercultures.eu\/product\/starterkits\/sausages-and-charcuterie-starterkits\/all-in-one-northern-european-dry-sausage-starter-kit\/\" target=\"_blank\" rel=\"noopener\">Alles in einem Starterset zur Herstellung eigener Trockenw\u00fcrste<\/a><\/li>\n<\/ul>\n<p>&nbsp;<\/p>\n","protected":false},"excerpt":{"rendered":"<p>In diesem englischsprachigen Workshop lernen Sie in Theorie und Praxis die Herstellung von ger\u00e4ucherten Trockenw\u00fcrsten wie Salami, Fuet, Chorizo, Peperoni und Sommerw\u00fcrsten. Foodwriter Meneer Wateetons wird Ihnen alles \u00fcber Fermentierung, P\u00f6kelsalze, Lebensmittelsicherheit, pH-Wert, Starterkulturen, Schimmelpilze und Trocknungsbedingungen beibringen.<\/p>\n","protected":false},"featured_media":75156,"comment_status":"open","ping_status":"closed","template":"","meta":{"_acf_changed":false,"footnotes":""},"product_brand":[],"product_cat":[729,728,730,721],"product_tag":[],"class_list":{"0":"post-25035","1":"product","2":"type-product","3":"status-publish","4":"has-post-thumbnail","6":"product_cat-workshops-de-3","7":"product_cat-workshops-de-2","8":"product_cat-wurstwaren-und-charcuterie-de-2","9":"product_cat-wurstwaren-und-charcuterie-de","11":"first","12":"instock","13":"downloadable","14":"virtual","15":"taxable","16":"purchasable","17":"product-type-simple"},"acf":[],"yoast_head":"<!-- This site is optimized with the Yoast SEO plugin v26.6 - https:\/\/yoast.com\/wordpress\/plugins\/seo\/ -->\n<title>Online-Workshop &quot;Herstellung von Trockenw\u00fcrsten&quot; - Startercultures.eu<\/title>\n<meta name=\"description\" content=\"Suchen Sie einen Online-Workshop zur Herstellung von Trockenw\u00fcrsten? In diesem englischsprachigen Online-Workshop werden Sie in 2 Stunden unterrichtet.\" \/>\n<meta name=\"robots\" content=\"index, follow, max-snippet:-1, max-image-preview:large, max-video-preview:-1\" \/>\n<link rel=\"canonical\" href=\"https:\/\/startercultures.eu\/de\/product\/wurstwaren-und-charcuterie-de\/online-englisch-gesprochene-trockenwurst-herstellung-workshop\/\" \/>\n<meta property=\"og:locale\" content=\"de_DE\" \/>\n<meta property=\"og:type\" content=\"article\" \/>\n<meta property=\"og:title\" content=\"Online-Workshop &quot;Herstellung von Trockenw\u00fcrsten&quot; - Startercultures.eu\" \/>\n<meta property=\"og:description\" content=\"Suchen Sie einen Online-Workshop zur Herstellung von Trockenw\u00fcrsten? In diesem englischsprachigen Online-Workshop werden Sie in 2 Stunden unterrichtet.\" \/>\n<meta property=\"og:url\" content=\"https:\/\/startercultures.eu\/de\/product\/wurstwaren-und-charcuterie-de\/online-englisch-gesprochene-trockenwurst-herstellung-workshop\/\" \/>\n<meta property=\"og:site_name\" content=\"Startercultures.eu\" \/>\n<meta property=\"article:publisher\" content=\"https:\/\/www.facebook.com\/startercultureseu\" \/>\n<meta property=\"article:modified_time\" content=\"2024-12-26T16:54:00+00:00\" \/>\n<meta property=\"og:image\" content=\"https:\/\/startercultures.eu\/wp-content\/uploads\/2020\/12\/sausage-making-workshop-450.png\" \/>\n\t<meta property=\"og:image:width\" content=\"450\" \/>\n\t<meta property=\"og:image:height\" content=\"449\" \/>\n\t<meta property=\"og:image:type\" content=\"image\/png\" \/>\n<meta name=\"twitter:card\" content=\"summary_large_image\" \/>\n<meta name=\"twitter:label1\" content=\"Price\" \/>\n\t<meta name=\"twitter:data1\" content=\"14,99\" \/>\n\t<meta name=\"twitter:label2\" content=\"Availability\" \/>\n\t<meta name=\"twitter:data2\" content=\"Vorr\u00e4tig\" \/>\n<script type=\"application\/ld+json\" class=\"yoast-schema-graph\">{\"@context\":\"https:\/\/schema.org\",\"@graph\":[{\"@type\":\"WebPage\",\"@id\":\"https:\/\/startercultures.eu\/de\/product\/wurstwaren-und-charcuterie-de\/online-englisch-gesprochene-trockenwurst-herstellung-workshop\/\",\"url\":\"https:\/\/startercultures.eu\/de\/product\/wurstwaren-und-charcuterie-de\/online-englisch-gesprochene-trockenwurst-herstellung-workshop\/\",\"name\":\"Online-Workshop \\\"Herstellung von Trockenw\u00fcrsten\\\" - Startercultures.eu\",\"isPartOf\":{\"@id\":\"https:\/\/startercultures.eu\/de\/#website\"},\"primaryImageOfPage\":{\"@id\":\"https:\/\/startercultures.eu\/de\/product\/wurstwaren-und-charcuterie-de\/online-englisch-gesprochene-trockenwurst-herstellung-workshop\/#primaryimage\"},\"image\":{\"@id\":\"https:\/\/startercultures.eu\/de\/product\/wurstwaren-und-charcuterie-de\/online-englisch-gesprochene-trockenwurst-herstellung-workshop\/#primaryimage\"},\"thumbnailUrl\":\"https:\/\/startercultures.eu\/wp-content\/uploads\/2020\/12\/DRY_SAUSAGES_COURSE.png\",\"datePublished\":\"2020-12-27T15:37:28+00:00\",\"dateModified\":\"2024-12-26T16:54:00+00:00\",\"description\":\"Suchen Sie einen Online-Workshop zur Herstellung von Trockenw\u00fcrsten? In diesem englischsprachigen Online-Workshop werden Sie in 2 Stunden unterrichtet.\",\"breadcrumb\":{\"@id\":\"https:\/\/startercultures.eu\/de\/product\/wurstwaren-und-charcuterie-de\/online-englisch-gesprochene-trockenwurst-herstellung-workshop\/#breadcrumb\"},\"inLanguage\":\"de-DE\",\"potentialAction\":[{\"@type\":\"ReadAction\",\"target\":[\"https:\/\/startercultures.eu\/de\/product\/wurstwaren-und-charcuterie-de\/online-englisch-gesprochene-trockenwurst-herstellung-workshop\/\"]}]},{\"@type\":\"ImageObject\",\"inLanguage\":\"de-DE\",\"@id\":\"https:\/\/startercultures.eu\/de\/product\/wurstwaren-und-charcuterie-de\/online-englisch-gesprochene-trockenwurst-herstellung-workshop\/#primaryimage\",\"url\":\"https:\/\/startercultures.eu\/wp-content\/uploads\/2020\/12\/DRY_SAUSAGES_COURSE.png\",\"contentUrl\":\"https:\/\/startercultures.eu\/wp-content\/uploads\/2020\/12\/DRY_SAUSAGES_COURSE.png\",\"width\":1000,\"height\":1000},{\"@type\":\"BreadcrumbList\",\"@id\":\"https:\/\/startercultures.eu\/de\/product\/wurstwaren-und-charcuterie-de\/online-englisch-gesprochene-trockenwurst-herstellung-workshop\/#breadcrumb\",\"itemListElement\":[{\"@type\":\"ListItem\",\"position\":1,\"name\":\"Home\",\"item\":\"https:\/\/startercultures.eu\/de\/\"},{\"@type\":\"ListItem\",\"position\":2,\"name\":\"Shop\",\"item\":\"https:\/\/startercultures.eu\/shop\/\"},{\"@type\":\"ListItem\",\"position\":3,\"name\":\"Englischsprachiger Online-Workshop zur Herstellung von Trockenwurst\"}]},{\"@type\":\"WebSite\",\"@id\":\"https:\/\/startercultures.eu\/de\/#website\",\"url\":\"https:\/\/startercultures.eu\/de\/\",\"name\":\"Startercultures.eu\",\"description\":\"Startercultures.eu\",\"publisher\":{\"@id\":\"https:\/\/startercultures.eu\/de\/#organization\"},\"potentialAction\":[{\"@type\":\"SearchAction\",\"target\":{\"@type\":\"EntryPoint\",\"urlTemplate\":\"https:\/\/startercultures.eu\/de\/?s={search_term_string}\"},\"query-input\":{\"@type\":\"PropertyValueSpecification\",\"valueRequired\":true,\"valueName\":\"search_term_string\"}}],\"inLanguage\":\"de-DE\"},{\"@type\":\"Organization\",\"@id\":\"https:\/\/startercultures.eu\/de\/#organization\",\"name\":\"Startercultures.eu\",\"url\":\"https:\/\/startercultures.eu\/de\/\",\"logo\":{\"@type\":\"ImageObject\",\"inLanguage\":\"de-DE\",\"@id\":\"https:\/\/startercultures.eu\/de\/#\/schema\/logo\/image\/\",\"url\":\"https:\/\/startercultures.eu\/wp-content\/uploads\/2020\/08\/startercultures-eu-nl-logo-rond-rgb.png\",\"contentUrl\":\"https:\/\/startercultures.eu\/wp-content\/uploads\/2020\/08\/startercultures-eu-nl-logo-rond-rgb.png\",\"width\":320,\"height\":320,\"caption\":\"Startercultures.eu\"},\"image\":{\"@id\":\"https:\/\/startercultures.eu\/de\/#\/schema\/logo\/image\/\"},\"sameAs\":[\"https:\/\/www.facebook.com\/startercultureseu\",\"https:\/\/www.instagram.com\/startercultures.eu\/\"],\"hasMerchantReturnPolicy\":{\"@type\":\"MerchantReturnPolicy\",\"merchantReturnLink\":\"https:\/\/startercultures.eu\/return-policy\/\"}}]}<\/script>\n<meta property=\"product:price:amount\" content=\"14.99\" \/>\n<meta property=\"product:price:currency\" content=\"EUR\" \/>\n<meta property=\"og:availability\" content=\"instock\" \/>\n<meta property=\"product:availability\" content=\"instock\" \/>\n<meta property=\"product:retailer_item_id\" content=\"341\" \/>\n<meta property=\"product:condition\" content=\"new\" \/>\n<!-- \/ Yoast SEO plugin. -->","yoast_head_json":{"title":"Online-Workshop \"Herstellung von Trockenw\u00fcrsten\" - Startercultures.eu","description":"Suchen Sie einen Online-Workshop zur Herstellung von Trockenw\u00fcrsten? In diesem englischsprachigen Online-Workshop werden Sie in 2 Stunden unterrichtet.","robots":{"index":"index","follow":"follow","max-snippet":"max-snippet:-1","max-image-preview":"max-image-preview:large","max-video-preview":"max-video-preview:-1"},"canonical":"https:\/\/startercultures.eu\/de\/product\/wurstwaren-und-charcuterie-de\/online-englisch-gesprochene-trockenwurst-herstellung-workshop\/","og_locale":"de_DE","og_type":"article","og_title":"Online-Workshop \"Herstellung von Trockenw\u00fcrsten\" - Startercultures.eu","og_description":"Suchen Sie einen Online-Workshop zur Herstellung von Trockenw\u00fcrsten? In diesem englischsprachigen Online-Workshop werden Sie in 2 Stunden unterrichtet.","og_url":"https:\/\/startercultures.eu\/de\/product\/wurstwaren-und-charcuterie-de\/online-englisch-gesprochene-trockenwurst-herstellung-workshop\/","og_site_name":"Startercultures.eu","article_publisher":"https:\/\/www.facebook.com\/startercultureseu","article_modified_time":"2024-12-26T16:54:00+00:00","og_image":[{"width":450,"height":449,"url":"https:\/\/startercultures.eu\/wp-content\/uploads\/2020\/12\/sausage-making-workshop-450.png","type":"image\/png"}],"twitter_card":"summary_large_image","twitter_misc":{"Price":"14,99","Availability":"Vorr\u00e4tig"},"schema":{"@context":"https:\/\/schema.org","@graph":[{"@type":"WebPage","@id":"https:\/\/startercultures.eu\/de\/product\/wurstwaren-und-charcuterie-de\/online-englisch-gesprochene-trockenwurst-herstellung-workshop\/","url":"https:\/\/startercultures.eu\/de\/product\/wurstwaren-und-charcuterie-de\/online-englisch-gesprochene-trockenwurst-herstellung-workshop\/","name":"Online-Workshop \"Herstellung von Trockenw\u00fcrsten\" - Startercultures.eu","isPartOf":{"@id":"https:\/\/startercultures.eu\/de\/#website"},"primaryImageOfPage":{"@id":"https:\/\/startercultures.eu\/de\/product\/wurstwaren-und-charcuterie-de\/online-englisch-gesprochene-trockenwurst-herstellung-workshop\/#primaryimage"},"image":{"@id":"https:\/\/startercultures.eu\/de\/product\/wurstwaren-und-charcuterie-de\/online-englisch-gesprochene-trockenwurst-herstellung-workshop\/#primaryimage"},"thumbnailUrl":"https:\/\/startercultures.eu\/wp-content\/uploads\/2020\/12\/DRY_SAUSAGES_COURSE.png","datePublished":"2020-12-27T15:37:28+00:00","dateModified":"2024-12-26T16:54:00+00:00","description":"Suchen Sie einen Online-Workshop zur Herstellung von Trockenw\u00fcrsten? In diesem englischsprachigen Online-Workshop werden Sie in 2 Stunden unterrichtet.","breadcrumb":{"@id":"https:\/\/startercultures.eu\/de\/product\/wurstwaren-und-charcuterie-de\/online-englisch-gesprochene-trockenwurst-herstellung-workshop\/#breadcrumb"},"inLanguage":"de-DE","potentialAction":[{"@type":"ReadAction","target":["https:\/\/startercultures.eu\/de\/product\/wurstwaren-und-charcuterie-de\/online-englisch-gesprochene-trockenwurst-herstellung-workshop\/"]}]},{"@type":"ImageObject","inLanguage":"de-DE","@id":"https:\/\/startercultures.eu\/de\/product\/wurstwaren-und-charcuterie-de\/online-englisch-gesprochene-trockenwurst-herstellung-workshop\/#primaryimage","url":"https:\/\/startercultures.eu\/wp-content\/uploads\/2020\/12\/DRY_SAUSAGES_COURSE.png","contentUrl":"https:\/\/startercultures.eu\/wp-content\/uploads\/2020\/12\/DRY_SAUSAGES_COURSE.png","width":1000,"height":1000},{"@type":"BreadcrumbList","@id":"https:\/\/startercultures.eu\/de\/product\/wurstwaren-und-charcuterie-de\/online-englisch-gesprochene-trockenwurst-herstellung-workshop\/#breadcrumb","itemListElement":[{"@type":"ListItem","position":1,"name":"Home","item":"https:\/\/startercultures.eu\/de\/"},{"@type":"ListItem","position":2,"name":"Shop","item":"https:\/\/startercultures.eu\/shop\/"},{"@type":"ListItem","position":3,"name":"Englischsprachiger Online-Workshop zur Herstellung von Trockenwurst"}]},{"@type":"WebSite","@id":"https:\/\/startercultures.eu\/de\/#website","url":"https:\/\/startercultures.eu\/de\/","name":"Startercultures.eu","description":"Startercultures.eu","publisher":{"@id":"https:\/\/startercultures.eu\/de\/#organization"},"potentialAction":[{"@type":"SearchAction","target":{"@type":"EntryPoint","urlTemplate":"https:\/\/startercultures.eu\/de\/?s={search_term_string}"},"query-input":{"@type":"PropertyValueSpecification","valueRequired":true,"valueName":"search_term_string"}}],"inLanguage":"de-DE"},{"@type":"Organization","@id":"https:\/\/startercultures.eu\/de\/#organization","name":"Startercultures.eu","url":"https:\/\/startercultures.eu\/de\/","logo":{"@type":"ImageObject","inLanguage":"de-DE","@id":"https:\/\/startercultures.eu\/de\/#\/schema\/logo\/image\/","url":"https:\/\/startercultures.eu\/wp-content\/uploads\/2020\/08\/startercultures-eu-nl-logo-rond-rgb.png","contentUrl":"https:\/\/startercultures.eu\/wp-content\/uploads\/2020\/08\/startercultures-eu-nl-logo-rond-rgb.png","width":320,"height":320,"caption":"Startercultures.eu"},"image":{"@id":"https:\/\/startercultures.eu\/de\/#\/schema\/logo\/image\/"},"sameAs":["https:\/\/www.facebook.com\/startercultureseu","https:\/\/www.instagram.com\/startercultures.eu\/"],"hasMerchantReturnPolicy":{"@type":"MerchantReturnPolicy","merchantReturnLink":"https:\/\/startercultures.eu\/return-policy\/"}}]},"product_price_amount":"14.99","product_price_currency":"EUR","og_availability":"instock","product_availability":"instock","product_retailer_item_id":"341","product_condition":"new"},"_links":{"self":[{"href":"https:\/\/startercultures.eu\/de\/wp-json\/wp\/v2\/product\/25035","targetHints":{"allow":["GET"]}}],"collection":[{"href":"https:\/\/startercultures.eu\/de\/wp-json\/wp\/v2\/product"}],"about":[{"href":"https:\/\/startercultures.eu\/de\/wp-json\/wp\/v2\/types\/product"}],"replies":[{"embeddable":true,"href":"https:\/\/startercultures.eu\/de\/wp-json\/wp\/v2\/comments?post=25035"}],"version-history":[{"count":1,"href":"https:\/\/startercultures.eu\/de\/wp-json\/wp\/v2\/product\/25035\/revisions"}],"predecessor-version":[{"id":66816,"href":"https:\/\/startercultures.eu\/de\/wp-json\/wp\/v2\/product\/25035\/revisions\/66816"}],"wp:featuredmedia":[{"embeddable":true,"href":"https:\/\/startercultures.eu\/de\/wp-json\/wp\/v2\/media\/75156"}],"wp:attachment":[{"href":"https:\/\/startercultures.eu\/de\/wp-json\/wp\/v2\/media?parent=25035"}],"wp:term":[{"taxonomy":"product_brand","embeddable":true,"href":"https:\/\/startercultures.eu\/de\/wp-json\/wp\/v2\/product_brand?post=25035"},{"taxonomy":"product_cat","embeddable":true,"href":"https:\/\/startercultures.eu\/de\/wp-json\/wp\/v2\/product_cat?post=25035"},{"taxonomy":"product_tag","embeddable":true,"href":"https:\/\/startercultures.eu\/de\/wp-json\/wp\/v2\/product_tag?post=25035"}],"curies":[{"name":"wp","href":"https:\/\/api.w.org\/{rel}","templated":true}]}}