{"id":25036,"date":"2020-12-27T11:16:33","date_gmt":"2020-12-27T10:16:33","guid":{"rendered":"https:\/\/startercultures.eu\/product\/unkategorisiert\/online-workshop-zur-wurstherstellung-in-englischer-sprache\/"},"modified":"2024-05-30T11:38:01","modified_gmt":"2024-05-30T09:38:01","slug":"online-wursteherstellung-workshop","status":"publish","type":"product","link":"https:\/\/startercultures.eu\/de\/product\/wurstwaren-und-charcuterie-de\/online-wursteherstellung-workshop\/","title":{"rendered":"Online-Workshop zur Wurstherstellung in englischer Sprache"},"content":{"rendered":"<h2>Lernen Sie in diesem Online-Workshop, wie man frische W\u00fcrste herstellt?<\/h2>\n<p>In diesem englischsprachigen Online-Workshop lernen Sie die Theorie und Praxis der Herstellung von frischen W\u00fcrsten. Welche Fleischsorten eignen sich am besten, wo findet man die Zutaten, was sind die gr\u00f6\u00dften Fallstricke und was kann man mit D\u00e4rmen alles anstellen?<\/p>\n<h3>Was werden Sie lernen?<\/h3>\n<div class=\"wp-block-columns\">\n<div class=\"wp-block-column\">\n<p>\u2705 Nach diesem Workshop wissen Sie alles, was Sie wissen m\u00fcssen, um f\u00fcr den Rest Ihres Lebens Ihre eigenen W\u00fcrste herzustellen.<br \/>\n\u2705 Englischsprachig<br \/>\nDer niederl\u00e4ndische Kochbuchautor und Autor der &#8220;Wurstbibel&#8221; zeigt Ihnen, wie Sie in 20 einfachen Schritten Ihre eigenen frischen W\u00fcrste herstellen k\u00f6nnen.<br \/>\n\u2705 Welche Werkzeuge werden Sie ben\u00f6tigen? Er wird Ihnen zeigen, dass Sie f\u00fcr ein paar Euro alles bekommen, was Sie jemals brauchen werden.<br \/>\n\u2705 Wo finden Sie Ihre Zutaten? Welches Fleisch brauchen Sie? Wo kann man D\u00e4rme finden?<br \/>\n\u2705 Was sind die wichtigsten Fallstricke und wie kann man sie vermeiden?<br \/>\n\u2705 Viele Tipps und Tricks!<\/p>\n<h3>Wie und wie lange<\/h3>\n<p>Nach der Bestellung dieses Workshops erhalten Sie einen Link zur Ansicht des Workshops. Sie k\u00f6nnen ihn ansehen, sobald Sie Zeit daf\u00fcr haben. Er dauert etwa 75 Minuten.<\/p>\n<\/div>\n<\/div>\n<h3>\u00dcber Ihren Lehrer<\/h3>\n<p><a href=\"https:\/\/wateetons.com\/\" target=\"_blank\" rel=\"noopener\">&#8220;Meneer Wateetons&#8221;<\/a> ist ein niederl\u00e4ndischer Autor, der 8 B\u00fccher \u00fcber Wurstherstellung, R\u00e4uchern, Fermentierung, Charcuterieherstellung, Brauen und Destillieren und &#8220;suburbanes Jagen und \u00dcberleben&#8221; ver\u00f6ffentlicht hat. Er ist auch der Inhaber von startercultures.eu. Seine preisgekr\u00f6nten B\u00fccher sind bekannt f\u00fcr ihre Kombination aus tiefgr\u00fcndiger Theorie, praxisorientiertem Ansatz und einem lockeren Tonfall. Derzeit ist noch keines seiner B\u00fccher auf Englisch erh\u00e4ltlich. Meneer Wateetons gibt regelm\u00e4\u00dfig Workshops zu den Themen, \u00fcber die er schreibt, in demselben humorvollen Stil. Aufgrund von COVID-19 ist er auf Online-Workshops umgestiegen.<\/p>\n<h3>Werkzeuge und Zutaten, die in diesem Online-Workshop zur Wurstherstellung verwendet werden<\/h3>\n<ul>\n<li><a href=\"https:\/\/startercultures.eu\/product\/sausages-and-charcuterie\/tools\/porkert-meat-grinder\/\" target=\"_blank\" rel=\"noopener\">Fleischwolf<\/a><\/li>\n<li><a href=\"https:\/\/startercultures.eu\/product\/sausages-and-charcuterie\/additives\/fosfates\/\" target=\"_blank\" rel=\"noopener\">Phosphate<\/a><\/li>\n<li><a href=\"https:\/\/startercultures.eu\/product\/sausages-and-charcuterie\/casings\/natural-casings\/hog-casing-32-34-mm\/\" target=\"_blank\" rel=\"noopener\">Schweined\u00e4rme<\/a><\/li>\n<li><a href=\"https:\/\/startercultures.eu\/product\/sausages-and-charcuterie\/tools\/sausage-pricker\/\" target=\"_blank\" rel=\"noopener\">Wursttupfer<\/a><\/li>\n<li><a href=\"https:\/\/startercultures.eu\/product\/sausages-and-charcuterie\/tools\/set-of-3-stuffing-tubes-for-meat-grinders\/\" target=\"_blank\" rel=\"noopener\">F\u00fcllrohre<\/a><\/li>\n<\/ul>\n<p>&nbsp;<\/p>\n","protected":false},"excerpt":{"rendered":"<p>In diesem englischsprachigen Workshop lernen Sie in Theorie und Praxis, wie man frische W\u00fcrste herstellt. Welche Fleischsorten eignen sich am besten, wo findet man die Zutaten, was sind die gr\u00f6\u00dften Fallstricke und was kann man mit D\u00e4rmen alles anstellen?<\/p>\n","protected":false},"featured_media":75159,"comment_status":"open","ping_status":"closed","template":"","meta":{"_acf_changed":false,"footnotes":""},"product_brand":[],"product_cat":[729,728,721,730],"product_tag":[],"class_list":{"0":"post-25036","1":"product","2":"type-product","3":"status-publish","4":"has-post-thumbnail","6":"product_cat-workshops-de-3","7":"product_cat-workshops-de-2","8":"product_cat-wurstwaren-und-charcuterie-de","9":"product_cat-wurstwaren-und-charcuterie-de-2","11":"first","12":"instock","13":"downloadable","14":"virtual","15":"taxable","16":"purchasable","17":"product-type-simple"},"acf":[],"yoast_head":"<!-- This site is optimized with the Yoast SEO plugin v26.6 - https:\/\/yoast.com\/wordpress\/plugins\/seo\/ -->\n<title>Online-Workshop zur Wurstherstellung in englischer Sprache - Startercultures.eu<\/title>\n<meta name=\"description\" content=\"Suchen Sie einen Online-Workshop, in dem Sie lernen, wie man W\u00fcrste selbst herstellt? In diesem englischsprachigen Online-Workshop werden wir Sie in 75 Minuten unterrichten.\" \/>\n<meta name=\"robots\" content=\"index, follow, max-snippet:-1, max-image-preview:large, max-video-preview:-1\" \/>\n<link rel=\"canonical\" href=\"https:\/\/startercultures.eu\/de\/product\/wurstwaren-und-charcuterie-de\/online-wursteherstellung-workshop\/\" \/>\n<meta property=\"og:locale\" content=\"de_DE\" \/>\n<meta property=\"og:type\" content=\"article\" \/>\n<meta property=\"og:title\" content=\"Online-Workshop zur Wurstherstellung in englischer Sprache - Startercultures.eu\" \/>\n<meta property=\"og:description\" content=\"Suchen Sie einen Online-Workshop, in dem Sie lernen, wie man W\u00fcrste selbst herstellt? In diesem englischsprachigen Online-Workshop werden wir Sie in 75 Minuten unterrichten.\" \/>\n<meta property=\"og:url\" content=\"https:\/\/startercultures.eu\/de\/product\/wurstwaren-und-charcuterie-de\/online-wursteherstellung-workshop\/\" \/>\n<meta property=\"og:site_name\" content=\"Startercultures.eu\" \/>\n<meta property=\"article:publisher\" content=\"https:\/\/www.facebook.com\/startercultureseu\" \/>\n<meta property=\"article:modified_time\" content=\"2024-05-30T09:38:01+00:00\" \/>\n<meta property=\"og:image\" content=\"https:\/\/startercultures.eu\/wp-content\/uploads\/2020\/12\/sausage-making-workshop-450.png\" \/>\n\t<meta property=\"og:image:width\" content=\"450\" \/>\n\t<meta property=\"og:image:height\" content=\"449\" \/>\n\t<meta property=\"og:image:type\" content=\"image\/png\" \/>\n<meta name=\"twitter:card\" content=\"summary_large_image\" \/>\n<meta name=\"twitter:label1\" content=\"Price\" \/>\n\t<meta name=\"twitter:data1\" content=\"14,99\" \/>\n\t<meta name=\"twitter:label2\" content=\"Availability\" \/>\n\t<meta name=\"twitter:data2\" content=\"Vorr\u00e4tig\" \/>\n<script type=\"application\/ld+json\" class=\"yoast-schema-graph\">{\"@context\":\"https:\/\/schema.org\",\"@graph\":[{\"@type\":\"WebPage\",\"@id\":\"https:\/\/startercultures.eu\/de\/product\/wurstwaren-und-charcuterie-de\/online-wursteherstellung-workshop\/\",\"url\":\"https:\/\/startercultures.eu\/de\/product\/wurstwaren-und-charcuterie-de\/online-wursteherstellung-workshop\/\",\"name\":\"Online-Workshop zur Wurstherstellung in englischer Sprache - Startercultures.eu\",\"isPartOf\":{\"@id\":\"https:\/\/startercultures.eu\/de\/#website\"},\"primaryImageOfPage\":{\"@id\":\"https:\/\/startercultures.eu\/de\/product\/wurstwaren-und-charcuterie-de\/online-wursteherstellung-workshop\/#primaryimage\"},\"image\":{\"@id\":\"https:\/\/startercultures.eu\/de\/product\/wurstwaren-und-charcuterie-de\/online-wursteherstellung-workshop\/#primaryimage\"},\"thumbnailUrl\":\"https:\/\/startercultures.eu\/wp-content\/uploads\/2020\/12\/FRESH_SAUSAGES_COURSE.png\",\"datePublished\":\"2020-12-27T10:16:33+00:00\",\"dateModified\":\"2024-05-30T09:38:01+00:00\",\"description\":\"Suchen Sie einen Online-Workshop, in dem Sie lernen, wie man W\u00fcrste selbst herstellt? In diesem englischsprachigen Online-Workshop werden wir Sie in 75 Minuten unterrichten.\",\"breadcrumb\":{\"@id\":\"https:\/\/startercultures.eu\/de\/product\/wurstwaren-und-charcuterie-de\/online-wursteherstellung-workshop\/#breadcrumb\"},\"inLanguage\":\"de-DE\",\"potentialAction\":[{\"@type\":\"ReadAction\",\"target\":[\"https:\/\/startercultures.eu\/de\/product\/wurstwaren-und-charcuterie-de\/online-wursteherstellung-workshop\/\"]}]},{\"@type\":\"ImageObject\",\"inLanguage\":\"de-DE\",\"@id\":\"https:\/\/startercultures.eu\/de\/product\/wurstwaren-und-charcuterie-de\/online-wursteherstellung-workshop\/#primaryimage\",\"url\":\"https:\/\/startercultures.eu\/wp-content\/uploads\/2020\/12\/FRESH_SAUSAGES_COURSE.png\",\"contentUrl\":\"https:\/\/startercultures.eu\/wp-content\/uploads\/2020\/12\/FRESH_SAUSAGES_COURSE.png\",\"width\":1000,\"height\":1000},{\"@type\":\"BreadcrumbList\",\"@id\":\"https:\/\/startercultures.eu\/de\/product\/wurstwaren-und-charcuterie-de\/online-wursteherstellung-workshop\/#breadcrumb\",\"itemListElement\":[{\"@type\":\"ListItem\",\"position\":1,\"name\":\"Home\",\"item\":\"https:\/\/startercultures.eu\/de\/\"},{\"@type\":\"ListItem\",\"position\":2,\"name\":\"Shop\",\"item\":\"https:\/\/startercultures.eu\/shop\/\"},{\"@type\":\"ListItem\",\"position\":3,\"name\":\"Online-Workshop zur Wurstherstellung in englischer Sprache\"}]},{\"@type\":\"WebSite\",\"@id\":\"https:\/\/startercultures.eu\/de\/#website\",\"url\":\"https:\/\/startercultures.eu\/de\/\",\"name\":\"Startercultures.eu\",\"description\":\"Startercultures.eu\",\"publisher\":{\"@id\":\"https:\/\/startercultures.eu\/de\/#organization\"},\"potentialAction\":[{\"@type\":\"SearchAction\",\"target\":{\"@type\":\"EntryPoint\",\"urlTemplate\":\"https:\/\/startercultures.eu\/de\/?s={search_term_string}\"},\"query-input\":{\"@type\":\"PropertyValueSpecification\",\"valueRequired\":true,\"valueName\":\"search_term_string\"}}],\"inLanguage\":\"de-DE\"},{\"@type\":\"Organization\",\"@id\":\"https:\/\/startercultures.eu\/de\/#organization\",\"name\":\"Startercultures.eu\",\"url\":\"https:\/\/startercultures.eu\/de\/\",\"logo\":{\"@type\":\"ImageObject\",\"inLanguage\":\"de-DE\",\"@id\":\"https:\/\/startercultures.eu\/de\/#\/schema\/logo\/image\/\",\"url\":\"https:\/\/startercultures.eu\/wp-content\/uploads\/2020\/08\/startercultures-eu-nl-logo-rond-rgb.png\",\"contentUrl\":\"https:\/\/startercultures.eu\/wp-content\/uploads\/2020\/08\/startercultures-eu-nl-logo-rond-rgb.png\",\"width\":320,\"height\":320,\"caption\":\"Startercultures.eu\"},\"image\":{\"@id\":\"https:\/\/startercultures.eu\/de\/#\/schema\/logo\/image\/\"},\"sameAs\":[\"https:\/\/www.facebook.com\/startercultureseu\",\"https:\/\/www.instagram.com\/startercultures.eu\/\"]}]}<\/script>\n<meta property=\"product:price:amount\" content=\"14.99\" \/>\n<meta property=\"product:price:currency\" content=\"EUR\" \/>\n<meta property=\"og:availability\" content=\"instock\" \/>\n<meta property=\"product:availability\" content=\"instock\" \/>\n<meta property=\"product:retailer_item_id\" content=\"342\" \/>\n<meta property=\"product:condition\" content=\"new\" \/>\n<!-- \/ Yoast SEO plugin. -->","yoast_head_json":{"title":"Online-Workshop zur Wurstherstellung in englischer Sprache - Startercultures.eu","description":"Suchen Sie einen Online-Workshop, in dem Sie lernen, wie man W\u00fcrste selbst herstellt? In diesem englischsprachigen Online-Workshop werden wir Sie in 75 Minuten unterrichten.","robots":{"index":"index","follow":"follow","max-snippet":"max-snippet:-1","max-image-preview":"max-image-preview:large","max-video-preview":"max-video-preview:-1"},"canonical":"https:\/\/startercultures.eu\/de\/product\/wurstwaren-und-charcuterie-de\/online-wursteherstellung-workshop\/","og_locale":"de_DE","og_type":"article","og_title":"Online-Workshop zur Wurstherstellung in englischer Sprache - Startercultures.eu","og_description":"Suchen Sie einen Online-Workshop, in dem Sie lernen, wie man W\u00fcrste selbst herstellt? In diesem englischsprachigen Online-Workshop werden wir Sie in 75 Minuten unterrichten.","og_url":"https:\/\/startercultures.eu\/de\/product\/wurstwaren-und-charcuterie-de\/online-wursteherstellung-workshop\/","og_site_name":"Startercultures.eu","article_publisher":"https:\/\/www.facebook.com\/startercultureseu","article_modified_time":"2024-05-30T09:38:01+00:00","og_image":[{"width":450,"height":449,"url":"https:\/\/startercultures.eu\/wp-content\/uploads\/2020\/12\/sausage-making-workshop-450.png","type":"image\/png"}],"twitter_card":"summary_large_image","twitter_misc":{"Price":"14,99","Availability":"Vorr\u00e4tig"},"schema":{"@context":"https:\/\/schema.org","@graph":[{"@type":"WebPage","@id":"https:\/\/startercultures.eu\/de\/product\/wurstwaren-und-charcuterie-de\/online-wursteherstellung-workshop\/","url":"https:\/\/startercultures.eu\/de\/product\/wurstwaren-und-charcuterie-de\/online-wursteherstellung-workshop\/","name":"Online-Workshop zur Wurstherstellung in englischer Sprache - Startercultures.eu","isPartOf":{"@id":"https:\/\/startercultures.eu\/de\/#website"},"primaryImageOfPage":{"@id":"https:\/\/startercultures.eu\/de\/product\/wurstwaren-und-charcuterie-de\/online-wursteherstellung-workshop\/#primaryimage"},"image":{"@id":"https:\/\/startercultures.eu\/de\/product\/wurstwaren-und-charcuterie-de\/online-wursteherstellung-workshop\/#primaryimage"},"thumbnailUrl":"https:\/\/startercultures.eu\/wp-content\/uploads\/2020\/12\/FRESH_SAUSAGES_COURSE.png","datePublished":"2020-12-27T10:16:33+00:00","dateModified":"2024-05-30T09:38:01+00:00","description":"Suchen Sie einen Online-Workshop, in dem Sie lernen, wie man W\u00fcrste selbst herstellt? In diesem englischsprachigen Online-Workshop werden wir Sie in 75 Minuten unterrichten.","breadcrumb":{"@id":"https:\/\/startercultures.eu\/de\/product\/wurstwaren-und-charcuterie-de\/online-wursteherstellung-workshop\/#breadcrumb"},"inLanguage":"de-DE","potentialAction":[{"@type":"ReadAction","target":["https:\/\/startercultures.eu\/de\/product\/wurstwaren-und-charcuterie-de\/online-wursteherstellung-workshop\/"]}]},{"@type":"ImageObject","inLanguage":"de-DE","@id":"https:\/\/startercultures.eu\/de\/product\/wurstwaren-und-charcuterie-de\/online-wursteherstellung-workshop\/#primaryimage","url":"https:\/\/startercultures.eu\/wp-content\/uploads\/2020\/12\/FRESH_SAUSAGES_COURSE.png","contentUrl":"https:\/\/startercultures.eu\/wp-content\/uploads\/2020\/12\/FRESH_SAUSAGES_COURSE.png","width":1000,"height":1000},{"@type":"BreadcrumbList","@id":"https:\/\/startercultures.eu\/de\/product\/wurstwaren-und-charcuterie-de\/online-wursteherstellung-workshop\/#breadcrumb","itemListElement":[{"@type":"ListItem","position":1,"name":"Home","item":"https:\/\/startercultures.eu\/de\/"},{"@type":"ListItem","position":2,"name":"Shop","item":"https:\/\/startercultures.eu\/shop\/"},{"@type":"ListItem","position":3,"name":"Online-Workshop zur Wurstherstellung in englischer Sprache"}]},{"@type":"WebSite","@id":"https:\/\/startercultures.eu\/de\/#website","url":"https:\/\/startercultures.eu\/de\/","name":"Startercultures.eu","description":"Startercultures.eu","publisher":{"@id":"https:\/\/startercultures.eu\/de\/#organization"},"potentialAction":[{"@type":"SearchAction","target":{"@type":"EntryPoint","urlTemplate":"https:\/\/startercultures.eu\/de\/?s={search_term_string}"},"query-input":{"@type":"PropertyValueSpecification","valueRequired":true,"valueName":"search_term_string"}}],"inLanguage":"de-DE"},{"@type":"Organization","@id":"https:\/\/startercultures.eu\/de\/#organization","name":"Startercultures.eu","url":"https:\/\/startercultures.eu\/de\/","logo":{"@type":"ImageObject","inLanguage":"de-DE","@id":"https:\/\/startercultures.eu\/de\/#\/schema\/logo\/image\/","url":"https:\/\/startercultures.eu\/wp-content\/uploads\/2020\/08\/startercultures-eu-nl-logo-rond-rgb.png","contentUrl":"https:\/\/startercultures.eu\/wp-content\/uploads\/2020\/08\/startercultures-eu-nl-logo-rond-rgb.png","width":320,"height":320,"caption":"Startercultures.eu"},"image":{"@id":"https:\/\/startercultures.eu\/de\/#\/schema\/logo\/image\/"},"sameAs":["https:\/\/www.facebook.com\/startercultureseu","https:\/\/www.instagram.com\/startercultures.eu\/"]}]},"product_price_amount":"14.99","product_price_currency":"EUR","og_availability":"instock","product_availability":"instock","product_retailer_item_id":"342","product_condition":"new"},"_links":{"self":[{"href":"https:\/\/startercultures.eu\/de\/wp-json\/wp\/v2\/product\/25036","targetHints":{"allow":["GET"]}}],"collection":[{"href":"https:\/\/startercultures.eu\/de\/wp-json\/wp\/v2\/product"}],"about":[{"href":"https:\/\/startercultures.eu\/de\/wp-json\/wp\/v2\/types\/product"}],"replies":[{"embeddable":true,"href":"https:\/\/startercultures.eu\/de\/wp-json\/wp\/v2\/comments?post=25036"}],"version-history":[{"count":0,"href":"https:\/\/startercultures.eu\/de\/wp-json\/wp\/v2\/product\/25036\/revisions"}],"wp:featuredmedia":[{"embeddable":true,"href":"https:\/\/startercultures.eu\/de\/wp-json\/wp\/v2\/media\/75159"}],"wp:attachment":[{"href":"https:\/\/startercultures.eu\/de\/wp-json\/wp\/v2\/media?parent=25036"}],"wp:term":[{"taxonomy":"product_brand","embeddable":true,"href":"https:\/\/startercultures.eu\/de\/wp-json\/wp\/v2\/product_brand?post=25036"},{"taxonomy":"product_cat","embeddable":true,"href":"https:\/\/startercultures.eu\/de\/wp-json\/wp\/v2\/product_cat?post=25036"},{"taxonomy":"product_tag","embeddable":true,"href":"https:\/\/startercultures.eu\/de\/wp-json\/wp\/v2\/product_tag?post=25036"}],"curies":[{"name":"wp","href":"https:\/\/api.w.org\/{rel}","templated":true}]}}