{"id":25037,"date":"2021-01-05T12:55:13","date_gmt":"2021-01-05T12:55:13","guid":{"rendered":"https:\/\/startercultures.eu\/product\/unkategorisiert\/tofu-presse-fuer-leckeren-und-knusprigen-tofu\/"},"modified":"2026-03-16T01:15:19","modified_gmt":"2026-03-16T00:15:19","slug":"tofu-presse-fur-leckeren-und-knusprigen-tofu","status":"publish","type":"product","link":"https:\/\/startercultures.eu\/de\/product\/vegan-de\/vegane-korner-bohnen-hulsenfruchte\/tofu-presse-fur-leckeren-und-knusprigen-tofu\/","title":{"rendered":"Tofu-Presse &#8211; f\u00fcr leckeren und knusprigen Tofu"},"content":{"rendered":"<p>Tofu ist gro\u00dfartig und vielseitig, braucht aber ein wenig Druck, um schmackhaft zu werden. Abgepackter Tofu enth\u00e4lt viel Wasser, und das macht es schwierig, seine Textur zu ver\u00e4ndern, Aromen einzuf\u00fcgen und den Tofu knusprig und goldbraun zu braten. Sie m\u00fcssen ihn also auspressen. Sobald Sie diese Presse haben, brauchen Sie nur noch ein paar bew\u00e4hrte Marinadenrezepte und eine Bratpfanne oder Fritteuse, um diese fleischlose Proteinquelle meisterhaft zuzubereiten.<\/p>\n<h3>Warum Sie Ihren Tofu pressen m\u00fcssen<\/h3>\n<p>\u2705 Weniger Wasser bedeutet mehr Geschmack<br \/>\n\u2705 Weniger Wasser bedeutet mehr Platz zum Marinieren<br \/>\n\u2705 Weniger Wasser bedeutet bessere Br\u00e4unung<br \/>\n\u2705 Weniger Wasser bedeutet mehr Knusprigkeit<\/p>\n<p>Daran gibt es keinen Zweifel. Wenn Sie schmackhaften Tofu wollen, m\u00fcssen Sie ihn pressen.<\/p>\n<h3>Unsere Tofu-Presse ist die beste Art, Tofu zu pressen, hier ist der Grund daf\u00fcr<\/h3>\n<p>Sicher, man kann Tofu zwischen zwei Schneidebretter pressen, mit etwas Schwerem darauf. Aber mal im Ernst: Haben Sie es tats\u00e4chlich probiert?<br \/>\nSie sollten wirklich eine Tofu-Presse verwenden. Und warum?<\/p>\n<p>\u2705 Sie arbeitet sauber und vollautomatisch<br \/>\n\u2705 Keine Notwendigkeit, selbst eine Presse zu bauen (diese gef\u00e4hrlich hoch aufragenden Dosen und Pfannen&#8230;)<br \/>\n\u2705 nimmt weniger Platz in Anspruch<br \/>\n\u2705 Keine Feuchtigkeit mehr, die auf die Arbeitsplatte oder den Boden tropft<br \/>\n\u2705 Kein st\u00e4ndiges Wechseln der nassen Papiert\u00fccher erforderlich<br \/>\n\u2705 Sie ist sp\u00fclmaschinenfest<br \/>\n\u2705 Sie kann im K\u00fchlschrank aufbewahrt werden, um das Risiko des Verderbens zu verringern.<br \/>\n\u2705Wenn man Sie fragt, was das ist, k\u00f6nnen Sie sagen, dass es eine Tofu-Presse ist, und sie werden Sie beneiden.<\/p>\n<h3>Wie man den knusprigsten Tofu zubereitet<\/h3>\n<ol>\n<li>Pressen Sie Ihren Tofu einige Stunden oder eine ganze Nacht in der Tofupresse. Vorzugsweise im K\u00fchlschrank.<\/li>\n<li>Tupfen Sie die letzte Restfeuchtigkeit an der Au\u00dfenseite Ihres Tofublocks mit einem Papiertuch ab.<\/li>\n<li>In W\u00fcrfel, Streifen oder was immer Sie wollen, schneiden<\/li>\n<li>Mit Mais-, Kartoffel- oder Reisst\u00e4rke best\u00e4uben, mit etwas Salz (und einigen Gew\u00fcrzen) versehen<\/li>\n<li>Bei 190 Grad 4 Minuten lang frittieren<\/li>\n<li>Essen Sie sie sofort. So knackig!<\/li>\n<\/ol>\n<h3>Der Inhalt der Box<\/h3>\n<ul>\n<li>1 Tofu-Presse<\/li>\n<li>1 Beipackzettel<\/li>\n<\/ul>\n<h3>Tipp<\/h3>\n<p>In Kombination mit einem Tofu-Gerinnungsmittel und einem Seihtuch k\u00f6nnen Sie mit dieser Presse Ihren eigenen Tofu herstellen!<\/p>\n<h3>Englischsprachiger Online-Workshop &#8220;Miso selber machen&#8221;<img decoding=\"async\" class=\"lazyload  wp-image-23963 alignright\" src=\"https:\/\/startercultures.eu\/wp-content\/uploads\/2020\/12\/fermentation-450-300x300.png\" data-orig-src=\"https:\/\/startercultures.eu\/wp-content\/uploads\/2020\/12\/fermentation-450-300x300.png\" alt=\"Fermentation workshops\" width=\"135\" height=\"135\" srcset=\"data:image\/svg+xml,%3Csvg%20xmlns%3D%27http%3A%2F%2Fwww.w3.org%2F2000%2Fsvg%27%20width%3D%27135%27%20height%3D%27135%27%20viewBox%3D%270%200%20135%20135%27%3E%3Crect%20width%3D%27135%27%20height%3D%27135%27%20fill-opacity%3D%220%22%2F%3E%3C%2Fsvg%3E\" data-srcset=\"https:\/\/startercultures.eu\/wp-content\/uploads\/2020\/12\/fermentation-450-66x66.png 66w, https:\/\/startercultures.eu\/wp-content\/uploads\/2020\/12\/fermentation-450-70x70.png 70w, https:\/\/startercultures.eu\/wp-content\/uploads\/2020\/12\/fermentation-450-100x100.png 100w, https:\/\/startercultures.eu\/wp-content\/uploads\/2020\/12\/fermentation-450-150x150.png 150w, https:\/\/startercultures.eu\/wp-content\/uploads\/2020\/12\/fermentation-450-200x200.png 200w, https:\/\/startercultures.eu\/wp-content\/uploads\/2020\/12\/fermentation-450-300x300.png 300w, https:\/\/startercultures.eu\/wp-content\/uploads\/2020\/12\/fermentation-450-400x401.png 400w, https:\/\/startercultures.eu\/wp-content\/uploads\/2020\/12\/fermentation-450.png 450w\" data-sizes=\"auto\" data-orig-sizes=\"(max-width: 135px) 100vw, 135px\" \/><\/h3>\n<p>In<a href=\"https:\/\/startercultures.eu\/product\/workshops-2\/online-on-demand-workshop-how-to-make-your-own-miso\/\" target=\"_blank\" rel=\"noopener\"> diesem Online-Meisterkurs<\/a> zeigt Ihnen der niederl\u00e4ndische Foodwriter und Fermentationsexperte Meneer Wateetons, wie Sie Ihr eigenes <a href=\"https:\/\/en.wikipedia.org\/wiki\/Miso\" target=\"_blank\" rel=\"noopener\">Miso<\/a> herstellen k\u00f6nnen. Durch eine besondere Form der Fermentation entsteht aus zwei sehr bescheidenen und eher langweiligen Zutaten eine der sch\u00f6nsten und komplexesten Substanzen der Welt. Mister Wateetons erz\u00e4hlt dir genau, wie die Fermentation funktioniert und was du daf\u00fcr brauchst, wie du von nun an Miso zu Hause herstellen kannst, wie du den Prozess der Miso-Herstellung beschleunigen kannst, wie du diese beiden Grundzutaten endlos variieren kannst und was f\u00fcr coole Sachen du mit Miso machen kannst. Klicken Sie <a href=\"https:\/\/startercultures.eu\/product\/workshops-2\/online-on-demand-workshop-how-to-make-your-own-miso\/\" target=\"_blank\" rel=\"noopener\">hier <\/a>f\u00fcr weitere Informationen.<\/p>\n","protected":false},"excerpt":{"rendered":"<p>Tofu ist gro\u00dfartig und vielseitig, braucht aber ein wenig Druck, um schmackhaft zu werden. Abgepackter Tofu enth\u00e4lt viel Wasser, und das macht es schwierig, seine Textur zu ver\u00e4ndern, Aromen einzuf\u00fcgen und den Tofu knusprig und goldbraun zu braten. Sie m\u00fcssen ihn also auspressen.<\/p>\n","protected":false},"featured_media":24181,"comment_status":"open","ping_status":"closed","template":"","meta":{"_acf_changed":false,"footnotes":""},"product_brand":[],"product_cat":[706,704,701,663],"product_tag":[],"class_list":{"0":"post-25037","1":"product","2":"type-product","3":"status-publish","4":"has-post-thumbnail","6":"product_cat-asiatisch","7":"product_cat-bohnen-reis-korner","8":"product_cat-vegane-korner-bohnen-hulsenfruchte","9":"product_cat-werkzeuge-de-6","10":"product_shipping_class-klein-pakket-de","11":"pa_ean-8720297621024-de","13":"first","14":"instock","15":"taxable","16":"shipping-taxable","17":"purchasable","18":"product-type-simple"},"acf":[],"yoast_head":"<!-- This site is optimized with the Yoast SEO plugin v26.6 - https:\/\/yoast.com\/wordpress\/plugins\/seo\/ -->\n<title>Tofu-Presse - f\u00fcr leckeren und knusprigen Tofu - Startercultures.eu<\/title>\n<meta name=\"description\" content=\"Da Tofu viel Wasser enth\u00e4lt, m\u00fcssen Sie ihn mit unserer Tofu-Presse pressen, damit er mariniert und knusprig und goldbraun gebraten werden kann,\" \/>\n<meta name=\"robots\" content=\"index, follow, max-snippet:-1, max-image-preview:large, max-video-preview:-1\" \/>\n<link rel=\"canonical\" href=\"https:\/\/startercultures.eu\/de\/product\/vegan-de\/vegane-korner-bohnen-hulsenfruchte\/tofu-presse-fur-leckeren-und-knusprigen-tofu\/\" \/>\n<meta property=\"og:locale\" content=\"de_DE\" \/>\n<meta property=\"og:type\" content=\"article\" \/>\n<meta property=\"og:title\" content=\"Tofu-Presse - f\u00fcr leckeren und knusprigen Tofu - Startercultures.eu\" \/>\n<meta property=\"og:description\" content=\"Da Tofu viel Wasser enth\u00e4lt, m\u00fcssen Sie ihn mit unserer Tofu-Presse pressen, damit er mariniert und knusprig und goldbraun gebraten werden kann,\" \/>\n<meta property=\"og:url\" content=\"https:\/\/startercultures.eu\/de\/product\/vegan-de\/vegane-korner-bohnen-hulsenfruchte\/tofu-presse-fur-leckeren-und-knusprigen-tofu\/\" \/>\n<meta property=\"og:site_name\" content=\"Startercultures.eu\" \/>\n<meta property=\"article:publisher\" content=\"https:\/\/www.facebook.com\/startercultureseu\" \/>\n<meta property=\"article:modified_time\" content=\"2026-03-16T00:15:19+00:00\" \/>\n<meta property=\"og:image\" content=\"https:\/\/startercultures.eu\/wp-content\/uploads\/2021\/01\/tofu-press-4.jpg\" \/>\n\t<meta property=\"og:image:width\" content=\"750\" \/>\n\t<meta property=\"og:image:height\" content=\"750\" \/>\n\t<meta property=\"og:image:type\" content=\"image\/jpeg\" \/>\n<meta name=\"twitter:card\" content=\"summary_large_image\" \/>\n<meta name=\"twitter:label1\" content=\"Price\" \/>\n\t<meta name=\"twitter:data1\" content=\"23,99\" \/>\n\t<meta name=\"twitter:label2\" content=\"Availability\" \/>\n\t<meta name=\"twitter:data2\" content=\"Vorr\u00e4tig\" \/>\n<script type=\"application\/ld+json\" class=\"yoast-schema-graph\">{\"@context\":\"https:\/\/schema.org\",\"@graph\":[{\"@type\":\"WebPage\",\"@id\":\"https:\/\/startercultures.eu\/de\/product\/vegan-de\/vegane-korner-bohnen-hulsenfruchte\/tofu-presse-fur-leckeren-und-knusprigen-tofu\/\",\"url\":\"https:\/\/startercultures.eu\/de\/product\/vegan-de\/vegane-korner-bohnen-hulsenfruchte\/tofu-presse-fur-leckeren-und-knusprigen-tofu\/\",\"name\":\"Tofu-Presse - f\u00fcr leckeren und knusprigen Tofu - Startercultures.eu\",\"isPartOf\":{\"@id\":\"https:\/\/startercultures.eu\/de\/#website\"},\"primaryImageOfPage\":{\"@id\":\"https:\/\/startercultures.eu\/de\/product\/vegan-de\/vegane-korner-bohnen-hulsenfruchte\/tofu-presse-fur-leckeren-und-knusprigen-tofu\/#primaryimage\"},\"image\":{\"@id\":\"https:\/\/startercultures.eu\/de\/product\/vegan-de\/vegane-korner-bohnen-hulsenfruchte\/tofu-presse-fur-leckeren-und-knusprigen-tofu\/#primaryimage\"},\"thumbnailUrl\":\"https:\/\/startercultures.eu\/wp-content\/uploads\/2021\/01\/tofu-press-4.jpg\",\"datePublished\":\"2021-01-05T12:55:13+00:00\",\"dateModified\":\"2026-03-16T00:15:19+00:00\",\"description\":\"Da Tofu viel Wasser enth\u00e4lt, m\u00fcssen Sie ihn mit unserer Tofu-Presse pressen, damit er mariniert und knusprig und goldbraun gebraten werden kann,\",\"breadcrumb\":{\"@id\":\"https:\/\/startercultures.eu\/de\/product\/vegan-de\/vegane-korner-bohnen-hulsenfruchte\/tofu-presse-fur-leckeren-und-knusprigen-tofu\/#breadcrumb\"},\"inLanguage\":\"de-DE\",\"potentialAction\":[{\"@type\":\"ReadAction\",\"target\":[\"https:\/\/startercultures.eu\/de\/product\/vegan-de\/vegane-korner-bohnen-hulsenfruchte\/tofu-presse-fur-leckeren-und-knusprigen-tofu\/\"]}]},{\"@type\":\"ImageObject\",\"inLanguage\":\"de-DE\",\"@id\":\"https:\/\/startercultures.eu\/de\/product\/vegan-de\/vegane-korner-bohnen-hulsenfruchte\/tofu-presse-fur-leckeren-und-knusprigen-tofu\/#primaryimage\",\"url\":\"https:\/\/startercultures.eu\/wp-content\/uploads\/2021\/01\/tofu-press-4.jpg\",\"contentUrl\":\"https:\/\/startercultures.eu\/wp-content\/uploads\/2021\/01\/tofu-press-4.jpg\",\"width\":750,\"height\":750,\"caption\":\"Tofu-Presse\"},{\"@type\":\"BreadcrumbList\",\"@id\":\"https:\/\/startercultures.eu\/de\/product\/vegan-de\/vegane-korner-bohnen-hulsenfruchte\/tofu-presse-fur-leckeren-und-knusprigen-tofu\/#breadcrumb\",\"itemListElement\":[{\"@type\":\"ListItem\",\"position\":1,\"name\":\"Home\",\"item\":\"https:\/\/startercultures.eu\/de\/\"},{\"@type\":\"ListItem\",\"position\":2,\"name\":\"Shop\",\"item\":\"https:\/\/startercultures.eu\/shop\/\"},{\"@type\":\"ListItem\",\"position\":3,\"name\":\"Tofu-Presse &#8211; f\u00fcr leckeren und knusprigen Tofu\"}]},{\"@type\":\"WebSite\",\"@id\":\"https:\/\/startercultures.eu\/de\/#website\",\"url\":\"https:\/\/startercultures.eu\/de\/\",\"name\":\"Startercultures.eu\",\"description\":\"Startercultures.eu\",\"publisher\":{\"@id\":\"https:\/\/startercultures.eu\/de\/#organization\"},\"potentialAction\":[{\"@type\":\"SearchAction\",\"target\":{\"@type\":\"EntryPoint\",\"urlTemplate\":\"https:\/\/startercultures.eu\/de\/?s={search_term_string}\"},\"query-input\":{\"@type\":\"PropertyValueSpecification\",\"valueRequired\":true,\"valueName\":\"search_term_string\"}}],\"inLanguage\":\"de-DE\"},{\"@type\":\"Organization\",\"@id\":\"https:\/\/startercultures.eu\/de\/#organization\",\"name\":\"Startercultures.eu\",\"url\":\"https:\/\/startercultures.eu\/de\/\",\"logo\":{\"@type\":\"ImageObject\",\"inLanguage\":\"de-DE\",\"@id\":\"https:\/\/startercultures.eu\/de\/#\/schema\/logo\/image\/\",\"url\":\"https:\/\/startercultures.eu\/wp-content\/uploads\/2020\/08\/startercultures-eu-nl-logo-rond-rgb.png\",\"contentUrl\":\"https:\/\/startercultures.eu\/wp-content\/uploads\/2020\/08\/startercultures-eu-nl-logo-rond-rgb.png\",\"width\":320,\"height\":320,\"caption\":\"Startercultures.eu\"},\"image\":{\"@id\":\"https:\/\/startercultures.eu\/de\/#\/schema\/logo\/image\/\"},\"sameAs\":[\"https:\/\/www.facebook.com\/startercultureseu\",\"https:\/\/www.instagram.com\/startercultures.eu\/\"]}]}<\/script>\n<meta property=\"product:price:amount\" content=\"23.99\" \/>\n<meta property=\"product:price:currency\" content=\"EUR\" \/>\n<meta property=\"og:availability\" content=\"instock\" \/>\n<meta property=\"product:availability\" content=\"instock\" \/>\n<meta property=\"product:retailer_item_id\" content=\"161\" \/>\n<meta property=\"product:condition\" content=\"new\" \/>\n<!-- \/ Yoast SEO plugin. -->","yoast_head_json":{"title":"Tofu-Presse - f\u00fcr leckeren und knusprigen Tofu - Startercultures.eu","description":"Da Tofu viel Wasser enth\u00e4lt, m\u00fcssen Sie ihn mit unserer Tofu-Presse pressen, damit er mariniert und knusprig und goldbraun gebraten werden kann,","robots":{"index":"index","follow":"follow","max-snippet":"max-snippet:-1","max-image-preview":"max-image-preview:large","max-video-preview":"max-video-preview:-1"},"canonical":"https:\/\/startercultures.eu\/de\/product\/vegan-de\/vegane-korner-bohnen-hulsenfruchte\/tofu-presse-fur-leckeren-und-knusprigen-tofu\/","og_locale":"de_DE","og_type":"article","og_title":"Tofu-Presse - f\u00fcr leckeren und knusprigen Tofu - Startercultures.eu","og_description":"Da Tofu viel Wasser enth\u00e4lt, m\u00fcssen Sie ihn mit unserer Tofu-Presse pressen, damit er mariniert und knusprig und goldbraun gebraten werden kann,","og_url":"https:\/\/startercultures.eu\/de\/product\/vegan-de\/vegane-korner-bohnen-hulsenfruchte\/tofu-presse-fur-leckeren-und-knusprigen-tofu\/","og_site_name":"Startercultures.eu","article_publisher":"https:\/\/www.facebook.com\/startercultureseu","article_modified_time":"2026-03-16T00:15:19+00:00","og_image":[{"width":750,"height":750,"url":"https:\/\/startercultures.eu\/wp-content\/uploads\/2021\/01\/tofu-press-4.jpg","type":"image\/jpeg"}],"twitter_card":"summary_large_image","twitter_misc":{"Price":"23,99","Availability":"Vorr\u00e4tig"},"schema":{"@context":"https:\/\/schema.org","@graph":[{"@type":"WebPage","@id":"https:\/\/startercultures.eu\/de\/product\/vegan-de\/vegane-korner-bohnen-hulsenfruchte\/tofu-presse-fur-leckeren-und-knusprigen-tofu\/","url":"https:\/\/startercultures.eu\/de\/product\/vegan-de\/vegane-korner-bohnen-hulsenfruchte\/tofu-presse-fur-leckeren-und-knusprigen-tofu\/","name":"Tofu-Presse - f\u00fcr leckeren und knusprigen Tofu - Startercultures.eu","isPartOf":{"@id":"https:\/\/startercultures.eu\/de\/#website"},"primaryImageOfPage":{"@id":"https:\/\/startercultures.eu\/de\/product\/vegan-de\/vegane-korner-bohnen-hulsenfruchte\/tofu-presse-fur-leckeren-und-knusprigen-tofu\/#primaryimage"},"image":{"@id":"https:\/\/startercultures.eu\/de\/product\/vegan-de\/vegane-korner-bohnen-hulsenfruchte\/tofu-presse-fur-leckeren-und-knusprigen-tofu\/#primaryimage"},"thumbnailUrl":"https:\/\/startercultures.eu\/wp-content\/uploads\/2021\/01\/tofu-press-4.jpg","datePublished":"2021-01-05T12:55:13+00:00","dateModified":"2026-03-16T00:15:19+00:00","description":"Da Tofu viel Wasser enth\u00e4lt, m\u00fcssen Sie ihn mit unserer Tofu-Presse pressen, damit er mariniert und knusprig und goldbraun gebraten werden kann,","breadcrumb":{"@id":"https:\/\/startercultures.eu\/de\/product\/vegan-de\/vegane-korner-bohnen-hulsenfruchte\/tofu-presse-fur-leckeren-und-knusprigen-tofu\/#breadcrumb"},"inLanguage":"de-DE","potentialAction":[{"@type":"ReadAction","target":["https:\/\/startercultures.eu\/de\/product\/vegan-de\/vegane-korner-bohnen-hulsenfruchte\/tofu-presse-fur-leckeren-und-knusprigen-tofu\/"]}]},{"@type":"ImageObject","inLanguage":"de-DE","@id":"https:\/\/startercultures.eu\/de\/product\/vegan-de\/vegane-korner-bohnen-hulsenfruchte\/tofu-presse-fur-leckeren-und-knusprigen-tofu\/#primaryimage","url":"https:\/\/startercultures.eu\/wp-content\/uploads\/2021\/01\/tofu-press-4.jpg","contentUrl":"https:\/\/startercultures.eu\/wp-content\/uploads\/2021\/01\/tofu-press-4.jpg","width":750,"height":750,"caption":"Tofu-Presse"},{"@type":"BreadcrumbList","@id":"https:\/\/startercultures.eu\/de\/product\/vegan-de\/vegane-korner-bohnen-hulsenfruchte\/tofu-presse-fur-leckeren-und-knusprigen-tofu\/#breadcrumb","itemListElement":[{"@type":"ListItem","position":1,"name":"Home","item":"https:\/\/startercultures.eu\/de\/"},{"@type":"ListItem","position":2,"name":"Shop","item":"https:\/\/startercultures.eu\/shop\/"},{"@type":"ListItem","position":3,"name":"Tofu-Presse &#8211; f\u00fcr leckeren und knusprigen Tofu"}]},{"@type":"WebSite","@id":"https:\/\/startercultures.eu\/de\/#website","url":"https:\/\/startercultures.eu\/de\/","name":"Startercultures.eu","description":"Startercultures.eu","publisher":{"@id":"https:\/\/startercultures.eu\/de\/#organization"},"potentialAction":[{"@type":"SearchAction","target":{"@type":"EntryPoint","urlTemplate":"https:\/\/startercultures.eu\/de\/?s={search_term_string}"},"query-input":{"@type":"PropertyValueSpecification","valueRequired":true,"valueName":"search_term_string"}}],"inLanguage":"de-DE"},{"@type":"Organization","@id":"https:\/\/startercultures.eu\/de\/#organization","name":"Startercultures.eu","url":"https:\/\/startercultures.eu\/de\/","logo":{"@type":"ImageObject","inLanguage":"de-DE","@id":"https:\/\/startercultures.eu\/de\/#\/schema\/logo\/image\/","url":"https:\/\/startercultures.eu\/wp-content\/uploads\/2020\/08\/startercultures-eu-nl-logo-rond-rgb.png","contentUrl":"https:\/\/startercultures.eu\/wp-content\/uploads\/2020\/08\/startercultures-eu-nl-logo-rond-rgb.png","width":320,"height":320,"caption":"Startercultures.eu"},"image":{"@id":"https:\/\/startercultures.eu\/de\/#\/schema\/logo\/image\/"},"sameAs":["https:\/\/www.facebook.com\/startercultureseu","https:\/\/www.instagram.com\/startercultures.eu\/"]}]},"product_price_amount":"23.99","product_price_currency":"EUR","og_availability":"instock","product_availability":"instock","product_retailer_item_id":"161","product_condition":"new"},"_links":{"self":[{"href":"https:\/\/startercultures.eu\/de\/wp-json\/wp\/v2\/product\/25037","targetHints":{"allow":["GET"]}}],"collection":[{"href":"https:\/\/startercultures.eu\/de\/wp-json\/wp\/v2\/product"}],"about":[{"href":"https:\/\/startercultures.eu\/de\/wp-json\/wp\/v2\/types\/product"}],"replies":[{"embeddable":true,"href":"https:\/\/startercultures.eu\/de\/wp-json\/wp\/v2\/comments?post=25037"}],"version-history":[{"count":0,"href":"https:\/\/startercultures.eu\/de\/wp-json\/wp\/v2\/product\/25037\/revisions"}],"wp:featuredmedia":[{"embeddable":true,"href":"https:\/\/startercultures.eu\/de\/wp-json\/wp\/v2\/media\/24181"}],"wp:attachment":[{"href":"https:\/\/startercultures.eu\/de\/wp-json\/wp\/v2\/media?parent=25037"}],"wp:term":[{"taxonomy":"product_brand","embeddable":true,"href":"https:\/\/startercultures.eu\/de\/wp-json\/wp\/v2\/product_brand?post=25037"},{"taxonomy":"product_cat","embeddable":true,"href":"https:\/\/startercultures.eu\/de\/wp-json\/wp\/v2\/product_cat?post=25037"},{"taxonomy":"product_tag","embeddable":true,"href":"https:\/\/startercultures.eu\/de\/wp-json\/wp\/v2\/product_tag?post=25037"}],"curies":[{"name":"wp","href":"https:\/\/api.w.org\/{rel}","templated":true}]}}