{"id":25038,"date":"2020-12-28T13:58:42","date_gmt":"2020-12-28T13:58:42","guid":{"rendered":"https:\/\/startercultures.eu\/product\/unkategorisiert\/englischsprachiger-online-workshop-miso-selber-machen\/"},"modified":"2025-02-24T19:42:17","modified_gmt":"2025-02-24T18:42:17","slug":"online-workshop-auf-anfrage-wie-mache-ich-mein-eigenes-miso","status":"publish","type":"product","link":"https:\/\/startercultures.eu\/de\/product\/workshops-de-3\/online-workshop-auf-anfrage-wie-mache-ich-mein-eigenes-miso\/","title":{"rendered":"Englischsprachiger Online-Workshop &#8220;Miso selber machen&#8221;"},"content":{"rendered":"<p>In diesem Online-Miso-Workshop zeigt Ihnen der niederl\u00e4ndische Foodwriter und Fermentationsexperte &#8216;Meneer Wateetons&#8217;, wie Sie Ihr eigenes Miso herstellen k\u00f6nnen. Durch eine besondere Form der Fermentation entsteht aus zwei sehr bescheidenen und eher langweiligen Zutaten eine der sch\u00f6nsten und komplexesten Substanzen der Welt. Mister Wateetons erz\u00e4hlt dir genau, wie die Fermentation funktioniert und was du daf\u00fcr brauchst, wie du von nun an Miso zu Hause herstellen kannst, wie du den Prozess der Miso-Herstellung beschleunigen kannst, wie du diese beiden Grundzutaten endlos variieren kannst und was f\u00fcr coole Sachen du mit Miso machen kannst.<\/p>\n<h3>Was werden Sie lernen?<\/h3>\n<p>\u2705 Englischsprachig<br \/>\nLernen Sie von dem niederl\u00e4ndischen Fermentationsexperten Meneer Wateetons, wie Sie Ihr eigenes Miso herstellen k\u00f6nnen.<br \/>\n\u2705 Welche Werkzeuge und Zutaten ben\u00f6tigen Sie?<br \/>\n\u2705 Was ist das f\u00fcr ein Schimmelpilz, von dem alle reden?<br \/>\n\u2705 Wie kann man sicher sein, dass man sich nicht vergiftet?<br \/>\n\u2705 Wie kann man die Miso-Herstellung beschleunigen?<br \/>\n\u2705 Wie kann man mit nur zwei Grundzutaten endlos variieren?<br \/>\n\u2705 Kreieren Sie mit dem Wissen aus diesem Workshop v\u00f6llig neue Rezepte.<br \/>\n\u2705 Veganerfreundlich<\/p>\n<h3>Wie, wie lange und wann?<\/h3>\n<p>Wenn Sie diesen Workshop bestellen, erhalten Sie sofort einen Link zum Online-Workshop. Sie k\u00f6nnen den Kurs sofort oder zu einem beliebigen Zeitpunkt ansehen. Der Workshop dauert etwa 90 Minuten.<\/p>\n<h3>\u00dcber Ihren Lehrer<\/h3>\n<p>Meneer Wateetons <a href=\"https:\/\/startercultures.eu\/nl\/product-category\/boeken\/\" target=\"_blank\" rel=\"noopener noreferrer\">ist ein niederl\u00e4ndischer kulinarischer Autor, der 8 B\u00fccher \u00fcber Wurstherstellung, R\u00e4uchern, Fermentierung, Charcuterieherstellung, Brauen und Destillieren und &#8220;suburbanes Jagen und \u00dcberleben&#8221; ver\u00f6ffentlicht hat.<\/a> Seine preisgekr\u00f6nten B\u00fccher sind bekannt f\u00fcr ihre Kombination aus tiefgr\u00fcndiger Theorie, praxisorientiertem Ansatz und einem lockeren Tonfall. Derzeit ist noch keines seiner B\u00fccher auf Englisch erh\u00e4ltlich. Meneer Wateetons gibt regelm\u00e4\u00dfig Workshops zu den Themen, \u00fcber die er schreibt, in demselben humorvollen Stil. Aufgrund von COVID-19 ist er <a href=\"https:\/\/wateetons.com\/wateetons-workshops\/\" target=\"_blank\" rel=\"noopener noreferrer\">auf Online-Workshops umgestiegen<\/a>.<\/p>\n<h3>In diesem Workshop verwendete Inhaltsstoffe<\/h3>\n<ul>\n<li><a href=\"https:\/\/startercultures.eu\/product-category\/koji\/\" target=\"_blank\" rel=\"noopener\">Koji<\/a><\/li>\n<\/ul>\n","protected":false},"excerpt":{"rendered":"<p>In dieser englischsprachigen Online-Meisterklasse zeigt Ihnen der niederl\u00e4ndische Foodwriter und Fermentierungsexperte &#8216;Meneer Wateetons&#8217;, wie Sie Ihr eigenes Miso herstellen k\u00f6nnen.<\/p>\n","protected":false},"featured_media":75150,"comment_status":"open","ping_status":"closed","template":"","meta":{"_acf_changed":false,"footnotes":""},"product_brand":[],"product_cat":[706,704,714,681,733,729,732],"product_tag":[],"class_list":{"0":"post-25038","1":"product","2":"type-product","3":"status-publish","4":"has-post-thumbnail","6":"product_cat-asiatisch","7":"product_cat-bohnen-reis-korner","8":"product_cat-fermentieren-de","9":"product_cat-koji-de","10":"product_cat-online-workshop-de-5","11":"product_cat-workshops-de-3","12":"product_cat-online-workshops-de-4","14":"first","15":"instock","16":"downloadable","17":"virtual","18":"taxable","19":"purchasable","20":"product-type-simple"},"acf":[],"yoast_head":"<!-- This site is optimized with the Yoast SEO plugin v26.6 - https:\/\/yoast.com\/wordpress\/plugins\/seo\/ -->\n<title>Englischsprachiger Online-Workshop &quot;Miso selber machen&quot; - Startercultures.eu<\/title>\n<meta name=\"description\" content=\"In diesem englischsprachigen Online-Miso-Workshop zeigt Ihnen der Fermentationsexperte &#039;Meneer Wateetons&#039;, wie Sie Ihr eigenes Miso herstellen k\u00f6nnen.\" \/>\n<meta name=\"robots\" content=\"index, follow, max-snippet:-1, max-image-preview:large, max-video-preview:-1\" \/>\n<link rel=\"canonical\" href=\"https:\/\/startercultures.eu\/de\/product\/workshops-de-3\/online-workshop-auf-anfrage-wie-mache-ich-mein-eigenes-miso\/\" \/>\n<meta property=\"og:locale\" content=\"de_DE\" \/>\n<meta property=\"og:type\" content=\"article\" \/>\n<meta property=\"og:title\" content=\"Englischsprachiger Online-Workshop &quot;Miso selber machen&quot; - Startercultures.eu\" \/>\n<meta property=\"og:description\" content=\"In diesem englischsprachigen Online-Miso-Workshop zeigt Ihnen der Fermentationsexperte &#039;Meneer Wateetons&#039;, wie Sie Ihr eigenes Miso herstellen k\u00f6nnen.\" \/>\n<meta property=\"og:url\" content=\"https:\/\/startercultures.eu\/de\/product\/workshops-de-3\/online-workshop-auf-anfrage-wie-mache-ich-mein-eigenes-miso\/\" \/>\n<meta property=\"og:site_name\" content=\"Startercultures.eu\" \/>\n<meta property=\"article:publisher\" content=\"https:\/\/www.facebook.com\/startercultureseu\" \/>\n<meta property=\"article:modified_time\" content=\"2025-02-24T18:42:17+00:00\" \/>\n<meta property=\"og:image\" content=\"https:\/\/startercultures.eu\/wp-content\/uploads\/2020\/12\/fermentation-450.png\" \/>\n\t<meta property=\"og:image:width\" content=\"450\" \/>\n\t<meta property=\"og:image:height\" content=\"451\" \/>\n\t<meta property=\"og:image:type\" content=\"image\/png\" \/>\n<meta name=\"twitter:card\" content=\"summary_large_image\" \/>\n<meta name=\"twitter:label1\" content=\"Price\" \/>\n\t<meta name=\"twitter:data1\" content=\"14,99\" \/>\n\t<meta name=\"twitter:label2\" content=\"Availability\" \/>\n\t<meta name=\"twitter:data2\" content=\"Vorr\u00e4tig\" \/>\n<script type=\"application\/ld+json\" class=\"yoast-schema-graph\">{\"@context\":\"https:\/\/schema.org\",\"@graph\":[{\"@type\":\"WebPage\",\"@id\":\"https:\/\/startercultures.eu\/de\/product\/workshops-de-3\/online-workshop-auf-anfrage-wie-mache-ich-mein-eigenes-miso\/\",\"url\":\"https:\/\/startercultures.eu\/de\/product\/workshops-de-3\/online-workshop-auf-anfrage-wie-mache-ich-mein-eigenes-miso\/\",\"name\":\"Englischsprachiger Online-Workshop \\\"Miso selber machen\\\" - Startercultures.eu\",\"isPartOf\":{\"@id\":\"https:\/\/startercultures.eu\/de\/#website\"},\"primaryImageOfPage\":{\"@id\":\"https:\/\/startercultures.eu\/de\/product\/workshops-de-3\/online-workshop-auf-anfrage-wie-mache-ich-mein-eigenes-miso\/#primaryimage\"},\"image\":{\"@id\":\"https:\/\/startercultures.eu\/de\/product\/workshops-de-3\/online-workshop-auf-anfrage-wie-mache-ich-mein-eigenes-miso\/#primaryimage\"},\"thumbnailUrl\":\"https:\/\/startercultures.eu\/wp-content\/uploads\/2020\/12\/MISO-COURSE.png\",\"datePublished\":\"2020-12-28T13:58:42+00:00\",\"dateModified\":\"2025-02-24T18:42:17+00:00\",\"description\":\"In diesem englischsprachigen Online-Miso-Workshop zeigt Ihnen der Fermentationsexperte 'Meneer Wateetons', wie Sie Ihr eigenes Miso herstellen k\u00f6nnen.\",\"breadcrumb\":{\"@id\":\"https:\/\/startercultures.eu\/de\/product\/workshops-de-3\/online-workshop-auf-anfrage-wie-mache-ich-mein-eigenes-miso\/#breadcrumb\"},\"inLanguage\":\"de-DE\",\"potentialAction\":[{\"@type\":\"ReadAction\",\"target\":[\"https:\/\/startercultures.eu\/de\/product\/workshops-de-3\/online-workshop-auf-anfrage-wie-mache-ich-mein-eigenes-miso\/\"]}]},{\"@type\":\"ImageObject\",\"inLanguage\":\"de-DE\",\"@id\":\"https:\/\/startercultures.eu\/de\/product\/workshops-de-3\/online-workshop-auf-anfrage-wie-mache-ich-mein-eigenes-miso\/#primaryimage\",\"url\":\"https:\/\/startercultures.eu\/wp-content\/uploads\/2020\/12\/MISO-COURSE.png\",\"contentUrl\":\"https:\/\/startercultures.eu\/wp-content\/uploads\/2020\/12\/MISO-COURSE.png\",\"width\":1000,\"height\":1000},{\"@type\":\"BreadcrumbList\",\"@id\":\"https:\/\/startercultures.eu\/de\/product\/workshops-de-3\/online-workshop-auf-anfrage-wie-mache-ich-mein-eigenes-miso\/#breadcrumb\",\"itemListElement\":[{\"@type\":\"ListItem\",\"position\":1,\"name\":\"Home\",\"item\":\"https:\/\/startercultures.eu\/de\/\"},{\"@type\":\"ListItem\",\"position\":2,\"name\":\"Shop\",\"item\":\"https:\/\/startercultures.eu\/shop\/\"},{\"@type\":\"ListItem\",\"position\":3,\"name\":\"Englischsprachiger Online-Workshop &#8220;Miso selber machen&#8221;\"}]},{\"@type\":\"WebSite\",\"@id\":\"https:\/\/startercultures.eu\/de\/#website\",\"url\":\"https:\/\/startercultures.eu\/de\/\",\"name\":\"Startercultures.eu\",\"description\":\"Startercultures.eu\",\"publisher\":{\"@id\":\"https:\/\/startercultures.eu\/de\/#organization\"},\"potentialAction\":[{\"@type\":\"SearchAction\",\"target\":{\"@type\":\"EntryPoint\",\"urlTemplate\":\"https:\/\/startercultures.eu\/de\/?s={search_term_string}\"},\"query-input\":{\"@type\":\"PropertyValueSpecification\",\"valueRequired\":true,\"valueName\":\"search_term_string\"}}],\"inLanguage\":\"de-DE\"},{\"@type\":\"Organization\",\"@id\":\"https:\/\/startercultures.eu\/de\/#organization\",\"name\":\"Startercultures.eu\",\"url\":\"https:\/\/startercultures.eu\/de\/\",\"logo\":{\"@type\":\"ImageObject\",\"inLanguage\":\"de-DE\",\"@id\":\"https:\/\/startercultures.eu\/de\/#\/schema\/logo\/image\/\",\"url\":\"https:\/\/startercultures.eu\/wp-content\/uploads\/2020\/08\/startercultures-eu-nl-logo-rond-rgb.png\",\"contentUrl\":\"https:\/\/startercultures.eu\/wp-content\/uploads\/2020\/08\/startercultures-eu-nl-logo-rond-rgb.png\",\"width\":320,\"height\":320,\"caption\":\"Startercultures.eu\"},\"image\":{\"@id\":\"https:\/\/startercultures.eu\/de\/#\/schema\/logo\/image\/\"},\"sameAs\":[\"https:\/\/www.facebook.com\/startercultureseu\",\"https:\/\/www.instagram.com\/startercultures.eu\/\"],\"hasMerchantReturnPolicy\":{\"@type\":\"MerchantReturnPolicy\",\"merchantReturnLink\":\"https:\/\/startercultures.eu\/return-policy\/\"}}]}<\/script>\n<meta property=\"product:price:amount\" content=\"14.99\" \/>\n<meta property=\"product:price:currency\" content=\"EUR\" \/>\n<meta property=\"og:availability\" content=\"instock\" \/>\n<meta property=\"product:availability\" content=\"instock\" \/>\n<meta property=\"product:retailer_item_id\" content=\"339-1\" \/>\n<meta property=\"product:condition\" content=\"new\" \/>\n<!-- \/ Yoast SEO plugin. -->","yoast_head_json":{"title":"Englischsprachiger Online-Workshop \"Miso selber machen\" - Startercultures.eu","description":"In diesem englischsprachigen Online-Miso-Workshop zeigt Ihnen der Fermentationsexperte 'Meneer Wateetons', wie Sie Ihr eigenes Miso herstellen k\u00f6nnen.","robots":{"index":"index","follow":"follow","max-snippet":"max-snippet:-1","max-image-preview":"max-image-preview:large","max-video-preview":"max-video-preview:-1"},"canonical":"https:\/\/startercultures.eu\/de\/product\/workshops-de-3\/online-workshop-auf-anfrage-wie-mache-ich-mein-eigenes-miso\/","og_locale":"de_DE","og_type":"article","og_title":"Englischsprachiger Online-Workshop \"Miso selber machen\" - Startercultures.eu","og_description":"In diesem englischsprachigen Online-Miso-Workshop zeigt Ihnen der Fermentationsexperte 'Meneer Wateetons', wie Sie Ihr eigenes Miso herstellen k\u00f6nnen.","og_url":"https:\/\/startercultures.eu\/de\/product\/workshops-de-3\/online-workshop-auf-anfrage-wie-mache-ich-mein-eigenes-miso\/","og_site_name":"Startercultures.eu","article_publisher":"https:\/\/www.facebook.com\/startercultureseu","article_modified_time":"2025-02-24T18:42:17+00:00","og_image":[{"width":450,"height":451,"url":"https:\/\/startercultures.eu\/wp-content\/uploads\/2020\/12\/fermentation-450.png","type":"image\/png"}],"twitter_card":"summary_large_image","twitter_misc":{"Price":"14,99","Availability":"Vorr\u00e4tig"},"schema":{"@context":"https:\/\/schema.org","@graph":[{"@type":"WebPage","@id":"https:\/\/startercultures.eu\/de\/product\/workshops-de-3\/online-workshop-auf-anfrage-wie-mache-ich-mein-eigenes-miso\/","url":"https:\/\/startercultures.eu\/de\/product\/workshops-de-3\/online-workshop-auf-anfrage-wie-mache-ich-mein-eigenes-miso\/","name":"Englischsprachiger Online-Workshop \"Miso selber machen\" - Startercultures.eu","isPartOf":{"@id":"https:\/\/startercultures.eu\/de\/#website"},"primaryImageOfPage":{"@id":"https:\/\/startercultures.eu\/de\/product\/workshops-de-3\/online-workshop-auf-anfrage-wie-mache-ich-mein-eigenes-miso\/#primaryimage"},"image":{"@id":"https:\/\/startercultures.eu\/de\/product\/workshops-de-3\/online-workshop-auf-anfrage-wie-mache-ich-mein-eigenes-miso\/#primaryimage"},"thumbnailUrl":"https:\/\/startercultures.eu\/wp-content\/uploads\/2020\/12\/MISO-COURSE.png","datePublished":"2020-12-28T13:58:42+00:00","dateModified":"2025-02-24T18:42:17+00:00","description":"In diesem englischsprachigen Online-Miso-Workshop zeigt Ihnen der Fermentationsexperte 'Meneer Wateetons', wie Sie Ihr eigenes Miso herstellen k\u00f6nnen.","breadcrumb":{"@id":"https:\/\/startercultures.eu\/de\/product\/workshops-de-3\/online-workshop-auf-anfrage-wie-mache-ich-mein-eigenes-miso\/#breadcrumb"},"inLanguage":"de-DE","potentialAction":[{"@type":"ReadAction","target":["https:\/\/startercultures.eu\/de\/product\/workshops-de-3\/online-workshop-auf-anfrage-wie-mache-ich-mein-eigenes-miso\/"]}]},{"@type":"ImageObject","inLanguage":"de-DE","@id":"https:\/\/startercultures.eu\/de\/product\/workshops-de-3\/online-workshop-auf-anfrage-wie-mache-ich-mein-eigenes-miso\/#primaryimage","url":"https:\/\/startercultures.eu\/wp-content\/uploads\/2020\/12\/MISO-COURSE.png","contentUrl":"https:\/\/startercultures.eu\/wp-content\/uploads\/2020\/12\/MISO-COURSE.png","width":1000,"height":1000},{"@type":"BreadcrumbList","@id":"https:\/\/startercultures.eu\/de\/product\/workshops-de-3\/online-workshop-auf-anfrage-wie-mache-ich-mein-eigenes-miso\/#breadcrumb","itemListElement":[{"@type":"ListItem","position":1,"name":"Home","item":"https:\/\/startercultures.eu\/de\/"},{"@type":"ListItem","position":2,"name":"Shop","item":"https:\/\/startercultures.eu\/shop\/"},{"@type":"ListItem","position":3,"name":"Englischsprachiger Online-Workshop &#8220;Miso selber machen&#8221;"}]},{"@type":"WebSite","@id":"https:\/\/startercultures.eu\/de\/#website","url":"https:\/\/startercultures.eu\/de\/","name":"Startercultures.eu","description":"Startercultures.eu","publisher":{"@id":"https:\/\/startercultures.eu\/de\/#organization"},"potentialAction":[{"@type":"SearchAction","target":{"@type":"EntryPoint","urlTemplate":"https:\/\/startercultures.eu\/de\/?s={search_term_string}"},"query-input":{"@type":"PropertyValueSpecification","valueRequired":true,"valueName":"search_term_string"}}],"inLanguage":"de-DE"},{"@type":"Organization","@id":"https:\/\/startercultures.eu\/de\/#organization","name":"Startercultures.eu","url":"https:\/\/startercultures.eu\/de\/","logo":{"@type":"ImageObject","inLanguage":"de-DE","@id":"https:\/\/startercultures.eu\/de\/#\/schema\/logo\/image\/","url":"https:\/\/startercultures.eu\/wp-content\/uploads\/2020\/08\/startercultures-eu-nl-logo-rond-rgb.png","contentUrl":"https:\/\/startercultures.eu\/wp-content\/uploads\/2020\/08\/startercultures-eu-nl-logo-rond-rgb.png","width":320,"height":320,"caption":"Startercultures.eu"},"image":{"@id":"https:\/\/startercultures.eu\/de\/#\/schema\/logo\/image\/"},"sameAs":["https:\/\/www.facebook.com\/startercultureseu","https:\/\/www.instagram.com\/startercultures.eu\/"],"hasMerchantReturnPolicy":{"@type":"MerchantReturnPolicy","merchantReturnLink":"https:\/\/startercultures.eu\/return-policy\/"}}]},"product_price_amount":"14.99","product_price_currency":"EUR","og_availability":"instock","product_availability":"instock","product_retailer_item_id":"339-1","product_condition":"new"},"_links":{"self":[{"href":"https:\/\/startercultures.eu\/de\/wp-json\/wp\/v2\/product\/25038","targetHints":{"allow":["GET"]}}],"collection":[{"href":"https:\/\/startercultures.eu\/de\/wp-json\/wp\/v2\/product"}],"about":[{"href":"https:\/\/startercultures.eu\/de\/wp-json\/wp\/v2\/types\/product"}],"replies":[{"embeddable":true,"href":"https:\/\/startercultures.eu\/de\/wp-json\/wp\/v2\/comments?post=25038"}],"version-history":[{"count":1,"href":"https:\/\/startercultures.eu\/de\/wp-json\/wp\/v2\/product\/25038\/revisions"}],"predecessor-version":[{"id":68701,"href":"https:\/\/startercultures.eu\/de\/wp-json\/wp\/v2\/product\/25038\/revisions\/68701"}],"wp:featuredmedia":[{"embeddable":true,"href":"https:\/\/startercultures.eu\/de\/wp-json\/wp\/v2\/media\/75150"}],"wp:attachment":[{"href":"https:\/\/startercultures.eu\/de\/wp-json\/wp\/v2\/media?parent=25038"}],"wp:term":[{"taxonomy":"product_brand","embeddable":true,"href":"https:\/\/startercultures.eu\/de\/wp-json\/wp\/v2\/product_brand?post=25038"},{"taxonomy":"product_cat","embeddable":true,"href":"https:\/\/startercultures.eu\/de\/wp-json\/wp\/v2\/product_cat?post=25038"},{"taxonomy":"product_tag","embeddable":true,"href":"https:\/\/startercultures.eu\/de\/wp-json\/wp\/v2\/product_tag?post=25038"}],"curies":[{"name":"wp","href":"https:\/\/api.w.org\/{rel}","templated":true}]}}