{"id":25040,"date":"2020-12-27T17:17:32","date_gmt":"2020-12-27T16:17:32","guid":{"rendered":"https:\/\/startercultures.eu\/product\/unkategorisiert\/englischsprachiger-online-workshop-zur-herstellung-eigener-trocken-gepoekelter-charcuterie\/"},"modified":"2024-07-06T09:38:03","modified_gmt":"2024-07-06T07:38:03","slug":"online-englischsprachiger-trocken-cured-wurstwaren-workshop","status":"publish","type":"product","link":"https:\/\/startercultures.eu\/de\/product\/wurstwaren-und-charcuterie-de\/online-englischsprachiger-trocken-cured-wurstwaren-workshop\/","title":{"rendered":"Englischsprachiger Online-Workshop zur Herstellung eigener, getrockneter, cured Wurstwaren"},"content":{"rendered":"<h2>Online-Workshop zur Herstellung eigener Wurstwaren<\/h2>\n<p>Lernen Sie von &#8216;<a href=\"https:\/\/wateetons.com\/\" target=\"_blank\" rel=\"noopener\">Meneer Wateetons<\/a>&#8216;, dem Autor des (niederl\u00e4ndischen) f\u00fchrenden Werks auf diesem Gebiet: &#8216;<a href=\"https:\/\/www.amazon.com\/Over-charcuterie-Dutch-Meneer-Wateetons\/dp\/9048845343\/ref=sr_1_1?keywords=wateetons&amp;qid=1585632464&amp;sr=8-1\" target=\"_blank\" rel=\"noopener noreferrer\">\u00dcber Wurstwaren<\/a>&#8216;, wie Sie Ihre eigene Wurst aus ganzen Muskeln herstellen k\u00f6nnen. Schinken, Pancetta, Guanciale, Lardo, Coppa und weitere k\u00f6stliche s\u00fcdeurop\u00e4ische Trockenfleischprodukte werden vorgestellt. In diesem englischsprachigen Online-Workshop lernen Sie in 90 Minuten alles \u00fcber das Salzen, Trocknen, Reifen, Vakuumieren, R\u00e4uchern, Temperatur und Luftfeuchtigkeit. Danach sind Sie bereit, Ihre eigenen Wurstwaren selbst herzustellen, sicher und schmackhaft.<\/p>\n<h3>Warnung<\/h3>\n<p>Der Masterclass ist ziemlich theorielastig, denn es ist wichtig, dass Sie verstehen, warum Sie die Dinge tun, die Sie tun m\u00fcssen. Es ist nicht schwer, aber wenn Sie es falsch machen, ist es gef\u00e4hrlich f\u00fcr Ihre Gesundheit. Es wird empfohlen, dass Sie sich zuerst den Online-Meisterkurs zur Herstellung von (frischen) W\u00fcrsten ansehen.<\/p>\n<h3>Was werden Sie in diesem Online-Workshop \u00fcber Wurstwaren lernen?<\/h3>\n<div class=\"wp-block-columns\">\n<div class=\"wp-block-column\">\n<p>\u2705 Nach diesem Workshop wissen Sie alles, was Sie wissen m\u00fcssen, um f\u00fcr den Rest Ihres Lebens Ihre eigenen Wurstwaren herzustellen.<br \/>\n\u2705 Englischsprachig<br \/>\n\u2705 Sicherheit geht vor! Sie werden wissen, welche Vorsichtsma\u00dfnahmen Sie gegen Verderb und Lebensmittelvergiftungen treffen m\u00fcssen.<br \/>\n\u2705 pH-Wert, P\u00f6kelsalze, Mikroorganismen, D\u00e4rme, Feuchtigkeit: Sie werden sie alle verstehen.<br \/>\n\u2705 Welche Werkzeuge werden Sie ben\u00f6tigen? Er wird Ihnen zeigen, dass Sie f\u00fcr ein paar Euro alles bekommen, was Sie jemals brauchen werden.<br \/>\n\u2705 Wo finden Sie Ihre Zutaten? Welches Fleisch brauchen Sie? Wo kann man D\u00e4rme finden?<br \/>\n\u2705 Was sind die wichtigsten Fallstricke und wie kann man sie vermeiden?<br \/>\n\u2705 Viele Tipps und Tricks!<\/p>\n<h3>Wie und wie lange<\/h3>\n<p>Nach der Bestellung dieses Workshops erhalten Sie einen Link zur Ansicht des Workshops. Sie k\u00f6nnen ihn ansehen, sobald Sie Zeit haben. Er dauert etwa 1:45 Stunden.<\/p>\n<\/div>\n<\/div>\n<h3>\u00dcber Ihren Lehrer<\/h3>\n<p>Meneer Wateetons&#8217; ist ein niederl\u00e4ndischer Autor, der 8 B\u00fccher \u00fcber Wurstherstellung, R\u00e4uchern, Fermentierung, Charcuterieherstellung, Brauen und Destillieren und &#8216;suburbanes Jagen und \u00dcberleben&#8217; ver\u00f6ffentlicht hat. Er ist auch der Inhaber von startercultures.eu. Seine preisgekr\u00f6nten B\u00fccher sind bekannt f\u00fcr ihre Kombination aus tiefgr\u00fcndiger Theorie, praxisorientiertem Ansatz und einem lockeren Tonfall. Derzeit ist noch keines seiner B\u00fccher auf Englisch erh\u00e4ltlich. Meneer Wateetons gibt regelm\u00e4\u00dfig Workshops zu den Themen, \u00fcber die er schreibt, in demselben humorvollen Stil. Aufgrund von COVID-19 ist er auf Online-Workshops umgestiegen.<\/p>\n<h3>In diesem Online-Workshop f\u00fcr Wurstwaren verwendete Werkzeuge und Zutaten<\/h3>\n<ul>\n<li><a href=\"https:\/\/startercultures.eu\/product\/sausages-and-charcuterie\/casings\/natural-casings\/beef-bung\/\" target=\"_blank\" rel=\"noopener\">Rinderspund<\/a><\/li>\n<li><a href=\"https:\/\/startercultures.eu\/product\/sausages-and-charcuterie\/tools\/sausage-pricker\/\" target=\"_blank\" rel=\"noopener\">Wursttupfer<\/a><\/li>\n<li><a href=\"https:\/\/startercultures.eu\/product-category\/sausages-and-charcuterie\/starter-cultures-for-sausage-making\/\" target=\"_blank\" rel=\"noopener\">Starterkultivierung<\/a><\/li>\n<li><a href=\"https:\/\/startercultures.eu\/product-category\/sausages-and-charcuterie\/additives\/\" target=\"_blank\" rel=\"noopener\">P\u00f6kelsalze und andere Zusatzstoffe<\/a><\/li>\n<li><a href=\"https:\/\/startercultures.eu\/product\/starterkits\/sausages-and-charcuterie-starterkits\/all-in-one-charcuterie-starter-kit\/\" target=\"_blank\" rel=\"noopener\">Alles in einem Starterkit &#8220;Wurstwaren selbst herstellen&#8221;.<\/a><\/li>\n<\/ul>\n<p>&nbsp;<\/p>\n","protected":false},"excerpt":{"rendered":"<p>In diesem englischsprachigen Online-Workshop lernen Sie in 90 Minuten alles \u00fcber das Salzen, Trocknen, Reifen, Vakuumieren, R\u00e4uchern, Temperatur und Luftfeuchtigkeit. Danach sind Sie bereit, Ihre eigenen Wurstwaren selbst herzustellen, sicher und schmackhaft.<\/p>\n","protected":false},"featured_media":75153,"comment_status":"open","ping_status":"closed","template":"","meta":{"_acf_changed":false,"footnotes":""},"product_brand":[],"product_cat":[734,729,728,730,721],"product_tag":[],"class_list":{"0":"post-25040","1":"product","2":"type-product","3":"status-publish","4":"has-post-thumbnail","6":"product_cat-charcuterie-de","7":"product_cat-workshops-de-3","8":"product_cat-workshops-de-2","9":"product_cat-wurstwaren-und-charcuterie-de-2","10":"product_cat-wurstwaren-und-charcuterie-de","12":"first","13":"instock","14":"downloadable","15":"virtual","16":"taxable","17":"purchasable","18":"product-type-simple"},"acf":[],"yoast_head":"<!-- This site is optimized with the Yoast SEO plugin v26.6 - https:\/\/yoast.com\/wordpress\/plugins\/seo\/ -->\n<title>Englischsprachiger Online-Workshop zur Herstellung eigener, getrockneter, cured Wurstwaren - Startercultures.eu<\/title>\n<meta name=\"description\" content=\"Suchen Sie einen Online-Workshop zur Herstellung von Wurstwaren? In diesem englischsprachigen Workshop lernen Sie in 2 Stunden die Theorie und Praxis.\" \/>\n<meta name=\"robots\" content=\"index, follow, max-snippet:-1, max-image-preview:large, max-video-preview:-1\" \/>\n<link rel=\"canonical\" href=\"https:\/\/startercultures.eu\/de\/product\/wurstwaren-und-charcuterie-de\/online-englischsprachiger-trocken-cured-wurstwaren-workshop\/\" \/>\n<meta property=\"og:locale\" content=\"de_DE\" \/>\n<meta property=\"og:type\" content=\"article\" \/>\n<meta property=\"og:title\" content=\"Englischsprachiger Online-Workshop zur Herstellung eigener, getrockneter, cured Wurstwaren - Startercultures.eu\" \/>\n<meta property=\"og:description\" content=\"Suchen Sie einen Online-Workshop zur Herstellung von Wurstwaren? In diesem englischsprachigen Workshop lernen Sie in 2 Stunden die Theorie und Praxis.\" \/>\n<meta property=\"og:url\" content=\"https:\/\/startercultures.eu\/de\/product\/wurstwaren-und-charcuterie-de\/online-englischsprachiger-trocken-cured-wurstwaren-workshop\/\" \/>\n<meta property=\"og:site_name\" content=\"Startercultures.eu\" \/>\n<meta property=\"article:publisher\" content=\"https:\/\/www.facebook.com\/startercultureseu\" \/>\n<meta property=\"article:modified_time\" content=\"2024-07-06T07:38:03+00:00\" \/>\n<meta property=\"og:image\" content=\"https:\/\/startercultures.eu\/wp-content\/uploads\/2020\/12\/workshop-charcuterie-450.png\" \/>\n\t<meta property=\"og:image:width\" content=\"450\" \/>\n\t<meta property=\"og:image:height\" content=\"452\" \/>\n\t<meta property=\"og:image:type\" content=\"image\/png\" \/>\n<meta name=\"twitter:card\" content=\"summary_large_image\" \/>\n<meta name=\"twitter:label1\" content=\"Price\" \/>\n\t<meta name=\"twitter:data1\" content=\"14,99\" \/>\n\t<meta name=\"twitter:label2\" content=\"Availability\" \/>\n\t<meta name=\"twitter:data2\" content=\"Vorr\u00e4tig\" \/>\n<script type=\"application\/ld+json\" class=\"yoast-schema-graph\">{\"@context\":\"https:\/\/schema.org\",\"@graph\":[{\"@type\":\"WebPage\",\"@id\":\"https:\/\/startercultures.eu\/de\/product\/wurstwaren-und-charcuterie-de\/online-englischsprachiger-trocken-cured-wurstwaren-workshop\/\",\"url\":\"https:\/\/startercultures.eu\/de\/product\/wurstwaren-und-charcuterie-de\/online-englischsprachiger-trocken-cured-wurstwaren-workshop\/\",\"name\":\"Englischsprachiger Online-Workshop zur Herstellung eigener, getrockneter, cured Wurstwaren - Startercultures.eu\",\"isPartOf\":{\"@id\":\"https:\/\/startercultures.eu\/de\/#website\"},\"primaryImageOfPage\":{\"@id\":\"https:\/\/startercultures.eu\/de\/product\/wurstwaren-und-charcuterie-de\/online-englischsprachiger-trocken-cured-wurstwaren-workshop\/#primaryimage\"},\"image\":{\"@id\":\"https:\/\/startercultures.eu\/de\/product\/wurstwaren-und-charcuterie-de\/online-englischsprachiger-trocken-cured-wurstwaren-workshop\/#primaryimage\"},\"thumbnailUrl\":\"https:\/\/startercultures.eu\/wp-content\/uploads\/2020\/12\/CHARCUTERIE-COURSE.png\",\"datePublished\":\"2020-12-27T16:17:32+00:00\",\"dateModified\":\"2024-07-06T07:38:03+00:00\",\"description\":\"Suchen Sie einen Online-Workshop zur Herstellung von Wurstwaren? In diesem englischsprachigen Workshop lernen Sie in 2 Stunden die Theorie und Praxis.\",\"breadcrumb\":{\"@id\":\"https:\/\/startercultures.eu\/de\/product\/wurstwaren-und-charcuterie-de\/online-englischsprachiger-trocken-cured-wurstwaren-workshop\/#breadcrumb\"},\"inLanguage\":\"de-DE\",\"potentialAction\":[{\"@type\":\"ReadAction\",\"target\":[\"https:\/\/startercultures.eu\/de\/product\/wurstwaren-und-charcuterie-de\/online-englischsprachiger-trocken-cured-wurstwaren-workshop\/\"]}]},{\"@type\":\"ImageObject\",\"inLanguage\":\"de-DE\",\"@id\":\"https:\/\/startercultures.eu\/de\/product\/wurstwaren-und-charcuterie-de\/online-englischsprachiger-trocken-cured-wurstwaren-workshop\/#primaryimage\",\"url\":\"https:\/\/startercultures.eu\/wp-content\/uploads\/2020\/12\/CHARCUTERIE-COURSE.png\",\"contentUrl\":\"https:\/\/startercultures.eu\/wp-content\/uploads\/2020\/12\/CHARCUTERIE-COURSE.png\",\"width\":1000,\"height\":1000},{\"@type\":\"BreadcrumbList\",\"@id\":\"https:\/\/startercultures.eu\/de\/product\/wurstwaren-und-charcuterie-de\/online-englischsprachiger-trocken-cured-wurstwaren-workshop\/#breadcrumb\",\"itemListElement\":[{\"@type\":\"ListItem\",\"position\":1,\"name\":\"Home\",\"item\":\"https:\/\/startercultures.eu\/de\/\"},{\"@type\":\"ListItem\",\"position\":2,\"name\":\"Shop\",\"item\":\"https:\/\/startercultures.eu\/shop\/\"},{\"@type\":\"ListItem\",\"position\":3,\"name\":\"Englischsprachiger Online-Workshop zur Herstellung eigener, getrockneter, cured Wurstwaren\"}]},{\"@type\":\"WebSite\",\"@id\":\"https:\/\/startercultures.eu\/de\/#website\",\"url\":\"https:\/\/startercultures.eu\/de\/\",\"name\":\"Startercultures.eu\",\"description\":\"Startercultures.eu\",\"publisher\":{\"@id\":\"https:\/\/startercultures.eu\/de\/#organization\"},\"potentialAction\":[{\"@type\":\"SearchAction\",\"target\":{\"@type\":\"EntryPoint\",\"urlTemplate\":\"https:\/\/startercultures.eu\/de\/?s={search_term_string}\"},\"query-input\":{\"@type\":\"PropertyValueSpecification\",\"valueRequired\":true,\"valueName\":\"search_term_string\"}}],\"inLanguage\":\"de-DE\"},{\"@type\":\"Organization\",\"@id\":\"https:\/\/startercultures.eu\/de\/#organization\",\"name\":\"Startercultures.eu\",\"url\":\"https:\/\/startercultures.eu\/de\/\",\"logo\":{\"@type\":\"ImageObject\",\"inLanguage\":\"de-DE\",\"@id\":\"https:\/\/startercultures.eu\/de\/#\/schema\/logo\/image\/\",\"url\":\"https:\/\/startercultures.eu\/wp-content\/uploads\/2020\/08\/startercultures-eu-nl-logo-rond-rgb.png\",\"contentUrl\":\"https:\/\/startercultures.eu\/wp-content\/uploads\/2020\/08\/startercultures-eu-nl-logo-rond-rgb.png\",\"width\":320,\"height\":320,\"caption\":\"Startercultures.eu\"},\"image\":{\"@id\":\"https:\/\/startercultures.eu\/de\/#\/schema\/logo\/image\/\"},\"sameAs\":[\"https:\/\/www.facebook.com\/startercultureseu\",\"https:\/\/www.instagram.com\/startercultures.eu\/\"]}]}<\/script>\n<meta property=\"product:price:amount\" content=\"14.99\" \/>\n<meta property=\"product:price:currency\" content=\"EUR\" \/>\n<meta property=\"og:availability\" content=\"instock\" \/>\n<meta property=\"product:availability\" content=\"instock\" \/>\n<meta property=\"product:retailer_item_id\" content=\"340\" \/>\n<meta property=\"product:condition\" content=\"new\" \/>\n<!-- \/ Yoast SEO plugin. -->","yoast_head_json":{"title":"Englischsprachiger Online-Workshop zur Herstellung eigener, getrockneter, cured Wurstwaren - Startercultures.eu","description":"Suchen Sie einen Online-Workshop zur Herstellung von Wurstwaren? In diesem englischsprachigen Workshop lernen Sie in 2 Stunden die Theorie und Praxis.","robots":{"index":"index","follow":"follow","max-snippet":"max-snippet:-1","max-image-preview":"max-image-preview:large","max-video-preview":"max-video-preview:-1"},"canonical":"https:\/\/startercultures.eu\/de\/product\/wurstwaren-und-charcuterie-de\/online-englischsprachiger-trocken-cured-wurstwaren-workshop\/","og_locale":"de_DE","og_type":"article","og_title":"Englischsprachiger Online-Workshop zur Herstellung eigener, getrockneter, cured Wurstwaren - Startercultures.eu","og_description":"Suchen Sie einen Online-Workshop zur Herstellung von Wurstwaren? In diesem englischsprachigen Workshop lernen Sie in 2 Stunden die Theorie und Praxis.","og_url":"https:\/\/startercultures.eu\/de\/product\/wurstwaren-und-charcuterie-de\/online-englischsprachiger-trocken-cured-wurstwaren-workshop\/","og_site_name":"Startercultures.eu","article_publisher":"https:\/\/www.facebook.com\/startercultureseu","article_modified_time":"2024-07-06T07:38:03+00:00","og_image":[{"width":450,"height":452,"url":"https:\/\/startercultures.eu\/wp-content\/uploads\/2020\/12\/workshop-charcuterie-450.png","type":"image\/png"}],"twitter_card":"summary_large_image","twitter_misc":{"Price":"14,99","Availability":"Vorr\u00e4tig"},"schema":{"@context":"https:\/\/schema.org","@graph":[{"@type":"WebPage","@id":"https:\/\/startercultures.eu\/de\/product\/wurstwaren-und-charcuterie-de\/online-englischsprachiger-trocken-cured-wurstwaren-workshop\/","url":"https:\/\/startercultures.eu\/de\/product\/wurstwaren-und-charcuterie-de\/online-englischsprachiger-trocken-cured-wurstwaren-workshop\/","name":"Englischsprachiger Online-Workshop zur Herstellung eigener, getrockneter, cured Wurstwaren - Startercultures.eu","isPartOf":{"@id":"https:\/\/startercultures.eu\/de\/#website"},"primaryImageOfPage":{"@id":"https:\/\/startercultures.eu\/de\/product\/wurstwaren-und-charcuterie-de\/online-englischsprachiger-trocken-cured-wurstwaren-workshop\/#primaryimage"},"image":{"@id":"https:\/\/startercultures.eu\/de\/product\/wurstwaren-und-charcuterie-de\/online-englischsprachiger-trocken-cured-wurstwaren-workshop\/#primaryimage"},"thumbnailUrl":"https:\/\/startercultures.eu\/wp-content\/uploads\/2020\/12\/CHARCUTERIE-COURSE.png","datePublished":"2020-12-27T16:17:32+00:00","dateModified":"2024-07-06T07:38:03+00:00","description":"Suchen Sie einen Online-Workshop zur Herstellung von Wurstwaren? In diesem englischsprachigen Workshop lernen Sie in 2 Stunden die Theorie und Praxis.","breadcrumb":{"@id":"https:\/\/startercultures.eu\/de\/product\/wurstwaren-und-charcuterie-de\/online-englischsprachiger-trocken-cured-wurstwaren-workshop\/#breadcrumb"},"inLanguage":"de-DE","potentialAction":[{"@type":"ReadAction","target":["https:\/\/startercultures.eu\/de\/product\/wurstwaren-und-charcuterie-de\/online-englischsprachiger-trocken-cured-wurstwaren-workshop\/"]}]},{"@type":"ImageObject","inLanguage":"de-DE","@id":"https:\/\/startercultures.eu\/de\/product\/wurstwaren-und-charcuterie-de\/online-englischsprachiger-trocken-cured-wurstwaren-workshop\/#primaryimage","url":"https:\/\/startercultures.eu\/wp-content\/uploads\/2020\/12\/CHARCUTERIE-COURSE.png","contentUrl":"https:\/\/startercultures.eu\/wp-content\/uploads\/2020\/12\/CHARCUTERIE-COURSE.png","width":1000,"height":1000},{"@type":"BreadcrumbList","@id":"https:\/\/startercultures.eu\/de\/product\/wurstwaren-und-charcuterie-de\/online-englischsprachiger-trocken-cured-wurstwaren-workshop\/#breadcrumb","itemListElement":[{"@type":"ListItem","position":1,"name":"Home","item":"https:\/\/startercultures.eu\/de\/"},{"@type":"ListItem","position":2,"name":"Shop","item":"https:\/\/startercultures.eu\/shop\/"},{"@type":"ListItem","position":3,"name":"Englischsprachiger Online-Workshop zur Herstellung eigener, getrockneter, cured Wurstwaren"}]},{"@type":"WebSite","@id":"https:\/\/startercultures.eu\/de\/#website","url":"https:\/\/startercultures.eu\/de\/","name":"Startercultures.eu","description":"Startercultures.eu","publisher":{"@id":"https:\/\/startercultures.eu\/de\/#organization"},"potentialAction":[{"@type":"SearchAction","target":{"@type":"EntryPoint","urlTemplate":"https:\/\/startercultures.eu\/de\/?s={search_term_string}"},"query-input":{"@type":"PropertyValueSpecification","valueRequired":true,"valueName":"search_term_string"}}],"inLanguage":"de-DE"},{"@type":"Organization","@id":"https:\/\/startercultures.eu\/de\/#organization","name":"Startercultures.eu","url":"https:\/\/startercultures.eu\/de\/","logo":{"@type":"ImageObject","inLanguage":"de-DE","@id":"https:\/\/startercultures.eu\/de\/#\/schema\/logo\/image\/","url":"https:\/\/startercultures.eu\/wp-content\/uploads\/2020\/08\/startercultures-eu-nl-logo-rond-rgb.png","contentUrl":"https:\/\/startercultures.eu\/wp-content\/uploads\/2020\/08\/startercultures-eu-nl-logo-rond-rgb.png","width":320,"height":320,"caption":"Startercultures.eu"},"image":{"@id":"https:\/\/startercultures.eu\/de\/#\/schema\/logo\/image\/"},"sameAs":["https:\/\/www.facebook.com\/startercultureseu","https:\/\/www.instagram.com\/startercultures.eu\/"]}]},"product_price_amount":"14.99","product_price_currency":"EUR","og_availability":"instock","product_availability":"instock","product_retailer_item_id":"340","product_condition":"new"},"_links":{"self":[{"href":"https:\/\/startercultures.eu\/de\/wp-json\/wp\/v2\/product\/25040","targetHints":{"allow":["GET"]}}],"collection":[{"href":"https:\/\/startercultures.eu\/de\/wp-json\/wp\/v2\/product"}],"about":[{"href":"https:\/\/startercultures.eu\/de\/wp-json\/wp\/v2\/types\/product"}],"replies":[{"embeddable":true,"href":"https:\/\/startercultures.eu\/de\/wp-json\/wp\/v2\/comments?post=25040"}],"version-history":[{"count":0,"href":"https:\/\/startercultures.eu\/de\/wp-json\/wp\/v2\/product\/25040\/revisions"}],"wp:featuredmedia":[{"embeddable":true,"href":"https:\/\/startercultures.eu\/de\/wp-json\/wp\/v2\/media\/75153"}],"wp:attachment":[{"href":"https:\/\/startercultures.eu\/de\/wp-json\/wp\/v2\/media?parent=25040"}],"wp:term":[{"taxonomy":"product_brand","embeddable":true,"href":"https:\/\/startercultures.eu\/de\/wp-json\/wp\/v2\/product_brand?post=25040"},{"taxonomy":"product_cat","embeddable":true,"href":"https:\/\/startercultures.eu\/de\/wp-json\/wp\/v2\/product_cat?post=25040"},{"taxonomy":"product_tag","embeddable":true,"href":"https:\/\/startercultures.eu\/de\/wp-json\/wp\/v2\/product_tag?post=25040"}],"curies":[{"name":"wp","href":"https:\/\/api.w.org\/{rel}","templated":true}]}}