{"id":25054,"date":"2020-07-31T16:39:39","date_gmt":"2020-07-31T14:39:39","guid":{"rendered":"https:\/\/startercultures.eu\/product\/unkategorisiert\/echtes-tierisches-lab-fuer-die-kaeseherstellung\/"},"modified":"2026-04-10T15:33:23","modified_gmt":"2026-04-10T13:33:23","slug":"tierisches-lab","status":"publish","type":"product","link":"https:\/\/startercultures.eu\/de\/product\/fermentation-de\/molkerei\/kase\/tierisches-lab\/","title":{"rendered":"Lab | echtes tierisches f\u00fcr K\u00e4seherstellung"},"content":{"rendered":"<h3>Was ist Lab?<\/h3>\n<p>Lab ist ein Komplex von Verdauungsenzymen, der dazu dient, dem K\u00e4se seine feste Struktur zu verleihen (Gerinnung). Es ist als Fl\u00fcssigkeit oder Pulver erh\u00e4ltlich und kann tierischen, mikrobiellen oder pflanzlichen Ursprungs sein. Tierisches wird bei weitem am h\u00e4ufigsten f\u00fcr K\u00e4se verwendet und gilt im Allgemeinen als \u00fcberlegen. Dieser Typ stammt aus dem vierten Kuhmagen: dem Labmagen. In diesem Magen befindet sich das eiwei\u00dfspaltende Enzym Chymosin. Dieses Enzym findet sich nur im Labmagen von K\u00e4lbern.<\/p>\n<h3>Wie funktioniert Lab?<\/h3>\n<p>Ohne gibt es keinen K\u00e4se. Es ist ein Bindemittel, das die Milch zum Gerinnen bringt. In der Biotechnologie wird es auch als Koagulationsmittel bezeichnet. Die festen Bestandteile werden schlie\u00dflich zum K\u00e4se, wenn Sie die Fl\u00fcssigkeit (die Molke) abgie\u00dfen.<\/p>\n<h3>Warum von einem Tier?<\/h3>\n<ul>\n<li>Obwohl gegen mikrobielles nichts einzuwenden ist, geht bei der K\u00e4seherstellung nichts \u00fcber das echte Lab.<\/li>\n<li>Sehr leistungsstark, man braucht nur sehr wenig davon<\/li>\n<li>Bei der Herstellung einiger K\u00e4sesorten, wie z. B. Bauernk\u00e4se, ist die Verwendung obligatorisch.<\/li>\n<\/ul>\n<h3>Inhalt<\/h3>\n<ul>\n<li>50 ml nat\u00fcrliches tierisches Lab (ausreichend f\u00fcr 250 Liter Milch) (neue Flasche: doppelte Menge!)<\/li>\n<li>Zusammensetzung: Chymosin: 80% Pepsin: 20%<\/li>\n<li>St\u00e4rke: 1:18.000<\/li>\n<li>215 IMCU<\/li>\n<\/ul>\n<h3>Dosierung Lab<\/h3>\n<ul>\n<li>2 ml (0r 30 Tropfen) f\u00fcr 10 l Milch<\/li>\n<\/ul>\n<h3>Anweisungen zur Lagerung<\/h3>\n<p>Im K\u00fchlschrank aufbewahren; es hat ein notorisch kurzes Mindesthaltbarkeitsdatum. Danach funktioniert es aber ebenfalls einwandfrei. Machen Sie sich keine Sorgen.<\/p>\n<h3>Alternative Verwendung<\/h3>\n<p>Kann auch zur Herstellung von H\u00fcttenk\u00e4se, Frischk\u00e4se oder Quark verwendet werden, da es sich um ein joghurt\u00e4hnliches Produkt mit einem winzigen Zusatz von Lab handelt.<\/p>\n<h3>Online-Workshop &#8220;Veganen K\u00e4se zu Hause herstellen&#8221; (mit Untertiteln)<\/h3>\n<p>In <a href=\"https:\/\/startercultures.eu\/de\/product\/vegan-de\/vegane-milchprodukte\/online-englisch-untertitelt-veganer-kase-workshop\/\" target=\"_blank\" rel=\"noopener\">diesem Workshop mit englischen Untertiteln<\/a> lernen Sie die Theorie und Praxis der Herstellung von veganem K\u00e4se<img decoding=\"async\" class=\"lazyload  wp-image-14954 alignright\" src=\"https:\/\/startercultures.eu\/wp-content\/uploads\/2021\/06\/Vegan-cheese-starter-kit-300x222.png\" data-orig-src=\"https:\/\/startercultures.eu\/wp-content\/uploads\/2021\/06\/Vegan-cheese-starter-kit-300x222.png\" alt=\"Veganes Blauschimmelk\u00e4se Starterkultur Kit\" width=\"219\" height=\"162\" srcset=\"data:image\/svg+xml,%3Csvg%20xmlns%3D%27http%3A%2F%2Fwww.w3.org%2F2000%2Fsvg%27%20width%3D%27219%27%20height%3D%27162%27%20viewBox%3D%270%200%20219%20162%27%3E%3Crect%20width%3D%27219%27%20height%3D%27162%27%20fill-opacity%3D%220%22%2F%3E%3C%2Fsvg%3E\" data-srcset=\"https:\/\/startercultures.eu\/wp-content\/uploads\/2021\/06\/Vegan-cheese-starter-kit-200x148.png 200w, https:\/\/startercultures.eu\/wp-content\/uploads\/2021\/06\/Vegan-cheese-starter-kit-300x222.png 300w, https:\/\/startercultures.eu\/wp-content\/uploads\/2021\/06\/Vegan-cheese-starter-kit-400x296.png 400w, https:\/\/startercultures.eu\/wp-content\/uploads\/2021\/06\/Vegan-cheese-starter-kit-500x370.png 500w, https:\/\/startercultures.eu\/wp-content\/uploads\/2021\/06\/Vegan-cheese-starter-kit-600x445.png 600w, https:\/\/startercultures.eu\/wp-content\/uploads\/2021\/06\/Vegan-cheese-starter-kit-700x519.png 700w, https:\/\/startercultures.eu\/wp-content\/uploads\/2021\/06\/Vegan-cheese-starter-kit-768x569.png 768w, https:\/\/startercultures.eu\/wp-content\/uploads\/2021\/06\/Vegan-cheese-starter-kit-800x593.png 800w, https:\/\/startercultures.eu\/wp-content\/uploads\/2021\/06\/Vegan-cheese-starter-kit-1024x759.png 1024w, https:\/\/startercultures.eu\/wp-content\/uploads\/2021\/06\/Vegan-cheese-starter-kit.png 1200w\" data-sizes=\"auto\" data-orig-sizes=\"(max-width: 219px) 100vw, 219px\" \/>s zu Hause, wobei der Schwerpunkt auf veganem Camembert und veganem Blauschimmelk\u00e4se liegt. Foodwriter<a href=\"https:\/\/wateetons.com\/\" target=\"_blank\" rel=\"noopener\">&#8216;Meneer Wateetons&#8217;<\/a>, Autor mehrerer B\u00fccher \u00fcber Fermentierung und alternative Lebensmittelzubereitungstechniken, wird Ihnen alles \u00fcber Fermentierung, P\u00f6kelsalze, Lebensmittelsicherheit, <a href=\"https:\/\/en.wikipedia.org\/wiki\/PH\" target=\"_blank\" rel=\"noopener\">pH-Wert<\/a>, Starterkulturen, Schimmelpilze und Trocknungsbedingungen beibringen. Klicken Sie <a href=\"https:\/\/startercultures.eu\/de\/product\/vegan-de\/vegane-milchprodukte\/online-englisch-untertitelt-veganer-kase-workshop\/\" target=\"_blank\" rel=\"noopener\">hier<\/a> f\u00fcr weitere Informationen.<\/p>\n","protected":false},"excerpt":{"rendered":"<p>Obwohl gegen mikrobielles Lab nichts einzuwenden ist, geht nichts \u00fcber echtes tierisches Lab bei der K\u00e4seherstellung. Neu, jetzt in der 50 ml Flasche. Doppelt so gro\u00df. <b><i>| SALE (best before 6-26)<\/i><\/b><\/p>\n","protected":false},"featured_media":26927,"comment_status":"open","ping_status":"closed","template":"","meta":{"_acf_changed":false,"footnotes":""},"product_brand":[],"product_cat":[646,654,647],"product_tag":[],"class_list":{"0":"post-25054","1":"product","2":"type-product","3":"status-publish","4":"has-post-thumbnail","6":"product_cat-kase","7":"product_cat-outlet","8":"product_cat-starterkulturen","9":"product_shipping_class-klein-pakket-de","10":"pa_ean-5420069901748-de","12":"first","13":"instock","14":"sale","15":"taxable","16":"shipping-taxable","17":"purchasable","18":"product-type-simple"},"acf":[],"yoast_head":"<!-- This site is optimized with the Yoast SEO plugin v26.6 - https:\/\/yoast.com\/wordpress\/plugins\/seo\/ -->\n<title>Lab | echtes tierisches f\u00fcr K\u00e4seherstellung - Startercultures.eu<\/title>\n<meta name=\"description\" content=\"Obwohl gegen mikrobielles Lab nichts einzuwenden ist, geht nichts \u00fcber echtes tierisches Lab bei der K\u00e4seherstellung. Sie erhalten es hier\" \/>\n<meta name=\"robots\" content=\"index, follow, max-snippet:-1, max-image-preview:large, max-video-preview:-1\" \/>\n<link rel=\"canonical\" href=\"https:\/\/startercultures.eu\/de\/product\/fermentation-de\/molkerei\/kase\/tierisches-lab\/\" \/>\n<meta property=\"og:locale\" content=\"de_DE\" \/>\n<meta property=\"og:type\" content=\"article\" \/>\n<meta property=\"og:title\" content=\"Lab | echtes tierisches f\u00fcr K\u00e4seherstellung - Startercultures.eu\" \/>\n<meta property=\"og:description\" content=\"Obwohl gegen mikrobielles Lab nichts einzuwenden ist, geht nichts \u00fcber echtes tierisches Lab bei der K\u00e4seherstellung. Sie erhalten es hier\" \/>\n<meta property=\"og:url\" content=\"https:\/\/startercultures.eu\/de\/product\/fermentation-de\/molkerei\/kase\/tierisches-lab\/\" \/>\n<meta property=\"og:site_name\" content=\"Startercultures.eu\" \/>\n<meta property=\"article:publisher\" content=\"https:\/\/www.facebook.com\/startercultureseu\" \/>\n<meta property=\"article:modified_time\" content=\"2026-04-10T13:33:23+00:00\" \/>\n<meta property=\"og:image\" content=\"https:\/\/startercultures.eu\/wp-content\/uploads\/2020\/07\/animal-rennet-new.png\" \/>\n\t<meta property=\"og:image:width\" content=\"1000\" \/>\n\t<meta property=\"og:image:height\" content=\"1000\" \/>\n\t<meta property=\"og:image:type\" content=\"image\/png\" \/>\n<meta name=\"twitter:card\" content=\"summary_large_image\" \/>\n<meta name=\"twitter:label1\" content=\"Price\" \/>\n\t<meta name=\"twitter:data1\" content=\"5,99\" \/>\n\t<meta name=\"twitter:label2\" content=\"Availability\" \/>\n\t<meta name=\"twitter:data2\" content=\"Vorr\u00e4tig\" \/>\n<script type=\"application\/ld+json\" class=\"yoast-schema-graph\">{\"@context\":\"https:\/\/schema.org\",\"@graph\":[{\"@type\":\"WebPage\",\"@id\":\"https:\/\/startercultures.eu\/de\/product\/fermentation-de\/molkerei\/kase\/tierisches-lab\/\",\"url\":\"https:\/\/startercultures.eu\/de\/product\/fermentation-de\/molkerei\/kase\/tierisches-lab\/\",\"name\":\"Lab | echtes tierisches f\u00fcr K\u00e4seherstellung - Startercultures.eu\",\"isPartOf\":{\"@id\":\"https:\/\/startercultures.eu\/de\/#website\"},\"primaryImageOfPage\":{\"@id\":\"https:\/\/startercultures.eu\/de\/product\/fermentation-de\/molkerei\/kase\/tierisches-lab\/#primaryimage\"},\"image\":{\"@id\":\"https:\/\/startercultures.eu\/de\/product\/fermentation-de\/molkerei\/kase\/tierisches-lab\/#primaryimage\"},\"thumbnailUrl\":\"https:\/\/startercultures.eu\/wp-content\/uploads\/2020\/07\/animal-rennet-new.png\",\"datePublished\":\"2020-07-31T14:39:39+00:00\",\"dateModified\":\"2026-04-10T13:33:23+00:00\",\"description\":\"Obwohl gegen mikrobielles Lab nichts einzuwenden ist, geht nichts \u00fcber echtes tierisches Lab bei der K\u00e4seherstellung. Sie erhalten es hier\",\"breadcrumb\":{\"@id\":\"https:\/\/startercultures.eu\/de\/product\/fermentation-de\/molkerei\/kase\/tierisches-lab\/#breadcrumb\"},\"inLanguage\":\"de-DE\",\"potentialAction\":[{\"@type\":\"ReadAction\",\"target\":[\"https:\/\/startercultures.eu\/de\/product\/fermentation-de\/molkerei\/kase\/tierisches-lab\/\"]}]},{\"@type\":\"ImageObject\",\"inLanguage\":\"de-DE\",\"@id\":\"https:\/\/startercultures.eu\/de\/product\/fermentation-de\/molkerei\/kase\/tierisches-lab\/#primaryimage\",\"url\":\"https:\/\/startercultures.eu\/wp-content\/uploads\/2020\/07\/animal-rennet-new.png\",\"contentUrl\":\"https:\/\/startercultures.eu\/wp-content\/uploads\/2020\/07\/animal-rennet-new.png\",\"width\":1000,\"height\":1000,\"caption\":\"animal rennet\"},{\"@type\":\"BreadcrumbList\",\"@id\":\"https:\/\/startercultures.eu\/de\/product\/fermentation-de\/molkerei\/kase\/tierisches-lab\/#breadcrumb\",\"itemListElement\":[{\"@type\":\"ListItem\",\"position\":1,\"name\":\"Home\",\"item\":\"https:\/\/startercultures.eu\/de\/\"},{\"@type\":\"ListItem\",\"position\":2,\"name\":\"Shop\",\"item\":\"https:\/\/startercultures.eu\/shop\/\"},{\"@type\":\"ListItem\",\"position\":3,\"name\":\"Lab | echtes tierisches f\u00fcr K\u00e4seherstellung\"}]},{\"@type\":\"WebSite\",\"@id\":\"https:\/\/startercultures.eu\/de\/#website\",\"url\":\"https:\/\/startercultures.eu\/de\/\",\"name\":\"Startercultures.eu\",\"description\":\"Startercultures.eu\",\"publisher\":{\"@id\":\"https:\/\/startercultures.eu\/de\/#organization\"},\"potentialAction\":[{\"@type\":\"SearchAction\",\"target\":{\"@type\":\"EntryPoint\",\"urlTemplate\":\"https:\/\/startercultures.eu\/de\/?s={search_term_string}\"},\"query-input\":{\"@type\":\"PropertyValueSpecification\",\"valueRequired\":true,\"valueName\":\"search_term_string\"}}],\"inLanguage\":\"de-DE\"},{\"@type\":\"Organization\",\"@id\":\"https:\/\/startercultures.eu\/de\/#organization\",\"name\":\"Startercultures.eu\",\"url\":\"https:\/\/startercultures.eu\/de\/\",\"logo\":{\"@type\":\"ImageObject\",\"inLanguage\":\"de-DE\",\"@id\":\"https:\/\/startercultures.eu\/de\/#\/schema\/logo\/image\/\",\"url\":\"https:\/\/startercultures.eu\/wp-content\/uploads\/2020\/08\/startercultures-eu-nl-logo-rond-rgb.png\",\"contentUrl\":\"https:\/\/startercultures.eu\/wp-content\/uploads\/2020\/08\/startercultures-eu-nl-logo-rond-rgb.png\",\"width\":320,\"height\":320,\"caption\":\"Startercultures.eu\"},\"image\":{\"@id\":\"https:\/\/startercultures.eu\/de\/#\/schema\/logo\/image\/\"},\"sameAs\":[\"https:\/\/www.facebook.com\/startercultureseu\",\"https:\/\/www.instagram.com\/startercultures.eu\/\"],\"hasMerchantReturnPolicy\":{\"@type\":\"MerchantReturnPolicy\",\"merchantReturnLink\":\"https:\/\/startercultures.eu\/return-policy\/\"}}]}<\/script>\n<meta property=\"product:price:amount\" content=\"5.99\" \/>\n<meta property=\"product:price:currency\" content=\"EUR\" \/>\n<meta property=\"og:availability\" content=\"instock\" \/>\n<meta property=\"product:availability\" content=\"instock\" \/>\n<meta property=\"product:retailer_item_id\" content=\"93\" \/>\n<meta property=\"product:condition\" content=\"new\" \/>\n<!-- \/ Yoast SEO plugin. -->","yoast_head_json":{"title":"Lab | echtes tierisches f\u00fcr K\u00e4seherstellung - Startercultures.eu","description":"Obwohl gegen mikrobielles Lab nichts einzuwenden ist, geht nichts \u00fcber echtes tierisches Lab bei der K\u00e4seherstellung. Sie erhalten es hier","robots":{"index":"index","follow":"follow","max-snippet":"max-snippet:-1","max-image-preview":"max-image-preview:large","max-video-preview":"max-video-preview:-1"},"canonical":"https:\/\/startercultures.eu\/de\/product\/fermentation-de\/molkerei\/kase\/tierisches-lab\/","og_locale":"de_DE","og_type":"article","og_title":"Lab | echtes tierisches f\u00fcr K\u00e4seherstellung - Startercultures.eu","og_description":"Obwohl gegen mikrobielles Lab nichts einzuwenden ist, geht nichts \u00fcber echtes tierisches Lab bei der K\u00e4seherstellung. Sie erhalten es hier","og_url":"https:\/\/startercultures.eu\/de\/product\/fermentation-de\/molkerei\/kase\/tierisches-lab\/","og_site_name":"Startercultures.eu","article_publisher":"https:\/\/www.facebook.com\/startercultureseu","article_modified_time":"2026-04-10T13:33:23+00:00","og_image":[{"width":1000,"height":1000,"url":"https:\/\/startercultures.eu\/wp-content\/uploads\/2020\/07\/animal-rennet-new.png","type":"image\/png"}],"twitter_card":"summary_large_image","twitter_misc":{"Price":"5,99","Availability":"Vorr\u00e4tig"},"schema":{"@context":"https:\/\/schema.org","@graph":[{"@type":"WebPage","@id":"https:\/\/startercultures.eu\/de\/product\/fermentation-de\/molkerei\/kase\/tierisches-lab\/","url":"https:\/\/startercultures.eu\/de\/product\/fermentation-de\/molkerei\/kase\/tierisches-lab\/","name":"Lab | echtes tierisches f\u00fcr K\u00e4seherstellung - Startercultures.eu","isPartOf":{"@id":"https:\/\/startercultures.eu\/de\/#website"},"primaryImageOfPage":{"@id":"https:\/\/startercultures.eu\/de\/product\/fermentation-de\/molkerei\/kase\/tierisches-lab\/#primaryimage"},"image":{"@id":"https:\/\/startercultures.eu\/de\/product\/fermentation-de\/molkerei\/kase\/tierisches-lab\/#primaryimage"},"thumbnailUrl":"https:\/\/startercultures.eu\/wp-content\/uploads\/2020\/07\/animal-rennet-new.png","datePublished":"2020-07-31T14:39:39+00:00","dateModified":"2026-04-10T13:33:23+00:00","description":"Obwohl gegen mikrobielles Lab nichts einzuwenden ist, geht nichts \u00fcber echtes tierisches Lab bei der K\u00e4seherstellung. Sie erhalten es hier","breadcrumb":{"@id":"https:\/\/startercultures.eu\/de\/product\/fermentation-de\/molkerei\/kase\/tierisches-lab\/#breadcrumb"},"inLanguage":"de-DE","potentialAction":[{"@type":"ReadAction","target":["https:\/\/startercultures.eu\/de\/product\/fermentation-de\/molkerei\/kase\/tierisches-lab\/"]}]},{"@type":"ImageObject","inLanguage":"de-DE","@id":"https:\/\/startercultures.eu\/de\/product\/fermentation-de\/molkerei\/kase\/tierisches-lab\/#primaryimage","url":"https:\/\/startercultures.eu\/wp-content\/uploads\/2020\/07\/animal-rennet-new.png","contentUrl":"https:\/\/startercultures.eu\/wp-content\/uploads\/2020\/07\/animal-rennet-new.png","width":1000,"height":1000,"caption":"animal rennet"},{"@type":"BreadcrumbList","@id":"https:\/\/startercultures.eu\/de\/product\/fermentation-de\/molkerei\/kase\/tierisches-lab\/#breadcrumb","itemListElement":[{"@type":"ListItem","position":1,"name":"Home","item":"https:\/\/startercultures.eu\/de\/"},{"@type":"ListItem","position":2,"name":"Shop","item":"https:\/\/startercultures.eu\/shop\/"},{"@type":"ListItem","position":3,"name":"Lab | echtes tierisches f\u00fcr K\u00e4seherstellung"}]},{"@type":"WebSite","@id":"https:\/\/startercultures.eu\/de\/#website","url":"https:\/\/startercultures.eu\/de\/","name":"Startercultures.eu","description":"Startercultures.eu","publisher":{"@id":"https:\/\/startercultures.eu\/de\/#organization"},"potentialAction":[{"@type":"SearchAction","target":{"@type":"EntryPoint","urlTemplate":"https:\/\/startercultures.eu\/de\/?s={search_term_string}"},"query-input":{"@type":"PropertyValueSpecification","valueRequired":true,"valueName":"search_term_string"}}],"inLanguage":"de-DE"},{"@type":"Organization","@id":"https:\/\/startercultures.eu\/de\/#organization","name":"Startercultures.eu","url":"https:\/\/startercultures.eu\/de\/","logo":{"@type":"ImageObject","inLanguage":"de-DE","@id":"https:\/\/startercultures.eu\/de\/#\/schema\/logo\/image\/","url":"https:\/\/startercultures.eu\/wp-content\/uploads\/2020\/08\/startercultures-eu-nl-logo-rond-rgb.png","contentUrl":"https:\/\/startercultures.eu\/wp-content\/uploads\/2020\/08\/startercultures-eu-nl-logo-rond-rgb.png","width":320,"height":320,"caption":"Startercultures.eu"},"image":{"@id":"https:\/\/startercultures.eu\/de\/#\/schema\/logo\/image\/"},"sameAs":["https:\/\/www.facebook.com\/startercultureseu","https:\/\/www.instagram.com\/startercultures.eu\/"],"hasMerchantReturnPolicy":{"@type":"MerchantReturnPolicy","merchantReturnLink":"https:\/\/startercultures.eu\/return-policy\/"}}]},"product_price_amount":"5.99","product_price_currency":"EUR","og_availability":"instock","product_availability":"instock","product_retailer_item_id":"93","product_condition":"new"},"_links":{"self":[{"href":"https:\/\/startercultures.eu\/de\/wp-json\/wp\/v2\/product\/25054","targetHints":{"allow":["GET"]}}],"collection":[{"href":"https:\/\/startercultures.eu\/de\/wp-json\/wp\/v2\/product"}],"about":[{"href":"https:\/\/startercultures.eu\/de\/wp-json\/wp\/v2\/types\/product"}],"replies":[{"embeddable":true,"href":"https:\/\/startercultures.eu\/de\/wp-json\/wp\/v2\/comments?post=25054"}],"version-history":[{"count":6,"href":"https:\/\/startercultures.eu\/de\/wp-json\/wp\/v2\/product\/25054\/revisions"}],"predecessor-version":[{"id":83560,"href":"https:\/\/startercultures.eu\/de\/wp-json\/wp\/v2\/product\/25054\/revisions\/83560"}],"wp:featuredmedia":[{"embeddable":true,"href":"https:\/\/startercultures.eu\/de\/wp-json\/wp\/v2\/media\/26927"}],"wp:attachment":[{"href":"https:\/\/startercultures.eu\/de\/wp-json\/wp\/v2\/media?parent=25054"}],"wp:term":[{"taxonomy":"product_brand","embeddable":true,"href":"https:\/\/startercultures.eu\/de\/wp-json\/wp\/v2\/product_brand?post=25054"},{"taxonomy":"product_cat","embeddable":true,"href":"https:\/\/startercultures.eu\/de\/wp-json\/wp\/v2\/product_cat?post=25054"},{"taxonomy":"product_tag","embeddable":true,"href":"https:\/\/startercultures.eu\/de\/wp-json\/wp\/v2\/product_tag?post=25054"}],"curies":[{"name":"wp","href":"https:\/\/api.w.org\/{rel}","templated":true}]}}