{"id":25055,"date":"2020-07-31T16:39:23","date_gmt":"2020-07-31T16:39:23","guid":{"rendered":"https:\/\/startercultures.eu\/product\/unkategorisiert\/ph-streifen-fuer-die-gaerung\/"},"modified":"2026-03-12T16:33:10","modified_gmt":"2026-03-12T15:33:10","slug":"ph-strips","status":"publish","type":"product","link":"https:\/\/startercultures.eu\/de\/product\/fermentation-de\/molkerei\/joghurt\/ph-strips\/","title":{"rendered":"pH-Streifen | f\u00fcr die G\u00e4rung"},"content":{"rendered":"<h3>Was ist der pH-Wert?<\/h3>\n<p>Der pH-Wert ist ein Ma\u00df f\u00fcr den S\u00e4uregrad einer w\u00e4ssrigen L\u00f6sung. Der pH-Wert einer neutralen w\u00e4ssrigen L\u00f6sung liegt bei etwa 7. Bei Raumtemperatur haben saure L\u00f6sungen einen pH-Wert von weniger als 7 und damit einen hohen S\u00e4uregehalt. Alkalische L\u00f6sungen haben einen pH-Wert von \u00fcber 7 und damit einen geringeren S\u00e4uregehalt.<\/p>\n<h3>\u00dcber den pH-Wert bei der G\u00e4rung<\/h3>\n<p>Die S\u00e4ure spielt bei vielen Formen der G\u00e4rung eine wichtige Rolle. Je niedriger der pH-Wert, desto saurer ist das Produkt. Je s\u00e4urehaltiger Ihr Produkt ist, desto sicherer ist Ihr Produkt. Bei einem pH-Wert unter 4,6 ist Ihr fermentiertes Produkt im Allgemeinen sicher. Allerdings ist es schwierig den genauen pH-Wert zu schmecken, zu sehen oder zu riechen. Aus diesem Grund gibt es pH-Teststreifen.<\/p>\n<h3>Wie verwenden Sie pH-Teststreifen?<\/h3>\n<p>Tauchen Sie den pH-Streifen etwa eine Sekunde lang in die zu messende Fl\u00fcssigkeit und vergleichen Sie die Farbe mit den Kontrollfarben.<\/p>\n<h3>Wof\u00fcr k\u00f6nnen Sie die pH-Streifen f\u00fcr die G\u00e4rung verwenden?<\/h3>\n<p>Einige Beispiele: fermentiertes Gem\u00fcse, Joghurt, Kombucha, Wasserkefir und andere fermentierte Getr\u00e4nke, Essig. Bitte beachten Sie, dass Sie mit diesen Streifen den pH-Wert in halbfesten Produkten wie K\u00e4se oder Wurst nicht richtig messen k\u00f6nnen.<\/p>\n<h3>Inhalt<\/h3>\n<ul>\n<li>100 pH-Streifen zum einmaligen Gebrauch 0,0-7,0<\/li>\n<\/ul>\n<h3 data-fontsize=\"21\" data-lineheight=\"27.3px\">pH-Streifen f\u00fcr die G\u00e4rung kaufen?<\/h3>\n<p>Bestellen Sie Ihre pH-Streifen bei startercultures.eu, dem europ\u00e4ischen Webshop f\u00fcr Ihren gesamten Fermentationsbedarf. Von Meneer Wateetons, dem bekannten niederl\u00e4ndischen G\u00e4rungsexperten und Autor. Bestellen Sie werktags vor 15 Uhr und wir liefern noch am selben Tag. Fragen zur Verwendung von pH-Streifen? Frag Sie in unserem Chat, wir helfen gerne!<\/p>\n<h3>Online-Workshop &#8220;Kimchi herstellen (und anderes Gem\u00fcse fermentieren)<img decoding=\"async\" class=\"lazyload  wp-image-23963 alignright\" src=\"https:\/\/startercultures.eu\/wp-content\/uploads\/2020\/12\/fermentation-450-300x300.png\" data-orig-src=\"https:\/\/startercultures.eu\/wp-content\/uploads\/2020\/12\/fermentation-450-300x300.png\" alt=\"Fermentation workshops\" width=\"131\" height=\"131\" srcset=\"data:image\/svg+xml,%3Csvg%20xmlns%3D%27http%3A%2F%2Fwww.w3.org%2F2000%2Fsvg%27%20width%3D%27131%27%20height%3D%27131%27%20viewBox%3D%270%200%20131%20131%27%3E%3Crect%20width%3D%27131%27%20height%3D%27131%27%20fill-opacity%3D%220%22%2F%3E%3C%2Fsvg%3E\" data-srcset=\"https:\/\/startercultures.eu\/wp-content\/uploads\/2020\/12\/fermentation-450-66x66.png 66w, https:\/\/startercultures.eu\/wp-content\/uploads\/2020\/12\/fermentation-450-70x70.png 70w, https:\/\/startercultures.eu\/wp-content\/uploads\/2020\/12\/fermentation-450-100x100.png 100w, https:\/\/startercultures.eu\/wp-content\/uploads\/2020\/12\/fermentation-450-150x150.png 150w, https:\/\/startercultures.eu\/wp-content\/uploads\/2020\/12\/fermentation-450-200x200.png 200w, https:\/\/startercultures.eu\/wp-content\/uploads\/2020\/12\/fermentation-450-300x300.png 300w, https:\/\/startercultures.eu\/wp-content\/uploads\/2020\/12\/fermentation-450-400x401.png 400w, https:\/\/startercultures.eu\/wp-content\/uploads\/2020\/12\/fermentation-450.png 450w\" data-sizes=\"auto\" data-orig-sizes=\"(max-width: 131px) 100vw, 131px\" \/><\/h3>\n<p>In diesem <a href=\"https:\/\/startercultures.eu\/product\/workshops-2\/online-workshops-fermentation\/online-workshop-how-to-make-kimchi-and-ferment-other-vegetables\/\" target=\"_blank\" rel=\"noopener\">englischsprachigen Workshop<\/a> erfahren Sie alles \u00fcber Kimchi, das beliebte fermentierte Gem\u00fcse. W\u00fcrzig, frisch und unglaublich lecker. Sie werden feststellen, dass dieses Aroma sehr vielseitig ist und dass die Bandbreite der Zubereitungen enorm ist. Es gibt sogar 7-up-Kimchi! In der Zwischenzeit werden Sie auch etwas \u00fcber die G\u00e4rung lernen. Von Foodwriter<a href=\"https:\/\/wateetons.com\/\" target=\"_blank\" rel=\"noopener\">&#8216;Meneer Wateetons&#8217;<\/a>, Autor mehrerer B\u00fccher \u00fcber Fermentation und alternative Lebensmittelzubereitungstechniken, Klicken Sie <a href=\"https:\/\/startercultures.eu\/product\/workshops-2\/online-workshops-fermentation\/online-workshop-how-to-make-kimchi-and-ferment-other-vegetables\/\" target=\"_blank\" rel=\"noopener\">hier<\/a> f\u00fcr weitere Informationen.<\/p>\n<p>&nbsp;<\/p>\n","protected":false},"excerpt":{"rendered":"<p>Die S\u00e4ure spielt bei vielen Formen der G\u00e4rung eine wichtige Rolle. Je niedriger der pH-Wert, desto saurer ist das Produkt. Je s\u00e4urehaltiger Ihr Produkt ist, desto sicherer ist Ihr Produkt. Allerdings ist es bei pH schwierig, genau zu schmecken, zu sehen oder zu riechen. Aus diesem Grund gibt es pH-Teststreifen.<\/p>\n","protected":false},"featured_media":31183,"comment_status":"open","ping_status":"closed","template":"","meta":{"_acf_changed":false,"footnotes":""},"product_brand":[],"product_cat":[727,716,708,675,646,664,665,726,687,680,710,678,662,656,658,659,644,661],"product_tag":[],"class_list":{"0":"post-25055","1":"product","2":"type-product","3":"status-publish","4":"has-post-thumbnail","6":"product_cat-essig","7":"product_cat-gemuse-de","8":"product_cat-gemuse","9":"product_cat-joghurt","10":"product_cat-kase","11":"product_cat-prufer","12":"product_cat-prufung","13":"product_cat-sodas","14":"product_cat-vegane-limonaden","15":"product_cat-vegane-milchprodukte","16":"product_cat-veganer-joghurt","17":"product_cat-veganer-kase","18":"product_cat-werkzeuge-de-5","19":"product_cat-werkzeuge-de","20":"product_cat-werkzeuge-de-2","21":"product_cat-werkzeuge-de-3","22":"product_cat-werkzeuge","23":"product_cat-werkzeuge-de-4","24":"pa_ean-8720297620973-de","26":"first","27":"instock","28":"taxable","29":"shipping-taxable","30":"purchasable","31":"product-type-simple"},"acf":[],"yoast_head":"<!-- This site is optimized with the Yoast SEO plugin v26.6 - https:\/\/yoast.com\/wordpress\/plugins\/seo\/ -->\n<title>pH-Streifen f\u00fcr G\u00e4rung | Startercultures.eu<\/title>\n<meta name=\"description\" content=\"Die S\u00e4ure spielt bei vielen Formen der G\u00e4rung eine wichtige Rolle. Diese pH-Streifen f\u00fcr die G\u00e4rung liegen im Bereich von 0,0-14,0.\" \/>\n<meta name=\"robots\" content=\"index, follow, max-snippet:-1, max-image-preview:large, max-video-preview:-1\" \/>\n<link rel=\"canonical\" href=\"https:\/\/startercultures.eu\/de\/product\/fermentation-de\/molkerei\/joghurt\/ph-strips\/\" \/>\n<meta property=\"og:locale\" content=\"de_DE\" \/>\n<meta property=\"og:type\" content=\"article\" \/>\n<meta property=\"og:title\" content=\"pH-Streifen f\u00fcr G\u00e4rung | Startercultures.eu\" \/>\n<meta property=\"og:description\" content=\"Die S\u00e4ure spielt bei vielen Formen der G\u00e4rung eine wichtige Rolle. Diese pH-Streifen f\u00fcr die G\u00e4rung liegen im Bereich von 0,0-14,0.\" \/>\n<meta property=\"og:url\" content=\"https:\/\/startercultures.eu\/de\/product\/fermentation-de\/molkerei\/joghurt\/ph-strips\/\" \/>\n<meta property=\"og:site_name\" content=\"Startercultures.eu\" \/>\n<meta property=\"article:publisher\" content=\"https:\/\/www.facebook.com\/startercultureseu\" \/>\n<meta property=\"article:modified_time\" content=\"2026-03-12T15:33:10+00:00\" \/>\n<meta property=\"og:image\" content=\"https:\/\/startercultures.eu\/wp-content\/uploads\/2020\/07\/ph-Strips-0-14-1.png\" \/>\n\t<meta property=\"og:image:width\" content=\"1250\" \/>\n\t<meta property=\"og:image:height\" content=\"1250\" \/>\n\t<meta property=\"og:image:type\" content=\"image\/png\" \/>\n<meta name=\"twitter:card\" content=\"summary_large_image\" \/>\n<meta name=\"twitter:label1\" content=\"Price\" \/>\n\t<meta name=\"twitter:data1\" content=\"12,99\" \/>\n\t<meta name=\"twitter:label2\" content=\"Availability\" \/>\n\t<meta name=\"twitter:data2\" content=\"Vorr\u00e4tig\" \/>\n<script type=\"application\/ld+json\" class=\"yoast-schema-graph\">{\"@context\":\"https:\/\/schema.org\",\"@graph\":[{\"@type\":\"WebPage\",\"@id\":\"https:\/\/startercultures.eu\/de\/product\/fermentation-de\/molkerei\/joghurt\/ph-strips\/\",\"url\":\"https:\/\/startercultures.eu\/de\/product\/fermentation-de\/molkerei\/joghurt\/ph-strips\/\",\"name\":\"pH-Streifen f\u00fcr G\u00e4rung | Startercultures.eu\",\"isPartOf\":{\"@id\":\"https:\/\/startercultures.eu\/de\/#website\"},\"primaryImageOfPage\":{\"@id\":\"https:\/\/startercultures.eu\/de\/product\/fermentation-de\/molkerei\/joghurt\/ph-strips\/#primaryimage\"},\"image\":{\"@id\":\"https:\/\/startercultures.eu\/de\/product\/fermentation-de\/molkerei\/joghurt\/ph-strips\/#primaryimage\"},\"thumbnailUrl\":\"https:\/\/startercultures.eu\/wp-content\/uploads\/2020\/07\/ph-Strips-0-14-1.png\",\"datePublished\":\"2020-07-31T16:39:23+00:00\",\"dateModified\":\"2026-03-12T15:33:10+00:00\",\"description\":\"Die S\u00e4ure spielt bei vielen Formen der G\u00e4rung eine wichtige Rolle. Diese pH-Streifen f\u00fcr die G\u00e4rung liegen im Bereich von 0,0-14,0.\",\"breadcrumb\":{\"@id\":\"https:\/\/startercultures.eu\/de\/product\/fermentation-de\/molkerei\/joghurt\/ph-strips\/#breadcrumb\"},\"inLanguage\":\"de-DE\",\"potentialAction\":[{\"@type\":\"ReadAction\",\"target\":[\"https:\/\/startercultures.eu\/de\/product\/fermentation-de\/molkerei\/joghurt\/ph-strips\/\"]}]},{\"@type\":\"ImageObject\",\"inLanguage\":\"de-DE\",\"@id\":\"https:\/\/startercultures.eu\/de\/product\/fermentation-de\/molkerei\/joghurt\/ph-strips\/#primaryimage\",\"url\":\"https:\/\/startercultures.eu\/wp-content\/uploads\/2020\/07\/ph-Strips-0-14-1.png\",\"contentUrl\":\"https:\/\/startercultures.eu\/wp-content\/uploads\/2020\/07\/ph-Strips-0-14-1.png\",\"width\":1250,\"height\":1250,\"caption\":\"ph Strips 0-14\"},{\"@type\":\"BreadcrumbList\",\"@id\":\"https:\/\/startercultures.eu\/de\/product\/fermentation-de\/molkerei\/joghurt\/ph-strips\/#breadcrumb\",\"itemListElement\":[{\"@type\":\"ListItem\",\"position\":1,\"name\":\"Home\",\"item\":\"https:\/\/startercultures.eu\/de\/\"},{\"@type\":\"ListItem\",\"position\":2,\"name\":\"Shop\",\"item\":\"https:\/\/startercultures.eu\/shop\/\"},{\"@type\":\"ListItem\",\"position\":3,\"name\":\"pH-Streifen | f\u00fcr die G\u00e4rung\"}]},{\"@type\":\"WebSite\",\"@id\":\"https:\/\/startercultures.eu\/de\/#website\",\"url\":\"https:\/\/startercultures.eu\/de\/\",\"name\":\"Startercultures.eu\",\"description\":\"Startercultures.eu\",\"publisher\":{\"@id\":\"https:\/\/startercultures.eu\/de\/#organization\"},\"potentialAction\":[{\"@type\":\"SearchAction\",\"target\":{\"@type\":\"EntryPoint\",\"urlTemplate\":\"https:\/\/startercultures.eu\/de\/?s={search_term_string}\"},\"query-input\":{\"@type\":\"PropertyValueSpecification\",\"valueRequired\":true,\"valueName\":\"search_term_string\"}}],\"inLanguage\":\"de-DE\"},{\"@type\":\"Organization\",\"@id\":\"https:\/\/startercultures.eu\/de\/#organization\",\"name\":\"Startercultures.eu\",\"url\":\"https:\/\/startercultures.eu\/de\/\",\"logo\":{\"@type\":\"ImageObject\",\"inLanguage\":\"de-DE\",\"@id\":\"https:\/\/startercultures.eu\/de\/#\/schema\/logo\/image\/\",\"url\":\"https:\/\/startercultures.eu\/wp-content\/uploads\/2020\/08\/startercultures-eu-nl-logo-rond-rgb.png\",\"contentUrl\":\"https:\/\/startercultures.eu\/wp-content\/uploads\/2020\/08\/startercultures-eu-nl-logo-rond-rgb.png\",\"width\":320,\"height\":320,\"caption\":\"Startercultures.eu\"},\"image\":{\"@id\":\"https:\/\/startercultures.eu\/de\/#\/schema\/logo\/image\/\"},\"sameAs\":[\"https:\/\/www.facebook.com\/startercultureseu\",\"https:\/\/www.instagram.com\/startercultures.eu\/\"]}]}<\/script>\n<meta property=\"product:price:amount\" content=\"12.99\" \/>\n<meta property=\"product:price:currency\" content=\"EUR\" \/>\n<meta property=\"og:availability\" content=\"instock\" \/>\n<meta property=\"product:availability\" content=\"instock\" \/>\n<meta property=\"product:retailer_item_id\" content=\"91\" \/>\n<meta property=\"product:condition\" content=\"new\" \/>\n<!-- \/ Yoast SEO plugin. -->","yoast_head_json":{"title":"pH-Streifen f\u00fcr G\u00e4rung | Startercultures.eu","description":"Die S\u00e4ure spielt bei vielen Formen der G\u00e4rung eine wichtige Rolle. Diese pH-Streifen f\u00fcr die G\u00e4rung liegen im Bereich von 0,0-14,0.","robots":{"index":"index","follow":"follow","max-snippet":"max-snippet:-1","max-image-preview":"max-image-preview:large","max-video-preview":"max-video-preview:-1"},"canonical":"https:\/\/startercultures.eu\/de\/product\/fermentation-de\/molkerei\/joghurt\/ph-strips\/","og_locale":"de_DE","og_type":"article","og_title":"pH-Streifen f\u00fcr G\u00e4rung | Startercultures.eu","og_description":"Die S\u00e4ure spielt bei vielen Formen der G\u00e4rung eine wichtige Rolle. Diese pH-Streifen f\u00fcr die G\u00e4rung liegen im Bereich von 0,0-14,0.","og_url":"https:\/\/startercultures.eu\/de\/product\/fermentation-de\/molkerei\/joghurt\/ph-strips\/","og_site_name":"Startercultures.eu","article_publisher":"https:\/\/www.facebook.com\/startercultureseu","article_modified_time":"2026-03-12T15:33:10+00:00","og_image":[{"width":1250,"height":1250,"url":"https:\/\/startercultures.eu\/wp-content\/uploads\/2020\/07\/ph-Strips-0-14-1.png","type":"image\/png"}],"twitter_card":"summary_large_image","twitter_misc":{"Price":"12,99","Availability":"Vorr\u00e4tig"},"schema":{"@context":"https:\/\/schema.org","@graph":[{"@type":"WebPage","@id":"https:\/\/startercultures.eu\/de\/product\/fermentation-de\/molkerei\/joghurt\/ph-strips\/","url":"https:\/\/startercultures.eu\/de\/product\/fermentation-de\/molkerei\/joghurt\/ph-strips\/","name":"pH-Streifen f\u00fcr G\u00e4rung | Startercultures.eu","isPartOf":{"@id":"https:\/\/startercultures.eu\/de\/#website"},"primaryImageOfPage":{"@id":"https:\/\/startercultures.eu\/de\/product\/fermentation-de\/molkerei\/joghurt\/ph-strips\/#primaryimage"},"image":{"@id":"https:\/\/startercultures.eu\/de\/product\/fermentation-de\/molkerei\/joghurt\/ph-strips\/#primaryimage"},"thumbnailUrl":"https:\/\/startercultures.eu\/wp-content\/uploads\/2020\/07\/ph-Strips-0-14-1.png","datePublished":"2020-07-31T16:39:23+00:00","dateModified":"2026-03-12T15:33:10+00:00","description":"Die S\u00e4ure spielt bei vielen Formen der G\u00e4rung eine wichtige Rolle. Diese pH-Streifen f\u00fcr die G\u00e4rung liegen im Bereich von 0,0-14,0.","breadcrumb":{"@id":"https:\/\/startercultures.eu\/de\/product\/fermentation-de\/molkerei\/joghurt\/ph-strips\/#breadcrumb"},"inLanguage":"de-DE","potentialAction":[{"@type":"ReadAction","target":["https:\/\/startercultures.eu\/de\/product\/fermentation-de\/molkerei\/joghurt\/ph-strips\/"]}]},{"@type":"ImageObject","inLanguage":"de-DE","@id":"https:\/\/startercultures.eu\/de\/product\/fermentation-de\/molkerei\/joghurt\/ph-strips\/#primaryimage","url":"https:\/\/startercultures.eu\/wp-content\/uploads\/2020\/07\/ph-Strips-0-14-1.png","contentUrl":"https:\/\/startercultures.eu\/wp-content\/uploads\/2020\/07\/ph-Strips-0-14-1.png","width":1250,"height":1250,"caption":"ph Strips 0-14"},{"@type":"BreadcrumbList","@id":"https:\/\/startercultures.eu\/de\/product\/fermentation-de\/molkerei\/joghurt\/ph-strips\/#breadcrumb","itemListElement":[{"@type":"ListItem","position":1,"name":"Home","item":"https:\/\/startercultures.eu\/de\/"},{"@type":"ListItem","position":2,"name":"Shop","item":"https:\/\/startercultures.eu\/shop\/"},{"@type":"ListItem","position":3,"name":"pH-Streifen | f\u00fcr die G\u00e4rung"}]},{"@type":"WebSite","@id":"https:\/\/startercultures.eu\/de\/#website","url":"https:\/\/startercultures.eu\/de\/","name":"Startercultures.eu","description":"Startercultures.eu","publisher":{"@id":"https:\/\/startercultures.eu\/de\/#organization"},"potentialAction":[{"@type":"SearchAction","target":{"@type":"EntryPoint","urlTemplate":"https:\/\/startercultures.eu\/de\/?s={search_term_string}"},"query-input":{"@type":"PropertyValueSpecification","valueRequired":true,"valueName":"search_term_string"}}],"inLanguage":"de-DE"},{"@type":"Organization","@id":"https:\/\/startercultures.eu\/de\/#organization","name":"Startercultures.eu","url":"https:\/\/startercultures.eu\/de\/","logo":{"@type":"ImageObject","inLanguage":"de-DE","@id":"https:\/\/startercultures.eu\/de\/#\/schema\/logo\/image\/","url":"https:\/\/startercultures.eu\/wp-content\/uploads\/2020\/08\/startercultures-eu-nl-logo-rond-rgb.png","contentUrl":"https:\/\/startercultures.eu\/wp-content\/uploads\/2020\/08\/startercultures-eu-nl-logo-rond-rgb.png","width":320,"height":320,"caption":"Startercultures.eu"},"image":{"@id":"https:\/\/startercultures.eu\/de\/#\/schema\/logo\/image\/"},"sameAs":["https:\/\/www.facebook.com\/startercultureseu","https:\/\/www.instagram.com\/startercultures.eu\/"]}]},"product_price_amount":"12.99","product_price_currency":"EUR","og_availability":"instock","product_availability":"instock","product_retailer_item_id":"91","product_condition":"new"},"_links":{"self":[{"href":"https:\/\/startercultures.eu\/de\/wp-json\/wp\/v2\/product\/25055","targetHints":{"allow":["GET"]}}],"collection":[{"href":"https:\/\/startercultures.eu\/de\/wp-json\/wp\/v2\/product"}],"about":[{"href":"https:\/\/startercultures.eu\/de\/wp-json\/wp\/v2\/types\/product"}],"replies":[{"embeddable":true,"href":"https:\/\/startercultures.eu\/de\/wp-json\/wp\/v2\/comments?post=25055"}],"version-history":[{"count":1,"href":"https:\/\/startercultures.eu\/de\/wp-json\/wp\/v2\/product\/25055\/revisions"}],"predecessor-version":[{"id":60533,"href":"https:\/\/startercultures.eu\/de\/wp-json\/wp\/v2\/product\/25055\/revisions\/60533"}],"wp:featuredmedia":[{"embeddable":true,"href":"https:\/\/startercultures.eu\/de\/wp-json\/wp\/v2\/media\/31183"}],"wp:attachment":[{"href":"https:\/\/startercultures.eu\/de\/wp-json\/wp\/v2\/media?parent=25055"}],"wp:term":[{"taxonomy":"product_brand","embeddable":true,"href":"https:\/\/startercultures.eu\/de\/wp-json\/wp\/v2\/product_brand?post=25055"},{"taxonomy":"product_cat","embeddable":true,"href":"https:\/\/startercultures.eu\/de\/wp-json\/wp\/v2\/product_cat?post=25055"},{"taxonomy":"product_tag","embeddable":true,"href":"https:\/\/startercultures.eu\/de\/wp-json\/wp\/v2\/product_tag?post=25055"}],"curies":[{"name":"wp","href":"https:\/\/api.w.org\/{rel}","templated":true}]}}