{"id":25056,"date":"2020-07-31T16:38:34","date_gmt":"2020-07-31T16:38:34","guid":{"rendered":"https:\/\/startercultures.eu\/product\/unkategorisiert\/schweineblase-fuer-wurstbraet-und-charcuterie\/"},"modified":"2025-12-12T08:05:42","modified_gmt":"2025-12-12T07:05:42","slug":"schweineblase","status":"publish","type":"product","link":"https:\/\/startercultures.eu\/de\/product\/wurstwaren-und-charcuterie-de\/darme\/naturdarme\/schweineblase\/","title":{"rendered":"Schweineblase | f\u00fcr Wurstbr\u00e4t und Wurstwaren"},"content":{"rendered":"<p>Unsere Schweineblase f\u00fcr Wurstwaren<\/p>\n<h3>Was ist eine Schweineblase?<\/h3>\n<p>Eine Schweineblase ist nat\u00fcrlich eine gereinigte und getrocknete Schweineblase.<\/p>\n<h3>Wof\u00fcr verwenden Sie eine Schweineblase?<\/h3>\n<p>Eine Schweineblase ist eine klassische Zutat, die heutzutage nicht mehr oft verwendet wird. Man kann sie mit Hackfleisch f\u00fcllen, um eine Wurst zu machen, oder sie f\u00fcr die &#8220;en vessie&#8221;-Technik verwenden: das Kochen eines gew\u00fcrzten Produkts in der Blase. Dies ist oft ein Huhn oder Stubenk\u00fcken. Diese Technik ist von Paul Bocuse und Anthony Bourdin bekannt.<\/p>\n<p>Aus dem niederl\u00e4ndischen &#8220;Schlachtbesuch&#8221; von Gerhard Kwak<\/p>\n<p style=\"margin-left: 40px;\">Die Schweineblase war ein \u00fcbliches Nebenprodukt der Hausschlachtung. Entlang der \u00f6stlichen Grenze zu Deutschland wurde sie zum Beispiel regelm\u00e4\u00dfig als &#8220;Fass&#8221; zum Schmuggeln von Spirituosen verwendet. Au\u00dferdem konnte man einen sch\u00f6nen nat\u00fcrlichen Deckel herstellen, indem man die feuchte Blase \u00fcber einen K\u00f6lner Topf spannte, der dann sch\u00f6n verschlossen wurde. Nach dem Trocknen war es der perfekte Deckel. Wenn das nicht n\u00f6tig war, wurde die Blase aufgeblasen, zugekn\u00f6pft und getrocknet. Dann hatten die Kinder einen Fu\u00dfball, mit dem sie spielen konnten. Die Blase wurde auch mit getrockneten Erbsen gef\u00fcllt, die eine Art Rassel bildeten. Die Kinder benutzten die Blase oft f\u00fcr die sogenannten &#8220;Blasenschritte&#8221;. Die Blase wurde dann mit einem Seil an das Bein eines Kindes gebunden und die anderen Kinder versuchten, sie zu zerschlagen. Wenn es mit einem gro\u00dfen Knall gelang, war das Kind, das die Blase zerschlagen hatte, der Sieger. &#8220;<\/p>\n<h3>Inhalt<\/h3>\n<ul>\n<li>ein getrockneter Schweineblase oder 5 St\u00fcck mit einem Rabatt von 40 %<\/li>\n<li>Inhalt: etwa 1,2 Liter<\/li>\n<li>\n<p data-pm-slice=\"1 1 []\">Nicht zum Verkauf in den USA und Kanada<\/p>\n<\/li>\n<\/ul>\n<p>Hinweis: Eine getrocknete Blase dehnt sich weniger aus als eine frische Blase. Ein volles Huhn passt nicht in diese Blase, nehmen Sie lieber ein kleineres Stubenk\u00fcken. Wenn Sie ein ganzes Huhn hineinstopfen wollen oder einen Culatello machen m\u00f6chten, sollten Sie sich unsere <a href=\"https:\/\/startercultures.eu\/de\/product\/wurstwaren-und-charcuterie-de\/darme\/naturdarme\/sau-blase\/\">Sauenblase <\/a>oder die riesigen <a href=\"https:\/\/startercultures.eu\/de\/product\/wurstwaren-und-charcuterie-de\/darme\/naturdarme\/rinderblase\/\" target=\"_blank\" rel=\"noopener\">Rinderblasen ansehen!<\/a><\/p>\n<h3>Anleitung<\/h3>\n<ol>\n<li>Weichen Sie die Blase \u00fcber Nacht im K\u00fchlschrank in Wasser ein.<\/li>\n<li>Falls erforderlich, die \u00d6ffnung mit einem Messer erweitern<\/li>\n<li>F\u00fcllen Sie die Blase immer wieder mit lauwarmem Wasser, um sie immer weiter zu dehnen.<\/li>\n<\/ol>\n<p>F\u00fcr die fortgeschrittenen K\u00f6che: Wir haben auch die <a href=\"https:\/\/startercultures.eu\/de\/product\/wurstwaren-und-charcuterie-de\/darme\/naturdarme\/rinderblase\/\" target=\"_blank\" rel=\"noopener\">Rinderblase<\/a>!<\/p>\n<p>F\u00fcr angehende K\u00f6che bieten wir auch kleinere Gr\u00f6\u00dfen an: die <a href=\"https:\/\/startercultures.eu\/de\/product\/wurstwaren-und-charcuterie-de\/darme\/naturdarme\/sau-blase\/\" target=\"_blank\" rel=\"noopener\">Sauenblase<\/a>.<\/p>\n<div class=\"video-shortcode\"><iframe title=\"Chicken in Pork Bladder by Patrick Henriroux\" width=\"1200\" height=\"900\" src=\"https:\/\/www.youtube.com\/embed\/Wdj4GkGEerA?feature=oembed\" frameborder=\"0\" allow=\"accelerometer; autoplay; clipboard-write; encrypted-media; gyroscope; picture-in-picture; web-share\" allowfullscreen><\/iframe><\/div>\n<div class=\"video-shortcode\"><iframe title=\"Rigatoni Cacio e Pepe en Vessie - Lido 84 (ENGLISH SUB)\" width=\"1200\" height=\"675\" src=\"https:\/\/www.youtube.com\/embed\/3Ak8jmRthI0?feature=oembed\" frameborder=\"0\" allow=\"accelerometer; autoplay; clipboard-write; encrypted-media; gyroscope; picture-in-picture; web-share\" allowfullscreen><\/iframe><\/div>\n<h3 data-fontsize=\"21\" data-lineheight=\"27.3px\">Eine Schweineblase kaufen?<\/h3>\n<p>Bestellen Sie Ihre Schweinsblase bei startercultures.eu, dem europ\u00e4ischen Webshop f\u00fcr alle Ihre Bed\u00fcrfnisse in Sachen Fermentation, Wurst und Wurstwaren. Von Meneer Wateetons, renommierter niederl\u00e4ndischer Fermentations- und Fleischexperte und Autor. Bestellen Sie werktags vor 15 Uhr und wir liefern noch am selben Tag. Fragen zur Verwendung? Frag Sie in unserem Chat, wir helfen gerne weiter!<\/p>\n<h3>Online-Workshop zur Wurstherstellung in englischer Sprache<img decoding=\"async\" class=\"lazyload  wp-image-10200 alignright\" src=\"https:\/\/startercultures.eu\/wp-content\/uploads\/2020\/12\/sausage-making-workshop-450-300x300.png\" data-orig-src=\"https:\/\/startercultures.eu\/wp-content\/uploads\/2020\/12\/sausage-making-workshop-450-300x300.png\" alt=\"Lernen Sie, wie Sie zu Hause Trockenwurst herstellen\" width=\"126\" height=\"126\" srcset=\"data:image\/svg+xml,%3Csvg%20xmlns%3D%27http%3A%2F%2Fwww.w3.org%2F2000%2Fsvg%27%20width%3D%27126%27%20height%3D%27126%27%20viewBox%3D%270%200%20126%20126%27%3E%3Crect%20width%3D%27126%27%20height%3D%27126%27%20fill-opacity%3D%220%22%2F%3E%3C%2Fsvg%3E\" data-srcset=\"https:\/\/startercultures.eu\/wp-content\/uploads\/2020\/12\/sausage-making-workshop-450-66x66.png 66w, https:\/\/startercultures.eu\/wp-content\/uploads\/2020\/12\/sausage-making-workshop-450-70x70.png 70w, https:\/\/startercultures.eu\/wp-content\/uploads\/2020\/12\/sausage-making-workshop-450-100x100.png 100w, https:\/\/startercultures.eu\/wp-content\/uploads\/2020\/12\/sausage-making-workshop-450-150x150.png 150w, https:\/\/startercultures.eu\/wp-content\/uploads\/2020\/12\/sausage-making-workshop-450-200x200.png 200w, https:\/\/startercultures.eu\/wp-content\/uploads\/2020\/12\/sausage-making-workshop-450-300x300.png 300w, https:\/\/startercultures.eu\/wp-content\/uploads\/2020\/12\/sausage-making-workshop-450-400x399.png 400w, https:\/\/startercultures.eu\/wp-content\/uploads\/2020\/12\/sausage-making-workshop-450.png 450w\" data-sizes=\"auto\" data-orig-sizes=\"(max-width: 126px) 100vw, 126px\" \/><\/h3>\n<p>In diesem <a href=\"https:\/\/startercultures.eu\/de\/product\/wurstwaren-und-charcuterie-de\/online-wursteherstellung-workshop\/\" target=\"_blank\" rel=\"noopener\">englischsprachigen Online-Workshop<\/a> lernen Sie die Theorie und Praxis der Herstellung von frischen W\u00fcrsten. Welche Fleischsorten eignen sich am besten, wo findet man die Zutaten, was sind die gr\u00f6\u00dften Fallstricke und was kann man mit D\u00e4rmen alles anstellen? Foodwriter<a href=\"https:\/\/wateetons.com\/\" target=\"_blank\" rel=\"noopener\">&#8216;Meneer Wateetons&#8217;<\/a>, Autor mehrerer B\u00fccher \u00fcber Fermentierung und alternative Lebensmittelzubereitungstechniken, wird Ihnen alles \u00fcber Fermentierung, P\u00f6kelsalze, Lebensmittelsicherheit, pH-Wert, Starterkulturen, Schimmelpilze und Trocknungsbedingungen beibringen. Klicken Sie <a href=\"https:\/\/startercultures.eu\/de\/product\/wurstwaren-und-charcuterie-de\/online-wursteherstellung-workshop\/\" target=\"_blank\" rel=\"noopener\">hier<\/a> f\u00fcr weitere Informationen.<\/p>\n","protected":false},"excerpt":{"rendered":"<p>Eine Schweineblase ist eine klassische Zutat, die heutzutage nicht mehr oft verwendet wird. Sie wird f\u00fcr die &#8220;en vessie&#8221;-Technik oder als H\u00fclle f\u00fcr Wurst verwendet.<\/p>\n","protected":false},"featured_media":60478,"comment_status":"open","ping_status":"closed","template":"","meta":{"_acf_changed":false,"footnotes":""},"product_brand":[],"product_cat":[670],"product_tag":[],"class_list":{"0":"post-25056","1":"product","2":"type-product","3":"status-publish","4":"has-post-thumbnail","6":"product_cat-naturdarme","7":"pa_ean-8720297620737-de","8":"pa_ean-8720297621864-de-2","9":"pa_size-1-x-de","10":"pa_size-5-x-de","12":"first","13":"instock","14":"taxable","15":"shipping-taxable","16":"purchasable","17":"product-type-variable","18":"has-default-attributes"},"acf":[],"yoast_head":"<!-- This site is optimized with the Yoast SEO plugin v26.6 - https:\/\/yoast.com\/wordpress\/plugins\/seo\/ -->\n<title>Schweineblase | f\u00fcr Wurstbr\u00e4t und Wurstwaren - Startercultures.eu<\/title>\n<meta name=\"description\" content=\"Eine Schweineblase ist eine klassische Zutat, die heutzutage nicht mehr oft verwendet wird. Sie wird f\u00fcr die &quot;en vessie&quot;-Technik verwendet und kann mit Fleisch gef\u00fcllt werden.\" \/>\n<meta name=\"robots\" content=\"index, follow, max-snippet:-1, max-image-preview:large, max-video-preview:-1\" \/>\n<link rel=\"canonical\" href=\"https:\/\/startercultures.eu\/de\/product\/wurstwaren-und-charcuterie-de\/darme\/naturdarme\/schweineblase\/\" \/>\n<meta property=\"og:locale\" content=\"de_DE\" \/>\n<meta property=\"og:type\" content=\"article\" \/>\n<meta property=\"og:title\" content=\"Schweineblase | f\u00fcr Wurstbr\u00e4t und Wurstwaren - Startercultures.eu\" \/>\n<meta property=\"og:description\" content=\"Eine Schweineblase ist eine klassische Zutat, die heutzutage nicht mehr oft verwendet wird. Sie wird f\u00fcr die &quot;en vessie&quot;-Technik verwendet und kann mit Fleisch gef\u00fcllt werden.\" \/>\n<meta property=\"og:url\" content=\"https:\/\/startercultures.eu\/de\/product\/wurstwaren-und-charcuterie-de\/darme\/naturdarme\/schweineblase\/\" \/>\n<meta property=\"og:site_name\" content=\"Startercultures.eu\" \/>\n<meta property=\"article:publisher\" content=\"https:\/\/www.facebook.com\/startercultureseu\" \/>\n<meta property=\"article:modified_time\" content=\"2025-12-12T07:05:42+00:00\" \/>\n<meta property=\"og:image\" content=\"https:\/\/startercultures.eu\/wp-content\/uploads\/2020\/07\/hog-bladder.png\" \/>\n\t<meta property=\"og:image:width\" content=\"2000\" \/>\n\t<meta property=\"og:image:height\" content=\"2000\" \/>\n\t<meta property=\"og:image:type\" content=\"image\/png\" \/>\n<meta name=\"twitter:card\" content=\"summary_large_image\" \/>\n<meta name=\"twitter:label1\" content=\"Availability\" \/>\n\t<meta name=\"twitter:data1\" content=\"Vorr\u00e4tig\" \/>\n<script type=\"application\/ld+json\" class=\"yoast-schema-graph\">{\"@context\":\"https:\/\/schema.org\",\"@graph\":[{\"@type\":\"WebPage\",\"@id\":\"https:\/\/startercultures.eu\/de\/product\/wurstwaren-und-charcuterie-de\/darme\/naturdarme\/schweineblase\/\",\"url\":\"https:\/\/startercultures.eu\/de\/product\/wurstwaren-und-charcuterie-de\/darme\/naturdarme\/schweineblase\/\",\"name\":\"Schweineblase | f\u00fcr Wurstbr\u00e4t und Wurstwaren - Startercultures.eu\",\"isPartOf\":{\"@id\":\"https:\/\/startercultures.eu\/de\/#website\"},\"primaryImageOfPage\":{\"@id\":\"https:\/\/startercultures.eu\/de\/product\/wurstwaren-und-charcuterie-de\/darme\/naturdarme\/schweineblase\/#primaryimage\"},\"image\":{\"@id\":\"https:\/\/startercultures.eu\/de\/product\/wurstwaren-und-charcuterie-de\/darme\/naturdarme\/schweineblase\/#primaryimage\"},\"thumbnailUrl\":\"https:\/\/startercultures.eu\/wp-content\/uploads\/2020\/07\/hog-bladder.png\",\"datePublished\":\"2020-07-31T16:38:34+00:00\",\"dateModified\":\"2025-12-12T07:05:42+00:00\",\"description\":\"Eine Schweineblase ist eine klassische Zutat, die heutzutage nicht mehr oft verwendet wird. Sie wird f\u00fcr die \\\"en vessie\\\"-Technik verwendet und kann mit Fleisch gef\u00fcllt werden.\",\"breadcrumb\":{\"@id\":\"https:\/\/startercultures.eu\/de\/product\/wurstwaren-und-charcuterie-de\/darme\/naturdarme\/schweineblase\/#breadcrumb\"},\"inLanguage\":\"de-DE\",\"potentialAction\":[{\"@type\":\"ReadAction\",\"target\":[\"https:\/\/startercultures.eu\/de\/product\/wurstwaren-und-charcuterie-de\/darme\/naturdarme\/schweineblase\/\"]}]},{\"@type\":\"ImageObject\",\"inLanguage\":\"de-DE\",\"@id\":\"https:\/\/startercultures.eu\/de\/product\/wurstwaren-und-charcuterie-de\/darme\/naturdarme\/schweineblase\/#primaryimage\",\"url\":\"https:\/\/startercultures.eu\/wp-content\/uploads\/2020\/07\/hog-bladder.png\",\"contentUrl\":\"https:\/\/startercultures.eu\/wp-content\/uploads\/2020\/07\/hog-bladder.png\",\"width\":2000,\"height\":2000},{\"@type\":\"BreadcrumbList\",\"@id\":\"https:\/\/startercultures.eu\/de\/product\/wurstwaren-und-charcuterie-de\/darme\/naturdarme\/schweineblase\/#breadcrumb\",\"itemListElement\":[{\"@type\":\"ListItem\",\"position\":1,\"name\":\"Home\",\"item\":\"https:\/\/startercultures.eu\/de\/\"},{\"@type\":\"ListItem\",\"position\":2,\"name\":\"Shop\",\"item\":\"https:\/\/startercultures.eu\/shop\/\"},{\"@type\":\"ListItem\",\"position\":3,\"name\":\"Schweineblase | f\u00fcr Wurstbr\u00e4t und Wurstwaren\"}]},{\"@type\":\"WebSite\",\"@id\":\"https:\/\/startercultures.eu\/de\/#website\",\"url\":\"https:\/\/startercultures.eu\/de\/\",\"name\":\"Startercultures.eu\",\"description\":\"Startercultures.eu\",\"publisher\":{\"@id\":\"https:\/\/startercultures.eu\/de\/#organization\"},\"potentialAction\":[{\"@type\":\"SearchAction\",\"target\":{\"@type\":\"EntryPoint\",\"urlTemplate\":\"https:\/\/startercultures.eu\/de\/?s={search_term_string}\"},\"query-input\":{\"@type\":\"PropertyValueSpecification\",\"valueRequired\":true,\"valueName\":\"search_term_string\"}}],\"inLanguage\":\"de-DE\"},{\"@type\":\"Organization\",\"@id\":\"https:\/\/startercultures.eu\/de\/#organization\",\"name\":\"Startercultures.eu\",\"url\":\"https:\/\/startercultures.eu\/de\/\",\"logo\":{\"@type\":\"ImageObject\",\"inLanguage\":\"de-DE\",\"@id\":\"https:\/\/startercultures.eu\/de\/#\/schema\/logo\/image\/\",\"url\":\"https:\/\/startercultures.eu\/wp-content\/uploads\/2020\/08\/startercultures-eu-nl-logo-rond-rgb.png\",\"contentUrl\":\"https:\/\/startercultures.eu\/wp-content\/uploads\/2020\/08\/startercultures-eu-nl-logo-rond-rgb.png\",\"width\":320,\"height\":320,\"caption\":\"Startercultures.eu\"},\"image\":{\"@id\":\"https:\/\/startercultures.eu\/de\/#\/schema\/logo\/image\/\"},\"sameAs\":[\"https:\/\/www.facebook.com\/startercultureseu\",\"https:\/\/www.instagram.com\/startercultures.eu\/\"]}]}<\/script>\n<meta property=\"og:availability\" content=\"instock\" \/>\n<meta property=\"product:availability\" content=\"instock\" \/>\n<meta property=\"product:retailer_item_id\" content=\"339\" \/>\n<meta property=\"product:condition\" content=\"new\" \/>\n<!-- \/ Yoast SEO plugin. -->","yoast_head_json":{"title":"Schweineblase | f\u00fcr Wurstbr\u00e4t und Wurstwaren - Startercultures.eu","description":"Eine Schweineblase ist eine klassische Zutat, die heutzutage nicht mehr oft verwendet wird. Sie wird f\u00fcr die \"en vessie\"-Technik verwendet und kann mit Fleisch gef\u00fcllt werden.","robots":{"index":"index","follow":"follow","max-snippet":"max-snippet:-1","max-image-preview":"max-image-preview:large","max-video-preview":"max-video-preview:-1"},"canonical":"https:\/\/startercultures.eu\/de\/product\/wurstwaren-und-charcuterie-de\/darme\/naturdarme\/schweineblase\/","og_locale":"de_DE","og_type":"article","og_title":"Schweineblase | f\u00fcr Wurstbr\u00e4t und Wurstwaren - Startercultures.eu","og_description":"Eine Schweineblase ist eine klassische Zutat, die heutzutage nicht mehr oft verwendet wird. Sie wird f\u00fcr die \"en vessie\"-Technik verwendet und kann mit Fleisch gef\u00fcllt werden.","og_url":"https:\/\/startercultures.eu\/de\/product\/wurstwaren-und-charcuterie-de\/darme\/naturdarme\/schweineblase\/","og_site_name":"Startercultures.eu","article_publisher":"https:\/\/www.facebook.com\/startercultureseu","article_modified_time":"2025-12-12T07:05:42+00:00","og_image":[{"width":2000,"height":2000,"url":"https:\/\/startercultures.eu\/wp-content\/uploads\/2020\/07\/hog-bladder.png","type":"image\/png"}],"twitter_card":"summary_large_image","twitter_misc":{"Availability":"Vorr\u00e4tig"},"schema":{"@context":"https:\/\/schema.org","@graph":[{"@type":"WebPage","@id":"https:\/\/startercultures.eu\/de\/product\/wurstwaren-und-charcuterie-de\/darme\/naturdarme\/schweineblase\/","url":"https:\/\/startercultures.eu\/de\/product\/wurstwaren-und-charcuterie-de\/darme\/naturdarme\/schweineblase\/","name":"Schweineblase | f\u00fcr Wurstbr\u00e4t und Wurstwaren - Startercultures.eu","isPartOf":{"@id":"https:\/\/startercultures.eu\/de\/#website"},"primaryImageOfPage":{"@id":"https:\/\/startercultures.eu\/de\/product\/wurstwaren-und-charcuterie-de\/darme\/naturdarme\/schweineblase\/#primaryimage"},"image":{"@id":"https:\/\/startercultures.eu\/de\/product\/wurstwaren-und-charcuterie-de\/darme\/naturdarme\/schweineblase\/#primaryimage"},"thumbnailUrl":"https:\/\/startercultures.eu\/wp-content\/uploads\/2020\/07\/hog-bladder.png","datePublished":"2020-07-31T16:38:34+00:00","dateModified":"2025-12-12T07:05:42+00:00","description":"Eine Schweineblase ist eine klassische Zutat, die heutzutage nicht mehr oft verwendet wird. Sie wird f\u00fcr die \"en vessie\"-Technik verwendet und kann mit Fleisch gef\u00fcllt werden.","breadcrumb":{"@id":"https:\/\/startercultures.eu\/de\/product\/wurstwaren-und-charcuterie-de\/darme\/naturdarme\/schweineblase\/#breadcrumb"},"inLanguage":"de-DE","potentialAction":[{"@type":"ReadAction","target":["https:\/\/startercultures.eu\/de\/product\/wurstwaren-und-charcuterie-de\/darme\/naturdarme\/schweineblase\/"]}]},{"@type":"ImageObject","inLanguage":"de-DE","@id":"https:\/\/startercultures.eu\/de\/product\/wurstwaren-und-charcuterie-de\/darme\/naturdarme\/schweineblase\/#primaryimage","url":"https:\/\/startercultures.eu\/wp-content\/uploads\/2020\/07\/hog-bladder.png","contentUrl":"https:\/\/startercultures.eu\/wp-content\/uploads\/2020\/07\/hog-bladder.png","width":2000,"height":2000},{"@type":"BreadcrumbList","@id":"https:\/\/startercultures.eu\/de\/product\/wurstwaren-und-charcuterie-de\/darme\/naturdarme\/schweineblase\/#breadcrumb","itemListElement":[{"@type":"ListItem","position":1,"name":"Home","item":"https:\/\/startercultures.eu\/de\/"},{"@type":"ListItem","position":2,"name":"Shop","item":"https:\/\/startercultures.eu\/shop\/"},{"@type":"ListItem","position":3,"name":"Schweineblase | f\u00fcr Wurstbr\u00e4t und Wurstwaren"}]},{"@type":"WebSite","@id":"https:\/\/startercultures.eu\/de\/#website","url":"https:\/\/startercultures.eu\/de\/","name":"Startercultures.eu","description":"Startercultures.eu","publisher":{"@id":"https:\/\/startercultures.eu\/de\/#organization"},"potentialAction":[{"@type":"SearchAction","target":{"@type":"EntryPoint","urlTemplate":"https:\/\/startercultures.eu\/de\/?s={search_term_string}"},"query-input":{"@type":"PropertyValueSpecification","valueRequired":true,"valueName":"search_term_string"}}],"inLanguage":"de-DE"},{"@type":"Organization","@id":"https:\/\/startercultures.eu\/de\/#organization","name":"Startercultures.eu","url":"https:\/\/startercultures.eu\/de\/","logo":{"@type":"ImageObject","inLanguage":"de-DE","@id":"https:\/\/startercultures.eu\/de\/#\/schema\/logo\/image\/","url":"https:\/\/startercultures.eu\/wp-content\/uploads\/2020\/08\/startercultures-eu-nl-logo-rond-rgb.png","contentUrl":"https:\/\/startercultures.eu\/wp-content\/uploads\/2020\/08\/startercultures-eu-nl-logo-rond-rgb.png","width":320,"height":320,"caption":"Startercultures.eu"},"image":{"@id":"https:\/\/startercultures.eu\/de\/#\/schema\/logo\/image\/"},"sameAs":["https:\/\/www.facebook.com\/startercultureseu","https:\/\/www.instagram.com\/startercultures.eu\/"]}]},"og_availability":"instock","product_availability":"instock","product_retailer_item_id":"339","product_condition":"new"},"_links":{"self":[{"href":"https:\/\/startercultures.eu\/de\/wp-json\/wp\/v2\/product\/25056","targetHints":{"allow":["GET"]}}],"collection":[{"href":"https:\/\/startercultures.eu\/de\/wp-json\/wp\/v2\/product"}],"about":[{"href":"https:\/\/startercultures.eu\/de\/wp-json\/wp\/v2\/types\/product"}],"replies":[{"embeddable":true,"href":"https:\/\/startercultures.eu\/de\/wp-json\/wp\/v2\/comments?post=25056"}],"version-history":[{"count":6,"href":"https:\/\/startercultures.eu\/de\/wp-json\/wp\/v2\/product\/25056\/revisions"}],"predecessor-version":[{"id":72028,"href":"https:\/\/startercultures.eu\/de\/wp-json\/wp\/v2\/product\/25056\/revisions\/72028"}],"wp:featuredmedia":[{"embeddable":true,"href":"https:\/\/startercultures.eu\/de\/wp-json\/wp\/v2\/media\/60478"}],"wp:attachment":[{"href":"https:\/\/startercultures.eu\/de\/wp-json\/wp\/v2\/media?parent=25056"}],"wp:term":[{"taxonomy":"product_brand","embeddable":true,"href":"https:\/\/startercultures.eu\/de\/wp-json\/wp\/v2\/product_brand?post=25056"},{"taxonomy":"product_cat","embeddable":true,"href":"https:\/\/startercultures.eu\/de\/wp-json\/wp\/v2\/product_cat?post=25056"},{"taxonomy":"product_tag","embeddable":true,"href":"https:\/\/startercultures.eu\/de\/wp-json\/wp\/v2\/product_tag?post=25056"}],"curies":[{"name":"wp","href":"https:\/\/api.w.org\/{rel}","templated":true}]}}