{"id":25058,"date":"2020-07-31T16:39:09","date_gmt":"2020-07-31T16:39:09","guid":{"rendered":"https:\/\/startercultures.eu\/product\/unkategorisiert\/satz-mit-3-fuellrohren-fuer-fleischwoelfe\/"},"modified":"2024-08-12T17:23:07","modified_gmt":"2024-08-12T15:23:07","slug":"3er-satz-fullrohre-fur-fleischwolfe","status":"publish","type":"product","link":"https:\/\/startercultures.eu\/de\/product\/wurstwaren-und-charcuterie-de\/werkzeuge-de-7\/3er-satz-fullrohre-fur-fleischwolfe\/","title":{"rendered":"Satz mit 3 F\u00fcllrohren | f\u00fcr Fleischw\u00f6lfe"},"content":{"rendered":"<h3>Was ist ein F\u00fcllrohr?<\/h3>\n<p>F\u00fcllrohre sehen aus wie ein 10-15 cm langes Kunststoff- oder Metallrohr. Mit ihnen k\u00f6nnen Sie Ihren Fleischwolf kosteng\u00fcnstig in einen Wurstf\u00fcller umwandeln.<\/p>\n<h3>Inhalt<\/h3>\n<ul>\n<li>ein Satz von 3 F\u00fcllrohren (f\u00fcr verschiedene Geh\u00e4usedurchmesser) f\u00fcr Schleifmaschinen der Gr\u00f6\u00dfe 8. und 10\/12<\/li>\n<li>von der ber\u00fchmten tschechischen Marke Porkert<\/li>\n<\/ul>\n<h3>Woher wei\u00df ich, welche Gr\u00f6\u00dfe mein Fleischwolf hat?<\/h3>\n<p>Die Gr\u00f6\u00dfe Ihres Fleischwolfs wird immer in einer sehr gro\u00dfen Zahl an der Seite angezeigt. Die gebr\u00e4uchlichsten Gr\u00f6\u00dfen sind 5\/8\/10\/12.<\/p>\n<h3>Mein Fleischwolf ist von einer anderen Marke, passt dieses Set trotzdem?<\/h3>\n<p>Ja, alle Gr\u00f6\u00dfen, egal ob 8 oder 10\/12, sind gleich gro\u00df, unabh\u00e4ngig von der Marke.<\/p>\n<h3>Welchen Durchmesser hat das F\u00fcllrohr?<\/h3>\n<p>Der Durchmesser der Seite, die an den Fleischwolf angeschlossen wird, betr\u00e4gt 68 mm (Gr\u00f6\u00dfe 8) bzw. 74 mm (Gr\u00f6\u00dfe 10).<\/p>\n<h3>Wie verwendet man F\u00fcllrohre?<\/h3>\n<ol>\n<li>Nach dem Zerkleinern und Mischen das Messer und die Platte aus dem Fleischwolf nehmen<\/li>\n<li>Ersetzen Sie sie durch das F\u00fcllrohr<\/li>\n<li>Schrauben Sie den Ring wieder auf<\/li>\n<li>Wenn der Schlauch ein wenig locker ist, ist das in Ordnung.<\/li>\n<li>Etwas von dem kalten und gut gemischten Fleisch durch den Fleischwolf drehen, bis es kaum noch aus dem Rohr kommt.<\/li>\n<li>Ziehen Sie eine gut getr\u00e4nkte H\u00fclle \u00fcber das Rohr.<\/li>\n<li>Drehen Sie den Fleischwolf langsam, w\u00e4hrend Sie das Fleisch mit den H\u00e4nden oder einem Stampfer auspressen und gleichzeitig sicherstellen, dass die D\u00e4rme gleichm\u00e4\u00dfig ausgef\u00fcllt werden.<\/li>\n<\/ol>\n<h3 data-fontsize=\"21\" data-lineheight=\"27.3px\">F\u00fcllrohre kaufen?<\/h3>\n<p>Bestellen Sie Ihre F\u00fcllrohre bei startercultures.eu, dem europ\u00e4ischen Webshop f\u00fcr alle Ihre Bed\u00fcrfnisse im Bereich Fermentation, Wurst und Charcuterie. Von Meneer Wateetons, renommierter niederl\u00e4ndischer Fermentations- und Fleischexperte und Autor. Bestellen Sie werktags vor 15 Uhr und wir liefern noch am selben Tag. Fragen zur Verwendung ? Frag Sie in unserem Chat, wir helfen gerne weiter!<\/p>\n<h3>Online-Workshop zur Wurstherstellung in englischer Sprache<img decoding=\"async\" class=\"lazyload  wp-image-23961 alignright\" src=\"https:\/\/startercultures.eu\/wp-content\/uploads\/2020\/12\/sausage-making-workshop-450-300x300.png\" data-orig-src=\"https:\/\/startercultures.eu\/wp-content\/uploads\/2020\/12\/sausage-making-workshop-450-300x300.png\" alt=\"Lernen Sie, wie Sie zu Hause Trockenwurst herstellen\" width=\"126\" height=\"126\" srcset=\"data:image\/svg+xml,%3Csvg%20xmlns%3D%27http%3A%2F%2Fwww.w3.org%2F2000%2Fsvg%27%20width%3D%27126%27%20height%3D%27126%27%20viewBox%3D%270%200%20126%20126%27%3E%3Crect%20width%3D%27126%27%20height%3D%27126%27%20fill-opacity%3D%220%22%2F%3E%3C%2Fsvg%3E\" data-srcset=\"https:\/\/startercultures.eu\/wp-content\/uploads\/2020\/12\/sausage-making-workshop-450-66x66.png 66w, https:\/\/startercultures.eu\/wp-content\/uploads\/2020\/12\/sausage-making-workshop-450-70x70.png 70w, https:\/\/startercultures.eu\/wp-content\/uploads\/2020\/12\/sausage-making-workshop-450-100x100.png 100w, https:\/\/startercultures.eu\/wp-content\/uploads\/2020\/12\/sausage-making-workshop-450-150x150.png 150w, https:\/\/startercultures.eu\/wp-content\/uploads\/2020\/12\/sausage-making-workshop-450-200x200.png 200w, https:\/\/startercultures.eu\/wp-content\/uploads\/2020\/12\/sausage-making-workshop-450-300x300.png 300w, https:\/\/startercultures.eu\/wp-content\/uploads\/2020\/12\/sausage-making-workshop-450-400x399.png 400w, https:\/\/startercultures.eu\/wp-content\/uploads\/2020\/12\/sausage-making-workshop-450.png 450w\" data-sizes=\"auto\" data-orig-sizes=\"(max-width: 126px) 100vw, 126px\" \/><\/h3>\n<p>In diesem <a href=\"https:\/\/startercultures.eu\/product\/sausages-and-charcuterie\/online-sausage-making-workshop\/\" target=\"_blank\" rel=\"noopener\">englischsprachigen Online-Workshop<\/a> lernen Sie die Theorie und Praxis der Herstellung von frischen W\u00fcrsten. Welche Fleischsorten eignen sich am besten, wo findet man die Zutaten, was sind die gr\u00f6\u00dften Fallstricke und was kann man mit D\u00e4rmen alles anstellen? Foodwriter<a href=\"https:\/\/wateetons.com\/\" target=\"_blank\" rel=\"noopener\">&#8216;Meneer Wateetons&#8217;<\/a>, Autor mehrerer B\u00fccher \u00fcber Fermentierung und alternative Lebensmittelzubereitungstechniken, wird Ihnen alles \u00fcber Fermentierung, P\u00f6kelsalze, Lebensmittelsicherheit, pH-Wert, Starterkulturen, Schimmelpilze und Trocknungsbedingungen beibringen. Klicken Sie <a href=\"https:\/\/startercultures.eu\/product\/sausages-and-charcuterie\/online-sausage-making-workshop\/\" target=\"_blank\" rel=\"noopener\">hier<\/a> f\u00fcr weitere Informationen.<\/p>\n","protected":false},"excerpt":{"rendered":"<p>Ein Satz von 3 F\u00fcllrohren f\u00fcr Fleischw\u00f6lfe (f\u00fcr verschiedene Darmdurchmesser). Damit k\u00f6nnen Sie Ihren Fleischwolf kosteng\u00fcnstig in einen Wurstf\u00fcller umwandeln.<\/p>\n","protected":false},"featured_media":24196,"comment_status":"open","ping_status":"closed","template":"","meta":{"_acf_changed":false,"footnotes":""},"product_brand":[],"product_cat":[676,695,673],"product_tag":[],"class_list":{"0":"post-25058","1":"product","2":"type-product","3":"status-publish","4":"has-post-thumbnail","6":"product_cat-fleischwoelfe-und-zubehor-de","7":"product_cat-fuller-de","8":"product_cat-werkzeuge-de-7","9":"pa_ean-8595017390005-de","10":"pa_ean-8595017391002-de","11":"pa_grinder-size-10-12-de","12":"pa_grinder-size-8-de","14":"first","15":"instock","16":"taxable","17":"shipping-taxable","18":"purchasable","19":"product-type-variable","20":"has-default-attributes"},"acf":[],"yoast_head":"<!-- This site is optimized with the Yoast SEO plugin v26.6 - https:\/\/yoast.com\/wordpress\/plugins\/seo\/ -->\n<title>F\u00fcllrohre f\u00fcr Fleischw\u00f6lfe | Startercultures.eu<\/title>\n<meta name=\"description\" content=\"Ein Satz von 3 F\u00fcllrohren f\u00fcr Fleischw\u00f6lfe (f\u00fcr verschiedene Darmdurchmesser), um Ihren Fleischwolf in einen Wurstf\u00fcller zu verwandeln.\" \/>\n<meta name=\"robots\" content=\"index, follow, max-snippet:-1, max-image-preview:large, max-video-preview:-1\" \/>\n<link rel=\"canonical\" href=\"https:\/\/startercultures.eu\/de\/product\/wurstwaren-und-charcuterie-de\/werkzeuge-de-7\/3er-satz-fullrohre-fur-fleischwolfe\/\" \/>\n<meta property=\"og:locale\" content=\"de_DE\" \/>\n<meta property=\"og:type\" content=\"article\" \/>\n<meta property=\"og:title\" content=\"F\u00fcllrohre f\u00fcr Fleischw\u00f6lfe | Startercultures.eu\" \/>\n<meta property=\"og:description\" content=\"Ein Satz von 3 F\u00fcllrohren f\u00fcr Fleischw\u00f6lfe (f\u00fcr verschiedene Darmdurchmesser), um Ihren Fleischwolf in einen Wurstf\u00fcller zu verwandeln.\" \/>\n<meta property=\"og:url\" content=\"https:\/\/startercultures.eu\/de\/product\/wurstwaren-und-charcuterie-de\/werkzeuge-de-7\/3er-satz-fullrohre-fur-fleischwolfe\/\" \/>\n<meta property=\"og:site_name\" content=\"Startercultures.eu\" \/>\n<meta property=\"article:publisher\" content=\"https:\/\/www.facebook.com\/startercultureseu\" \/>\n<meta property=\"article:modified_time\" content=\"2024-08-12T15:23:07+00:00\" \/>\n<meta property=\"og:image\" content=\"https:\/\/startercultures.eu\/wp-content\/uploads\/2020\/07\/Stuffing-tubes.jpg\" \/>\n\t<meta property=\"og:image:width\" content=\"800\" \/>\n\t<meta property=\"og:image:height\" content=\"800\" \/>\n\t<meta property=\"og:image:type\" content=\"image\/jpeg\" \/>\n<meta name=\"twitter:card\" content=\"summary_large_image\" \/>\n<meta name=\"twitter:label1\" content=\"Availability\" \/>\n\t<meta name=\"twitter:data1\" content=\"Vorr\u00e4tig\" \/>\n<script type=\"application\/ld+json\" class=\"yoast-schema-graph\">{\"@context\":\"https:\/\/schema.org\",\"@graph\":[{\"@type\":\"WebPage\",\"@id\":\"https:\/\/startercultures.eu\/de\/product\/wurstwaren-und-charcuterie-de\/werkzeuge-de-7\/3er-satz-fullrohre-fur-fleischwolfe\/\",\"url\":\"https:\/\/startercultures.eu\/de\/product\/wurstwaren-und-charcuterie-de\/werkzeuge-de-7\/3er-satz-fullrohre-fur-fleischwolfe\/\",\"name\":\"F\u00fcllrohre f\u00fcr Fleischw\u00f6lfe | Startercultures.eu\",\"isPartOf\":{\"@id\":\"https:\/\/startercultures.eu\/de\/#website\"},\"primaryImageOfPage\":{\"@id\":\"https:\/\/startercultures.eu\/de\/product\/wurstwaren-und-charcuterie-de\/werkzeuge-de-7\/3er-satz-fullrohre-fur-fleischwolfe\/#primaryimage\"},\"image\":{\"@id\":\"https:\/\/startercultures.eu\/de\/product\/wurstwaren-und-charcuterie-de\/werkzeuge-de-7\/3er-satz-fullrohre-fur-fleischwolfe\/#primaryimage\"},\"thumbnailUrl\":\"https:\/\/startercultures.eu\/wp-content\/uploads\/2020\/07\/Stuffing-tubes.jpg\",\"datePublished\":\"2020-07-31T16:39:09+00:00\",\"dateModified\":\"2024-08-12T15:23:07+00:00\",\"description\":\"Ein Satz von 3 F\u00fcllrohren f\u00fcr Fleischw\u00f6lfe (f\u00fcr verschiedene Darmdurchmesser), um Ihren Fleischwolf in einen Wurstf\u00fcller zu verwandeln.\",\"breadcrumb\":{\"@id\":\"https:\/\/startercultures.eu\/de\/product\/wurstwaren-und-charcuterie-de\/werkzeuge-de-7\/3er-satz-fullrohre-fur-fleischwolfe\/#breadcrumb\"},\"inLanguage\":\"de-DE\",\"potentialAction\":[{\"@type\":\"ReadAction\",\"target\":[\"https:\/\/startercultures.eu\/de\/product\/wurstwaren-und-charcuterie-de\/werkzeuge-de-7\/3er-satz-fullrohre-fur-fleischwolfe\/\"]}]},{\"@type\":\"ImageObject\",\"inLanguage\":\"de-DE\",\"@id\":\"https:\/\/startercultures.eu\/de\/product\/wurstwaren-und-charcuterie-de\/werkzeuge-de-7\/3er-satz-fullrohre-fur-fleischwolfe\/#primaryimage\",\"url\":\"https:\/\/startercultures.eu\/wp-content\/uploads\/2020\/07\/Stuffing-tubes.jpg\",\"contentUrl\":\"https:\/\/startercultures.eu\/wp-content\/uploads\/2020\/07\/Stuffing-tubes.jpg\",\"width\":800,\"height\":800,\"caption\":\"F\u00fcllrohre\"},{\"@type\":\"BreadcrumbList\",\"@id\":\"https:\/\/startercultures.eu\/de\/product\/wurstwaren-und-charcuterie-de\/werkzeuge-de-7\/3er-satz-fullrohre-fur-fleischwolfe\/#breadcrumb\",\"itemListElement\":[{\"@type\":\"ListItem\",\"position\":1,\"name\":\"Home\",\"item\":\"https:\/\/startercultures.eu\/de\/\"},{\"@type\":\"ListItem\",\"position\":2,\"name\":\"Shop\",\"item\":\"https:\/\/startercultures.eu\/shop\/\"},{\"@type\":\"ListItem\",\"position\":3,\"name\":\"Satz mit 3 F\u00fcllrohren | f\u00fcr Fleischw\u00f6lfe\"}]},{\"@type\":\"WebSite\",\"@id\":\"https:\/\/startercultures.eu\/de\/#website\",\"url\":\"https:\/\/startercultures.eu\/de\/\",\"name\":\"Startercultures.eu\",\"description\":\"Startercultures.eu\",\"publisher\":{\"@id\":\"https:\/\/startercultures.eu\/de\/#organization\"},\"potentialAction\":[{\"@type\":\"SearchAction\",\"target\":{\"@type\":\"EntryPoint\",\"urlTemplate\":\"https:\/\/startercultures.eu\/de\/?s={search_term_string}\"},\"query-input\":{\"@type\":\"PropertyValueSpecification\",\"valueRequired\":true,\"valueName\":\"search_term_string\"}}],\"inLanguage\":\"de-DE\"},{\"@type\":\"Organization\",\"@id\":\"https:\/\/startercultures.eu\/de\/#organization\",\"name\":\"Startercultures.eu\",\"url\":\"https:\/\/startercultures.eu\/de\/\",\"logo\":{\"@type\":\"ImageObject\",\"inLanguage\":\"de-DE\",\"@id\":\"https:\/\/startercultures.eu\/de\/#\/schema\/logo\/image\/\",\"url\":\"https:\/\/startercultures.eu\/wp-content\/uploads\/2020\/08\/startercultures-eu-nl-logo-rond-rgb.png\",\"contentUrl\":\"https:\/\/startercultures.eu\/wp-content\/uploads\/2020\/08\/startercultures-eu-nl-logo-rond-rgb.png\",\"width\":320,\"height\":320,\"caption\":\"Startercultures.eu\"},\"image\":{\"@id\":\"https:\/\/startercultures.eu\/de\/#\/schema\/logo\/image\/\"},\"sameAs\":[\"https:\/\/www.facebook.com\/startercultureseu\",\"https:\/\/www.instagram.com\/startercultures.eu\/\"],\"hasMerchantReturnPolicy\":{\"@type\":\"MerchantReturnPolicy\",\"merchantReturnLink\":\"https:\/\/startercultures.eu\/return-policy\/\"}}]}<\/script>\n<meta property=\"og:availability\" content=\"instock\" \/>\n<meta property=\"product:availability\" content=\"instock\" \/>\n<meta property=\"product:retailer_item_id\" content=\"142\" \/>\n<meta property=\"product:condition\" content=\"new\" \/>\n<!-- \/ Yoast SEO plugin. -->","yoast_head_json":{"title":"F\u00fcllrohre f\u00fcr Fleischw\u00f6lfe | Startercultures.eu","description":"Ein Satz von 3 F\u00fcllrohren f\u00fcr Fleischw\u00f6lfe (f\u00fcr verschiedene Darmdurchmesser), um Ihren Fleischwolf in einen Wurstf\u00fcller zu verwandeln.","robots":{"index":"index","follow":"follow","max-snippet":"max-snippet:-1","max-image-preview":"max-image-preview:large","max-video-preview":"max-video-preview:-1"},"canonical":"https:\/\/startercultures.eu\/de\/product\/wurstwaren-und-charcuterie-de\/werkzeuge-de-7\/3er-satz-fullrohre-fur-fleischwolfe\/","og_locale":"de_DE","og_type":"article","og_title":"F\u00fcllrohre f\u00fcr Fleischw\u00f6lfe | Startercultures.eu","og_description":"Ein Satz von 3 F\u00fcllrohren f\u00fcr Fleischw\u00f6lfe (f\u00fcr verschiedene Darmdurchmesser), um Ihren Fleischwolf in einen Wurstf\u00fcller zu verwandeln.","og_url":"https:\/\/startercultures.eu\/de\/product\/wurstwaren-und-charcuterie-de\/werkzeuge-de-7\/3er-satz-fullrohre-fur-fleischwolfe\/","og_site_name":"Startercultures.eu","article_publisher":"https:\/\/www.facebook.com\/startercultureseu","article_modified_time":"2024-08-12T15:23:07+00:00","og_image":[{"width":800,"height":800,"url":"https:\/\/startercultures.eu\/wp-content\/uploads\/2020\/07\/Stuffing-tubes.jpg","type":"image\/jpeg"}],"twitter_card":"summary_large_image","twitter_misc":{"Availability":"Vorr\u00e4tig"},"schema":{"@context":"https:\/\/schema.org","@graph":[{"@type":"WebPage","@id":"https:\/\/startercultures.eu\/de\/product\/wurstwaren-und-charcuterie-de\/werkzeuge-de-7\/3er-satz-fullrohre-fur-fleischwolfe\/","url":"https:\/\/startercultures.eu\/de\/product\/wurstwaren-und-charcuterie-de\/werkzeuge-de-7\/3er-satz-fullrohre-fur-fleischwolfe\/","name":"F\u00fcllrohre f\u00fcr Fleischw\u00f6lfe | Startercultures.eu","isPartOf":{"@id":"https:\/\/startercultures.eu\/de\/#website"},"primaryImageOfPage":{"@id":"https:\/\/startercultures.eu\/de\/product\/wurstwaren-und-charcuterie-de\/werkzeuge-de-7\/3er-satz-fullrohre-fur-fleischwolfe\/#primaryimage"},"image":{"@id":"https:\/\/startercultures.eu\/de\/product\/wurstwaren-und-charcuterie-de\/werkzeuge-de-7\/3er-satz-fullrohre-fur-fleischwolfe\/#primaryimage"},"thumbnailUrl":"https:\/\/startercultures.eu\/wp-content\/uploads\/2020\/07\/Stuffing-tubes.jpg","datePublished":"2020-07-31T16:39:09+00:00","dateModified":"2024-08-12T15:23:07+00:00","description":"Ein Satz von 3 F\u00fcllrohren f\u00fcr Fleischw\u00f6lfe (f\u00fcr verschiedene Darmdurchmesser), um Ihren Fleischwolf in einen Wurstf\u00fcller zu verwandeln.","breadcrumb":{"@id":"https:\/\/startercultures.eu\/de\/product\/wurstwaren-und-charcuterie-de\/werkzeuge-de-7\/3er-satz-fullrohre-fur-fleischwolfe\/#breadcrumb"},"inLanguage":"de-DE","potentialAction":[{"@type":"ReadAction","target":["https:\/\/startercultures.eu\/de\/product\/wurstwaren-und-charcuterie-de\/werkzeuge-de-7\/3er-satz-fullrohre-fur-fleischwolfe\/"]}]},{"@type":"ImageObject","inLanguage":"de-DE","@id":"https:\/\/startercultures.eu\/de\/product\/wurstwaren-und-charcuterie-de\/werkzeuge-de-7\/3er-satz-fullrohre-fur-fleischwolfe\/#primaryimage","url":"https:\/\/startercultures.eu\/wp-content\/uploads\/2020\/07\/Stuffing-tubes.jpg","contentUrl":"https:\/\/startercultures.eu\/wp-content\/uploads\/2020\/07\/Stuffing-tubes.jpg","width":800,"height":800,"caption":"F\u00fcllrohre"},{"@type":"BreadcrumbList","@id":"https:\/\/startercultures.eu\/de\/product\/wurstwaren-und-charcuterie-de\/werkzeuge-de-7\/3er-satz-fullrohre-fur-fleischwolfe\/#breadcrumb","itemListElement":[{"@type":"ListItem","position":1,"name":"Home","item":"https:\/\/startercultures.eu\/de\/"},{"@type":"ListItem","position":2,"name":"Shop","item":"https:\/\/startercultures.eu\/shop\/"},{"@type":"ListItem","position":3,"name":"Satz mit 3 F\u00fcllrohren | f\u00fcr Fleischw\u00f6lfe"}]},{"@type":"WebSite","@id":"https:\/\/startercultures.eu\/de\/#website","url":"https:\/\/startercultures.eu\/de\/","name":"Startercultures.eu","description":"Startercultures.eu","publisher":{"@id":"https:\/\/startercultures.eu\/de\/#organization"},"potentialAction":[{"@type":"SearchAction","target":{"@type":"EntryPoint","urlTemplate":"https:\/\/startercultures.eu\/de\/?s={search_term_string}"},"query-input":{"@type":"PropertyValueSpecification","valueRequired":true,"valueName":"search_term_string"}}],"inLanguage":"de-DE"},{"@type":"Organization","@id":"https:\/\/startercultures.eu\/de\/#organization","name":"Startercultures.eu","url":"https:\/\/startercultures.eu\/de\/","logo":{"@type":"ImageObject","inLanguage":"de-DE","@id":"https:\/\/startercultures.eu\/de\/#\/schema\/logo\/image\/","url":"https:\/\/startercultures.eu\/wp-content\/uploads\/2020\/08\/startercultures-eu-nl-logo-rond-rgb.png","contentUrl":"https:\/\/startercultures.eu\/wp-content\/uploads\/2020\/08\/startercultures-eu-nl-logo-rond-rgb.png","width":320,"height":320,"caption":"Startercultures.eu"},"image":{"@id":"https:\/\/startercultures.eu\/de\/#\/schema\/logo\/image\/"},"sameAs":["https:\/\/www.facebook.com\/startercultureseu","https:\/\/www.instagram.com\/startercultures.eu\/"],"hasMerchantReturnPolicy":{"@type":"MerchantReturnPolicy","merchantReturnLink":"https:\/\/startercultures.eu\/return-policy\/"}}]},"og_availability":"instock","product_availability":"instock","product_retailer_item_id":"142","product_condition":"new"},"_links":{"self":[{"href":"https:\/\/startercultures.eu\/de\/wp-json\/wp\/v2\/product\/25058","targetHints":{"allow":["GET"]}}],"collection":[{"href":"https:\/\/startercultures.eu\/de\/wp-json\/wp\/v2\/product"}],"about":[{"href":"https:\/\/startercultures.eu\/de\/wp-json\/wp\/v2\/types\/product"}],"replies":[{"embeddable":true,"href":"https:\/\/startercultures.eu\/de\/wp-json\/wp\/v2\/comments?post=25058"}],"version-history":[{"count":0,"href":"https:\/\/startercultures.eu\/de\/wp-json\/wp\/v2\/product\/25058\/revisions"}],"wp:featuredmedia":[{"embeddable":true,"href":"https:\/\/startercultures.eu\/de\/wp-json\/wp\/v2\/media\/24196"}],"wp:attachment":[{"href":"https:\/\/startercultures.eu\/de\/wp-json\/wp\/v2\/media?parent=25058"}],"wp:term":[{"taxonomy":"product_brand","embeddable":true,"href":"https:\/\/startercultures.eu\/de\/wp-json\/wp\/v2\/product_brand?post=25058"},{"taxonomy":"product_cat","embeddable":true,"href":"https:\/\/startercultures.eu\/de\/wp-json\/wp\/v2\/product_cat?post=25058"},{"taxonomy":"product_tag","embeddable":true,"href":"https:\/\/startercultures.eu\/de\/wp-json\/wp\/v2\/product_tag?post=25058"}],"curies":[{"name":"wp","href":"https:\/\/api.w.org\/{rel}","templated":true}]}}