{"id":25060,"date":"2020-07-31T16:39:56","date_gmt":"2020-07-31T14:39:56","guid":{"rendered":"https:\/\/startercultures.eu\/product\/unkategorisiert\/mikrobielles-labpulver\/"},"modified":"2026-01-28T13:27:24","modified_gmt":"2026-01-28T12:27:24","slug":"mikrobielles-lab-pulver","status":"publish","type":"product","link":"https:\/\/startercultures.eu\/de\/product\/fermentation-de\/molkerei\/kase\/mikrobielles-lab-pulver\/","title":{"rendered":"Mikrobielles Lab"},"content":{"rendered":"<h3 class=\"ng-star-inserted\"><span class=\"ng-star-inserted\">Was ist Lab?<\/span><\/h3>\n<p class=\"ng-star-inserted\"><span class=\"ng-star-inserted\">Lab ist ein Komplex aus Verdauungsenzymen, der verwendet wird, um K\u00e4se eine feste Struktur zu verleihen (Gerinnung). Lab ist als Fl\u00fcssigkeit oder Pulver erh\u00e4ltlich und kann tierischen, mikrobiellen oder pflanzlichen Ursprungs sein. Mikrobielles Lab ist ein Enzym, das durch die Fermentation einer gereinigten\u00a0<\/span><span class=\"ng-star-inserted\">Rhizomucor miehei<\/span><span class=\"ng-star-inserted\">-Kultur hergestellt wird. Es dient als mikrobielles Gerinnungsmittel in der K\u00e4seherstellung und bietet eine Alternative zu traditionellem tierischem Lab.<\/span><\/p>\n<h3 class=\"ng-star-inserted\"><span class=\"ng-star-inserted\">Ist K\u00e4se immer vegetarisch?<\/span><\/h3>\n<p class=\"ng-star-inserted\"><span class=\"ng-star-inserted\">Nein, viele K\u00e4sesorten verwenden Lab, das aus dem Labmagen von K\u00e4lbern gewonnen wird. Streng genommen ist K\u00e4se daher nicht vegetarisch. Mikroorganismen produzieren jedoch w\u00e4hrend ihres Wachstums verschiedene Substanzen, einschlie\u00dflich eiwei\u00dfspaltender Enzyme, die f\u00fcr die K\u00e4seherstellung ben\u00f6tigt werden. Unser mikrobielles Lab ist ein Enzym, das durch Fermentation der\u00a0<\/span><span class=\"ng-star-inserted\">Rhizomucor miehei<\/span><span class=\"ng-star-inserted\">-Spezies hergestellt wird. Sie k\u00f6nnen also mit unserem mikrobiellen Lab echten vegetarischen K\u00e4se herstellen.<\/span><\/p>\n<h3 class=\"ng-star-inserted\"><span class=\"ng-star-inserted\">Wie wirkt Lab?<\/span><\/h3>\n<p class=\"ng-star-inserted\"><span class=\"ng-star-inserted\">Kein K\u00e4se ohne Lab. Lab ist ein Bindemittel, das die Milch zum Gerinnen bringt. Lab wird in der Biotechnologie auch als Koagulans bezeichnet. Die Feststoffe ergeben schlie\u00dflich K\u00e4se, wenn Sie die Fl\u00fcssigkeit (die Molke) abtropfen lassen.<\/span><\/p>\n<h3 class=\"ng-star-inserted\"><span class=\"ng-star-inserted\">Anwendung und Funktionalit\u00e4t<\/span><\/h3>\n<p class=\"ng-star-inserted\"><span class=\"ng-star-inserted\">Die optimale Verwendung dieses Produkts h\u00e4ngt von Ihrer spezifischen K\u00e4sereitechnologie und den gew\u00fcnschten Eigenschaften des Endk\u00e4ses ab.<\/span><br class=\"ng-star-inserted\" \/><span class=\"ng-star-inserted\">Dieses Lab erf\u00fcllt zwei Hauptfunktionen in der K\u00e4seherstellung:<\/span><\/p>\n<ol class=\"ng-star-inserted\">\n<li class=\"ng-star-inserted\">\n<p class=\"ng-star-inserted\"><strong class=\"ng-star-inserted\"><span class=\"ng-star-inserted\">Milchgerinnung:<\/span><\/strong><span class=\"ng-star-inserted\">\u00a0Hydrolysiert Kappa-Kasein, was zur Milchgerinnung f\u00fchrt.<\/span><\/p>\n<\/li>\n<li class=\"ng-star-inserted\">\n<p class=\"ng-star-inserted\"><strong class=\"ng-star-inserted\"><span class=\"ng-star-inserted\">K\u00e4sereifung:<\/span><\/strong><span class=\"ng-star-inserted\">\u00a0Zeigt proteolytische Aktivit\u00e4t, die zur Geschmacks- und Strukturentwicklung w\u00e4hrend der K\u00e4sereifung beitr\u00e4gt.<\/span><br class=\"ng-star-inserted\" \/><span class=\"ng-star-inserted\">Aktivit\u00e4t: &gt;750 IMCU\/ml (Internationale Einheiten zur Milchgerinnung pro Milliliter)<\/span><\/p>\n<\/li>\n<\/ol>\n<h3 class=\"ng-star-inserted\"><span class=\"ng-star-inserted\">Dosierungsrichtlinien (pro 100 Liter Milch)<\/span><\/h3>\n<p class=\"ng-star-inserted\"><span class=\"ng-star-inserted\">Die folgenden Angaben sind allgemeine Dosierungsempfehlungen. Die tats\u00e4chlichen Mengen k\u00f6nnen variieren:<\/span><\/p>\n<ul>\n<li class=\"ng-star-inserted\"><strong class=\"ng-star-inserted\"><span class=\"ng-star-inserted\">S\u00e4ure-Lab-K\u00e4se:<\/span><\/strong><span class=\"ng-star-inserted\"> 300 &#8211; 900 IMCU (0,4 &#8211; 1,3 ml)<\/span><\/li>\n<li class=\"ng-star-inserted\"><strong class=\"ng-star-inserted\"><span class=\"ng-star-inserted\">Sauermilchk\u00e4se (zur Reifung):<\/span><\/strong><span class=\"ng-star-inserted\"> 1000 &#8211; 1800 IMCU (1,4 &#8211; 2,6 ml)<\/span><\/li>\n<li class=\"ng-star-inserted\"><strong class=\"ng-star-inserted\"><span class=\"ng-star-inserted\">Schnittk\u00e4se:<\/span><\/strong><span class=\"ng-star-inserted\"> 2600 &#8211; 3300 IMCU (3,7 &#8211; 4,7 ml)<\/span><\/li>\n<li class=\"ng-star-inserted\"><strong class=\"ng-star-inserted\"><span class=\"ng-star-inserted\">Stabilisierte halbfeste K\u00e4se:<\/span><\/strong><span class=\"ng-star-inserted\"> 3600 &#8211; 5200 IMCU (5,1 &#8211; 7,4 ml)<\/span><\/li>\n<li class=\"ng-star-inserted\"><strong class=\"ng-star-inserted\"><span class=\"ng-star-inserted\">Gepresste gereifte K\u00e4se:<\/span><\/strong><span class=\"ng-star-inserted\"> 2900 &#8211; 5200 IMCU (4,1 &#8211; 7,4 ml)<\/span><\/li>\n<li class=\"ng-star-inserted\"><strong class=\"ng-star-inserted\"><span class=\"ng-star-inserted\">Cheddar &amp; Schnittk\u00e4se italienischer Art:<\/span><\/strong><span class=\"ng-star-inserted\">\u00a05100 &#8211; 5900 IMCU (7,3 &#8211; 8,4 ml)<\/span><\/li>\n<\/ul>\n<h3 class=\"ng-star-inserted\"><span class=\"ng-star-inserted\">\u00dcber unser mikrobielles Lab, alle Vorteile<\/span><\/h3>\n<p class=\"ng-star-inserted\"><span class=\"ng-star-inserted\">Unser Lab ist mikrobiell, stammt also nicht von Tieren. Es ist zudem vegan.<\/span><\/p>\n<ul>\n<li class=\"ng-star-inserted\"><span class=\"ng-star-inserted\">Extrem wirksam<\/span><\/li>\n<li class=\"ng-star-inserted\">Inklusive Tropfer zur pr\u00e4zisen Dosierung<\/li>\n<li class=\"ng-star-inserted\">Unser Fl\u00fcssiges Mikrobielles Lab 50.000 ist frei von gentechnisch ver\u00e4nderten Organismen (GVO-frei).<\/li>\n<li class=\"ng-star-inserted\">Vegan<\/li>\n<li class=\"ng-star-inserted\">Allergenfrei gem\u00e4\u00df EU-Vorschriften.<\/li>\n<\/ul>\n<p class=\"ng-star-inserted\"><strong class=\"ng-star-inserted\"><span class=\"ng-star-inserted\">Inhalt<\/span><\/strong><\/p>\n<ul>\n<li class=\"ng-star-inserted\"><span class=\"ng-star-inserted\">1 Flasche mit 50 ml fl\u00fcssigem mikrobiellem Lab<\/span><\/li>\n<li class=\"ng-star-inserted\">Sehr wirksam. Ausreichend f\u00fcr Tausende Liter Milch<\/li>\n<li class=\"ng-star-inserted\">Hergestellt in Polen<\/li>\n<\/ul>\n<p class=\"ng-star-inserted\"><strong class=\"ng-star-inserted\"><span class=\"ng-star-inserted\">Lagerung und Handhabung<\/span><\/strong><\/p>\n<ul>\n<li class=\"ng-star-inserted\"><span class=\"ng-star-inserted\">Empfohlene Lagertemperatur: 4\u00b0C bis 8\u00b0C, im K\u00fchlschrank mindestens 18 Monate ab Produktionsdatum haltbar.<\/span><\/li>\n<li class=\"ng-star-inserted\">In der Originalverpackung an einem k\u00fchlen, trockenen und dunklen Ort lagern.<\/li>\n<li class=\"ng-star-inserted\">Transport: Kann bei Raumtemperatur transportiert werden.<\/li>\n<li class=\"ng-star-inserted\">Verwendungszweck: F\u00fcr die Lebensmittelherstellung; nicht f\u00fcr den Einzelhandel.<\/li>\n<\/ul>\n<h3>Online-Workshop &#8220;Veganen K\u00e4se zu Hause herstellen&#8221; (mit Untertiteln)<\/h3>\n<p>In <a href=\"https:\/\/startercultures.eu\/product\/vegan-main\/vegan-dairy\/online-english-subtitled-vegan-cheese-workshop\/\" target=\"_blank\" rel=\"noopener\">diesem Workshop mit englischen Untertiteln<\/a> lernen Sie die Theorie und Praxis der Herstellung von veganem K\u00e4se<img decoding=\"async\" class=\"lazyload  wp-image-14954 alignright\" src=\"https:\/\/startercultures.eu\/wp-content\/uploads\/2021\/06\/Vegan-cheese-starter-kit-300x222.png\" data-orig-src=\"https:\/\/startercultures.eu\/wp-content\/uploads\/2021\/06\/Vegan-cheese-starter-kit-300x222.png\" alt=\"Veganes Blauschimmelk\u00e4se Starterkultur Kit\" width=\"219\" height=\"162\" srcset=\"data:image\/svg+xml,%3Csvg%20xmlns%3D%27http%3A%2F%2Fwww.w3.org%2F2000%2Fsvg%27%20width%3D%27219%27%20height%3D%27162%27%20viewBox%3D%270%200%20219%20162%27%3E%3Crect%20width%3D%27219%27%20height%3D%27162%27%20fill-opacity%3D%220%22%2F%3E%3C%2Fsvg%3E\" data-srcset=\"https:\/\/startercultures.eu\/wp-content\/uploads\/2021\/06\/Vegan-cheese-starter-kit-200x148.png 200w, https:\/\/startercultures.eu\/wp-content\/uploads\/2021\/06\/Vegan-cheese-starter-kit-300x222.png 300w, https:\/\/startercultures.eu\/wp-content\/uploads\/2021\/06\/Vegan-cheese-starter-kit-400x296.png 400w, https:\/\/startercultures.eu\/wp-content\/uploads\/2021\/06\/Vegan-cheese-starter-kit-500x370.png 500w, https:\/\/startercultures.eu\/wp-content\/uploads\/2021\/06\/Vegan-cheese-starter-kit-600x445.png 600w, https:\/\/startercultures.eu\/wp-content\/uploads\/2021\/06\/Vegan-cheese-starter-kit-700x519.png 700w, https:\/\/startercultures.eu\/wp-content\/uploads\/2021\/06\/Vegan-cheese-starter-kit-768x569.png 768w, https:\/\/startercultures.eu\/wp-content\/uploads\/2021\/06\/Vegan-cheese-starter-kit-800x593.png 800w, https:\/\/startercultures.eu\/wp-content\/uploads\/2021\/06\/Vegan-cheese-starter-kit-1024x759.png 1024w, https:\/\/startercultures.eu\/wp-content\/uploads\/2021\/06\/Vegan-cheese-starter-kit.png 1200w\" data-sizes=\"auto\" data-orig-sizes=\"(max-width: 219px) 100vw, 219px\" \/>s zu Hause, wobei der Schwerpunkt auf veganem Camembert und veganem Blauschimmelk\u00e4se liegt. Foodwriter <a href=\"https:\/\/wateetons.com\/\" target=\"_blank\" rel=\"noopener\">&#8216;Meneer Wateetons&#8217;<\/a>, Autor mehrerer B\u00fccher \u00fcber Fermentierung und alternative Lebensmittelzubereitungstechniken, wird Ihnen alles \u00fcber Fermentierung, P\u00f6kelsalze, Lebensmittelsicherheit, <a href=\"https:\/\/en.wikipedia.org\/wiki\/PH\" target=\"_blank\" rel=\"noopener\">pH-Wert<\/a>, Starterkulturen, Schimmelpilze und Trocknungsbedingungen beibringen. Klicken Sie <a href=\"https:\/\/startercultures.eu\/product\/vegan-main\/vegan-dairy\/online-english-subtitled-vegan-cheese-workshop\/\" target=\"_blank\" rel=\"noopener\">hier<\/a> f\u00fcr weitere Informationen.<\/p>\n","protected":false},"excerpt":{"rendered":"<p>Kein K\u00e4se ohne Lab. Lab ist ein Bindemittel, das die Milch zum Gerinnen bringt. Dieses hochwirksame Lab ist mikrobiell, sodass man einen K\u00e4se herstellen kann, der &#8211; im Gegensatz zu den meisten K\u00e4sesorten &#8211; wirklich vegetarisch ist.<\/p>\n","protected":false},"featured_media":27185,"comment_status":"open","ping_status":"closed","template":"","meta":{"_acf_changed":false,"footnotes":""},"product_brand":[],"product_cat":[646,647],"product_tag":[],"class_list":{"0":"post-25060","1":"product","2":"type-product","3":"status-publish","4":"has-post-thumbnail","6":"product_cat-kase","7":"product_cat-starterkulturen","8":"product_shipping_class-klein-pakket-de","9":"pa_ean-5420069805371-de","11":"first","12":"instock","13":"taxable","14":"shipping-taxable","15":"purchasable","16":"product-type-simple"},"acf":[],"yoast_head":"<!-- This site is optimized with the Yoast SEO plugin v26.6 - https:\/\/yoast.com\/wordpress\/plugins\/seo\/ -->\n<title>Mikrobielles Lab - Startercultures.eu<\/title>\n<meta name=\"description\" content=\"Lab ist ein Bindemittel, das die Milch zum Gerinnen bringt. Dieses hochwirksame Lab ist mikrobiell, sodass man K\u00e4se herstellen kann, der wirklich vegetarisch ist.\" \/>\n<meta name=\"robots\" content=\"index, follow, max-snippet:-1, max-image-preview:large, max-video-preview:-1\" \/>\n<link rel=\"canonical\" href=\"https:\/\/startercultures.eu\/de\/product\/fermentation-de\/molkerei\/kase\/mikrobielles-lab-pulver\/\" \/>\n<meta property=\"og:locale\" content=\"de_DE\" \/>\n<meta property=\"og:type\" content=\"article\" \/>\n<meta property=\"og:title\" content=\"Mikrobielles Lab - Startercultures.eu\" \/>\n<meta property=\"og:description\" content=\"Lab ist ein Bindemittel, das die Milch zum Gerinnen bringt. Dieses hochwirksame Lab ist mikrobiell, sodass man K\u00e4se herstellen kann, der wirklich vegetarisch ist.\" \/>\n<meta property=\"og:url\" content=\"https:\/\/startercultures.eu\/de\/product\/fermentation-de\/molkerei\/kase\/mikrobielles-lab-pulver\/\" \/>\n<meta property=\"og:site_name\" content=\"Startercultures.eu\" \/>\n<meta property=\"article:publisher\" content=\"https:\/\/www.facebook.com\/startercultureseu\" \/>\n<meta property=\"article:modified_time\" content=\"2026-01-28T12:27:24+00:00\" \/>\n<meta property=\"og:image\" content=\"https:\/\/startercultures.eu\/wp-content\/uploads\/2020\/07\/microbial-rennet.png\" \/>\n\t<meta property=\"og:image:width\" content=\"1762\" \/>\n\t<meta property=\"og:image:height\" content=\"1815\" \/>\n\t<meta property=\"og:image:type\" content=\"image\/png\" \/>\n<meta name=\"twitter:card\" content=\"summary_large_image\" \/>\n<meta name=\"twitter:label1\" content=\"Price\" \/>\n\t<meta name=\"twitter:data1\" content=\"12,99\" \/>\n\t<meta name=\"twitter:label2\" content=\"Availability\" \/>\n\t<meta name=\"twitter:data2\" content=\"Vorr\u00e4tig\" \/>\n<script type=\"application\/ld+json\" class=\"yoast-schema-graph\">{\"@context\":\"https:\/\/schema.org\",\"@graph\":[{\"@type\":\"WebPage\",\"@id\":\"https:\/\/startercultures.eu\/de\/product\/fermentation-de\/molkerei\/kase\/mikrobielles-lab-pulver\/\",\"url\":\"https:\/\/startercultures.eu\/de\/product\/fermentation-de\/molkerei\/kase\/mikrobielles-lab-pulver\/\",\"name\":\"Mikrobielles Lab - Startercultures.eu\",\"isPartOf\":{\"@id\":\"https:\/\/startercultures.eu\/de\/#website\"},\"primaryImageOfPage\":{\"@id\":\"https:\/\/startercultures.eu\/de\/product\/fermentation-de\/molkerei\/kase\/mikrobielles-lab-pulver\/#primaryimage\"},\"image\":{\"@id\":\"https:\/\/startercultures.eu\/de\/product\/fermentation-de\/molkerei\/kase\/mikrobielles-lab-pulver\/#primaryimage\"},\"thumbnailUrl\":\"https:\/\/startercultures.eu\/wp-content\/uploads\/2020\/07\/microbial-rennet.png\",\"datePublished\":\"2020-07-31T14:39:56+00:00\",\"dateModified\":\"2026-01-28T12:27:24+00:00\",\"description\":\"Lab ist ein Bindemittel, das die Milch zum Gerinnen bringt. Dieses hochwirksame Lab ist mikrobiell, sodass man K\u00e4se herstellen kann, der wirklich vegetarisch ist.\",\"breadcrumb\":{\"@id\":\"https:\/\/startercultures.eu\/de\/product\/fermentation-de\/molkerei\/kase\/mikrobielles-lab-pulver\/#breadcrumb\"},\"inLanguage\":\"de-DE\",\"potentialAction\":[{\"@type\":\"ReadAction\",\"target\":[\"https:\/\/startercultures.eu\/de\/product\/fermentation-de\/molkerei\/kase\/mikrobielles-lab-pulver\/\"]}]},{\"@type\":\"ImageObject\",\"inLanguage\":\"de-DE\",\"@id\":\"https:\/\/startercultures.eu\/de\/product\/fermentation-de\/molkerei\/kase\/mikrobielles-lab-pulver\/#primaryimage\",\"url\":\"https:\/\/startercultures.eu\/wp-content\/uploads\/2020\/07\/microbial-rennet.png\",\"contentUrl\":\"https:\/\/startercultures.eu\/wp-content\/uploads\/2020\/07\/microbial-rennet.png\",\"width\":1762,\"height\":1815,\"caption\":\"microbieel stremsel\"},{\"@type\":\"BreadcrumbList\",\"@id\":\"https:\/\/startercultures.eu\/de\/product\/fermentation-de\/molkerei\/kase\/mikrobielles-lab-pulver\/#breadcrumb\",\"itemListElement\":[{\"@type\":\"ListItem\",\"position\":1,\"name\":\"Home\",\"item\":\"https:\/\/startercultures.eu\/de\/\"},{\"@type\":\"ListItem\",\"position\":2,\"name\":\"Shop\",\"item\":\"https:\/\/startercultures.eu\/shop\/\"},{\"@type\":\"ListItem\",\"position\":3,\"name\":\"Mikrobielles Lab\"}]},{\"@type\":\"WebSite\",\"@id\":\"https:\/\/startercultures.eu\/de\/#website\",\"url\":\"https:\/\/startercultures.eu\/de\/\",\"name\":\"Startercultures.eu\",\"description\":\"Startercultures.eu\",\"publisher\":{\"@id\":\"https:\/\/startercultures.eu\/de\/#organization\"},\"potentialAction\":[{\"@type\":\"SearchAction\",\"target\":{\"@type\":\"EntryPoint\",\"urlTemplate\":\"https:\/\/startercultures.eu\/de\/?s={search_term_string}\"},\"query-input\":{\"@type\":\"PropertyValueSpecification\",\"valueRequired\":true,\"valueName\":\"search_term_string\"}}],\"inLanguage\":\"de-DE\"},{\"@type\":\"Organization\",\"@id\":\"https:\/\/startercultures.eu\/de\/#organization\",\"name\":\"Startercultures.eu\",\"url\":\"https:\/\/startercultures.eu\/de\/\",\"logo\":{\"@type\":\"ImageObject\",\"inLanguage\":\"de-DE\",\"@id\":\"https:\/\/startercultures.eu\/de\/#\/schema\/logo\/image\/\",\"url\":\"https:\/\/startercultures.eu\/wp-content\/uploads\/2020\/08\/startercultures-eu-nl-logo-rond-rgb.png\",\"contentUrl\":\"https:\/\/startercultures.eu\/wp-content\/uploads\/2020\/08\/startercultures-eu-nl-logo-rond-rgb.png\",\"width\":320,\"height\":320,\"caption\":\"Startercultures.eu\"},\"image\":{\"@id\":\"https:\/\/startercultures.eu\/de\/#\/schema\/logo\/image\/\"},\"sameAs\":[\"https:\/\/www.facebook.com\/startercultureseu\",\"https:\/\/www.instagram.com\/startercultures.eu\/\"],\"hasMerchantReturnPolicy\":{\"@type\":\"MerchantReturnPolicy\",\"merchantReturnLink\":\"https:\/\/startercultures.eu\/return-policy\/\"}}]}<\/script>\n<meta property=\"product:price:amount\" content=\"12.99\" \/>\n<meta property=\"product:price:currency\" content=\"EUR\" \/>\n<meta property=\"og:availability\" content=\"instock\" \/>\n<meta property=\"product:availability\" content=\"instock\" \/>\n<meta property=\"product:retailer_item_id\" content=\"74\" \/>\n<meta property=\"product:condition\" content=\"new\" \/>\n<!-- \/ Yoast SEO plugin. -->","yoast_head_json":{"title":"Mikrobielles Lab - Startercultures.eu","description":"Lab ist ein Bindemittel, das die Milch zum Gerinnen bringt. Dieses hochwirksame Lab ist mikrobiell, sodass man K\u00e4se herstellen kann, der wirklich vegetarisch ist.","robots":{"index":"index","follow":"follow","max-snippet":"max-snippet:-1","max-image-preview":"max-image-preview:large","max-video-preview":"max-video-preview:-1"},"canonical":"https:\/\/startercultures.eu\/de\/product\/fermentation-de\/molkerei\/kase\/mikrobielles-lab-pulver\/","og_locale":"de_DE","og_type":"article","og_title":"Mikrobielles Lab - Startercultures.eu","og_description":"Lab ist ein Bindemittel, das die Milch zum Gerinnen bringt. Dieses hochwirksame Lab ist mikrobiell, sodass man K\u00e4se herstellen kann, der wirklich vegetarisch ist.","og_url":"https:\/\/startercultures.eu\/de\/product\/fermentation-de\/molkerei\/kase\/mikrobielles-lab-pulver\/","og_site_name":"Startercultures.eu","article_publisher":"https:\/\/www.facebook.com\/startercultureseu","article_modified_time":"2026-01-28T12:27:24+00:00","og_image":[{"width":1762,"height":1815,"url":"https:\/\/startercultures.eu\/wp-content\/uploads\/2020\/07\/microbial-rennet.png","type":"image\/png"}],"twitter_card":"summary_large_image","twitter_misc":{"Price":"12,99","Availability":"Vorr\u00e4tig"},"schema":{"@context":"https:\/\/schema.org","@graph":[{"@type":"WebPage","@id":"https:\/\/startercultures.eu\/de\/product\/fermentation-de\/molkerei\/kase\/mikrobielles-lab-pulver\/","url":"https:\/\/startercultures.eu\/de\/product\/fermentation-de\/molkerei\/kase\/mikrobielles-lab-pulver\/","name":"Mikrobielles Lab - Startercultures.eu","isPartOf":{"@id":"https:\/\/startercultures.eu\/de\/#website"},"primaryImageOfPage":{"@id":"https:\/\/startercultures.eu\/de\/product\/fermentation-de\/molkerei\/kase\/mikrobielles-lab-pulver\/#primaryimage"},"image":{"@id":"https:\/\/startercultures.eu\/de\/product\/fermentation-de\/molkerei\/kase\/mikrobielles-lab-pulver\/#primaryimage"},"thumbnailUrl":"https:\/\/startercultures.eu\/wp-content\/uploads\/2020\/07\/microbial-rennet.png","datePublished":"2020-07-31T14:39:56+00:00","dateModified":"2026-01-28T12:27:24+00:00","description":"Lab ist ein Bindemittel, das die Milch zum Gerinnen bringt. Dieses hochwirksame Lab ist mikrobiell, sodass man K\u00e4se herstellen kann, der wirklich vegetarisch ist.","breadcrumb":{"@id":"https:\/\/startercultures.eu\/de\/product\/fermentation-de\/molkerei\/kase\/mikrobielles-lab-pulver\/#breadcrumb"},"inLanguage":"de-DE","potentialAction":[{"@type":"ReadAction","target":["https:\/\/startercultures.eu\/de\/product\/fermentation-de\/molkerei\/kase\/mikrobielles-lab-pulver\/"]}]},{"@type":"ImageObject","inLanguage":"de-DE","@id":"https:\/\/startercultures.eu\/de\/product\/fermentation-de\/molkerei\/kase\/mikrobielles-lab-pulver\/#primaryimage","url":"https:\/\/startercultures.eu\/wp-content\/uploads\/2020\/07\/microbial-rennet.png","contentUrl":"https:\/\/startercultures.eu\/wp-content\/uploads\/2020\/07\/microbial-rennet.png","width":1762,"height":1815,"caption":"microbieel stremsel"},{"@type":"BreadcrumbList","@id":"https:\/\/startercultures.eu\/de\/product\/fermentation-de\/molkerei\/kase\/mikrobielles-lab-pulver\/#breadcrumb","itemListElement":[{"@type":"ListItem","position":1,"name":"Home","item":"https:\/\/startercultures.eu\/de\/"},{"@type":"ListItem","position":2,"name":"Shop","item":"https:\/\/startercultures.eu\/shop\/"},{"@type":"ListItem","position":3,"name":"Mikrobielles Lab"}]},{"@type":"WebSite","@id":"https:\/\/startercultures.eu\/de\/#website","url":"https:\/\/startercultures.eu\/de\/","name":"Startercultures.eu","description":"Startercultures.eu","publisher":{"@id":"https:\/\/startercultures.eu\/de\/#organization"},"potentialAction":[{"@type":"SearchAction","target":{"@type":"EntryPoint","urlTemplate":"https:\/\/startercultures.eu\/de\/?s={search_term_string}"},"query-input":{"@type":"PropertyValueSpecification","valueRequired":true,"valueName":"search_term_string"}}],"inLanguage":"de-DE"},{"@type":"Organization","@id":"https:\/\/startercultures.eu\/de\/#organization","name":"Startercultures.eu","url":"https:\/\/startercultures.eu\/de\/","logo":{"@type":"ImageObject","inLanguage":"de-DE","@id":"https:\/\/startercultures.eu\/de\/#\/schema\/logo\/image\/","url":"https:\/\/startercultures.eu\/wp-content\/uploads\/2020\/08\/startercultures-eu-nl-logo-rond-rgb.png","contentUrl":"https:\/\/startercultures.eu\/wp-content\/uploads\/2020\/08\/startercultures-eu-nl-logo-rond-rgb.png","width":320,"height":320,"caption":"Startercultures.eu"},"image":{"@id":"https:\/\/startercultures.eu\/de\/#\/schema\/logo\/image\/"},"sameAs":["https:\/\/www.facebook.com\/startercultureseu","https:\/\/www.instagram.com\/startercultures.eu\/"],"hasMerchantReturnPolicy":{"@type":"MerchantReturnPolicy","merchantReturnLink":"https:\/\/startercultures.eu\/return-policy\/"}}]},"product_price_amount":"12.99","product_price_currency":"EUR","og_availability":"instock","product_availability":"instock","product_retailer_item_id":"74","product_condition":"new"},"_links":{"self":[{"href":"https:\/\/startercultures.eu\/de\/wp-json\/wp\/v2\/product\/25060","targetHints":{"allow":["GET"]}}],"collection":[{"href":"https:\/\/startercultures.eu\/de\/wp-json\/wp\/v2\/product"}],"about":[{"href":"https:\/\/startercultures.eu\/de\/wp-json\/wp\/v2\/types\/product"}],"replies":[{"embeddable":true,"href":"https:\/\/startercultures.eu\/de\/wp-json\/wp\/v2\/comments?post=25060"}],"version-history":[{"count":4,"href":"https:\/\/startercultures.eu\/de\/wp-json\/wp\/v2\/product\/25060\/revisions"}],"predecessor-version":[{"id":72938,"href":"https:\/\/startercultures.eu\/de\/wp-json\/wp\/v2\/product\/25060\/revisions\/72938"}],"wp:featuredmedia":[{"embeddable":true,"href":"https:\/\/startercultures.eu\/de\/wp-json\/wp\/v2\/media\/27185"}],"wp:attachment":[{"href":"https:\/\/startercultures.eu\/de\/wp-json\/wp\/v2\/media?parent=25060"}],"wp:term":[{"taxonomy":"product_brand","embeddable":true,"href":"https:\/\/startercultures.eu\/de\/wp-json\/wp\/v2\/product_brand?post=25060"},{"taxonomy":"product_cat","embeddable":true,"href":"https:\/\/startercultures.eu\/de\/wp-json\/wp\/v2\/product_cat?post=25060"},{"taxonomy":"product_tag","embeddable":true,"href":"https:\/\/startercultures.eu\/de\/wp-json\/wp\/v2\/product_tag?post=25060"}],"curies":[{"name":"wp","href":"https:\/\/api.w.org\/{rel}","templated":true}]}}