{"id":25062,"date":"2020-07-31T16:39:44","date_gmt":"2020-07-31T16:39:44","guid":{"rendered":"https:\/\/startercultures.eu\/product\/unkategorisiert\/sauenblase-fuer-wurst-und-charcuterie\/"},"modified":"2026-04-10T11:04:14","modified_gmt":"2026-04-10T09:04:14","slug":"sau-blase","status":"publish","type":"product","link":"https:\/\/startercultures.eu\/de\/product\/wurstwaren-und-charcuterie-de\/darme\/naturdarme\/sau-blase\/","title":{"rendered":"Schweineblase | f\u00fcr Wurst und Wurstwaren"},"content":{"rendered":"<h3>Was ist eine Sauenblase?<\/h3>\n<p>Eine Sauenblase ist, was vielleicht nicht \u00fcberrascht, eine gereinigte und getrocknete Sauenblase. Die Blase einer Sau ist viel gr\u00f6\u00dfer als die eines normalen Schweins, weil Sauen zur Fortpflanzung gez\u00fcchtet werden und daher viel l\u00e4nger leben und viel gr\u00f6\u00dfer und schwerer werden, bis zu 250-300 kg (im Vergleich zu etwa 120 kg bei einem normalen Schwein). Dementsprechend sind auch ihre Blasen viel gr\u00f6\u00dfer.<\/p>\n<h3>Wozu braucht man eine Sauenblase?<\/h3>\n<p>Eine Schweineblase ist eine klassische Zutat, die heute nicht mehr oft verwendet wird. Man kann sie mit Hackfleisch f\u00fcllen, um Wurst zu machen, oder sie f\u00fcr die &#8220;en vessie&#8221;-Technik verwenden: das Kochen eines aromatisierten Produkts in der Blase. Dies ist oft ein Huhn. Diese Technik ist vor allem durch Paul Bocuse (\u20202018) und Anthony Bourdain (\u20202018) bekannt. In die Blase dieser Sau passt problemlos ein Huhn.<\/p>\n<blockquote><p>Aus dem niederl\u00e4ndischen Buch &#8220;Schlachtbesuch&#8221; von Gerhard Kwak<\/p>\n<p>Die Schweineblase war ein \u00fcbliches Nebenprodukt der Hausschlachtung. Entlang der \u00f6stlichen Grenze zu Deutschland wurde sie zum Beispiel regelm\u00e4\u00dfig als &#8220;Fass&#8221; zum Schmuggeln von Spirituosen verwendet. Au\u00dferdem konnte man einen sch\u00f6nen nat\u00fcrlichen Deckel herstellen, indem man die feuchte Blase \u00fcber einen K\u00f6lner Topf spannte, der dann sch\u00f6n verschlossen wurde. Nach dem Trocknen war es der perfekte Deckel. Wenn das nicht n\u00f6tig war, wurde die Blase aufgeblasen, zugekn\u00f6pft und getrocknet. Dann hatten die Kinder einen Fu\u00dfball, mit dem sie spielen konnten. Die Blase wurde auch mit getrockneten Erbsen gef\u00fcllt, die eine Art Rassel bildeten. Die Kinder benutzten die Blase oft f\u00fcr die sogenannten &#8220;Blasenschritte&#8221;. Die Blase wurde dann mit einem Seil an das Bein eines Kindes gebunden und die anderen Kinder versuchten, sie zu zerschlagen. Wenn es mit einem gro\u00dfen Knall gelang, war das Kind, das die Blase zerschlagen hatte, der Sieger. &#8220;<\/p><\/blockquote>\n<h3>Inhalt<\/h3>\n<ul>\n<li>eine getrocknete Sauenblase<\/li>\n<li>Gr\u00f6\u00dfe: etwa 2 Liter<\/li>\n<li>1 Blase oder 5 St\u00fcck mit 60% Rabatt<\/li>\n<li>Nicht zum Verkauf in den USA und Kanada<\/li>\n<\/ul>\n<h3>Anweisungen<\/h3>\n<ol>\n<li>Weichen Sie die Sauenblase \u00fcber Nacht im K\u00fchlschrank in Wasser ein.<\/li>\n<li>Falls erforderlich, die \u00d6ffnung mit einem Messer erweitern<\/li>\n<li>F\u00fcllen Sie die Blase immer wieder mit lauwarmem Wasser, um sie immer weiter zu dehnen.<\/li>\n<li>F\u00fcllen Sie sie mit allem, was Sie wollen<\/li>\n<\/ol>\n<p>F\u00fcr die fortgeschrittenen K\u00f6che: Wir haben auch die <a href=\"https:\/\/startercultures.eu\/de\/product\/wurstwaren-und-charcuterie-de\/darme\/naturdarme\/rinderblase\/\" target=\"_blank\" rel=\"noopener\">Rinderblase<\/a>!<\/p>\n<p>Wir bieten auch kleinere Gr\u00f6\u00dfen f\u00fcr angehende K\u00f6che an: die <a href=\"https:\/\/startercultures.eu\/de\/product\/wurstwaren-und-charcuterie-de\/darme\/naturdarme\/schweineblase\/\" target=\"_blank\" rel=\"noopener\">Schweineblase<\/a><\/p>\n<div class=\"video-shortcode\"><iframe title=\"Chicken in Pork Bladder by Patrick Henriroux\" width=\"1200\" height=\"900\" src=\"https:\/\/www.youtube.com\/embed\/Wdj4GkGEerA?feature=oembed\" frameborder=\"0\" allow=\"accelerometer; autoplay; clipboard-write; encrypted-media; gyroscope; picture-in-picture; web-share\" allowfullscreen><\/iframe><\/div>\n<div class=\"video-shortcode\"><iframe title=\"Rigatoni Cacio e Pepe en Vessie - Lido 84 (ENGLISH SUB)\" width=\"1200\" height=\"675\" src=\"https:\/\/www.youtube.com\/embed\/3Ak8jmRthI0?feature=oembed\" frameborder=\"0\" allow=\"accelerometer; autoplay; clipboard-write; encrypted-media; gyroscope; picture-in-picture; web-share\" allowfullscreen><\/iframe><\/div>\n<h3>Online-Workshop zur Wurstherstellung in englischer Sprache<img decoding=\"async\" class=\"lazyload  wp-image-10200 alignright\" src=\"https:\/\/startercultures.eu\/wp-content\/uploads\/2020\/12\/sausage-making-workshop-450-300x300.png\" data-orig-src=\"https:\/\/startercultures.eu\/wp-content\/uploads\/2020\/12\/sausage-making-workshop-450-300x300.png\" alt=\"Lernen Sie, wie Sie zu Hause Trockenwurst herstellen\" width=\"126\" height=\"126\" srcset=\"data:image\/svg+xml,%3Csvg%20xmlns%3D%27http%3A%2F%2Fwww.w3.org%2F2000%2Fsvg%27%20width%3D%27126%27%20height%3D%27126%27%20viewBox%3D%270%200%20126%20126%27%3E%3Crect%20width%3D%27126%27%20height%3D%27126%27%20fill-opacity%3D%220%22%2F%3E%3C%2Fsvg%3E\" data-srcset=\"https:\/\/startercultures.eu\/wp-content\/uploads\/2020\/12\/sausage-making-workshop-450-66x66.png 66w, https:\/\/startercultures.eu\/wp-content\/uploads\/2020\/12\/sausage-making-workshop-450-70x70.png 70w, https:\/\/startercultures.eu\/wp-content\/uploads\/2020\/12\/sausage-making-workshop-450-100x100.png 100w, https:\/\/startercultures.eu\/wp-content\/uploads\/2020\/12\/sausage-making-workshop-450-150x150.png 150w, https:\/\/startercultures.eu\/wp-content\/uploads\/2020\/12\/sausage-making-workshop-450-200x200.png 200w, https:\/\/startercultures.eu\/wp-content\/uploads\/2020\/12\/sausage-making-workshop-450-300x300.png 300w, https:\/\/startercultures.eu\/wp-content\/uploads\/2020\/12\/sausage-making-workshop-450-400x399.png 400w, https:\/\/startercultures.eu\/wp-content\/uploads\/2020\/12\/sausage-making-workshop-450.png 450w\" data-sizes=\"auto\" data-orig-sizes=\"(max-width: 126px) 100vw, 126px\" \/><\/h3>\n<p>In diesem <a href=\"https:\/\/startercultures.eu\/de\/product\/wurstwaren-und-charcuterie-de\/online-wursteherstellung-workshop\/\" target=\"_blank\" rel=\"noopener\">englischsprachigen Online-Workshop<\/a> lernen Sie die Theorie und Praxis der Herstellung von frischen W\u00fcrsten. Welche Fleischsorten eignen sich am besten, wo findet man die Zutaten, was sind die gr\u00f6\u00dften Fallstricke und was kann man mit D\u00e4rmen alles anstellen? Foodwriter<a href=\"https:\/\/wateetons.com\/\" target=\"_blank\" rel=\"noopener\">&#8216;Meneer Wateetons&#8217;<\/a>, Autor mehrerer B\u00fccher \u00fcber Fermentierung und alternative Lebensmittelzubereitungstechniken, wird Ihnen alles \u00fcber Fermentierung, P\u00f6kelsalze, Lebensmittelsicherheit, pH-Wert, Starterkulturen, Schimmelpilze und Trocknungsbedingungen beibringen. Klicken Sie <a href=\"https:\/\/startercultures.eu\/de\/product\/wurstwaren-und-charcuterie-de\/online-wursteherstellung-workshop\/\" target=\"_blank\" rel=\"noopener\">hier<\/a> f\u00fcr weitere Informationen.<\/p>\n","protected":false},"excerpt":{"rendered":"<p>Die Blase einer Sau ist wesentlich gr\u00f6\u00dfer als die eines normalen Schweins, da Sauen zur Fortpflanzung gez\u00fcchtet werden und somit deutlich l\u00e4nger leben sowie erheblich gr\u00f6\u00dfer und schwerer werden, bis zu 250-300 kg. Gr\u00f6\u00dfe: etwa 2 Liter<\/p>\n","protected":false},"featured_media":60472,"comment_status":"open","ping_status":"closed","template":"","meta":{"_acf_changed":false,"footnotes":""},"product_brand":[],"product_cat":[670],"product_tag":[],"class_list":{"0":"post-25062","1":"product","2":"type-product","3":"status-publish","4":"has-post-thumbnail","6":"product_cat-naturdarme","7":"pa_ean-8720297620744-de-2","8":"pa_ean-8720297621857-de","9":"pa_size-1-x-de","10":"pa_size-5-x-de","12":"first","13":"instock","14":"taxable","15":"shipping-taxable","16":"purchasable","17":"product-type-variable","18":"has-default-attributes"},"acf":[],"yoast_head":"<!-- This site is optimized with the Yoast SEO plugin v26.6 - https:\/\/yoast.com\/wordpress\/plugins\/seo\/ -->\n<title>Schweineblase | f\u00fcr Wurst und Wurstwaren - Startercultures.eu<\/title>\n<meta name=\"description\" content=\"Eine Schweineblase ist eine gereinigte und getrocknete Schweineblase. Eine Schweineblase ist viel gr\u00f6\u00dfer und eignet sich f\u00fcr Wurstwaren wie einen Culatello.\" \/>\n<meta name=\"robots\" content=\"index, follow, max-snippet:-1, max-image-preview:large, max-video-preview:-1\" \/>\n<link rel=\"canonical\" href=\"https:\/\/startercultures.eu\/de\/product\/wurstwaren-und-charcuterie-de\/darme\/naturdarme\/sau-blase\/\" \/>\n<meta property=\"og:locale\" content=\"de_DE\" \/>\n<meta property=\"og:type\" content=\"article\" \/>\n<meta property=\"og:title\" content=\"Schweineblase | f\u00fcr Wurst und Wurstwaren - Startercultures.eu\" \/>\n<meta property=\"og:description\" content=\"Eine Schweineblase ist eine gereinigte und getrocknete Schweineblase. Eine Schweineblase ist viel gr\u00f6\u00dfer und eignet sich f\u00fcr Wurstwaren wie einen Culatello.\" \/>\n<meta property=\"og:url\" content=\"https:\/\/startercultures.eu\/de\/product\/wurstwaren-und-charcuterie-de\/darme\/naturdarme\/sau-blase\/\" \/>\n<meta property=\"og:site_name\" content=\"Startercultures.eu\" \/>\n<meta property=\"article:publisher\" content=\"https:\/\/www.facebook.com\/startercultureseu\" \/>\n<meta property=\"article:modified_time\" content=\"2026-04-10T09:04:14+00:00\" \/>\n<meta property=\"og:image\" content=\"https:\/\/startercultures.eu\/wp-content\/uploads\/2020\/07\/sow-bladder-2.png\" \/>\n\t<meta property=\"og:image:width\" content=\"2000\" \/>\n\t<meta property=\"og:image:height\" content=\"2000\" \/>\n\t<meta property=\"og:image:type\" content=\"image\/png\" \/>\n<meta name=\"twitter:card\" content=\"summary_large_image\" \/>\n<meta name=\"twitter:label1\" content=\"Availability\" \/>\n\t<meta name=\"twitter:data1\" content=\"Vorr\u00e4tig\" \/>\n<script type=\"application\/ld+json\" class=\"yoast-schema-graph\">{\"@context\":\"https:\/\/schema.org\",\"@graph\":[{\"@type\":\"WebPage\",\"@id\":\"https:\/\/startercultures.eu\/de\/product\/wurstwaren-und-charcuterie-de\/darme\/naturdarme\/sau-blase\/\",\"url\":\"https:\/\/startercultures.eu\/de\/product\/wurstwaren-und-charcuterie-de\/darme\/naturdarme\/sau-blase\/\",\"name\":\"Schweineblase | f\u00fcr Wurst und Wurstwaren - Startercultures.eu\",\"isPartOf\":{\"@id\":\"https:\/\/startercultures.eu\/de\/#website\"},\"primaryImageOfPage\":{\"@id\":\"https:\/\/startercultures.eu\/de\/product\/wurstwaren-und-charcuterie-de\/darme\/naturdarme\/sau-blase\/#primaryimage\"},\"image\":{\"@id\":\"https:\/\/startercultures.eu\/de\/product\/wurstwaren-und-charcuterie-de\/darme\/naturdarme\/sau-blase\/#primaryimage\"},\"thumbnailUrl\":\"https:\/\/startercultures.eu\/wp-content\/uploads\/2020\/07\/sow-bladder-2.png\",\"datePublished\":\"2020-07-31T16:39:44+00:00\",\"dateModified\":\"2026-04-10T09:04:14+00:00\",\"description\":\"Eine Schweineblase ist eine gereinigte und getrocknete Schweineblase. Eine Schweineblase ist viel gr\u00f6\u00dfer und eignet sich f\u00fcr Wurstwaren wie einen Culatello.\",\"breadcrumb\":{\"@id\":\"https:\/\/startercultures.eu\/de\/product\/wurstwaren-und-charcuterie-de\/darme\/naturdarme\/sau-blase\/#breadcrumb\"},\"inLanguage\":\"de-DE\",\"potentialAction\":[{\"@type\":\"ReadAction\",\"target\":[\"https:\/\/startercultures.eu\/de\/product\/wurstwaren-und-charcuterie-de\/darme\/naturdarme\/sau-blase\/\"]}]},{\"@type\":\"ImageObject\",\"inLanguage\":\"de-DE\",\"@id\":\"https:\/\/startercultures.eu\/de\/product\/wurstwaren-und-charcuterie-de\/darme\/naturdarme\/sau-blase\/#primaryimage\",\"url\":\"https:\/\/startercultures.eu\/wp-content\/uploads\/2020\/07\/sow-bladder-2.png\",\"contentUrl\":\"https:\/\/startercultures.eu\/wp-content\/uploads\/2020\/07\/sow-bladder-2.png\",\"width\":2000,\"height\":2000},{\"@type\":\"BreadcrumbList\",\"@id\":\"https:\/\/startercultures.eu\/de\/product\/wurstwaren-und-charcuterie-de\/darme\/naturdarme\/sau-blase\/#breadcrumb\",\"itemListElement\":[{\"@type\":\"ListItem\",\"position\":1,\"name\":\"Home\",\"item\":\"https:\/\/startercultures.eu\/de\/\"},{\"@type\":\"ListItem\",\"position\":2,\"name\":\"Shop\",\"item\":\"https:\/\/startercultures.eu\/shop\/\"},{\"@type\":\"ListItem\",\"position\":3,\"name\":\"Schweineblase | f\u00fcr Wurst und Wurstwaren\"}]},{\"@type\":\"WebSite\",\"@id\":\"https:\/\/startercultures.eu\/de\/#website\",\"url\":\"https:\/\/startercultures.eu\/de\/\",\"name\":\"Startercultures.eu\",\"description\":\"Startercultures.eu\",\"publisher\":{\"@id\":\"https:\/\/startercultures.eu\/de\/#organization\"},\"potentialAction\":[{\"@type\":\"SearchAction\",\"target\":{\"@type\":\"EntryPoint\",\"urlTemplate\":\"https:\/\/startercultures.eu\/de\/?s={search_term_string}\"},\"query-input\":{\"@type\":\"PropertyValueSpecification\",\"valueRequired\":true,\"valueName\":\"search_term_string\"}}],\"inLanguage\":\"de-DE\"},{\"@type\":\"Organization\",\"@id\":\"https:\/\/startercultures.eu\/de\/#organization\",\"name\":\"Startercultures.eu\",\"url\":\"https:\/\/startercultures.eu\/de\/\",\"logo\":{\"@type\":\"ImageObject\",\"inLanguage\":\"de-DE\",\"@id\":\"https:\/\/startercultures.eu\/de\/#\/schema\/logo\/image\/\",\"url\":\"https:\/\/startercultures.eu\/wp-content\/uploads\/2020\/08\/startercultures-eu-nl-logo-rond-rgb.png\",\"contentUrl\":\"https:\/\/startercultures.eu\/wp-content\/uploads\/2020\/08\/startercultures-eu-nl-logo-rond-rgb.png\",\"width\":320,\"height\":320,\"caption\":\"Startercultures.eu\"},\"image\":{\"@id\":\"https:\/\/startercultures.eu\/de\/#\/schema\/logo\/image\/\"},\"sameAs\":[\"https:\/\/www.facebook.com\/startercultureseu\",\"https:\/\/www.instagram.com\/startercultures.eu\/\"]}]}<\/script>\n<meta property=\"og:availability\" content=\"instock\" \/>\n<meta property=\"product:availability\" content=\"instock\" \/>\n<meta property=\"product:retailer_item_id\" content=\"337\" \/>\n<meta property=\"product:condition\" content=\"new\" \/>\n<!-- \/ Yoast SEO plugin. -->","yoast_head_json":{"title":"Schweineblase | f\u00fcr Wurst und Wurstwaren - Startercultures.eu","description":"Eine Schweineblase ist eine gereinigte und getrocknete Schweineblase. Eine Schweineblase ist viel gr\u00f6\u00dfer und eignet sich f\u00fcr Wurstwaren wie einen Culatello.","robots":{"index":"index","follow":"follow","max-snippet":"max-snippet:-1","max-image-preview":"max-image-preview:large","max-video-preview":"max-video-preview:-1"},"canonical":"https:\/\/startercultures.eu\/de\/product\/wurstwaren-und-charcuterie-de\/darme\/naturdarme\/sau-blase\/","og_locale":"de_DE","og_type":"article","og_title":"Schweineblase | f\u00fcr Wurst und Wurstwaren - Startercultures.eu","og_description":"Eine Schweineblase ist eine gereinigte und getrocknete Schweineblase. Eine Schweineblase ist viel gr\u00f6\u00dfer und eignet sich f\u00fcr Wurstwaren wie einen Culatello.","og_url":"https:\/\/startercultures.eu\/de\/product\/wurstwaren-und-charcuterie-de\/darme\/naturdarme\/sau-blase\/","og_site_name":"Startercultures.eu","article_publisher":"https:\/\/www.facebook.com\/startercultureseu","article_modified_time":"2026-04-10T09:04:14+00:00","og_image":[{"width":2000,"height":2000,"url":"https:\/\/startercultures.eu\/wp-content\/uploads\/2020\/07\/sow-bladder-2.png","type":"image\/png"}],"twitter_card":"summary_large_image","twitter_misc":{"Availability":"Vorr\u00e4tig"},"schema":{"@context":"https:\/\/schema.org","@graph":[{"@type":"WebPage","@id":"https:\/\/startercultures.eu\/de\/product\/wurstwaren-und-charcuterie-de\/darme\/naturdarme\/sau-blase\/","url":"https:\/\/startercultures.eu\/de\/product\/wurstwaren-und-charcuterie-de\/darme\/naturdarme\/sau-blase\/","name":"Schweineblase | f\u00fcr Wurst und Wurstwaren - Startercultures.eu","isPartOf":{"@id":"https:\/\/startercultures.eu\/de\/#website"},"primaryImageOfPage":{"@id":"https:\/\/startercultures.eu\/de\/product\/wurstwaren-und-charcuterie-de\/darme\/naturdarme\/sau-blase\/#primaryimage"},"image":{"@id":"https:\/\/startercultures.eu\/de\/product\/wurstwaren-und-charcuterie-de\/darme\/naturdarme\/sau-blase\/#primaryimage"},"thumbnailUrl":"https:\/\/startercultures.eu\/wp-content\/uploads\/2020\/07\/sow-bladder-2.png","datePublished":"2020-07-31T16:39:44+00:00","dateModified":"2026-04-10T09:04:14+00:00","description":"Eine Schweineblase ist eine gereinigte und getrocknete Schweineblase. Eine Schweineblase ist viel gr\u00f6\u00dfer und eignet sich f\u00fcr Wurstwaren wie einen Culatello.","breadcrumb":{"@id":"https:\/\/startercultures.eu\/de\/product\/wurstwaren-und-charcuterie-de\/darme\/naturdarme\/sau-blase\/#breadcrumb"},"inLanguage":"de-DE","potentialAction":[{"@type":"ReadAction","target":["https:\/\/startercultures.eu\/de\/product\/wurstwaren-und-charcuterie-de\/darme\/naturdarme\/sau-blase\/"]}]},{"@type":"ImageObject","inLanguage":"de-DE","@id":"https:\/\/startercultures.eu\/de\/product\/wurstwaren-und-charcuterie-de\/darme\/naturdarme\/sau-blase\/#primaryimage","url":"https:\/\/startercultures.eu\/wp-content\/uploads\/2020\/07\/sow-bladder-2.png","contentUrl":"https:\/\/startercultures.eu\/wp-content\/uploads\/2020\/07\/sow-bladder-2.png","width":2000,"height":2000},{"@type":"BreadcrumbList","@id":"https:\/\/startercultures.eu\/de\/product\/wurstwaren-und-charcuterie-de\/darme\/naturdarme\/sau-blase\/#breadcrumb","itemListElement":[{"@type":"ListItem","position":1,"name":"Home","item":"https:\/\/startercultures.eu\/de\/"},{"@type":"ListItem","position":2,"name":"Shop","item":"https:\/\/startercultures.eu\/shop\/"},{"@type":"ListItem","position":3,"name":"Schweineblase | f\u00fcr Wurst und Wurstwaren"}]},{"@type":"WebSite","@id":"https:\/\/startercultures.eu\/de\/#website","url":"https:\/\/startercultures.eu\/de\/","name":"Startercultures.eu","description":"Startercultures.eu","publisher":{"@id":"https:\/\/startercultures.eu\/de\/#organization"},"potentialAction":[{"@type":"SearchAction","target":{"@type":"EntryPoint","urlTemplate":"https:\/\/startercultures.eu\/de\/?s={search_term_string}"},"query-input":{"@type":"PropertyValueSpecification","valueRequired":true,"valueName":"search_term_string"}}],"inLanguage":"de-DE"},{"@type":"Organization","@id":"https:\/\/startercultures.eu\/de\/#organization","name":"Startercultures.eu","url":"https:\/\/startercultures.eu\/de\/","logo":{"@type":"ImageObject","inLanguage":"de-DE","@id":"https:\/\/startercultures.eu\/de\/#\/schema\/logo\/image\/","url":"https:\/\/startercultures.eu\/wp-content\/uploads\/2020\/08\/startercultures-eu-nl-logo-rond-rgb.png","contentUrl":"https:\/\/startercultures.eu\/wp-content\/uploads\/2020\/08\/startercultures-eu-nl-logo-rond-rgb.png","width":320,"height":320,"caption":"Startercultures.eu"},"image":{"@id":"https:\/\/startercultures.eu\/de\/#\/schema\/logo\/image\/"},"sameAs":["https:\/\/www.facebook.com\/startercultureseu","https:\/\/www.instagram.com\/startercultures.eu\/"]}]},"og_availability":"instock","product_availability":"instock","product_retailer_item_id":"337","product_condition":"new"},"_links":{"self":[{"href":"https:\/\/startercultures.eu\/de\/wp-json\/wp\/v2\/product\/25062","targetHints":{"allow":["GET"]}}],"collection":[{"href":"https:\/\/startercultures.eu\/de\/wp-json\/wp\/v2\/product"}],"about":[{"href":"https:\/\/startercultures.eu\/de\/wp-json\/wp\/v2\/types\/product"}],"replies":[{"embeddable":true,"href":"https:\/\/startercultures.eu\/de\/wp-json\/wp\/v2\/comments?post=25062"}],"version-history":[{"count":4,"href":"https:\/\/startercultures.eu\/de\/wp-json\/wp\/v2\/product\/25062\/revisions"}],"predecessor-version":[{"id":71753,"href":"https:\/\/startercultures.eu\/de\/wp-json\/wp\/v2\/product\/25062\/revisions\/71753"}],"wp:featuredmedia":[{"embeddable":true,"href":"https:\/\/startercultures.eu\/de\/wp-json\/wp\/v2\/media\/60472"}],"wp:attachment":[{"href":"https:\/\/startercultures.eu\/de\/wp-json\/wp\/v2\/media?parent=25062"}],"wp:term":[{"taxonomy":"product_brand","embeddable":true,"href":"https:\/\/startercultures.eu\/de\/wp-json\/wp\/v2\/product_brand?post=25062"},{"taxonomy":"product_cat","embeddable":true,"href":"https:\/\/startercultures.eu\/de\/wp-json\/wp\/v2\/product_cat?post=25062"},{"taxonomy":"product_tag","embeddable":true,"href":"https:\/\/startercultures.eu\/de\/wp-json\/wp\/v2\/product_tag?post=25062"}],"curies":[{"name":"wp","href":"https:\/\/api.w.org\/{rel}","templated":true}]}}