{"id":25067,"date":"2020-07-31T16:39:49","date_gmt":"2020-07-31T14:39:49","guid":{"rendered":"https:\/\/startercultures.eu\/product\/unkategorisiert\/apfelessigmutter-getestet-und-sicher\/"},"modified":"2026-04-09T00:00:15","modified_gmt":"2026-04-08T22:00:15","slug":"biologische-und-geprufte-apfelessig-mutter","status":"publish","type":"product","link":"https:\/\/startercultures.eu\/de\/product\/fermentation-de\/essig\/biologische-und-geprufte-apfelessig-mutter\/","title":{"rendered":"Apfelessigmutter | getestet und sicher"},"content":{"rendered":"<p>Stellen Sie Ihren eigenen reinen Apfelessig mit unserer Apfelessigmutter her.<\/p>\n<h3>Was ist Apfelessig?<\/h3>\n<p>Apfelessig ist ein Essig, der aus vergorenem Apfelsaft (Cidre) hergestellt wird. Es wird in Salatsaucen, Marinaden, Vinaigretten, Konservierungsmitteln und Chutneys verwendet. Apfelwein wird durch Zerkleinern von \u00c4pfeln und anschlie\u00dfendes Auspressen des Saftes hergestellt. Die Hefe wird der Fl\u00fcssigkeit zugesetzt, um die alkoholische G\u00e4rung einzuleiten, bei der der Zucker in Alkohol umgewandelt wird. In einem zweiten G\u00e4rungsschritt wird der Alkohol durch essigs\u00e4urebildende Bakterien<em>(Acetobacter<\/em>) in Essig umgewandelt. Apfelessig enth\u00e4lt also keinen Alkohol mehr. Essigs\u00e4ure und Apfels\u00e4ure sorgen gemeinsam f\u00fcr den sauren Geschmack des Essigs.<\/p>\n<h3>Was ist eine Essigmutter?<\/h3>\n<p>Eine Essigmutter besteht aus Zellulose und Essigs\u00e4urebakterien. Er ist einem Kombucha oder jun SCOBY sehr \u00e4hnlich und hat auch eine \u00e4hnliche Wirkung. Wenn man ihn zu Wein, Apfelwein oder anderen Fl\u00fcssigkeiten mit niedrigem Alkoholgehalt hinzuf\u00fcgt, verwandeln die Mikroorganismen in der Mutter das Getr\u00e4nk in Essig. Auch wenn sie nicht appetitlich aussieht, ist Essigmutter v\u00f6llig harmlos, denn sie bildet die Grundlage f\u00fcr k\u00f6stlichen selbstgemachten Essig!<\/p>\n<h3>Kann ich mit dieser Mutter auch andere Essigsorten herstellen?<\/h3>\n<p>Ja, das k\u00f6nnen Sie, aber nutzen Sie eine &#8220;Ersatzmutter&#8221;, die automatisch nach Ihrer ersten Charge Apfelessig entsteht. Beginnen Sie dann mit einer kleinen Portion der anderen Fl\u00fcssigkeit (z. B. Wei\u00dfwein), damit sich die Mutter an das andere Getr\u00e4nk gew\u00f6hnen kann. \u00c4ndern Sie langsam das Verh\u00e4ltnis zwischen Apfelsaft \/ Apfelwein und der anderen Fl\u00fcssigkeit.<\/p>\n<h3>Kauf einer sicheren und gepr\u00fcften Essigmutter<\/h3>\n<p>Sie k\u00f6nnen auch eine Essigmutter von einer Freundin bekommen. Aber man wei\u00df nie, was Qualit\u00e4t ist und wie sicher sie ist. Daher sollten Sie sie lieber aus einer zuverl\u00e4ssigen Quelle beziehen. Unsere M\u00fctter sind biologisch, getestet und garantiert frei von Krankheitserregern!<\/p>\n<h3>Inhalt<\/h3>\n<ul>\n<li>1 lebender Apfelessig mit 100 ml Apfelessig-Starterfl\u00fcssigkeit<\/li>\n<li>Genug f\u00fcr den Rest Ihres Lebens!<\/li>\n<li>Die Lagerf\u00e4higkeit betr\u00e4gt etwa 1 Jahr.<\/li>\n<li>Bei Raumtemperatur aufbewahren<\/li>\n<\/ul>\n<h3>Wie kann ich meinen eigenen Apfelessig herstellen?<\/h3>\n<p><strong>Ger\u00e4te<\/strong><\/p>\n<ul>\n<li>Glasgef\u00e4\u00df mit weiter \u00d6ffnung von etwa 1 Liter<\/li>\n<li>ein Tuch oder ein St\u00fcck K\u00fcchenpapier<\/li>\n<li>ein Gummiband<\/li>\n<\/ul>\n<p><strong>Inhaltsstoffe<\/strong><\/p>\n<p>Ihre Starterkultur ist f\u00fcr die Herstellung von 1 Liter rohem Apfelessig bestimmt. Aber keine Sorge, die Mutter w\u00e4chst sehr schnell, sodass Sie in k\u00fcrzester Zeit viel mehr machen k\u00f6nnen.<\/p>\n<ul>\n<li>Ihre Starterkultur<\/li>\n<li>1 Liter des bestm\u00f6glichen Apfelsafts<\/li>\n<\/ul>\n<p><strong>Schritte<\/strong><\/p>\n<ol>\n<li>Geben Sie Ihre Essigmutter mit der Starterkulturfl\u00fcssigkeit in Ihr Glas<\/li>\n<li>Mit dem Apfelsaft oder Apfelwein auff\u00fcllen. Verwenden Sie den besten Apfelsaft, den Sie finden k\u00f6nnen, mit so wenig Zusatzstoffen wie m\u00f6glich.<\/li>\n<li>Das Gef\u00e4\u00df mit einem Tuch verschlie\u00dfen.<\/li>\n<li>Mindestens 8 Wochen lang bei Raumtemperatur g\u00e4ren lassen. Die G\u00e4rung zu Alkohol erfolgt spontan durch die in der Luft vorhandenen Hefen. Wenn Sie Apfelwein verwenden, geht die G\u00e4rung viel schneller.<\/li>\n<li>Nach 8 Wochen ist der Essig tr\u00fcb und sollte nicht mehr s\u00fc\u00df oder alkoholisch schmecken. Vermutlich hat sich an der Oberfl\u00e4che eine neue Mutter gebildet.<\/li>\n<li>Wenn n\u00f6tig, warten Sie noch einige Wochen.<\/li>\n<li>Den Apfelessig abseihen und vor Gebrauch in eine Flasche f\u00fcllen.<\/li>\n<li>Mindestens 100 ml + die Mutter f\u00fcr die n\u00e4chste Charge aufbewahren.<\/li>\n<\/ol>\n<p><strong data-start=\"714\" data-end=\"726\">Hinweis:<\/strong> Eine aufgebl\u00e4hte Verpackung ist kein Problem. Sie zeigt, dass noch Restzucker aus dem Cider vorhanden ist, der weiter in Alkohol und nat\u00fcrliches Kohlendioxid umgewandelt wird. Dies ist ein Zeichen einer noch aktiven Fermentation und geh\u00f6rt zum Produkt.<\/p>\n<h3 data-fontsize=\"21\" data-lineheight=\"27.3px\">Eine Apfelessigmutter kaufen?<\/h3>\n<p>Bestellen Sie es bei startercultures.eu, dem europ\u00e4ischen Webshop f\u00fcr alle Ihre Fermentationsbed\u00fcrfnisse. Von Meneer Wateetons, dem bekannten niederl\u00e4ndischen G\u00e4rungsexperten und Autor. Bestellen Sie werktags vor 15 Uhr und wir liefern noch am selben Tag. Fragen zur Verwendung der Apfelessigmutter? Frag Sie in unserem Chat, wir helfen gerne!<\/p>\n<h3>Englischsprachiger Online-Workshop &#8220;Miso selber machen&#8221;<img decoding=\"async\" class=\"lazyload  wp-image-23963 alignright\" src=\"https:\/\/startercultures.eu\/wp-content\/uploads\/2020\/12\/fermentation-450-300x300.png\" data-orig-src=\"https:\/\/startercultures.eu\/wp-content\/uploads\/2020\/12\/fermentation-450-300x300.png\" alt=\"Fermentation workshops\" width=\"135\" height=\"135\" srcset=\"data:image\/svg+xml,%3Csvg%20xmlns%3D%27http%3A%2F%2Fwww.w3.org%2F2000%2Fsvg%27%20width%3D%27135%27%20height%3D%27135%27%20viewBox%3D%270%200%20135%20135%27%3E%3Crect%20width%3D%27135%27%20height%3D%27135%27%20fill-opacity%3D%220%22%2F%3E%3C%2Fsvg%3E\" data-srcset=\"https:\/\/startercultures.eu\/wp-content\/uploads\/2020\/12\/fermentation-450-66x66.png 66w, https:\/\/startercultures.eu\/wp-content\/uploads\/2020\/12\/fermentation-450-70x70.png 70w, https:\/\/startercultures.eu\/wp-content\/uploads\/2020\/12\/fermentation-450-100x100.png 100w, https:\/\/startercultures.eu\/wp-content\/uploads\/2020\/12\/fermentation-450-150x150.png 150w, https:\/\/startercultures.eu\/wp-content\/uploads\/2020\/12\/fermentation-450-200x200.png 200w, https:\/\/startercultures.eu\/wp-content\/uploads\/2020\/12\/fermentation-450-300x300.png 300w, https:\/\/startercultures.eu\/wp-content\/uploads\/2020\/12\/fermentation-450-400x401.png 400w, https:\/\/startercultures.eu\/wp-content\/uploads\/2020\/12\/fermentation-450.png 450w\" data-sizes=\"auto\" data-orig-sizes=\"(max-width: 135px) 100vw, 135px\" \/><\/h3>\n<p>In<a href=\"https:\/\/startercultures.eu\/de\/product\/workshops-de-3\/online-workshop-auf-anfrage-wie-mache-ich-mein-eigenes-miso\/\" target=\"_blank\" rel=\"noopener\"> diesem Online-Meisterkurs<\/a> zeigt Ihnen der niederl\u00e4ndische Foodwriter und Fermentationsexperte Meneer Wateetons, wie Sie Ihr eigenes <a href=\"https:\/\/en.wikipedia.org\/wiki\/Miso\" target=\"_blank\" rel=\"noopener\">Miso<\/a> herstellen k\u00f6nnen. Durch eine besondere Form der Fermentation entsteht aus zwei sehr bescheidenen und eher langweiligen Zutaten eine der sch\u00f6nsten und komplexesten Substanzen der Welt. Herr Wateetons erz\u00e4hlt Ihnen genau, wie die Fermentation funktioniert und was Sie daf\u00fcr brauchen, wie Sie von nun an Miso zu Hause herstellen, wie Sie den Prozess der Miso-Herstellung beschleunigen, wie Sie diese beiden Grundzutaten endlos variieren und was f\u00fcr coole Sachen Sie mit Miso machen k\u00f6nnen. Klicken Sie <a href=\"https:\/\/startercultures.eu\/de\/product\/workshops-de-3\/online-workshop-auf-anfrage-wie-mache-ich-mein-eigenes-miso\/\" target=\"_blank\" rel=\"noopener\">hier <\/a>f\u00fcr weitere Informationen.<\/p>\n","protected":false},"excerpt":{"rendered":"<p>Machen Sie Ihren eigenen reinen Apfelessig aus unserer Apfelessigmutter. Gepr\u00fcft, sicher und frei von Krankheitserregern.<\/p>\n","protected":false},"featured_media":24198,"comment_status":"open","ping_status":"closed","template":"","meta":{"_acf_changed":false,"footnotes":""},"product_brand":[],"product_cat":[727,739,696],"product_tag":[],"class_list":{"0":"post-25067","1":"product","2":"type-product","3":"status-publish","4":"has-post-thumbnail","6":"product_cat-essig","7":"product_cat-starterkulturen-de-5","8":"product_cat-veganer-essig","9":"pa_ean-8720297620775-de","11":"first","12":"instock","13":"taxable","14":"shipping-taxable","15":"purchasable","16":"product-type-simple"},"acf":[],"yoast_head":"<!-- This site is optimized with the Yoast SEO plugin v26.6 - https:\/\/yoast.com\/wordpress\/plugins\/seo\/ -->\n<title>Apfelessigmutter | getestet und sicher - Startercultures.eu<\/title>\n<meta name=\"description\" content=\"Machen Sie Ihren eigenen reinen Apfelessig aus unserer Apfelessigmutter. Gepr\u00fcft, sicher und frei von Krankheitserregern.\" \/>\n<meta name=\"robots\" content=\"index, follow, max-snippet:-1, max-image-preview:large, max-video-preview:-1\" \/>\n<link rel=\"canonical\" href=\"https:\/\/startercultures.eu\/de\/product\/fermentation-de\/essig\/biologische-und-geprufte-apfelessig-mutter\/\" \/>\n<meta property=\"og:locale\" content=\"de_DE\" \/>\n<meta property=\"og:type\" content=\"article\" \/>\n<meta property=\"og:title\" content=\"Apfelessigmutter | getestet und sicher - Startercultures.eu\" \/>\n<meta property=\"og:description\" content=\"Machen Sie Ihren eigenen reinen Apfelessig aus unserer Apfelessigmutter. Gepr\u00fcft, sicher und frei von Krankheitserregern.\" \/>\n<meta property=\"og:url\" content=\"https:\/\/startercultures.eu\/de\/product\/fermentation-de\/essig\/biologische-und-geprufte-apfelessig-mutter\/\" \/>\n<meta property=\"og:site_name\" content=\"Startercultures.eu\" \/>\n<meta property=\"article:publisher\" content=\"https:\/\/www.facebook.com\/startercultureseu\" \/>\n<meta property=\"article:modified_time\" content=\"2026-04-08T22:00:15+00:00\" \/>\n<meta property=\"og:image\" content=\"https:\/\/startercultures.eu\/wp-content\/uploads\/2020\/07\/Scony-1.png\" \/>\n\t<meta property=\"og:image:width\" content=\"754\" \/>\n\t<meta property=\"og:image:height\" content=\"847\" \/>\n\t<meta property=\"og:image:type\" content=\"image\/png\" \/>\n<meta name=\"twitter:card\" content=\"summary_large_image\" \/>\n<meta name=\"twitter:label1\" content=\"Price\" \/>\n\t<meta name=\"twitter:data1\" content=\"19,99\" \/>\n\t<meta name=\"twitter:label2\" content=\"Availability\" \/>\n\t<meta name=\"twitter:data2\" content=\"Vorr\u00e4tig\" \/>\n<script type=\"application\/ld+json\" class=\"yoast-schema-graph\">{\"@context\":\"https:\/\/schema.org\",\"@graph\":[{\"@type\":\"WebPage\",\"@id\":\"https:\/\/startercultures.eu\/de\/product\/fermentation-de\/essig\/biologische-und-geprufte-apfelessig-mutter\/\",\"url\":\"https:\/\/startercultures.eu\/de\/product\/fermentation-de\/essig\/biologische-und-geprufte-apfelessig-mutter\/\",\"name\":\"Apfelessigmutter | getestet und sicher - Startercultures.eu\",\"isPartOf\":{\"@id\":\"https:\/\/startercultures.eu\/de\/#website\"},\"primaryImageOfPage\":{\"@id\":\"https:\/\/startercultures.eu\/de\/product\/fermentation-de\/essig\/biologische-und-geprufte-apfelessig-mutter\/#primaryimage\"},\"image\":{\"@id\":\"https:\/\/startercultures.eu\/de\/product\/fermentation-de\/essig\/biologische-und-geprufte-apfelessig-mutter\/#primaryimage\"},\"thumbnailUrl\":\"https:\/\/startercultures.eu\/wp-content\/uploads\/2020\/07\/Scony-1.png\",\"datePublished\":\"2020-07-31T14:39:49+00:00\",\"dateModified\":\"2026-04-08T22:00:15+00:00\",\"description\":\"Machen Sie Ihren eigenen reinen Apfelessig aus unserer Apfelessigmutter. Gepr\u00fcft, sicher und frei von Krankheitserregern.\",\"breadcrumb\":{\"@id\":\"https:\/\/startercultures.eu\/de\/product\/fermentation-de\/essig\/biologische-und-geprufte-apfelessig-mutter\/#breadcrumb\"},\"inLanguage\":\"de-DE\",\"potentialAction\":[{\"@type\":\"ReadAction\",\"target\":[\"https:\/\/startercultures.eu\/de\/product\/fermentation-de\/essig\/biologische-und-geprufte-apfelessig-mutter\/\"]}]},{\"@type\":\"ImageObject\",\"inLanguage\":\"de-DE\",\"@id\":\"https:\/\/startercultures.eu\/de\/product\/fermentation-de\/essig\/biologische-und-geprufte-apfelessig-mutter\/#primaryimage\",\"url\":\"https:\/\/startercultures.eu\/wp-content\/uploads\/2020\/07\/Scony-1.png\",\"contentUrl\":\"https:\/\/startercultures.eu\/wp-content\/uploads\/2020\/07\/Scony-1.png\",\"width\":754,\"height\":847,\"caption\":\"Kombucha-Scoby\"},{\"@type\":\"BreadcrumbList\",\"@id\":\"https:\/\/startercultures.eu\/de\/product\/fermentation-de\/essig\/biologische-und-geprufte-apfelessig-mutter\/#breadcrumb\",\"itemListElement\":[{\"@type\":\"ListItem\",\"position\":1,\"name\":\"Home\",\"item\":\"https:\/\/startercultures.eu\/de\/\"},{\"@type\":\"ListItem\",\"position\":2,\"name\":\"Shop\",\"item\":\"https:\/\/startercultures.eu\/shop\/\"},{\"@type\":\"ListItem\",\"position\":3,\"name\":\"Apfelessigmutter | getestet und sicher\"}]},{\"@type\":\"WebSite\",\"@id\":\"https:\/\/startercultures.eu\/de\/#website\",\"url\":\"https:\/\/startercultures.eu\/de\/\",\"name\":\"Startercultures.eu\",\"description\":\"Startercultures.eu\",\"publisher\":{\"@id\":\"https:\/\/startercultures.eu\/de\/#organization\"},\"potentialAction\":[{\"@type\":\"SearchAction\",\"target\":{\"@type\":\"EntryPoint\",\"urlTemplate\":\"https:\/\/startercultures.eu\/de\/?s={search_term_string}\"},\"query-input\":{\"@type\":\"PropertyValueSpecification\",\"valueRequired\":true,\"valueName\":\"search_term_string\"}}],\"inLanguage\":\"de-DE\"},{\"@type\":\"Organization\",\"@id\":\"https:\/\/startercultures.eu\/de\/#organization\",\"name\":\"Startercultures.eu\",\"url\":\"https:\/\/startercultures.eu\/de\/\",\"logo\":{\"@type\":\"ImageObject\",\"inLanguage\":\"de-DE\",\"@id\":\"https:\/\/startercultures.eu\/de\/#\/schema\/logo\/image\/\",\"url\":\"https:\/\/startercultures.eu\/wp-content\/uploads\/2020\/08\/startercultures-eu-nl-logo-rond-rgb.png\",\"contentUrl\":\"https:\/\/startercultures.eu\/wp-content\/uploads\/2020\/08\/startercultures-eu-nl-logo-rond-rgb.png\",\"width\":320,\"height\":320,\"caption\":\"Startercultures.eu\"},\"image\":{\"@id\":\"https:\/\/startercultures.eu\/de\/#\/schema\/logo\/image\/\"},\"sameAs\":[\"https:\/\/www.facebook.com\/startercultureseu\",\"https:\/\/www.instagram.com\/startercultures.eu\/\"]}]}<\/script>\n<meta property=\"product:price:amount\" content=\"19.99\" \/>\n<meta property=\"product:price:currency\" content=\"EUR\" \/>\n<meta property=\"og:availability\" content=\"instock\" \/>\n<meta property=\"product:availability\" content=\"instock\" \/>\n<meta property=\"product:retailer_item_id\" content=\"120\" \/>\n<meta property=\"product:condition\" content=\"new\" \/>\n<!-- \/ Yoast SEO plugin. -->","yoast_head_json":{"title":"Apfelessigmutter | getestet und sicher - Startercultures.eu","description":"Machen Sie Ihren eigenen reinen Apfelessig aus unserer Apfelessigmutter. Gepr\u00fcft, sicher und frei von Krankheitserregern.","robots":{"index":"index","follow":"follow","max-snippet":"max-snippet:-1","max-image-preview":"max-image-preview:large","max-video-preview":"max-video-preview:-1"},"canonical":"https:\/\/startercultures.eu\/de\/product\/fermentation-de\/essig\/biologische-und-geprufte-apfelessig-mutter\/","og_locale":"de_DE","og_type":"article","og_title":"Apfelessigmutter | getestet und sicher - Startercultures.eu","og_description":"Machen Sie Ihren eigenen reinen Apfelessig aus unserer Apfelessigmutter. Gepr\u00fcft, sicher und frei von Krankheitserregern.","og_url":"https:\/\/startercultures.eu\/de\/product\/fermentation-de\/essig\/biologische-und-geprufte-apfelessig-mutter\/","og_site_name":"Startercultures.eu","article_publisher":"https:\/\/www.facebook.com\/startercultureseu","article_modified_time":"2026-04-08T22:00:15+00:00","og_image":[{"width":754,"height":847,"url":"https:\/\/startercultures.eu\/wp-content\/uploads\/2020\/07\/Scony-1.png","type":"image\/png"}],"twitter_card":"summary_large_image","twitter_misc":{"Price":"19,99","Availability":"Vorr\u00e4tig"},"schema":{"@context":"https:\/\/schema.org","@graph":[{"@type":"WebPage","@id":"https:\/\/startercultures.eu\/de\/product\/fermentation-de\/essig\/biologische-und-geprufte-apfelessig-mutter\/","url":"https:\/\/startercultures.eu\/de\/product\/fermentation-de\/essig\/biologische-und-geprufte-apfelessig-mutter\/","name":"Apfelessigmutter | getestet und sicher - Startercultures.eu","isPartOf":{"@id":"https:\/\/startercultures.eu\/de\/#website"},"primaryImageOfPage":{"@id":"https:\/\/startercultures.eu\/de\/product\/fermentation-de\/essig\/biologische-und-geprufte-apfelessig-mutter\/#primaryimage"},"image":{"@id":"https:\/\/startercultures.eu\/de\/product\/fermentation-de\/essig\/biologische-und-geprufte-apfelessig-mutter\/#primaryimage"},"thumbnailUrl":"https:\/\/startercultures.eu\/wp-content\/uploads\/2020\/07\/Scony-1.png","datePublished":"2020-07-31T14:39:49+00:00","dateModified":"2026-04-08T22:00:15+00:00","description":"Machen Sie Ihren eigenen reinen Apfelessig aus unserer Apfelessigmutter. Gepr\u00fcft, sicher und frei von Krankheitserregern.","breadcrumb":{"@id":"https:\/\/startercultures.eu\/de\/product\/fermentation-de\/essig\/biologische-und-geprufte-apfelessig-mutter\/#breadcrumb"},"inLanguage":"de-DE","potentialAction":[{"@type":"ReadAction","target":["https:\/\/startercultures.eu\/de\/product\/fermentation-de\/essig\/biologische-und-geprufte-apfelessig-mutter\/"]}]},{"@type":"ImageObject","inLanguage":"de-DE","@id":"https:\/\/startercultures.eu\/de\/product\/fermentation-de\/essig\/biologische-und-geprufte-apfelessig-mutter\/#primaryimage","url":"https:\/\/startercultures.eu\/wp-content\/uploads\/2020\/07\/Scony-1.png","contentUrl":"https:\/\/startercultures.eu\/wp-content\/uploads\/2020\/07\/Scony-1.png","width":754,"height":847,"caption":"Kombucha-Scoby"},{"@type":"BreadcrumbList","@id":"https:\/\/startercultures.eu\/de\/product\/fermentation-de\/essig\/biologische-und-geprufte-apfelessig-mutter\/#breadcrumb","itemListElement":[{"@type":"ListItem","position":1,"name":"Home","item":"https:\/\/startercultures.eu\/de\/"},{"@type":"ListItem","position":2,"name":"Shop","item":"https:\/\/startercultures.eu\/shop\/"},{"@type":"ListItem","position":3,"name":"Apfelessigmutter | getestet und sicher"}]},{"@type":"WebSite","@id":"https:\/\/startercultures.eu\/de\/#website","url":"https:\/\/startercultures.eu\/de\/","name":"Startercultures.eu","description":"Startercultures.eu","publisher":{"@id":"https:\/\/startercultures.eu\/de\/#organization"},"potentialAction":[{"@type":"SearchAction","target":{"@type":"EntryPoint","urlTemplate":"https:\/\/startercultures.eu\/de\/?s={search_term_string}"},"query-input":{"@type":"PropertyValueSpecification","valueRequired":true,"valueName":"search_term_string"}}],"inLanguage":"de-DE"},{"@type":"Organization","@id":"https:\/\/startercultures.eu\/de\/#organization","name":"Startercultures.eu","url":"https:\/\/startercultures.eu\/de\/","logo":{"@type":"ImageObject","inLanguage":"de-DE","@id":"https:\/\/startercultures.eu\/de\/#\/schema\/logo\/image\/","url":"https:\/\/startercultures.eu\/wp-content\/uploads\/2020\/08\/startercultures-eu-nl-logo-rond-rgb.png","contentUrl":"https:\/\/startercultures.eu\/wp-content\/uploads\/2020\/08\/startercultures-eu-nl-logo-rond-rgb.png","width":320,"height":320,"caption":"Startercultures.eu"},"image":{"@id":"https:\/\/startercultures.eu\/de\/#\/schema\/logo\/image\/"},"sameAs":["https:\/\/www.facebook.com\/startercultureseu","https:\/\/www.instagram.com\/startercultures.eu\/"]}]},"product_price_amount":"19.99","product_price_currency":"EUR","og_availability":"instock","product_availability":"instock","product_retailer_item_id":"120","product_condition":"new"},"_links":{"self":[{"href":"https:\/\/startercultures.eu\/de\/wp-json\/wp\/v2\/product\/25067","targetHints":{"allow":["GET"]}}],"collection":[{"href":"https:\/\/startercultures.eu\/de\/wp-json\/wp\/v2\/product"}],"about":[{"href":"https:\/\/startercultures.eu\/de\/wp-json\/wp\/v2\/types\/product"}],"replies":[{"embeddable":true,"href":"https:\/\/startercultures.eu\/de\/wp-json\/wp\/v2\/comments?post=25067"}],"version-history":[{"count":1,"href":"https:\/\/startercultures.eu\/de\/wp-json\/wp\/v2\/product\/25067\/revisions"}],"predecessor-version":[{"id":82507,"href":"https:\/\/startercultures.eu\/de\/wp-json\/wp\/v2\/product\/25067\/revisions\/82507"}],"wp:featuredmedia":[{"embeddable":true,"href":"https:\/\/startercultures.eu\/de\/wp-json\/wp\/v2\/media\/24198"}],"wp:attachment":[{"href":"https:\/\/startercultures.eu\/de\/wp-json\/wp\/v2\/media?parent=25067"}],"wp:term":[{"taxonomy":"product_brand","embeddable":true,"href":"https:\/\/startercultures.eu\/de\/wp-json\/wp\/v2\/product_brand?post=25067"},{"taxonomy":"product_cat","embeddable":true,"href":"https:\/\/startercultures.eu\/de\/wp-json\/wp\/v2\/product_cat?post=25067"},{"taxonomy":"product_tag","embeddable":true,"href":"https:\/\/startercultures.eu\/de\/wp-json\/wp\/v2\/product_tag?post=25067"}],"curies":[{"name":"wp","href":"https:\/\/api.w.org\/{rel}","templated":true}]}}